{"id":10863,"date":"2021-06-09T16:14:24","date_gmt":"2021-06-09T14:14:24","guid":{"rendered":"https:\/\/socialpubli.com\/blog\/?page_id=10863"},"modified":"2022-09-14T11:14:23","modified_gmt":"2022-09-14T09:14:23","slug":"casi-di-studio","status":"publish","type":"page","link":"https:\/\/socialpubli.com\/blog\/it\/casi-di-studio\/","title":{"rendered":"Casi di studio"},"content":{"rendered":"<div class=\"wpb-content-wrapper\"><p>[vc_row el_class=&#8221;gradient-box&#8221; css=&#8221;.vc_custom_1619423476662{padding-top: 2% !important;padding-right: 12% !important;padding-bottom: 6% !important;padding-left: 12% !important;}&#8221;][vc_column][vc_column_text]<\/p>\n<h2 style=\"text-align: center;\"><span style=\"color: #ffffff;\"><b>La piattaforma che collega gli inserzionisti con gli influencer<\/b><\/span><\/h2>\n<p>[\/vc_column_text][vc_column_text]<\/p>\n<p style=\"text-align: center;\"><span style=\"color: #ffffff;\"><span style=\"font-weight: 400;\">Ecco alcuni dei marchi che abbiamo aiutato a <\/span><b>creare, gestire e misurare le loro campagne di influencer.<\/b><span style=\"font-weight: 400;\"> Scopri attraverso i nostri <\/span><b>casi di studio<\/b><span style=\"font-weight: 400;\">come l&#8217;influencer marketing pu\u00f2 potenziare il tuo messaggio e aiutarti a raggiungere il tuo pubblico di riferimento.<\/span> <\/span><\/p>\n<p>[\/vc_column_text][\/vc_column][\/vc_row][vc_row equal_height=&#8221;yes&#8221; content_placement=&#8221;middle&#8221; row_content_width=&#8221;grid&#8221; css=&#8221;.vc_custom_1621932809160{padding-top: 4% !important;padding-bottom: 4% !important;}&#8221;][vc_column width=&#8221;1\/3&#8243; el_class=&#8221;text-center&#8221;][vc_single_image image=&#8221;10304&#8243; img_size=&#8221;full&#8221; alignment=&#8221;center&#8221; css_animation=&#8221;fadeInUp&#8221; css=&#8221;.vc_custom_1619443342333{padding-top: 20px !important;padding-right: 20px !important;padding-bottom: 20px !important;padding-left: 20px !important;}&#8221;][\/vc_column][vc_column width=&#8221;2\/3&#8243;][vc_column_text]<\/p>\n<h3><b>SocialPubli guida l&#8217;azione di sensibilizzazione di BCP in collaborazione con Yape<\/b><\/h3>\n<ul>\n<li style=\"font-weight: 400;\" aria-level=\"1\"><span style=\"font-weight: 400;\"><b>BCP<\/b> (<span style=\"font-weight: 400;\">Banco de Cr\u00e9dito del Per\u00fa), leader nei servizi finanziari integrati in Per\u00f9, ha cercato di aumentare la consapevolezza dell&#8217;importanza di aiutare i pi\u00f9 bisognosi durante la crisi sanitaria nel mondo e, in particolare, in Per\u00f9.<\/span><\/span><\/li>\n<\/ul>\n<ul>\n<li style=\"font-weight: 400;\" aria-level=\"1\"><span style=\"font-weight: 400;\">BCP, in collaborazione con <\/span><b>Yape<\/b><span style=\"font-weight: 400;\">, un&#8217;applicazione mobile che permette trasferimenti da mobile a mobile, mirava a <\/span><b>promuovere azioni di responsabilit\u00e0 sociale attraverso donazioni volontarie<\/b><span style=\"font-weight: 400;\">.<\/span><\/li>\n<\/ul>\n<ul>\n<li style=\"font-weight: 400;\" aria-level=\"1\"><span style=\"font-weight: 400;\">La <\/span><b>sfida <\/b><span style=\"font-weight: 400;\">principale \u00e8 <\/span><b>stata quella di raggiungere il maggior numero di persone<\/b> <span style=\"font-weight: 400;\">possibile per ottenere il sostegno del pubblico, trasmettendo il messaggio che insieme possiamo fermare COVID.<\/span><\/li>\n<\/ul>\n<p>[\/vc_column_text][qodef_button size=&#8221;medium&#8221; text=&#8221;COSA ABBIAMO FATTO?&#8221; target=&#8221;_self&#8221; icon_pack=&#8221;&#8221; font_weight=&#8221;&#8221; text_transform=&#8221;&#8221; font_size=&#8221;18&#8243; padding=&#8221;0px 20px&#8221; custom_class=&#8221;text-center&#8221; margin=&#8221;30px auto 0px auto&#8221; link=&#8221;https:\/\/socialpubli.com\/blog\/it\/bcp-in-collaborazione-con-yape\/&#8221;][\/vc_column][\/vc_row][vc_row equal_height=&#8221;yes&#8221; content_placement=&#8221;middle&#8221; row_content_width=&#8221;grid&#8221; css=&#8221;.vc_custom_1621932796688{padding-top: 4% !important;padding-bottom: 4% !important;}&#8221;][vc_column width=&#8221;1\/3&#8243; el_class=&#8221;text-center&#8221;][vc_single_image image=&#8221;10473&#8243; img_size=&#8221;full&#8221; alignment=&#8221;center&#8221; css_animation=&#8221;fadeInUp&#8221; css=&#8221;.vc_custom_1621927260601{padding-top: 20px !important;padding-right: 20px !important;padding-bottom: 20px !important;padding-left: 20px !important;}&#8221;][\/vc_column][vc_column width=&#8221;2\/3&#8243;][vc_column_text]<\/p>\n<h3><b>Coca-Cola presenta il suo nuovo prodotto, Coca-Cola Con Caf\u00e9, nel mercato colombiano<\/b><\/h3>\n<ul>\n<li><b>Coca-Cola in Colombia<\/b><span style=\"font-weight: 400;\">, ha puntato a <\/span><b>pubblicizzare attraverso i social network il suo nuovo prodotto <\/b><span style=\"font-weight: 400;\">nel mercato colombiano,<\/span> <b>&#8220;Coca-Cola con caff\u00e8&#8221;<\/b><span style=\"font-weight: 400;\">, una <\/span><span style=\"font-weight: 400;\">bevanda rinfrescante con estratto di caff\u00e8, fatto da veri chicchi di caff\u00e8.<\/span><\/li>\n<li><b>La sfida<\/b> <span style=\"font-weight: 400;\">pi\u00f9 grande<\/span> <span style=\"font-weight: 400;\">\u00e8 stata quella di introdurre un prodotto molto nuovo e di trasmettere i suoi punti forti ai clienti, soprattutto il suo sapore di caff\u00e8.<\/span><\/li>\n<\/ul>\n<p>[\/vc_column_text][qodef_button size=&#8221;medium&#8221; text=&#8221;COSA ABBIAMO FATTO?&#8221; target=&#8221;_self&#8221; icon_pack=&#8221;&#8221; font_weight=&#8221;&#8221; text_transform=&#8221;&#8221; font_size=&#8221;18&#8243; padding=&#8221;0px 20px&#8221; custom_class=&#8221;text-center&#8221; margin=&#8221;30px auto 0px auto&#8221; link=&#8221;https:\/\/socialpubli.com\/blog\/it\/coca-cola-cafe-colombia\/&#8221;][\/vc_column][\/vc_row][vc_row equal_height=&#8221;yes&#8221; content_placement=&#8221;middle&#8221; row_content_width=&#8221;grid&#8221; css=&#8221;.vc_custom_1621932782592{padding-top: 4% !important;padding-bottom: 4% !important;}&#8221;][vc_column width=&#8221;1\/3&#8243; el_class=&#8221;text-center&#8221;][vc_single_image image=&#8221;10477&#8243; img_size=&#8221;full&#8221; alignment=&#8221;center&#8221; css_animation=&#8221;fadeInUp&#8221; css=&#8221;.vc_custom_1621927278455{padding-top: 20px !important;padding-right: 20px !important;padding-bottom: 20px !important;padding-left: 20px !important;}&#8221;][\/vc_column][vc_column width=&#8221;2\/3&#8243;][vc_column_text]<\/p>\n<h3><b>L&#8217;Or\u00e9al Mass Market si \u00e8 affidata a SocialPubli per lanciare la sua prima grande campagna sulla piattaforma di live streaming, Twitch, per il Portogallo.<\/b><\/h3>\n<ul>\n<li><b>L&#8217;Or\u00e9al<\/b> <span style=\"font-weight: 400;\">voleva<\/span> <b>aumentare la sua consapevolezza nel mercato portoghese e introdurre il marchio in nuovi canali<\/b><span style=\"font-weight: 400;\">. L&#8217;obiettivo era di promuovere due prodotti Garnier, Garnier Pure Active 3 in 1 e Garnier Pure Active Carv\u00e3o. <\/span><\/li>\n<li><span style=\"font-weight: 400;\">Cos\u00ec, L&#8217;Or\u00e9al Mass Market si \u00e8 affidata a SocialPubli per lanciare la sua<\/span> <b>prima grande campagna sulla piattaforma di live streaming, Twitch, per il Portogallo<\/b><span style=\"font-weight: 400;\">.<\/span><\/li>\n<\/ul>\n<p>[\/vc_column_text][qodef_button size=&#8221;medium&#8221; text=&#8221;COSA ABBIAMO FATTO?&#8221; target=&#8221;_self&#8221; icon_pack=&#8221;&#8221; font_weight=&#8221;&#8221; text_transform=&#8221;&#8221; font_size=&#8221;18&#8243; padding=&#8221;0px 20px&#8221; custom_class=&#8221;text-center&#8221; margin=&#8221;30px auto 0px auto&#8221; link=&#8221;https:\/\/socialpubli.com\/blog\/it\/loreal-mass-market-di-live-streaming-twitch\/&#8221;][\/vc_column][\/vc_row][vc_row css=&#8221;.vc_custom_1621932667682{padding-top: 4% !important;padding-bottom: 4% !important;}&#8221;][vc_column][vc_column_text css=&#8221;.vc_custom_1621933724004{padding-bottom: 30px !important;}&#8221;]<\/p>\n<h3 style=\"text-align: center; font-size: 40px; font-weight: 200; letter-spacing: 3px;\">LE MIGLIORI MARCHE DEL MONDO SI FIDANO DI NOI<\/h3>\n<p>[\/vc_column_text][vc_row_inner row_content_width=&#8221;grid&#8221; css=&#8221;.vc_custom_1621932506508{padding-top: 20px !important;padding-bottom: 20px !important;}&#8221;][vc_column_inner width=&#8221;1\/6&#8243;][vc_single_image image=&#8221;10562&#8243; img_size=&#8221;medium&#8221; alignment=&#8221;center&#8221;][\/vc_column_inner][vc_column_inner width=&#8221;1\/6&#8243;][vc_single_image image=&#8221;10522&#8243; img_size=&#8221;medium&#8221; alignment=&#8221;center&#8221;][\/vc_column_inner][vc_column_inner width=&#8221;1\/6&#8243;][vc_single_image image=&#8221;10554&#8243; img_size=&#8221;medium&#8221; alignment=&#8221;center&#8221;][\/vc_column_inner][vc_column_inner width=&#8221;1\/6&#8243;][vc_single_image image=&#8221;10486&#8243; img_size=&#8221;medium&#8221; alignment=&#8221;center&#8221;][\/vc_column_inner][vc_column_inner width=&#8221;1\/6&#8243;][vc_single_image image=&#8221;10546&#8243; img_size=&#8221;medium&#8221; alignment=&#8221;center&#8221;][\/vc_column_inner][vc_column_inner width=&#8221;1\/6&#8243;][vc_single_image image=&#8221;10572&#8243; img_size=&#8221;medium&#8221; alignment=&#8221;center&#8221;][\/vc_column_inner][\/vc_row_inner][vc_row_inner row_content_width=&#8221;grid&#8221; css=&#8221;.vc_custom_1621932677724{padding-top: 20px !important;padding-bottom: 20px !important;}&#8221;][vc_column_inner width=&#8221;1\/6&#8243;][vc_single_image image=&#8221;10498&#8243; img_size=&#8221;medium&#8221; alignment=&#8221;center&#8221;][\/vc_column_inner][vc_column_inner width=&#8221;1\/6&#8243;][vc_single_image image=&#8221;10526&#8243; img_size=&#8221;medium&#8221; alignment=&#8221;center&#8221;][\/vc_column_inner][vc_column_inner width=&#8221;1\/6&#8243;][vc_single_image image=&#8221;10538&#8243; img_size=&#8221;medium&#8221; alignment=&#8221;center&#8221;][\/vc_column_inner][vc_column_inner width=&#8221;1\/6&#8243;][vc_single_image image=&#8221;10534&#8243; img_size=&#8221;medium&#8221; alignment=&#8221;center&#8221;][\/vc_column_inner][vc_column_inner width=&#8221;1\/6&#8243;][vc_single_image image=&#8221;10482&#8243; img_size=&#8221;medium&#8221; alignment=&#8221;center&#8221;][\/vc_column_inner][vc_column_inner width=&#8221;1\/6&#8243;][vc_single_image image=&#8221;10542&#8243; img_size=&#8221;medium&#8221; alignment=&#8221;center&#8221;][\/vc_column_inner][\/vc_row_inner][vc_row_inner row_content_width=&#8221;grid&#8221; css=&#8221;.vc_custom_1621932685973{padding-top: 20px !important;padding-bottom: 20px !important;}&#8221;][vc_column_inner width=&#8221;1\/6&#8243;][vc_single_image image=&#8221;10530&#8243; img_size=&#8221;medium&#8221; alignment=&#8221;center&#8221;][\/vc_column_inner][vc_column_inner width=&#8221;1\/6&#8243;][vc_single_image image=&#8221;10506&#8243; img_size=&#8221;medium&#8221; alignment=&#8221;center&#8221;][\/vc_column_inner][vc_column_inner width=&#8221;1\/6&#8243;][vc_single_image image=&#8221;10550&#8243; img_size=&#8221;medium&#8221; alignment=&#8221;center&#8221;][\/vc_column_inner][vc_column_inner width=&#8221;1\/6&#8243;][vc_single_image image=&#8221;10494&#8243; img_size=&#8221;medium&#8221; alignment=&#8221;center&#8221;][\/vc_column_inner][vc_column_inner width=&#8221;1\/6&#8243;][vc_single_image image=&#8221;10579&#8243; img_size=&#8221;medium&#8221; alignment=&#8221;center&#8221;][\/vc_column_inner][vc_column_inner width=&#8221;1\/6&#8243;][vc_single_image image=&#8221;10502&#8243; img_size=&#8221;medium&#8221; alignment=&#8221;center&#8221;][\/vc_column_inner][\/vc_row_inner][vc_row_inner row_content_width=&#8221;grid&#8221; css=&#8221;.vc_custom_1621932695549{padding-top: 20px !important;padding-bottom: 20px !important;}&#8221;][vc_column_inner width=&#8221;1\/6&#8243;][vc_single_image image=&#8221;10514&#8243; img_size=&#8221;medium&#8221; alignment=&#8221;center&#8221;][\/vc_column_inner][vc_column_inner width=&#8221;1\/6&#8243;][vc_single_image image=&#8221;10490&#8243; img_size=&#8221;medium&#8221; alignment=&#8221;center&#8221;][\/vc_column_inner][vc_column_inner width=&#8221;1\/6&#8243;][vc_single_image image=&#8221;10518&#8243; img_size=&#8221;medium&#8221; alignment=&#8221;center&#8221;][\/vc_column_inner][vc_column_inner width=&#8221;1\/6&#8243;][vc_single_image image=&#8221;10566&#8243; img_size=&#8221;medium&#8221; alignment=&#8221;center&#8221;][\/vc_column_inner][vc_column_inner width=&#8221;1\/6&#8243;][vc_single_image image=&#8221;10558&#8243; img_size=&#8221;medium&#8221; alignment=&#8221;center&#8221;][\/vc_column_inner][vc_column_inner width=&#8221;1\/6&#8243;][vc_single_image image=&#8221;10510&#8243; img_size=&#8221;medium&#8221; alignment=&#8221;center&#8221;][\/vc_column_inner][\/vc_row_inner][\/vc_column][\/vc_row]<\/p>\n<\/div>","protected":false},"excerpt":{"rendered":"<p>[vc_row el_class=&#8221;gradient-box&#8221; css=&#8221;.vc_custom_1619423476662{padding-top: 2% !important;padding-right: 12% !important;padding-bottom: 6% !important;padding-left: 12% !important;}&#8221;][vc_column][vc_column_text] La piattaforma che collega gli inserzionisti con gli influencer [\/vc_column_text][vc_column_text] Ecco alcuni dei marchi che abbiamo aiutato a creare, gestire e misurare le loro campagne di influencer. Scopri attraverso i nostri casi di studiocome l&#8217;influencer marketing pu\u00f2 potenziare il tuo messaggio e aiutarti a [&hellip;]<\/p>\n","protected":false},"author":2,"featured_media":0,"parent":0,"menu_order":0,"comment_status":"closed","ping_status":"closed","template":"full-width.php","meta":{"footnotes":""},"class_list":["post-10863","page","type-page","status-publish","hentry"],"yoast_head":"<!-- This site is optimized with the Yoast SEO plugin v27.0 - https:\/\/yoast.com\/product\/yoast-seo-wordpress\/ -->\n<title>Casi di studio | Social Publi Blog<\/title>\n<meta name=\"description\" content=\"La piattaforma che collega gli inserzionisti con gli influencer Ecco alcuni dei marchi che abbiamo aiutato a creare, gestire e misurare le loro campagne\" \/>\n<meta name=\"robots\" content=\"index, follow, max-snippet:-1, max-image-preview:large, max-video-preview:-1\" \/>\n<link rel=\"canonical\" href=\"https:\/\/socialpubli.com\/blog\/it\/casi-di-studio\/\" \/>\n<meta property=\"og:locale\" content=\"it_IT\" \/>\n<meta property=\"og:type\" content=\"article\" \/>\n<meta property=\"og:title\" content=\"Casi di studio | Social Publi Blog\" \/>\n<meta property=\"og:description\" content=\"La piattaforma che collega gli inserzionisti con gli influencer Ecco alcuni dei marchi che abbiamo aiutato a creare, gestire e misurare le loro campagne\" \/>\n<meta property=\"og:url\" content=\"https:\/\/socialpubli.com\/blog\/it\/casi-di-studio\/\" \/>\n<meta property=\"og:site_name\" content=\"Social Publi Blog\" \/>\n<meta property=\"article:modified_time\" content=\"2022-09-14T09:14:23+00:00\" \/>\n<meta name=\"twitter:card\" content=\"summary_large_image\" \/>\n<meta name=\"twitter:label1\" content=\"Tempo di lettura stimato\" \/>\n\t<meta name=\"twitter:data1\" content=\"4 minuti\" \/>\n<script type=\"application\/ld+json\" class=\"yoast-schema-graph\">{\"@context\":\"https:\/\/schema.org\",\"@graph\":[{\"@type\":\"WebPage\",\"@id\":\"https:\/\/socialpubli.com\/blog\/it\/casi-di-studio\/\",\"url\":\"https:\/\/socialpubli.com\/blog\/it\/casi-di-studio\/\",\"name\":\"Casi di studio | Social Publi Blog\",\"isPartOf\":{\"@id\":\"https:\/\/socialpubli.com\/blog\/#website\"},\"datePublished\":\"2021-06-09T14:14:24+00:00\",\"dateModified\":\"2022-09-14T09:14:23+00:00\",\"description\":\"La piattaforma che collega gli inserzionisti con gli influencer Ecco alcuni dei marchi che abbiamo aiutato a creare, gestire e misurare le loro campagne\",\"breadcrumb\":{\"@id\":\"https:\/\/socialpubli.com\/blog\/it\/casi-di-studio\/#breadcrumb\"},\"inLanguage\":\"it-IT\",\"potentialAction\":[{\"@type\":\"ReadAction\",\"target\":[\"https:\/\/socialpubli.com\/blog\/it\/casi-di-studio\/\"]}]},{\"@type\":\"BreadcrumbList\",\"@id\":\"https:\/\/socialpubli.com\/blog\/it\/casi-di-studio\/#breadcrumb\",\"itemListElement\":[{\"@type\":\"ListItem\",\"position\":1,\"name\":\"Portada\",\"item\":\"https:\/\/socialpubli.com\/blog\/\"},{\"@type\":\"ListItem\",\"position\":2,\"name\":\"Casi di studio\"}]},{\"@type\":\"WebSite\",\"@id\":\"https:\/\/socialpubli.com\/blog\/#website\",\"url\":\"https:\/\/socialpubli.com\/blog\/\",\"name\":\"Social Publi Blog\",\"description\":\"Tendencias en marketing de influencers, branded content y estrategia en redes sociales.\",\"publisher\":{\"@id\":\"https:\/\/socialpubli.com\/blog\/#organization\"},\"potentialAction\":[{\"@type\":\"SearchAction\",\"target\":{\"@type\":\"EntryPoint\",\"urlTemplate\":\"https:\/\/socialpubli.com\/blog\/?s={search_term_string}\"},\"query-input\":{\"@type\":\"PropertyValueSpecification\",\"valueRequired\":true,\"valueName\":\"search_term_string\"}}],\"inLanguage\":\"it-IT\"},{\"@type\":\"Organization\",\"@id\":\"https:\/\/socialpubli.com\/blog\/#organization\",\"name\":\"SocialPubli\",\"url\":\"https:\/\/socialpubli.com\/blog\/\",\"logo\":{\"@type\":\"ImageObject\",\"inLanguage\":\"it-IT\",\"@id\":\"https:\/\/socialpubli.com\/blog\/#\/schema\/logo\/image\/\",\"url\":\"https:\/\/socialpubli.com\/blog\/wp-content\/uploads\/2017\/01\/logo-blog.png\",\"contentUrl\":\"https:\/\/socialpubli.com\/blog\/wp-content\/uploads\/2017\/01\/logo-blog.png\",\"width\":284,\"height\":53,\"caption\":\"SocialPubli\"},\"image\":{\"@id\":\"https:\/\/socialpubli.com\/blog\/#\/schema\/logo\/image\/\"}}]}<\/script>\n<!-- \/ Yoast SEO plugin. -->","yoast_head_json":{"title":"Casi di studio | Social Publi Blog","description":"La piattaforma che collega gli inserzionisti con gli influencer Ecco alcuni dei marchi che abbiamo aiutato a creare, gestire e misurare le loro campagne","robots":{"index":"index","follow":"follow","max-snippet":"max-snippet:-1","max-image-preview":"max-image-preview:large","max-video-preview":"max-video-preview:-1"},"canonical":"https:\/\/socialpubli.com\/blog\/it\/casi-di-studio\/","og_locale":"it_IT","og_type":"article","og_title":"Casi di studio | Social Publi Blog","og_description":"La piattaforma che collega gli inserzionisti con gli influencer Ecco alcuni dei marchi che abbiamo aiutato a creare, gestire e misurare le loro campagne","og_url":"https:\/\/socialpubli.com\/blog\/it\/casi-di-studio\/","og_site_name":"Social Publi Blog","article_modified_time":"2022-09-14T09:14:23+00:00","twitter_card":"summary_large_image","twitter_misc":{"Tempo di lettura stimato":"4 minuti"},"schema":{"@context":"https:\/\/schema.org","@graph":[{"@type":"WebPage","@id":"https:\/\/socialpubli.com\/blog\/it\/casi-di-studio\/","url":"https:\/\/socialpubli.com\/blog\/it\/casi-di-studio\/","name":"Casi di studio | Social Publi Blog","isPartOf":{"@id":"https:\/\/socialpubli.com\/blog\/#website"},"datePublished":"2021-06-09T14:14:24+00:00","dateModified":"2022-09-14T09:14:23+00:00","description":"La piattaforma che collega gli inserzionisti con gli influencer Ecco alcuni dei marchi che abbiamo aiutato a creare, gestire e misurare le loro campagne","breadcrumb":{"@id":"https:\/\/socialpubli.com\/blog\/it\/casi-di-studio\/#breadcrumb"},"inLanguage":"it-IT","potentialAction":[{"@type":"ReadAction","target":["https:\/\/socialpubli.com\/blog\/it\/casi-di-studio\/"]}]},{"@type":"BreadcrumbList","@id":"https:\/\/socialpubli.com\/blog\/it\/casi-di-studio\/#breadcrumb","itemListElement":[{"@type":"ListItem","position":1,"name":"Portada","item":"https:\/\/socialpubli.com\/blog\/"},{"@type":"ListItem","position":2,"name":"Casi di studio"}]},{"@type":"WebSite","@id":"https:\/\/socialpubli.com\/blog\/#website","url":"https:\/\/socialpubli.com\/blog\/","name":"Social Publi Blog","description":"Tendencias en marketing de influencers, branded content y estrategia en redes sociales.","publisher":{"@id":"https:\/\/socialpubli.com\/blog\/#organization"},"potentialAction":[{"@type":"SearchAction","target":{"@type":"EntryPoint","urlTemplate":"https:\/\/socialpubli.com\/blog\/?s={search_term_string}"},"query-input":{"@type":"PropertyValueSpecification","valueRequired":true,"valueName":"search_term_string"}}],"inLanguage":"it-IT"},{"@type":"Organization","@id":"https:\/\/socialpubli.com\/blog\/#organization","name":"SocialPubli","url":"https:\/\/socialpubli.com\/blog\/","logo":{"@type":"ImageObject","inLanguage":"it-IT","@id":"https:\/\/socialpubli.com\/blog\/#\/schema\/logo\/image\/","url":"https:\/\/socialpubli.com\/blog\/wp-content\/uploads\/2017\/01\/logo-blog.png","contentUrl":"https:\/\/socialpubli.com\/blog\/wp-content\/uploads\/2017\/01\/logo-blog.png","width":284,"height":53,"caption":"SocialPubli"},"image":{"@id":"https:\/\/socialpubli.com\/blog\/#\/schema\/logo\/image\/"}}]}},"_links":{"self":[{"href":"https:\/\/socialpubli.com\/blog\/it\/wp-json\/wp\/v2\/pages\/10863","targetHints":{"allow":["GET"]}}],"collection":[{"href":"https:\/\/socialpubli.com\/blog\/it\/wp-json\/wp\/v2\/pages"}],"about":[{"href":"https:\/\/socialpubli.com\/blog\/it\/wp-json\/wp\/v2\/types\/page"}],"author":[{"embeddable":true,"href":"https:\/\/socialpubli.com\/blog\/it\/wp-json\/wp\/v2\/users\/2"}],"replies":[{"embeddable":true,"href":"https:\/\/socialpubli.com\/blog\/it\/wp-json\/wp\/v2\/comments?post=10863"}],"version-history":[{"count":9,"href":"https:\/\/socialpubli.com\/blog\/it\/wp-json\/wp\/v2\/pages\/10863\/revisions"}],"predecessor-version":[{"id":12881,"href":"https:\/\/socialpubli.com\/blog\/it\/wp-json\/wp\/v2\/pages\/10863\/revisions\/12881"}],"wp:attachment":[{"href":"https:\/\/socialpubli.com\/blog\/it\/wp-json\/wp\/v2\/media?parent=10863"}],"curies":[{"name":"wp","href":"https:\/\/api.w.org\/{rel}","templated":true}]}}