{"id":12048,"date":"2022-06-06T12:50:23","date_gmt":"2022-06-06T10:50:23","guid":{"rendered":"https:\/\/socialpubli.com\/blog\/iii-studio-di-influencers\/"},"modified":"2025-06-11T11:01:53","modified_gmt":"2025-06-11T09:01:53","slug":"iii-studio-di-influencers","status":"publish","type":"page","link":"https:\/\/socialpubli.com\/blog\/it\/iii-studio-di-influencers\/","title":{"rendered":"III Studio di Influencers"},"content":{"rendered":"\t\t<div data-elementor-type=\"wp-page\" data-elementor-id=\"12048\" class=\"elementor elementor-12048 elementor-11655\" data-elementor-post-type=\"page\">\n\t\t\t\t<div class=\"elementor-element elementor-element-4239b7e e-flex e-con-boxed e-con e-parent\" data-id=\"4239b7e\" data-element_type=\"container\" data-e-type=\"container\" data-settings=\"{&quot;background_background&quot;:&quot;classic&quot;}\">\n\t\t\t\t\t<div class=\"e-con-inner\">\n\t\t<div class=\"elementor-element elementor-element-a416d32 e-con-full e-flex e-con e-child\" data-id=\"a416d32\" data-element_type=\"container\" data-e-type=\"container\">\n\t\t\t\t<div class=\"elementor-element elementor-element-ba33832 elementor-widget elementor-widget-heading\" data-id=\"ba33832\" data-element_type=\"widget\" data-e-type=\"widget\" data-widget_type=\"heading.default\">\n\t\t\t\t<div class=\"elementor-widget-container\">\n\t\t\t\t\t<h1 class=\"elementor-heading-title elementor-size-default\">III Studio di Influencers<\/h1>\t\t\t\t<\/div>\n\t\t\t\t<\/div>\n\t\t\t\t<\/div>\n\t\t\t\t\t<\/div>\n\t\t\t\t<\/div>\n\t\t<div class=\"elementor-element elementor-element-4d9fef7 e-flex e-con-boxed e-con e-parent\" data-id=\"4d9fef7\" data-element_type=\"container\" data-e-type=\"container\">\n\t\t\t\t\t<div class=\"e-con-inner\">\n\t\t\t\t<div class=\"elementor-element elementor-element-92f35e4 elementor-widget elementor-widget-text-editor\" data-id=\"92f35e4\" data-element_type=\"widget\" data-e-type=\"widget\" data-widget_type=\"text-editor.default\">\n\t\t\t\t<div class=\"elementor-widget-container\">\n\t\t\t\t\t\t\t\t\t<h2 style=\"text-align: center;\"><span style=\"font-weight: 400; color: #E02482;\">Di cosa tengono conto gli influencer quando collaborano con un marchio?<\/span><\/h2>\t\t\t\t\t\t\t\t<\/div>\n\t\t\t\t<\/div>\n\t\t\t\t\t<\/div>\n\t\t\t\t<\/div>\n\t\t<div class=\"elementor-element elementor-element-2d94129 e-flex e-con-boxed e-con e-parent\" data-id=\"2d94129\" data-element_type=\"container\" data-e-type=\"container\">\n\t\t\t\t\t<div class=\"e-con-inner\">\n\t\t<div class=\"elementor-element elementor-element-7d57274 e-con-full e-flex e-con e-child\" data-id=\"7d57274\" data-element_type=\"container\" data-e-type=\"container\">\n\t\t\t\t<div class=\"elementor-element elementor-element-bd941d4 elementor-widget elementor-widget-text-editor\" data-id=\"bd941d4\" data-element_type=\"widget\" data-e-type=\"widget\" data-widget_type=\"text-editor.default\">\n\t\t\t\t<div class=\"elementor-widget-container\">\n\t\t\t\t\t\t\t\t\t<h2>Punti salienti dello studio<\/h2><ul class=\"list-style\"><li style=\"font-weight: 400;\" aria-level=\"1\"><b>Instagram continua ad essere il social network preferito dagli influencer<\/b> <span style=\"font-weight: 400;\">per il terzo anno consecutivo.<\/span><b>TikTok si posiziona al terzo posto<\/b><span style=\"font-weight: 400;\">e<\/span><b>Facebook rimane una delle piattaforme pi\u00f9 utilizzate.<\/b> <\/li><li style=\"font-weight: 400;\" aria-level=\"1\"><b>Il pay-per-post \u00e8 la forma di compensazione pi\u00f9 popolare<\/b><span style=\"font-weight: 400;\">tra gli intervistati e la maggior parte preferisce<\/span><b>che il successo delle campagne o delle collaborazioni<\/b><span style=\"font-weight: 400;\">con i marchi<\/span><b>sia misurato in base alle visualizzazioni e alla copertura<\/b><span style=\"font-weight: 400;\">.<\/span><\/li><li style=\"font-weight: 400;\" aria-level=\"1\">Un&#8217;altra informazione emersa in questo studio sugli influencer \u00e8 <b style=\"font-weight: 400;\">che il riconoscimento del lavoro degli influencer<\/b> <span style=\"font-weight: 400;\">\u00e8 aumentato rispetto allo scorso anno: quasi la met\u00e0 degli intervistati, <\/span><b style=\"font-weight: 400;\">il 44,5%,<\/b> <span style=\"font-weight: 400;\">afferma che il proprio lavoro viene riconosciuto in modo positivo.<\/span><\/li><li style=\"font-weight: 400;\" aria-level=\"1\"><span style=\"font-weight: 400;\">Per quanto<\/span><b>riguarda l&#8217;etichettatura delle pubblicazioni pubblicitarie<\/b><span style=\"font-weight: 400;\">con l&#8217;hashtag<\/span><b>#Ad,<\/b><span style=\"font-weight: 400;\">l<\/span><b>&#8216;82,4% degli intervistati la considera importante.<\/b><span style=\"font-weight: 400;\">. Tuttavia, va notato che <\/span><b>il 77,2% dichiara che il fatto di utilizzare questa etichetta pu\u00f2 influenzare i risultati delle campagne<\/b><span style=\"font-weight: 400;\">.<\/span><\/li><\/ul><p>Per uno sguardo pi\u00f9 completo su come \u00e8 progredito questo mondo in continua evoluzione, puoi anche dare un&#8217;occhiata al <a href=\"https:\/\/socialpubli.com\/es\/blog\/estudio-influencers-2019\/\">nostro precedente studio sugli influencer.<\/a><\/p>\t\t\t\t\t\t\t\t<\/div>\n\t\t\t\t<\/div>\n\t\t\t\t<div class=\"elementor-element elementor-element-ba859bf elementor-widget elementor-widget-image\" data-id=\"ba859bf\" data-element_type=\"widget\" data-e-type=\"widget\" data-widget_type=\"image.default\">\n\t\t\t\t<div class=\"elementor-widget-container\">\n\t\t\t\t\t\t\t\t\t\t\t\t\t\t\t<img fetchpriority=\"high\" decoding=\"async\" width=\"800\" height=\"611\" src=\"https:\/\/socialpubli.com\/blog\/wp-content\/uploads\/2022\/06\/mock-estudio-influ-IT.png\" class=\"attachment-large size-large wp-image-12052\" alt=\"\" srcset=\"https:\/\/socialpubli.com\/blog\/wp-content\/uploads\/2022\/06\/mock-estudio-influ-IT.png 913w, https:\/\/socialpubli.com\/blog\/wp-content\/uploads\/2022\/06\/mock-estudio-influ-IT-300x229.png 300w, https:\/\/socialpubli.com\/blog\/wp-content\/uploads\/2022\/06\/mock-estudio-influ-IT-768x586.png 768w\" sizes=\"(max-width: 800px) 100vw, 800px\" \/>\t\t\t\t\t\t\t\t\t\t\t\t\t\t\t<\/div>\n\t\t\t\t<\/div>\n\t\t\t\t<\/div>\n\t\t<div class=\"elementor-element elementor-element-811a37a e-con-full e-flex e-con e-child\" data-id=\"811a37a\" data-element_type=\"container\" data-e-type=\"container\">\n\t\t\t\t<div class=\"elementor-element elementor-element-9a0d735 elementor-widget elementor-widget-text-editor\" data-id=\"9a0d735\" data-element_type=\"widget\" data-e-type=\"widget\" data-widget_type=\"text-editor.default\">\n\t\t\t\t<div class=\"elementor-widget-container\">\n\t\t\t\t\t\t\t\t\t<p><span style=\"font-weight: 400;\">Per preparare questo studio sugli influencer, abbiamo intervistato quasi<\/span> <b>3.000 influencer<\/b> <b>di 20 diversi paesi<\/b><span style=\"font-weight: 400;\"> registrati sulla piattaforma SocialPubli. Grazie a questo, abbiamo raggiunto una visione globale del lavoro degli influencer. <\/span><\/p>\t\t\t\t\t\t\t\t<\/div>\n\t\t\t\t<\/div>\n\t\t\t\t<div class=\"elementor-element elementor-element-50e44ca elementor-widget elementor-widget-text-editor\" data-id=\"50e44ca\" data-element_type=\"widget\" data-e-type=\"widget\" data-widget_type=\"text-editor.default\">\n\t\t\t\t<div class=\"elementor-widget-container\">\n\t\t\t\t\t\t\t\t\t<h3 style=\"margin-top: 0; margin-bottom: 30px;\"><span style=\"font-weight: 400;\">Scarica il III studio di influencers in PDF<\/span><\/h3>\t\t\t\t\t\t\t\t<\/div>\n\t\t\t\t<\/div>\n\t\t\t\t<div class=\"elementor-element elementor-element-ff19770 elementor-button-align-stretch elementor-widget elementor-widget-form\" data-id=\"ff19770\" data-element_type=\"widget\" data-e-type=\"widget\" data-settings=\"{&quot;step_next_label&quot;:&quot;Avanti&quot;,&quot;step_previous_label&quot;:&quot;Previous&quot;,&quot;button_width&quot;:&quot;100&quot;,&quot;step_type&quot;:&quot;number_text&quot;,&quot;step_icon_shape&quot;:&quot;circle&quot;}\" data-widget_type=\"form.default\">\n\t\t\t\t<div class=\"elementor-widget-container\">\n\t\t\t\t\t\t\t<form class=\"elementor-form\" method=\"post\" name=\"Form III Studio di Influencers IT\" aria-label=\"Form III Studio di Influencers IT\">\n\t\t\t<input type=\"hidden\" name=\"post_id\" value=\"12048\"\/>\n\t\t\t<input type=\"hidden\" name=\"form_id\" value=\"ff19770\"\/>\n\t\t\t<input type=\"hidden\" name=\"referer_title\" value=\"III Studio di Influencers | Social Publi Blog\" \/>\n\n\t\t\t\t\t\t\t<input type=\"hidden\" name=\"queried_id\" value=\"12048\"\/>\n\t\t\t\n\t\t\t<div class=\"elementor-form-fields-wrapper elementor-labels-above\">\n\t\t\t\t\t\t\t\t<div class=\"elementor-field-type-text elementor-field-group elementor-column elementor-field-group-name elementor-col-100 elementor-field-required elementor-mark-required\">\n\t\t\t\t\t\t\t\t\t\t\t\t<label for=\"form-field-name\" class=\"elementor-field-label\">\n\t\t\t\t\t\t\t\tIl tuo nome\t\t\t\t\t\t\t<\/label>\n\t\t\t\t\t\t\t\t\t\t\t\t\t\t<input size=\"1\" type=\"text\" name=\"form_fields[name]\" id=\"form-field-name\" class=\"elementor-field elementor-size-sm  elementor-field-textual\" placeholder=\"Il tuo nome\" required=\"required\">\n\t\t\t\t\t\t\t\t\t\t\t<\/div>\n\t\t\t\t\t\t\t\t<div class=\"elementor-field-type-email elementor-field-group elementor-column elementor-field-group-email elementor-col-100 elementor-field-required elementor-mark-required\">\n\t\t\t\t\t\t\t\t\t\t\t\t<label for=\"form-field-email\" class=\"elementor-field-label\">\n\t\t\t\t\t\t\t\tLa tua e-mail\t\t\t\t\t\t\t<\/label>\n\t\t\t\t\t\t\t\t\t\t\t\t\t\t<input size=\"1\" type=\"email\" name=\"form_fields[email]\" id=\"form-field-email\" class=\"elementor-field elementor-size-sm  elementor-field-textual\" placeholder=\"La tua e-mail\" required=\"required\">\n\t\t\t\t\t\t\t\t\t\t\t<\/div>\n\t\t\t\t\t\t\t\t<div class=\"elementor-field-type-tel elementor-field-group elementor-column elementor-field-group-field_cfbe18c elementor-col-100\">\n\t\t\t\t\t\t\t\t\t\t\t\t<label for=\"form-field-field_cfbe18c\" class=\"elementor-field-label\">\n\t\t\t\t\t\t\t\tIl tuo telefono\t\t\t\t\t\t\t<\/label>\n\t\t\t\t\t\t\t\t<input size=\"1\" type=\"tel\" name=\"form_fields[field_cfbe18c]\" id=\"form-field-field_cfbe18c\" class=\"elementor-field elementor-size-sm  elementor-field-textual\" placeholder=\"Il tuo telefono\" pattern=\"[0-9()#&amp;+*-=.]+\" title=\"Sono accettati solo numeri e caratteri telefonici (#, -, *, ecc.).\">\n\n\t\t\t\t\t\t<\/div>\n\t\t\t\t\t\t\t\t<div class=\"elementor-field-type-text elementor-field-group elementor-column elementor-field-group-field_4aad245 elementor-col-100 elementor-field-required elementor-mark-required\">\n\t\t\t\t\t\t\t\t\t\t\t\t<label for=\"form-field-field_4aad245\" class=\"elementor-field-label\">\n\t\t\t\t\t\t\t\tLa tua azienda\t\t\t\t\t\t\t<\/label>\n\t\t\t\t\t\t\t\t\t\t\t\t\t\t<input size=\"1\" type=\"text\" name=\"form_fields[field_4aad245]\" id=\"form-field-field_4aad245\" class=\"elementor-field elementor-size-sm  elementor-field-textual\" placeholder=\"Azienda\" required=\"required\">\n\t\t\t\t\t\t\t\t\t\t\t<\/div>\n\t\t\t\t\t\t\t\t<div class=\"elementor-field-type-acceptance elementor-field-group elementor-column elementor-field-group-field_66e4abc elementor-col-100 elementor-field-required elementor-mark-required\">\n\t\t\t\t\t\t\t<div class=\"elementor-field-subgroup\">\n\t\t\t<span class=\"elementor-field-option\">\n\t\t\t\t<input type=\"checkbox\" name=\"form_fields[field_66e4abc]\" id=\"form-field-field_66e4abc\" class=\"elementor-field elementor-size-sm  elementor-acceptance-field\" required=\"required\">\n\t\t\t\t<label for=\"form-field-field_66e4abc\">Accetto la <a href=\"https:\/\/socialpubli.com\/corp\/advertisers\/politica_de_privacidad\" target=\"blank\" rel=\"nofollow\">Politica sulla privacy<\/a><\/label>\t\t\t<\/span>\n\t\t<\/div>\n\t\t\t\t\t\t<\/div>\n\t\t\t\t\t\t\t\t<div class=\"elementor-field-type-acceptance elementor-field-group elementor-column elementor-field-group-field_f93247a elementor-col-100 elementor-field-required elementor-mark-required\">\n\t\t\t\t\t\t\t<div class=\"elementor-field-subgroup\">\n\t\t\t<span class=\"elementor-field-option\">\n\t\t\t\t<input type=\"checkbox\" name=\"form_fields[field_f93247a]\" id=\"form-field-field_f93247a\" class=\"elementor-field elementor-size-sm  elementor-acceptance-field\" required=\"required\">\n\t\t\t\t<label for=\"form-field-field_f93247a\"> Accetto di ricevere comunicazioni di natura commerciale da SocialPubli<\/label>\t\t\t<\/span>\n\t\t<\/div>\n\t\t\t\t\t\t<\/div>\n\t\t\t\t\t\t\t\t<div class=\"elementor-field-group elementor-column elementor-field-type-submit elementor-col-100 e-form__buttons\">\n\t\t\t\t\t<button class=\"elementor-button elementor-size-sm\" type=\"submit\">\n\t\t\t\t\t\t<span class=\"elementor-button-content-wrapper\">\n\t\t\t\t\t\t\t\t\t\t\t\t\t\t\t\t\t\t\t\t\t\t<span class=\"elementor-button-text\">SCARICARE<\/span>\n\t\t\t\t\t\t\t\t\t\t\t\t\t<\/span>\n\t\t\t\t\t<\/button>\n\t\t\t\t<\/div>\n\t\t\t<\/div>\n\t\t<\/form>\n\t\t\t\t\t\t<\/div>\n\t\t\t\t<\/div>\n\t\t\t\t<\/div>\n\t\t\t\t\t<\/div>\n\t\t\t\t<\/div>\n\t\t\t\t<\/div>\n\t\t","protected":false},"excerpt":{"rendered":"<p>III Studio di Influencers Di cosa tengono conto gli influencer quando collaborano con un marchio? Punti salienti dello studio Instagram continua ad essere il social network preferito dagli influencer per il terzo anno consecutivo.TikTok si posiziona al terzo postoeFacebook rimane una delle piattaforme pi\u00f9 utilizzate. Il pay-per-post \u00e8 la forma di compensazione pi\u00f9 popolaretra gli [&hellip;]<\/p>\n","protected":false},"author":2,"featured_media":12057,"parent":0,"menu_order":0,"comment_status":"closed","ping_status":"closed","template":"elementor_header_footer","meta":{"footnotes":""},"class_list":["post-12048","page","type-page","status-publish","has-post-thumbnail","hentry"],"yoast_head":"<!-- This site is optimized with the Yoast SEO plugin v27.0 - https:\/\/yoast.com\/product\/yoast-seo-wordpress\/ -->\n<title>III Studio di Influencers | Social Publi Blog<\/title>\n<meta name=\"description\" content=\"Scoprite con il nostro influencer studio le notizie pi\u00f9 fresche dal mondo degli influencer di tutto il mondo.\" \/>\n<meta name=\"robots\" content=\"index, follow, max-snippet:-1, max-image-preview:large, max-video-preview:-1\" \/>\n<link rel=\"canonical\" href=\"https:\/\/socialpubli.com\/blog\/it\/iii-studio-di-influencers\/\" \/>\n<meta property=\"og:locale\" content=\"it_IT\" \/>\n<meta property=\"og:type\" content=\"article\" \/>\n<meta property=\"og:title\" content=\"Scarica il III studio di influencers 2021 di SocialPubli\" \/>\n<meta property=\"og:description\" content=\"Scoprite con il nostro influencer studio le notizie pi\u00f9 fresche dal mondo degli influencer di tutto il mondo.\" \/>\n<meta property=\"og:url\" content=\"https:\/\/socialpubli.com\/blog\/it\/iii-studio-di-influencers\/\" \/>\n<meta property=\"og:site_name\" content=\"Social Publi Blog\" \/>\n<meta property=\"article:modified_time\" content=\"2025-06-11T09:01:53+00:00\" \/>\n<meta property=\"og:image\" content=\"https:\/\/socialpubli.com\/blog\/wp-content\/uploads\/2022\/04\/tweet-card-estudio-influencers-2021-scaled.jpg\" \/>\n\t<meta property=\"og:image:width\" content=\"2560\" \/>\n\t<meta property=\"og:image:height\" content=\"1443\" \/>\n\t<meta property=\"og:image:type\" content=\"image\/jpeg\" \/>\n<meta name=\"twitter:card\" content=\"summary_large_image\" \/>\n<meta name=\"twitter:title\" content=\"Scarica il III studio di influencers 2021 di SocialPubli\" \/>\n<meta name=\"twitter:image\" content=\"https:\/\/socialpubli.com\/blog\/wp-content\/uploads\/2022\/04\/tweet-card-estudio-influencers-2021-1024x577.jpg\" \/>\n<meta name=\"twitter:label1\" content=\"Tempo di lettura stimato\" \/>\n\t<meta name=\"twitter:data1\" content=\"2 minuti\" \/>\n<script type=\"application\/ld+json\" class=\"yoast-schema-graph\">{\"@context\":\"https:\/\/schema.org\",\"@graph\":[{\"@type\":\"WebPage\",\"@id\":\"https:\/\/socialpubli.com\/blog\/it\/iii-studio-di-influencers\/\",\"url\":\"https:\/\/socialpubli.com\/blog\/it\/iii-studio-di-influencers\/\",\"name\":\"III Studio di Influencers | Social Publi Blog\",\"isPartOf\":{\"@id\":\"https:\/\/socialpubli.com\/blog\/#website\"},\"primaryImageOfPage\":{\"@id\":\"https:\/\/socialpubli.com\/blog\/it\/iii-studio-di-influencers\/#primaryimage\"},\"image\":{\"@id\":\"https:\/\/socialpubli.com\/blog\/it\/iii-studio-di-influencers\/#primaryimage\"},\"thumbnailUrl\":\"https:\/\/socialpubli.com\/blog\/wp-content\/uploads\/2022\/06\/Captura-de-pantalla-2022-06-06-a-las-12.53.18.png\",\"datePublished\":\"2022-06-06T10:50:23+00:00\",\"dateModified\":\"2025-06-11T09:01:53+00:00\",\"description\":\"Scoprite con il nostro influencer studio le notizie pi\u00f9 fresche dal mondo degli influencer di tutto il mondo.\",\"breadcrumb\":{\"@id\":\"https:\/\/socialpubli.com\/blog\/it\/iii-studio-di-influencers\/#breadcrumb\"},\"inLanguage\":\"it-IT\",\"potentialAction\":[{\"@type\":\"ReadAction\",\"target\":[\"https:\/\/socialpubli.com\/blog\/it\/iii-studio-di-influencers\/\"]}]},{\"@type\":\"ImageObject\",\"inLanguage\":\"it-IT\",\"@id\":\"https:\/\/socialpubli.com\/blog\/it\/iii-studio-di-influencers\/#primaryimage\",\"url\":\"https:\/\/socialpubli.com\/blog\/wp-content\/uploads\/2022\/06\/Captura-de-pantalla-2022-06-06-a-las-12.53.18.png\",\"contentUrl\":\"https:\/\/socialpubli.com\/blog\/wp-content\/uploads\/2022\/06\/Captura-de-pantalla-2022-06-06-a-las-12.53.18.png\",\"width\":1086,\"height\":615},{\"@type\":\"BreadcrumbList\",\"@id\":\"https:\/\/socialpubli.com\/blog\/it\/iii-studio-di-influencers\/#breadcrumb\",\"itemListElement\":[{\"@type\":\"ListItem\",\"position\":1,\"name\":\"Portada\",\"item\":\"https:\/\/socialpubli.com\/blog\/\"},{\"@type\":\"ListItem\",\"position\":2,\"name\":\"III Studio di Influencers\"}]},{\"@type\":\"WebSite\",\"@id\":\"https:\/\/socialpubli.com\/blog\/#website\",\"url\":\"https:\/\/socialpubli.com\/blog\/\",\"name\":\"Social Publi Blog\",\"description\":\"Tendencias en marketing de influencers, branded content y estrategia en redes sociales.\",\"publisher\":{\"@id\":\"https:\/\/socialpubli.com\/blog\/#organization\"},\"potentialAction\":[{\"@type\":\"SearchAction\",\"target\":{\"@type\":\"EntryPoint\",\"urlTemplate\":\"https:\/\/socialpubli.com\/blog\/?s={search_term_string}\"},\"query-input\":{\"@type\":\"PropertyValueSpecification\",\"valueRequired\":true,\"valueName\":\"search_term_string\"}}],\"inLanguage\":\"it-IT\"},{\"@type\":\"Organization\",\"@id\":\"https:\/\/socialpubli.com\/blog\/#organization\",\"name\":\"SocialPubli\",\"url\":\"https:\/\/socialpubli.com\/blog\/\",\"logo\":{\"@type\":\"ImageObject\",\"inLanguage\":\"it-IT\",\"@id\":\"https:\/\/socialpubli.com\/blog\/#\/schema\/logo\/image\/\",\"url\":\"https:\/\/socialpubli.com\/blog\/wp-content\/uploads\/2017\/01\/logo-blog.png\",\"contentUrl\":\"https:\/\/socialpubli.com\/blog\/wp-content\/uploads\/2017\/01\/logo-blog.png\",\"width\":284,\"height\":53,\"caption\":\"SocialPubli\"},\"image\":{\"@id\":\"https:\/\/socialpubli.com\/blog\/#\/schema\/logo\/image\/\"}}]}<\/script>\n<!-- \/ Yoast SEO plugin. -->","yoast_head_json":{"title":"III Studio di Influencers | Social Publi Blog","description":"Scoprite con il nostro influencer studio le notizie pi\u00f9 fresche dal mondo degli influencer di tutto il mondo.","robots":{"index":"index","follow":"follow","max-snippet":"max-snippet:-1","max-image-preview":"max-image-preview:large","max-video-preview":"max-video-preview:-1"},"canonical":"https:\/\/socialpubli.com\/blog\/it\/iii-studio-di-influencers\/","og_locale":"it_IT","og_type":"article","og_title":"Scarica il III studio di influencers 2021 di SocialPubli","og_description":"Scoprite con il nostro influencer studio le notizie pi\u00f9 fresche dal mondo degli influencer di tutto il mondo.","og_url":"https:\/\/socialpubli.com\/blog\/it\/iii-studio-di-influencers\/","og_site_name":"Social Publi Blog","article_modified_time":"2025-06-11T09:01:53+00:00","og_image":[{"width":2560,"height":1443,"url":"https:\/\/socialpubli.com\/blog\/wp-content\/uploads\/2022\/04\/tweet-card-estudio-influencers-2021-scaled.jpg","type":"image\/jpeg"}],"twitter_card":"summary_large_image","twitter_title":"Scarica il III studio di influencers 2021 di SocialPubli","twitter_image":"https:\/\/socialpubli.com\/blog\/wp-content\/uploads\/2022\/04\/tweet-card-estudio-influencers-2021-1024x577.jpg","twitter_misc":{"Tempo di lettura stimato":"2 minuti"},"schema":{"@context":"https:\/\/schema.org","@graph":[{"@type":"WebPage","@id":"https:\/\/socialpubli.com\/blog\/it\/iii-studio-di-influencers\/","url":"https:\/\/socialpubli.com\/blog\/it\/iii-studio-di-influencers\/","name":"III Studio di Influencers | Social Publi Blog","isPartOf":{"@id":"https:\/\/socialpubli.com\/blog\/#website"},"primaryImageOfPage":{"@id":"https:\/\/socialpubli.com\/blog\/it\/iii-studio-di-influencers\/#primaryimage"},"image":{"@id":"https:\/\/socialpubli.com\/blog\/it\/iii-studio-di-influencers\/#primaryimage"},"thumbnailUrl":"https:\/\/socialpubli.com\/blog\/wp-content\/uploads\/2022\/06\/Captura-de-pantalla-2022-06-06-a-las-12.53.18.png","datePublished":"2022-06-06T10:50:23+00:00","dateModified":"2025-06-11T09:01:53+00:00","description":"Scoprite con il nostro influencer studio le notizie pi\u00f9 fresche dal mondo degli influencer di tutto il mondo.","breadcrumb":{"@id":"https:\/\/socialpubli.com\/blog\/it\/iii-studio-di-influencers\/#breadcrumb"},"inLanguage":"it-IT","potentialAction":[{"@type":"ReadAction","target":["https:\/\/socialpubli.com\/blog\/it\/iii-studio-di-influencers\/"]}]},{"@type":"ImageObject","inLanguage":"it-IT","@id":"https:\/\/socialpubli.com\/blog\/it\/iii-studio-di-influencers\/#primaryimage","url":"https:\/\/socialpubli.com\/blog\/wp-content\/uploads\/2022\/06\/Captura-de-pantalla-2022-06-06-a-las-12.53.18.png","contentUrl":"https:\/\/socialpubli.com\/blog\/wp-content\/uploads\/2022\/06\/Captura-de-pantalla-2022-06-06-a-las-12.53.18.png","width":1086,"height":615},{"@type":"BreadcrumbList","@id":"https:\/\/socialpubli.com\/blog\/it\/iii-studio-di-influencers\/#breadcrumb","itemListElement":[{"@type":"ListItem","position":1,"name":"Portada","item":"https:\/\/socialpubli.com\/blog\/"},{"@type":"ListItem","position":2,"name":"III Studio di Influencers"}]},{"@type":"WebSite","@id":"https:\/\/socialpubli.com\/blog\/#website","url":"https:\/\/socialpubli.com\/blog\/","name":"Social Publi Blog","description":"Tendencias en marketing de influencers, branded content y estrategia en redes sociales.","publisher":{"@id":"https:\/\/socialpubli.com\/blog\/#organization"},"potentialAction":[{"@type":"SearchAction","target":{"@type":"EntryPoint","urlTemplate":"https:\/\/socialpubli.com\/blog\/?s={search_term_string}"},"query-input":{"@type":"PropertyValueSpecification","valueRequired":true,"valueName":"search_term_string"}}],"inLanguage":"it-IT"},{"@type":"Organization","@id":"https:\/\/socialpubli.com\/blog\/#organization","name":"SocialPubli","url":"https:\/\/socialpubli.com\/blog\/","logo":{"@type":"ImageObject","inLanguage":"it-IT","@id":"https:\/\/socialpubli.com\/blog\/#\/schema\/logo\/image\/","url":"https:\/\/socialpubli.com\/blog\/wp-content\/uploads\/2017\/01\/logo-blog.png","contentUrl":"https:\/\/socialpubli.com\/blog\/wp-content\/uploads\/2017\/01\/logo-blog.png","width":284,"height":53,"caption":"SocialPubli"},"image":{"@id":"https:\/\/socialpubli.com\/blog\/#\/schema\/logo\/image\/"}}]}},"_links":{"self":[{"href":"https:\/\/socialpubli.com\/blog\/it\/wp-json\/wp\/v2\/pages\/12048","targetHints":{"allow":["GET"]}}],"collection":[{"href":"https:\/\/socialpubli.com\/blog\/it\/wp-json\/wp\/v2\/pages"}],"about":[{"href":"https:\/\/socialpubli.com\/blog\/it\/wp-json\/wp\/v2\/types\/page"}],"author":[{"embeddable":true,"href":"https:\/\/socialpubli.com\/blog\/it\/wp-json\/wp\/v2\/users\/2"}],"replies":[{"embeddable":true,"href":"https:\/\/socialpubli.com\/blog\/it\/wp-json\/wp\/v2\/comments?post=12048"}],"version-history":[{"count":8,"href":"https:\/\/socialpubli.com\/blog\/it\/wp-json\/wp\/v2\/pages\/12048\/revisions"}],"predecessor-version":[{"id":26924,"href":"https:\/\/socialpubli.com\/blog\/it\/wp-json\/wp\/v2\/pages\/12048\/revisions\/26924"}],"wp:featuredmedia":[{"embeddable":true,"href":"https:\/\/socialpubli.com\/blog\/it\/wp-json\/wp\/v2\/media\/12057"}],"wp:attachment":[{"href":"https:\/\/socialpubli.com\/blog\/it\/wp-json\/wp\/v2\/media?parent=12048"}],"curies":[{"name":"wp","href":"https:\/\/api.w.org\/{rel}","templated":true}]}}