{"id":12350,"date":"2022-06-22T15:53:25","date_gmt":"2022-06-22T13:53:25","guid":{"rendered":"https:\/\/socialpubli.com\/blog\/abbiamo-gli-influencer-su-facebook-che-miglioreranno-il-tuo-marchio\/"},"modified":"2022-07-08T14:45:16","modified_gmt":"2022-07-08T12:45:16","slug":"facebook-influencers","status":"publish","type":"page","link":"https:\/\/socialpubli.com\/blog\/it\/facebook-influencers\/","title":{"rendered":"Abbiamo gli influencer su Facebook che miglioreranno il tuo marchio"},"content":{"rendered":"<div class=\"wpb-content-wrapper\"><p>[vc_row][vc_column][vc_row_inner][vc_column_inner][vc_column_text css=&#8221;.vc_custom_1655721493904{padding-bottom: 40px !important;}&#8221;]<\/p>\n<p style=\"text-align: center;\"><span style=\"font-weight: 400;\">Riesci a immaginare centinaia di influencer di Facebook che parlano del tuo marchio contemporaneamente? <\/span><\/p>\n<p style=\"text-align: center;\"><span style=\"font-weight: 400;\">In SocialPubli possiamo aiutarti in questo, poich\u00e9 disponiamo della tecnologia pi\u00f9 avanzata per creare campagne automatizzate su questo social network. <\/span><span style=\"font-weight: 400;\">Attualmente abbiamo pi\u00f9 di 300.000 influencer di Facebook registrati sulla nostra piattaforma, tra i quali puoi scegliere quelli che si adattano allo stile e ai valori del tuo marchio.<\/span><\/p>\n<p style=\"text-align: center;\"><span style=\"font-weight: 400;\">Lavoriamo come la piattaforma Google Ads, ma con gli influencer. Decidi tu il budget, il tipo di campagna che vuoi lanciare e gli influencer hanno il compito di portare il messaggio al tuo pubblico di destinazione e di connettersi con la loro comunit\u00e0. <\/span><\/p>\n<p>[\/vc_column_text][\/vc_column_inner][\/vc_row_inner][\/vc_column][\/vc_row][vc_row css=&#8221;.vc_custom_1595249731266{background-position: center !important;background-repeat: no-repeat !important;background-size: cover !important;}&#8221;][vc_column css=&#8221;.vc_custom_1655731765778{padding-top: 0px !important;}&#8221;][vc_row_inner equal_height=&#8221;yes&#8221; content_placement=&#8221;middle&#8221; css=&#8221;.vc_custom_1655731755154{padding-top: 0px !important;}&#8221;][vc_column_inner el_class=&#8221;text-center&#8221; width=&#8221;1\/2&#8243; css=&#8221;.vc_custom_1597096470123{padding-top: 20px !important;padding-bottom: 20px !important;}&#8221;][vc_column_text css=&#8221;.vc_custom_1655721626444{padding-bottom: 40px !important;}&#8221;]<\/p>\n<h2 style=\"text-align: left;\"><span style=\"color: #f6a801;\">Portata degli influencer su Facebook<\/span><\/h2>\n<p style=\"text-align: left;\"><span style=\"font-weight: 400;\">Sebbene Instagram e Tik Tok stiano guadagnando terreno nel mondo dell&#8217;influencer marketing, Facebook \u00e8 ancora uno strumento importante dove esiste una vasta nicchia di mercato e potenziali clienti per il tuo marchio per aumentare il ROI. Ed \u00e8 qui che entrano in gioco gli influencer su Facebook. Tieni presente che la dimensione del pubblico non \u00e8 sempre importante, ma piuttosto che sia quella efficace per il raggiungimento dei tuoi obiettivi. <\/span><\/p>\n<p>[\/vc_column_text][qodef_button size=&#8221;medium&#8221; text=&#8221;Crea la tua campagna su Facebook&#8221; target=&#8221;_self&#8221; icon_pack=&#8221;&#8221; font_weight=&#8221;&#8221; text_transform=&#8221;uppercase&#8221; link=&#8221;https:\/\/socialpubli.com\/it#advertiser_signup&#8221; margin=&#8221;0px auto&#8221;][\/vc_column_inner][vc_column_inner width=&#8221;1\/2&#8243;][vc_single_image image=&#8221;12309&#8243; img_size=&#8221;full&#8221; alignment=&#8221;center&#8221; el_class=&#8221;img-mobile-module&#8221;][\/vc_column_inner][\/vc_row_inner][vc_row_inner equal_height=&#8221;yes&#8221; content_placement=&#8221;middle&#8221; css=&#8221;.vc_custom_1655735300048{margin-top: 50px !important;}&#8221;][vc_column_inner width=&#8221;1\/2&#8243; css=&#8221;.vc_custom_1595241364308{padding-top: 20px !important;padding-bottom: 20px !important;}&#8221;][vc_single_image image=&#8221;12326&#8243; img_size=&#8221;full&#8221; alignment=&#8221;center&#8221; el_class=&#8221;img-mobile-module&#8221;][\/vc_column_inner][vc_column_inner width=&#8221;1\/2&#8243;][vc_column_text css=&#8221;.vc_custom_1655722450306{padding-bottom: 40px !important;}&#8221;]<\/p>\n<h2><span style=\"font-weight: 400;\">Come funziona la nostra piattaforma per gli influencer di Facebook?<\/span><\/h2>\n<p><span style=\"font-weight: 400;\">In SocialPubli apprezziamo l&#8217;immediatezza, motivo per cui abbiamo una piattaforma amichevole e intuitiva. Devi solo essere chiaro sul tipo di campagna che vuoi impostare, i tuoi obiettivi ben definiti, il pubblico che vuoi raggiungere e il servizio o prodotto da promuovere.<\/span><\/p>\n<p><span style=\"font-weight: 400;\">Avendo chiari questi punti, non ti resta che registrarti sulla piattaforma, aggiungere il saldo che desideri per la tua campagna tramite carta di credito, Paypal o bonifico bancario.<\/span><\/p>\n<p><span style=\"font-weight: 400;\">Quello che segue \u00e8 molto semplice, nel tuo pannello inserzionista devi fare clic su &#8220;Crea campagna&#8221;, compilare il modulo con i dati necessari sui requisiti della tua campagna, in modo che l&#8217;influencer o gli influencers di Facebook seguano le istruzioni e siano allineati alla tua strategia.<\/span><\/p>\n<p><span style=\"font-weight: 400;\">Puoi aggiungere informazioni come il nome e la descrizione della campagna, nonch\u00e9 gli hashtag che desideri vengano utilizzati. Inoltre, sta a te decidere se creare le tue immagini pubblicitarie o se vuoi che gli influencer siano i creatori di detti contenuti, e non preoccuparti! Tutto ci\u00f2 che l&#8217;influencer fa su Facebook dovr\u00e0 passare attraverso la tua approvazione prima di essere pubblicato.<\/span>[\/vc_column_text][qodef_button size=&#8221;medium&#8221; text=&#8221;Richiedi una proposta&#8221; target=&#8221;_self&#8221; icon_pack=&#8221;&#8221; font_weight=&#8221;&#8221; text_transform=&#8221;uppercase&#8221; link=&#8221;mailto:ventas@socialpubli.com&#8221;][\/vc_column_inner][\/vc_row_inner][vc_row_inner css=&#8221;.vc_custom_1595235201209{margin-top: 50px !important;}&#8221;][vc_column_inner css=&#8221;.vc_custom_1655724438223{padding-top: 10px !important;padding-right: 30px !important;padding-bottom: 10px !important;padding-left: 30px !important;background-color: #f6a801 !important;}&#8221;][vc_column_text css=&#8221;.vc_custom_1655724392988{padding-bottom: 40px !important;}&#8221;]<\/p>\n<h3><span style=\"font-weight: 400; color: #ffffff;\">Monitora il rendimento della tua campagna<\/span><\/h3>\n<p><span style=\"font-weight: 400; color: #ffffff;\">Come in SocialPubli sappiamo che monitorare i risultati \u00e8 fondamentale in una strategia di Marketing, una volta lanciata la campagna potrai monitorare l&#8217;attivit\u00e0 e l&#8217;impatto dei contenuti creati dagli influencer direttamente dalla piattaforma. Riceverai anche un rapporto completo sul rendimento.<\/span>[\/vc_column_text][\/vc_column_inner][\/vc_row_inner][\/vc_column][\/vc_row][vc_row css=&#8221;.vc_custom_1655731675666{margin-top: 20px !important;margin-bottom: 20px !important;}&#8221;][vc_column el_class=&#8221;text-center&#8221;][vc_row_inner][vc_column_inner el_class=&#8221;tiktok-list&#8221; css=&#8221;.vc_custom_1595239047397{padding-right: 40px !important;}&#8221;][vc_column_text css=&#8221;.vc_custom_1655724184306{padding-bottom: 40px !important;}&#8221;]<\/p>\n<h2 style=\"text-align: center;\"><span style=\"font-weight: 400;\">Perch\u00e9 fare marketing con gli influencer di Facebook?<\/span><\/h2>\n<p style=\"text-align: center;\"><span style=\"font-weight: 400;\">Di fronte a un mare di pubblicit\u00e0 digitale, i brand sono chiamati a creare i messaggi giusti, al momento giusto e sulle piattaforme giuste. Ma, pi\u00f9 di questo, i marchi devono avere dei portavoce per raggiungere il loro mercato di riferimento e connettersi con il pubblico. <\/span><\/p>\n<p style=\"text-align: center;\"><span style=\"font-weight: 400;\">In SocialPubli adattiamo la nostra piattaforma tecnologica in modo che i marchi possano trovare gli influencers che portano il loro messaggio alla giusta destinazione. <\/span><\/p>\n<p style=\"text-align: center;\"><span style=\"font-weight: 400;\">\u00c8 importante ricordare che gli utenti determinano la propria azione di acquisto in base alle raccomandazioni di chi ha gi\u00e0 ottenuto il prodotto o servizio, quindi \u00e8 fondamentale avere degli influencer che facciano conoscere i benefici del proprio brand. Perch\u00e9 quando gli influencer su Facebook parlano, danno le loro opinioni, fanno innamorare le persone, il tuo brand vince e il business cresce!<\/span><\/p>\n<p>[\/vc_column_text][\/vc_column_inner][\/vc_row_inner][vc_column_text]<\/p>\n<p style=\"text-align: center; color: #f6a801;\"><strong>Pronto a provare la nostra piattaforma?<\/strong><\/p>\n<p>[\/vc_column_text][qodef_button size=&#8221;medium&#8221; text=&#8221;Inizia adesso!&#8221; target=&#8221;_self&#8221; icon_pack=&#8221;&#8221; font_weight=&#8221;&#8221; text_transform=&#8221;uppercase&#8221; link=&#8221;https:\/\/socialpubli.com\/it#advertiser_signup&#8221; margin=&#8221;20px auto&#8221;][\/vc_column][\/vc_row]<\/p>\n<\/div>","protected":false},"excerpt":{"rendered":"<p>[vc_row][vc_column][vc_row_inner][vc_column_inner][vc_column_text css=&#8221;.vc_custom_1655721493904{padding-bottom: 40px !important;}&#8221;] Riesci a immaginare centinaia di influencer di Facebook che parlano del tuo marchio contemporaneamente? In SocialPubli possiamo aiutarti in questo, poich\u00e9 disponiamo della tecnologia pi\u00f9 avanzata per creare campagne automatizzate su questo social network. Attualmente abbiamo pi\u00f9 di 300.000 influencer di Facebook registrati sulla nostra piattaforma, tra i quali puoi scegliere [&hellip;]<\/p>\n","protected":false},"author":2,"featured_media":12311,"parent":0,"menu_order":0,"comment_status":"closed","ping_status":"closed","template":"","meta":{"footnotes":""},"class_list":["post-12350","page","type-page","status-publish","has-post-thumbnail","hentry"],"yoast_head":"<!-- This site is optimized with the Yoast SEO plugin v27.0 - https:\/\/yoast.com\/product\/yoast-seo-wordpress\/ -->\n<title>Marketing su Facebook con gli influencer | SocialPubli<\/title>\n<meta name=\"description\" content=\"Preparate la vostra strategia di marketing su Facebook con gli influencer. SocialPubli vi aiuta a lanciare campagne pubblicitarie su Facebook con gli influencer pi\u00f9 adatti.\" \/>\n<meta name=\"robots\" content=\"index, follow, max-snippet:-1, max-image-preview:large, max-video-preview:-1\" \/>\n<link rel=\"canonical\" href=\"https:\/\/socialpubli.com\/blog\/it\/facebook-influencers\/\" \/>\n<meta property=\"og:locale\" content=\"it_IT\" \/>\n<meta property=\"og:type\" content=\"article\" \/>\n<meta property=\"og:title\" content=\"Marketing su Facebook con gli influencer | SocialPubli\" \/>\n<meta property=\"og:description\" content=\"Preparate la vostra strategia di marketing su Facebook con gli influencer. SocialPubli vi aiuta a lanciare campagne pubblicitarie su Facebook con gli influencer pi\u00f9 adatti.\" \/>\n<meta property=\"og:url\" content=\"https:\/\/socialpubli.com\/blog\/it\/facebook-influencers\/\" \/>\n<meta property=\"og:site_name\" content=\"Social Publi Blog\" \/>\n<meta property=\"article:modified_time\" content=\"2022-07-08T12:45:16+00:00\" \/>\n<meta property=\"og:image\" content=\"https:\/\/socialpubli.com\/blog\/wp-content\/uploads\/2022\/06\/fb-img1.png\" \/>\n\t<meta property=\"og:image:width\" content=\"1067\" \/>\n\t<meta property=\"og:image:height\" content=\"804\" \/>\n\t<meta property=\"og:image:type\" content=\"image\/png\" \/>\n<meta name=\"twitter:card\" content=\"summary_large_image\" \/>\n<meta name=\"twitter:label1\" content=\"Tempo di lettura stimato\" \/>\n\t<meta name=\"twitter:data1\" content=\"4 minuti\" \/>\n<script type=\"application\/ld+json\" class=\"yoast-schema-graph\">{\"@context\":\"https:\/\/schema.org\",\"@graph\":[{\"@type\":\"WebPage\",\"@id\":\"https:\/\/socialpubli.com\/blog\/it\/facebook-influencers\/\",\"url\":\"https:\/\/socialpubli.com\/blog\/it\/facebook-influencers\/\",\"name\":\"Marketing su Facebook con gli influencer | SocialPubli\",\"isPartOf\":{\"@id\":\"https:\/\/socialpubli.com\/blog\/#website\"},\"primaryImageOfPage\":{\"@id\":\"https:\/\/socialpubli.com\/blog\/it\/facebook-influencers\/#primaryimage\"},\"image\":{\"@id\":\"https:\/\/socialpubli.com\/blog\/it\/facebook-influencers\/#primaryimage\"},\"thumbnailUrl\":\"https:\/\/socialpubli.com\/blog\/wp-content\/uploads\/2022\/06\/fb-img1.png\",\"datePublished\":\"2022-06-22T13:53:25+00:00\",\"dateModified\":\"2022-07-08T12:45:16+00:00\",\"description\":\"Preparate la vostra strategia di marketing su Facebook con gli influencer. SocialPubli vi aiuta a lanciare campagne pubblicitarie su Facebook con gli influencer pi\u00f9 adatti.\",\"breadcrumb\":{\"@id\":\"https:\/\/socialpubli.com\/blog\/it\/facebook-influencers\/#breadcrumb\"},\"inLanguage\":\"it-IT\",\"potentialAction\":[{\"@type\":\"ReadAction\",\"target\":[\"https:\/\/socialpubli.com\/blog\/it\/facebook-influencers\/\"]}]},{\"@type\":\"ImageObject\",\"inLanguage\":\"it-IT\",\"@id\":\"https:\/\/socialpubli.com\/blog\/it\/facebook-influencers\/#primaryimage\",\"url\":\"https:\/\/socialpubli.com\/blog\/wp-content\/uploads\/2022\/06\/fb-img1.png\",\"contentUrl\":\"https:\/\/socialpubli.com\/blog\/wp-content\/uploads\/2022\/06\/fb-img1.png\",\"width\":1067,\"height\":804},{\"@type\":\"BreadcrumbList\",\"@id\":\"https:\/\/socialpubli.com\/blog\/it\/facebook-influencers\/#breadcrumb\",\"itemListElement\":[{\"@type\":\"ListItem\",\"position\":1,\"name\":\"Portada\",\"item\":\"https:\/\/socialpubli.com\/blog\/\"},{\"@type\":\"ListItem\",\"position\":2,\"name\":\"Abbiamo gli influencer su Facebook che miglioreranno il tuo marchio\"}]},{\"@type\":\"WebSite\",\"@id\":\"https:\/\/socialpubli.com\/blog\/#website\",\"url\":\"https:\/\/socialpubli.com\/blog\/\",\"name\":\"Social Publi Blog\",\"description\":\"Tendencias en marketing de influencers, branded content y estrategia en redes sociales.\",\"publisher\":{\"@id\":\"https:\/\/socialpubli.com\/blog\/#organization\"},\"potentialAction\":[{\"@type\":\"SearchAction\",\"target\":{\"@type\":\"EntryPoint\",\"urlTemplate\":\"https:\/\/socialpubli.com\/blog\/?s={search_term_string}\"},\"query-input\":{\"@type\":\"PropertyValueSpecification\",\"valueRequired\":true,\"valueName\":\"search_term_string\"}}],\"inLanguage\":\"it-IT\"},{\"@type\":\"Organization\",\"@id\":\"https:\/\/socialpubli.com\/blog\/#organization\",\"name\":\"SocialPubli\",\"url\":\"https:\/\/socialpubli.com\/blog\/\",\"logo\":{\"@type\":\"ImageObject\",\"inLanguage\":\"it-IT\",\"@id\":\"https:\/\/socialpubli.com\/blog\/#\/schema\/logo\/image\/\",\"url\":\"https:\/\/socialpubli.com\/blog\/wp-content\/uploads\/2017\/01\/logo-blog.png\",\"contentUrl\":\"https:\/\/socialpubli.com\/blog\/wp-content\/uploads\/2017\/01\/logo-blog.png\",\"width\":284,\"height\":53,\"caption\":\"SocialPubli\"},\"image\":{\"@id\":\"https:\/\/socialpubli.com\/blog\/#\/schema\/logo\/image\/\"}}]}<\/script>\n<!-- \/ Yoast SEO plugin. -->","yoast_head_json":{"title":"Marketing su Facebook con gli influencer | SocialPubli","description":"Preparate la vostra strategia di marketing su Facebook con gli influencer. SocialPubli vi aiuta a lanciare campagne pubblicitarie su Facebook con gli influencer pi\u00f9 adatti.","robots":{"index":"index","follow":"follow","max-snippet":"max-snippet:-1","max-image-preview":"max-image-preview:large","max-video-preview":"max-video-preview:-1"},"canonical":"https:\/\/socialpubli.com\/blog\/it\/facebook-influencers\/","og_locale":"it_IT","og_type":"article","og_title":"Marketing su Facebook con gli influencer | SocialPubli","og_description":"Preparate la vostra strategia di marketing su Facebook con gli influencer. SocialPubli vi aiuta a lanciare campagne pubblicitarie su Facebook con gli influencer pi\u00f9 adatti.","og_url":"https:\/\/socialpubli.com\/blog\/it\/facebook-influencers\/","og_site_name":"Social Publi Blog","article_modified_time":"2022-07-08T12:45:16+00:00","og_image":[{"width":1067,"height":804,"url":"https:\/\/socialpubli.com\/blog\/wp-content\/uploads\/2022\/06\/fb-img1.png","type":"image\/png"}],"twitter_card":"summary_large_image","twitter_misc":{"Tempo di lettura stimato":"4 minuti"},"schema":{"@context":"https:\/\/schema.org","@graph":[{"@type":"WebPage","@id":"https:\/\/socialpubli.com\/blog\/it\/facebook-influencers\/","url":"https:\/\/socialpubli.com\/blog\/it\/facebook-influencers\/","name":"Marketing su Facebook con gli influencer | SocialPubli","isPartOf":{"@id":"https:\/\/socialpubli.com\/blog\/#website"},"primaryImageOfPage":{"@id":"https:\/\/socialpubli.com\/blog\/it\/facebook-influencers\/#primaryimage"},"image":{"@id":"https:\/\/socialpubli.com\/blog\/it\/facebook-influencers\/#primaryimage"},"thumbnailUrl":"https:\/\/socialpubli.com\/blog\/wp-content\/uploads\/2022\/06\/fb-img1.png","datePublished":"2022-06-22T13:53:25+00:00","dateModified":"2022-07-08T12:45:16+00:00","description":"Preparate la vostra strategia di marketing su Facebook con gli influencer. SocialPubli vi aiuta a lanciare campagne pubblicitarie su Facebook con gli influencer pi\u00f9 adatti.","breadcrumb":{"@id":"https:\/\/socialpubli.com\/blog\/it\/facebook-influencers\/#breadcrumb"},"inLanguage":"it-IT","potentialAction":[{"@type":"ReadAction","target":["https:\/\/socialpubli.com\/blog\/it\/facebook-influencers\/"]}]},{"@type":"ImageObject","inLanguage":"it-IT","@id":"https:\/\/socialpubli.com\/blog\/it\/facebook-influencers\/#primaryimage","url":"https:\/\/socialpubli.com\/blog\/wp-content\/uploads\/2022\/06\/fb-img1.png","contentUrl":"https:\/\/socialpubli.com\/blog\/wp-content\/uploads\/2022\/06\/fb-img1.png","width":1067,"height":804},{"@type":"BreadcrumbList","@id":"https:\/\/socialpubli.com\/blog\/it\/facebook-influencers\/#breadcrumb","itemListElement":[{"@type":"ListItem","position":1,"name":"Portada","item":"https:\/\/socialpubli.com\/blog\/"},{"@type":"ListItem","position":2,"name":"Abbiamo gli influencer su Facebook che miglioreranno il tuo marchio"}]},{"@type":"WebSite","@id":"https:\/\/socialpubli.com\/blog\/#website","url":"https:\/\/socialpubli.com\/blog\/","name":"Social Publi Blog","description":"Tendencias en marketing de influencers, branded content y estrategia en redes sociales.","publisher":{"@id":"https:\/\/socialpubli.com\/blog\/#organization"},"potentialAction":[{"@type":"SearchAction","target":{"@type":"EntryPoint","urlTemplate":"https:\/\/socialpubli.com\/blog\/?s={search_term_string}"},"query-input":{"@type":"PropertyValueSpecification","valueRequired":true,"valueName":"search_term_string"}}],"inLanguage":"it-IT"},{"@type":"Organization","@id":"https:\/\/socialpubli.com\/blog\/#organization","name":"SocialPubli","url":"https:\/\/socialpubli.com\/blog\/","logo":{"@type":"ImageObject","inLanguage":"it-IT","@id":"https:\/\/socialpubli.com\/blog\/#\/schema\/logo\/image\/","url":"https:\/\/socialpubli.com\/blog\/wp-content\/uploads\/2017\/01\/logo-blog.png","contentUrl":"https:\/\/socialpubli.com\/blog\/wp-content\/uploads\/2017\/01\/logo-blog.png","width":284,"height":53,"caption":"SocialPubli"},"image":{"@id":"https:\/\/socialpubli.com\/blog\/#\/schema\/logo\/image\/"}}]}},"_links":{"self":[{"href":"https:\/\/socialpubli.com\/blog\/it\/wp-json\/wp\/v2\/pages\/12350","targetHints":{"allow":["GET"]}}],"collection":[{"href":"https:\/\/socialpubli.com\/blog\/it\/wp-json\/wp\/v2\/pages"}],"about":[{"href":"https:\/\/socialpubli.com\/blog\/it\/wp-json\/wp\/v2\/types\/page"}],"author":[{"embeddable":true,"href":"https:\/\/socialpubli.com\/blog\/it\/wp-json\/wp\/v2\/users\/2"}],"replies":[{"embeddable":true,"href":"https:\/\/socialpubli.com\/blog\/it\/wp-json\/wp\/v2\/comments?post=12350"}],"version-history":[{"count":4,"href":"https:\/\/socialpubli.com\/blog\/it\/wp-json\/wp\/v2\/pages\/12350\/revisions"}],"predecessor-version":[{"id":12473,"href":"https:\/\/socialpubli.com\/blog\/it\/wp-json\/wp\/v2\/pages\/12350\/revisions\/12473"}],"wp:featuredmedia":[{"embeddable":true,"href":"https:\/\/socialpubli.com\/blog\/it\/wp-json\/wp\/v2\/media\/12311"}],"wp:attachment":[{"href":"https:\/\/socialpubli.com\/blog\/it\/wp-json\/wp\/v2\/media?parent=12350"}],"curies":[{"name":"wp","href":"https:\/\/api.w.org\/{rel}","templated":true}]}}