{"id":12392,"date":"2022-07-06T11:26:56","date_gmt":"2022-07-06T09:26:56","guid":{"rendered":"https:\/\/socialpubli.com\/blog\/campagne-di-marketing-per-influencer-di-linkedin-per-la-tua-attivita\/"},"modified":"2022-07-06T12:58:01","modified_gmt":"2022-07-06T10:58:01","slug":"linkedin-influencers","status":"publish","type":"page","link":"https:\/\/socialpubli.com\/blog\/it\/linkedin-influencers\/","title":{"rendered":"Campagne di marketing per influencer di LinkedIn per la tua attivit\u00e0"},"content":{"rendered":"<div class=\"wpb-content-wrapper\"><p>[vc_row][vc_column][vc_row_inner][vc_column_inner width=&#8221;1\/2&#8243;][vc_column_text css=&#8221;.vc_custom_1600080684173{padding-bottom: 40px !important;}&#8221;]<\/p>\n<h2>VUOI CREARE CAMPAGNE CON INFLUENCERS SU LINKEDIN?<\/h2>\n<p><span style='font-weight: 400;'>Il B2B \u00e8 fondamentale quando si tratta di favorire relazioni personali e commerciali incentrate sulla sfera professionale. Questi sono importanti per generare opportunit\u00e0 vantaggiose per il tuo marchio. Ecco perch\u00e9 in SocialPubli non dobbiamo dimenticare questo tipo di marketing e sviluppiamo campagne LinkedIn Influencer incentrate su questo obiettivo.<\/span><\/p>\n<p><span style='font-weight: 400;'>Il social network ideale per queste situazioni \u00e8 LinkedIn. Da l\u00ec puoi lavorare con influencer per promuovere e migliorare la tua attivit\u00e0, nonch\u00e9 creare nuovi legami con il tuo pubblico di destinazione e potenziali clienti.<\/span><\/p>\n<p><span style='font-weight: 400;'>Su questo social network puoi sviluppare campagne di LinkedIn Influencer Marketing con profili distinti di influencer: microinfluencer, ambasciatori, aziende, media, ecc. che sono legati agli interessi del tuo pubblico di destinazione.<\/span>[\/vc_column_text][qodef_button size=&#8221;medium&#8221; text=&#8221;PROVALO ORA&#8221; target=&#8221;_self&#8221; icon_pack=&#8221;&#8221; font_weight=&#8221;&#8221; text_transform=&#8221;&#8221; link=&#8221;https:\/\/socialpubli.com\/it#advertiser_signup&#8221; custom_class=&#8221;btn-not-resp&#8221;][\/vc_column_inner][vc_column_inner el_class=&#8221;form-gradient&#8221; width=&#8221;1\/2&#8243; css=&#8221;.vc_custom_1596666359515{padding-right: 40px !important;padding-bottom: 60px !important;padding-left: 40px !important;}&#8221;][vc_column_text]<\/p>\n<div class='box-form-land'>\n<h2><span style='color: #ffffff;'>Se vuoi maggiori informazioni scarica la nostra guida sulle campagne LinkedIn qui:<\/span><\/h2>\n<div class=\"wpcf7 no-js\" id=\"wpcf7-f12408-o1\" lang=\"es-ES\" dir=\"ltr\" data-wpcf7-id=\"12408\">\n<div class=\"screen-reader-response\">\n<p role=\"status\" aria-live=\"polite\" aria-atomic=\"true\"><\/p> <ul><\/ul>\n<\/div>\n<form action=\"\/blog\/it\/wp-json\/wp\/v2\/pages\/12392\/#wpcf7-f12408-o1\" method=\"post\" class=\"wpcf7-form init wpcf7-acceptance-as-validation\" aria-label=\"Formulario de contacto\" novalidate=\"novalidate\" data-status=\"init\">\n<fieldset class=\"hidden-fields-container\">\n<input type=\"hidden\" name=\"_wpcf7\" value=\"12408\"><input type=\"hidden\" name=\"_wpcf7_version\" value=\"6.1.5\"><input type=\"hidden\" name=\"_wpcf7_locale\" value=\"es_ES\"><input type=\"hidden\" name=\"_wpcf7_unit_tag\" value=\"wpcf7-f12408-o1\"><input type=\"hidden\" name=\"_wpcf7_container_post\" value=\"0\"><input type=\"hidden\" name=\"_wpcf7_posted_data_hash\" value=\"\"><input type=\"hidden\" name=\"_wpcf7_recaptcha_response\" value=\"\">\n<\/fieldset>\n<p><label> Il tuo nome (obbligatorio)<br>\n<span class=\"wpcf7-form-control-wrap\" data-name=\"your-name\"><input size=\"40\" maxlength=\"400\" class=\"wpcf7-form-control wpcf7-text wpcf7-validates-as-required\" aria-required=\"true\" aria-invalid=\"false\" value=\"\" type=\"text\" name=\"your-name\"><\/span> <\/label>\n<\/p>\n<p><label> La tua e-mail (obbligatorio)<br>\n<span class=\"wpcf7-form-control-wrap\" data-name=\"your-email\"><input size=\"40\" maxlength=\"400\" class=\"wpcf7-form-control wpcf7-email wpcf7-validates-as-required wpcf7-text wpcf7-validates-as-email\" aria-required=\"true\" aria-invalid=\"false\" value=\"\" type=\"email\" name=\"your-email\"><\/span> <\/label>\n<\/p>\n<p><label> Il tuo telefono (obbligatorio)<br>\n<span class=\"wpcf7-form-control-wrap\" data-name=\"tel-705\"><input size=\"40\" maxlength=\"400\" class=\"wpcf7-form-control wpcf7-tel wpcf7-validates-as-required wpcf7-text wpcf7-validates-as-tel\" aria-required=\"true\" aria-invalid=\"false\" value=\"\" type=\"tel\" name=\"tel-705\"><\/span> <\/label>\n<\/p>\n<p><label>La tua azienda (obbligatorio)<br>\n<span class=\"wpcf7-form-control-wrap\" data-name=\"text-853\"><input size=\"40\" maxlength=\"400\" class=\"wpcf7-form-control wpcf7-text\" aria-invalid=\"false\" value=\"\" type=\"text\" name=\"text-853\"><\/span><br>\n<\/label>\n<\/p>\n<p><span class=\"wpcf7-form-control-wrap\" data-name=\"acceptance-919\"><span class=\"wpcf7-form-control wpcf7-acceptance\"><span class=\"wpcf7-list-item\"><input type=\"checkbox\" name=\"acceptance-919\" value=\"1\" aria-invalid=\"false\"><\/span><\/span><\/span> Accetto la <a href=\"https:\/\/socialpubli.com\/corp\/advertisers\/politica_sulla_privacy\" target=\"blank\" rel=\"nofollow\">Politica sulla privacy<\/a>\n<\/p>\n<p><span class=\"wpcf7-form-control-wrap\" data-name=\"acceptance-694\"><span class=\"wpcf7-form-control wpcf7-acceptance\"><span class=\"wpcf7-list-item\"><input type=\"checkbox\" name=\"acceptance-694\" value=\"1\" aria-invalid=\"false\"><\/span><\/span><\/span> Accetto di ricevere comunicazioni di natura commerciale da SocialPubli\n<\/p>\n<p><input class=\"wpcf7-form-control wpcf7-submit has-spinner\" type=\"submit\" value=\"SCARICA\">\n<\/p>\n<p style=\"display: none !important;\" class=\"akismet-fields-container\" data-prefix=\"_wpcf7_ak_\"><label>&Delta;<textarea name=\"_wpcf7_ak_hp_textarea\" cols=\"45\" rows=\"8\" maxlength=\"100\"><\/textarea><\/label><input type=\"hidden\" id=\"ak_js_1\" name=\"_wpcf7_ak_js\" value=\"63\"><script>document.getElementById( \"ak_js_1\" ).setAttribute( \"value\", ( new Date() ).getTime() );<\/script><\/p>\n<label class=\"ebd_input\"><input type=\"hidden\" name=\"ebd_downloads[]\" value=\"12406|IT - LinkedIn Influencers\"> <\/label><input type=\"hidden\" class=\"ebd_setting\" name=\"ebd_settings[]\" value=\"title|IT - LinkedIn Influencers\"><input type=\"hidden\" class=\"ebd_setting\" name=\"ebd_settings[]\" value=\"delivered_as|inline link\"><input type=\"hidden\" class=\"ebd_setting\" name=\"ebd_settings[]\" value=\"hide_form|no\"><input type=\"hidden\" class=\"ebd_setting\" name=\"ebd_settings[]\" value=\"radio|no\"><input type=\"hidden\" class=\"ebd_setting\" name=\"ebd_settings[]\" value=\"link_format|_blank\"><input type=\"hidden\" class=\"ebd_setting\" name=\"ebd_settings[]\" value=\"file_thumbnail|no\"><input type=\"hidden\" class=\"ebd_setting\" name=\"ebd_settings[]\" value=\"item_id|60\"><input type=\"hidden\" class=\"ebd_setting\" name=\"ebd_settings[]\" value=\"form_id|wpcf7-f12408-o1\"><div class=\"wpcf7-response-output\" aria-hidden=\"true\"><\/div>\n<\/form>\n<\/div>\n\n<\/div>\n<p>[\/vc_column_text][\/vc_column_inner][\/vc_row_inner][\/vc_column][\/vc_row][vc_row css=&#8221;.vc_custom_1595249731266{background-position: center !important;background-repeat: no-repeat !important;background-size: cover !important;}&#8221;][vc_column][vc_row_inner][vc_column_inner width=&#8221;1\/3&#8243; css=&#8221;.vc_custom_1596696102212{padding-top: 20% !important;padding-bottom: 20px !important;}&#8221;][vc_single_image image=&#8221;8079&#8243; img_size=&#8221;full&#8221; alignment=&#8221;center&#8221; el_class=&#8221;img-mobile-module&#8221;][\/vc_column_inner][vc_column_inner width=&#8221;2\/3&#8243;][vc_column_text css=&#8221;.vc_custom_1600081037907{padding-bottom: 40px !important;}&#8221;]<\/p>\n<h2>Come si creano campagne di influencer su LinkedIn?<\/h2>\n<p><span style='font-weight: 400;'>Come saprai gi\u00e0 se hai gi\u00e0 lavorato con noi, in SocialPubli semplifichiamo il processo in modo che la tua esperienza come inserzionista con noi sia semplice e ottimale allo stesso tempo.<\/span><\/p>\n<p><span style='font-weight: 400;'>Creare una campagna LinkedIn su SocialPubli \u00e8 molto semplice. Il nostro strumento \u00e8 intuitivo e lavorare con esso sar\u00e0 molto semplice. Una volta registrato come inserzionista, potrai aggiungere fondi che verranno indirizzati alle campagne di marketing di influencer tramite carta di credito, bonifico bancario o PayPal.<\/span><\/p>\n<p><span style='font-weight: 400;'>Il passaggio successivo consiste nel creare una campagna dal pannello dell&#8217;inserzionista ed \u00e8 semplice come il passaggio precedente. In questo caso dovrai compilare il form con tutti i dettagli necessari affinch\u00e9 gli influencer con cui collaboriamo su LinkedIn possano seguire le tue indicazioni.<\/span><\/p>\n<p><span style='font-weight: 400;'>Hai la possibilit\u00e0 di aggiungere quanto segue: il nome della campagna, la descrizione, il messaggio che vuoi che gli influencer pubblichino, gli hashtag, un link, una parola o una frase chiave che il testo deve contenere, nel caso tu voglia dare influencer la libert\u00e0 di comporre il proprio messaggio.<\/span>[\/vc_column_text][qodef_button size=&#8221;medium&#8221; text=&#8221;PROVALO ORA&#8221; target=&#8221;_self&#8221; icon_pack=&#8221;&#8221; font_weight=&#8221;&#8221; text_transform=&#8221;&#8221; link=&#8221;https:\/\/socialpubli.com\/it#advertiser_signup&#8221;][\/vc_column_inner][\/vc_row_inner][vc_row_inner css=&#8221;.vc_custom_1595235211406{margin-top: 50px !important;}&#8221;][vc_column_inner width=&#8221;2\/3&#8243; css=&#8221;.vc_custom_1595241329245{padding-top: 20px !important;padding-bottom: 20px !important;}&#8221;][vc_column_text css=&#8221;.vc_custom_1600081095497{padding-bottom: 40px !important;}&#8221;]<span style='font-weight: 400;'>n questo senso, il pi\u00f9 specifico sei rispetto alle condizioni della campagna, al contenuto che vuoi che gli influencer pubblichino, al messaggio principale della pubblicazione, al target a cui \u00e8 diretta l&#8217;azione, al profilo dell&#8217;influencer, e tutto quanto sopra, migliori saranno i risultati della tua campagna per influencer di LinkedIn.<\/span><\/p>\n<p><span style='font-weight: 400;'>Se scegli di dare la libert\u00e0 agli influencer di comporre il messaggio da soli, non preoccuparti del suo contenuto, poich\u00e9 in SocialPubli ci impegniamo per la sicurezza del marchio e tutti i messaggi che gli influencer inviano per partecipare alle tue campagne avranno bisogno della tua approvazione e tu&#8217; Sar\u00f2 in grado di moderarli prima che vengano pubblicati. Ci\u00f2 significa che come inserzionista avrai sempre il controllo sulle pubblicazioni e potrai richiedere modifiche se ritieni il contenuto non adeguato o in linea con il messaggio che volevi inviare in primo luogo.<\/span><\/p>\n<p><span style='font-weight: 400;'>Il processo non finisce qui. Vogliamo che tu sia consapevole in ogni momento dell&#8217;evoluzione della campagna LinkedIn, cos\u00ec come dei risultati una volta terminata. Pertanto, durante la campagna e la sua finalizzazione, avrai un report completo con il quale potrai misurare il successo delle campagne di LinkedIn Influencer Marketing che lanci con SocialPubli.<\/span>[\/vc_column_text][qodef_button size=&#8221;medium&#8221; text=&#8221;INIZIA ORA&#8221; target=&#8221;_self&#8221; icon_pack=&#8221;&#8221; font_weight=&#8221;&#8221; text_transform=&#8221;&#8221; link=&#8221;https:\/\/socialpubli.com\/it#advertiser_signup&#8221;][\/vc_column_inner][vc_column_inner width=&#8221;1\/3&#8243;][vc_single_image image=&#8221;8101&#8243; img_size=&#8221;full&#8221; el_class=&#8221;img-mobile-module&#8221;][\/vc_column_inner][\/vc_row_inner][\/vc_column][\/vc_row]<\/p>\n<\/div>","protected":false},"excerpt":{"rendered":"<p>[vc_row][vc_column][vc_row_inner][vc_column_inner width=&#8221;1\/2&#8243;][vc_column_text css=&#8221;.vc_custom_1600080684173{padding-bottom: 40px !important;}&#8221;] VUOI CREARE CAMPAGNE CON INFLUENCERS SU LINKEDIN? Il B2B \u00e8 fondamentale quando si tratta di favorire relazioni personali e commerciali incentrate sulla sfera professionale. Questi sono importanti per generare opportunit\u00e0 vantaggiose per il tuo marchio. Ecco perch\u00e9 in SocialPubli non dobbiamo dimenticare questo tipo di marketing e sviluppiamo campagne LinkedIn [&hellip;]<\/p>\n","protected":false},"author":2,"featured_media":12398,"parent":0,"menu_order":0,"comment_status":"closed","ping_status":"closed","template":"","meta":{"footnotes":""},"class_list":["post-12392","page","type-page","status-publish","has-post-thumbnail","hentry"],"yoast_head":"<!-- This site is optimized with the Yoast SEO plugin v27.0 - https:\/\/yoast.com\/product\/yoast-seo-wordpress\/ -->\n<title>Pubblicit\u00e0 su LinkedIn con gli influencer | SocialPubli<\/title>\n<meta name=\"description\" content=\"Volete fare pubblicit\u00e0 su LinkedIn per la vostra azienda? SocialPubli vi aiuta a lanciare campagne su LinkedIn con gli influencer che hanno un impatto sul vostro pubblico di riferimento.\" \/>\n<meta name=\"robots\" content=\"index, follow, max-snippet:-1, max-image-preview:large, max-video-preview:-1\" \/>\n<link rel=\"canonical\" href=\"https:\/\/socialpubli.com\/blog\/it\/linkedin-influencers\/\" \/>\n<meta property=\"og:locale\" content=\"it_IT\" \/>\n<meta property=\"og:type\" content=\"article\" \/>\n<meta property=\"og:title\" content=\"Pubblicit\u00e0 su LinkedIn con gli influencer | SocialPubli\" \/>\n<meta property=\"og:description\" content=\"Volete fare pubblicit\u00e0 su LinkedIn per la vostra azienda? SocialPubli vi aiuta a lanciare campagne su LinkedIn con gli influencer che hanno un impatto sul vostro pubblico di riferimento.\" \/>\n<meta property=\"og:url\" content=\"https:\/\/socialpubli.com\/blog\/it\/linkedin-influencers\/\" \/>\n<meta property=\"og:site_name\" content=\"Social Publi Blog\" \/>\n<meta property=\"article:modified_time\" content=\"2022-07-06T10:58:01+00:00\" \/>\n<meta property=\"og:image\" content=\"https:\/\/socialpubli.com\/blog\/wp-content\/uploads\/2020\/07\/363.jpg\" \/>\n\t<meta property=\"og:image:width\" content=\"700\" \/>\n\t<meta property=\"og:image:height\" content=\"250\" \/>\n\t<meta property=\"og:image:type\" content=\"image\/jpeg\" \/>\n<meta name=\"twitter:card\" content=\"summary_large_image\" \/>\n<meta name=\"twitter:label1\" content=\"Tempo di lettura stimato\" \/>\n\t<meta name=\"twitter:data1\" content=\"3 minuti\" \/>\n<script type=\"application\/ld+json\" class=\"yoast-schema-graph\">{\"@context\":\"https:\/\/schema.org\",\"@graph\":[{\"@type\":\"WebPage\",\"@id\":\"https:\/\/socialpubli.com\/blog\/it\/linkedin-influencers\/\",\"url\":\"https:\/\/socialpubli.com\/blog\/it\/linkedin-influencers\/\",\"name\":\"Pubblicit\u00e0 su LinkedIn con gli influencer | SocialPubli\",\"isPartOf\":{\"@id\":\"https:\/\/socialpubli.com\/blog\/#website\"},\"primaryImageOfPage\":{\"@id\":\"https:\/\/socialpubli.com\/blog\/it\/linkedin-influencers\/#primaryimage\"},\"image\":{\"@id\":\"https:\/\/socialpubli.com\/blog\/it\/linkedin-influencers\/#primaryimage\"},\"thumbnailUrl\":\"https:\/\/socialpubli.com\/blog\/wp-content\/uploads\/2020\/07\/363.jpg\",\"datePublished\":\"2022-07-06T09:26:56+00:00\",\"dateModified\":\"2022-07-06T10:58:01+00:00\",\"description\":\"Volete fare pubblicit\u00e0 su LinkedIn per la vostra azienda? SocialPubli vi aiuta a lanciare campagne su LinkedIn con gli influencer che hanno un impatto sul vostro pubblico di riferimento.\",\"breadcrumb\":{\"@id\":\"https:\/\/socialpubli.com\/blog\/it\/linkedin-influencers\/#breadcrumb\"},\"inLanguage\":\"it-IT\",\"potentialAction\":[{\"@type\":\"ReadAction\",\"target\":[\"https:\/\/socialpubli.com\/blog\/it\/linkedin-influencers\/\"]}]},{\"@type\":\"ImageObject\",\"inLanguage\":\"it-IT\",\"@id\":\"https:\/\/socialpubli.com\/blog\/it\/linkedin-influencers\/#primaryimage\",\"url\":\"https:\/\/socialpubli.com\/blog\/wp-content\/uploads\/2020\/07\/363.jpg\",\"contentUrl\":\"https:\/\/socialpubli.com\/blog\/wp-content\/uploads\/2020\/07\/363.jpg\",\"width\":700,\"height\":250,\"caption\":\"CHIANGMAI, THAILAND -FEBRUARY 7, 2017:LG Nexus5 opened to Linkedin app. Linkedin is a social networking website for people in professional occupations.\"},{\"@type\":\"BreadcrumbList\",\"@id\":\"https:\/\/socialpubli.com\/blog\/it\/linkedin-influencers\/#breadcrumb\",\"itemListElement\":[{\"@type\":\"ListItem\",\"position\":1,\"name\":\"Portada\",\"item\":\"https:\/\/socialpubli.com\/blog\/\"},{\"@type\":\"ListItem\",\"position\":2,\"name\":\"Campagne di marketing per influencer di LinkedIn per la tua attivit\u00e0\"}]},{\"@type\":\"WebSite\",\"@id\":\"https:\/\/socialpubli.com\/blog\/#website\",\"url\":\"https:\/\/socialpubli.com\/blog\/\",\"name\":\"Social Publi Blog\",\"description\":\"Tendencias en marketing de influencers, branded content y estrategia en redes sociales.\",\"publisher\":{\"@id\":\"https:\/\/socialpubli.com\/blog\/#organization\"},\"potentialAction\":[{\"@type\":\"SearchAction\",\"target\":{\"@type\":\"EntryPoint\",\"urlTemplate\":\"https:\/\/socialpubli.com\/blog\/?s={search_term_string}\"},\"query-input\":{\"@type\":\"PropertyValueSpecification\",\"valueRequired\":true,\"valueName\":\"search_term_string\"}}],\"inLanguage\":\"it-IT\"},{\"@type\":\"Organization\",\"@id\":\"https:\/\/socialpubli.com\/blog\/#organization\",\"name\":\"SocialPubli\",\"url\":\"https:\/\/socialpubli.com\/blog\/\",\"logo\":{\"@type\":\"ImageObject\",\"inLanguage\":\"it-IT\",\"@id\":\"https:\/\/socialpubli.com\/blog\/#\/schema\/logo\/image\/\",\"url\":\"https:\/\/socialpubli.com\/blog\/wp-content\/uploads\/2017\/01\/logo-blog.png\",\"contentUrl\":\"https:\/\/socialpubli.com\/blog\/wp-content\/uploads\/2017\/01\/logo-blog.png\",\"width\":284,\"height\":53,\"caption\":\"SocialPubli\"},\"image\":{\"@id\":\"https:\/\/socialpubli.com\/blog\/#\/schema\/logo\/image\/\"}}]}<\/script>\n<!-- \/ Yoast SEO plugin. -->","yoast_head_json":{"title":"Pubblicit\u00e0 su LinkedIn con gli influencer | SocialPubli","description":"Volete fare pubblicit\u00e0 su LinkedIn per la vostra azienda? SocialPubli vi aiuta a lanciare campagne su LinkedIn con gli influencer che hanno un impatto sul vostro pubblico di riferimento.","robots":{"index":"index","follow":"follow","max-snippet":"max-snippet:-1","max-image-preview":"max-image-preview:large","max-video-preview":"max-video-preview:-1"},"canonical":"https:\/\/socialpubli.com\/blog\/it\/linkedin-influencers\/","og_locale":"it_IT","og_type":"article","og_title":"Pubblicit\u00e0 su LinkedIn con gli influencer | SocialPubli","og_description":"Volete fare pubblicit\u00e0 su LinkedIn per la vostra azienda? SocialPubli vi aiuta a lanciare campagne su LinkedIn con gli influencer che hanno un impatto sul vostro pubblico di riferimento.","og_url":"https:\/\/socialpubli.com\/blog\/it\/linkedin-influencers\/","og_site_name":"Social Publi Blog","article_modified_time":"2022-07-06T10:58:01+00:00","og_image":[{"width":700,"height":250,"url":"https:\/\/socialpubli.com\/blog\/wp-content\/uploads\/2020\/07\/363.jpg","type":"image\/jpeg"}],"twitter_card":"summary_large_image","twitter_misc":{"Tempo di lettura stimato":"3 minuti"},"schema":{"@context":"https:\/\/schema.org","@graph":[{"@type":"WebPage","@id":"https:\/\/socialpubli.com\/blog\/it\/linkedin-influencers\/","url":"https:\/\/socialpubli.com\/blog\/it\/linkedin-influencers\/","name":"Pubblicit\u00e0 su LinkedIn con gli influencer | SocialPubli","isPartOf":{"@id":"https:\/\/socialpubli.com\/blog\/#website"},"primaryImageOfPage":{"@id":"https:\/\/socialpubli.com\/blog\/it\/linkedin-influencers\/#primaryimage"},"image":{"@id":"https:\/\/socialpubli.com\/blog\/it\/linkedin-influencers\/#primaryimage"},"thumbnailUrl":"https:\/\/socialpubli.com\/blog\/wp-content\/uploads\/2020\/07\/363.jpg","datePublished":"2022-07-06T09:26:56+00:00","dateModified":"2022-07-06T10:58:01+00:00","description":"Volete fare pubblicit\u00e0 su LinkedIn per la vostra azienda? SocialPubli vi aiuta a lanciare campagne su LinkedIn con gli influencer che hanno un impatto sul vostro pubblico di riferimento.","breadcrumb":{"@id":"https:\/\/socialpubli.com\/blog\/it\/linkedin-influencers\/#breadcrumb"},"inLanguage":"it-IT","potentialAction":[{"@type":"ReadAction","target":["https:\/\/socialpubli.com\/blog\/it\/linkedin-influencers\/"]}]},{"@type":"ImageObject","inLanguage":"it-IT","@id":"https:\/\/socialpubli.com\/blog\/it\/linkedin-influencers\/#primaryimage","url":"https:\/\/socialpubli.com\/blog\/wp-content\/uploads\/2020\/07\/363.jpg","contentUrl":"https:\/\/socialpubli.com\/blog\/wp-content\/uploads\/2020\/07\/363.jpg","width":700,"height":250,"caption":"CHIANGMAI, THAILAND -FEBRUARY 7, 2017:LG Nexus5 opened to Linkedin app. Linkedin is a social networking website for people in professional occupations."},{"@type":"BreadcrumbList","@id":"https:\/\/socialpubli.com\/blog\/it\/linkedin-influencers\/#breadcrumb","itemListElement":[{"@type":"ListItem","position":1,"name":"Portada","item":"https:\/\/socialpubli.com\/blog\/"},{"@type":"ListItem","position":2,"name":"Campagne di marketing per influencer di LinkedIn per la tua attivit\u00e0"}]},{"@type":"WebSite","@id":"https:\/\/socialpubli.com\/blog\/#website","url":"https:\/\/socialpubli.com\/blog\/","name":"Social Publi Blog","description":"Tendencias en marketing de influencers, branded content y estrategia en redes sociales.","publisher":{"@id":"https:\/\/socialpubli.com\/blog\/#organization"},"potentialAction":[{"@type":"SearchAction","target":{"@type":"EntryPoint","urlTemplate":"https:\/\/socialpubli.com\/blog\/?s={search_term_string}"},"query-input":{"@type":"PropertyValueSpecification","valueRequired":true,"valueName":"search_term_string"}}],"inLanguage":"it-IT"},{"@type":"Organization","@id":"https:\/\/socialpubli.com\/blog\/#organization","name":"SocialPubli","url":"https:\/\/socialpubli.com\/blog\/","logo":{"@type":"ImageObject","inLanguage":"it-IT","@id":"https:\/\/socialpubli.com\/blog\/#\/schema\/logo\/image\/","url":"https:\/\/socialpubli.com\/blog\/wp-content\/uploads\/2017\/01\/logo-blog.png","contentUrl":"https:\/\/socialpubli.com\/blog\/wp-content\/uploads\/2017\/01\/logo-blog.png","width":284,"height":53,"caption":"SocialPubli"},"image":{"@id":"https:\/\/socialpubli.com\/blog\/#\/schema\/logo\/image\/"}}]}},"_links":{"self":[{"href":"https:\/\/socialpubli.com\/blog\/it\/wp-json\/wp\/v2\/pages\/12392","targetHints":{"allow":["GET"]}}],"collection":[{"href":"https:\/\/socialpubli.com\/blog\/it\/wp-json\/wp\/v2\/pages"}],"about":[{"href":"https:\/\/socialpubli.com\/blog\/it\/wp-json\/wp\/v2\/types\/page"}],"author":[{"embeddable":true,"href":"https:\/\/socialpubli.com\/blog\/it\/wp-json\/wp\/v2\/users\/2"}],"replies":[{"embeddable":true,"href":"https:\/\/socialpubli.com\/blog\/it\/wp-json\/wp\/v2\/comments?post=12392"}],"version-history":[{"count":4,"href":"https:\/\/socialpubli.com\/blog\/it\/wp-json\/wp\/v2\/pages\/12392\/revisions"}],"predecessor-version":[{"id":12409,"href":"https:\/\/socialpubli.com\/blog\/it\/wp-json\/wp\/v2\/pages\/12392\/revisions\/12409"}],"wp:featuredmedia":[{"embeddable":true,"href":"https:\/\/socialpubli.com\/blog\/it\/wp-json\/wp\/v2\/media\/12398"}],"wp:attachment":[{"href":"https:\/\/socialpubli.com\/blog\/it\/wp-json\/wp\/v2\/media?parent=12392"}],"curies":[{"name":"wp","href":"https:\/\/api.w.org\/{rel}","templated":true}]}}