{"id":12410,"date":"2022-07-06T14:05:31","date_gmt":"2022-07-06T12:05:31","guid":{"rendered":"https:\/\/socialpubli.com\/blog\/campagne-whats-app\/"},"modified":"2022-08-05T13:20:43","modified_gmt":"2022-08-05T11:20:43","slug":"campagne-whatsapp","status":"publish","type":"page","link":"https:\/\/socialpubli.com\/blog\/it\/campagne-whatsapp\/","title":{"rendered":"CAMPAGNE WHAT\u2019S APP"},"content":{"rendered":"<div class=\"wpb-content-wrapper\"><p>[vc_row][vc_column][vc_row_inner equal_height=&#8221;yes&#8221; content_placement=&#8221;middle&#8221;][vc_column_inner width=&#8221;1\/2&#8243;][vc_column_text css=&#8221;.vc_custom_1659698435070{padding-bottom: 30px !important;}&#8221;]<span style=\"font-weight: 400;\">Con WhatsApp <\/span><b>raggiungerai i tuoi potenziali clienti in modo diretto ed efficace!<\/b><span style=\"font-weight: 400;\"> Le persone reali possono diventare <\/span><b>portavoce del tuo marchio <\/b><span style=\"font-weight: 400;\">comunicando la tua azione di marketing ai propri contatti: amici, familiari, colleghi di lavoro, ecc. In questo modo il messaggio viene trasmesso attraverso persone fidate, dando<\/span><b> maggiore credibilit\u00e0 alle informazioni. Il collegamento \u00e8 diretto: il marketing pi\u00f9 efficace.<\/b>[\/vc_column_text][vc_single_image image=&#8221;12100&#8243; img_size=&#8221;full&#8221; alignment=&#8221;center&#8221;][\/vc_column_inner][vc_column_inner width=&#8221;1\/2&#8243;][vc_column_text]<\/p>\n<h2>VUOI PI\u00d9 INFORMAZIONI?<\/h2>\n<h3>Mettiti in contatto con un nostro commerciale<\/h3>\n<div class=\"wpcf7 no-js\" id=\"wpcf7-f12417-o1\" lang=\"es-ES\" dir=\"ltr\" data-wpcf7-id=\"12417\">\n<div class=\"screen-reader-response\"><p role=\"status\" aria-live=\"polite\" aria-atomic=\"true\"><\/p> <ul><\/ul><\/div>\n<form action=\"\/blog\/it\/wp-json\/wp\/v2\/pages\/12410\/#wpcf7-f12417-o1\" method=\"post\" class=\"wpcf7-form init wpcf7-acceptance-as-validation\" aria-label=\"Formulario de contacto\" novalidate=\"novalidate\" data-status=\"init\">\n<fieldset class=\"hidden-fields-container\"><input type=\"hidden\" name=\"_wpcf7\" value=\"12417\" \/><input type=\"hidden\" name=\"_wpcf7_version\" value=\"6.1.5\" \/><input type=\"hidden\" name=\"_wpcf7_locale\" value=\"es_ES\" \/><input type=\"hidden\" name=\"_wpcf7_unit_tag\" value=\"wpcf7-f12417-o1\" \/><input type=\"hidden\" name=\"_wpcf7_container_post\" value=\"0\" \/><input type=\"hidden\" name=\"_wpcf7_posted_data_hash\" value=\"\" \/><input type=\"hidden\" name=\"_wpcf7_recaptcha_response\" value=\"\" \/>\n<\/fieldset>\n<p><label> Il tuo nome (obbligatorio)<br \/>\n<span class=\"wpcf7-form-control-wrap\" data-name=\"your-name\"><input size=\"40\" maxlength=\"400\" class=\"wpcf7-form-control wpcf7-text wpcf7-validates-as-required\" aria-required=\"true\" aria-invalid=\"false\" value=\"\" type=\"text\" name=\"your-name\" \/><\/span> <\/label>\n<\/p>\n<p><label> La tua e-mail (obbligatorio)<br \/>\n<span class=\"wpcf7-form-control-wrap\" data-name=\"your-email\"><input size=\"40\" maxlength=\"400\" class=\"wpcf7-form-control wpcf7-email wpcf7-validates-as-required wpcf7-text wpcf7-validates-as-email\" aria-required=\"true\" aria-invalid=\"false\" value=\"\" type=\"email\" name=\"your-email\" \/><\/span> <\/label>\n<\/p>\n<p><label> Il tuo telefono (obbligatorio)<br \/>\n<span class=\"wpcf7-form-control-wrap\" data-name=\"tel-705\"><input size=\"40\" maxlength=\"400\" class=\"wpcf7-form-control wpcf7-tel wpcf7-validates-as-required wpcf7-text wpcf7-validates-as-tel\" aria-required=\"true\" aria-invalid=\"false\" value=\"\" type=\"tel\" name=\"tel-705\" \/><\/span> <\/label>\n<\/p>\n<p><label>La tua azienda (obbligatorio)<br \/>\n<span class=\"wpcf7-form-control-wrap\" data-name=\"text-853\"><input size=\"40\" maxlength=\"400\" class=\"wpcf7-form-control wpcf7-text\" aria-invalid=\"false\" value=\"\" type=\"text\" name=\"text-853\" \/><\/span><br \/>\n<\/label>\n<\/p>\n<p><span class=\"wpcf7-form-control-wrap\" data-name=\"acceptance-919\"><span class=\"wpcf7-form-control wpcf7-acceptance\"><span class=\"wpcf7-list-item\"><input type=\"checkbox\" name=\"acceptance-919\" value=\"1\" aria-invalid=\"false\" \/><\/span><\/span><\/span> Accetto la <a href=\"https:\/\/socialpubli.com\/corp\/advertisers\/politica_sulla_privacy\" target=\"blank\" rel=\"nofollow\">Politica sulla privacy<\/a>\n<\/p>\n<p><span class=\"wpcf7-form-control-wrap\" data-name=\"acceptance-694\"><span class=\"wpcf7-form-control wpcf7-acceptance\"><span class=\"wpcf7-list-item\"><input type=\"checkbox\" name=\"acceptance-694\" value=\"1\" aria-invalid=\"false\" \/><\/span><\/span><\/span> Accetto ricevere informazioni commerciali da SocialPubli\n<\/p>\n<p><input class=\"wpcf7-form-control wpcf7-submit has-spinner\" type=\"submit\" value=\"INVIARE\" \/>\n<\/p><p style=\"display: none !important;\" class=\"akismet-fields-container\" data-prefix=\"_wpcf7_ak_\"><label>&#916;<textarea name=\"_wpcf7_ak_hp_textarea\" cols=\"45\" rows=\"8\" maxlength=\"100\"><\/textarea><\/label><input type=\"hidden\" id=\"ak_js_1\" name=\"_wpcf7_ak_js\" value=\"88\"\/><script>document.getElementById( \"ak_js_1\" ).setAttribute( \"value\", ( new Date() ).getTime() );<\/script><\/p><div class=\"wpcf7-response-output\" aria-hidden=\"true\"><\/div>\n<\/form>\n<\/div>\n[\/vc_column_text][\/vc_column_inner][\/vc_row_inner][\/vc_column][\/vc_row][vc_row css=&#8221;.vc_custom_1558007514221{margin-top: 60px !important;margin-bottom: 60px !important;}&#8221;][vc_column width=&#8221;1\/4&#8243;][vc_single_image image=&#8221;5754&#8243; img_size=&#8221;100&#215;100&#8243; alignment=&#8221;center&#8221;][vc_column_text]<\/p>\n<p style=\"text-align: center;\"><b>+450 MILIONI DI UTENTI<\/b><\/p>\n<p style=\"text-align: center;\">Utilizzano what\u2019s app in tutto il mondo<\/p>\n<p>[\/vc_column_text][\/vc_column][vc_column width=&#8221;1\/4&#8243;][vc_single_image image=&#8221;5756&#8243; img_size=&#8221;100&#215;100&#8243; alignment=&#8221;center&#8221;][vc_column_text]<\/p>\n<p style=\"text-align: center;\"><b>GRANDE TASSO DI APERTURA<\/b><\/p>\n<p style=\"text-align: center;\">Una grande quantit\u00e0 di visualizzazioni giornaliere<\/p>\n<p>[\/vc_column_text][\/vc_column][vc_column width=&#8221;1\/4&#8243;][vc_single_image image=&#8221;5752&#8243; img_size=&#8221;100&#215;100&#8243; alignment=&#8221;center&#8221;][vc_column_text]<\/p>\n<p style=\"text-align: center;\"><b>+10 MILIONI DI MESSAGGI<\/b><\/p>\n<p style=\"text-align: center;\">Giornalieri attraverso la piattaforma<\/p>\n<p>[\/vc_column_text][\/vc_column][vc_column width=&#8221;1\/4&#8243;][vc_single_image image=&#8221;5750&#8243; img_size=&#8221;100&#215;100&#8243; alignment=&#8221;center&#8221;][vc_column_text]<\/p>\n<p style=\"text-align: center;\"><b>UNA MANIERA PI\u00d9 EFFICACE<\/b><\/p>\n<p style=\"text-align: center;\">Di entrare in contatto con i tuoi clienti e fidelizzarli<\/p>\n<p>[\/vc_column_text][\/vc_column][\/vc_row][vc_row][vc_column][vc_column_text]<\/p>\n<div class=\"map-gif-wapp\">\n<h3 style=\"text-align: center;\">IL NOSTRO TEAM SALES \u00c8 PRESENTE IN PI\u00d9 DI NOVE PAESI<\/h3>\n<p><img decoding=\"async\" src=\"https:\/\/socialpubli.com\/blog\/wp-content\/uploads\/2019\/03\/GIFmapa.gif\" \/><\/p>\n<\/div>\n<p>[\/vc_column_text][\/vc_column][\/vc_row]<\/p>\n<\/div>","protected":false},"excerpt":{"rendered":"<p>[vc_row][vc_column][vc_row_inner equal_height=&#8221;yes&#8221; content_placement=&#8221;middle&#8221;][vc_column_inner width=&#8221;1\/2&#8243;][vc_column_text css=&#8221;.vc_custom_1659698435070{padding-bottom: 30px !important;}&#8221;]Con WhatsApp raggiungerai i tuoi potenziali clienti in modo diretto ed efficace! Le persone reali possono diventare portavoce del tuo marchio comunicando la tua azione di marketing ai propri contatti: amici, familiari, colleghi di lavoro, ecc. In questo modo il messaggio viene trasmesso attraverso persone fidate, dando maggiore credibilit\u00e0 [&hellip;]<\/p>\n","protected":false},"author":2,"featured_media":0,"parent":0,"menu_order":0,"comment_status":"closed","ping_status":"closed","template":"","meta":{"footnotes":""},"class_list":["post-12410","page","type-page","status-publish","hentry"],"yoast_head":"<!-- This site is optimized with the Yoast SEO plugin v27.0 - https:\/\/yoast.com\/product\/yoast-seo-wordpress\/ -->\n<title>CAMPAGNE WHAT\u2019S APP | Social Publi Blog<\/title>\n<meta name=\"description\" content=\"Con WhatsApp raggiungerai i tuoi potenziali clienti in modo diretto ed efficace! Le persone reali possono diventare portavoce del tuo marchio comunicando\" \/>\n<meta name=\"robots\" content=\"index, follow, max-snippet:-1, max-image-preview:large, max-video-preview:-1\" \/>\n<link rel=\"canonical\" href=\"https:\/\/socialpubli.com\/blog\/it\/campagne-whatsapp\/\" \/>\n<meta property=\"og:locale\" content=\"it_IT\" \/>\n<meta property=\"og:type\" content=\"article\" \/>\n<meta property=\"og:title\" content=\"CAMPAGNE WHAT\u2019S APP | Social Publi Blog\" \/>\n<meta property=\"og:description\" content=\"Con WhatsApp raggiungerai i tuoi potenziali clienti in modo diretto ed efficace! Le persone reali possono diventare portavoce del tuo marchio comunicando\" \/>\n<meta property=\"og:url\" content=\"https:\/\/socialpubli.com\/blog\/it\/campagne-whatsapp\/\" \/>\n<meta property=\"og:site_name\" content=\"Social Publi Blog\" \/>\n<meta property=\"article:modified_time\" content=\"2022-08-05T11:20:43+00:00\" \/>\n<meta property=\"og:image\" content=\"https:\/\/socialpubli.com\/blog\/wp-content\/uploads\/2019\/03\/back_wapp_hero4.jpg\" \/>\n\t<meta property=\"og:image:width\" content=\"2000\" \/>\n\t<meta property=\"og:image:height\" content=\"800\" \/>\n\t<meta property=\"og:image:type\" content=\"image\/jpeg\" \/>\n<meta name=\"twitter:card\" content=\"summary_large_image\" \/>\n<meta name=\"twitter:label1\" content=\"Tempo di lettura stimato\" \/>\n\t<meta name=\"twitter:data1\" content=\"1 minuto\" \/>\n<script type=\"application\/ld+json\" class=\"yoast-schema-graph\">{\"@context\":\"https:\/\/schema.org\",\"@graph\":[{\"@type\":\"WebPage\",\"@id\":\"https:\/\/socialpubli.com\/blog\/it\/campagne-whatsapp\/\",\"url\":\"https:\/\/socialpubli.com\/blog\/it\/campagne-whatsapp\/\",\"name\":\"CAMPAGNE WHAT\u2019S APP | Social Publi Blog\",\"isPartOf\":{\"@id\":\"https:\/\/socialpubli.com\/blog\/#website\"},\"primaryImageOfPage\":{\"@id\":\"https:\/\/socialpubli.com\/blog\/it\/campagne-whatsapp\/#primaryimage\"},\"image\":{\"@id\":\"https:\/\/socialpubli.com\/blog\/it\/campagne-whatsapp\/#primaryimage\"},\"thumbnailUrl\":\"https:\/\/socialpubli.com\/blog\/wp-content\/uploads\/2019\/03\/GIFmapa.gif\",\"datePublished\":\"2022-07-06T12:05:31+00:00\",\"dateModified\":\"2022-08-05T11:20:43+00:00\",\"description\":\"Con WhatsApp raggiungerai i tuoi potenziali clienti in modo diretto ed efficace! Le persone reali possono diventare portavoce del tuo marchio comunicando\",\"breadcrumb\":{\"@id\":\"https:\/\/socialpubli.com\/blog\/it\/campagne-whatsapp\/#breadcrumb\"},\"inLanguage\":\"it-IT\",\"potentialAction\":[{\"@type\":\"ReadAction\",\"target\":[\"https:\/\/socialpubli.com\/blog\/it\/campagne-whatsapp\/\"]}]},{\"@type\":\"ImageObject\",\"inLanguage\":\"it-IT\",\"@id\":\"https:\/\/socialpubli.com\/blog\/it\/campagne-whatsapp\/#primaryimage\",\"url\":\"https:\/\/socialpubli.com\/blog\/wp-content\/uploads\/2019\/03\/GIFmapa.gif\",\"contentUrl\":\"https:\/\/socialpubli.com\/blog\/wp-content\/uploads\/2019\/03\/GIFmapa.gif\"},{\"@type\":\"BreadcrumbList\",\"@id\":\"https:\/\/socialpubli.com\/blog\/it\/campagne-whatsapp\/#breadcrumb\",\"itemListElement\":[{\"@type\":\"ListItem\",\"position\":1,\"name\":\"Portada\",\"item\":\"https:\/\/socialpubli.com\/blog\/\"},{\"@type\":\"ListItem\",\"position\":2,\"name\":\"CAMPAGNE WHAT\u2019S APP\"}]},{\"@type\":\"WebSite\",\"@id\":\"https:\/\/socialpubli.com\/blog\/#website\",\"url\":\"https:\/\/socialpubli.com\/blog\/\",\"name\":\"Social Publi Blog\",\"description\":\"Tendencias en marketing de influencers, branded content y estrategia en redes sociales.\",\"publisher\":{\"@id\":\"https:\/\/socialpubli.com\/blog\/#organization\"},\"potentialAction\":[{\"@type\":\"SearchAction\",\"target\":{\"@type\":\"EntryPoint\",\"urlTemplate\":\"https:\/\/socialpubli.com\/blog\/?s={search_term_string}\"},\"query-input\":{\"@type\":\"PropertyValueSpecification\",\"valueRequired\":true,\"valueName\":\"search_term_string\"}}],\"inLanguage\":\"it-IT\"},{\"@type\":\"Organization\",\"@id\":\"https:\/\/socialpubli.com\/blog\/#organization\",\"name\":\"SocialPubli\",\"url\":\"https:\/\/socialpubli.com\/blog\/\",\"logo\":{\"@type\":\"ImageObject\",\"inLanguage\":\"it-IT\",\"@id\":\"https:\/\/socialpubli.com\/blog\/#\/schema\/logo\/image\/\",\"url\":\"https:\/\/socialpubli.com\/blog\/wp-content\/uploads\/2017\/01\/logo-blog.png\",\"contentUrl\":\"https:\/\/socialpubli.com\/blog\/wp-content\/uploads\/2017\/01\/logo-blog.png\",\"width\":284,\"height\":53,\"caption\":\"SocialPubli\"},\"image\":{\"@id\":\"https:\/\/socialpubli.com\/blog\/#\/schema\/logo\/image\/\"}}]}<\/script>\n<!-- \/ Yoast SEO plugin. -->","yoast_head_json":{"title":"CAMPAGNE WHAT\u2019S APP | Social Publi Blog","description":"Con WhatsApp raggiungerai i tuoi potenziali clienti in modo diretto ed efficace! Le persone reali possono diventare portavoce del tuo marchio comunicando","robots":{"index":"index","follow":"follow","max-snippet":"max-snippet:-1","max-image-preview":"max-image-preview:large","max-video-preview":"max-video-preview:-1"},"canonical":"https:\/\/socialpubli.com\/blog\/it\/campagne-whatsapp\/","og_locale":"it_IT","og_type":"article","og_title":"CAMPAGNE WHAT\u2019S APP | Social Publi Blog","og_description":"Con WhatsApp raggiungerai i tuoi potenziali clienti in modo diretto ed efficace! Le persone reali possono diventare portavoce del tuo marchio comunicando","og_url":"https:\/\/socialpubli.com\/blog\/it\/campagne-whatsapp\/","og_site_name":"Social Publi Blog","article_modified_time":"2022-08-05T11:20:43+00:00","og_image":[{"width":2000,"height":800,"url":"https:\/\/socialpubli.com\/blog\/wp-content\/uploads\/2019\/03\/back_wapp_hero4.jpg","type":"image\/jpeg"}],"twitter_card":"summary_large_image","twitter_misc":{"Tempo di lettura stimato":"1 minuto"},"schema":{"@context":"https:\/\/schema.org","@graph":[{"@type":"WebPage","@id":"https:\/\/socialpubli.com\/blog\/it\/campagne-whatsapp\/","url":"https:\/\/socialpubli.com\/blog\/it\/campagne-whatsapp\/","name":"CAMPAGNE WHAT\u2019S APP | Social Publi Blog","isPartOf":{"@id":"https:\/\/socialpubli.com\/blog\/#website"},"primaryImageOfPage":{"@id":"https:\/\/socialpubli.com\/blog\/it\/campagne-whatsapp\/#primaryimage"},"image":{"@id":"https:\/\/socialpubli.com\/blog\/it\/campagne-whatsapp\/#primaryimage"},"thumbnailUrl":"https:\/\/socialpubli.com\/blog\/wp-content\/uploads\/2019\/03\/GIFmapa.gif","datePublished":"2022-07-06T12:05:31+00:00","dateModified":"2022-08-05T11:20:43+00:00","description":"Con WhatsApp raggiungerai i tuoi potenziali clienti in modo diretto ed efficace! Le persone reali possono diventare portavoce del tuo marchio comunicando","breadcrumb":{"@id":"https:\/\/socialpubli.com\/blog\/it\/campagne-whatsapp\/#breadcrumb"},"inLanguage":"it-IT","potentialAction":[{"@type":"ReadAction","target":["https:\/\/socialpubli.com\/blog\/it\/campagne-whatsapp\/"]}]},{"@type":"ImageObject","inLanguage":"it-IT","@id":"https:\/\/socialpubli.com\/blog\/it\/campagne-whatsapp\/#primaryimage","url":"https:\/\/socialpubli.com\/blog\/wp-content\/uploads\/2019\/03\/GIFmapa.gif","contentUrl":"https:\/\/socialpubli.com\/blog\/wp-content\/uploads\/2019\/03\/GIFmapa.gif"},{"@type":"BreadcrumbList","@id":"https:\/\/socialpubli.com\/blog\/it\/campagne-whatsapp\/#breadcrumb","itemListElement":[{"@type":"ListItem","position":1,"name":"Portada","item":"https:\/\/socialpubli.com\/blog\/"},{"@type":"ListItem","position":2,"name":"CAMPAGNE WHAT\u2019S APP"}]},{"@type":"WebSite","@id":"https:\/\/socialpubli.com\/blog\/#website","url":"https:\/\/socialpubli.com\/blog\/","name":"Social Publi Blog","description":"Tendencias en marketing de influencers, branded content y estrategia en redes sociales.","publisher":{"@id":"https:\/\/socialpubli.com\/blog\/#organization"},"potentialAction":[{"@type":"SearchAction","target":{"@type":"EntryPoint","urlTemplate":"https:\/\/socialpubli.com\/blog\/?s={search_term_string}"},"query-input":{"@type":"PropertyValueSpecification","valueRequired":true,"valueName":"search_term_string"}}],"inLanguage":"it-IT"},{"@type":"Organization","@id":"https:\/\/socialpubli.com\/blog\/#organization","name":"SocialPubli","url":"https:\/\/socialpubli.com\/blog\/","logo":{"@type":"ImageObject","inLanguage":"it-IT","@id":"https:\/\/socialpubli.com\/blog\/#\/schema\/logo\/image\/","url":"https:\/\/socialpubli.com\/blog\/wp-content\/uploads\/2017\/01\/logo-blog.png","contentUrl":"https:\/\/socialpubli.com\/blog\/wp-content\/uploads\/2017\/01\/logo-blog.png","width":284,"height":53,"caption":"SocialPubli"},"image":{"@id":"https:\/\/socialpubli.com\/blog\/#\/schema\/logo\/image\/"}}]}},"_links":{"self":[{"href":"https:\/\/socialpubli.com\/blog\/it\/wp-json\/wp\/v2\/pages\/12410","targetHints":{"allow":["GET"]}}],"collection":[{"href":"https:\/\/socialpubli.com\/blog\/it\/wp-json\/wp\/v2\/pages"}],"about":[{"href":"https:\/\/socialpubli.com\/blog\/it\/wp-json\/wp\/v2\/types\/page"}],"author":[{"embeddable":true,"href":"https:\/\/socialpubli.com\/blog\/it\/wp-json\/wp\/v2\/users\/2"}],"replies":[{"embeddable":true,"href":"https:\/\/socialpubli.com\/blog\/it\/wp-json\/wp\/v2\/comments?post=12410"}],"version-history":[{"count":5,"href":"https:\/\/socialpubli.com\/blog\/it\/wp-json\/wp\/v2\/pages\/12410\/revisions"}],"predecessor-version":[{"id":12637,"href":"https:\/\/socialpubli.com\/blog\/it\/wp-json\/wp\/v2\/pages\/12410\/revisions\/12637"}],"wp:attachment":[{"href":"https:\/\/socialpubli.com\/blog\/it\/wp-json\/wp\/v2\/media?parent=12410"}],"curies":[{"name":"wp","href":"https:\/\/api.w.org\/{rel}","templated":true}]}}