{"id":12433,"date":"2022-07-07T09:21:50","date_gmt":"2022-07-07T07:21:50","guid":{"rendered":"https:\/\/socialpubli.com\/blog\/twitch-influencer-marketing-per-il-tuo-marchio\/"},"modified":"2022-07-08T12:28:34","modified_gmt":"2022-07-08T10:28:34","slug":"twitch-influencers","status":"publish","type":"page","link":"https:\/\/socialpubli.com\/blog\/it\/twitch-influencers\/","title":{"rendered":"Twitch influencer Marketing per il tuo marchio"},"content":{"rendered":"<div class=\"wpb-content-wrapper\"><p>[vc_row][vc_column][vc_row_inner][vc_column_inner width=&#8221;1\/2&#8243;][vc_column_text css=&#8221;.vc_custom_1600087827791{padding-bottom: 40px !important;}&#8221;]<\/p>\n<h2>VUOI CREARE CAMPAGNE CON INFLUENCERS CON TWITCH?<\/h2>\n<p><span style='font-weight: 400;'>I <strong>giocatori e il settore degli eSport<\/strong> sono da tempo radicati nelle nostre vite. Ci\u00f2 non significa per\u00f2 che non ci sia una proiezione in questo campo, poich\u00e9 \u00e8 <strong>un settore che non smette di cambiare e crescere.<\/strong> <strong>E sono proprio questi giocatori che, avendo alle spalle una grande community, possono dare una grande spinta al proprio brand grazie al Marketing su Twitch con gli influencer.<\/strong><\/span><\/p>\n<p><span style='font-weight: 400;'>In SocialPubli siamo consapevoli del potere che hanno i giocatori ed \u00e8 per questo che lavoriamo su campagne con questi profili attraverso il social network Twitch.<\/span>[\/vc_column_text][qodef_button size=&#8221;medium&#8221; text=&#8221;PROVALO ORA&#8221; target=&#8221;_self&#8221; icon_pack=&#8221;&#8221; font_weight=&#8221;&#8221; text_transform=&#8221;&#8221; link=&#8221;https:\/\/socialpubli.com\/it#advertiser_signup&#8221; custom_class=&#8221;btn-not-resp&#8221;][\/vc_column_inner][vc_column_inner width=&#8221;1\/2&#8243;][vc_column_text css=&#8221;.vc_custom_1657276108754{margin-top: 60px !important;}&#8221;]<\/p>\n<div class='box-form-land'>\n<h3><span style='color: #f6a801;'>Se vuoi maggiori informazioni scarica la nostra guida sulle campagne Twitch qui:<\/span><\/h3>\n<div class=\"wpcf7 no-js\" id=\"wpcf7-f12455-o1\" lang=\"es-ES\" dir=\"ltr\" data-wpcf7-id=\"12455\">\n<div class=\"screen-reader-response\">\n<p role=\"status\" aria-live=\"polite\" aria-atomic=\"true\"><\/p> <ul><\/ul>\n<\/div>\n<form action=\"\/blog\/it\/wp-json\/wp\/v2\/pages\/12433\/#wpcf7-f12455-o1\" method=\"post\" class=\"wpcf7-form init wpcf7-acceptance-as-validation\" aria-label=\"Formulario de contacto\" novalidate=\"novalidate\" data-status=\"init\">\n<fieldset class=\"hidden-fields-container\">\n<input type=\"hidden\" name=\"_wpcf7\" value=\"12455\"><input type=\"hidden\" name=\"_wpcf7_version\" value=\"6.1.5\"><input type=\"hidden\" name=\"_wpcf7_locale\" value=\"es_ES\"><input type=\"hidden\" name=\"_wpcf7_unit_tag\" value=\"wpcf7-f12455-o1\"><input type=\"hidden\" name=\"_wpcf7_container_post\" value=\"0\"><input type=\"hidden\" name=\"_wpcf7_posted_data_hash\" value=\"\"><input type=\"hidden\" name=\"_wpcf7_recaptcha_response\" value=\"\">\n<\/fieldset>\n<p><label> Il tuo nome (obbligatorio)<br>\n<span class=\"wpcf7-form-control-wrap\" data-name=\"your-name\"><input size=\"40\" maxlength=\"400\" class=\"wpcf7-form-control wpcf7-text wpcf7-validates-as-required\" aria-required=\"true\" aria-invalid=\"false\" value=\"\" type=\"text\" name=\"your-name\"><\/span> <\/label>\n<\/p>\n<p><label> La tua e-mail (obbligatorio)<br>\n<span class=\"wpcf7-form-control-wrap\" data-name=\"your-email\"><input size=\"40\" maxlength=\"400\" class=\"wpcf7-form-control wpcf7-email wpcf7-validates-as-required wpcf7-text wpcf7-validates-as-email\" aria-required=\"true\" aria-invalid=\"false\" value=\"\" type=\"email\" name=\"your-email\"><\/span> <\/label>\n<\/p>\n<p><label> Il tuo telefono (obbligatorio)<br>\n<span class=\"wpcf7-form-control-wrap\" data-name=\"tel-705\"><input size=\"40\" maxlength=\"400\" class=\"wpcf7-form-control wpcf7-tel wpcf7-validates-as-required wpcf7-text wpcf7-validates-as-tel\" aria-required=\"true\" aria-invalid=\"false\" value=\"\" type=\"tel\" name=\"tel-705\"><\/span> <\/label>\n<\/p>\n<p><label>La tua azienda (obbligatorio)<br>\n<span class=\"wpcf7-form-control-wrap\" data-name=\"text-853\"><input size=\"40\" maxlength=\"400\" class=\"wpcf7-form-control wpcf7-text\" aria-invalid=\"false\" value=\"\" type=\"text\" name=\"text-853\"><\/span><br>\n<\/label>\n<\/p>\n<p><span class=\"wpcf7-form-control-wrap\" data-name=\"acceptance-919\"><span class=\"wpcf7-form-control wpcf7-acceptance\"><span class=\"wpcf7-list-item\"><input type=\"checkbox\" name=\"acceptance-919\" value=\"1\" aria-invalid=\"false\"><\/span><\/span><\/span> Accetto la <a href=\"https:\/\/socialpubli.com\/corp\/advertisers\/politica_sulla_privacy\" target=\"blank\" rel=\"nofollow\">Politica sulla privacy<\/a>\n<\/p>\n<p><span class=\"wpcf7-form-control-wrap\" data-name=\"acceptance-694\"><span class=\"wpcf7-form-control wpcf7-acceptance\"><span class=\"wpcf7-list-item\"><input type=\"checkbox\" name=\"acceptance-694\" value=\"1\" aria-invalid=\"false\"><\/span><\/span><\/span> Accetto di ricevere comunicazioni di natura commerciale da SocialPubli\n<\/p>\n<p><input class=\"wpcf7-form-control wpcf7-submit has-spinner\" type=\"submit\" value=\"SCARICA\">\n<\/p>\n<p style=\"display: none !important;\" class=\"akismet-fields-container\" data-prefix=\"_wpcf7_ak_\"><label>&Delta;<textarea name=\"_wpcf7_ak_hp_textarea\" cols=\"45\" rows=\"8\" maxlength=\"100\"><\/textarea><\/label><input type=\"hidden\" id=\"ak_js_1\" name=\"_wpcf7_ak_js\" value=\"6\"><script>document.getElementById( \"ak_js_1\" ).setAttribute( \"value\", ( new Date() ).getTime() );<\/script><\/p>\n<label class=\"ebd_input\"><input type=\"hidden\" name=\"ebd_downloads[]\" value=\"12453|IT - Twitch Influencers\"> <\/label><input type=\"hidden\" class=\"ebd_setting\" name=\"ebd_settings[]\" value=\"title|IT - Twitch Influencers\"><input type=\"hidden\" class=\"ebd_setting\" name=\"ebd_settings[]\" value=\"delivered_as|inline link\"><input type=\"hidden\" class=\"ebd_setting\" name=\"ebd_settings[]\" value=\"hide_form|no\"><input type=\"hidden\" class=\"ebd_setting\" name=\"ebd_settings[]\" value=\"radio|no\"><input type=\"hidden\" class=\"ebd_setting\" name=\"ebd_settings[]\" value=\"link_format|_blank\"><input type=\"hidden\" class=\"ebd_setting\" name=\"ebd_settings[]\" value=\"file_thumbnail|no\"><input type=\"hidden\" class=\"ebd_setting\" name=\"ebd_settings[]\" value=\"item_id|62\"><input type=\"hidden\" class=\"ebd_setting\" name=\"ebd_settings[]\" value=\"form_id|wpcf7-f12455-o1\"><div class=\"wpcf7-response-output\" aria-hidden=\"true\"><\/div>\n<\/form>\n<\/div>\n\n<\/div>\n<p>[\/vc_column_text][\/vc_column_inner][\/vc_row_inner][\/vc_column][\/vc_row][vc_row css=&#8221;.vc_custom_1595249731266{background-position: center !important;background-repeat: no-repeat !important;background-size: cover !important;}&#8221;][vc_column][vc_row_inner css=&#8221;.vc_custom_1598271054511{background-color: #0f1727 !important;}&#8221; el_class=&#8221;backg_box&#8221;][vc_column_inner width=&#8221;1\/3&#8243; css=&#8221;.vc_custom_1595239970287{padding-top: 20px !important;padding-bottom: 20px !important;}&#8221;][vc_single_image image=&#8221;8201&#8243; img_size=&#8221;medium&#8221; alignment=&#8221;center&#8221; el_class=&#8221;img-mobile-module&#8221;][\/vc_column_inner][vc_column_inner width=&#8221;2\/3&#8243;][vc_column_text css=&#8221;.vc_custom_1600087901296{padding-bottom: 40px !important;}&#8221;]<span style='font-weight: 400; color: #ffffff;'>Ma prima di vedere come realizzare queste campagne pubblicitarie su Twitch, conviene conoscere i vantaggi di questo social network. <strong>Twitch \u00e8 diventata la pi\u00f9 grande piattaforma di streaming video al mondo.<\/strong><\/span><\/p>\n<p><span style='font-weight: 400; color: #ffffff;'>Inoltre, ha il vantaggio che, sebbene inizialmente e principalmente verr\u00e0 utilizzato per i videogiochi, si trovano sempre pi\u00f9 varianti di contenuto. Ci\u00f2 che apre ancora di pi\u00f9 la gamma di marchi che hanno un posto in questo social network.<\/span>[\/vc_column_text][\/vc_column_inner][\/vc_row_inner][vc_row_inner css=&#8221;.vc_custom_1595235211406{margin-top: 50px !important;}&#8221;][vc_column_inner el_class=&#8221;text-center&#8221; css=&#8221;.vc_custom_1597096470123{padding-top: 20px !important;padding-bottom: 20px !important;}&#8221;][vc_column_text css=&#8221;.vc_custom_1600088012216{padding-bottom: 40px !important;}&#8221;]<\/p>\n<h2 style='text-align: center;'><span style='color: #f6a801;'>Come fare Influencer Marketing su Twitch?<\/span><\/h2>\n<p style='text-align: center;'><span style='font-weight: 400;'>Se hai gi\u00e0 realizzato campagne con SocialPubli, saprai che semplifichiamo al massimo i processi affinch\u00e9 tu possa <strong>sviluppare azioni commerciali e pubblicit\u00e0 con influencer su Twitch in modo semplice ma molto efficace.<\/strong><\/span><\/p>\n<p style='text-align: center;'><span style='font-weight: 400;'>Il processo di creazione di campagne di marketing su Twitch con SocialPubli \u00e8 molto semplice. Tanto che saremo noi i responsabili dell&#8217;intero processo. Twitch \u00e8 un social network con il quale non lavoriamo in modo automatizzato, ma scegliamo di <strong>personalizzare l&#8217;azione e adattarla al tuo business.<\/strong> Ma non preoccuparti, avrai sempre l&#8217;ultima parola.<\/span><\/p>\n<p>[\/vc_column_text][qodef_button size=&#8221;medium&#8221; text=&#8221;CREA LA TUA CAMPAGNA&#8221; target=&#8221;_self&#8221; icon_pack=&#8221;&#8221; font_weight=&#8221;&#8221; text_transform=&#8221;&#8221; link=&#8221;https:\/\/socialpubli.com\/it#advertiser_signup&#8221; margin=&#8221;0px auto&#8221;][\/vc_column_inner][\/vc_row_inner][vc_row_inner css=&#8221;.vc_custom_1595235201209{margin-top: 50px !important;}&#8221;][vc_column_inner width=&#8221;1\/2&#8243; css=&#8221;.vc_custom_1595241364308{padding-top: 20px !important;padding-bottom: 20px !important;}&#8221;][vc_single_image image=&#8221;8196&#8243; img_size=&#8221;full&#8221; alignment=&#8221;center&#8221; el_class=&#8221;img-mobile-module&#8221;][\/vc_column_inner][vc_column_inner width=&#8221;1\/2&#8243;][vc_column_text css=&#8221;.vc_custom_1600088351844{padding-bottom: 40px !important;}&#8221;]<span style='font-weight: 400;'>Pertanto, la prima cosa che dovresti fare \u00e8<\/span> <a href='mailto:info@socialpubli.com'><b>contattare<\/b><\/a> <span style='font-weight: 400;'>il nostro team di vendita e raccontare loro la tua idea. Pertanto,<strong>il nostro team creativo sar\u00e0 in grado di adattare il tuo briefing alle caratteristiche di Twitch<\/strong> e degli influencer che utilizzano questo mezzo per connettersi con il loro pubblico.<\/span><\/p>\n<p><span style='font-weight: 400;'>In questo social network possiamo proporti diverse idee per la tua campagna pubblicitaria. Ad esempio, una competizione tra influencer dove protagonista \u00e8 il tuo prodotto, <strong>dinamiche personalizzate con influencer, gamer o streamer che scegli tu affinch\u00e9<\/strong> nelle loro dirette mostrino il tuo prodotto e ne raccontino i vantaggi.<\/span>[\/vc_column_text][qodef_button size=&#8221;medium&#8221; text=&#8221;RICHIEDI UNA PROPOSTA&#8221; target=&#8221;_self&#8221; icon_pack=&#8221;&#8221; font_weight=&#8221;&#8221; text_transform=&#8221;&#8221; link=&#8221;mailto:ventas@socialpubli.com&#8221;][\/vc_column_inner][\/vc_row_inner][vc_row_inner css=&#8221;.vc_custom_1595235201209{margin-top: 50px !important;}&#8221;][vc_column_inner width=&#8221;2\/3&#8243; css=&#8221;.vc_custom_1595241364308{padding-top: 20px !important;padding-bottom: 20px !important;}&#8221;][vc_column_text css=&#8221;.vc_custom_1600088408828{padding-bottom: 40px !important;}&#8221;]<span style='font-weight: 400;'>Una delle proposte pi\u00f9 interessanti che possiamo farvi saranno le <strong>azioni multicanale<\/strong>: gli influencer non sono solo su Twitch, ma buona parte del loro pubblico li segue su tutte le reti su cui condividono i contenuti. Quindi <strong>possiamo proporvi di amplificare il messaggio su molte altre piattaforme,<\/strong> essendo Twitch, in questo caso, sempre quello principale.<\/span><\/p>\n<p><span style='font-weight: 400;'>Ci sono molte altre possibilit\u00e0, ma quando si tratta di lavorare con influencer (giocatori, streamer&#8230;), queste sono quelle che si sono rivelate pi\u00f9 efficaci. Una volta che avremo una proposta per il tuo marchio, il nostro team commerciale te la invier\u00e0. <\/span><\/p>\n<p><span style='font-weight: 400;'>Tutto \u00e8 soggetto a modifiche. Come ti abbiamo detto, <strong>hai l&#8217;ultima parola e noi apporteremo tutte le modifiche necessarie affinch\u00e9 finalmente si adatti al 100% alle esigenze della tua attivit\u00e0.<\/strong><\/span>[\/vc_column_text][qodef_button size=&#8221;medium&#8221; text=&#8221;PROVALO ORA&#8221; target=&#8221;_self&#8221; icon_pack=&#8221;&#8221; font_weight=&#8221;&#8221; text_transform=&#8221;&#8221; link=&#8221;https:\/\/socialpubli.com\/it#advertiser_signup&#8221;][\/vc_column_inner][vc_column_inner width=&#8221;1\/3&#8243;][vc_single_image image=&#8221;8188&#8243; img_size=&#8221;full&#8221;][\/vc_column_inner][\/vc_row_inner][\/vc_column][\/vc_row][vc_row css=&#8221;.vc_custom_1595404032186{margin-top: 50px !important;margin-bottom: 50px !important;}&#8221;][vc_column el_class=&#8221;text-center&#8221;][vc_row_inner][vc_column_inner el_class=&#8221;tiktok-list&#8221; css=&#8221;.vc_custom_1595239047397{padding-right: 40px !important;}&#8221;][vc_column_text css=&#8221;.vc_custom_1600088474076{padding-bottom: 40px !important;}&#8221;]<\/p>\n<p style='text-align: center;'><span style='font-weight: 400;'>Quando avremo l&#8217;approvazione finale, inizier\u00e0 la campagna di marketing su Twitch. <strong>Cercheremo gli influencer ideali per il tuo brand, li contatteremo e racconteremo loro l&#8217;idea in modo che possano realizzarla sui loro profili.<\/strong><\/span><\/p>\n<p style='text-align: center;'><span style='font-weight: 400;'>Ma non si ferma qui. Per SocialPubli \u00e8 fondamentale poter vedere come si sta evolvendo la campagna in ogni momento e quali risultati sono stati ottenuti una volta terminata la campagna. Per questo motivo, <strong>vi offriremo un report completo in cui potrete verificare il successo delle campagne di marketing su Twitch realizzate con noi.<\/strong> <\/span><\/p>\n<p>[\/vc_column_text][\/vc_column_inner][\/vc_row_inner][qodef_button size=&#8221;medium&#8221; text=&#8221;INIZIA ADESSO!&#8221; target=&#8221;_self&#8221; icon_pack=&#8221;&#8221; font_weight=&#8221;&#8221; text_transform=&#8221;&#8221; link=&#8221;https:\/\/socialpubli.com\/it#advertiser_signup&#8221; margin=&#8221;0px auto&#8221;][\/vc_column][\/vc_row]<\/p>\n<\/div>","protected":false},"excerpt":{"rendered":"<p>[vc_row][vc_column][vc_row_inner][vc_column_inner width=&#8221;1\/2&#8243;][vc_column_text css=&#8221;.vc_custom_1600087827791{padding-bottom: 40px !important;}&#8221;] VUOI CREARE CAMPAGNE CON INFLUENCERS CON TWITCH? I giocatori e il settore degli eSport sono da tempo radicati nelle nostre vite. Ci\u00f2 non significa per\u00f2 che non ci sia una proiezione in questo campo, poich\u00e9 \u00e8 un settore che non smette di cambiare e crescere. E sono proprio questi giocatori [&hellip;]<\/p>\n","protected":false},"author":2,"featured_media":12436,"parent":0,"menu_order":0,"comment_status":"closed","ping_status":"closed","template":"","meta":{"footnotes":""},"class_list":["post-12433","page","type-page","status-publish","has-post-thumbnail","hentry"],"yoast_head":"<!-- This site is optimized with the Yoast SEO plugin v27.0 - https:\/\/yoast.com\/product\/yoast-seo-wordpress\/ -->\n<title>Marketing su Twitch con gli influencer | SocialPubli<\/title>\n<meta name=\"description\" content=\"Preparate la vostra strategia di marketing su Twitch con gli influencer. SocialPubli vi aiuta a lanciare campagne pubblicitarie su Twitch con gli influencer giusti.\" \/>\n<meta name=\"robots\" content=\"index, follow, max-snippet:-1, max-image-preview:large, max-video-preview:-1\" \/>\n<link rel=\"canonical\" href=\"https:\/\/socialpubli.com\/blog\/it\/twitch-influencers\/\" \/>\n<meta property=\"og:locale\" content=\"it_IT\" \/>\n<meta property=\"og:type\" content=\"article\" \/>\n<meta property=\"og:title\" content=\"Marketing su Twitch con gli influencer | SocialPubli\" \/>\n<meta property=\"og:description\" content=\"Preparate la vostra strategia di marketing su Twitch con gli influencer. SocialPubli vi aiuta a lanciare campagne pubblicitarie su Twitch con gli influencer giusti.\" \/>\n<meta property=\"og:url\" content=\"https:\/\/socialpubli.com\/blog\/it\/twitch-influencers\/\" \/>\n<meta property=\"og:site_name\" content=\"Social Publi Blog\" \/>\n<meta property=\"article:modified_time\" content=\"2022-07-08T10:28:34+00:00\" \/>\n<meta property=\"og:image\" content=\"https:\/\/socialpubli.com\/blog\/wp-content\/uploads\/2020\/08\/twitch_img3.png\" \/>\n\t<meta property=\"og:image:width\" content=\"747\" \/>\n\t<meta property=\"og:image:height\" content=\"713\" \/>\n\t<meta property=\"og:image:type\" content=\"image\/png\" \/>\n<meta name=\"twitter:card\" content=\"summary_large_image\" \/>\n<meta name=\"twitter:label1\" content=\"Tempo di lettura stimato\" \/>\n\t<meta name=\"twitter:data1\" content=\"4 minuti\" \/>\n<script type=\"application\/ld+json\" class=\"yoast-schema-graph\">{\"@context\":\"https:\/\/schema.org\",\"@graph\":[{\"@type\":\"WebPage\",\"@id\":\"https:\/\/socialpubli.com\/blog\/it\/twitch-influencers\/\",\"url\":\"https:\/\/socialpubli.com\/blog\/it\/twitch-influencers\/\",\"name\":\"Marketing su Twitch con gli influencer | SocialPubli\",\"isPartOf\":{\"@id\":\"https:\/\/socialpubli.com\/blog\/#website\"},\"primaryImageOfPage\":{\"@id\":\"https:\/\/socialpubli.com\/blog\/it\/twitch-influencers\/#primaryimage\"},\"image\":{\"@id\":\"https:\/\/socialpubli.com\/blog\/it\/twitch-influencers\/#primaryimage\"},\"thumbnailUrl\":\"https:\/\/socialpubli.com\/blog\/wp-content\/uploads\/2020\/08\/twitch_img3.png\",\"datePublished\":\"2022-07-07T07:21:50+00:00\",\"dateModified\":\"2022-07-08T10:28:34+00:00\",\"description\":\"Preparate la vostra strategia di marketing su Twitch con gli influencer. SocialPubli vi aiuta a lanciare campagne pubblicitarie su Twitch con gli influencer giusti.\",\"breadcrumb\":{\"@id\":\"https:\/\/socialpubli.com\/blog\/it\/twitch-influencers\/#breadcrumb\"},\"inLanguage\":\"it-IT\",\"potentialAction\":[{\"@type\":\"ReadAction\",\"target\":[\"https:\/\/socialpubli.com\/blog\/it\/twitch-influencers\/\"]}]},{\"@type\":\"ImageObject\",\"inLanguage\":\"it-IT\",\"@id\":\"https:\/\/socialpubli.com\/blog\/it\/twitch-influencers\/#primaryimage\",\"url\":\"https:\/\/socialpubli.com\/blog\/wp-content\/uploads\/2020\/08\/twitch_img3.png\",\"contentUrl\":\"https:\/\/socialpubli.com\/blog\/wp-content\/uploads\/2020\/08\/twitch_img3.png\",\"width\":747,\"height\":713},{\"@type\":\"BreadcrumbList\",\"@id\":\"https:\/\/socialpubli.com\/blog\/it\/twitch-influencers\/#breadcrumb\",\"itemListElement\":[{\"@type\":\"ListItem\",\"position\":1,\"name\":\"Portada\",\"item\":\"https:\/\/socialpubli.com\/blog\/\"},{\"@type\":\"ListItem\",\"position\":2,\"name\":\"Twitch influencer Marketing per il tuo marchio\"}]},{\"@type\":\"WebSite\",\"@id\":\"https:\/\/socialpubli.com\/blog\/#website\",\"url\":\"https:\/\/socialpubli.com\/blog\/\",\"name\":\"Social Publi Blog\",\"description\":\"Tendencias en marketing de influencers, branded content y estrategia en redes sociales.\",\"publisher\":{\"@id\":\"https:\/\/socialpubli.com\/blog\/#organization\"},\"potentialAction\":[{\"@type\":\"SearchAction\",\"target\":{\"@type\":\"EntryPoint\",\"urlTemplate\":\"https:\/\/socialpubli.com\/blog\/?s={search_term_string}\"},\"query-input\":{\"@type\":\"PropertyValueSpecification\",\"valueRequired\":true,\"valueName\":\"search_term_string\"}}],\"inLanguage\":\"it-IT\"},{\"@type\":\"Organization\",\"@id\":\"https:\/\/socialpubli.com\/blog\/#organization\",\"name\":\"SocialPubli\",\"url\":\"https:\/\/socialpubli.com\/blog\/\",\"logo\":{\"@type\":\"ImageObject\",\"inLanguage\":\"it-IT\",\"@id\":\"https:\/\/socialpubli.com\/blog\/#\/schema\/logo\/image\/\",\"url\":\"https:\/\/socialpubli.com\/blog\/wp-content\/uploads\/2017\/01\/logo-blog.png\",\"contentUrl\":\"https:\/\/socialpubli.com\/blog\/wp-content\/uploads\/2017\/01\/logo-blog.png\",\"width\":284,\"height\":53,\"caption\":\"SocialPubli\"},\"image\":{\"@id\":\"https:\/\/socialpubli.com\/blog\/#\/schema\/logo\/image\/\"}}]}<\/script>\n<!-- \/ Yoast SEO plugin. -->","yoast_head_json":{"title":"Marketing su Twitch con gli influencer | SocialPubli","description":"Preparate la vostra strategia di marketing su Twitch con gli influencer. SocialPubli vi aiuta a lanciare campagne pubblicitarie su Twitch con gli influencer giusti.","robots":{"index":"index","follow":"follow","max-snippet":"max-snippet:-1","max-image-preview":"max-image-preview:large","max-video-preview":"max-video-preview:-1"},"canonical":"https:\/\/socialpubli.com\/blog\/it\/twitch-influencers\/","og_locale":"it_IT","og_type":"article","og_title":"Marketing su Twitch con gli influencer | SocialPubli","og_description":"Preparate la vostra strategia di marketing su Twitch con gli influencer. SocialPubli vi aiuta a lanciare campagne pubblicitarie su Twitch con gli influencer giusti.","og_url":"https:\/\/socialpubli.com\/blog\/it\/twitch-influencers\/","og_site_name":"Social Publi Blog","article_modified_time":"2022-07-08T10:28:34+00:00","og_image":[{"width":747,"height":713,"url":"https:\/\/socialpubli.com\/blog\/wp-content\/uploads\/2020\/08\/twitch_img3.png","type":"image\/png"}],"twitter_card":"summary_large_image","twitter_misc":{"Tempo di lettura stimato":"4 minuti"},"schema":{"@context":"https:\/\/schema.org","@graph":[{"@type":"WebPage","@id":"https:\/\/socialpubli.com\/blog\/it\/twitch-influencers\/","url":"https:\/\/socialpubli.com\/blog\/it\/twitch-influencers\/","name":"Marketing su Twitch con gli influencer | SocialPubli","isPartOf":{"@id":"https:\/\/socialpubli.com\/blog\/#website"},"primaryImageOfPage":{"@id":"https:\/\/socialpubli.com\/blog\/it\/twitch-influencers\/#primaryimage"},"image":{"@id":"https:\/\/socialpubli.com\/blog\/it\/twitch-influencers\/#primaryimage"},"thumbnailUrl":"https:\/\/socialpubli.com\/blog\/wp-content\/uploads\/2020\/08\/twitch_img3.png","datePublished":"2022-07-07T07:21:50+00:00","dateModified":"2022-07-08T10:28:34+00:00","description":"Preparate la vostra strategia di marketing su Twitch con gli influencer. SocialPubli vi aiuta a lanciare campagne pubblicitarie su Twitch con gli influencer giusti.","breadcrumb":{"@id":"https:\/\/socialpubli.com\/blog\/it\/twitch-influencers\/#breadcrumb"},"inLanguage":"it-IT","potentialAction":[{"@type":"ReadAction","target":["https:\/\/socialpubli.com\/blog\/it\/twitch-influencers\/"]}]},{"@type":"ImageObject","inLanguage":"it-IT","@id":"https:\/\/socialpubli.com\/blog\/it\/twitch-influencers\/#primaryimage","url":"https:\/\/socialpubli.com\/blog\/wp-content\/uploads\/2020\/08\/twitch_img3.png","contentUrl":"https:\/\/socialpubli.com\/blog\/wp-content\/uploads\/2020\/08\/twitch_img3.png","width":747,"height":713},{"@type":"BreadcrumbList","@id":"https:\/\/socialpubli.com\/blog\/it\/twitch-influencers\/#breadcrumb","itemListElement":[{"@type":"ListItem","position":1,"name":"Portada","item":"https:\/\/socialpubli.com\/blog\/"},{"@type":"ListItem","position":2,"name":"Twitch influencer Marketing per il tuo marchio"}]},{"@type":"WebSite","@id":"https:\/\/socialpubli.com\/blog\/#website","url":"https:\/\/socialpubli.com\/blog\/","name":"Social Publi Blog","description":"Tendencias en marketing de influencers, branded content y estrategia en redes sociales.","publisher":{"@id":"https:\/\/socialpubli.com\/blog\/#organization"},"potentialAction":[{"@type":"SearchAction","target":{"@type":"EntryPoint","urlTemplate":"https:\/\/socialpubli.com\/blog\/?s={search_term_string}"},"query-input":{"@type":"PropertyValueSpecification","valueRequired":true,"valueName":"search_term_string"}}],"inLanguage":"it-IT"},{"@type":"Organization","@id":"https:\/\/socialpubli.com\/blog\/#organization","name":"SocialPubli","url":"https:\/\/socialpubli.com\/blog\/","logo":{"@type":"ImageObject","inLanguage":"it-IT","@id":"https:\/\/socialpubli.com\/blog\/#\/schema\/logo\/image\/","url":"https:\/\/socialpubli.com\/blog\/wp-content\/uploads\/2017\/01\/logo-blog.png","contentUrl":"https:\/\/socialpubli.com\/blog\/wp-content\/uploads\/2017\/01\/logo-blog.png","width":284,"height":53,"caption":"SocialPubli"},"image":{"@id":"https:\/\/socialpubli.com\/blog\/#\/schema\/logo\/image\/"}}]}},"_links":{"self":[{"href":"https:\/\/socialpubli.com\/blog\/it\/wp-json\/wp\/v2\/pages\/12433","targetHints":{"allow":["GET"]}}],"collection":[{"href":"https:\/\/socialpubli.com\/blog\/it\/wp-json\/wp\/v2\/pages"}],"about":[{"href":"https:\/\/socialpubli.com\/blog\/it\/wp-json\/wp\/v2\/types\/page"}],"author":[{"embeddable":true,"href":"https:\/\/socialpubli.com\/blog\/it\/wp-json\/wp\/v2\/users\/2"}],"replies":[{"embeddable":true,"href":"https:\/\/socialpubli.com\/blog\/it\/wp-json\/wp\/v2\/comments?post=12433"}],"version-history":[{"count":6,"href":"https:\/\/socialpubli.com\/blog\/it\/wp-json\/wp\/v2\/pages\/12433\/revisions"}],"predecessor-version":[{"id":12461,"href":"https:\/\/socialpubli.com\/blog\/it\/wp-json\/wp\/v2\/pages\/12433\/revisions\/12461"}],"wp:featuredmedia":[{"embeddable":true,"href":"https:\/\/socialpubli.com\/blog\/it\/wp-json\/wp\/v2\/media\/12436"}],"wp:attachment":[{"href":"https:\/\/socialpubli.com\/blog\/it\/wp-json\/wp\/v2\/media?parent=12433"}],"curies":[{"name":"wp","href":"https:\/\/api.w.org\/{rel}","templated":true}]}}