{"id":14174,"date":"2023-02-06T11:23:45","date_gmt":"2023-02-06T10:23:45","guid":{"rendered":"https:\/\/socialpubli.com\/blog\/?page_id=14174"},"modified":"2023-03-02T17:04:00","modified_gmt":"2023-03-02T16:04:00","slug":"marketing-affiliazione-influencer","status":"publish","type":"page","link":"https:\/\/socialpubli.com\/blog\/it\/marketing-affiliazione-influencer\/","title":{"rendered":"Pagare gli influencer in base ai risultati con l&#8217;Affiliate Marketing"},"content":{"rendered":"<div class=\"wpb-content-wrapper\"><p>[vc_row][vc_column][vc_row_inner][vc_column_inner][vc_column_text css=&#8221;.vc_custom_1675417534660{padding-top: 20px !important;padding-right: 40px !important;padding-bottom: 30px !important;padding-left: 40px !important;background-color: #f6a801 !important;border-radius: 10px !important;}&#8221;]<\/p>\n<p style='text-align: center;'><strong><span style='color: #ffffff;'>Noi di SocialPubli ti aiuteremo nelle tue strategie puntando sugli obiettivi e ottenendo direttamente i risultati, per questo implementeremo il nostro sistema di<\/span> <i><span style='color: #ffffff;'>Affiliate Marketing con Influencer.<\/span><\/i> <\/strong><\/p>\n<p>[\/vc_column_text][\/vc_column_inner][\/vc_row_inner][\/vc_column][\/vc_row][vc_row css=&#8221;.vc_custom_1595249731266{background-position: center !important;background-repeat: no-repeat !important;background-size: cover !important;}&#8221;][vc_column css=&#8221;.vc_custom_1655731765778{padding-top: 0px !important;}&#8221;][vc_row_inner equal_height=&#8221;yes&#8221; content_placement=&#8221;middle&#8221; css=&#8221;.vc_custom_1655731755154{padding-top: 0px !important;}&#8221;][vc_column_inner width=&#8221;1\/2&#8243; css=&#8221;.vc_custom_1675091555685{padding-top: 20px !important;padding-bottom: 20px !important;}&#8221;][vc_column_text css=&#8221;.vc_custom_1675416122730{padding-bottom: 20px !important;}&#8221;]<\/p>\n<h2><b>CHE VANTAGGI AVRAI COME MARCHIO?<\/b><\/h2>\n<p>[\/vc_column_text][vc_column_text]<\/p>\n<p style='text-align: left;'><span style='color: #f6a801;'><strong>1<\/strong><\/span><span style='font-weight: 400;'>&#8211; Come inserzionista <strong>pagherai per i risultati ottenuti<\/strong>, che dipenderanno dal tuo obiettivo specifico: <i>vendite, copertura, conversioni, leads, clicks o un&#8217;altra metrica<\/i>.<\/span><\/p>\n<p style='text-align: left;'><strong><span style='color: #f6a801;'>2-<\/span><\/strong> <span style='font-weight: 400;'>Questo sistema pubblicitario ti semplificher\u00e0 la <strong>gestione del tuo budget, assicurandoti sempre un ritorno positivo sull&#8217;investimento<\/strong>.<\/span><\/p>\n<p style='text-align: left;'><strong><span style='color: #f6a801;'>3-<\/span><\/strong> <span style='font-weight: 400;'>Contrariamente ai metodi di pagamento per impressioni (CPM) o pay per click (PPC), con il nostro sistema di affiliazione (CPV) non pagherai finch\u00e9 l&#8217;utente non compie una determinata azione, come effettuare un acquisto effettivo o compilare un modulo.<\/span><\/p>\n<p style='text-align: left;'><strong><span style='color: #f6a801;'>4<\/span><\/strong><span style='font-weight: 400;'><strong><span style='color: #f6a801;'>&#8211;<\/span><\/strong> <strong>Dalla nostra piattaforma ti metteremo in contatto con gli influencer affiliati con cui vuoi lavorare<\/strong>, con l&#8217;obiettivo di ottimizzare la comunicazione durante tutto il processo lavorativo. Abbastanza comodo!<\/span><\/p>\n<p>[\/vc_column_text][vc_column_text css=&#8221;.vc_custom_1675095100376{padding-bottom: 40px !important;}&#8221;]<\/p>\n<h3 style='text-align: left;'><span style='font-weight: 400; color: #f6a801;'>Pianifica una riunione oggi!<\/span><\/h3>\n<p>[\/vc_column_text][qodef_button size=&#8221;medium&#8221; text=&#8221;Prenota la tua DEMO&#8221; target=&#8221;_blank&#8221; icon_pack=&#8221;&#8221; font_weight=&#8221;&#8221; text_transform=&#8221;&#8221; link=&#8221;https:\/\/meetings.hubspot.com\/simone-zagarese&#8221;][\/vc_column_inner][vc_column_inner width=&#8221;1\/2&#8243;][vc_column_text css=&#8221;.vc_custom_1677772346742{padding-bottom: 30px !important;}&#8221;]<\/p>\n<h3>Scaricate la nostra Guida al marketing di affiliazione in formato PDF:<\/h3>\n<p>[\/vc_column_text][vc_column_text]<\/p>\n<div class='box-form-land'><div class=\"wpcf7 no-js\" id=\"wpcf7-f14714-o1\" lang=\"es-ES\" dir=\"ltr\" data-wpcf7-id=\"14714\">\n<div class=\"screen-reader-response\">\n<p role=\"status\" aria-live=\"polite\" aria-atomic=\"true\"><\/p> <ul><\/ul>\n<\/div>\n<form action=\"\/blog\/it\/wp-json\/wp\/v2\/pages\/14174\/#wpcf7-f14714-o1\" method=\"post\" class=\"wpcf7-form init wpcf7-acceptance-as-validation\" aria-label=\"Formulario de contacto\" novalidate=\"novalidate\" data-status=\"init\">\n<fieldset class=\"hidden-fields-container\">\n<input type=\"hidden\" name=\"_wpcf7\" value=\"14714\"><input type=\"hidden\" name=\"_wpcf7_version\" value=\"6.1.5\"><input type=\"hidden\" name=\"_wpcf7_locale\" value=\"es_ES\"><input type=\"hidden\" name=\"_wpcf7_unit_tag\" value=\"wpcf7-f14714-o1\"><input type=\"hidden\" name=\"_wpcf7_container_post\" value=\"0\"><input type=\"hidden\" name=\"_wpcf7_posted_data_hash\" value=\"\"><input type=\"hidden\" name=\"_wpcf7_recaptcha_response\" value=\"\">\n<\/fieldset>\n<p><label> Il tuo nome (obbligatorio)<br>\n<span class=\"wpcf7-form-control-wrap\" data-name=\"your-name\"><input size=\"40\" maxlength=\"400\" class=\"wpcf7-form-control wpcf7-text wpcf7-validates-as-required\" aria-required=\"true\" aria-invalid=\"false\" value=\"\" type=\"text\" name=\"your-name\"><\/span> <\/label>\n<\/p>\n<p><label> La tua e-mail (obbligatorio)<br>\n<span class=\"wpcf7-form-control-wrap\" data-name=\"your-email\"><input size=\"40\" maxlength=\"400\" class=\"wpcf7-form-control wpcf7-email wpcf7-validates-as-required wpcf7-text wpcf7-validates-as-email\" aria-required=\"true\" aria-invalid=\"false\" value=\"\" type=\"email\" name=\"your-email\"><\/span> <\/label>\n<\/p>\n<p><label> Il tuo telefono (obbligatorio)<br>\n<span class=\"wpcf7-form-control-wrap\" data-name=\"tel-705\"><input size=\"40\" maxlength=\"400\" class=\"wpcf7-form-control wpcf7-tel wpcf7-validates-as-required wpcf7-text wpcf7-validates-as-tel\" aria-required=\"true\" aria-invalid=\"false\" value=\"\" type=\"tel\" name=\"tel-705\"><\/span> <\/label>\n<\/p>\n<p><label>La tua azienda (obbligatorio)<br>\n<span class=\"wpcf7-form-control-wrap\" data-name=\"text-853\"><input size=\"40\" maxlength=\"400\" class=\"wpcf7-form-control wpcf7-text\" aria-invalid=\"false\" value=\"\" type=\"text\" name=\"text-853\"><\/span><br>\n<\/label>\n<\/p>\n<p><span class=\"wpcf7-form-control-wrap\" data-name=\"acceptance-919\"><span class=\"wpcf7-form-control wpcf7-acceptance\"><span class=\"wpcf7-list-item\"><input type=\"checkbox\" name=\"acceptance-919\" value=\"1\" aria-invalid=\"false\"><\/span><\/span><\/span> Accetto la <a href=\"https:\/\/socialpubli.com\/corp\/advertisers\/politica_sulla_privacy\" target=\"blank\" rel=\"nofollow\">Politica sulla privacy<\/a>\n<\/p>\n<p><span class=\"wpcf7-form-control-wrap\" data-name=\"acceptance-694\"><span class=\"wpcf7-form-control wpcf7-acceptance\"><span class=\"wpcf7-list-item\"><input type=\"checkbox\" name=\"acceptance-694\" value=\"1\" aria-invalid=\"false\"><\/span><\/span><\/span> Accetto di ricevere comunicazioni di natura commerciale da SocialPubli\n<\/p>\n<p><input class=\"wpcf7-form-control wpcf7-submit has-spinner\" type=\"submit\" value=\"SCARICA\">\n<\/p>\n<p style=\"display: none !important;\" class=\"akismet-fields-container\" data-prefix=\"_wpcf7_ak_\"><label>&Delta;<textarea name=\"_wpcf7_ak_hp_textarea\" cols=\"45\" rows=\"8\" maxlength=\"100\"><\/textarea><\/label><input type=\"hidden\" id=\"ak_js_1\" name=\"_wpcf7_ak_js\" value=\"55\"><script>document.getElementById( \"ak_js_1\" ).setAttribute( \"value\", ( new Date() ).getTime() );<\/script><\/p>\n<label class=\"ebd_input\"><input type=\"hidden\" name=\"ebd_downloads[]\" value=\"14709|Marketing Di Affiliazione\"> <\/label><input type=\"hidden\" class=\"ebd_setting\" name=\"ebd_settings[]\" value=\"title|Marketing Di Affiliazione\"><input type=\"hidden\" class=\"ebd_setting\" name=\"ebd_settings[]\" value=\"delivered_as|inline link\"><input type=\"hidden\" class=\"ebd_setting\" name=\"ebd_settings[]\" value=\"hide_form|no\"><input type=\"hidden\" class=\"ebd_setting\" name=\"ebd_settings[]\" value=\"radio|no\"><input type=\"hidden\" class=\"ebd_setting\" name=\"ebd_settings[]\" value=\"link_format|_blank\"><input type=\"hidden\" class=\"ebd_setting\" name=\"ebd_settings[]\" value=\"file_thumbnail|no\"><input type=\"hidden\" class=\"ebd_setting\" name=\"ebd_settings[]\" value=\"item_id|72\"><input type=\"hidden\" class=\"ebd_setting\" name=\"ebd_settings[]\" value=\"form_id|wpcf7-f14714-o1\"><div class=\"wpcf7-response-output\" aria-hidden=\"true\"><\/div>\n<\/form>\n<\/div>\n<\/div>\n<p>[\/vc_column_text][\/vc_column_inner][\/vc_row_inner][vc_row_inner equal_height=&#8221;yes&#8221; content_placement=&#8221;middle&#8221;][vc_column_inner width=&#8221;1\/2&#8243; css=&#8221;.vc_custom_1595241364308{padding-top: 20px !important;padding-bottom: 20px !important;}&#8221;][vc_single_image image=&#8221;14244&#8243; img_size=&#8221;full&#8221; alignment=&#8221;center&#8221; el_class=&#8221;img-mobile-module&#8221;][\/vc_column_inner][vc_column_inner width=&#8221;1\/2&#8243;][vc_column_text css=&#8221;.vc_custom_1675416136030{padding-bottom: 40px !important;}&#8221;]<\/p>\n<h2><span style='font-weight: 400; color: #f6a801;'>COME FUNZIONA?<\/span><\/h2>\n<p>[\/vc_column_text][vc_column_text]<span style='font-weight: 400;'>Una volta deciso di utilizzare il nostro sistema di Affiliate Marketing con Influencers, <strong>i prodotti o i servizi del tuo brand verranno promossi attraverso i canali social dei nostri influencers.<\/strong> <\/span><\/p>\n<p><span style='font-weight: 400;'>Gli influencers pubblicheranno gli annunci accompagnati da un codice esclusivo che inseriranno in un video o nel tipo di post di tua scelta. Con questo codice <strong>possiamo contare le vendite realizzate.<\/strong> <\/span><\/p>\n<p><span style='font-weight: 400;'>In cambio, <strong>gli influencer riceveranno una percentuale per vendita ottenuta o per risultato generato<\/strong>. <\/span><\/p>\n<p><span style='font-weight: 400;'>Tale percentuale o commissione che l&#8217;influencer guadagner\u00e0 sar\u00e0 stabilita in precedenza con il marchio, ma pi\u00f9 \u00e8 attraente, pi\u00f9 influencers vorranno pubblicizzare il tuo prodotto o servizio.<\/span><\/p>\n<p><span style='font-weight: 400;'>All&#8217;inizio della campagna avrai una &#8220;tariffa di installazione&#8221;, molto inferiore rispetto alle campagne di impressions o branding, per coprire i costi di lancio e da l\u00ec ci saranno solo pagamenti per risultati di vendita o acquisizione di leads.<\/span>[\/vc_column_text][\/vc_column_inner][\/vc_row_inner][\/vc_column][\/vc_row][vc_row css=&#8221;.vc_custom_1675271867308{margin-bottom: 20px !important;}&#8221;][vc_column][vc_column_text css=&#8221;.vc_custom_1675416242449{padding-bottom: 40px !important;}&#8221;]<\/p>\n<h2 style='text-align: center;'><span style='font-weight: 400; color: #f6a801;'>Per quali reti sociali \u00e8 disponibile questo servizio di marketing affiliato?<\/span><\/h2>\n<p>[\/vc_column_text][vc_column_text css=&#8221;.vc_custom_1675416340597{padding-bottom: 40px !important;}&#8221;]<\/p>\n<p style='text-align: center;'><span style='font-weight: 400;'>Per ora, questo servizio di marketing di affiliazione con gli influencer sar\u00e0 disponibile su <strong>Instagram e Tiktok<\/strong>, i due social network attualmente al vertice della pubblicit\u00e0. <\/span><\/p>\n<p>[\/vc_column_text][vc_column_text]<\/p>\n<p style='text-align: center; color: #f6a801;'><strong>Pronto a provare la nostra piattaforma?<\/strong><\/p>\n<p>[\/vc_column_text][\/vc_column][\/vc_row][vc_row][vc_column][vc_raw_js]JTNDc2NyaXB0JTNFJTBBalF1ZXJ5JTI4JTI3LmJveC1mb3JtLWxhbmQlMjBmb3JtJTI3JTI5LmNoYW5nZSUyOGZ1bmN0aW9uJTI4JTI5JTIwJTdCJTBBJTIwJTIwJTIwJTIwalF1ZXJ5JTI4JTI3LmJveC1mb3JtLWxhbmQlMjBmb3JtJTIwYnV0dG9uJTVCdHlwZSUzRCUyMnN1Ym1pdCUyMiU1RCUyNyUyOS5hdHRyJTI4JTIyZGlzYWJsZWQlMjIlMkMlMjBmYWxzZSUyOSUwQSU3RCUyOS5zdWJtaXQlMjhmdW5jdGlvbiUyMCUyOCUyOSUyMCU3QiUwQSUyMCUyMCUyMCUyMGpRdWVyeSUyOCUyNy5ib3gtZm9ybS1sYW5kJTIwZm9ybSUyMGJ1dHRvbiU1QnR5cGUlM0QlMjJzdWJtaXQlMjIlNUQlMjclMjkuYXR0ciUyOCUyMmRpc2FibGVkJTIyJTJDJTIwdHJ1ZSUyOSUwQSU3RCUyOSUwQSUzQyUyRnNjcmlwdCUzRQ==[\/vc_raw_js][\/vc_column][\/vc_row]<\/p>\n<\/div>","protected":false},"excerpt":{"rendered":"<p>[vc_row][vc_column][vc_row_inner][vc_column_inner][vc_column_text css=&#8221;.vc_custom_1675417534660{padding-top: 20px !important;padding-right: 40px !important;padding-bottom: 30px !important;padding-left: 40px !important;background-color: #f6a801 !important;border-radius: 10px !important;}&#8221;] Noi di SocialPubli ti aiuteremo nelle tue strategie puntando sugli obiettivi e ottenendo direttamente i risultati, per questo implementeremo il nostro sistema di Affiliate Marketing con Influencer. [\/vc_column_text][\/vc_column_inner][\/vc_row_inner][\/vc_column][\/vc_row][vc_row css=&#8221;.vc_custom_1595249731266{background-position: center !important;background-repeat: no-repeat !important;background-size: cover !important;}&#8221;][vc_column css=&#8221;.vc_custom_1655731765778{padding-top: 0px !important;}&#8221;][vc_row_inner equal_height=&#8221;yes&#8221; content_placement=&#8221;middle&#8221; css=&#8221;.vc_custom_1655731755154{padding-top: [&hellip;]<\/p>\n","protected":false},"author":2,"featured_media":14282,"parent":0,"menu_order":0,"comment_status":"closed","ping_status":"closed","template":"","meta":{"footnotes":""},"class_list":["post-14174","page","type-page","status-publish","has-post-thumbnail","hentry"],"yoast_head":"<!-- This site is optimized with the Yoast SEO plugin v27.0 - https:\/\/yoast.com\/product\/yoast-seo-wordpress\/ -->\n<title>Marketing di affiliazione con gli influencer | SocialPubli<\/title>\n<meta name=\"description\" content=\"Preparate la vostra strategia di marketing con gli influencer. SocialPubli vi aiuta a lanciare campagne pubblicitarie con gli influencer pi\u00f9 adatti. Migliorate le vostre strategie pubblicitarie e di branding con il nuovo servizio di Affiliate Marketing con Influencer su Instagram e TiktTok di SociaPubli\" \/>\n<meta name=\"robots\" content=\"index, follow, max-snippet:-1, max-image-preview:large, max-video-preview:-1\" \/>\n<link rel=\"canonical\" href=\"https:\/\/socialpubli.com\/blog\/it\/marketing-affiliazione-influencer\/\" \/>\n<meta property=\"og:locale\" content=\"it_IT\" \/>\n<meta property=\"og:type\" content=\"article\" \/>\n<meta property=\"og:title\" content=\"Marketing di affiliazione con gli influencer | SocialPubli\" \/>\n<meta property=\"og:description\" content=\"Preparate la vostra strategia di marketing con gli influencer. SocialPubli vi aiuta a lanciare campagne pubblicitarie con gli influencer pi\u00f9 adatti. Migliorate le vostre strategie pubblicitarie e di branding con il nuovo servizio di Affiliate Marketing con Influencer su Instagram e TiktTok di SociaPubli\" \/>\n<meta property=\"og:url\" content=\"https:\/\/socialpubli.com\/blog\/it\/marketing-affiliazione-influencer\/\" \/>\n<meta property=\"og:site_name\" content=\"Social Publi Blog\" \/>\n<meta property=\"article:modified_time\" content=\"2023-03-02T16:04:00+00:00\" \/>\n<meta property=\"og:image\" content=\"https:\/\/socialpubli.com\/blog\/wp-content\/uploads\/2023\/02\/PreviewCard_afilicacion_IT.jpg\" \/>\n\t<meta property=\"og:image:width\" content=\"560\" \/>\n\t<meta property=\"og:image:height\" content=\"281\" \/>\n\t<meta property=\"og:image:type\" content=\"image\/jpeg\" \/>\n<meta name=\"twitter:card\" content=\"summary_large_image\" \/>\n<meta name=\"twitter:image\" content=\"https:\/\/socialpubli.com\/blog\/wp-content\/uploads\/2023\/02\/PreviewCard_afilicacion_IT.jpg\" \/>\n<meta name=\"twitter:label1\" content=\"Tempo di lettura stimato\" \/>\n\t<meta name=\"twitter:data1\" content=\"2 minuti\" \/>\n<script type=\"application\/ld+json\" class=\"yoast-schema-graph\">{\"@context\":\"https:\/\/schema.org\",\"@graph\":[{\"@type\":\"WebPage\",\"@id\":\"https:\/\/socialpubli.com\/blog\/it\/marketing-affiliazione-influencer\/\",\"url\":\"https:\/\/socialpubli.com\/blog\/it\/marketing-affiliazione-influencer\/\",\"name\":\"Marketing di affiliazione con gli influencer | SocialPubli\",\"isPartOf\":{\"@id\":\"https:\/\/socialpubli.com\/blog\/#website\"},\"primaryImageOfPage\":{\"@id\":\"https:\/\/socialpubli.com\/blog\/it\/marketing-affiliazione-influencer\/#primaryimage\"},\"image\":{\"@id\":\"https:\/\/socialpubli.com\/blog\/it\/marketing-affiliazione-influencer\/#primaryimage\"},\"thumbnailUrl\":\"https:\/\/socialpubli.com\/blog\/wp-content\/uploads\/2023\/02\/PreviewCard_afilicacion_IT.jpg\",\"datePublished\":\"2023-02-06T10:23:45+00:00\",\"dateModified\":\"2023-03-02T16:04:00+00:00\",\"description\":\"Preparate la vostra strategia di marketing con gli influencer. SocialPubli vi aiuta a lanciare campagne pubblicitarie con gli influencer pi\u00f9 adatti. Migliorate le vostre strategie pubblicitarie e di branding con il nuovo servizio di Affiliate Marketing con Influencer su Instagram e TiktTok di SociaPubli\",\"breadcrumb\":{\"@id\":\"https:\/\/socialpubli.com\/blog\/it\/marketing-affiliazione-influencer\/#breadcrumb\"},\"inLanguage\":\"it-IT\",\"potentialAction\":[{\"@type\":\"ReadAction\",\"target\":[\"https:\/\/socialpubli.com\/blog\/it\/marketing-affiliazione-influencer\/\"]}]},{\"@type\":\"ImageObject\",\"inLanguage\":\"it-IT\",\"@id\":\"https:\/\/socialpubli.com\/blog\/it\/marketing-affiliazione-influencer\/#primaryimage\",\"url\":\"https:\/\/socialpubli.com\/blog\/wp-content\/uploads\/2023\/02\/PreviewCard_afilicacion_IT.jpg\",\"contentUrl\":\"https:\/\/socialpubli.com\/blog\/wp-content\/uploads\/2023\/02\/PreviewCard_afilicacion_IT.jpg\",\"width\":560,\"height\":281},{\"@type\":\"BreadcrumbList\",\"@id\":\"https:\/\/socialpubli.com\/blog\/it\/marketing-affiliazione-influencer\/#breadcrumb\",\"itemListElement\":[{\"@type\":\"ListItem\",\"position\":1,\"name\":\"Portada\",\"item\":\"https:\/\/socialpubli.com\/blog\/\"},{\"@type\":\"ListItem\",\"position\":2,\"name\":\"Pagare gli influencer in base ai risultati con l&#8217;Affiliate Marketing\"}]},{\"@type\":\"WebSite\",\"@id\":\"https:\/\/socialpubli.com\/blog\/#website\",\"url\":\"https:\/\/socialpubli.com\/blog\/\",\"name\":\"Social Publi Blog\",\"description\":\"Tendencias en marketing de influencers, branded content y estrategia en redes sociales.\",\"publisher\":{\"@id\":\"https:\/\/socialpubli.com\/blog\/#organization\"},\"potentialAction\":[{\"@type\":\"SearchAction\",\"target\":{\"@type\":\"EntryPoint\",\"urlTemplate\":\"https:\/\/socialpubli.com\/blog\/?s={search_term_string}\"},\"query-input\":{\"@type\":\"PropertyValueSpecification\",\"valueRequired\":true,\"valueName\":\"search_term_string\"}}],\"inLanguage\":\"it-IT\"},{\"@type\":\"Organization\",\"@id\":\"https:\/\/socialpubli.com\/blog\/#organization\",\"name\":\"SocialPubli\",\"url\":\"https:\/\/socialpubli.com\/blog\/\",\"logo\":{\"@type\":\"ImageObject\",\"inLanguage\":\"it-IT\",\"@id\":\"https:\/\/socialpubli.com\/blog\/#\/schema\/logo\/image\/\",\"url\":\"https:\/\/socialpubli.com\/blog\/wp-content\/uploads\/2017\/01\/logo-blog.png\",\"contentUrl\":\"https:\/\/socialpubli.com\/blog\/wp-content\/uploads\/2017\/01\/logo-blog.png\",\"width\":284,\"height\":53,\"caption\":\"SocialPubli\"},\"image\":{\"@id\":\"https:\/\/socialpubli.com\/blog\/#\/schema\/logo\/image\/\"}}]}<\/script>\n<!-- \/ Yoast SEO plugin. -->","yoast_head_json":{"title":"Marketing di affiliazione con gli influencer | SocialPubli","description":"Preparate la vostra strategia di marketing con gli influencer. SocialPubli vi aiuta a lanciare campagne pubblicitarie con gli influencer pi\u00f9 adatti. Migliorate le vostre strategie pubblicitarie e di branding con il nuovo servizio di Affiliate Marketing con Influencer su Instagram e TiktTok di SociaPubli","robots":{"index":"index","follow":"follow","max-snippet":"max-snippet:-1","max-image-preview":"max-image-preview:large","max-video-preview":"max-video-preview:-1"},"canonical":"https:\/\/socialpubli.com\/blog\/it\/marketing-affiliazione-influencer\/","og_locale":"it_IT","og_type":"article","og_title":"Marketing di affiliazione con gli influencer | SocialPubli","og_description":"Preparate la vostra strategia di marketing con gli influencer. SocialPubli vi aiuta a lanciare campagne pubblicitarie con gli influencer pi\u00f9 adatti. Migliorate le vostre strategie pubblicitarie e di branding con il nuovo servizio di Affiliate Marketing con Influencer su Instagram e TiktTok di SociaPubli","og_url":"https:\/\/socialpubli.com\/blog\/it\/marketing-affiliazione-influencer\/","og_site_name":"Social Publi Blog","article_modified_time":"2023-03-02T16:04:00+00:00","og_image":[{"width":560,"height":281,"url":"https:\/\/socialpubli.com\/blog\/wp-content\/uploads\/2023\/02\/PreviewCard_afilicacion_IT.jpg","type":"image\/jpeg"}],"twitter_card":"summary_large_image","twitter_image":"https:\/\/socialpubli.com\/blog\/wp-content\/uploads\/2023\/02\/PreviewCard_afilicacion_IT.jpg","twitter_misc":{"Tempo di lettura stimato":"2 minuti"},"schema":{"@context":"https:\/\/schema.org","@graph":[{"@type":"WebPage","@id":"https:\/\/socialpubli.com\/blog\/it\/marketing-affiliazione-influencer\/","url":"https:\/\/socialpubli.com\/blog\/it\/marketing-affiliazione-influencer\/","name":"Marketing di affiliazione con gli influencer | SocialPubli","isPartOf":{"@id":"https:\/\/socialpubli.com\/blog\/#website"},"primaryImageOfPage":{"@id":"https:\/\/socialpubli.com\/blog\/it\/marketing-affiliazione-influencer\/#primaryimage"},"image":{"@id":"https:\/\/socialpubli.com\/blog\/it\/marketing-affiliazione-influencer\/#primaryimage"},"thumbnailUrl":"https:\/\/socialpubli.com\/blog\/wp-content\/uploads\/2023\/02\/PreviewCard_afilicacion_IT.jpg","datePublished":"2023-02-06T10:23:45+00:00","dateModified":"2023-03-02T16:04:00+00:00","description":"Preparate la vostra strategia di marketing con gli influencer. SocialPubli vi aiuta a lanciare campagne pubblicitarie con gli influencer pi\u00f9 adatti. Migliorate le vostre strategie pubblicitarie e di branding con il nuovo servizio di Affiliate Marketing con Influencer su Instagram e TiktTok di SociaPubli","breadcrumb":{"@id":"https:\/\/socialpubli.com\/blog\/it\/marketing-affiliazione-influencer\/#breadcrumb"},"inLanguage":"it-IT","potentialAction":[{"@type":"ReadAction","target":["https:\/\/socialpubli.com\/blog\/it\/marketing-affiliazione-influencer\/"]}]},{"@type":"ImageObject","inLanguage":"it-IT","@id":"https:\/\/socialpubli.com\/blog\/it\/marketing-affiliazione-influencer\/#primaryimage","url":"https:\/\/socialpubli.com\/blog\/wp-content\/uploads\/2023\/02\/PreviewCard_afilicacion_IT.jpg","contentUrl":"https:\/\/socialpubli.com\/blog\/wp-content\/uploads\/2023\/02\/PreviewCard_afilicacion_IT.jpg","width":560,"height":281},{"@type":"BreadcrumbList","@id":"https:\/\/socialpubli.com\/blog\/it\/marketing-affiliazione-influencer\/#breadcrumb","itemListElement":[{"@type":"ListItem","position":1,"name":"Portada","item":"https:\/\/socialpubli.com\/blog\/"},{"@type":"ListItem","position":2,"name":"Pagare gli influencer in base ai risultati con l&#8217;Affiliate Marketing"}]},{"@type":"WebSite","@id":"https:\/\/socialpubli.com\/blog\/#website","url":"https:\/\/socialpubli.com\/blog\/","name":"Social Publi Blog","description":"Tendencias en marketing de influencers, branded content y estrategia en redes sociales.","publisher":{"@id":"https:\/\/socialpubli.com\/blog\/#organization"},"potentialAction":[{"@type":"SearchAction","target":{"@type":"EntryPoint","urlTemplate":"https:\/\/socialpubli.com\/blog\/?s={search_term_string}"},"query-input":{"@type":"PropertyValueSpecification","valueRequired":true,"valueName":"search_term_string"}}],"inLanguage":"it-IT"},{"@type":"Organization","@id":"https:\/\/socialpubli.com\/blog\/#organization","name":"SocialPubli","url":"https:\/\/socialpubli.com\/blog\/","logo":{"@type":"ImageObject","inLanguage":"it-IT","@id":"https:\/\/socialpubli.com\/blog\/#\/schema\/logo\/image\/","url":"https:\/\/socialpubli.com\/blog\/wp-content\/uploads\/2017\/01\/logo-blog.png","contentUrl":"https:\/\/socialpubli.com\/blog\/wp-content\/uploads\/2017\/01\/logo-blog.png","width":284,"height":53,"caption":"SocialPubli"},"image":{"@id":"https:\/\/socialpubli.com\/blog\/#\/schema\/logo\/image\/"}}]}},"_links":{"self":[{"href":"https:\/\/socialpubli.com\/blog\/it\/wp-json\/wp\/v2\/pages\/14174","targetHints":{"allow":["GET"]}}],"collection":[{"href":"https:\/\/socialpubli.com\/blog\/it\/wp-json\/wp\/v2\/pages"}],"about":[{"href":"https:\/\/socialpubli.com\/blog\/it\/wp-json\/wp\/v2\/types\/page"}],"author":[{"embeddable":true,"href":"https:\/\/socialpubli.com\/blog\/it\/wp-json\/wp\/v2\/users\/2"}],"replies":[{"embeddable":true,"href":"https:\/\/socialpubli.com\/blog\/it\/wp-json\/wp\/v2\/comments?post=14174"}],"version-history":[{"count":9,"href":"https:\/\/socialpubli.com\/blog\/it\/wp-json\/wp\/v2\/pages\/14174\/revisions"}],"predecessor-version":[{"id":14721,"href":"https:\/\/socialpubli.com\/blog\/it\/wp-json\/wp\/v2\/pages\/14174\/revisions\/14721"}],"wp:featuredmedia":[{"embeddable":true,"href":"https:\/\/socialpubli.com\/blog\/it\/wp-json\/wp\/v2\/media\/14282"}],"wp:attachment":[{"href":"https:\/\/socialpubli.com\/blog\/it\/wp-json\/wp\/v2\/media?parent=14174"}],"curies":[{"name":"wp","href":"https:\/\/api.w.org\/{rel}","templated":true}]}}