{"id":15351,"date":"2023-04-14T14:36:50","date_gmt":"2023-04-14T12:36:50","guid":{"rendered":"https:\/\/socialpubli.com\/blog\/?page_id=15351"},"modified":"2023-04-14T14:38:32","modified_gmt":"2023-04-14T12:38:32","slug":"influencers-selling-marketing","status":"publish","type":"page","link":"https:\/\/socialpubli.com\/blog\/it\/influencers-selling-marketing\/","title":{"rendered":"Influencers Selling Marketing"},"content":{"rendered":"<div class=\"wpb-content-wrapper\"><p>[vc_row css=&#8221;.vc_custom_1595249731266{background-position: center !important;background-repeat: no-repeat !important;background-size: cover !important;}&#8221;][vc_column css=&#8221;.vc_custom_1655731765778{padding-top: 0px !important;}&#8221;][vc_row_inner equal_height=&#8221;yes&#8221; content_placement=&#8221;top&#8221; css=&#8221;.vc_custom_1680693339716{padding-top: 0px !important;}&#8221;][vc_column_inner width=&#8221;1\/2&#8243; css=&#8221;.vc_custom_1675091555685{padding-top: 20px !important;padding-bottom: 20px !important;}&#8221;][vc_column_text css=&#8221;.vc_custom_1680693535339{padding-bottom: 20px !important;}&#8221;]<\/p>\n<h2 style='margin-top: 15px;'>BOOST PER RISULTATO: PAID MEDIA CON IL CONTENUTO DELL'INFLUENCER<\/h2>\n<p>[\/vc_column_text][vc_column_text]<span style='font-weight: 400;'>Con Boost, trasformiamo i<\/span> <b>contenuti creati dagli influencer<\/b> <span style='font-weight: 400;'>in annunci a pagamento tramite<\/span> <b>TikTok e Meta (Instagram e Facebook).<\/b><\/p>\n<p><span style='font-weight: 400;'>Ora, oltre alle campag<\/span><b>ne CPC o CPM<\/b><span style='font-weight: 400;'>, possiamo farlo per risultato ottenuto (leads, vendite&#8230;) includendo<\/span> <b>il pixel di conversione<\/b> <span style='font-weight: 400;'>fornito dal cliente.<\/span><\/p>\n<p><strong><span style='color: #f6a801;'>E la parte migliore \u00e8 che, secondo i dati ottenuti nelle campagne precedenti, con SocialPubli Boost il CTR \u00e8 fino a 4 volte superiore rispetto ai Social Ads. <\/span><\/strong><\/p>\n<p style='text-align: left;'><b>Boost per risultato<\/b> <span style='font-weight: 400;'>garantisce una maggiore<\/span> <b>portata delle tue pubblicazioni;<\/b> <span style='font-weight: 400;'>Inoltre,<\/span> <b>raggiungerai il tuo pubblico<\/b> <span style='font-weight: 400;'>e allo stesso tempo<\/span> <b>promuoverai i contenuti del brand<\/b> <span style='font-weight: 400;'>che l&#8217;influencer crea<\/span> <b>pagando solo per il risultato ottenuto.<\/b><\/p>\n<p>[\/vc_column_text][qodef_button size=&#8221;medium&#8221; text=&#8221;Prenota la tua DEMO&#8221; target=&#8221;_blank&#8221; icon_pack=&#8221;&#8221; font_weight=&#8221;&#8221; text_transform=&#8221;&#8221; link=&#8221;https:\/\/meetings.hubspot.com\/simone-zagarese&#8221; margin=&#8221;30px 10px 30px 10px&#8221;][\/vc_column_inner][vc_column_inner width=&#8221;1\/2&#8243; css=&#8221;.vc_custom_1677751405337{background-position: 0 0 !important;background-repeat: no-repeat !important;}&#8221;][vc_column_text]<\/p>\n<h3 style='margin-top: 0; margin-bottom: 10px;'><span style='font-weight: 400;'>Vuoi pi\u00f9 informazioni sull'Influencer Selling Marketing?<\/span><\/h3>\n<p><strong><span style='color: #f6a801; margin-bottom: 30px; display: block;'>SCARICA QUI LA PRESENTAZIONE:<\/span><\/strong><\/p>\n<p>[\/vc_column_text][vc_column_text]<\/p>\n<div class='box-form-land'><div class=\"wpcf7 no-js\" id=\"wpcf7-f15585-o1\" lang=\"es-ES\" dir=\"ltr\" data-wpcf7-id=\"15585\">\n<div class=\"screen-reader-response\">\n<p role=\"status\" aria-live=\"polite\" aria-atomic=\"true\"><\/p> <ul><\/ul>\n<\/div>\n<form action=\"\/blog\/it\/wp-json\/wp\/v2\/pages\/15351\/#wpcf7-f15585-o1\" method=\"post\" class=\"wpcf7-form init wpcf7-acceptance-as-validation\" aria-label=\"Formulario de contacto\" novalidate=\"novalidate\" data-status=\"init\">\n<fieldset class=\"hidden-fields-container\">\n<input type=\"hidden\" name=\"_wpcf7\" value=\"15585\"><input type=\"hidden\" name=\"_wpcf7_version\" value=\"6.1.5\"><input type=\"hidden\" name=\"_wpcf7_locale\" value=\"es_ES\"><input type=\"hidden\" name=\"_wpcf7_unit_tag\" value=\"wpcf7-f15585-o1\"><input type=\"hidden\" name=\"_wpcf7_container_post\" value=\"0\"><input type=\"hidden\" name=\"_wpcf7_posted_data_hash\" value=\"\"><input type=\"hidden\" name=\"_wpcf7_recaptcha_response\" value=\"\">\n<\/fieldset>\n<p><label> Il tuo nome (obbligatorio)<br>\n<span class=\"wpcf7-form-control-wrap\" data-name=\"your-name\"><input size=\"40\" maxlength=\"400\" class=\"wpcf7-form-control wpcf7-text wpcf7-validates-as-required\" aria-required=\"true\" aria-invalid=\"false\" value=\"\" type=\"text\" name=\"your-name\"><\/span> <\/label>\n<\/p>\n<p><label> La tua e-mail (obbligatorio)<br>\n<span class=\"wpcf7-form-control-wrap\" data-name=\"your-email\"><input size=\"40\" maxlength=\"400\" class=\"wpcf7-form-control wpcf7-email wpcf7-validates-as-required wpcf7-text wpcf7-validates-as-email\" aria-required=\"true\" aria-invalid=\"false\" value=\"\" type=\"email\" name=\"your-email\"><\/span> <\/label>\n<\/p>\n<p><label> Il tuo telefono (obbligatorio)<br>\n<span class=\"wpcf7-form-control-wrap\" data-name=\"tel-705\"><input size=\"40\" maxlength=\"400\" class=\"wpcf7-form-control wpcf7-tel wpcf7-validates-as-required wpcf7-text wpcf7-validates-as-tel\" aria-required=\"true\" aria-invalid=\"false\" value=\"\" type=\"tel\" name=\"tel-705\"><\/span> <\/label>\n<\/p>\n<p><label>La tua azienda (obbligatorio)<br>\n<span class=\"wpcf7-form-control-wrap\" data-name=\"text-853\"><input size=\"40\" maxlength=\"400\" class=\"wpcf7-form-control wpcf7-text\" aria-invalid=\"false\" value=\"\" type=\"text\" name=\"text-853\"><\/span><br>\n<\/label>\n<\/p>\n<p><span class=\"wpcf7-form-control-wrap\" data-name=\"acceptance-919\"><span class=\"wpcf7-form-control wpcf7-acceptance\"><span class=\"wpcf7-list-item\"><input type=\"checkbox\" name=\"acceptance-919\" value=\"1\" aria-invalid=\"false\"><\/span><\/span><\/span> Accetto la <a href=\"https:\/\/socialpubli.com\/corp\/advertisers\/politica_sulla_privacy\" target=\"blank\" rel=\"nofollow\">Politica sulla privacy<\/a>\n<\/p>\n<p><span class=\"wpcf7-form-control-wrap\" data-name=\"acceptance-694\"><span class=\"wpcf7-form-control wpcf7-acceptance\"><span class=\"wpcf7-list-item\"><input type=\"checkbox\" name=\"acceptance-694\" value=\"1\" aria-invalid=\"false\"><\/span><\/span><\/span> Accetto di ricevere comunicazioni di natura commerciale da SocialPubli\n<\/p>\n<p><input class=\"wpcf7-form-control wpcf7-submit has-spinner\" type=\"submit\" value=\"SCARICA\">\n<\/p>\n<p style=\"display: none !important;\" class=\"akismet-fields-container\" data-prefix=\"_wpcf7_ak_\"><label>&Delta;<textarea name=\"_wpcf7_ak_hp_textarea\" cols=\"45\" rows=\"8\" maxlength=\"100\"><\/textarea><\/label><input type=\"hidden\" id=\"ak_js_1\" name=\"_wpcf7_ak_js\" value=\"226\"><script>\ndocument.getElementById( \"ak_js_1\" ).setAttribute( \"value\", ( new Date() ).getTime() );\n<\/script>\n<\/p>\n<label class=\"ebd_input\"><input type=\"hidden\" name=\"ebd_downloads[]\" value=\"15500|IT - Influencer Selling Marketing\"> <\/label><input type=\"hidden\" class=\"ebd_setting\" name=\"ebd_settings[]\" value=\"title|IT - Influencer Selling Marketing\"><input type=\"hidden\" class=\"ebd_setting\" name=\"ebd_settings[]\" value=\"delivered_as|inline link\"><input type=\"hidden\" class=\"ebd_setting\" name=\"ebd_settings[]\" value=\"hide_form|no\"><input type=\"hidden\" class=\"ebd_setting\" name=\"ebd_settings[]\" value=\"radio|no\"><input type=\"hidden\" class=\"ebd_setting\" name=\"ebd_settings[]\" value=\"link_format|_blank\"><input type=\"hidden\" class=\"ebd_setting\" name=\"ebd_settings[]\" value=\"file_thumbnail|no\"><input type=\"hidden\" class=\"ebd_setting\" name=\"ebd_settings[]\" value=\"item_id|76\"><input type=\"hidden\" class=\"ebd_setting\" name=\"ebd_settings[]\" value=\"form_id|wpcf7-f15585-o1\"><div class=\"wpcf7-response-output\" aria-hidden=\"true\"><\/div>\n<\/form>\n<\/div>\n<\/div>\n<p>[\/vc_column_text][\/vc_column_inner][\/vc_row_inner][vc_row_inner equal_height=&#8221;yes&#8221; content_placement=&#8221;middle&#8221;][vc_column_inner width=&#8221;1\/2&#8243; css=&#8221;.vc_custom_1595241364308{padding-top: 20px !important;padding-bottom: 20px !important;}&#8221;][vc_single_image image=&#8221;15576&#8243; img_size=&#8221;full&#8221; alignment=&#8221;center&#8221; el_class=&#8221;img-mobile-module&#8221;][\/vc_column_inner][vc_column_inner width=&#8221;1\/2&#8243;][vc_column_text css=&#8221;.vc_custom_1681468245961{padding-bottom: 30px !important;}&#8221;]<\/p>\n<h2><span style='font-weight: 400; color: #f6a801;'>Perch\u00e8 fare Boost per Risultato<\/span><\/h2>\n<p>[\/vc_column_text][vc_column_text]<span style='font-weight: 400;'>In SocialPubli stiamo trasformando questa<\/span> <b>strategia pubblicitaria<\/b> <span style='font-weight: 400;'>nella pi\u00f9 utilizzata dai brand, i quali cercano<\/span> <b>di ottimizzare i loro budget<\/b> <span style='font-weight: 400;'>e ottenere<\/span> <b>migliori risultati<\/b> <span style='font-weight: 400;'>nelle loro strategie sui<\/span> <b>social media.<\/b><\/p>\n<p><span style='font-weight: 400;'>Aggiungendo<\/span> <b>Paid Media<\/b> <span style='font-weight: 400;'>ai<\/span> <b>contenuti generati dagli influencer,<\/b> <span style='font-weight: 400;'>puoi raggiungere un<\/span> <b>target<\/b> <span style='font-weight: 400;'>in modo pi\u00f9 accurato, poich\u00e9 pu\u00f2 essere segmentato per et\u00e0, sesso, interessi e posizione geografica.<\/span><\/p>\n<p><span style='font-weight: 400;'>Il<\/span> <b>livello di segmentazione dell&#8217;influencer selling marketing<\/b> <span style='font-weight: 400;'>consente ai marchi<\/span> <b>di connettersi con la loro specifica nicchia di mercato<\/b> <span style='font-weight: 400;'>e al momento giusto, raggiungendo in maniera pi\u00f9 facile e rapida i loro<\/span> <b>obiettivi<\/b><span style='font-weight: 400;'>.<\/span>[\/vc_column_text][\/vc_column_inner][\/vc_row_inner][\/vc_column][\/vc_row][vc_row][vc_column][\/vc_column][\/vc_row]<\/p>\n<\/div>","protected":false},"excerpt":{"rendered":"<p>[vc_row css=&#8221;.vc_custom_1595249731266{background-position: center !important;background-repeat: no-repeat !important;background-size: cover !important;}&#8221;][vc_column css=&#8221;.vc_custom_1655731765778{padding-top: 0px !important;}&#8221;][vc_row_inner equal_height=&#8221;yes&#8221; content_placement=&#8221;top&#8221; css=&#8221;.vc_custom_1680693339716{padding-top: 0px !important;}&#8221;][vc_column_inner width=&#8221;1\/2&#8243; css=&#8221;.vc_custom_1675091555685{padding-top: 20px !important;padding-bottom: 20px !important;}&#8221;][vc_column_text css=&#8221;.vc_custom_1680693535339{padding-bottom: 20px !important;}&#8221;] BOOST PER RISULTATO: PAID MEDIA CON IL CONTENUTO DELL\u2019INFLUENCER [\/vc_column_text][vc_column_text]Con Boost, trasformiamo i contenuti creati dagli influencer in annunci a pagamento tramite TikTok e Meta (Instagram e Facebook). Ora, oltre [&hellip;]<\/p>\n","protected":false},"author":2,"featured_media":15589,"parent":0,"menu_order":0,"comment_status":"closed","ping_status":"closed","template":"","meta":{"footnotes":""},"class_list":["post-15351","page","type-page","status-publish","has-post-thumbnail","hentry"],"yoast_head":"<!-- This site is optimized with the Yoast SEO plugin v27.5 - https:\/\/yoast.com\/product\/yoast-seo-wordpress\/ -->\n<title>Influencer Selling Marketing | SocialPubli<\/title>\n<meta name=\"description\" content=\"Converti i contenuti creati dai nostri influencer in annunci a pagamento sui social network per migliorare il CTR delle tue campagne.\" \/>\n<meta name=\"robots\" content=\"index, follow, max-snippet:-1, max-image-preview:large, max-video-preview:-1\" \/>\n<link rel=\"canonical\" href=\"https:\/\/socialpubli.com\/blog\/it\/influencers-selling-marketing\/\" \/>\n<meta property=\"og:locale\" content=\"it_IT\" \/>\n<meta property=\"og:type\" content=\"article\" \/>\n<meta property=\"og:title\" content=\"Influencer Selling Marketing | SocialPubli\" \/>\n<meta property=\"og:description\" content=\"Converti i contenuti creati dai nostri influencer in annunci a pagamento sui social network per migliorare il CTR delle tue campagne.\" \/>\n<meta property=\"og:url\" content=\"https:\/\/socialpubli.com\/blog\/it\/influencers-selling-marketing\/\" \/>\n<meta property=\"og:site_name\" content=\"Social Publi Blog\" \/>\n<meta property=\"article:modified_time\" content=\"2023-04-14T12:38:32+00:00\" \/>\n<meta property=\"og:image\" content=\"https:\/\/socialpubli.com\/blog\/wp-content\/uploads\/2023\/02\/PreviewCard_afilicacion_ES.jpg\" \/>\n\t<meta property=\"og:image:width\" content=\"560\" \/>\n\t<meta property=\"og:image:height\" content=\"281\" \/>\n\t<meta property=\"og:image:type\" content=\"image\/jpeg\" \/>\n<meta name=\"twitter:card\" content=\"summary_large_image\" \/>\n<meta name=\"twitter:image\" content=\"https:\/\/socialpubli.com\/blog\/wp-content\/uploads\/2023\/02\/PreviewCard_afilicacion_IT.jpg\" \/>\n<meta name=\"twitter:label1\" content=\"Tempo di lettura stimato\" \/>\n\t<meta name=\"twitter:data1\" content=\"2 minuti\" \/>\n<script type=\"application\/ld+json\" class=\"yoast-schema-graph\">{\"@context\":\"https:\\\/\\\/schema.org\",\"@graph\":[{\"@type\":\"WebPage\",\"@id\":\"https:\\\/\\\/socialpubli.com\\\/blog\\\/it\\\/influencers-selling-marketing\\\/\",\"url\":\"https:\\\/\\\/socialpubli.com\\\/blog\\\/it\\\/influencers-selling-marketing\\\/\",\"name\":\"Influencer Selling Marketing | SocialPubli\",\"isPartOf\":{\"@id\":\"https:\\\/\\\/socialpubli.com\\\/blog\\\/#website\"},\"primaryImageOfPage\":{\"@id\":\"https:\\\/\\\/socialpubli.com\\\/blog\\\/it\\\/influencers-selling-marketing\\\/#primaryimage\"},\"image\":{\"@id\":\"https:\\\/\\\/socialpubli.com\\\/blog\\\/it\\\/influencers-selling-marketing\\\/#primaryimage\"},\"thumbnailUrl\":\"https:\\\/\\\/socialpubli.com\\\/blog\\\/wp-content\\\/uploads\\\/2023\\\/04\\\/PreviewCard_selling.png\",\"datePublished\":\"2023-04-14T12:36:50+00:00\",\"dateModified\":\"2023-04-14T12:38:32+00:00\",\"description\":\"Converti i contenuti creati dai nostri influencer in annunci a pagamento sui social network per migliorare il CTR delle tue campagne.\",\"breadcrumb\":{\"@id\":\"https:\\\/\\\/socialpubli.com\\\/blog\\\/it\\\/influencers-selling-marketing\\\/#breadcrumb\"},\"inLanguage\":\"it-IT\",\"potentialAction\":[{\"@type\":\"ReadAction\",\"target\":[\"https:\\\/\\\/socialpubli.com\\\/blog\\\/it\\\/influencers-selling-marketing\\\/\"]}]},{\"@type\":\"ImageObject\",\"inLanguage\":\"it-IT\",\"@id\":\"https:\\\/\\\/socialpubli.com\\\/blog\\\/it\\\/influencers-selling-marketing\\\/#primaryimage\",\"url\":\"https:\\\/\\\/socialpubli.com\\\/blog\\\/wp-content\\\/uploads\\\/2023\\\/04\\\/PreviewCard_selling.png\",\"contentUrl\":\"https:\\\/\\\/socialpubli.com\\\/blog\\\/wp-content\\\/uploads\\\/2023\\\/04\\\/PreviewCard_selling.png\",\"width\":560,\"height\":281},{\"@type\":\"BreadcrumbList\",\"@id\":\"https:\\\/\\\/socialpubli.com\\\/blog\\\/it\\\/influencers-selling-marketing\\\/#breadcrumb\",\"itemListElement\":[{\"@type\":\"ListItem\",\"position\":1,\"name\":\"Portada\",\"item\":\"https:\\\/\\\/socialpubli.com\\\/blog\\\/\"},{\"@type\":\"ListItem\",\"position\":2,\"name\":\"Influencers Selling Marketing\"}]},{\"@type\":\"WebSite\",\"@id\":\"https:\\\/\\\/socialpubli.com\\\/blog\\\/#website\",\"url\":\"https:\\\/\\\/socialpubli.com\\\/blog\\\/\",\"name\":\"Social Publi Blog\",\"description\":\"Tendencias en marketing de influencers, branded content y estrategia en redes sociales.\",\"publisher\":{\"@id\":\"https:\\\/\\\/socialpubli.com\\\/blog\\\/#organization\"},\"potentialAction\":[{\"@type\":\"SearchAction\",\"target\":{\"@type\":\"EntryPoint\",\"urlTemplate\":\"https:\\\/\\\/socialpubli.com\\\/blog\\\/?s={search_term_string}\"},\"query-input\":{\"@type\":\"PropertyValueSpecification\",\"valueRequired\":true,\"valueName\":\"search_term_string\"}}],\"inLanguage\":\"it-IT\"},{\"@type\":\"Organization\",\"@id\":\"https:\\\/\\\/socialpubli.com\\\/blog\\\/#organization\",\"name\":\"SocialPubli\",\"url\":\"https:\\\/\\\/socialpubli.com\\\/blog\\\/\",\"logo\":{\"@type\":\"ImageObject\",\"inLanguage\":\"it-IT\",\"@id\":\"https:\\\/\\\/socialpubli.com\\\/blog\\\/#\\\/schema\\\/logo\\\/image\\\/\",\"url\":\"https:\\\/\\\/socialpubli.com\\\/blog\\\/wp-content\\\/uploads\\\/2017\\\/01\\\/logo-blog.png\",\"contentUrl\":\"https:\\\/\\\/socialpubli.com\\\/blog\\\/wp-content\\\/uploads\\\/2017\\\/01\\\/logo-blog.png\",\"width\":284,\"height\":53,\"caption\":\"SocialPubli\"},\"image\":{\"@id\":\"https:\\\/\\\/socialpubli.com\\\/blog\\\/#\\\/schema\\\/logo\\\/image\\\/\"}}]}<\/script>\n<!-- \/ Yoast SEO plugin. -->","yoast_head_json":{"title":"Influencer Selling Marketing | SocialPubli","description":"Converti i contenuti creati dai nostri influencer in annunci a pagamento sui social network per migliorare il CTR delle tue campagne.","robots":{"index":"index","follow":"follow","max-snippet":"max-snippet:-1","max-image-preview":"max-image-preview:large","max-video-preview":"max-video-preview:-1"},"canonical":"https:\/\/socialpubli.com\/blog\/it\/influencers-selling-marketing\/","og_locale":"it_IT","og_type":"article","og_title":"Influencer Selling Marketing | SocialPubli","og_description":"Converti i contenuti creati dai nostri influencer in annunci a pagamento sui social network per migliorare il CTR delle tue campagne.","og_url":"https:\/\/socialpubli.com\/blog\/it\/influencers-selling-marketing\/","og_site_name":"Social Publi Blog","article_modified_time":"2023-04-14T12:38:32+00:00","og_image":[{"width":560,"height":281,"url":"https:\/\/socialpubli.com\/blog\/wp-content\/uploads\/2023\/02\/PreviewCard_afilicacion_ES.jpg","type":"image\/jpeg"}],"twitter_card":"summary_large_image","twitter_image":"https:\/\/socialpubli.com\/blog\/wp-content\/uploads\/2023\/02\/PreviewCard_afilicacion_IT.jpg","twitter_misc":{"Tempo di lettura stimato":"2 minuti"},"schema":{"@context":"https:\/\/schema.org","@graph":[{"@type":"WebPage","@id":"https:\/\/socialpubli.com\/blog\/it\/influencers-selling-marketing\/","url":"https:\/\/socialpubli.com\/blog\/it\/influencers-selling-marketing\/","name":"Influencer Selling Marketing | SocialPubli","isPartOf":{"@id":"https:\/\/socialpubli.com\/blog\/#website"},"primaryImageOfPage":{"@id":"https:\/\/socialpubli.com\/blog\/it\/influencers-selling-marketing\/#primaryimage"},"image":{"@id":"https:\/\/socialpubli.com\/blog\/it\/influencers-selling-marketing\/#primaryimage"},"thumbnailUrl":"https:\/\/socialpubli.com\/blog\/wp-content\/uploads\/2023\/04\/PreviewCard_selling.png","datePublished":"2023-04-14T12:36:50+00:00","dateModified":"2023-04-14T12:38:32+00:00","description":"Converti i contenuti creati dai nostri influencer in annunci a pagamento sui social network per migliorare il CTR delle tue campagne.","breadcrumb":{"@id":"https:\/\/socialpubli.com\/blog\/it\/influencers-selling-marketing\/#breadcrumb"},"inLanguage":"it-IT","potentialAction":[{"@type":"ReadAction","target":["https:\/\/socialpubli.com\/blog\/it\/influencers-selling-marketing\/"]}]},{"@type":"ImageObject","inLanguage":"it-IT","@id":"https:\/\/socialpubli.com\/blog\/it\/influencers-selling-marketing\/#primaryimage","url":"https:\/\/socialpubli.com\/blog\/wp-content\/uploads\/2023\/04\/PreviewCard_selling.png","contentUrl":"https:\/\/socialpubli.com\/blog\/wp-content\/uploads\/2023\/04\/PreviewCard_selling.png","width":560,"height":281},{"@type":"BreadcrumbList","@id":"https:\/\/socialpubli.com\/blog\/it\/influencers-selling-marketing\/#breadcrumb","itemListElement":[{"@type":"ListItem","position":1,"name":"Portada","item":"https:\/\/socialpubli.com\/blog\/"},{"@type":"ListItem","position":2,"name":"Influencers Selling Marketing"}]},{"@type":"WebSite","@id":"https:\/\/socialpubli.com\/blog\/#website","url":"https:\/\/socialpubli.com\/blog\/","name":"Social Publi Blog","description":"Tendencias en marketing de influencers, branded content y estrategia en redes sociales.","publisher":{"@id":"https:\/\/socialpubli.com\/blog\/#organization"},"potentialAction":[{"@type":"SearchAction","target":{"@type":"EntryPoint","urlTemplate":"https:\/\/socialpubli.com\/blog\/?s={search_term_string}"},"query-input":{"@type":"PropertyValueSpecification","valueRequired":true,"valueName":"search_term_string"}}],"inLanguage":"it-IT"},{"@type":"Organization","@id":"https:\/\/socialpubli.com\/blog\/#organization","name":"SocialPubli","url":"https:\/\/socialpubli.com\/blog\/","logo":{"@type":"ImageObject","inLanguage":"it-IT","@id":"https:\/\/socialpubli.com\/blog\/#\/schema\/logo\/image\/","url":"https:\/\/socialpubli.com\/blog\/wp-content\/uploads\/2017\/01\/logo-blog.png","contentUrl":"https:\/\/socialpubli.com\/blog\/wp-content\/uploads\/2017\/01\/logo-blog.png","width":284,"height":53,"caption":"SocialPubli"},"image":{"@id":"https:\/\/socialpubli.com\/blog\/#\/schema\/logo\/image\/"}}]}},"_links":{"self":[{"href":"https:\/\/socialpubli.com\/blog\/it\/wp-json\/wp\/v2\/pages\/15351","targetHints":{"allow":["GET"]}}],"collection":[{"href":"https:\/\/socialpubli.com\/blog\/it\/wp-json\/wp\/v2\/pages"}],"about":[{"href":"https:\/\/socialpubli.com\/blog\/it\/wp-json\/wp\/v2\/types\/page"}],"author":[{"embeddable":true,"href":"https:\/\/socialpubli.com\/blog\/it\/wp-json\/wp\/v2\/users\/2"}],"replies":[{"embeddable":true,"href":"https:\/\/socialpubli.com\/blog\/it\/wp-json\/wp\/v2\/comments?post=15351"}],"version-history":[{"count":7,"href":"https:\/\/socialpubli.com\/blog\/it\/wp-json\/wp\/v2\/pages\/15351\/revisions"}],"predecessor-version":[{"id":15618,"href":"https:\/\/socialpubli.com\/blog\/it\/wp-json\/wp\/v2\/pages\/15351\/revisions\/15618"}],"wp:featuredmedia":[{"embeddable":true,"href":"https:\/\/socialpubli.com\/blog\/it\/wp-json\/wp\/v2\/media\/15589"}],"wp:attachment":[{"href":"https:\/\/socialpubli.com\/blog\/it\/wp-json\/wp\/v2\/media?parent=15351"}],"curies":[{"name":"wp","href":"https:\/\/api.w.org\/{rel}","templated":true}]}}