{"id":10277,"date":"2021-06-04T10:23:52","date_gmt":"2021-06-04T08:23:52","guid":{"rendered":"https:\/\/socialpubli.com\/blog\/?page_id=10277"},"modified":"2022-10-31T12:05:32","modified_gmt":"2022-10-31T11:05:32","slug":"casos-de-exito","status":"publish","type":"page","link":"https:\/\/socialpubli.com\/blog\/es\/casos-de-exito\/","title":{"rendered":"Casos de \u00e9xito"},"content":{"rendered":"<div class=\"wpb-content-wrapper\"><p>[vc_row el_class=\u00bbgradient-box\u00bb css=\u00bb.vc_custom_1619423476662{padding-top: 2% !important;padding-right: 12% !important;padding-bottom: 6% !important;padding-left: 12% !important;}\u00bb][vc_column el_class=\u00bbtext-center\u00bb][vc_column_text]<\/p>\n<h2 style=\"text-align: center;\"><span style=\"color: #ffffff;\"><b>La plataforma que conecta anunciantes con influencers<\/b><\/span><\/h2>\n<p>[\/vc_column_text][vc_column_text]<\/p>\n<p style=\"text-align: center;\"><span style=\"color: #ffffff;\"><span style=\"font-weight: 400;\">Estas son algunas de las marcas a las que hemos ayudado a <\/span><b>crear, gestionar y medir sus campa\u00f1as con influencers<\/b><span style=\"font-weight: 400;\">. Descubre a trav\u00e9s de nuestros <\/span><b>casos de \u00e9xito<\/b><span style=\"font-weight: 400;\"> c\u00f3mo el marketing de influencers puede impulsar tus mensajes y ayudarte a alcanzar a tu p\u00fablico objetivo. <\/span><\/span><\/p>\n<p>[\/vc_column_text][qodef_button text=\u00bbPRU\u00c9BALO AHORA\u00bb target=\u00bb_self\u00bb icon_pack=\u00bb\u00bb font_weight=\u00bb\u00bb text_transform=\u00bb\u00bb link=\u00bbhttps:\/\/socialpubli.com\/es#advertiser_signup\u00bb color=\u00bb#000000&#8243; hover_color=\u00bb#ffffff\u00bb background_color=\u00bb#ffffff\u00bb hover_background_color=\u00bb#000000&#8243; font_size=\u00bb25&#8243; custom_class=\u00bbbutton_black\u00bb][\/vc_column][\/vc_row][vc_row equal_height=\u00bbyes\u00bb content_placement=\u00bbmiddle\u00bb row_content_width=\u00bbgrid\u00bb css=\u00bb.vc_custom_1621932809160{padding-top: 4% !important;padding-bottom: 4% !important;}\u00bb][vc_column width=\u00bb1\/3&#8243; el_class=\u00bbtext-center\u00bb][vc_single_image image=\u00bb10304&#8243; img_size=\u00bbfull\u00bb alignment=\u00bbcenter\u00bb css_animation=\u00bbfadeInUp\u00bb css=\u00bb.vc_custom_1619443342333{padding-top: 20px !important;padding-right: 20px !important;padding-bottom: 20px !important;padding-left: 20px !important;}\u00bb][\/vc_column][vc_column width=\u00bb2\/3&#8243;][vc_column_text]<\/p>\n<h3><b>SocialPubli lidera la acci\u00f3n de concienciaci\u00f3n del BCP en colaboraci\u00f3n con Yape<\/b><\/h3>\n<ul>\n<li style=\"font-weight: 400;\" aria-level=\"1\"><span style=\"font-weight: 400;\">El <\/span><b>BCP <\/b><span style=\"font-weight: 400;\">(Banco de Cr\u00e9dito del Per\u00fa), l\u00edder de servicios financieros integrados en el Per\u00fa, buscaba concienciar a los ciudadanos acerca de la importancia de ayudar a las personas m\u00e1s necesitadas durante la crisis sanitaria que atraviesa el mundo y, concretamente, el pa\u00eds.\u00a0<\/span><\/li>\n<\/ul>\n<ul>\n<li style=\"font-weight: 400;\" aria-level=\"1\"><span style=\"font-weight: 400;\">El BCP, en colaboraci\u00f3n con <\/span><b>Yape<\/b><span style=\"font-weight: 400;\">, aplicaci\u00f3n m\u00f3vil que permite realizar transferencias de m\u00f3vil a m\u00f3vil, ten\u00eda como <\/span><b>objetivo promover acciones de responsabilidad social a trav\u00e9s de donaciones voluntarias<\/b><span style=\"font-weight: 400;\">.\u00a0<\/span><\/li>\n<\/ul>\n<ul>\n<li style=\"font-weight: 400;\" aria-level=\"1\"><span style=\"font-weight: 400;\">El <\/span><b>reto <\/b><span style=\"font-weight: 400;\">principal era<\/span><b> llegar al mayor n\u00famero de personas<\/b><span style=\"font-weight: 400;\"> posible para conseguir apoyo por parte de la ciudadan\u00eda, transmitiendo el mensaje de que todos juntos podemos detener el COVID.\u00a0\u00a0<\/span><\/li>\n<\/ul>\n<p>[\/vc_column_text][qodef_button size=\u00bbmedium\u00bb text=\u00bb\u00bfQU\u00c9 HICIMOS?\u00bb target=\u00bb_self\u00bb icon_pack=\u00bb\u00bb font_weight=\u00bb\u00bb text_transform=\u00bb\u00bb font_size=\u00bb18&#8243; padding=\u00bb0px 20px\u00bb custom_class=\u00bbtext-center\u00bb margin=\u00bb30px auto 0px auto\u00bb link=\u00bbhttps:\/\/socialpubli.com\/es\/blog\/bcp-colaboracion-con-yape\/\u00bb][\/vc_column][\/vc_row][vc_row equal_height=\u00bbyes\u00bb content_placement=\u00bbmiddle\u00bb row_content_width=\u00bbgrid\u00bb css=\u00bb.vc_custom_1621932796688{padding-top: 4% !important;padding-bottom: 4% !important;}\u00bb][vc_column width=\u00bb1\/3&#8243; el_class=\u00bbtext-center\u00bb][vc_single_image image=\u00bb10473&#8243; img_size=\u00bbfull\u00bb alignment=\u00bbcenter\u00bb css_animation=\u00bbfadeInUp\u00bb css=\u00bb.vc_custom_1621927260601{padding-top: 20px !important;padding-right: 20px !important;padding-bottom: 20px !important;padding-left: 20px !important;}\u00bb][\/vc_column][vc_column width=\u00bb2\/3&#8243;][vc_column_text]<\/p>\n<h3><b>Coca-Cola da a conocer su nuevo producto, Coca-Cola Con Caf\u00e9, en el mercado colombiano<\/b><\/h3>\n<ul>\n<li><b>Coca-Cola\u00a0 en Colombia<\/b><span style=\"font-weight: 400;\">, ten\u00eda como objetivo <\/span><b>dar a conocer a trav\u00e9s de redes sociales su nuevo producto<\/b><span style=\"font-weight: 400;\"> en el mercado colombiano, <\/span><b>\u201cCoca-Cola con Caf\u00e9\u201d<\/b><span style=\"font-weight: 400;\">, una<\/span> <span style=\"font-weight: 400;\">bebida refrescante con extracto de caf\u00e9, hecho a partir de aut\u00e9nticos granos de caf\u00e9.<\/span><\/li>\n<li><span style=\"font-weight: 400;\">El mayor <\/span><b>reto <\/b><span style=\"font-weight: 400;\">que se plante\u00f3 fue el de introducir un producto muy novedoso y conseguir transmitir a los clientes sus puntos fuertes, sobre todo su sabor a caf\u00e9.\u00a0 <\/span><\/li>\n<\/ul>\n<p>[\/vc_column_text][qodef_button size=\u00bbmedium\u00bb text=\u00bb\u00bfQU\u00c9 HICIMOS?\u00bb target=\u00bb_self\u00bb icon_pack=\u00bb\u00bb font_weight=\u00bb\u00bb text_transform=\u00bb\u00bb font_size=\u00bb18&#8243; padding=\u00bb0px 20px\u00bb custom_class=\u00bbtext-center\u00bb margin=\u00bb30px auto 0px auto\u00bb link=\u00bbhttps:\/\/socialpubli.com\/es\/blog\/cocacola-con-cafe-colombia\/\u00bb][\/vc_column][\/vc_row][vc_row equal_height=\u00bbyes\u00bb content_placement=\u00bbmiddle\u00bb row_content_width=\u00bbgrid\u00bb css=\u00bb.vc_custom_1621932782592{padding-top: 4% !important;padding-bottom: 4% !important;}\u00bb][vc_column width=\u00bb1\/3&#8243; el_class=\u00bbtext-center\u00bb][vc_single_image image=\u00bb10477&#8243; img_size=\u00bbfull\u00bb alignment=\u00bbcenter\u00bb css_animation=\u00bbfadeInUp\u00bb css=\u00bb.vc_custom_1621927278455{padding-top: 20px !important;padding-right: 20px !important;padding-bottom: 20px !important;padding-left: 20px !important;}\u00bb][\/vc_column][vc_column width=\u00bb2\/3&#8243;][vc_column_text]<\/p>\n<h3><b>L&#8217;Or\u00e9al Mass Market confi\u00f3 en SocialPubli para lanzar su primera gran campa\u00f1a en la plataforma de live streaming, Twitch, para Portugal<\/b><\/h3>\n<ul>\n<li><b>L\u2019Or\u00e9al<\/b><span style=\"font-weight: 400;\"> quer\u00eda <\/span><b>aumentar su notoriedad en el mercado portugu\u00e9s e introducir la marca en nuevos canales<\/b><span style=\"font-weight: 400;\">. El objetivo era promocionar dos productos de Garnier,\u00a0 Garnier Pure Active 3 en 1 y Garnier Pure Active Carv\u00e3o.\u00a0<\/span><\/li>\n<li><span style=\"font-weight: 400;\">De este modo, L&#8217;Or\u00e9al Mass Market confi\u00f3 en SocialPubli para lanzar su <\/span><b>primera gran campa\u00f1a en la plataforma de live streaming, Twitch, para Portugal<\/b><span style=\"font-weight: 400;\">. <\/span><\/li>\n<\/ul>\n<p>[\/vc_column_text][qodef_button size=\u00bbmedium\u00bb text=\u00bb\u00bfQU\u00c9 HICIMOS?\u00bb target=\u00bb_self\u00bb icon_pack=\u00bb\u00bb font_weight=\u00bb\u00bb text_transform=\u00bb\u00bb font_size=\u00bb18&#8243; padding=\u00bb0px 20px\u00bb custom_class=\u00bbtext-center\u00bb margin=\u00bb30px auto 0px auto\u00bb link=\u00bbhttps:\/\/socialpubli.com\/es\/blog\/loreal-mass-market-twitch-portugal\/\u00bb][\/vc_column][\/vc_row][vc_row css=\u00bb.vc_custom_1621932667682{padding-top: 4% !important;padding-bottom: 4% !important;}\u00bb][vc_column][vc_column_text css=\u00bb.vc_custom_1621933724004{padding-bottom: 30px !important;}\u00bb]<\/p>\n<h3 style=\"text-align: center; font-size: 40px; font-weight: 200; letter-spacing: 3px;\">LAS MEJORES MARCAS DEL MUNDO CONF\u00cdAN EN NOSOTROS<\/h3>\n<p>[\/vc_column_text][vc_row_inner row_content_width=\u00bbgrid\u00bb css=\u00bb.vc_custom_1621932506508{padding-top: 20px !important;padding-bottom: 20px !important;}\u00bb][vc_column_inner width=\u00bb1\/6&#8243;][vc_single_image image=\u00bb10562&#8243; img_size=\u00bbmedium\u00bb alignment=\u00bbcenter\u00bb][\/vc_column_inner][vc_column_inner width=\u00bb1\/6&#8243;][vc_single_image image=\u00bb10522&#8243; img_size=\u00bbmedium\u00bb alignment=\u00bbcenter\u00bb][\/vc_column_inner][vc_column_inner width=\u00bb1\/6&#8243;][vc_single_image image=\u00bb10554&#8243; img_size=\u00bbmedium\u00bb alignment=\u00bbcenter\u00bb][\/vc_column_inner][vc_column_inner width=\u00bb1\/6&#8243;][vc_single_image image=\u00bb10486&#8243; img_size=\u00bbmedium\u00bb alignment=\u00bbcenter\u00bb][\/vc_column_inner][vc_column_inner width=\u00bb1\/6&#8243;][vc_single_image image=\u00bb10546&#8243; img_size=\u00bbmedium\u00bb alignment=\u00bbcenter\u00bb][\/vc_column_inner][vc_column_inner width=\u00bb1\/6&#8243;][vc_single_image image=\u00bb10572&#8243; img_size=\u00bbmedium\u00bb alignment=\u00bbcenter\u00bb][\/vc_column_inner][\/vc_row_inner][vc_row_inner row_content_width=\u00bbgrid\u00bb css=\u00bb.vc_custom_1621932677724{padding-top: 20px !important;padding-bottom: 20px !important;}\u00bb][vc_column_inner width=\u00bb1\/6&#8243;][vc_single_image image=\u00bb10498&#8243; img_size=\u00bbmedium\u00bb alignment=\u00bbcenter\u00bb][\/vc_column_inner][vc_column_inner width=\u00bb1\/6&#8243;][vc_single_image image=\u00bb10526&#8243; img_size=\u00bbmedium\u00bb alignment=\u00bbcenter\u00bb][\/vc_column_inner][vc_column_inner width=\u00bb1\/6&#8243;][vc_single_image image=\u00bb10538&#8243; img_size=\u00bbmedium\u00bb alignment=\u00bbcenter\u00bb][\/vc_column_inner][vc_column_inner width=\u00bb1\/6&#8243;][vc_single_image image=\u00bb10534&#8243; img_size=\u00bbmedium\u00bb alignment=\u00bbcenter\u00bb][\/vc_column_inner][vc_column_inner width=\u00bb1\/6&#8243;][vc_single_image image=\u00bb10482&#8243; img_size=\u00bbmedium\u00bb alignment=\u00bbcenter\u00bb][\/vc_column_inner][vc_column_inner width=\u00bb1\/6&#8243;][vc_single_image image=\u00bb10542&#8243; img_size=\u00bbmedium\u00bb alignment=\u00bbcenter\u00bb][\/vc_column_inner][\/vc_row_inner][vc_row_inner row_content_width=\u00bbgrid\u00bb css=\u00bb.vc_custom_1621932685973{padding-top: 20px !important;padding-bottom: 20px !important;}\u00bb][vc_column_inner width=\u00bb1\/6&#8243;][vc_single_image image=\u00bb10530&#8243; img_size=\u00bbmedium\u00bb alignment=\u00bbcenter\u00bb][\/vc_column_inner][vc_column_inner width=\u00bb1\/6&#8243;][vc_single_image image=\u00bb10506&#8243; img_size=\u00bbmedium\u00bb alignment=\u00bbcenter\u00bb][\/vc_column_inner][vc_column_inner width=\u00bb1\/6&#8243;][vc_single_image image=\u00bb10550&#8243; img_size=\u00bbmedium\u00bb alignment=\u00bbcenter\u00bb][\/vc_column_inner][vc_column_inner width=\u00bb1\/6&#8243;][vc_single_image image=\u00bb10494&#8243; img_size=\u00bbmedium\u00bb alignment=\u00bbcenter\u00bb][\/vc_column_inner][vc_column_inner width=\u00bb1\/6&#8243;][vc_single_image image=\u00bb10579&#8243; img_size=\u00bbmedium\u00bb alignment=\u00bbcenter\u00bb][\/vc_column_inner][vc_column_inner width=\u00bb1\/6&#8243;][vc_single_image image=\u00bb10502&#8243; img_size=\u00bbmedium\u00bb alignment=\u00bbcenter\u00bb][\/vc_column_inner][\/vc_row_inner][vc_row_inner row_content_width=\u00bbgrid\u00bb css=\u00bb.vc_custom_1621932695549{padding-top: 20px !important;padding-bottom: 20px !important;}\u00bb][vc_column_inner width=\u00bb1\/6&#8243;][vc_single_image image=\u00bb10514&#8243; img_size=\u00bbmedium\u00bb alignment=\u00bbcenter\u00bb][\/vc_column_inner][vc_column_inner width=\u00bb1\/6&#8243;][vc_single_image image=\u00bb10490&#8243; img_size=\u00bbmedium\u00bb alignment=\u00bbcenter\u00bb][\/vc_column_inner][vc_column_inner width=\u00bb1\/6&#8243;][vc_single_image image=\u00bb10518&#8243; img_size=\u00bbmedium\u00bb alignment=\u00bbcenter\u00bb][\/vc_column_inner][vc_column_inner width=\u00bb1\/6&#8243;][vc_single_image image=\u00bb10566&#8243; img_size=\u00bbmedium\u00bb alignment=\u00bbcenter\u00bb][\/vc_column_inner][vc_column_inner width=\u00bb1\/6&#8243;][vc_single_image image=\u00bb10558&#8243; img_size=\u00bbmedium\u00bb alignment=\u00bbcenter\u00bb][\/vc_column_inner][vc_column_inner width=\u00bb1\/6&#8243;][vc_single_image image=\u00bb10510&#8243; img_size=\u00bbmedium\u00bb alignment=\u00bbcenter\u00bb][\/vc_column_inner][\/vc_row_inner][\/vc_column][\/vc_row]<\/p>\n<\/div>","protected":false},"excerpt":{"rendered":"<p>[vc_row el_class=\u00bbgradient-box\u00bb css=\u00bb.vc_custom_1619423476662{padding-top: 2% !important;padding-right: 12% !important;padding-bottom: 6% !important;padding-left: 12% !important;}\u00bb][vc_column el_class=\u00bbtext-center\u00bb][vc_column_text] La plataforma que conecta anunciantes con influencers [\/vc_column_text][vc_column_text] Estas son algunas de las marcas a las que hemos ayudado a crear, gestionar y medir sus campa\u00f1as con influencers. Descubre a trav\u00e9s de nuestros casos de \u00e9xito c\u00f3mo el marketing de influencers puede impulsar [&hellip;]<\/p>\n","protected":false},"author":2,"featured_media":0,"parent":0,"menu_order":0,"comment_status":"closed","ping_status":"closed","template":"full-width.php","meta":{"footnotes":""},"class_list":["post-10277","page","type-page","status-publish","hentry"],"yoast_head":"<!-- This site is optimized with the Yoast SEO plugin v27.0 - https:\/\/yoast.com\/product\/yoast-seo-wordpress\/ -->\n<title>Casos de \u00e9xito con influencers en RRSS | Socialpubli<\/title>\n<meta name=\"description\" content=\"Descubre las compa\u00f1\u00edas a las que hemos ayudado a lograr sus objetivos de marca gracias al marketing de influencers con campa\u00f1as en redes sociales.\" \/>\n<meta name=\"robots\" content=\"index, follow, max-snippet:-1, max-image-preview:large, max-video-preview:-1\" \/>\n<link rel=\"canonical\" href=\"https:\/\/socialpubli.com\/blog\/es\/casos-de-exito\/\" \/>\n<meta property=\"og:locale\" content=\"es_ES\" \/>\n<meta property=\"og:type\" content=\"article\" \/>\n<meta property=\"og:title\" content=\"Casos de \u00e9xito con influencers en RRSS | Socialpubli\" \/>\n<meta property=\"og:description\" content=\"Descubre las compa\u00f1\u00edas a las que hemos ayudado a lograr sus objetivos de marca gracias al marketing de influencers con campa\u00f1as en redes sociales.\" \/>\n<meta property=\"og:url\" content=\"https:\/\/socialpubli.com\/blog\/es\/casos-de-exito\/\" \/>\n<meta property=\"og:site_name\" content=\"Social Publi Blog\" \/>\n<meta property=\"article:modified_time\" content=\"2022-10-31T11:05:32+00:00\" \/>\n<meta name=\"twitter:card\" content=\"summary_large_image\" \/>\n<meta name=\"twitter:label1\" content=\"Tiempo de lectura\" \/>\n\t<meta name=\"twitter:data1\" content=\"3 minutos\" \/>\n<script type=\"application\/ld+json\" class=\"yoast-schema-graph\">{\"@context\":\"https:\/\/schema.org\",\"@graph\":[{\"@type\":\"WebPage\",\"@id\":\"https:\/\/socialpubli.com\/blog\/es\/casos-de-exito\/\",\"url\":\"https:\/\/socialpubli.com\/blog\/es\/casos-de-exito\/\",\"name\":\"Casos de \u00e9xito con influencers en RRSS | Socialpubli\",\"isPartOf\":{\"@id\":\"https:\/\/socialpubli.com\/blog\/#website\"},\"datePublished\":\"2021-06-04T08:23:52+00:00\",\"dateModified\":\"2022-10-31T11:05:32+00:00\",\"description\":\"Descubre las compa\u00f1\u00edas a las que hemos ayudado a lograr sus objetivos de marca gracias al marketing de influencers con campa\u00f1as en redes sociales.\",\"breadcrumb\":{\"@id\":\"https:\/\/socialpubli.com\/blog\/es\/casos-de-exito\/#breadcrumb\"},\"inLanguage\":\"es\",\"potentialAction\":[{\"@type\":\"ReadAction\",\"target\":[\"https:\/\/socialpubli.com\/blog\/es\/casos-de-exito\/\"]}]},{\"@type\":\"BreadcrumbList\",\"@id\":\"https:\/\/socialpubli.com\/blog\/es\/casos-de-exito\/#breadcrumb\",\"itemListElement\":[{\"@type\":\"ListItem\",\"position\":1,\"name\":\"Portada\",\"item\":\"https:\/\/socialpubli.com\/blog\/\"},{\"@type\":\"ListItem\",\"position\":2,\"name\":\"Casos de \u00e9xito\"}]},{\"@type\":\"WebSite\",\"@id\":\"https:\/\/socialpubli.com\/blog\/#website\",\"url\":\"https:\/\/socialpubli.com\/blog\/\",\"name\":\"Social Publi Blog\",\"description\":\"Tendencias en marketing de influencers, branded content y estrategia en redes sociales.\",\"publisher\":{\"@id\":\"https:\/\/socialpubli.com\/blog\/#organization\"},\"potentialAction\":[{\"@type\":\"SearchAction\",\"target\":{\"@type\":\"EntryPoint\",\"urlTemplate\":\"https:\/\/socialpubli.com\/blog\/?s={search_term_string}\"},\"query-input\":{\"@type\":\"PropertyValueSpecification\",\"valueRequired\":true,\"valueName\":\"search_term_string\"}}],\"inLanguage\":\"es\"},{\"@type\":\"Organization\",\"@id\":\"https:\/\/socialpubli.com\/blog\/#organization\",\"name\":\"SocialPubli\",\"url\":\"https:\/\/socialpubli.com\/blog\/\",\"logo\":{\"@type\":\"ImageObject\",\"inLanguage\":\"es\",\"@id\":\"https:\/\/socialpubli.com\/blog\/#\/schema\/logo\/image\/\",\"url\":\"https:\/\/socialpubli.com\/blog\/wp-content\/uploads\/2017\/01\/logo-blog.png\",\"contentUrl\":\"https:\/\/socialpubli.com\/blog\/wp-content\/uploads\/2017\/01\/logo-blog.png\",\"width\":284,\"height\":53,\"caption\":\"SocialPubli\"},\"image\":{\"@id\":\"https:\/\/socialpubli.com\/blog\/#\/schema\/logo\/image\/\"}}]}<\/script>\n<!-- \/ Yoast SEO plugin. -->","yoast_head_json":{"title":"Casos de \u00e9xito con influencers en RRSS | Socialpubli","description":"Descubre las compa\u00f1\u00edas a las que hemos ayudado a lograr sus objetivos de marca gracias al marketing de influencers con campa\u00f1as en redes sociales.","robots":{"index":"index","follow":"follow","max-snippet":"max-snippet:-1","max-image-preview":"max-image-preview:large","max-video-preview":"max-video-preview:-1"},"canonical":"https:\/\/socialpubli.com\/blog\/es\/casos-de-exito\/","og_locale":"es_ES","og_type":"article","og_title":"Casos de \u00e9xito con influencers en RRSS | Socialpubli","og_description":"Descubre las compa\u00f1\u00edas a las que hemos ayudado a lograr sus objetivos de marca gracias al marketing de influencers con campa\u00f1as en redes sociales.","og_url":"https:\/\/socialpubli.com\/blog\/es\/casos-de-exito\/","og_site_name":"Social Publi Blog","article_modified_time":"2022-10-31T11:05:32+00:00","twitter_card":"summary_large_image","twitter_misc":{"Tiempo de lectura":"3 minutos"},"schema":{"@context":"https:\/\/schema.org","@graph":[{"@type":"WebPage","@id":"https:\/\/socialpubli.com\/blog\/es\/casos-de-exito\/","url":"https:\/\/socialpubli.com\/blog\/es\/casos-de-exito\/","name":"Casos de \u00e9xito con influencers en RRSS | Socialpubli","isPartOf":{"@id":"https:\/\/socialpubli.com\/blog\/#website"},"datePublished":"2021-06-04T08:23:52+00:00","dateModified":"2022-10-31T11:05:32+00:00","description":"Descubre las compa\u00f1\u00edas a las que hemos ayudado a lograr sus objetivos de marca gracias al marketing de influencers con campa\u00f1as en redes sociales.","breadcrumb":{"@id":"https:\/\/socialpubli.com\/blog\/es\/casos-de-exito\/#breadcrumb"},"inLanguage":"es","potentialAction":[{"@type":"ReadAction","target":["https:\/\/socialpubli.com\/blog\/es\/casos-de-exito\/"]}]},{"@type":"BreadcrumbList","@id":"https:\/\/socialpubli.com\/blog\/es\/casos-de-exito\/#breadcrumb","itemListElement":[{"@type":"ListItem","position":1,"name":"Portada","item":"https:\/\/socialpubli.com\/blog\/"},{"@type":"ListItem","position":2,"name":"Casos de \u00e9xito"}]},{"@type":"WebSite","@id":"https:\/\/socialpubli.com\/blog\/#website","url":"https:\/\/socialpubli.com\/blog\/","name":"Social Publi Blog","description":"Tendencias en marketing de influencers, branded content y estrategia en redes sociales.","publisher":{"@id":"https:\/\/socialpubli.com\/blog\/#organization"},"potentialAction":[{"@type":"SearchAction","target":{"@type":"EntryPoint","urlTemplate":"https:\/\/socialpubli.com\/blog\/?s={search_term_string}"},"query-input":{"@type":"PropertyValueSpecification","valueRequired":true,"valueName":"search_term_string"}}],"inLanguage":"es"},{"@type":"Organization","@id":"https:\/\/socialpubli.com\/blog\/#organization","name":"SocialPubli","url":"https:\/\/socialpubli.com\/blog\/","logo":{"@type":"ImageObject","inLanguage":"es","@id":"https:\/\/socialpubli.com\/blog\/#\/schema\/logo\/image\/","url":"https:\/\/socialpubli.com\/blog\/wp-content\/uploads\/2017\/01\/logo-blog.png","contentUrl":"https:\/\/socialpubli.com\/blog\/wp-content\/uploads\/2017\/01\/logo-blog.png","width":284,"height":53,"caption":"SocialPubli"},"image":{"@id":"https:\/\/socialpubli.com\/blog\/#\/schema\/logo\/image\/"}}]}},"_links":{"self":[{"href":"https:\/\/socialpubli.com\/blog\/es\/wp-json\/wp\/v2\/pages\/10277","targetHints":{"allow":["GET"]}}],"collection":[{"href":"https:\/\/socialpubli.com\/blog\/es\/wp-json\/wp\/v2\/pages"}],"about":[{"href":"https:\/\/socialpubli.com\/blog\/es\/wp-json\/wp\/v2\/types\/page"}],"author":[{"embeddable":true,"href":"https:\/\/socialpubli.com\/blog\/es\/wp-json\/wp\/v2\/users\/2"}],"replies":[{"embeddable":true,"href":"https:\/\/socialpubli.com\/blog\/es\/wp-json\/wp\/v2\/comments?post=10277"}],"version-history":[{"count":43,"href":"https:\/\/socialpubli.com\/blog\/es\/wp-json\/wp\/v2\/pages\/10277\/revisions"}],"predecessor-version":[{"id":12879,"href":"https:\/\/socialpubli.com\/blog\/es\/wp-json\/wp\/v2\/pages\/10277\/revisions\/12879"}],"wp:attachment":[{"href":"https:\/\/socialpubli.com\/blog\/es\/wp-json\/wp\/v2\/media?parent=10277"}],"curies":[{"name":"wp","href":"https:\/\/api.w.org\/{rel}","templated":true}]}}