{"id":10671,"date":"2021-06-04T10:26:56","date_gmt":"2021-06-04T08:26:56","guid":{"rendered":"https:\/\/socialpubli.com\/blog\/?page_id=10671"},"modified":"2022-08-22T09:43:08","modified_gmt":"2022-08-22T07:43:08","slug":"bcp-colaboracion-con-yape","status":"publish","type":"page","link":"https:\/\/socialpubli.com\/blog\/es\/bcp-colaboracion-con-yape\/","title":{"rendered":"BCP en colaboraci\u00f3n con Yape"},"content":{"rendered":"<div class=\"wpb-content-wrapper\"><p>[vc_row][vc_column width=\u00bb2\/3&#8243;][vc_column_text]<\/p>\n<h2><b>\u00bfQU\u00c9 HICIMOS?<\/b><\/h2>\n<p>[\/vc_column_text][vc_separator color=\u00bbcustom\u00bb align=\u00bbalign_left\u00bb border_width=\u00bb10&#8243; el_width=\u00bb20&#8243; css_animation=\u00bbfadeInLeft\u00bb accent_color=\u00bbrgba(246,168,1,0.5)\u00bb css=\u00bb.vc_custom_1622623397576{padding-bottom: 30px !important;}\u00bb][vc_column_text]<span style=\"font-weight: 400;\">Para ayudar al BCP a lograr sus objetivos, concentramos toda nuestra experiencia en el sector del marketing con influencers y conocimiento sobre redes sociales, para desarrollar una campa\u00f1a que se adaptara al 100% al prop\u00f3sito de la marca.\u00a0\u00a0<\/span><\/p>\n<p><span style=\"font-weight: 400;\">As\u00ed, decidimos realizar una <\/span><b>campa\u00f1a a trav\u00e9s de Instagram Stories<\/b><span style=\"font-weight: 400;\"> bajo el hashtag #YoMeSumo. Los inlfuencers, mediante un v\u00eddeo, invitaron a sus seguidores a realizar sus donaciones. El formato de Stories fue el m\u00e1s adecuado, permitiendo a\u00f1adir en el swipe up el enlace directo a la campa\u00f1a de recaudaci\u00f3n de fondos para que los usuarios pudieran obtener m\u00e1s informaci\u00f3n y realizar sus donaciones. <\/span>[\/vc_column_text][qodef_button text=\u00bbPIDE UNA DEMO\u00bb target=\u00bb_self\u00bb icon_pack=\u00bb\u00bb font_weight=\u00bb\u00bb text_transform=\u00bb\u00bb link=\u00bbhttps:\/\/meetings.hubspot.com\/fernando-leveratto\u00bb color=\u00bb#000000&#8243; hover_color=\u00bb#ffffff\u00bb background_color=\u00bb#ffffff\u00bb hover_background_color=\u00bb#000000&#8243; font_size=\u00bb25&#8243; margin=\u00bb30px 0 0 0&#8243;][\/vc_column][vc_column width=\u00bb1\/3&#8243; css=\u00bb.vc_custom_1623058693534{padding-top: 60px !important;padding-left: 20px !important;}\u00bb][vc_single_image image=\u00bb10833&#8243; img_size=\u00bblarge\u00bb alignment=\u00bbcenter\u00bb css_animation=\u00bbfadeInUp\u00bb][vc_single_image image=\u00bb10837&#8243; img_size=\u00bblarge\u00bb alignment=\u00bbcenter\u00bb css_animation=\u00bbfadeInUp\u00bb][\/vc_column][\/vc_row][vc_row css=\u00bb.vc_custom_1622732396020{margin-top: 60px !important;}\u00bb][vc_column][vc_column_text]<\/p>\n<h3>\u00bfCU\u00c1LES FUERON LOS RESULTADOS?<\/h3>\n<p>[\/vc_column_text][vc_separator color=\u00bbcustom\u00bb align=\u00bbalign_left\u00bb border_width=\u00bb10&#8243; el_width=\u00bb20&#8243; css_animation=\u00bbfadeInLeft\u00bb accent_color=\u00bbrgba(246,168,1,0.5)\u00bb][\/vc_column][\/vc_row][vc_row gap=\u00bb15&#8243; content_placement=\u00bbmiddle\u00bb row_content_width=\u00bbgrid\u00bb css=\u00bb.vc_custom_1622623014459{padding-top: 4% !important;padding-bottom: 4% !important;}\u00bb][vc_column width=\u00bb1\/2&#8243; el_class=\u00bbbox-form-land\u00bb css=\u00bb.vc_custom_1622622564120{padding-right: 20px !important;padding-left: 20px !important;}\u00bb][vc_row_inner css=\u00bb.vc_custom_1622627906540{padding-top: 20px !important;padding-bottom: 20px !important;}\u00bb][vc_column_inner width=\u00bb1\/2&#8243;][qodef_icon_list_item icon_pack=\u00bbdripicons\u00bb dripicon=\u00bbdripicons-store\u00bb icon_size=\u00bb24&#8243; icon_color=\u00bb#adb8ce\u00bb title=\u00bbCliente\u00bb title_size=\u00bb18&#8243; title_padding=\u00bb30&#8243; custom_class=\u00bbicon-text-data\u00bb title_color=\u00bb#adb8ce\u00bb item_margin=\u00bb0px\u00bb][vc_column_text]<span style=\"color: #f6a801; font-size: 22px;\"><b>BCP, Per\u00fa<\/b><\/span>[\/vc_column_text][\/vc_column_inner][vc_column_inner width=\u00bb1\/2&#8243;][qodef_icon_list_item icon_pack=\u00bbdripicons\u00bb dripicon=\u00bbdripicons-flag\u00bb icon_size=\u00bb24&#8243; icon_color=\u00bb#adb8ce\u00bb title=\u00bbEngagement Rate\u00bb title_size=\u00bb18&#8243; title_padding=\u00bb30&#8243; custom_class=\u00bbicon-text-data\u00bb title_color=\u00bb#adb8ce\u00bb item_margin=\u00bb0px\u00bb][vc_column_text]<span style=\"color: #f6a801; font-size: 22px;\"><b>4,94 %<\/b><\/span>[\/vc_column_text][\/vc_column_inner][\/vc_row_inner][vc_row_inner css=\u00bb.vc_custom_1622627916670{padding-top: 20px !important;padding-bottom: 20px !important;}\u00bb][vc_column_inner width=\u00bb1\/2&#8243;][qodef_icon_list_item icon_pack=\u00bbdripicons\u00bb dripicon=\u00bbdripicons-message\u00bb icon_size=\u00bb24&#8243; icon_color=\u00bb#adb8ce\u00bb title=\u00bbHashtag\u00bb title_size=\u00bb18&#8243; title_padding=\u00bb30&#8243; custom_class=\u00bbicon-text-data\u00bb title_color=\u00bb#adb8ce\u00bb item_margin=\u00bb0px\u00bb][vc_column_text]<span style=\"color: #f6a801; font-size: 22px;\"><b>#YoMeSumo<\/b><\/span>[\/vc_column_text][\/vc_column_inner][vc_column_inner width=\u00bb1\/2&#8243;][qodef_icon_list_item icon_pack=\u00bbdripicons\u00bb dripicon=\u00bbdripicons-graph-pie\u00bb icon_size=\u00bb24&#8243; icon_color=\u00bb#adb8ce\u00bb title=\u00bbAlcance\u00bb title_size=\u00bb18&#8243; title_padding=\u00bb30&#8243; custom_class=\u00bbicon-text-data\u00bb title_color=\u00bb#adb8ce\u00bb item_margin=\u00bb0px\u00bb][vc_column_text]<span style=\"color: #f6a801; font-size: 22px;\"><b>769.679<\/b><\/span>[\/vc_column_text][\/vc_column_inner][\/vc_row_inner][vc_row_inner css=\u00bb.vc_custom_1622627990181{padding-top: 20px !important;padding-bottom: 20px !important;}\u00bb][vc_column_inner width=\u00bb1\/2&#8243;][qodef_icon_list_item icon_pack=\u00bbdripicons\u00bb dripicon=\u00bbdripicons-broadcast\u00bb icon_size=\u00bb24&#8243; icon_color=\u00bb#adb8ce\u00bb title=\u00bbRed Social\u00bb title_size=\u00bb18&#8243; title_padding=\u00bb30&#8243; custom_class=\u00bbicon-text-data\u00bb title_color=\u00bb#adb8ce\u00bb item_margin=\u00bb0px\u00bb][vc_column_text]<\/p>\n<p><span style=\"color: #f6a801; font-size: 22px;\"><b>Instagram Stories<\/b><\/span><\/p>\n<p>[\/vc_column_text][\/vc_column_inner][vc_column_inner width=\u00bb1\/2&#8243;][qodef_icon_list_item icon_pack=\u00bbdripicons\u00bb dripicon=\u00bbdripicons-heart\u00bb icon_size=\u00bb24&#8243; icon_color=\u00bb#adb8ce\u00bb title=\u00bbClics\u00bb title_size=\u00bb18&#8243; title_padding=\u00bb30&#8243; custom_class=\u00bbicon-text-data\u00bb title_color=\u00bb#adb8ce\u00bb item_margin=\u00bb0px\u00bb][vc_column_text]<span style=\"color: #f6a801; font-size: 22px;\"><b>304<\/b><\/span>[\/vc_column_text][\/vc_column_inner][\/vc_row_inner][vc_row_inner css=\u00bb.vc_custom_1622628002437{padding-top: 20px !important;padding-bottom: 20px !important;}\u00bb][vc_column_inner width=\u00bb1\/2&#8243;][qodef_icon_list_item icon_pack=\u00bbdripicons\u00bb dripicon=\u00bbdripicons-user-group\u00bb icon_size=\u00bb24&#8243; icon_color=\u00bb#adb8ce\u00bb title=\u00bbInfluencers\u00bb title_size=\u00bb18&#8243; title_padding=\u00bb30&#8243; custom_class=\u00bbicon-text-data\u00bb title_color=\u00bb#adb8ce\u00bb item_margin=\u00bb0px\u00bb][vc_column_text]<span style=\"color: #f6a801; font-size: 22px;\"><b>13<\/b><\/span>[\/vc_column_text][\/vc_column_inner][vc_column_inner width=\u00bb1\/2&#8243;][qodef_icon_list_item icon_pack=\u00bbdripicons\u00bb dripicon=\u00bbdripicons-preview\u00bb icon_size=\u00bb24&#8243; icon_color=\u00bb#adb8ce\u00bb title=\u00bbViews\u00bb title_size=\u00bb18&#8243; title_padding=\u00bb30&#8243; custom_class=\u00bbicon-text-data\u00bb title_color=\u00bb#adb8ce\u00bb item_margin=\u00bb0px\u00bb][vc_column_text]<span style=\"color: #f6a801; font-size: 22px;\"><b>37.701<\/b><\/span>[\/vc_column_text][\/vc_column_inner][\/vc_row_inner][\/vc_column][vc_column width=\u00bb1\/2&#8243;][vc_raw_html]JTNDaWZyYW1lJTIwaWQlM0QlMjJ2aWRlb0lmcmFtZSUyMiUyMGFsbG93dHJhbnNwYXJlbmN5JTNEJTIydHJ1ZSUyMiUyMHN0eWxlJTNEJTIyYmFja2dyb3VuZC1jb2xvciUzQSUyMCUyM2ZmZmZmZiUzQiUyMiUyMGZyYW1lYm9yZGVyJTNEJTIyMCUyMiUyMHNyYyUzRCUyMmh0dHBzJTNBJTJGJTJGc29jaWFscHVibGkuY29tJTJGYmxvZyUyRndwLWNvbnRlbnQlMkZ1cGxvYWRzJTJGMjAyMSUyRjA2JTJGaWdfcGVydV9iY3AubXA0JTIyJTIwd2lkdGglM0QlMjIxMDAlMjUlMjIlMjBoZWlnaHQlM0QlMjI1MDAlMjIlM0UlM0MlMkZpZnJhbWUlM0UlMEElMEElMEElM0NzY3JpcHQlM0UlMEElMEF2aWRlb0lmcmFtZS5vbmxvYWQlMjAlM0QlMjBmdW5jdGlvbiUyOCUyOSUyMCU3QiUyMCUwQSUyMCUwQXZpZGVvSWZyYW1lLmNvbnRlbnREb2N1bWVudC5ib2R5LnN0eWxlLmJhY2tncm91bmRDb2xvciUyMCUzRCUyMCUyN3RyYW5zcGFyZW50JTI3JTBBJTdEJTNCJTBBJTBBJTBBJTBBJTBBJTNDJTJGc2NyaXB0JTNF[\/vc_raw_html][\/vc_column][\/vc_row][vc_row][vc_column][qodef_button text=\u00bbPru\u00e9balo ahora\u00bb target=\u00bb_self\u00bb icon_pack=\u00bb\u00bb font_weight=\u00bb\u00bb text_transform=\u00bb\u00bb link=\u00bbhttps:\/\/socialpubli.com\/es#advertiser_signup\u00bb color=\u00bb#000000&#8243; hover_color=\u00bb#ffffff\u00bb background_color=\u00bb#ffffff\u00bb hover_background_color=\u00bb#000000&#8243; font_size=\u00bb25&#8243;][\/vc_column][\/vc_row]<\/p>\n<\/div>","protected":false},"excerpt":{"rendered":"<p>[vc_row][vc_column width=\u00bb2\/3&#8243;][vc_column_text] \u00bfQU\u00c9 HICIMOS? [\/vc_column_text][vc_separator color=\u00bbcustom\u00bb align=\u00bbalign_left\u00bb border_width=\u00bb10&#8243; el_width=\u00bb20&#8243; css_animation=\u00bbfadeInLeft\u00bb accent_color=\u00bbrgba(246,168,1,0.5)\u00bb css=\u00bb.vc_custom_1622623397576{padding-bottom: 30px !important;}\u00bb][vc_column_text]Para ayudar al BCP a lograr sus objetivos, concentramos toda nuestra experiencia en el sector del marketing con influencers y conocimiento sobre redes sociales, para desarrollar una campa\u00f1a que se adaptara al 100% al prop\u00f3sito de la marca.\u00a0\u00a0 As\u00ed, decidimos realizar una [&hellip;]<\/p>\n","protected":false},"author":2,"featured_media":0,"parent":0,"menu_order":0,"comment_status":"closed","ping_status":"closed","template":"","meta":{"footnotes":""},"class_list":["post-10671","page","type-page","status-publish","hentry"],"yoast_head":"<!-- This site is optimized with the Yoast SEO plugin v27.0 - https:\/\/yoast.com\/product\/yoast-seo-wordpress\/ -->\n<title>BCP en colaboraci\u00f3n con Yape | Social Publi Blog<\/title>\n<meta name=\"description\" content=\"\u00bfQU\u00c9 HICIMOS? Para ayudar al BCP a lograr sus objetivos, concentramos toda nuestra experiencia en el sector del marketing con influencers y conocimiento\" \/>\n<meta name=\"robots\" content=\"index, follow, max-snippet:-1, max-image-preview:large, max-video-preview:-1\" \/>\n<link rel=\"canonical\" href=\"https:\/\/socialpubli.com\/blog\/es\/bcp-colaboracion-con-yape\/\" \/>\n<meta property=\"og:locale\" content=\"es_ES\" \/>\n<meta property=\"og:type\" content=\"article\" \/>\n<meta property=\"og:title\" content=\"BCP en colaboraci\u00f3n con Yape | Social Publi Blog\" \/>\n<meta property=\"og:description\" content=\"\u00bfQU\u00c9 HICIMOS? Para ayudar al BCP a lograr sus objetivos, concentramos toda nuestra experiencia en el sector del marketing con influencers y conocimiento\" \/>\n<meta property=\"og:url\" content=\"https:\/\/socialpubli.com\/blog\/es\/bcp-colaboracion-con-yape\/\" \/>\n<meta property=\"og:site_name\" content=\"Social Publi Blog\" \/>\n<meta property=\"article:modified_time\" content=\"2022-08-22T07:43:08+00:00\" \/>\n<meta name=\"twitter:card\" content=\"summary_large_image\" \/>\n<meta name=\"twitter:label1\" content=\"Tiempo de lectura\" \/>\n\t<meta name=\"twitter:data1\" content=\"2 minutos\" \/>\n<script type=\"application\/ld+json\" class=\"yoast-schema-graph\">{\"@context\":\"https:\/\/schema.org\",\"@graph\":[{\"@type\":\"WebPage\",\"@id\":\"https:\/\/socialpubli.com\/blog\/es\/bcp-colaboracion-con-yape\/\",\"url\":\"https:\/\/socialpubli.com\/blog\/es\/bcp-colaboracion-con-yape\/\",\"name\":\"BCP en colaboraci\u00f3n con Yape | Social Publi Blog\",\"isPartOf\":{\"@id\":\"https:\/\/socialpubli.com\/blog\/#website\"},\"datePublished\":\"2021-06-04T08:26:56+00:00\",\"dateModified\":\"2022-08-22T07:43:08+00:00\",\"description\":\"\u00bfQU\u00c9 HICIMOS? Para ayudar al BCP a lograr sus objetivos, concentramos toda nuestra experiencia en el sector del marketing con influencers y conocimiento\",\"breadcrumb\":{\"@id\":\"https:\/\/socialpubli.com\/blog\/es\/bcp-colaboracion-con-yape\/#breadcrumb\"},\"inLanguage\":\"es\",\"potentialAction\":[{\"@type\":\"ReadAction\",\"target\":[\"https:\/\/socialpubli.com\/blog\/es\/bcp-colaboracion-con-yape\/\"]}]},{\"@type\":\"BreadcrumbList\",\"@id\":\"https:\/\/socialpubli.com\/blog\/es\/bcp-colaboracion-con-yape\/#breadcrumb\",\"itemListElement\":[{\"@type\":\"ListItem\",\"position\":1,\"name\":\"Portada\",\"item\":\"https:\/\/socialpubli.com\/blog\/\"},{\"@type\":\"ListItem\",\"position\":2,\"name\":\"BCP en colaboraci\u00f3n con Yape\"}]},{\"@type\":\"WebSite\",\"@id\":\"https:\/\/socialpubli.com\/blog\/#website\",\"url\":\"https:\/\/socialpubli.com\/blog\/\",\"name\":\"Social Publi Blog\",\"description\":\"Tendencias en marketing de influencers, branded content y estrategia en redes sociales.\",\"publisher\":{\"@id\":\"https:\/\/socialpubli.com\/blog\/#organization\"},\"potentialAction\":[{\"@type\":\"SearchAction\",\"target\":{\"@type\":\"EntryPoint\",\"urlTemplate\":\"https:\/\/socialpubli.com\/blog\/?s={search_term_string}\"},\"query-input\":{\"@type\":\"PropertyValueSpecification\",\"valueRequired\":true,\"valueName\":\"search_term_string\"}}],\"inLanguage\":\"es\"},{\"@type\":\"Organization\",\"@id\":\"https:\/\/socialpubli.com\/blog\/#organization\",\"name\":\"SocialPubli\",\"url\":\"https:\/\/socialpubli.com\/blog\/\",\"logo\":{\"@type\":\"ImageObject\",\"inLanguage\":\"es\",\"@id\":\"https:\/\/socialpubli.com\/blog\/#\/schema\/logo\/image\/\",\"url\":\"https:\/\/socialpubli.com\/blog\/wp-content\/uploads\/2017\/01\/logo-blog.png\",\"contentUrl\":\"https:\/\/socialpubli.com\/blog\/wp-content\/uploads\/2017\/01\/logo-blog.png\",\"width\":284,\"height\":53,\"caption\":\"SocialPubli\"},\"image\":{\"@id\":\"https:\/\/socialpubli.com\/blog\/#\/schema\/logo\/image\/\"}}]}<\/script>\n<!-- \/ Yoast SEO plugin. -->","yoast_head_json":{"title":"BCP en colaboraci\u00f3n con Yape | Social Publi Blog","description":"\u00bfQU\u00c9 HICIMOS? Para ayudar al BCP a lograr sus objetivos, concentramos toda nuestra experiencia en el sector del marketing con influencers y conocimiento","robots":{"index":"index","follow":"follow","max-snippet":"max-snippet:-1","max-image-preview":"max-image-preview:large","max-video-preview":"max-video-preview:-1"},"canonical":"https:\/\/socialpubli.com\/blog\/es\/bcp-colaboracion-con-yape\/","og_locale":"es_ES","og_type":"article","og_title":"BCP en colaboraci\u00f3n con Yape | Social Publi Blog","og_description":"\u00bfQU\u00c9 HICIMOS? Para ayudar al BCP a lograr sus objetivos, concentramos toda nuestra experiencia en el sector del marketing con influencers y conocimiento","og_url":"https:\/\/socialpubli.com\/blog\/es\/bcp-colaboracion-con-yape\/","og_site_name":"Social Publi Blog","article_modified_time":"2022-08-22T07:43:08+00:00","twitter_card":"summary_large_image","twitter_misc":{"Tiempo de lectura":"2 minutos"},"schema":{"@context":"https:\/\/schema.org","@graph":[{"@type":"WebPage","@id":"https:\/\/socialpubli.com\/blog\/es\/bcp-colaboracion-con-yape\/","url":"https:\/\/socialpubli.com\/blog\/es\/bcp-colaboracion-con-yape\/","name":"BCP en colaboraci\u00f3n con Yape | Social Publi Blog","isPartOf":{"@id":"https:\/\/socialpubli.com\/blog\/#website"},"datePublished":"2021-06-04T08:26:56+00:00","dateModified":"2022-08-22T07:43:08+00:00","description":"\u00bfQU\u00c9 HICIMOS? Para ayudar al BCP a lograr sus objetivos, concentramos toda nuestra experiencia en el sector del marketing con influencers y conocimiento","breadcrumb":{"@id":"https:\/\/socialpubli.com\/blog\/es\/bcp-colaboracion-con-yape\/#breadcrumb"},"inLanguage":"es","potentialAction":[{"@type":"ReadAction","target":["https:\/\/socialpubli.com\/blog\/es\/bcp-colaboracion-con-yape\/"]}]},{"@type":"BreadcrumbList","@id":"https:\/\/socialpubli.com\/blog\/es\/bcp-colaboracion-con-yape\/#breadcrumb","itemListElement":[{"@type":"ListItem","position":1,"name":"Portada","item":"https:\/\/socialpubli.com\/blog\/"},{"@type":"ListItem","position":2,"name":"BCP en colaboraci\u00f3n con Yape"}]},{"@type":"WebSite","@id":"https:\/\/socialpubli.com\/blog\/#website","url":"https:\/\/socialpubli.com\/blog\/","name":"Social Publi Blog","description":"Tendencias en marketing de influencers, branded content y estrategia en redes sociales.","publisher":{"@id":"https:\/\/socialpubli.com\/blog\/#organization"},"potentialAction":[{"@type":"SearchAction","target":{"@type":"EntryPoint","urlTemplate":"https:\/\/socialpubli.com\/blog\/?s={search_term_string}"},"query-input":{"@type":"PropertyValueSpecification","valueRequired":true,"valueName":"search_term_string"}}],"inLanguage":"es"},{"@type":"Organization","@id":"https:\/\/socialpubli.com\/blog\/#organization","name":"SocialPubli","url":"https:\/\/socialpubli.com\/blog\/","logo":{"@type":"ImageObject","inLanguage":"es","@id":"https:\/\/socialpubli.com\/blog\/#\/schema\/logo\/image\/","url":"https:\/\/socialpubli.com\/blog\/wp-content\/uploads\/2017\/01\/logo-blog.png","contentUrl":"https:\/\/socialpubli.com\/blog\/wp-content\/uploads\/2017\/01\/logo-blog.png","width":284,"height":53,"caption":"SocialPubli"},"image":{"@id":"https:\/\/socialpubli.com\/blog\/#\/schema\/logo\/image\/"}}]}},"_links":{"self":[{"href":"https:\/\/socialpubli.com\/blog\/es\/wp-json\/wp\/v2\/pages\/10671","targetHints":{"allow":["GET"]}}],"collection":[{"href":"https:\/\/socialpubli.com\/blog\/es\/wp-json\/wp\/v2\/pages"}],"about":[{"href":"https:\/\/socialpubli.com\/blog\/es\/wp-json\/wp\/v2\/types\/page"}],"author":[{"embeddable":true,"href":"https:\/\/socialpubli.com\/blog\/es\/wp-json\/wp\/v2\/users\/2"}],"replies":[{"embeddable":true,"href":"https:\/\/socialpubli.com\/blog\/es\/wp-json\/wp\/v2\/comments?post=10671"}],"version-history":[{"count":56,"href":"https:\/\/socialpubli.com\/blog\/es\/wp-json\/wp\/v2\/pages\/10671\/revisions"}],"predecessor-version":[{"id":12767,"href":"https:\/\/socialpubli.com\/blog\/es\/wp-json\/wp\/v2\/pages\/10671\/revisions\/12767"}],"wp:attachment":[{"href":"https:\/\/socialpubli.com\/blog\/es\/wp-json\/wp\/v2\/media?parent=10671"}],"curies":[{"name":"wp","href":"https:\/\/api.w.org\/{rel}","templated":true}]}}