{"id":10766,"date":"2021-06-04T10:25:49","date_gmt":"2021-06-04T08:25:49","guid":{"rendered":"https:\/\/socialpubli.com\/blog\/?page_id=10766"},"modified":"2022-08-22T12:52:19","modified_gmt":"2022-08-22T10:52:19","slug":"cocacola-con-cafe-colombia","status":"publish","type":"page","link":"https:\/\/socialpubli.com\/blog\/es\/cocacola-con-cafe-colombia\/","title":{"rendered":"Coca-Cola con caf\u00e9, en el mercado colombiano"},"content":{"rendered":"<div class=\"wpb-content-wrapper\"><p>[vc_row][vc_column width=\u00bb2\/3&#8243;][vc_column_text]<\/p>\n<h2><b>\u00bfQU\u00c9 HICIMOS?<\/b><\/h2>\n<p>[\/vc_column_text][vc_separator color=\u00bbcustom\u00bb align=\u00bbalign_left\u00bb border_width=\u00bb10&#8243; el_width=\u00bb20&#8243; css_animation=\u00bbfadeInLeft\u00bb accent_color=\u00bbrgba(246,168,1,0.5)\u00bb css=\u00bb.vc_custom_1622623397576{padding-bottom: 30px !important;}\u00bb][vc_column_text]<span style=\"font-weight: 400;\">Desde SocialPubli, creamos una efectiva campa\u00f1a gracias a nuestra amplia cartera de influencers. Para ello, <\/span><b>trabajamos con microinfluencers que compartieron a trav\u00e9s de sus cuentas de Instagram en Stories y en publicaciones en el feed el producto<\/b><span style=\"font-weight: 400;\">. La campa\u00f1a, recogida bajo el hashtag #Rec\u00e1rgateDeSabor, buscaba dar a conocer el productor y describir sus caracter\u00edsticas , resaltando su aut\u00e9ntico sabor a caf\u00e9 en el pa\u00eds cafetero por excelencia.<\/span>[\/vc_column_text][qodef_button text=\u00bbPIDE UNA DEMO\u00bb target=\u00bb_blank\u00bb icon_pack=\u00bb\u00bb font_weight=\u00bb\u00bb text_transform=\u00bb\u00bb link=\u00bbhttps:\/\/meetings.hubspot.com\/fernando-leveratto\u00bb color=\u00bb#000000&#8243; hover_color=\u00bb#ffffff\u00bb background_color=\u00bb#ffffff\u00bb hover_background_color=\u00bb#000000&#8243; font_size=\u00bb25&#8243; margin=\u00bb30px 0 0 0&#8243;][vc_column_text css=\u00bb.vc_custom_1622722096465{margin-top: 60px !important;}\u00bb]<\/p>\n<h3>\u00bfCU\u00c1LES FUERON LOS RESULTADOS?<\/h3>\n<p>[\/vc_column_text][vc_separator color=\u00bbcustom\u00bb align=\u00bbalign_left\u00bb border_width=\u00bb10&#8243; el_width=\u00bb20&#8243; css_animation=\u00bbfadeInLeft\u00bb accent_color=\u00bbrgba(246,168,1,0.5)\u00bb][\/vc_column][vc_column width=\u00bb1\/3&#8243;][vc_single_image image=\u00bb10827&#8243; img_size=\u00bblarge\u00bb alignment=\u00bbcenter\u00bb css_animation=\u00bbfadeInUp\u00bb css=\u00bb.vc_custom_1623056870960{margin-top: 60px !important;margin-left: 20px !important;}\u00bb][\/vc_column][\/vc_row][vc_row gap=\u00bb15&#8243; content_placement=\u00bbmiddle\u00bb row_content_width=\u00bbgrid\u00bb css=\u00bb.vc_custom_1622623014459{padding-top: 4% !important;padding-bottom: 4% !important;}\u00bb][vc_column width=\u00bb1\/2&#8243; el_class=\u00bbbox-form-land\u00bb css=\u00bb.vc_custom_1622732597237{padding-top: 20px !important;padding-right: 20px !important;padding-bottom: 20px !important;padding-left: 20px !important;}\u00bb][vc_row_inner css=\u00bb.vc_custom_1622732469709{padding-bottom: 15px !important;}\u00bb][vc_column_inner width=\u00bb1\/2&#8243;][qodef_icon_list_item icon_pack=\u00bbdripicons\u00bb dripicon=\u00bbdripicons-store\u00bb icon_size=\u00bb24&#8243; icon_color=\u00bb#adb8ce\u00bb title=\u00bbCliente\u00bb title_size=\u00bb16&#8243; title_padding=\u00bb30&#8243; custom_class=\u00bbicon-text-data\u00bb title_color=\u00bb#adb8ce\u00bb item_margin=\u00bb0px\u00bb][vc_column_text]<span style=\"color: #f6a801; font-size: 22px;\"><b>Coca-Cola Caf\u00e9, Colombia<\/b><\/span>[\/vc_column_text][\/vc_column_inner][vc_column_inner width=\u00bb1\/2&#8243;][qodef_icon_list_item icon_pack=\u00bbdripicons\u00bb dripicon=\u00bbdripicons-message\u00bb icon_size=\u00bb24&#8243; icon_color=\u00bb#adb8ce\u00bb title=\u00bbHashtag\u00bb title_size=\u00bb16&#8243; title_padding=\u00bb30&#8243; custom_class=\u00bbicon-text-data\u00bb title_color=\u00bb#adb8ce\u00bb item_margin=\u00bb0px\u00bb][vc_column_text]<span style=\"color: #f6a801; font-size: 22px;\"><b>#Rec\u00e1rgateDeSabor<\/b><\/span>[\/vc_column_text][\/vc_column_inner][\/vc_row_inner][vc_row_inner css=\u00bb.vc_custom_1622732482810{padding-top: 15px !important;padding-bottom: 15px !important;}\u00bb][vc_column_inner width=\u00bb1\/2&#8243;][qodef_icon_list_item icon_pack=\u00bbdripicons\u00bb dripicon=\u00bbdripicons-broadcast\u00bb icon_size=\u00bb24&#8243; icon_color=\u00bb#adb8ce\u00bb title=\u00bbRed Social\u00bb title_size=\u00bb16&#8243; title_padding=\u00bb30&#8243; custom_class=\u00bbicon-text-data\u00bb title_color=\u00bb#adb8ce\u00bb item_margin=\u00bb0px\u00bb][vc_column_text]<\/p>\n<p><span style=\"color: #f82e72; font-size: 22px;\"><b>Instagram Stories<\/b><\/span><\/p>\n<p>[\/vc_column_text][\/vc_column_inner][vc_column_inner width=\u00bb1\/2&#8243;][qodef_icon_list_item icon_pack=\u00bbdripicons\u00bb dripicon=\u00bbdripicons-broadcast\u00bb icon_size=\u00bb24&#8243; icon_color=\u00bb#adb8ce\u00bb title=\u00bbRed Social\u00bb title_size=\u00bb16&#8243; title_padding=\u00bb30&#8243; custom_class=\u00bbicon-text-data\u00bb title_color=\u00bb#adb8ce\u00bb item_margin=\u00bb0px\u00bb][vc_column_text]<span style=\"color: #740047; font-size: 22px;\"><b>Instagram Post<\/b><\/span>[\/vc_column_text][\/vc_column_inner][\/vc_row_inner][vc_row_inner css=\u00bb.vc_custom_1622732495114{padding-top: 15px !important;padding-bottom: 15px !important;}\u00bb][vc_column_inner width=\u00bb1\/2&#8243;][qodef_icon_list_item icon_pack=\u00bbdripicons\u00bb dripicon=\u00bbdripicons-user-group\u00bb icon_size=\u00bb24&#8243; icon_color=\u00bb#adb8ce\u00bb title=\u00bbInfluencers\u00bb title_size=\u00bb16&#8243; title_padding=\u00bb30&#8243; custom_class=\u00bbicon-text-data\u00bb title_color=\u00bb#adb8ce\u00bb item_margin=\u00bb0px\u00bb][vc_column_text]<span style=\"color: #f82e72; font-size: 22px;\"><b>23<\/b><\/span>[\/vc_column_text][\/vc_column_inner][vc_column_inner width=\u00bb1\/2&#8243;][qodef_icon_list_item icon_pack=\u00bbdripicons\u00bb dripicon=\u00bbdripicons-user-group\u00bb icon_size=\u00bb24&#8243; icon_color=\u00bb#adb8ce\u00bb title=\u00bbInfluencers\u00bb title_size=\u00bb16&#8243; title_padding=\u00bb30&#8243; custom_class=\u00bbicon-text-data\u00bb title_color=\u00bb#adb8ce\u00bb item_margin=\u00bb0px\u00bb][vc_column_text]<span style=\"color: #740047; font-size: 22px;\"><b>15<\/b><\/span>[\/vc_column_text][\/vc_column_inner][\/vc_row_inner][vc_row_inner css=\u00bb.vc_custom_1622732510317{padding-top: 15px !important;padding-bottom: 15px !important;}\u00bb][vc_column_inner width=\u00bb1\/2&#8243;][qodef_icon_list_item icon_pack=\u00bbdripicons\u00bb dripicon=\u00bbdripicons-flag\u00bb icon_size=\u00bb24&#8243; icon_color=\u00bb#adb8ce\u00bb title=\u00bbEngagement Rate\u00bb title_size=\u00bb16&#8243; title_padding=\u00bb30&#8243; custom_class=\u00bbicon-text-data\u00bb title_color=\u00bb#adb8ce\u00bb item_margin=\u00bb0px\u00bb][vc_column_text]<span style=\"color: #f82e72; font-size: 22px;\"><b>8,45 %<\/b><\/span>[\/vc_column_text][\/vc_column_inner][vc_column_inner width=\u00bb1\/2&#8243;][qodef_icon_list_item icon_pack=\u00bbdripicons\u00bb dripicon=\u00bbdripicons-flag\u00bb icon_size=\u00bb24&#8243; icon_color=\u00bb#adb8ce\u00bb title=\u00bbEngagement Rate\u00bb title_size=\u00bb16&#8243; title_padding=\u00bb30&#8243; custom_class=\u00bbicon-text-data\u00bb title_color=\u00bb#adb8ce\u00bb item_margin=\u00bb0px\u00bb][vc_column_text]<span style=\"color: #740047; font-size: 22px;\"><b>6,01 %<\/b><\/span>[\/vc_column_text][\/vc_column_inner][\/vc_row_inner][vc_row_inner css=\u00bb.vc_custom_1622732521010{padding-top: 15px !important;padding-bottom: 15px !important;}\u00bb][vc_column_inner width=\u00bb1\/2&#8243;][qodef_icon_list_item icon_pack=\u00bbdripicons\u00bb dripicon=\u00bbdripicons-graph-pie\u00bb icon_size=\u00bb24&#8243; icon_color=\u00bb#adb8ce\u00bb title=\u00bbAlcance\u00bb title_size=\u00bb16&#8243; title_padding=\u00bb30&#8243; custom_class=\u00bbicon-text-data\u00bb title_color=\u00bb#adb8ce\u00bb item_margin=\u00bb0px\u00bb][vc_column_text]<span style=\"color: #f82e72; font-size: 22px;\"><b>185.126<\/b><\/span>[\/vc_column_text][\/vc_column_inner][vc_column_inner width=\u00bb1\/2&#8243;][qodef_icon_list_item icon_pack=\u00bbdripicons\u00bb dripicon=\u00bbdripicons-graph-pie\u00bb icon_size=\u00bb24&#8243; icon_color=\u00bb#adb8ce\u00bb title=\u00bbAlcance\u00bb title_size=\u00bb16&#8243; title_padding=\u00bb30&#8243; custom_class=\u00bbicon-text-data\u00bb title_color=\u00bb#adb8ce\u00bb item_margin=\u00bb0px\u00bb][vc_column_text]<span style=\"color: #740047; font-size: 22px;\"><b>146.374<\/b><\/span>[\/vc_column_text][\/vc_column_inner][\/vc_row_inner][vc_row_inner css=\u00bb.vc_custom_1622732531245{padding-top: 15px !important;padding-bottom: 15px !important;}\u00bb][vc_column_inner width=\u00bb1\/2&#8243;][qodef_icon_list_item icon_pack=\u00bbdripicons\u00bb dripicon=\u00bbdripicons-preview\u00bb icon_size=\u00bb24&#8243; icon_color=\u00bb#adb8ce\u00bb title=\u00bbViews\u00bb title_size=\u00bb16&#8243; title_padding=\u00bb30&#8243; custom_class=\u00bbicon-text-data\u00bb title_color=\u00bb#adb8ce\u00bb item_margin=\u00bb0px\u00bb][vc_column_text]<span style=\"color: #f82e72; font-size: 22px;\"><b>15.649<\/b><\/span>[\/vc_column_text][\/vc_column_inner][vc_column_inner width=\u00bb1\/2&#8243;][qodef_icon_list_item icon_pack=\u00bbdripicons\u00bb dripicon=\u00bbdripicons-preview\u00bb icon_size=\u00bb24&#8243; icon_color=\u00bb#adb8ce\u00bb title=\u00bbViews\u00bb title_size=\u00bb16&#8243; title_padding=\u00bb30&#8243; custom_class=\u00bbicon-text-data\u00bb title_color=\u00bb#adb8ce\u00bb item_margin=\u00bb0px\u00bb][vc_column_text]<span style=\"color: #740047; font-size: 22px;\"><b>278<\/b><\/span>[\/vc_column_text][\/vc_column_inner][\/vc_row_inner][vc_row_inner css=\u00bb.vc_custom_1622732541408{padding-top: 15px !important;}\u00bb][vc_column_inner width=\u00bb1\/2&#8243;][\/vc_column_inner][vc_column_inner width=\u00bb1\/2&#8243;][qodef_icon_list_item icon_pack=\u00bbdripicons\u00bb dripicon=\u00bbdripicons-conversation\u00bb icon_size=\u00bb24&#8243; icon_color=\u00bb#adb8ce\u00bb title=\u00bbComentarios\u00bb title_size=\u00bb16&#8243; title_padding=\u00bb30&#8243; custom_class=\u00bbicon-text-data\u00bb title_color=\u00bb#adb8ce\u00bb item_margin=\u00bb0px\u00bb][vc_column_text]<span style=\"color: #740047; font-size: 22px;\"><b>333<\/b><\/span>[\/vc_column_text][\/vc_column_inner][\/vc_row_inner][\/vc_column][vc_column width=\u00bb1\/2&#8243;][vc_raw_html]JTNDaWZyYW1lJTIwaWQlM0QlMjJ2aWRlb0lmcmFtZSUyMiUyMGFsbG93dHJhbnNwYXJlbmN5JTNEJTIydHJ1ZSUyMiUyMHN0eWxlJTNEJTIyYmFja2dyb3VuZC1jb2xvciUzQSUyMCUyM2ZmZmZmZiUzQiUyMiUyMGZyYW1lYm9yZGVyJTNEJTIyMCUyMiUyMHNyYyUzRCUyMmh0dHBzJTNBJTJGJTJGc29jaWFscHVibGkuY29tJTJGYmxvZyUyRndwLWNvbnRlbnQlMkZ1cGxvYWRzJTJGMjAyMSUyRjA2JTJGaWdfY29sb21iaWFfY29jYWNvbGEubXA0JTIyJTIwd2lkdGglM0QlMjIxMDAlMjUlMjIlMjBoZWlnaHQlM0QlMjI1MDAlMjIlM0UlM0MlMkZpZnJhbWUlM0UlMEElMEElMEElM0NzY3JpcHQlM0UlMEElMEF2aWRlb0lmcmFtZS5vbmxvYWQlMjAlM0QlMjBmdW5jdGlvbiUyOCUyOSUyMCU3QiUyMCUwQSUyMCUwQXZpZGVvSWZyYW1lLmNvbnRlbnREb2N1bWVudC5ib2R5LnN0eWxlLmJhY2tncm91bmRDb2xvciUyMCUzRCUyMCUyN3RyYW5zcGFyZW50JTI3JTBBJTdEJTNCJTBBJTBBJTBBJTBBJTBBJTNDJTJGc2NyaXB0JTNF[\/vc_raw_html][\/vc_column][\/vc_row]<\/p>\n<\/div>","protected":false},"excerpt":{"rendered":"<p>[vc_row][vc_column width=\u00bb2\/3&#8243;][vc_column_text] \u00bfQU\u00c9 HICIMOS? [\/vc_column_text][vc_separator color=\u00bbcustom\u00bb align=\u00bbalign_left\u00bb border_width=\u00bb10&#8243; el_width=\u00bb20&#8243; css_animation=\u00bbfadeInLeft\u00bb accent_color=\u00bbrgba(246,168,1,0.5)\u00bb css=\u00bb.vc_custom_1622623397576{padding-bottom: 30px !important;}\u00bb][vc_column_text]Desde SocialPubli, creamos una efectiva campa\u00f1a gracias a nuestra amplia cartera de influencers. Para ello, trabajamos con microinfluencers que compartieron a trav\u00e9s de sus cuentas de Instagram en Stories y en publicaciones en el feed el producto. La campa\u00f1a, recogida bajo el [&hellip;]<\/p>\n","protected":false},"author":2,"featured_media":0,"parent":0,"menu_order":0,"comment_status":"closed","ping_status":"closed","template":"","meta":{"footnotes":""},"class_list":["post-10766","page","type-page","status-publish","hentry"],"yoast_head":"<!-- This site is optimized with the Yoast SEO plugin v27.0 - https:\/\/yoast.com\/product\/yoast-seo-wordpress\/ -->\n<title>Coca-Cola con caf\u00e9, en el mercado colombiano | Social Publi Blog<\/title>\n<meta name=\"description\" content=\"\u00bfQU\u00c9 HICIMOS? Desde SocialPubli, creamos una efectiva campa\u00f1a gracias a nuestra amplia cartera de influencers. Para ello, trabajamos con microinfluencers\" \/>\n<meta name=\"robots\" content=\"index, follow, max-snippet:-1, max-image-preview:large, max-video-preview:-1\" \/>\n<link rel=\"canonical\" href=\"https:\/\/socialpubli.com\/blog\/es\/cocacola-con-cafe-colombia\/\" \/>\n<meta property=\"og:locale\" content=\"es_ES\" \/>\n<meta property=\"og:type\" content=\"article\" \/>\n<meta property=\"og:title\" content=\"Coca-Cola con caf\u00e9, en el mercado colombiano | Social Publi Blog\" \/>\n<meta property=\"og:description\" content=\"\u00bfQU\u00c9 HICIMOS? Desde SocialPubli, creamos una efectiva campa\u00f1a gracias a nuestra amplia cartera de influencers. Para ello, trabajamos con microinfluencers\" \/>\n<meta property=\"og:url\" content=\"https:\/\/socialpubli.com\/blog\/es\/cocacola-con-cafe-colombia\/\" \/>\n<meta property=\"og:site_name\" content=\"Social Publi Blog\" \/>\n<meta property=\"article:modified_time\" content=\"2022-08-22T10:52:19+00:00\" \/>\n<meta name=\"twitter:card\" content=\"summary_large_image\" \/>\n<meta name=\"twitter:label1\" content=\"Tiempo de lectura\" \/>\n\t<meta name=\"twitter:data1\" content=\"2 minutos\" \/>\n<script type=\"application\/ld+json\" class=\"yoast-schema-graph\">{\"@context\":\"https:\/\/schema.org\",\"@graph\":[{\"@type\":\"WebPage\",\"@id\":\"https:\/\/socialpubli.com\/blog\/es\/cocacola-con-cafe-colombia\/\",\"url\":\"https:\/\/socialpubli.com\/blog\/es\/cocacola-con-cafe-colombia\/\",\"name\":\"Coca-Cola con caf\u00e9, en el mercado colombiano | Social Publi Blog\",\"isPartOf\":{\"@id\":\"https:\/\/socialpubli.com\/blog\/#website\"},\"datePublished\":\"2021-06-04T08:25:49+00:00\",\"dateModified\":\"2022-08-22T10:52:19+00:00\",\"description\":\"\u00bfQU\u00c9 HICIMOS? Desde SocialPubli, creamos una efectiva campa\u00f1a gracias a nuestra amplia cartera de influencers. Para ello, trabajamos con microinfluencers\",\"breadcrumb\":{\"@id\":\"https:\/\/socialpubli.com\/blog\/es\/cocacola-con-cafe-colombia\/#breadcrumb\"},\"inLanguage\":\"es\",\"potentialAction\":[{\"@type\":\"ReadAction\",\"target\":[\"https:\/\/socialpubli.com\/blog\/es\/cocacola-con-cafe-colombia\/\"]}]},{\"@type\":\"BreadcrumbList\",\"@id\":\"https:\/\/socialpubli.com\/blog\/es\/cocacola-con-cafe-colombia\/#breadcrumb\",\"itemListElement\":[{\"@type\":\"ListItem\",\"position\":1,\"name\":\"Portada\",\"item\":\"https:\/\/socialpubli.com\/blog\/\"},{\"@type\":\"ListItem\",\"position\":2,\"name\":\"Coca-Cola con caf\u00e9, en el mercado colombiano\"}]},{\"@type\":\"WebSite\",\"@id\":\"https:\/\/socialpubli.com\/blog\/#website\",\"url\":\"https:\/\/socialpubli.com\/blog\/\",\"name\":\"Social Publi Blog\",\"description\":\"Tendencias en marketing de influencers, branded content y estrategia en redes sociales.\",\"publisher\":{\"@id\":\"https:\/\/socialpubli.com\/blog\/#organization\"},\"potentialAction\":[{\"@type\":\"SearchAction\",\"target\":{\"@type\":\"EntryPoint\",\"urlTemplate\":\"https:\/\/socialpubli.com\/blog\/?s={search_term_string}\"},\"query-input\":{\"@type\":\"PropertyValueSpecification\",\"valueRequired\":true,\"valueName\":\"search_term_string\"}}],\"inLanguage\":\"es\"},{\"@type\":\"Organization\",\"@id\":\"https:\/\/socialpubli.com\/blog\/#organization\",\"name\":\"SocialPubli\",\"url\":\"https:\/\/socialpubli.com\/blog\/\",\"logo\":{\"@type\":\"ImageObject\",\"inLanguage\":\"es\",\"@id\":\"https:\/\/socialpubli.com\/blog\/#\/schema\/logo\/image\/\",\"url\":\"https:\/\/socialpubli.com\/blog\/wp-content\/uploads\/2017\/01\/logo-blog.png\",\"contentUrl\":\"https:\/\/socialpubli.com\/blog\/wp-content\/uploads\/2017\/01\/logo-blog.png\",\"width\":284,\"height\":53,\"caption\":\"SocialPubli\"},\"image\":{\"@id\":\"https:\/\/socialpubli.com\/blog\/#\/schema\/logo\/image\/\"}}]}<\/script>\n<!-- \/ Yoast SEO plugin. -->","yoast_head_json":{"title":"Coca-Cola con caf\u00e9, en el mercado colombiano | Social Publi Blog","description":"\u00bfQU\u00c9 HICIMOS? Desde SocialPubli, creamos una efectiva campa\u00f1a gracias a nuestra amplia cartera de influencers. Para ello, trabajamos con microinfluencers","robots":{"index":"index","follow":"follow","max-snippet":"max-snippet:-1","max-image-preview":"max-image-preview:large","max-video-preview":"max-video-preview:-1"},"canonical":"https:\/\/socialpubli.com\/blog\/es\/cocacola-con-cafe-colombia\/","og_locale":"es_ES","og_type":"article","og_title":"Coca-Cola con caf\u00e9, en el mercado colombiano | Social Publi Blog","og_description":"\u00bfQU\u00c9 HICIMOS? Desde SocialPubli, creamos una efectiva campa\u00f1a gracias a nuestra amplia cartera de influencers. Para ello, trabajamos con microinfluencers","og_url":"https:\/\/socialpubli.com\/blog\/es\/cocacola-con-cafe-colombia\/","og_site_name":"Social Publi Blog","article_modified_time":"2022-08-22T10:52:19+00:00","twitter_card":"summary_large_image","twitter_misc":{"Tiempo de lectura":"2 minutos"},"schema":{"@context":"https:\/\/schema.org","@graph":[{"@type":"WebPage","@id":"https:\/\/socialpubli.com\/blog\/es\/cocacola-con-cafe-colombia\/","url":"https:\/\/socialpubli.com\/blog\/es\/cocacola-con-cafe-colombia\/","name":"Coca-Cola con caf\u00e9, en el mercado colombiano | Social Publi Blog","isPartOf":{"@id":"https:\/\/socialpubli.com\/blog\/#website"},"datePublished":"2021-06-04T08:25:49+00:00","dateModified":"2022-08-22T10:52:19+00:00","description":"\u00bfQU\u00c9 HICIMOS? Desde SocialPubli, creamos una efectiva campa\u00f1a gracias a nuestra amplia cartera de influencers. Para ello, trabajamos con microinfluencers","breadcrumb":{"@id":"https:\/\/socialpubli.com\/blog\/es\/cocacola-con-cafe-colombia\/#breadcrumb"},"inLanguage":"es","potentialAction":[{"@type":"ReadAction","target":["https:\/\/socialpubli.com\/blog\/es\/cocacola-con-cafe-colombia\/"]}]},{"@type":"BreadcrumbList","@id":"https:\/\/socialpubli.com\/blog\/es\/cocacola-con-cafe-colombia\/#breadcrumb","itemListElement":[{"@type":"ListItem","position":1,"name":"Portada","item":"https:\/\/socialpubli.com\/blog\/"},{"@type":"ListItem","position":2,"name":"Coca-Cola con caf\u00e9, en el mercado colombiano"}]},{"@type":"WebSite","@id":"https:\/\/socialpubli.com\/blog\/#website","url":"https:\/\/socialpubli.com\/blog\/","name":"Social Publi Blog","description":"Tendencias en marketing de influencers, branded content y estrategia en redes sociales.","publisher":{"@id":"https:\/\/socialpubli.com\/blog\/#organization"},"potentialAction":[{"@type":"SearchAction","target":{"@type":"EntryPoint","urlTemplate":"https:\/\/socialpubli.com\/blog\/?s={search_term_string}"},"query-input":{"@type":"PropertyValueSpecification","valueRequired":true,"valueName":"search_term_string"}}],"inLanguage":"es"},{"@type":"Organization","@id":"https:\/\/socialpubli.com\/blog\/#organization","name":"SocialPubli","url":"https:\/\/socialpubli.com\/blog\/","logo":{"@type":"ImageObject","inLanguage":"es","@id":"https:\/\/socialpubli.com\/blog\/#\/schema\/logo\/image\/","url":"https:\/\/socialpubli.com\/blog\/wp-content\/uploads\/2017\/01\/logo-blog.png","contentUrl":"https:\/\/socialpubli.com\/blog\/wp-content\/uploads\/2017\/01\/logo-blog.png","width":284,"height":53,"caption":"SocialPubli"},"image":{"@id":"https:\/\/socialpubli.com\/blog\/#\/schema\/logo\/image\/"}}]}},"_links":{"self":[{"href":"https:\/\/socialpubli.com\/blog\/es\/wp-json\/wp\/v2\/pages\/10766","targetHints":{"allow":["GET"]}}],"collection":[{"href":"https:\/\/socialpubli.com\/blog\/es\/wp-json\/wp\/v2\/pages"}],"about":[{"href":"https:\/\/socialpubli.com\/blog\/es\/wp-json\/wp\/v2\/types\/page"}],"author":[{"embeddable":true,"href":"https:\/\/socialpubli.com\/blog\/es\/wp-json\/wp\/v2\/users\/2"}],"replies":[{"embeddable":true,"href":"https:\/\/socialpubli.com\/blog\/es\/wp-json\/wp\/v2\/comments?post=10766"}],"version-history":[{"count":20,"href":"https:\/\/socialpubli.com\/blog\/es\/wp-json\/wp\/v2\/pages\/10766\/revisions"}],"predecessor-version":[{"id":12775,"href":"https:\/\/socialpubli.com\/blog\/es\/wp-json\/wp\/v2\/pages\/10766\/revisions\/12775"}],"wp:attachment":[{"href":"https:\/\/socialpubli.com\/blog\/es\/wp-json\/wp\/v2\/media?parent=10766"}],"curies":[{"name":"wp","href":"https:\/\/api.w.org\/{rel}","templated":true}]}}