{"id":10778,"date":"2021-06-04T10:24:48","date_gmt":"2021-06-04T08:24:48","guid":{"rendered":"https:\/\/socialpubli.com\/blog\/?page_id=10778"},"modified":"2022-08-22T19:10:24","modified_gmt":"2022-08-22T17:10:24","slug":"loreal-mass-market-twitch-portugal","status":"publish","type":"page","link":"https:\/\/socialpubli.com\/blog\/es\/loreal-mass-market-twitch-portugal\/","title":{"rendered":"L&#8217;Or\u00e9al Mass Market Portugal en live streaming en Twitch"},"content":{"rendered":"<div class=\"wpb-content-wrapper\"><p>[vc_row equal_height=\u00bbyes\u00bb content_placement=\u00bbmiddle\u00bb css=\u00bb.vc_custom_1623056400211{margin-bottom: 60px !important;}\u00bb][vc_column width=\u00bb2\/3&#8243;][vc_column_text]<\/p>\n<h2><b>\u00bfQU\u00c9 HICIMOS?<\/b><\/h2>\n<p>[\/vc_column_text][vc_separator color=\u00bbcustom\u00bb align=\u00bbalign_left\u00bb border_width=\u00bb10&#8243; el_width=\u00bb20&#8243; css_animation=\u00bbfadeInLeft\u00bb accent_color=\u00bbrgba(246,168,1,0.5)\u00bb css=\u00bb.vc_custom_1622623397576{padding-bottom: 30px !important;}\u00bb][vc_column_text]<span style=\"font-weight: 400;\">Para desarrollar esta campa\u00f1a, <\/span><b>25 influencers<\/b><span style=\"font-weight: 400;\"> con m\u00e1s de medio mill\u00f3n de seguidores en total, participaron en la promoci\u00f3n de Garnier Pure Active 3 en 1 y Garnier Pure Active Carv\u00e3o, <\/span><b>mostrando los productos y hablando sobre ellos durante sus streams.<\/b><span style=\"font-weight: 400;\">\u00a0<\/span><\/p>\n<p><span style=\"font-weight: 400;\">La duraci\u00f3n media de la promoci\u00f3n fue de <\/span><b>2 minutos<\/b><span style=\"font-weight: 400;\">, es decir, tres veces m\u00e1s de lo habitual en este tipo de acciones, <\/span><b>que suele estar en torno a los 30-45 segundos por video, consiguiendo impactar en m\u00e1s de 50 minutos<\/b><span style=\"font-weight: 400;\"> a la audiencia de los influencers. <\/span>[\/vc_column_text][qodef_button text=\u00bbPIDE UNA DEMO\u00bb target=\u00bb_blank\u00bb icon_pack=\u00bb\u00bb font_weight=\u00bb\u00bb text_transform=\u00bb\u00bb link=\u00bbhttps:\/\/meetings.hubspot.com\/fernando-leveratto\u00bb color=\u00bb#000000&#8243; hover_color=\u00bb#ffffff\u00bb background_color=\u00bb#ffffff\u00bb hover_background_color=\u00bb#000000&#8243; font_size=\u00bb25&#8243; margin=\u00bb30px 0 0 0&#8243;][\/vc_column][vc_column width=\u00bb1\/3&#8243;][vc_single_image image=\u00bb10816&#8243; img_size=\u00bblarge\u00bb alignment=\u00bbcenter\u00bb css_animation=\u00bbfadeInUp\u00bb css=\u00bb.vc_custom_1623056634377{margin-top: 60px !important;margin-left: 20px !important;}\u00bb][\/vc_column][\/vc_row][vc_row][vc_column][vc_column_text]<\/p>\n<h3 style=\"margin-top: 0px;\">\u00bfCU\u00c1LES FUERON LOS RESULTADOS?<\/h3>\n<p>[\/vc_column_text][vc_separator color=\u00bbcustom\u00bb align=\u00bbalign_left\u00bb border_width=\u00bb10&#8243; el_width=\u00bb20&#8243; css_animation=\u00bbfadeInLeft\u00bb accent_color=\u00bbrgba(246,168,1,0.5)\u00bb css=\u00bb.vc_custom_1622623397576{padding-bottom: 30px !important;}\u00bb][vc_column_text]<span style=\"font-weight: 400;\">La novedosa campa\u00f1a ha obtenido excelentes resultados, <\/span><b>consiguiendo impactar a 51.337 espectadores \u00fanicos<\/b><span style=\"font-weight: 400;\">. Tambi\u00e9n se ha conseguido duplicar el n\u00famero de seguidores total de los perfiles que se establecieron en la propuesta (240.000), gracias a la negociaci\u00f3n con los influencers, llegando a un total de <\/span><b>569.673 seguidores.<\/b><\/p>\n<p><span style=\"font-weight: 400;\">Las menciones dentro de los canales de los influencers durante los chats en directo han tenido mucho \u00e9xito, destacando principalmente el <\/span><b>gran n\u00famero de comentarios positivos hacia la marca en los chats de los directos.<\/b>[\/vc_column_text][\/vc_column][\/vc_row][vc_row gap=\u00bb15&#8243; content_placement=\u00bbmiddle\u00bb row_content_width=\u00bbgrid\u00bb css=\u00bb.vc_custom_1622623014459{padding-top: 4% !important;padding-bottom: 4% !important;}\u00bb][vc_column width=\u00bb1\/2&#8243; el_class=\u00bbbox-form-land\u00bb css=\u00bb.vc_custom_1622622564120{padding-right: 20px !important;padding-left: 20px !important;}\u00bb][vc_row_inner css=\u00bb.vc_custom_1622627906540{padding-top: 20px !important;padding-bottom: 20px !important;}\u00bb][vc_column_inner width=\u00bb1\/2&#8243;][qodef_icon_list_item icon_pack=\u00bbdripicons\u00bb dripicon=\u00bbdripicons-store\u00bb icon_size=\u00bb24&#8243; icon_color=\u00bb#adb8ce\u00bb title=\u00bbCliente\u00bb title_size=\u00bb18&#8243; title_padding=\u00bb30&#8243; custom_class=\u00bbicon-text-data\u00bb title_color=\u00bb#adb8ce\u00bb item_margin=\u00bb0px\u00bb][vc_column_text]<span style=\"color: #f6a801; font-size: 22px;\"><b>L\u2019Or\u00e9al, Portugal<\/b><\/span>[\/vc_column_text][\/vc_column_inner][vc_column_inner width=\u00bb1\/2&#8243;][qodef_icon_list_item icon_pack=\u00bbdripicons\u00bb dripicon=\u00bbdripicons-user\u00bb icon_size=\u00bb24&#8243; icon_color=\u00bb#adb8ce\u00bb title=\u00bbInfluencers\u00bb title_size=\u00bb18&#8243; title_padding=\u00bb30&#8243; custom_class=\u00bbicon-text-data\u00bb title_color=\u00bb#adb8ce\u00bb item_margin=\u00bb0px\u00bb][vc_column_text]<span style=\"color: #f6a801; font-size: 22px;\"><b>25<\/b><\/span>[\/vc_column_text][\/vc_column_inner][\/vc_row_inner][vc_row_inner css=\u00bb.vc_custom_1622627916670{padding-top: 20px !important;padding-bottom: 20px !important;}\u00bb][vc_column_inner width=\u00bb1\/2&#8243;][qodef_icon_list_item icon_pack=\u00bbdripicons\u00bb dripicon=\u00bbdripicons-broadcast\u00bb icon_size=\u00bb24&#8243; icon_color=\u00bb#adb8ce\u00bb title=\u00bbRed Social\u00bb title_size=\u00bb18&#8243; title_padding=\u00bb30&#8243; custom_class=\u00bbicon-text-data\u00bb title_color=\u00bb#adb8ce\u00bb item_margin=\u00bb0px\u00bb][vc_column_text]<span style=\"color: #f6a801; font-size: 22px;\"><b>Twitch<\/b><\/span>[\/vc_column_text][\/vc_column_inner][vc_column_inner width=\u00bb1\/2&#8243;][qodef_icon_list_item icon_pack=\u00bbdripicons\u00bb dripicon=\u00bbdripicons-user-group\u00bb icon_size=\u00bb24&#8243; icon_color=\u00bb#adb8ce\u00bb title=\u00bbSeguidores\u00bb title_size=\u00bb18&#8243; title_padding=\u00bb30&#8243; custom_class=\u00bbicon-text-data\u00bb title_color=\u00bb#adb8ce\u00bb item_margin=\u00bb0px\u00bb][vc_column_text]<span style=\"color: #f6a801; font-size: 22px;\"><b>569.673<\/b><\/span>[\/vc_column_text][\/vc_column_inner][\/vc_row_inner][vc_row_inner css=\u00bb.vc_custom_1622627990181{padding-top: 20px !important;padding-bottom: 20px !important;}\u00bb][vc_column_inner width=\u00bb1\/2&#8243;][qodef_icon_list_item icon_pack=\u00bbdripicons\u00bb dripicon=\u00bbdripicons-clock\u00bb icon_size=\u00bb24&#8243; icon_color=\u00bb#adb8ce\u00bb title=\u00bbDuraci\u00f3n\u00bb title_size=\u00bb18&#8243; title_padding=\u00bb30&#8243; custom_class=\u00bbicon-text-data\u00bb title_color=\u00bb#adb8ce\u00bb item_margin=\u00bb0px\u00bb][vc_column_text]<span style=\"color: #f6a801; font-size: 22px;\"><b>+50min<\/b><\/span>[\/vc_column_text][\/vc_column_inner][vc_column_inner width=\u00bb1\/2&#8243;][qodef_icon_list_item icon_pack=\u00bbdripicons\u00bb dripicon=\u00bbdripicons-preview\u00bb icon_size=\u00bb24&#8243; icon_color=\u00bb#adb8ce\u00bb title=\u00bbEspectadores \u00fanicos\u00bb title_size=\u00bb18&#8243; title_padding=\u00bb30&#8243; custom_class=\u00bbicon-text-data\u00bb title_color=\u00bb#adb8ce\u00bb item_margin=\u00bb0px\u00bb][vc_column_text]<span style=\"color: #f6a801; font-size: 22px;\"><b>51.337<\/b><\/span>[\/vc_column_text][\/vc_column_inner][\/vc_row_inner][vc_row_inner css=\u00bb.vc_custom_1622628002437{padding-top: 20px !important;padding-bottom: 20px !important;}\u00bb][vc_column_inner width=\u00bb1\/2&#8243;][qodef_icon_list_item icon_pack=\u00bbdripicons\u00bb dripicon=\u00bbdripicons-meter\u00bb icon_size=\u00bb24&#8243; icon_color=\u00bb#adb8ce\u00bb title=\u00bbMedia de espectadores\u00bb title_size=\u00bb18&#8243; title_padding=\u00bb30&#8243; custom_class=\u00bbicon-text-data\u00bb title_color=\u00bb#adb8ce\u00bb item_margin=\u00bb0px\u00bb][vc_column_text]<span style=\"color: #f6a801; font-size: 22px;\"><b>+2.900<\/b><\/span>[\/vc_column_text][\/vc_column_inner][vc_column_inner width=\u00bb1\/2&#8243;][\/vc_column_inner][\/vc_row_inner][\/vc_column][vc_column width=\u00bb1\/2&#8243;][vc_raw_html]JTNDaWZyYW1lJTIwaWQlM0QlMjJ2aWRlb0lmcmFtZSUyMiUyMGFsbG93dHJhbnNwYXJlbmN5JTNEJTIydHJ1ZSUyMiUyMHN0eWxlJTNEJTIyYmFja2dyb3VuZC1jb2xvciUzQSUyMCUyM2ZmZmZmZiUzQiUyMiUyMGZyYW1lYm9yZGVyJTNEJTIyMCUyMiUyMHNyYyUzRCUyMmh0dHBzJTNBJTJGJTJGc29jaWFscHVibGkuY29tJTJGYmxvZyUyRndwLWNvbnRlbnQlMkZ1cGxvYWRzJTJGMjAyMSUyRjA2JTJGdHdpdGNoX2xvcmVhbF9wb3J0dWdhbC5tcDQlMjIlMjB3aWR0aCUzRCUyMjEwMCUyNSUyMiUyMGhlaWdodCUzRCUyMjUwMCUyMiUzRSUzQyUyRmlmcmFtZSUzRSUwQSUwQSUwQSUzQ3NjcmlwdCUzRSUwQSUwQXZpZGVvSWZyYW1lLm9ubG9hZCUyMCUzRCUyMGZ1bmN0aW9uJTI4JTI5JTIwJTdCJTIwJTBBJTIwJTBBdmlkZW9JZnJhbWUuY29udGVudERvY3VtZW50LmJvZHkuc3R5bGUuYmFja2dyb3VuZENvbG9yJTIwJTNEJTIwJTI3dHJhbnNwYXJlbnQlMjclMEElN0QlM0IlMEElMEElMEElMEElMEElM0MlMkZzY3JpcHQlM0U=[\/vc_raw_html][\/vc_column][\/vc_row][vc_row][vc_column][qodef_button text=\u00bbPru\u00e9balo ahora\u00bb target=\u00bb_self\u00bb icon_pack=\u00bb\u00bb font_weight=\u00bb\u00bb text_transform=\u00bb\u00bb link=\u00bbhttps:\/\/socialpubli.com\/es#advertiser_signup\u00bb color=\u00bb#000000&#8243; hover_color=\u00bb#ffffff\u00bb background_color=\u00bb#ffffff\u00bb hover_background_color=\u00bb#000000&#8243; font_size=\u00bb25&#8243;][\/vc_column][\/vc_row]<\/p>\n<\/div>","protected":false},"excerpt":{"rendered":"<p>[vc_row equal_height=\u00bbyes\u00bb content_placement=\u00bbmiddle\u00bb css=\u00bb.vc_custom_1623056400211{margin-bottom: 60px !important;}\u00bb][vc_column width=\u00bb2\/3&#8243;][vc_column_text] \u00bfQU\u00c9 HICIMOS? [\/vc_column_text][vc_separator color=\u00bbcustom\u00bb align=\u00bbalign_left\u00bb border_width=\u00bb10&#8243; el_width=\u00bb20&#8243; css_animation=\u00bbfadeInLeft\u00bb accent_color=\u00bbrgba(246,168,1,0.5)\u00bb css=\u00bb.vc_custom_1622623397576{padding-bottom: 30px !important;}\u00bb][vc_column_text]Para desarrollar esta campa\u00f1a, 25 influencers con m\u00e1s de medio mill\u00f3n de seguidores en total, participaron en la promoci\u00f3n de Garnier Pure Active 3 en 1 y Garnier Pure Active Carv\u00e3o, mostrando los productos y hablando sobre [&hellip;]<\/p>\n","protected":false},"author":2,"featured_media":0,"parent":0,"menu_order":0,"comment_status":"closed","ping_status":"closed","template":"","meta":{"footnotes":""},"class_list":["post-10778","page","type-page","status-publish","hentry"],"yoast_head":"<!-- This site is optimized with the Yoast SEO plugin v27.5 - https:\/\/yoast.com\/product\/yoast-seo-wordpress\/ -->\n<title>L&#039;Or\u00e9al Mass Market Portugal en live streaming en Twitch | Social Publi Blog<\/title>\n<meta name=\"description\" content=\"\u00bfQU\u00c9 HICIMOS? Para desarrollar esta campa\u00f1a, 25 influencers con m\u00e1s de medio mill\u00f3n de seguidores en total, participaron en la promoci\u00f3n de Garnier Pure\" \/>\n<meta name=\"robots\" content=\"index, follow, max-snippet:-1, max-image-preview:large, max-video-preview:-1\" \/>\n<link rel=\"canonical\" href=\"https:\/\/socialpubli.com\/blog\/es\/loreal-mass-market-twitch-portugal\/\" \/>\n<meta property=\"og:locale\" content=\"es_ES\" \/>\n<meta property=\"og:type\" content=\"article\" \/>\n<meta property=\"og:title\" content=\"L&#039;Or\u00e9al Mass Market Portugal en live streaming en Twitch | Social Publi Blog\" \/>\n<meta property=\"og:description\" content=\"\u00bfQU\u00c9 HICIMOS? Para desarrollar esta campa\u00f1a, 25 influencers con m\u00e1s de medio mill\u00f3n de seguidores en total, participaron en la promoci\u00f3n de Garnier Pure\" \/>\n<meta property=\"og:url\" content=\"https:\/\/socialpubli.com\/blog\/es\/loreal-mass-market-twitch-portugal\/\" \/>\n<meta property=\"og:site_name\" content=\"Social Publi Blog\" \/>\n<meta property=\"article:modified_time\" content=\"2022-08-22T17:10:24+00:00\" \/>\n<meta name=\"twitter:card\" content=\"summary_large_image\" \/>\n<meta name=\"twitter:label1\" content=\"Tiempo de lectura\" \/>\n\t<meta name=\"twitter:data1\" content=\"2 minutos\" \/>\n<script type=\"application\/ld+json\" class=\"yoast-schema-graph\">{\"@context\":\"https:\\\/\\\/schema.org\",\"@graph\":[{\"@type\":\"WebPage\",\"@id\":\"https:\\\/\\\/socialpubli.com\\\/blog\\\/es\\\/loreal-mass-market-twitch-portugal\\\/\",\"url\":\"https:\\\/\\\/socialpubli.com\\\/blog\\\/es\\\/loreal-mass-market-twitch-portugal\\\/\",\"name\":\"L'Or\u00e9al Mass Market Portugal en live streaming en Twitch | Social Publi Blog\",\"isPartOf\":{\"@id\":\"https:\\\/\\\/socialpubli.com\\\/blog\\\/#website\"},\"datePublished\":\"2021-06-04T08:24:48+00:00\",\"dateModified\":\"2022-08-22T17:10:24+00:00\",\"description\":\"\u00bfQU\u00c9 HICIMOS? Para desarrollar esta campa\u00f1a, 25 influencers con m\u00e1s de medio mill\u00f3n de seguidores en total, participaron en la promoci\u00f3n de Garnier Pure\",\"breadcrumb\":{\"@id\":\"https:\\\/\\\/socialpubli.com\\\/blog\\\/es\\\/loreal-mass-market-twitch-portugal\\\/#breadcrumb\"},\"inLanguage\":\"es\",\"potentialAction\":[{\"@type\":\"ReadAction\",\"target\":[\"https:\\\/\\\/socialpubli.com\\\/blog\\\/es\\\/loreal-mass-market-twitch-portugal\\\/\"]}]},{\"@type\":\"BreadcrumbList\",\"@id\":\"https:\\\/\\\/socialpubli.com\\\/blog\\\/es\\\/loreal-mass-market-twitch-portugal\\\/#breadcrumb\",\"itemListElement\":[{\"@type\":\"ListItem\",\"position\":1,\"name\":\"Portada\",\"item\":\"https:\\\/\\\/socialpubli.com\\\/blog\\\/\"},{\"@type\":\"ListItem\",\"position\":2,\"name\":\"L&#8217;Or\u00e9al Mass Market Portugal en live streaming en Twitch\"}]},{\"@type\":\"WebSite\",\"@id\":\"https:\\\/\\\/socialpubli.com\\\/blog\\\/#website\",\"url\":\"https:\\\/\\\/socialpubli.com\\\/blog\\\/\",\"name\":\"Social Publi Blog\",\"description\":\"Tendencias en marketing de influencers, branded content y estrategia en redes sociales.\",\"publisher\":{\"@id\":\"https:\\\/\\\/socialpubli.com\\\/blog\\\/#organization\"},\"potentialAction\":[{\"@type\":\"SearchAction\",\"target\":{\"@type\":\"EntryPoint\",\"urlTemplate\":\"https:\\\/\\\/socialpubli.com\\\/blog\\\/?s={search_term_string}\"},\"query-input\":{\"@type\":\"PropertyValueSpecification\",\"valueRequired\":true,\"valueName\":\"search_term_string\"}}],\"inLanguage\":\"es\"},{\"@type\":\"Organization\",\"@id\":\"https:\\\/\\\/socialpubli.com\\\/blog\\\/#organization\",\"name\":\"SocialPubli\",\"url\":\"https:\\\/\\\/socialpubli.com\\\/blog\\\/\",\"logo\":{\"@type\":\"ImageObject\",\"inLanguage\":\"es\",\"@id\":\"https:\\\/\\\/socialpubli.com\\\/blog\\\/#\\\/schema\\\/logo\\\/image\\\/\",\"url\":\"https:\\\/\\\/socialpubli.com\\\/blog\\\/wp-content\\\/uploads\\\/2017\\\/01\\\/logo-blog.png\",\"contentUrl\":\"https:\\\/\\\/socialpubli.com\\\/blog\\\/wp-content\\\/uploads\\\/2017\\\/01\\\/logo-blog.png\",\"width\":284,\"height\":53,\"caption\":\"SocialPubli\"},\"image\":{\"@id\":\"https:\\\/\\\/socialpubli.com\\\/blog\\\/#\\\/schema\\\/logo\\\/image\\\/\"}}]}<\/script>\n<!-- \/ Yoast SEO plugin. -->","yoast_head_json":{"title":"L'Or\u00e9al Mass Market Portugal en live streaming en Twitch | Social Publi Blog","description":"\u00bfQU\u00c9 HICIMOS? Para desarrollar esta campa\u00f1a, 25 influencers con m\u00e1s de medio mill\u00f3n de seguidores en total, participaron en la promoci\u00f3n de Garnier Pure","robots":{"index":"index","follow":"follow","max-snippet":"max-snippet:-1","max-image-preview":"max-image-preview:large","max-video-preview":"max-video-preview:-1"},"canonical":"https:\/\/socialpubli.com\/blog\/es\/loreal-mass-market-twitch-portugal\/","og_locale":"es_ES","og_type":"article","og_title":"L'Or\u00e9al Mass Market Portugal en live streaming en Twitch | Social Publi Blog","og_description":"\u00bfQU\u00c9 HICIMOS? Para desarrollar esta campa\u00f1a, 25 influencers con m\u00e1s de medio mill\u00f3n de seguidores en total, participaron en la promoci\u00f3n de Garnier Pure","og_url":"https:\/\/socialpubli.com\/blog\/es\/loreal-mass-market-twitch-portugal\/","og_site_name":"Social Publi Blog","article_modified_time":"2022-08-22T17:10:24+00:00","twitter_card":"summary_large_image","twitter_misc":{"Tiempo de lectura":"2 minutos"},"schema":{"@context":"https:\/\/schema.org","@graph":[{"@type":"WebPage","@id":"https:\/\/socialpubli.com\/blog\/es\/loreal-mass-market-twitch-portugal\/","url":"https:\/\/socialpubli.com\/blog\/es\/loreal-mass-market-twitch-portugal\/","name":"L'Or\u00e9al Mass Market Portugal en live streaming en Twitch | Social Publi Blog","isPartOf":{"@id":"https:\/\/socialpubli.com\/blog\/#website"},"datePublished":"2021-06-04T08:24:48+00:00","dateModified":"2022-08-22T17:10:24+00:00","description":"\u00bfQU\u00c9 HICIMOS? Para desarrollar esta campa\u00f1a, 25 influencers con m\u00e1s de medio mill\u00f3n de seguidores en total, participaron en la promoci\u00f3n de Garnier Pure","breadcrumb":{"@id":"https:\/\/socialpubli.com\/blog\/es\/loreal-mass-market-twitch-portugal\/#breadcrumb"},"inLanguage":"es","potentialAction":[{"@type":"ReadAction","target":["https:\/\/socialpubli.com\/blog\/es\/loreal-mass-market-twitch-portugal\/"]}]},{"@type":"BreadcrumbList","@id":"https:\/\/socialpubli.com\/blog\/es\/loreal-mass-market-twitch-portugal\/#breadcrumb","itemListElement":[{"@type":"ListItem","position":1,"name":"Portada","item":"https:\/\/socialpubli.com\/blog\/"},{"@type":"ListItem","position":2,"name":"L&#8217;Or\u00e9al Mass Market Portugal en live streaming en Twitch"}]},{"@type":"WebSite","@id":"https:\/\/socialpubli.com\/blog\/#website","url":"https:\/\/socialpubli.com\/blog\/","name":"Social Publi Blog","description":"Tendencias en marketing de influencers, branded content y estrategia en redes sociales.","publisher":{"@id":"https:\/\/socialpubli.com\/blog\/#organization"},"potentialAction":[{"@type":"SearchAction","target":{"@type":"EntryPoint","urlTemplate":"https:\/\/socialpubli.com\/blog\/?s={search_term_string}"},"query-input":{"@type":"PropertyValueSpecification","valueRequired":true,"valueName":"search_term_string"}}],"inLanguage":"es"},{"@type":"Organization","@id":"https:\/\/socialpubli.com\/blog\/#organization","name":"SocialPubli","url":"https:\/\/socialpubli.com\/blog\/","logo":{"@type":"ImageObject","inLanguage":"es","@id":"https:\/\/socialpubli.com\/blog\/#\/schema\/logo\/image\/","url":"https:\/\/socialpubli.com\/blog\/wp-content\/uploads\/2017\/01\/logo-blog.png","contentUrl":"https:\/\/socialpubli.com\/blog\/wp-content\/uploads\/2017\/01\/logo-blog.png","width":284,"height":53,"caption":"SocialPubli"},"image":{"@id":"https:\/\/socialpubli.com\/blog\/#\/schema\/logo\/image\/"}}]}},"_links":{"self":[{"href":"https:\/\/socialpubli.com\/blog\/es\/wp-json\/wp\/v2\/pages\/10778","targetHints":{"allow":["GET"]}}],"collection":[{"href":"https:\/\/socialpubli.com\/blog\/es\/wp-json\/wp\/v2\/pages"}],"about":[{"href":"https:\/\/socialpubli.com\/blog\/es\/wp-json\/wp\/v2\/types\/page"}],"author":[{"embeddable":true,"href":"https:\/\/socialpubli.com\/blog\/es\/wp-json\/wp\/v2\/users\/2"}],"replies":[{"embeddable":true,"href":"https:\/\/socialpubli.com\/blog\/es\/wp-json\/wp\/v2\/comments?post=10778"}],"version-history":[{"count":17,"href":"https:\/\/socialpubli.com\/blog\/es\/wp-json\/wp\/v2\/pages\/10778\/revisions"}],"predecessor-version":[{"id":12780,"href":"https:\/\/socialpubli.com\/blog\/es\/wp-json\/wp\/v2\/pages\/10778\/revisions\/12780"}],"wp:attachment":[{"href":"https:\/\/socialpubli.com\/blog\/es\/wp-json\/wp\/v2\/media?parent=10778"}],"curies":[{"name":"wp","href":"https:\/\/api.w.org\/{rel}","templated":true}]}}