{"id":11178,"date":"2022-01-12T14:48:42","date_gmt":"2022-01-12T13:48:42","guid":{"rendered":"https:\/\/socialpubli.com\/blog\/?page_id=11178"},"modified":"2025-09-15T10:51:32","modified_gmt":"2025-09-15T08:51:32","slug":"estudio-gaming-2022","status":"publish","type":"page","link":"https:\/\/socialpubli.com\/blog\/es\/estudio-gaming-2022\/","title":{"rendered":"Estudio de Gaming y Marketing de influencers 2022"},"content":{"rendered":"\t\t<div data-elementor-type=\"wp-page\" data-elementor-id=\"11178\" class=\"elementor elementor-11178\" data-elementor-post-type=\"page\">\n\t\t\t\t<div class=\"elementor-element elementor-element-8995afb e-flex e-con-boxed e-con e-parent\" data-id=\"8995afb\" data-element_type=\"container\" data-e-type=\"container\" data-settings=\"{&quot;background_background&quot;:&quot;classic&quot;}\">\n\t\t\t\t\t<div class=\"e-con-inner\">\n\t\t<div class=\"elementor-element elementor-element-30a4bf5 e-con-full e-flex e-con e-child\" data-id=\"30a4bf5\" data-element_type=\"container\" data-e-type=\"container\">\n\t\t\t\t<div class=\"elementor-element elementor-element-496110e elementor-widget elementor-widget-heading\" data-id=\"496110e\" data-element_type=\"widget\" data-e-type=\"widget\" data-widget_type=\"heading.default\">\n\t\t\t\t<div class=\"elementor-widget-container\">\n\t\t\t\t\t<h1 class=\"elementor-heading-title elementor-size-default\">Estudio de Gaming y Marketing de influencers 2022<\/h1>\t\t\t\t<\/div>\n\t\t\t\t<\/div>\n\t\t\t\t<\/div>\n\t\t\t\t\t<\/div>\n\t\t\t\t<\/div>\n\t\t<div class=\"elementor-element elementor-element-dd9d94e e-flex e-con-boxed e-con e-parent\" data-id=\"dd9d94e\" data-element_type=\"container\" data-e-type=\"container\">\n\t\t\t\t\t<div class=\"e-con-inner\">\n\t\t\t\t<div class=\"elementor-element elementor-element-9234c4d elementor-widget elementor-widget-text-editor\" data-id=\"9234c4d\" data-element_type=\"widget\" data-e-type=\"widget\" data-widget_type=\"text-editor.default\">\n\t\t\t\t<div class=\"elementor-widget-container\">\n\t\t\t\t\t\t\t\t\t<h2 style=\"text-align: center; margin-top: 0px;\"><span style=\"font-weight: 400; color: #E02482;\">Ante el imparable crecimiento de la industria del gaming en los \u00faltimos a\u00f1os, <strong>cada vez m\u00e1s marcas encuentran en ella un canal a trav\u00e9s del cual acercarse a los consumidores.<\/strong><\/span><\/h2>\t\t\t\t\t\t\t\t<\/div>\n\t\t\t\t<\/div>\n\t\t\t\t\t<\/div>\n\t\t\t\t<\/div>\n\t\t<div class=\"elementor-element elementor-element-e7d9cb6 e-flex e-con-boxed e-con e-parent\" data-id=\"e7d9cb6\" data-element_type=\"container\" data-e-type=\"container\">\n\t\t\t\t\t<div class=\"e-con-inner\">\n\t\t<div class=\"elementor-element elementor-element-746426a e-con-full e-flex e-con e-child\" data-id=\"746426a\" data-element_type=\"container\" data-e-type=\"container\">\n\t\t\t\t<div class=\"elementor-element elementor-element-70521e4 elementor-widget elementor-widget-text-editor\" data-id=\"70521e4\" data-element_type=\"widget\" data-e-type=\"widget\" data-widget_type=\"text-editor.default\">\n\t\t\t\t<div class=\"elementor-widget-container\">\n\t\t\t\t\t\t\t\t\t<ul class=\"list-style\"><li style=\"font-weight: 400;\" aria-level=\"1\">El <strong>82,1%<\/strong> de las personas encuestadas ha visto un <strong>aumento del n\u00famero de marcas anunci\u00e1ndose en plataformas de gaming<\/strong> durante el \u00faltimo a\u00f1o.<\/li><li style=\"font-weight: 400;\" aria-level=\"1\"><strong>El 89% de los encuestados afirma que las marcas que m\u00e1s se identifican como sponsors en las plataformas de streaming son las relacionadas con el gaming.<\/strong> Sin embargo, cada vez vemos m\u00e1s publicidad de otras industrias, como <strong>tecnolog\u00eda<\/strong> (65,2%), <strong>bebidas energ\u00e9ticas<\/strong> (46,1%) y <strong>deportes<\/strong> (38,9%).<\/li><li style=\"font-weight: 400;\" aria-level=\"1\">El <strong>68% de los encuestados prefiere ver los deportes tradicionales a trav\u00e9s de Twitch<\/strong> en vez de en los medios tradicionales (televisi\u00f3n y radio).<\/li><li style=\"font-weight: 400;\" aria-level=\"1\">\u00bfCu\u00e1l es la plataforma favorita para los gamers? <strong>Twitch se lleva la palma con un 56,7%<\/strong>, le sigue YouTube (32%) y Facebook Gaming (11,3%).<\/li><\/ul><p>\u00a0<\/p>\t\t\t\t\t\t\t\t<\/div>\n\t\t\t\t<\/div>\n\t\t\t\t<\/div>\n\t\t<div class=\"elementor-element elementor-element-52a77b8 e-con-full e-flex e-con e-child\" data-id=\"52a77b8\" data-element_type=\"container\" data-e-type=\"container\">\n\t\t\t\t<div class=\"elementor-element elementor-element-cbca250 elementor-widget elementor-widget-text-editor\" data-id=\"cbca250\" data-element_type=\"widget\" data-e-type=\"widget\" data-widget_type=\"text-editor.default\">\n\t\t\t\t<div class=\"elementor-widget-container\">\n\t\t\t\t\t\t\t\t\t<h3 style=\"margin-top: 0; margin-bottom: 30px;\"><span style=\"font-weight: 400;\">Descarga el Estudio de Gaming y Marketing de influencers 2022 en PDF<\/span><\/h3>\t\t\t\t\t\t\t\t<\/div>\n\t\t\t\t<\/div>\n\t\t\t\t<div class=\"elementor-element elementor-element-74e8b61 elementor-button-align-stretch elementor-widget elementor-widget-form\" data-id=\"74e8b61\" data-element_type=\"widget\" data-e-type=\"widget\" data-settings=\"{&quot;step_next_label&quot;:&quot;Next&quot;,&quot;step_previous_label&quot;:&quot;Previous&quot;,&quot;button_width&quot;:&quot;100&quot;,&quot;step_type&quot;:&quot;number_text&quot;,&quot;step_icon_shape&quot;:&quot;circle&quot;}\" data-widget_type=\"form.default\">\n\t\t\t\t<div class=\"elementor-widget-container\">\n\t\t\t\t\t\t\t<form class=\"elementor-form\" method=\"post\" name=\"Form Estudio Gaming 2022 ES\" aria-label=\"Form Estudio Gaming 2022 ES\">\n\t\t\t<input type=\"hidden\" name=\"post_id\" value=\"11178\"\/>\n\t\t\t<input type=\"hidden\" name=\"form_id\" value=\"74e8b61\"\/>\n\t\t\t<input type=\"hidden\" name=\"referer_title\" value=\"Estudio Gaming y Marketing de influencers 2022 | SocialPubli Blog\" \/>\n\n\t\t\t\t\t\t\t<input type=\"hidden\" name=\"queried_id\" value=\"11178\"\/>\n\t\t\t\n\t\t\t<div class=\"elementor-form-fields-wrapper elementor-labels-above\">\n\t\t\t\t\t\t\t\t<div class=\"elementor-field-type-text elementor-field-group elementor-column elementor-field-group-name elementor-col-100 elementor-field-required elementor-mark-required\">\n\t\t\t\t\t\t\t\t\t\t\t\t<label for=\"form-field-name\" class=\"elementor-field-label\">\n\t\t\t\t\t\t\t\tTu nombre\t\t\t\t\t\t\t<\/label>\n\t\t\t\t\t\t\t\t\t\t\t\t\t\t<input size=\"1\" type=\"text\" name=\"form_fields[name]\" id=\"form-field-name\" class=\"elementor-field elementor-size-sm  elementor-field-textual\" placeholder=\"Tu nombre\" required=\"required\">\n\t\t\t\t\t\t\t\t\t\t\t<\/div>\n\t\t\t\t\t\t\t\t<div class=\"elementor-field-type-email elementor-field-group elementor-column elementor-field-group-email elementor-col-100 elementor-field-required elementor-mark-required\">\n\t\t\t\t\t\t\t\t\t\t\t\t<label for=\"form-field-email\" class=\"elementor-field-label\">\n\t\t\t\t\t\t\t\tTu Email\t\t\t\t\t\t\t<\/label>\n\t\t\t\t\t\t\t\t\t\t\t\t\t\t<input size=\"1\" type=\"email\" name=\"form_fields[email]\" id=\"form-field-email\" class=\"elementor-field elementor-size-sm  elementor-field-textual\" placeholder=\"Email\" required=\"required\">\n\t\t\t\t\t\t\t\t\t\t\t<\/div>\n\t\t\t\t\t\t\t\t<div class=\"elementor-field-type-tel elementor-field-group elementor-column elementor-field-group-field_c76f664 elementor-col-100\">\n\t\t\t\t\t\t\t\t\t\t\t\t<label for=\"form-field-field_c76f664\" class=\"elementor-field-label\">\n\t\t\t\t\t\t\t\tTu tel\u00e9fono\t\t\t\t\t\t\t<\/label>\n\t\t\t\t\t\t\t\t<input size=\"1\" type=\"tel\" name=\"form_fields[field_c76f664]\" id=\"form-field-field_c76f664\" class=\"elementor-field elementor-size-sm  elementor-field-textual\" placeholder=\"Tel\u00e9fono\" pattern=\"[0-9()#&amp;+*-=.]+\" title=\"Solo se aceptan n\u00fameros y caracteres de tel\u00e9fono (#,-,*,etc).\">\n\n\t\t\t\t\t\t<\/div>\n\t\t\t\t\t\t\t\t<div class=\"elementor-field-type-text elementor-field-group elementor-column elementor-field-group-field_9cde747 elementor-col-100 elementor-field-required elementor-mark-required\">\n\t\t\t\t\t\t\t\t\t\t\t\t<label for=\"form-field-field_9cde747\" class=\"elementor-field-label\">\n\t\t\t\t\t\t\t\tTu empresa\t\t\t\t\t\t\t<\/label>\n\t\t\t\t\t\t\t\t\t\t\t\t\t\t<input size=\"1\" type=\"text\" name=\"form_fields[field_9cde747]\" id=\"form-field-field_9cde747\" class=\"elementor-field elementor-size-sm  elementor-field-textual\" placeholder=\"Empresa\" required=\"required\">\n\t\t\t\t\t\t\t\t\t\t\t<\/div>\n\t\t\t\t\t\t\t\t<div class=\"elementor-field-type-acceptance elementor-field-group elementor-column elementor-field-group-field_d26b190 elementor-col-100 elementor-field-required elementor-mark-required\">\n\t\t\t\t\t\t\t<div class=\"elementor-field-subgroup\">\n\t\t\t<span class=\"elementor-field-option\">\n\t\t\t\t<input type=\"checkbox\" name=\"form_fields[field_d26b190]\" id=\"form-field-field_d26b190\" class=\"elementor-field elementor-size-sm  elementor-acceptance-field\" required=\"required\">\n\t\t\t\t<label for=\"form-field-field_d26b190\"> Acepto la <a href=\"https:\/\/socialpubli.com\/corp\/advertisers\/politica_de_privacidad\" target=\"_blank\">pol\u00edtica de Privacidad<\/a><\/label>\t\t\t<\/span>\n\t\t<\/div>\n\t\t\t\t\t\t<\/div>\n\t\t\t\t\t\t\t\t<div class=\"elementor-field-type-acceptance elementor-field-group elementor-column elementor-field-group-field_0f845b9 elementor-col-100\">\n\t\t\t\t\t\t\t<div class=\"elementor-field-subgroup\">\n\t\t\t<span class=\"elementor-field-option\">\n\t\t\t\t<input type=\"checkbox\" name=\"form_fields[field_0f845b9]\" id=\"form-field-field_0f845b9\" class=\"elementor-field elementor-size-sm  elementor-acceptance-field\">\n\t\t\t\t<label for=\"form-field-field_0f845b9\">Acepto comunicaci\u00f3n comercial de Socialpubli<\/label>\t\t\t<\/span>\n\t\t<\/div>\n\t\t\t\t\t\t<\/div>\n\t\t\t\t\t\t\t\t<div class=\"elementor-field-group elementor-column elementor-field-type-submit elementor-col-100 e-form__buttons\">\n\t\t\t\t\t<button class=\"elementor-button elementor-size-sm\" type=\"submit\">\n\t\t\t\t\t\t<span class=\"elementor-button-content-wrapper\">\n\t\t\t\t\t\t\t\t\t\t\t\t\t\t\t\t\t\t\t\t\t\t<span class=\"elementor-button-text\">Descargar<\/span>\n\t\t\t\t\t\t\t\t\t\t\t\t\t<\/span>\n\t\t\t\t\t<\/button>\n\t\t\t\t<\/div>\n\t\t\t<\/div>\n\t\t<\/form>\n\t\t\t\t\t\t<\/div>\n\t\t\t\t<\/div>\n\t\t\t\t<\/div>\n\t\t\t\t\t<\/div>\n\t\t\t\t<\/div>\n\t\t\t\t<\/div>\n\t\t","protected":false},"excerpt":{"rendered":"<p>Estudio de Gaming y Marketing de influencers 2022 Ante el imparable crecimiento de la industria del gaming en los \u00faltimos a\u00f1os, cada vez m\u00e1s marcas encuentran en ella un canal a trav\u00e9s del cual acercarse a los consumidores. El 82,1% de las personas encuestadas ha visto un aumento del n\u00famero de marcas anunci\u00e1ndose en plataformas [&hellip;]<\/p>\n","protected":false},"author":2,"featured_media":11210,"parent":0,"menu_order":0,"comment_status":"closed","ping_status":"closed","template":"elementor_header_footer","meta":{"footnotes":""},"class_list":["post-11178","page","type-page","status-publish","has-post-thumbnail","hentry"],"yoast_head":"<!-- This site is optimized with the Yoast SEO plugin v27.0 - https:\/\/yoast.com\/product\/yoast-seo-wordpress\/ -->\n<title>Estudio Gaming y Marketing de influencers 2022 | SocialPubli Blog<\/title>\n<meta name=\"description\" content=\"Mira c\u00f3mo los influencers est\u00e1n transformando la industria del gaming en el estudio de SocialPubli 2022. Datos sobre audiencias, plataformas y estrategias de marketing.\" \/>\n<meta name=\"robots\" content=\"index, follow, max-snippet:-1, max-image-preview:large, max-video-preview:-1\" \/>\n<link rel=\"canonical\" href=\"https:\/\/socialpubli.com\/blog\/es\/estudio-gaming-2022\/\" \/>\n<meta property=\"og:locale\" content=\"es_ES\" \/>\n<meta property=\"og:type\" content=\"article\" \/>\n<meta property=\"og:title\" content=\"Desc\u00e1rgate el Estudio de Gaming y Marketing con Influencers 2022 de SocialPubli\" \/>\n<meta property=\"og:description\" content=\"Mira c\u00f3mo los influencers est\u00e1n transformando la industria del gaming en el estudio de SocialPubli 2022. Datos sobre audiencias, plataformas y estrategias de marketing.\" \/>\n<meta property=\"og:url\" content=\"https:\/\/socialpubli.com\/blog\/es\/estudio-gaming-2022\/\" \/>\n<meta property=\"og:site_name\" content=\"Social Publi Blog\" \/>\n<meta property=\"article:modified_time\" content=\"2025-09-15T08:51:32+00:00\" \/>\n<meta property=\"og:image\" content=\"https:\/\/socialpubli.com\/blog\/wp-content\/uploads\/2022\/03\/miniatura_webinar_gaming.jpg\" \/>\n\t<meta property=\"og:image:width\" content=\"913\" \/>\n\t<meta property=\"og:image:height\" content=\"697\" \/>\n\t<meta property=\"og:image:type\" content=\"image\/jpeg\" \/>\n<meta name=\"twitter:card\" content=\"summary_large_image\" \/>\n<meta name=\"twitter:title\" content=\"Desc\u00e1rgate el Estudio de Gaming y Marketing con Influencers 2022 de SocialPubli\" \/>\n<meta name=\"twitter:image\" content=\"https:\/\/socialpubli.com\/blog\/wp-content\/uploads\/2022\/03\/miniatura_webinar_gaming.jpg\" \/>\n<meta name=\"twitter:label1\" content=\"Tiempo de lectura\" \/>\n\t<meta name=\"twitter:data1\" content=\"1 minuto\" \/>\n<script type=\"application\/ld+json\" class=\"yoast-schema-graph\">{\"@context\":\"https:\/\/schema.org\",\"@graph\":[{\"@type\":\"WebPage\",\"@id\":\"https:\/\/socialpubli.com\/blog\/es\/estudio-gaming-2022\/\",\"url\":\"https:\/\/socialpubli.com\/blog\/es\/estudio-gaming-2022\/\",\"name\":\"Estudio Gaming y Marketing de influencers 2022 | SocialPubli Blog\",\"isPartOf\":{\"@id\":\"https:\/\/socialpubli.com\/blog\/#website\"},\"primaryImageOfPage\":{\"@id\":\"https:\/\/socialpubli.com\/blog\/es\/estudio-gaming-2022\/#primaryimage\"},\"image\":{\"@id\":\"https:\/\/socialpubli.com\/blog\/es\/estudio-gaming-2022\/#primaryimage\"},\"thumbnailUrl\":\"https:\/\/socialpubli.com\/blog\/wp-content\/uploads\/2022\/01\/miniatura_webinar_gaming.jpg\",\"datePublished\":\"2022-01-12T13:48:42+00:00\",\"dateModified\":\"2025-09-15T08:51:32+00:00\",\"description\":\"Mira c\u00f3mo los influencers est\u00e1n transformando la industria del gaming en el estudio de SocialPubli 2022. Datos sobre audiencias, plataformas y estrategias de marketing.\",\"breadcrumb\":{\"@id\":\"https:\/\/socialpubli.com\/blog\/es\/estudio-gaming-2022\/#breadcrumb\"},\"inLanguage\":\"es\",\"potentialAction\":[{\"@type\":\"ReadAction\",\"target\":[\"https:\/\/socialpubli.com\/blog\/es\/estudio-gaming-2022\/\"]}]},{\"@type\":\"ImageObject\",\"inLanguage\":\"es\",\"@id\":\"https:\/\/socialpubli.com\/blog\/es\/estudio-gaming-2022\/#primaryimage\",\"url\":\"https:\/\/socialpubli.com\/blog\/wp-content\/uploads\/2022\/01\/miniatura_webinar_gaming.jpg\",\"contentUrl\":\"https:\/\/socialpubli.com\/blog\/wp-content\/uploads\/2022\/01\/miniatura_webinar_gaming.jpg\",\"width\":913,\"height\":697,\"caption\":\"graficzny.com.pl\"},{\"@type\":\"BreadcrumbList\",\"@id\":\"https:\/\/socialpubli.com\/blog\/es\/estudio-gaming-2022\/#breadcrumb\",\"itemListElement\":[{\"@type\":\"ListItem\",\"position\":1,\"name\":\"Portada\",\"item\":\"https:\/\/socialpubli.com\/blog\/\"},{\"@type\":\"ListItem\",\"position\":2,\"name\":\"Estudio de Gaming y Marketing de influencers 2022\"}]},{\"@type\":\"WebSite\",\"@id\":\"https:\/\/socialpubli.com\/blog\/#website\",\"url\":\"https:\/\/socialpubli.com\/blog\/\",\"name\":\"Social Publi Blog\",\"description\":\"Tendencias en marketing de influencers, branded content y estrategia en redes sociales.\",\"publisher\":{\"@id\":\"https:\/\/socialpubli.com\/blog\/#organization\"},\"potentialAction\":[{\"@type\":\"SearchAction\",\"target\":{\"@type\":\"EntryPoint\",\"urlTemplate\":\"https:\/\/socialpubli.com\/blog\/?s={search_term_string}\"},\"query-input\":{\"@type\":\"PropertyValueSpecification\",\"valueRequired\":true,\"valueName\":\"search_term_string\"}}],\"inLanguage\":\"es\"},{\"@type\":\"Organization\",\"@id\":\"https:\/\/socialpubli.com\/blog\/#organization\",\"name\":\"SocialPubli\",\"url\":\"https:\/\/socialpubli.com\/blog\/\",\"logo\":{\"@type\":\"ImageObject\",\"inLanguage\":\"es\",\"@id\":\"https:\/\/socialpubli.com\/blog\/#\/schema\/logo\/image\/\",\"url\":\"https:\/\/socialpubli.com\/blog\/wp-content\/uploads\/2017\/01\/logo-blog.png\",\"contentUrl\":\"https:\/\/socialpubli.com\/blog\/wp-content\/uploads\/2017\/01\/logo-blog.png\",\"width\":284,\"height\":53,\"caption\":\"SocialPubli\"},\"image\":{\"@id\":\"https:\/\/socialpubli.com\/blog\/#\/schema\/logo\/image\/\"}}]}<\/script>\n<!-- \/ Yoast SEO plugin. -->","yoast_head_json":{"title":"Estudio Gaming y Marketing de influencers 2022 | SocialPubli Blog","description":"Mira c\u00f3mo los influencers est\u00e1n transformando la industria del gaming en el estudio de SocialPubli 2022. Datos sobre audiencias, plataformas y estrategias de marketing.","robots":{"index":"index","follow":"follow","max-snippet":"max-snippet:-1","max-image-preview":"max-image-preview:large","max-video-preview":"max-video-preview:-1"},"canonical":"https:\/\/socialpubli.com\/blog\/es\/estudio-gaming-2022\/","og_locale":"es_ES","og_type":"article","og_title":"Desc\u00e1rgate el Estudio de Gaming y Marketing con Influencers 2022 de SocialPubli","og_description":"Mira c\u00f3mo los influencers est\u00e1n transformando la industria del gaming en el estudio de SocialPubli 2022. Datos sobre audiencias, plataformas y estrategias de marketing.","og_url":"https:\/\/socialpubli.com\/blog\/es\/estudio-gaming-2022\/","og_site_name":"Social Publi Blog","article_modified_time":"2025-09-15T08:51:32+00:00","og_image":[{"width":913,"height":697,"url":"https:\/\/socialpubli.com\/blog\/wp-content\/uploads\/2022\/03\/miniatura_webinar_gaming.jpg","type":"image\/jpeg"}],"twitter_card":"summary_large_image","twitter_title":"Desc\u00e1rgate el Estudio de Gaming y Marketing con Influencers 2022 de SocialPubli","twitter_image":"https:\/\/socialpubli.com\/blog\/wp-content\/uploads\/2022\/03\/miniatura_webinar_gaming.jpg","twitter_misc":{"Tiempo de lectura":"1 minuto"},"schema":{"@context":"https:\/\/schema.org","@graph":[{"@type":"WebPage","@id":"https:\/\/socialpubli.com\/blog\/es\/estudio-gaming-2022\/","url":"https:\/\/socialpubli.com\/blog\/es\/estudio-gaming-2022\/","name":"Estudio Gaming y Marketing de influencers 2022 | SocialPubli Blog","isPartOf":{"@id":"https:\/\/socialpubli.com\/blog\/#website"},"primaryImageOfPage":{"@id":"https:\/\/socialpubli.com\/blog\/es\/estudio-gaming-2022\/#primaryimage"},"image":{"@id":"https:\/\/socialpubli.com\/blog\/es\/estudio-gaming-2022\/#primaryimage"},"thumbnailUrl":"https:\/\/socialpubli.com\/blog\/wp-content\/uploads\/2022\/01\/miniatura_webinar_gaming.jpg","datePublished":"2022-01-12T13:48:42+00:00","dateModified":"2025-09-15T08:51:32+00:00","description":"Mira c\u00f3mo los influencers est\u00e1n transformando la industria del gaming en el estudio de SocialPubli 2022. Datos sobre audiencias, plataformas y estrategias de marketing.","breadcrumb":{"@id":"https:\/\/socialpubli.com\/blog\/es\/estudio-gaming-2022\/#breadcrumb"},"inLanguage":"es","potentialAction":[{"@type":"ReadAction","target":["https:\/\/socialpubli.com\/blog\/es\/estudio-gaming-2022\/"]}]},{"@type":"ImageObject","inLanguage":"es","@id":"https:\/\/socialpubli.com\/blog\/es\/estudio-gaming-2022\/#primaryimage","url":"https:\/\/socialpubli.com\/blog\/wp-content\/uploads\/2022\/01\/miniatura_webinar_gaming.jpg","contentUrl":"https:\/\/socialpubli.com\/blog\/wp-content\/uploads\/2022\/01\/miniatura_webinar_gaming.jpg","width":913,"height":697,"caption":"graficzny.com.pl"},{"@type":"BreadcrumbList","@id":"https:\/\/socialpubli.com\/blog\/es\/estudio-gaming-2022\/#breadcrumb","itemListElement":[{"@type":"ListItem","position":1,"name":"Portada","item":"https:\/\/socialpubli.com\/blog\/"},{"@type":"ListItem","position":2,"name":"Estudio de Gaming y Marketing de influencers 2022"}]},{"@type":"WebSite","@id":"https:\/\/socialpubli.com\/blog\/#website","url":"https:\/\/socialpubli.com\/blog\/","name":"Social Publi Blog","description":"Tendencias en marketing de influencers, branded content y estrategia en redes sociales.","publisher":{"@id":"https:\/\/socialpubli.com\/blog\/#organization"},"potentialAction":[{"@type":"SearchAction","target":{"@type":"EntryPoint","urlTemplate":"https:\/\/socialpubli.com\/blog\/?s={search_term_string}"},"query-input":{"@type":"PropertyValueSpecification","valueRequired":true,"valueName":"search_term_string"}}],"inLanguage":"es"},{"@type":"Organization","@id":"https:\/\/socialpubli.com\/blog\/#organization","name":"SocialPubli","url":"https:\/\/socialpubli.com\/blog\/","logo":{"@type":"ImageObject","inLanguage":"es","@id":"https:\/\/socialpubli.com\/blog\/#\/schema\/logo\/image\/","url":"https:\/\/socialpubli.com\/blog\/wp-content\/uploads\/2017\/01\/logo-blog.png","contentUrl":"https:\/\/socialpubli.com\/blog\/wp-content\/uploads\/2017\/01\/logo-blog.png","width":284,"height":53,"caption":"SocialPubli"},"image":{"@id":"https:\/\/socialpubli.com\/blog\/#\/schema\/logo\/image\/"}}]}},"_links":{"self":[{"href":"https:\/\/socialpubli.com\/blog\/es\/wp-json\/wp\/v2\/pages\/11178","targetHints":{"allow":["GET"]}}],"collection":[{"href":"https:\/\/socialpubli.com\/blog\/es\/wp-json\/wp\/v2\/pages"}],"about":[{"href":"https:\/\/socialpubli.com\/blog\/es\/wp-json\/wp\/v2\/types\/page"}],"author":[{"embeddable":true,"href":"https:\/\/socialpubli.com\/blog\/es\/wp-json\/wp\/v2\/users\/2"}],"replies":[{"embeddable":true,"href":"https:\/\/socialpubli.com\/blog\/es\/wp-json\/wp\/v2\/comments?post=11178"}],"version-history":[{"count":15,"href":"https:\/\/socialpubli.com\/blog\/es\/wp-json\/wp\/v2\/pages\/11178\/revisions"}],"predecessor-version":[{"id":26904,"href":"https:\/\/socialpubli.com\/blog\/es\/wp-json\/wp\/v2\/pages\/11178\/revisions\/26904"}],"wp:featuredmedia":[{"embeddable":true,"href":"https:\/\/socialpubli.com\/blog\/es\/wp-json\/wp\/v2\/media\/11210"}],"wp:attachment":[{"href":"https:\/\/socialpubli.com\/blog\/es\/wp-json\/wp\/v2\/media?parent=11178"}],"curies":[{"name":"wp","href":"https:\/\/api.w.org\/{rel}","templated":true}]}}