{"id":12298,"date":"2022-06-20T16:29:29","date_gmt":"2022-06-20T14:29:29","guid":{"rendered":"https:\/\/socialpubli.com\/blog\/?page_id=12298"},"modified":"2025-09-15T12:18:32","modified_gmt":"2025-09-15T10:18:32","slug":"facebook-influencers","status":"publish","type":"page","link":"https:\/\/socialpubli.com\/blog\/es\/facebook-influencers\/","title":{"rendered":"Tenemos a los influencers en Facebook que potenciar\u00e1n tu marca"},"content":{"rendered":"<div class=\"wpb-content-wrapper\"><p>[vc_row][vc_column][vc_row_inner][vc_column_inner][vc_column_text css=\u00bb.vc_custom_1655721493904{padding-bottom: 40px !important;}\u00bb]<\/p>\n<p style=\"text-align: center;\"><span style=\"font-weight: 400;\">\u00bfTe imaginas a cientos de influencers Facebook hablando a la vez de tu marca? <\/span><\/p>\n<p style=\"text-align: center;\"><span style=\"font-weight: 400;\">En SocialPubli podemos echarte una mano con eso, ya que contamos con la tecnolog\u00eda m\u00e1s avanzada para crear campa\u00f1as automatizadas en esta red social. <\/span><span style=\"font-weight: 400;\">Actualmente, contamos con m\u00e1s de 300 mil influencers en Facebook registrados en nuestra plataforma, entre los que puedes puedes elegir los que se adapten al estilo y valores de tu marca.<\/span><\/p>\n<p style=\"text-align: center;\"><span style=\"font-weight: 400;\">Funcionamos como la plataforma de Google Ads, pero con influencers. T\u00fa decides el presupuesto, qu\u00e9 tipo de campa\u00f1a quieres lanzar y los influencers se encargan de llevar el mensaje a tu p\u00fablico objetivo y conectar con su comunidad. <\/span><\/p>\n<p>[\/vc_column_text][\/vc_column_inner][\/vc_row_inner][\/vc_column][\/vc_row][vc_row css=\u00bb.vc_custom_1595249731266{background-position: center !important;background-repeat: no-repeat !important;background-size: cover !important;}\u00bb][vc_column css=\u00bb.vc_custom_1655731765778{padding-top: 0px !important;}\u00bb][vc_row_inner equal_height=\u00bbyes\u00bb content_placement=\u00bbmiddle\u00bb css=\u00bb.vc_custom_1655731755154{padding-top: 0px !important;}\u00bb][vc_column_inner el_class=\u00bbtext-center\u00bb width=\u00bb1\/2&#8243; css=\u00bb.vc_custom_1597096470123{padding-top: 20px !important;padding-bottom: 20px !important;}\u00bb][vc_column_text css=\u00bb.vc_custom_1655721626444{padding-bottom: 40px !important;}\u00bb]<\/p>\n<h2 style=\"text-align: left;\"><span style=\"color: #f6a801;\">Alcance de los Influencers en Facebook<\/span><\/h2>\n<p style=\"text-align: left;\"><span style=\"font-weight: 400;\">Pese a que Instagram y Tik Tok ganan terreno en el mundo del marketing de influencers, Facebook sigue siendo una herramienta importante y donde hay un gran nicho de mercado y clientes potenciales para que tu marca pueda aumentar el ROI. Y ah\u00ed entran en juegos influencers en Facebook. Hay que tener en cuenta que no siempre importa el tama\u00f1o de la audiencia, sino que sea la eficaz para tus objetivos. <\/span><\/p>\n<p>[\/vc_column_text][qodef_button size=\u00bbmedium\u00bb text=\u00bbCrea tu campa\u00f1a en Facebook\u00bb target=\u00bb_self\u00bb icon_pack=\u00bb\u00bb font_weight=\u00bb\u00bb text_transform=\u00bbuppercase\u00bb link=\u00bbhttps:\/\/socialpubli.com\/es#advertiser_signup\u00bb margin=\u00bb0px auto\u00bb][\/vc_column_inner][vc_column_inner width=\u00bb1\/2&#8243;][vc_single_image image=\u00bb12309&#8243; img_size=\u00bbfull\u00bb alignment=\u00bbcenter\u00bb el_class=\u00bbimg-mobile-module\u00bb][\/vc_column_inner][\/vc_row_inner][vc_row_inner equal_height=\u00bbyes\u00bb content_placement=\u00bbmiddle\u00bb css=\u00bb.vc_custom_1655735300048{margin-top: 50px !important;}\u00bb][vc_column_inner width=\u00bb1\/2&#8243; css=\u00bb.vc_custom_1595241364308{padding-top: 20px !important;padding-bottom: 20px !important;}\u00bb][vc_single_image image=\u00bb12326&#8243; img_size=\u00bbfull\u00bb alignment=\u00bbcenter\u00bb el_class=\u00bbimg-mobile-module\u00bb][\/vc_column_inner][vc_column_inner width=\u00bb1\/2&#8243;][vc_column_text css=\u00bb.vc_custom_1655722450306{padding-bottom: 40px !important;}\u00bb]<\/p>\n<h2><span style=\"font-weight: 400;\">\u00bfC\u00f3mo funciona nuestra plataforma para Influencers Facebook?<\/span><\/h2>\n<p><span style=\"font-weight: 400;\">En SocialPubli valoramos la inmediatez, por eso contamos con una plataforma amigable e intuitiva. Solo debes tener claro qu\u00e9 tipo de campa\u00f1a quieres montar, tus objetivos definidos, el p\u00fablico al que quieres llegar y el servicio o producto a promocionar.<\/span><\/p>\n<p><span style=\"font-weight: 400;\">Teniendo claros estos puntos, solo tienes que registrarte en la plataforma, a\u00f1adir el saldo que quieres para tu campa\u00f1a mediante tarjeta de cr\u00e9dito, Paypal o transferencia bancaria.<\/span><\/p>\n<p><span style=\"font-weight: 400;\">Lo que sigue es muy sencillo, en tu panel de anunciante debes hacer clic \u201cCrear Campa\u00f1a\u201d, rellenar el formulario con los datos necesarios sobre los requerimientos de tu campa\u00f1a, para que el o los influencers Facebook sigan las instrucciones y est\u00e9n alineados con tu estrategia.<\/span><\/p>\n<p><span style=\"font-weight: 400;\">Puedes a\u00f1adir informaci\u00f3n como el nombre y la descripci\u00f3n de la campa\u00f1a, adem\u00e1s de los hashtags que quieres que se utilicen. Adem\u00e1s, queda a tu criterio si elaborar tus propias im\u00e1genes publicitarias o si deseas que los influencers sean los creadores de dichos contenidos \u00a1Y no te preocupes! Todo lo que haga el influencer en Facebook tendr\u00e1 antes que pasar por tu visto bueno para poder ser publicado.<\/span>[\/vc_column_text][qodef_button size=\u00bbmedium\u00bb text=\u00bbPIDE UNA PROPUESTA\u00bb target=\u00bb_self\u00bb icon_pack=\u00bb\u00bb font_weight=\u00bb\u00bb text_transform=\u00bb\u00bb link=\u00bbmailto:ventas@socialpubli.com\u00bb][\/vc_column_inner][\/vc_row_inner][vc_row_inner css=\u00bb.vc_custom_1595235201209{margin-top: 50px !important;}\u00bb][vc_column_inner css=\u00bb.vc_custom_1655724438223{padding-top: 10px !important;padding-right: 30px !important;padding-bottom: 10px !important;padding-left: 30px !important;background-color: #f6a801 !important;}\u00bb][vc_column_text css=\u00bb.vc_custom_1655724392988{padding-bottom: 40px !important;}\u00bb]<\/p>\n<h3><span style=\"font-weight: 400; color: #ffffff;\">Vigila el rendimiento de tu campa\u00f1a<\/span><\/h3>\n<p><span style=\"font-weight: 400; color: #ffffff;\">Como en SocialPubli sabemos que vigilar los resultados es esencial en una estrategia de Marketing, una vez que lances la campa\u00f1a podr\u00e1s monitorear la actividad e impacto del contenido creado por los influencers directamente desde la plataforma. Tambi\u00e9n obtendr\u00e1s un informe completo sobre el rendimiento.<\/span>[\/vc_column_text][\/vc_column_inner][\/vc_row_inner][\/vc_column][\/vc_row][vc_row css=\u00bb.vc_custom_1655731675666{margin-top: 20px !important;margin-bottom: 20px !important;}\u00bb][vc_column el_class=\u00bbtext-center\u00bb][vc_row_inner][vc_column_inner el_class=\u00bbtiktok-list\u00bb css=\u00bb.vc_custom_1595239047397{padding-right: 40px !important;}\u00bb][vc_column_text css=\u00bb.vc_custom_1655724184306{padding-bottom: 40px !important;}\u00bb]<\/p>\n<h2 style=\"text-align: center;\"><span style=\"font-weight: 400;\">\u00bfPor qu\u00e9 hacer Marketing con Influencers Facebook?<\/span><\/h2>\n<p style=\"text-align: center;\"><span style=\"font-weight: 400;\">Ante un mar de publicidad digital, las marcas tienen el reto de crear mensajes acertados, en el momento adecuado y en las plataformas correctas. Pero m\u00e1s que eso, las marcas deben tener portavoces para\u00a0 llegar a su mercado objetivo y conectar con las audiencias.\u00a0<\/span><\/p>\n<p style=\"text-align: center;\"><span style=\"font-weight: 400;\">En SocialPubli adaptamos nuestra plataforma tecnol\u00f3gica para que las marcas puedan encontrar a los influencers que lleven su mensaje al destino indicado.\u00a0<\/span><\/p>\n<p style=\"text-align: center;\"><span style=\"font-weight: 400;\">Es importante recordar que los usuarios determinan su acci\u00f3n de compra dependiendo de las recomendaciones de quienes ya han obtenido el producto o servicio, por eso es indispensable contar con influenciadores que den a conocer los beneficios de tu marca. Porque cuando los influencers en Facebook hablan, opinan, enamoran, \u00a1Tu marca gana y el negocio crece!<\/span><\/p>\n<p>[\/vc_column_text][\/vc_column_inner][\/vc_row_inner][vc_column_text]<\/p>\n<p style=\"text-align: center; color: #f6a801;\"><strong>\u00bfTe animas a probar nuestra plataforma?<\/strong><\/p>\n<p>[\/vc_column_text][qodef_button size=\u00bbmedium\u00bb text=\u00bb\u00a1EMPIEZA YA!\u00bb target=\u00bb_self\u00bb icon_pack=\u00bb\u00bb font_weight=\u00bb\u00bb text_transform=\u00bb\u00bb link=\u00bbhttps:\/\/socialpubli.com\/es#advertiser_signup\u00bb margin=\u00bb20px auto\u00bb][\/vc_column][\/vc_row]<\/p>\n<\/div>","protected":false},"excerpt":{"rendered":"<p>[vc_row][vc_column][vc_row_inner][vc_column_inner][vc_column_text css=\u00bb.vc_custom_1655721493904{padding-bottom: 40px !important;}\u00bb] \u00bfTe imaginas a cientos de influencers Facebook hablando a la vez de tu marca? En SocialPubli podemos echarte una mano con eso, ya que contamos con la tecnolog\u00eda m\u00e1s avanzada para crear campa\u00f1as automatizadas en esta red social. Actualmente, contamos con m\u00e1s de 300 mil influencers en Facebook registrados en nuestra [&hellip;]<\/p>\n","protected":false},"author":2,"featured_media":12309,"parent":0,"menu_order":0,"comment_status":"closed","ping_status":"closed","template":"","meta":{"footnotes":""},"class_list":["post-12298","page","type-page","status-publish","has-post-thumbnail","hentry"],"yoast_head":"<!-- This site is optimized with the Yoast SEO plugin v27.0 - https:\/\/yoast.com\/product\/yoast-seo-wordpress\/ -->\n<title>Marketing en Facebook con influencers | SocialPubli Blog<\/title>\n<meta name=\"description\" content=\"Prepara tu estrategia de marketing en Facebook con influencers. SocialPubli te ayuda a lanzar campa\u00f1as de publicidad en Facebook con los influencers m\u00e1s adecuados.\" \/>\n<meta name=\"robots\" content=\"index, follow, max-snippet:-1, max-image-preview:large, max-video-preview:-1\" \/>\n<link rel=\"canonical\" href=\"https:\/\/socialpubli.com\/blog\/es\/facebook-influencers\/\" \/>\n<meta property=\"og:locale\" content=\"es_ES\" \/>\n<meta property=\"og:type\" content=\"article\" \/>\n<meta property=\"og:title\" content=\"Marketing en Facebook con influencers | SocialPubli Blog\" \/>\n<meta property=\"og:description\" content=\"Prepara tu estrategia de marketing en Facebook con influencers. SocialPubli te ayuda a lanzar campa\u00f1as de publicidad en Facebook con los influencers m\u00e1s adecuados.\" \/>\n<meta property=\"og:url\" content=\"https:\/\/socialpubli.com\/blog\/es\/facebook-influencers\/\" \/>\n<meta property=\"og:site_name\" content=\"Social Publi Blog\" \/>\n<meta property=\"article:modified_time\" content=\"2025-09-15T10:18:32+00:00\" \/>\n<meta property=\"og:image\" content=\"https:\/\/socialpubli.com\/blog\/wp-content\/uploads\/2022\/06\/fb-img1.png\" \/>\n\t<meta property=\"og:image:width\" content=\"1067\" \/>\n\t<meta property=\"og:image:height\" content=\"804\" \/>\n\t<meta property=\"og:image:type\" content=\"image\/png\" \/>\n<meta name=\"twitter:card\" content=\"summary_large_image\" \/>\n<meta name=\"twitter:label1\" content=\"Tiempo de lectura\" \/>\n\t<meta name=\"twitter:data1\" content=\"4 minutos\" \/>\n<script type=\"application\/ld+json\" class=\"yoast-schema-graph\">{\"@context\":\"https:\/\/schema.org\",\"@graph\":[{\"@type\":\"WebPage\",\"@id\":\"https:\/\/socialpubli.com\/blog\/es\/facebook-influencers\/\",\"url\":\"https:\/\/socialpubli.com\/blog\/es\/facebook-influencers\/\",\"name\":\"Marketing en Facebook con influencers | SocialPubli Blog\",\"isPartOf\":{\"@id\":\"https:\/\/socialpubli.com\/blog\/#website\"},\"primaryImageOfPage\":{\"@id\":\"https:\/\/socialpubli.com\/blog\/es\/facebook-influencers\/#primaryimage\"},\"image\":{\"@id\":\"https:\/\/socialpubli.com\/blog\/es\/facebook-influencers\/#primaryimage\"},\"thumbnailUrl\":\"https:\/\/socialpubli.com\/blog\/wp-content\/uploads\/2022\/06\/fb-img1.png\",\"datePublished\":\"2022-06-20T14:29:29+00:00\",\"dateModified\":\"2025-09-15T10:18:32+00:00\",\"description\":\"Prepara tu estrategia de marketing en Facebook con influencers. SocialPubli te ayuda a lanzar campa\u00f1as de publicidad en Facebook con los influencers m\u00e1s adecuados.\",\"breadcrumb\":{\"@id\":\"https:\/\/socialpubli.com\/blog\/es\/facebook-influencers\/#breadcrumb\"},\"inLanguage\":\"es\",\"potentialAction\":[{\"@type\":\"ReadAction\",\"target\":[\"https:\/\/socialpubli.com\/blog\/es\/facebook-influencers\/\"]}]},{\"@type\":\"ImageObject\",\"inLanguage\":\"es\",\"@id\":\"https:\/\/socialpubli.com\/blog\/es\/facebook-influencers\/#primaryimage\",\"url\":\"https:\/\/socialpubli.com\/blog\/wp-content\/uploads\/2022\/06\/fb-img1.png\",\"contentUrl\":\"https:\/\/socialpubli.com\/blog\/wp-content\/uploads\/2022\/06\/fb-img1.png\",\"width\":1067,\"height\":804},{\"@type\":\"BreadcrumbList\",\"@id\":\"https:\/\/socialpubli.com\/blog\/es\/facebook-influencers\/#breadcrumb\",\"itemListElement\":[{\"@type\":\"ListItem\",\"position\":1,\"name\":\"Portada\",\"item\":\"https:\/\/socialpubli.com\/blog\/\"},{\"@type\":\"ListItem\",\"position\":2,\"name\":\"Tenemos a los influencers en Facebook que potenciar\u00e1n tu marca\"}]},{\"@type\":\"WebSite\",\"@id\":\"https:\/\/socialpubli.com\/blog\/#website\",\"url\":\"https:\/\/socialpubli.com\/blog\/\",\"name\":\"Social Publi Blog\",\"description\":\"Tendencias en marketing de influencers, branded content y estrategia en redes sociales.\",\"publisher\":{\"@id\":\"https:\/\/socialpubli.com\/blog\/#organization\"},\"potentialAction\":[{\"@type\":\"SearchAction\",\"target\":{\"@type\":\"EntryPoint\",\"urlTemplate\":\"https:\/\/socialpubli.com\/blog\/?s={search_term_string}\"},\"query-input\":{\"@type\":\"PropertyValueSpecification\",\"valueRequired\":true,\"valueName\":\"search_term_string\"}}],\"inLanguage\":\"es\"},{\"@type\":\"Organization\",\"@id\":\"https:\/\/socialpubli.com\/blog\/#organization\",\"name\":\"SocialPubli\",\"url\":\"https:\/\/socialpubli.com\/blog\/\",\"logo\":{\"@type\":\"ImageObject\",\"inLanguage\":\"es\",\"@id\":\"https:\/\/socialpubli.com\/blog\/#\/schema\/logo\/image\/\",\"url\":\"https:\/\/socialpubli.com\/blog\/wp-content\/uploads\/2017\/01\/logo-blog.png\",\"contentUrl\":\"https:\/\/socialpubli.com\/blog\/wp-content\/uploads\/2017\/01\/logo-blog.png\",\"width\":284,\"height\":53,\"caption\":\"SocialPubli\"},\"image\":{\"@id\":\"https:\/\/socialpubli.com\/blog\/#\/schema\/logo\/image\/\"}}]}<\/script>\n<!-- \/ Yoast SEO plugin. -->","yoast_head_json":{"title":"Marketing en Facebook con influencers | SocialPubli Blog","description":"Prepara tu estrategia de marketing en Facebook con influencers. SocialPubli te ayuda a lanzar campa\u00f1as de publicidad en Facebook con los influencers m\u00e1s adecuados.","robots":{"index":"index","follow":"follow","max-snippet":"max-snippet:-1","max-image-preview":"max-image-preview:large","max-video-preview":"max-video-preview:-1"},"canonical":"https:\/\/socialpubli.com\/blog\/es\/facebook-influencers\/","og_locale":"es_ES","og_type":"article","og_title":"Marketing en Facebook con influencers | SocialPubli Blog","og_description":"Prepara tu estrategia de marketing en Facebook con influencers. SocialPubli te ayuda a lanzar campa\u00f1as de publicidad en Facebook con los influencers m\u00e1s adecuados.","og_url":"https:\/\/socialpubli.com\/blog\/es\/facebook-influencers\/","og_site_name":"Social Publi Blog","article_modified_time":"2025-09-15T10:18:32+00:00","og_image":[{"width":1067,"height":804,"url":"https:\/\/socialpubli.com\/blog\/wp-content\/uploads\/2022\/06\/fb-img1.png","type":"image\/png"}],"twitter_card":"summary_large_image","twitter_misc":{"Tiempo de lectura":"4 minutos"},"schema":{"@context":"https:\/\/schema.org","@graph":[{"@type":"WebPage","@id":"https:\/\/socialpubli.com\/blog\/es\/facebook-influencers\/","url":"https:\/\/socialpubli.com\/blog\/es\/facebook-influencers\/","name":"Marketing en Facebook con influencers | SocialPubli Blog","isPartOf":{"@id":"https:\/\/socialpubli.com\/blog\/#website"},"primaryImageOfPage":{"@id":"https:\/\/socialpubli.com\/blog\/es\/facebook-influencers\/#primaryimage"},"image":{"@id":"https:\/\/socialpubli.com\/blog\/es\/facebook-influencers\/#primaryimage"},"thumbnailUrl":"https:\/\/socialpubli.com\/blog\/wp-content\/uploads\/2022\/06\/fb-img1.png","datePublished":"2022-06-20T14:29:29+00:00","dateModified":"2025-09-15T10:18:32+00:00","description":"Prepara tu estrategia de marketing en Facebook con influencers. SocialPubli te ayuda a lanzar campa\u00f1as de publicidad en Facebook con los influencers m\u00e1s adecuados.","breadcrumb":{"@id":"https:\/\/socialpubli.com\/blog\/es\/facebook-influencers\/#breadcrumb"},"inLanguage":"es","potentialAction":[{"@type":"ReadAction","target":["https:\/\/socialpubli.com\/blog\/es\/facebook-influencers\/"]}]},{"@type":"ImageObject","inLanguage":"es","@id":"https:\/\/socialpubli.com\/blog\/es\/facebook-influencers\/#primaryimage","url":"https:\/\/socialpubli.com\/blog\/wp-content\/uploads\/2022\/06\/fb-img1.png","contentUrl":"https:\/\/socialpubli.com\/blog\/wp-content\/uploads\/2022\/06\/fb-img1.png","width":1067,"height":804},{"@type":"BreadcrumbList","@id":"https:\/\/socialpubli.com\/blog\/es\/facebook-influencers\/#breadcrumb","itemListElement":[{"@type":"ListItem","position":1,"name":"Portada","item":"https:\/\/socialpubli.com\/blog\/"},{"@type":"ListItem","position":2,"name":"Tenemos a los influencers en Facebook que potenciar\u00e1n tu marca"}]},{"@type":"WebSite","@id":"https:\/\/socialpubli.com\/blog\/#website","url":"https:\/\/socialpubli.com\/blog\/","name":"Social Publi Blog","description":"Tendencias en marketing de influencers, branded content y estrategia en redes sociales.","publisher":{"@id":"https:\/\/socialpubli.com\/blog\/#organization"},"potentialAction":[{"@type":"SearchAction","target":{"@type":"EntryPoint","urlTemplate":"https:\/\/socialpubli.com\/blog\/?s={search_term_string}"},"query-input":{"@type":"PropertyValueSpecification","valueRequired":true,"valueName":"search_term_string"}}],"inLanguage":"es"},{"@type":"Organization","@id":"https:\/\/socialpubli.com\/blog\/#organization","name":"SocialPubli","url":"https:\/\/socialpubli.com\/blog\/","logo":{"@type":"ImageObject","inLanguage":"es","@id":"https:\/\/socialpubli.com\/blog\/#\/schema\/logo\/image\/","url":"https:\/\/socialpubli.com\/blog\/wp-content\/uploads\/2017\/01\/logo-blog.png","contentUrl":"https:\/\/socialpubli.com\/blog\/wp-content\/uploads\/2017\/01\/logo-blog.png","width":284,"height":53,"caption":"SocialPubli"},"image":{"@id":"https:\/\/socialpubli.com\/blog\/#\/schema\/logo\/image\/"}}]}},"_links":{"self":[{"href":"https:\/\/socialpubli.com\/blog\/es\/wp-json\/wp\/v2\/pages\/12298","targetHints":{"allow":["GET"]}}],"collection":[{"href":"https:\/\/socialpubli.com\/blog\/es\/wp-json\/wp\/v2\/pages"}],"about":[{"href":"https:\/\/socialpubli.com\/blog\/es\/wp-json\/wp\/v2\/types\/page"}],"author":[{"embeddable":true,"href":"https:\/\/socialpubli.com\/blog\/es\/wp-json\/wp\/v2\/users\/2"}],"replies":[{"embeddable":true,"href":"https:\/\/socialpubli.com\/blog\/es\/wp-json\/wp\/v2\/comments?post=12298"}],"version-history":[{"count":14,"href":"https:\/\/socialpubli.com\/blog\/es\/wp-json\/wp\/v2\/pages\/12298\/revisions"}],"predecessor-version":[{"id":12472,"href":"https:\/\/socialpubli.com\/blog\/es\/wp-json\/wp\/v2\/pages\/12298\/revisions\/12472"}],"wp:featuredmedia":[{"embeddable":true,"href":"https:\/\/socialpubli.com\/blog\/es\/wp-json\/wp\/v2\/media\/12309"}],"wp:attachment":[{"href":"https:\/\/socialpubli.com\/blog\/es\/wp-json\/wp\/v2\/media?parent=12298"}],"curies":[{"name":"wp","href":"https:\/\/api.w.org\/{rel}","templated":true}]}}