{"id":12659,"date":"2022-08-17T15:29:48","date_gmt":"2022-08-17T13:29:48","guid":{"rendered":"https:\/\/socialpubli.com\/blog\/?page_id=12659"},"modified":"2025-10-08T10:30:44","modified_gmt":"2025-10-08T08:30:44","slug":"mediakit-black-friday-2022","status":"publish","type":"page","link":"https:\/\/socialpubli.com\/blog\/es\/mediakit-black-friday-2022\/","title":{"rendered":"Black Friday"},"content":{"rendered":"<div class=\"wpb-content-wrapper\"><p>[vc_row][vc_column][vc_row_inner content_placement=\u00bbtop\u00bb gap=\u00bb5&#8243; css=\u00bb.vc_custom_1618471694680{margin-top: 30px !important;margin-bottom: 30px !important;}\u00bb][vc_column_inner width=\u00bb1\/2&#8243;][vc_column_text css=\u00bb.vc_custom_1660658855000{padding-bottom: 40px !important;}\u00bb]<span style='font-weight: 400;'>El <\/span><b>Black Friday<\/b> <b>es una fecha comercial clave para cualquier marca<\/b><span style='font-weight: 400;'>, ya que es el pistoletazo de salida de las compras navide\u00f1as. Adem\u00e1s, muchas personas esperan a este momento del a\u00f1o para renovar sus aparatos tecnol\u00f3gicos, convirti\u00e9ndose en un momento de importante desembolso econ\u00f3mico. Sin duda, es <\/span><b>un buen momento para apelar a la oferta y al ahorro<\/b><span style='font-weight: 400;'>: establecerlo como el momento ideal para la compra de productos de alto valor.<\/span><\/p>\n<p><span style='font-weight: 400;'>Sea cual sea tu <\/span><b>objetivo de negocio<\/b><span style='font-weight: 400;'>, adel\u00e1ntate en la planificaci\u00f3n de tu estrategia de marketing para esta fecha. Consigue, a trav\u00e9s del<\/span><b> influencer marketing<\/b><span style='font-weight: 400;'>, aumentar tu ventas, llegar a tus potenciales clientes,\u00a0 obtener leads de actuales y potenciales clientes, promocionar productos y servicios, generar imagen de marca, aumentar tu engagement, ganar seguidores en tus redes sociales&#8230;<\/span><b>\u00a1Desc\u00e1rgate el Media Kit con ideas para tu campa\u00f1a del Black Friday!<\/b><\/p>\n<p>&nbsp;<\/p>\n<p><span style='font-weight: 400;'>Empieza <\/span><b>a planificar tu estrategia digital<\/b><span style='font-weight: 400;'> y aprovecha esta oportunidad de negocio al 100% \u00a1Consigue nuestro <\/span><b>Media Kit con ideas y ejemplos para tus campa\u00f1as con influencers en redes sociales<\/b><span style='font-weight: 400;'>!<\/span>[\/vc_column_text][vc_single_image image=\u00bb12662&#8243; img_size=\u00bbfull\u00bb][\/vc_column_inner][vc_column_inner width=\u00bb1\/2&#8243; css=\u00bb.vc_custom_1618471518931{padding-top: 20px !important;padding-right: 20px !important;padding-bottom: 20px !important;padding-left: 20px !important;}\u00bb][vc_column_text]<\/p>\n<h3 style='margin-top: 0; margin-bottom: 30px;'><span style='font-weight: 400;'>Descarga el Informe de Acciones de Black Friday 2022 en PDF:<\/span><\/h3>\n<p>[\/vc_column_text][vc_column_text]<\/p>\n<div class='box-form-land'><div class=\"wpcf7 no-js\" id=\"wpcf7-f12676-o1\" lang=\"es-ES\" dir=\"ltr\" data-wpcf7-id=\"12676\">\n<div class=\"screen-reader-response\">\n<p role=\"status\" aria-live=\"polite\" aria-atomic=\"true\"><\/p> <ul><\/ul>\n<\/div>\n<form action=\"\/blog\/es\/wp-json\/wp\/v2\/pages\/12659\/#wpcf7-f12676-o1\" method=\"post\" class=\"wpcf7-form init wpcf7-acceptance-as-validation\" aria-label=\"Formulario de contacto\" novalidate=\"novalidate\" data-status=\"init\">\n<fieldset class=\"hidden-fields-container\">\n<input type=\"hidden\" name=\"_wpcf7\" value=\"12676\"><input type=\"hidden\" name=\"_wpcf7_version\" value=\"6.1.5\"><input type=\"hidden\" name=\"_wpcf7_locale\" value=\"es_ES\"><input type=\"hidden\" name=\"_wpcf7_unit_tag\" value=\"wpcf7-f12676-o1\"><input type=\"hidden\" name=\"_wpcf7_container_post\" value=\"0\"><input type=\"hidden\" name=\"_wpcf7_posted_data_hash\" value=\"\"><input type=\"hidden\" name=\"_wpcf7_recaptcha_response\" value=\"\">\n<\/fieldset>\n<p><label> Tu nombre (requerido)<br>\n<span class=\"wpcf7-form-control-wrap\" data-name=\"your-name\"><input size=\"40\" maxlength=\"400\" class=\"wpcf7-form-control wpcf7-text wpcf7-validates-as-required\" aria-required=\"true\" aria-invalid=\"false\" value=\"\" type=\"text\" name=\"your-name\"><\/span> <\/label>\n<\/p>\n<p><label> Tu correo electr&oacute;nico (requerido)<br>\n<span class=\"wpcf7-form-control-wrap\" data-name=\"your-email\"><input size=\"40\" maxlength=\"400\" class=\"wpcf7-form-control wpcf7-email wpcf7-validates-as-required wpcf7-text wpcf7-validates-as-email\" aria-required=\"true\" aria-invalid=\"false\" value=\"\" type=\"email\" name=\"your-email\"><\/span> <\/label>\n<\/p>\n<p><label> Tu empresa (requerido)<br>\n<span class=\"wpcf7-form-control-wrap\" data-name=\"text-853\"><input size=\"40\" maxlength=\"400\" class=\"wpcf7-form-control wpcf7-text\" aria-invalid=\"false\" value=\"\" type=\"text\" name=\"text-853\"><\/span><br>\n<\/label>\n<\/p>\n<p><span class=\"wpcf7-form-control-wrap\" data-name=\"acceptance-919\"><span class=\"wpcf7-form-control wpcf7-acceptance\"><span class=\"wpcf7-list-item\"><input type=\"checkbox\" name=\"acceptance-919\" value=\"1\" aria-invalid=\"false\"><\/span><\/span><\/span> Acepto la <a href=\"https:\/\/socialpubli.com\/corp\/advertisers\/politica_de_privacidad\" target=\"blank\" rel=\"nofollow\">pol&iacute;tica de Privacidad<\/a>\n<\/p>\n<p><span class=\"wpcf7-form-control-wrap\" data-name=\"acceptance-694\"><span class=\"wpcf7-form-control wpcf7-acceptance\"><span class=\"wpcf7-list-item\"><input type=\"checkbox\" name=\"acceptance-694\" value=\"1\" aria-invalid=\"false\"><\/span><\/span><\/span> Acepto comunicaci&oacute;n comercial de Socialpubli\n<\/p>\n<p><input class=\"wpcf7-form-control wpcf7-submit has-spinner\" type=\"submit\" value=\"Descargar\">\n<\/p>\n<p style=\"display: none !important;\" class=\"akismet-fields-container\" data-prefix=\"_wpcf7_ak_\"><label>&Delta;<textarea name=\"_wpcf7_ak_hp_textarea\" cols=\"45\" rows=\"8\" maxlength=\"100\"><\/textarea><\/label><input type=\"hidden\" id=\"ak_js_1\" name=\"_wpcf7_ak_js\" value=\"222\"><script>document.getElementById( \"ak_js_1\" ).setAttribute( \"value\", ( new Date() ).getTime() );<\/script><\/p>\n<label class=\"ebd_input\"><input type=\"hidden\" name=\"ebd_downloads[]\" value=\"12675|Mediakit Black Friday\"> <\/label><input type=\"hidden\" class=\"ebd_setting\" name=\"ebd_settings[]\" value=\"title|Mediakit Black Friday\"><input type=\"hidden\" class=\"ebd_setting\" name=\"ebd_settings[]\" value=\"delivered_as|inline link\"><input type=\"hidden\" class=\"ebd_setting\" name=\"ebd_settings[]\" value=\"hide_form|no\"><input type=\"hidden\" class=\"ebd_setting\" name=\"ebd_settings[]\" value=\"radio|no\"><input type=\"hidden\" class=\"ebd_setting\" name=\"ebd_settings[]\" value=\"link_format|_blank\"><input type=\"hidden\" class=\"ebd_setting\" name=\"ebd_settings[]\" value=\"file_thumbnail|no\"><input type=\"hidden\" class=\"ebd_setting\" name=\"ebd_settings[]\" value=\"item_id|64\"><input type=\"hidden\" class=\"ebd_setting\" name=\"ebd_settings[]\" value=\"form_id|wpcf7-f12676-o1\"><div class=\"wpcf7-response-output\" aria-hidden=\"true\"><\/div>\n<\/form>\n<\/div>\n<\/div>\n<p>[\/vc_column_text][\/vc_column_inner][\/vc_row_inner][\/vc_column][\/vc_row]<\/p>\n<\/div>","protected":false},"excerpt":{"rendered":"<p>[vc_row][vc_column][vc_row_inner content_placement=\u00bbtop\u00bb gap=\u00bb5&#8243; css=\u00bb.vc_custom_1618471694680{margin-top: 30px !important;margin-bottom: 30px !important;}\u00bb][vc_column_inner width=\u00bb1\/2&#8243;][vc_column_text css=\u00bb.vc_custom_1660658855000{padding-bottom: 40px !important;}\u00bb]El Black Friday es una fecha comercial clave para cualquier marca, ya que es el pistoletazo de salida de las compras navide\u00f1as. Adem\u00e1s, muchas personas esperan a este momento del a\u00f1o para renovar sus aparatos tecnol\u00f3gicos, convirti\u00e9ndose en un momento de importante desembolso econ\u00f3mico. [&hellip;]<\/p>\n","protected":false},"author":2,"featured_media":12680,"parent":0,"menu_order":0,"comment_status":"closed","ping_status":"closed","template":"","meta":{"footnotes":""},"class_list":["post-12659","page","type-page","status-publish","has-post-thumbnail","hentry"],"yoast_head":"<!-- This site is optimized with the Yoast SEO plugin v27.0 - https:\/\/yoast.com\/product\/yoast-seo-wordpress\/ -->\n<title>Black Friday | SocialPubli Blog<\/title>\n<meta name=\"description\" content=\"Prepara tu estrategia para Black Friday y aprovecha al m\u00e1ximo esta fecha clave del calendario. Los mejores consejos en el blog SocialPubli.\" \/>\n<meta name=\"robots\" content=\"index, follow, max-snippet:-1, max-image-preview:large, max-video-preview:-1\" \/>\n<link rel=\"canonical\" href=\"https:\/\/socialpubli.com\/blog\/es\/mediakit-black-friday-2022\/\" \/>\n<meta property=\"og:locale\" content=\"es_ES\" \/>\n<meta property=\"og:type\" content=\"article\" \/>\n<meta property=\"og:title\" content=\"Black Friday | SocialPubli Blog\" \/>\n<meta property=\"og:description\" content=\"Prepara tu estrategia para Black Friday y aprovecha al m\u00e1ximo esta fecha clave del calendario. Los mejores consejos en el blog SocialPubli.\" \/>\n<meta property=\"og:url\" content=\"https:\/\/socialpubli.com\/blog\/es\/mediakit-black-friday-2022\/\" \/>\n<meta property=\"og:site_name\" content=\"Social Publi Blog\" \/>\n<meta property=\"article:modified_time\" content=\"2025-10-08T08:30:44+00:00\" \/>\n<meta property=\"og:image\" content=\"https:\/\/socialpubli.com\/blog\/wp-content\/uploads\/2022\/08\/Captura-de-pantalla-2022-08-16-a-las-16.11.44.png\" \/>\n\t<meta property=\"og:image:width\" content=\"1070\" \/>\n\t<meta property=\"og:image:height\" content=\"604\" \/>\n\t<meta property=\"og:image:type\" content=\"image\/png\" \/>\n<meta name=\"twitter:card\" content=\"summary_large_image\" \/>\n<meta name=\"twitter:label1\" content=\"Tiempo de lectura\" \/>\n\t<meta name=\"twitter:data1\" content=\"2 minutos\" \/>\n<script type=\"application\/ld+json\" class=\"yoast-schema-graph\">{\"@context\":\"https:\/\/schema.org\",\"@graph\":[{\"@type\":\"WebPage\",\"@id\":\"https:\/\/socialpubli.com\/blog\/es\/mediakit-black-friday-2022\/\",\"url\":\"https:\/\/socialpubli.com\/blog\/es\/mediakit-black-friday-2022\/\",\"name\":\"Black Friday | SocialPubli Blog\",\"isPartOf\":{\"@id\":\"https:\/\/socialpubli.com\/blog\/#website\"},\"primaryImageOfPage\":{\"@id\":\"https:\/\/socialpubli.com\/blog\/es\/mediakit-black-friday-2022\/#primaryimage\"},\"image\":{\"@id\":\"https:\/\/socialpubli.com\/blog\/es\/mediakit-black-friday-2022\/#primaryimage\"},\"thumbnailUrl\":\"https:\/\/socialpubli.com\/blog\/wp-content\/uploads\/2022\/08\/Captura-de-pantalla-2022-08-16-a-las-16.11.44.png\",\"datePublished\":\"2022-08-17T13:29:48+00:00\",\"dateModified\":\"2025-10-08T08:30:44+00:00\",\"description\":\"Prepara tu estrategia para Black Friday y aprovecha al m\u00e1ximo esta fecha clave del calendario. Los mejores consejos en el blog SocialPubli.\",\"breadcrumb\":{\"@id\":\"https:\/\/socialpubli.com\/blog\/es\/mediakit-black-friday-2022\/#breadcrumb\"},\"inLanguage\":\"es\",\"potentialAction\":[{\"@type\":\"ReadAction\",\"target\":[\"https:\/\/socialpubli.com\/blog\/es\/mediakit-black-friday-2022\/\"]}]},{\"@type\":\"ImageObject\",\"inLanguage\":\"es\",\"@id\":\"https:\/\/socialpubli.com\/blog\/es\/mediakit-black-friday-2022\/#primaryimage\",\"url\":\"https:\/\/socialpubli.com\/blog\/wp-content\/uploads\/2022\/08\/Captura-de-pantalla-2022-08-16-a-las-16.11.44.png\",\"contentUrl\":\"https:\/\/socialpubli.com\/blog\/wp-content\/uploads\/2022\/08\/Captura-de-pantalla-2022-08-16-a-las-16.11.44.png\",\"width\":1070,\"height\":604},{\"@type\":\"BreadcrumbList\",\"@id\":\"https:\/\/socialpubli.com\/blog\/es\/mediakit-black-friday-2022\/#breadcrumb\",\"itemListElement\":[{\"@type\":\"ListItem\",\"position\":1,\"name\":\"Portada\",\"item\":\"https:\/\/socialpubli.com\/blog\/\"},{\"@type\":\"ListItem\",\"position\":2,\"name\":\"Black Friday\"}]},{\"@type\":\"WebSite\",\"@id\":\"https:\/\/socialpubli.com\/blog\/#website\",\"url\":\"https:\/\/socialpubli.com\/blog\/\",\"name\":\"Social Publi Blog\",\"description\":\"Tendencias en marketing de influencers, branded content y estrategia en redes sociales.\",\"publisher\":{\"@id\":\"https:\/\/socialpubli.com\/blog\/#organization\"},\"potentialAction\":[{\"@type\":\"SearchAction\",\"target\":{\"@type\":\"EntryPoint\",\"urlTemplate\":\"https:\/\/socialpubli.com\/blog\/?s={search_term_string}\"},\"query-input\":{\"@type\":\"PropertyValueSpecification\",\"valueRequired\":true,\"valueName\":\"search_term_string\"}}],\"inLanguage\":\"es\"},{\"@type\":\"Organization\",\"@id\":\"https:\/\/socialpubli.com\/blog\/#organization\",\"name\":\"SocialPubli\",\"url\":\"https:\/\/socialpubli.com\/blog\/\",\"logo\":{\"@type\":\"ImageObject\",\"inLanguage\":\"es\",\"@id\":\"https:\/\/socialpubli.com\/blog\/#\/schema\/logo\/image\/\",\"url\":\"https:\/\/socialpubli.com\/blog\/wp-content\/uploads\/2017\/01\/logo-blog.png\",\"contentUrl\":\"https:\/\/socialpubli.com\/blog\/wp-content\/uploads\/2017\/01\/logo-blog.png\",\"width\":284,\"height\":53,\"caption\":\"SocialPubli\"},\"image\":{\"@id\":\"https:\/\/socialpubli.com\/blog\/#\/schema\/logo\/image\/\"}}]}<\/script>\n<!-- \/ Yoast SEO plugin. -->","yoast_head_json":{"title":"Black Friday | SocialPubli Blog","description":"Prepara tu estrategia para Black Friday y aprovecha al m\u00e1ximo esta fecha clave del calendario. Los mejores consejos en el blog SocialPubli.","robots":{"index":"index","follow":"follow","max-snippet":"max-snippet:-1","max-image-preview":"max-image-preview:large","max-video-preview":"max-video-preview:-1"},"canonical":"https:\/\/socialpubli.com\/blog\/es\/mediakit-black-friday-2022\/","og_locale":"es_ES","og_type":"article","og_title":"Black Friday | SocialPubli Blog","og_description":"Prepara tu estrategia para Black Friday y aprovecha al m\u00e1ximo esta fecha clave del calendario. Los mejores consejos en el blog SocialPubli.","og_url":"https:\/\/socialpubli.com\/blog\/es\/mediakit-black-friday-2022\/","og_site_name":"Social Publi Blog","article_modified_time":"2025-10-08T08:30:44+00:00","og_image":[{"width":1070,"height":604,"url":"https:\/\/socialpubli.com\/blog\/wp-content\/uploads\/2022\/08\/Captura-de-pantalla-2022-08-16-a-las-16.11.44.png","type":"image\/png"}],"twitter_card":"summary_large_image","twitter_misc":{"Tiempo de lectura":"2 minutos"},"schema":{"@context":"https:\/\/schema.org","@graph":[{"@type":"WebPage","@id":"https:\/\/socialpubli.com\/blog\/es\/mediakit-black-friday-2022\/","url":"https:\/\/socialpubli.com\/blog\/es\/mediakit-black-friday-2022\/","name":"Black Friday | SocialPubli Blog","isPartOf":{"@id":"https:\/\/socialpubli.com\/blog\/#website"},"primaryImageOfPage":{"@id":"https:\/\/socialpubli.com\/blog\/es\/mediakit-black-friday-2022\/#primaryimage"},"image":{"@id":"https:\/\/socialpubli.com\/blog\/es\/mediakit-black-friday-2022\/#primaryimage"},"thumbnailUrl":"https:\/\/socialpubli.com\/blog\/wp-content\/uploads\/2022\/08\/Captura-de-pantalla-2022-08-16-a-las-16.11.44.png","datePublished":"2022-08-17T13:29:48+00:00","dateModified":"2025-10-08T08:30:44+00:00","description":"Prepara tu estrategia para Black Friday y aprovecha al m\u00e1ximo esta fecha clave del calendario. Los mejores consejos en el blog SocialPubli.","breadcrumb":{"@id":"https:\/\/socialpubli.com\/blog\/es\/mediakit-black-friday-2022\/#breadcrumb"},"inLanguage":"es","potentialAction":[{"@type":"ReadAction","target":["https:\/\/socialpubli.com\/blog\/es\/mediakit-black-friday-2022\/"]}]},{"@type":"ImageObject","inLanguage":"es","@id":"https:\/\/socialpubli.com\/blog\/es\/mediakit-black-friday-2022\/#primaryimage","url":"https:\/\/socialpubli.com\/blog\/wp-content\/uploads\/2022\/08\/Captura-de-pantalla-2022-08-16-a-las-16.11.44.png","contentUrl":"https:\/\/socialpubli.com\/blog\/wp-content\/uploads\/2022\/08\/Captura-de-pantalla-2022-08-16-a-las-16.11.44.png","width":1070,"height":604},{"@type":"BreadcrumbList","@id":"https:\/\/socialpubli.com\/blog\/es\/mediakit-black-friday-2022\/#breadcrumb","itemListElement":[{"@type":"ListItem","position":1,"name":"Portada","item":"https:\/\/socialpubli.com\/blog\/"},{"@type":"ListItem","position":2,"name":"Black Friday"}]},{"@type":"WebSite","@id":"https:\/\/socialpubli.com\/blog\/#website","url":"https:\/\/socialpubli.com\/blog\/","name":"Social Publi Blog","description":"Tendencias en marketing de influencers, branded content y estrategia en redes sociales.","publisher":{"@id":"https:\/\/socialpubli.com\/blog\/#organization"},"potentialAction":[{"@type":"SearchAction","target":{"@type":"EntryPoint","urlTemplate":"https:\/\/socialpubli.com\/blog\/?s={search_term_string}"},"query-input":{"@type":"PropertyValueSpecification","valueRequired":true,"valueName":"search_term_string"}}],"inLanguage":"es"},{"@type":"Organization","@id":"https:\/\/socialpubli.com\/blog\/#organization","name":"SocialPubli","url":"https:\/\/socialpubli.com\/blog\/","logo":{"@type":"ImageObject","inLanguage":"es","@id":"https:\/\/socialpubli.com\/blog\/#\/schema\/logo\/image\/","url":"https:\/\/socialpubli.com\/blog\/wp-content\/uploads\/2017\/01\/logo-blog.png","contentUrl":"https:\/\/socialpubli.com\/blog\/wp-content\/uploads\/2017\/01\/logo-blog.png","width":284,"height":53,"caption":"SocialPubli"},"image":{"@id":"https:\/\/socialpubli.com\/blog\/#\/schema\/logo\/image\/"}}]}},"_links":{"self":[{"href":"https:\/\/socialpubli.com\/blog\/es\/wp-json\/wp\/v2\/pages\/12659","targetHints":{"allow":["GET"]}}],"collection":[{"href":"https:\/\/socialpubli.com\/blog\/es\/wp-json\/wp\/v2\/pages"}],"about":[{"href":"https:\/\/socialpubli.com\/blog\/es\/wp-json\/wp\/v2\/types\/page"}],"author":[{"embeddable":true,"href":"https:\/\/socialpubli.com\/blog\/es\/wp-json\/wp\/v2\/users\/2"}],"replies":[{"embeddable":true,"href":"https:\/\/socialpubli.com\/blog\/es\/wp-json\/wp\/v2\/comments?post=12659"}],"version-history":[{"count":3,"href":"https:\/\/socialpubli.com\/blog\/es\/wp-json\/wp\/v2\/pages\/12659\/revisions"}],"predecessor-version":[{"id":12677,"href":"https:\/\/socialpubli.com\/blog\/es\/wp-json\/wp\/v2\/pages\/12659\/revisions\/12677"}],"wp:featuredmedia":[{"embeddable":true,"href":"https:\/\/socialpubli.com\/blog\/es\/wp-json\/wp\/v2\/media\/12680"}],"wp:attachment":[{"href":"https:\/\/socialpubli.com\/blog\/es\/wp-json\/wp\/v2\/media?parent=12659"}],"curies":[{"name":"wp","href":"https:\/\/api.w.org\/{rel}","templated":true}]}}