{"id":13032,"date":"2022-09-27T12:25:30","date_gmt":"2022-09-27T10:25:30","guid":{"rendered":"https:\/\/socialpubli.com\/blog\/la-influencia-latina\/"},"modified":"2022-09-29T09:50:46","modified_gmt":"2022-09-29T07:50:46","slug":"la-influencia-latina","status":"publish","type":"page","link":"https:\/\/socialpubli.com\/blog\/es\/la-influencia-latina\/","title":{"rendered":"La Influencia Latina"},"content":{"rendered":"<div class=\"wpb-content-wrapper\"><p>[vc_row][vc_column][vc_column_text]<\/p>\n<p style='text-align: center; font-size: 24px; line-height: 36px;'><span style='font-weight: 400;'>Al frente del actual movimiento multicultural de influencers,<\/span> <b>las creadoras de contenidos latinas<\/b> <span style='font-weight: 400;'>logran alcanzar al p\u00fablico a trav\u00e9s de las plataformas digitales y las fronteras geogr\u00e1ficas.<\/span><\/p>\n<p>[\/vc_column_text][vc_row_inner equal_height=\u00bbyes\u00bb content_placement=\u00bbtop\u00bb css=\u00bb.vc_custom_1664273329322{padding-top: 30px !important;padding-bottom: 30px !important;}\u00bb][vc_column_inner width=\u00bb1\/2&#8243;][vc_column_text]<b>Su trabajo diario est\u00e1 dando forma a la narraci\u00f3n digital y a la cultura tal y como la conocemos,<\/b> <span style='font-weight: 400;'>pero en realidad se sabe muy poco sobre esta vibrante y diversa comunidad de influencers.<\/span><\/p>\n<p><span style='font-weight: 400;'>Tomando este punto de partida,<\/span> <b>SocialPubli se propuso conocer c\u00f3mo las influencers latinas ven el estado actual de la industria del marketing de influencers en una de las industrias m\u00e1s r\u00e1pidas y competitivas de la actualidad.<\/b><\/p>\n<p><span style='font-weight: 400;'>Los datos de la encuesta arrojan luz sobre diferentes aspectos, como los principales retos a los que se enfrentan actualmente como influencers, sus opiniones sobre la compensaci\u00f3n de los contenidos patrocinados, la representaci\u00f3n de las minor\u00edas en el espacio de los influencers y sus aspiraciones empresariales. <\/span><\/p>\n<p><b>Las creadoras de contenidos digitales latinas forman parte del segundo<\/b> <b>grupo minoritario<\/b> <a href='https:\/\/www.mckinsey.com\/about-us\/new-at-mckinsey-blog\/what-makes-the-us-latino-population-an-engine-for-growth'><b>con m\u00e1s crecimiento en Estados Unidos.<\/b><\/a> <span style='font-weight: 400;'>Los latinos, que son un<\/span> <a href='https:\/\/www.mckinsey.com\/about-us\/new-at-mckinsey-blog\/what-makes-the-us-latino-population-an-engine-for-growth'><span style='font-weight: 400;'>motor econ\u00f3mico<\/span><\/a> <span style='font-weight: 400;'>para Estados Unidos, cuentan con la tasa m\u00e1s alta de emprendimiento de cualquier raza,<\/span> <b>con un crecimiento empresarial del 12,5% en los \u00faltimos cinco a\u00f1os.<\/b>[\/vc_column_text][vc_column_text css=\u00bb.vc_custom_1664437839019{margin-bottom: 40px !important;}\u00bb]<\/p>\n<h3 style='text-align: left;'><b>Las principales conclusiones son:<\/b><b><\/b><\/h3>\n<ul class='list-style' style='text-align: left;'>\n<li aria-level='1'><b>El marketing de influencers y la creaci\u00f3n de contenidos digitales como carrera profesional:<\/b> <span style='font-weight: 400;'>Cerca del 60% de las influencers latinas encuestadas son creadoras de contenido a tiempo completo y casi el 20% ganan m\u00e1s de 50.000 d\u00f3lares por su trabajo de marketing de influencers.<\/span><\/li>\n<li style='font-weight: 400;' aria-level='1'><b>La compensaci\u00f3n es un reto:<\/b><span style='font-weight: 400;'> M\u00e1s de la mitad de las influencers latinas (53,4%) creen que no se les paga de forma justa por su trabajo de influencer. El 60,7% de las influencers latinas creen que su origen \u00e9tnico influye en a las tarifas que se les ofrecen por las campa\u00f1as de influencers.<\/span><\/li>\n<li style='text-align: left;'><b>Compromiso con la diversidad y la inclusi\u00f3n:<\/b> <span style='font-weight: 400;'>el 64,4% califica la diversidad y la inclusi\u00f3n como un diferenciador \u00abmuy importante\u00bb a la hora de decidir asociarse con una marca.<\/span><\/li>\n<\/ul>\n<p>[\/vc_column_text][\/vc_column_inner][vc_column_inner width=\u00bb1\/2&#8243; css=\u00bb.vc_custom_1663581642294{padding-top: 20px !important;padding-right: 20px !important;padding-bottom: 20px !important;padding-left: 20px !important;}\u00bb][vc_column_text]<\/p>\n<h3 style='margin-top: 0; margin-bottom: 30px;'><span style='font-weight: 400; margin-top: 0;'>Descarga el estudio completo aqu\u00ed:<\/span><\/h3>\n<p>[\/vc_column_text][vc_column_text]<\/p>\n<div class='box-form-land'><div class=\"wpcf7 no-js\" id=\"wpcf7-f13016-o1\" lang=\"es-ES\" dir=\"ltr\" data-wpcf7-id=\"13016\">\n<div class=\"screen-reader-response\">\n<p role=\"status\" aria-live=\"polite\" aria-atomic=\"true\"><\/p> <ul><\/ul>\n<\/div>\n<form action=\"\/blog\/es\/wp-json\/wp\/v2\/pages\/13032\/#wpcf7-f13016-o1\" method=\"post\" class=\"wpcf7-form init wpcf7-acceptance-as-validation\" aria-label=\"Formulario de contacto\" novalidate=\"novalidate\" data-status=\"init\">\n<fieldset class=\"hidden-fields-container\">\n<input type=\"hidden\" name=\"_wpcf7\" value=\"13016\"><input type=\"hidden\" name=\"_wpcf7_version\" value=\"6.1.5\"><input type=\"hidden\" name=\"_wpcf7_locale\" value=\"es_ES\"><input type=\"hidden\" name=\"_wpcf7_unit_tag\" value=\"wpcf7-f13016-o1\"><input type=\"hidden\" name=\"_wpcf7_container_post\" value=\"0\"><input type=\"hidden\" name=\"_wpcf7_posted_data_hash\" value=\"\"><input type=\"hidden\" name=\"_wpcf7_recaptcha_response\" value=\"\">\n<\/fieldset>\n<p><label> Tu nombre (requerido)<br>\n<span class=\"wpcf7-form-control-wrap\" data-name=\"your-name\"><input size=\"40\" maxlength=\"400\" class=\"wpcf7-form-control wpcf7-text wpcf7-validates-as-required\" aria-required=\"true\" aria-invalid=\"false\" value=\"\" type=\"text\" name=\"your-name\"><\/span> <\/label>\n<\/p>\n<p><label> Tu correo electr&oacute;nico (requerido)<br>\n<span class=\"wpcf7-form-control-wrap\" data-name=\"your-email\"><input size=\"40\" maxlength=\"400\" class=\"wpcf7-form-control wpcf7-email wpcf7-validates-as-required wpcf7-text wpcf7-validates-as-email\" aria-required=\"true\" aria-invalid=\"false\" value=\"\" type=\"email\" name=\"your-email\"><\/span> <\/label>\n<\/p>\n<p><label> Tu tel&eacute;fono (requerido)<br>\n<span class=\"wpcf7-form-control-wrap\" data-name=\"tel-705\"><input size=\"40\" maxlength=\"400\" class=\"wpcf7-form-control wpcf7-tel wpcf7-validates-as-required wpcf7-text wpcf7-validates-as-tel\" aria-required=\"true\" aria-invalid=\"false\" value=\"\" type=\"tel\" name=\"tel-705\"><\/span> <\/label>\n<\/p>\n<p><label> Tu empresa (requerido)<br>\n<span class=\"wpcf7-form-control-wrap\" data-name=\"text-853\"><input size=\"40\" maxlength=\"400\" class=\"wpcf7-form-control wpcf7-text\" aria-invalid=\"false\" value=\"\" type=\"text\" name=\"text-853\"><\/span><br>\n<\/label>\n<\/p>\n<p><span class=\"wpcf7-form-control-wrap\" data-name=\"acceptance-919\"><span class=\"wpcf7-form-control wpcf7-acceptance\"><span class=\"wpcf7-list-item\"><input type=\"checkbox\" name=\"acceptance-919\" value=\"1\" aria-invalid=\"false\"><\/span><\/span><\/span> Acepto la <a href=\"https:\/\/socialpubli.com\/corp\/advertisers\/politica_de_privacidad\" target=\"blank\" rel=\"nofollow\">pol&iacute;tica de Privacidad<\/a>\n<\/p>\n<p><span class=\"wpcf7-form-control-wrap\" data-name=\"acceptance-694\"><span class=\"wpcf7-form-control wpcf7-acceptance\"><span class=\"wpcf7-list-item\"><input type=\"checkbox\" name=\"acceptance-694\" value=\"1\" aria-invalid=\"false\"><\/span><\/span><\/span> Acepto comunicaci&oacute;n comercial de Socialpubli\n<\/p>\n<p><input class=\"wpcf7-form-control wpcf7-submit has-spinner\" type=\"submit\" value=\"Descargar\">\n<\/p>\n<p style=\"display: none !important;\" class=\"akismet-fields-container\" data-prefix=\"_wpcf7_ak_\"><label>&Delta;<textarea name=\"_wpcf7_ak_hp_textarea\" cols=\"45\" rows=\"8\" maxlength=\"100\"><\/textarea><\/label><input type=\"hidden\" id=\"ak_js_1\" name=\"_wpcf7_ak_js\" value=\"98\"><script>document.getElementById( \"ak_js_1\" ).setAttribute( \"value\", ( new Date() ).getTime() );<\/script><\/p>\n<label class=\"ebd_input\"><input type=\"hidden\" name=\"ebd_downloads[]\" value=\"13013|La Influencia Latina\"> <\/label><input type=\"hidden\" class=\"ebd_setting\" name=\"ebd_settings[]\" value=\"title|La Influencia Latina\"><input type=\"hidden\" class=\"ebd_setting\" name=\"ebd_settings[]\" value=\"delivered_as|inline link\"><input type=\"hidden\" class=\"ebd_setting\" name=\"ebd_settings[]\" value=\"hide_form|no\"><input type=\"hidden\" class=\"ebd_setting\" name=\"ebd_settings[]\" value=\"radio|no\"><input type=\"hidden\" class=\"ebd_setting\" name=\"ebd_settings[]\" value=\"link_format|_blank\"><input type=\"hidden\" class=\"ebd_setting\" name=\"ebd_settings[]\" value=\"file_thumbnail|no\"><input type=\"hidden\" class=\"ebd_setting\" name=\"ebd_settings[]\" value=\"item_id|67\"><input type=\"hidden\" class=\"ebd_setting\" name=\"ebd_settings[]\" value=\"form_id|wpcf7-f13016-o1\"><div class=\"wpcf7-response-output\" aria-hidden=\"true\"><\/div>\n<\/form>\n<\/div>\n<\/div>\n<p>[\/vc_column_text][vc_single_image image=\u00bb13051&#8243; img_size=\u00bblarge\u00bb alignment=\u00bbcenter\u00bb css_animation=\u00bbfadeInUp\u00bb css=\u00bb.vc_custom_1664285884159{padding-top: 30px !important;}\u00bb][\/vc_column_inner][\/vc_row_inner][\/vc_column][\/vc_row]<\/p>\n<\/div>","protected":false},"excerpt":{"rendered":"<p>[vc_row][vc_column][vc_column_text] Al frente del actual movimiento multicultural de influencers, las creadoras de contenidos latinas logran alcanzar al p\u00fablico a trav\u00e9s de las plataformas digitales y las fronteras geogr\u00e1ficas. [\/vc_column_text][vc_row_inner equal_height=\u00bbyes\u00bb content_placement=\u00bbtop\u00bb css=\u00bb.vc_custom_1664273329322{padding-top: 30px !important;padding-bottom: 30px !important;}\u00bb][vc_column_inner width=\u00bb1\/2&#8243;][vc_column_text]Su trabajo diario est\u00e1 dando forma a la narraci\u00f3n digital y a la cultura tal y como la conocemos, [&hellip;]<\/p>\n","protected":false},"author":2,"featured_media":13044,"parent":0,"menu_order":0,"comment_status":"closed","ping_status":"closed","template":"","meta":{"footnotes":""},"class_list":["post-13032","page","type-page","status-publish","has-post-thumbnail","hentry"],"yoast_head":"<!-- This site is optimized with the Yoast SEO plugin v27.0 - https:\/\/yoast.com\/product\/yoast-seo-wordpress\/ -->\n<title>La Influencia Latina | Social Publi Blog<\/title>\n<meta name=\"description\" content=\"Al frente del actual movimiento multicultural de influencers, las creadoras de contenidos latinas logran alcanzar al p\u00fablico a trav\u00e9s de las plataformas\" \/>\n<meta name=\"robots\" content=\"index, follow, max-snippet:-1, max-image-preview:large, max-video-preview:-1\" \/>\n<link rel=\"canonical\" href=\"https:\/\/socialpubli.com\/blog\/es\/la-influencia-latina\/\" \/>\n<meta property=\"og:locale\" content=\"es_ES\" \/>\n<meta property=\"og:type\" content=\"article\" \/>\n<meta property=\"og:title\" content=\"La Influencia Latina | Social Publi Blog\" \/>\n<meta property=\"og:description\" content=\"Al frente del actual movimiento multicultural de influencers, las creadoras de contenidos latinas logran alcanzar al p\u00fablico a trav\u00e9s de las plataformas\" \/>\n<meta property=\"og:url\" content=\"https:\/\/socialpubli.com\/blog\/es\/la-influencia-latina\/\" \/>\n<meta property=\"og:site_name\" content=\"Social Publi Blog\" \/>\n<meta property=\"article:modified_time\" content=\"2022-09-29T07:50:46+00:00\" \/>\n<meta property=\"og:image\" content=\"https:\/\/socialpubli.com\/blog\/wp-content\/uploads\/2022\/09\/la-influencia-latina.png\" \/>\n\t<meta property=\"og:image:width\" content=\"1221\" \/>\n\t<meta property=\"og:image:height\" content=\"687\" \/>\n\t<meta property=\"og:image:type\" content=\"image\/png\" \/>\n<meta name=\"twitter:card\" content=\"summary_large_image\" \/>\n<meta name=\"twitter:image\" content=\"https:\/\/socialpubli.com\/blog\/wp-content\/uploads\/2022\/09\/la-influencia-latina.png\" \/>\n<meta name=\"twitter:label1\" content=\"Tiempo de lectura\" \/>\n\t<meta name=\"twitter:data1\" content=\"2 minutos\" \/>\n<script type=\"application\/ld+json\" class=\"yoast-schema-graph\">{\"@context\":\"https:\/\/schema.org\",\"@graph\":[{\"@type\":\"WebPage\",\"@id\":\"https:\/\/socialpubli.com\/blog\/es\/la-influencia-latina\/\",\"url\":\"https:\/\/socialpubli.com\/blog\/es\/la-influencia-latina\/\",\"name\":\"La Influencia Latina | Social Publi Blog\",\"isPartOf\":{\"@id\":\"https:\/\/socialpubli.com\/blog\/#website\"},\"primaryImageOfPage\":{\"@id\":\"https:\/\/socialpubli.com\/blog\/es\/la-influencia-latina\/#primaryimage\"},\"image\":{\"@id\":\"https:\/\/socialpubli.com\/blog\/es\/la-influencia-latina\/#primaryimage\"},\"thumbnailUrl\":\"https:\/\/socialpubli.com\/blog\/wp-content\/uploads\/2022\/09\/la-influencia-latina.png\",\"datePublished\":\"2022-09-27T10:25:30+00:00\",\"dateModified\":\"2022-09-29T07:50:46+00:00\",\"description\":\"Al frente del actual movimiento multicultural de influencers, las creadoras de contenidos latinas logran alcanzar al p\u00fablico a trav\u00e9s de las plataformas\",\"breadcrumb\":{\"@id\":\"https:\/\/socialpubli.com\/blog\/es\/la-influencia-latina\/#breadcrumb\"},\"inLanguage\":\"es\",\"potentialAction\":[{\"@type\":\"ReadAction\",\"target\":[\"https:\/\/socialpubli.com\/blog\/es\/la-influencia-latina\/\"]}]},{\"@type\":\"ImageObject\",\"inLanguage\":\"es\",\"@id\":\"https:\/\/socialpubli.com\/blog\/es\/la-influencia-latina\/#primaryimage\",\"url\":\"https:\/\/socialpubli.com\/blog\/wp-content\/uploads\/2022\/09\/la-influencia-latina.png\",\"contentUrl\":\"https:\/\/socialpubli.com\/blog\/wp-content\/uploads\/2022\/09\/la-influencia-latina.png\",\"width\":1221,\"height\":687},{\"@type\":\"BreadcrumbList\",\"@id\":\"https:\/\/socialpubli.com\/blog\/es\/la-influencia-latina\/#breadcrumb\",\"itemListElement\":[{\"@type\":\"ListItem\",\"position\":1,\"name\":\"Portada\",\"item\":\"https:\/\/socialpubli.com\/blog\/\"},{\"@type\":\"ListItem\",\"position\":2,\"name\":\"La Influencia Latina\"}]},{\"@type\":\"WebSite\",\"@id\":\"https:\/\/socialpubli.com\/blog\/#website\",\"url\":\"https:\/\/socialpubli.com\/blog\/\",\"name\":\"Social Publi Blog\",\"description\":\"Tendencias en marketing de influencers, branded content y estrategia en redes sociales.\",\"publisher\":{\"@id\":\"https:\/\/socialpubli.com\/blog\/#organization\"},\"potentialAction\":[{\"@type\":\"SearchAction\",\"target\":{\"@type\":\"EntryPoint\",\"urlTemplate\":\"https:\/\/socialpubli.com\/blog\/?s={search_term_string}\"},\"query-input\":{\"@type\":\"PropertyValueSpecification\",\"valueRequired\":true,\"valueName\":\"search_term_string\"}}],\"inLanguage\":\"es\"},{\"@type\":\"Organization\",\"@id\":\"https:\/\/socialpubli.com\/blog\/#organization\",\"name\":\"SocialPubli\",\"url\":\"https:\/\/socialpubli.com\/blog\/\",\"logo\":{\"@type\":\"ImageObject\",\"inLanguage\":\"es\",\"@id\":\"https:\/\/socialpubli.com\/blog\/#\/schema\/logo\/image\/\",\"url\":\"https:\/\/socialpubli.com\/blog\/wp-content\/uploads\/2017\/01\/logo-blog.png\",\"contentUrl\":\"https:\/\/socialpubli.com\/blog\/wp-content\/uploads\/2017\/01\/logo-blog.png\",\"width\":284,\"height\":53,\"caption\":\"SocialPubli\"},\"image\":{\"@id\":\"https:\/\/socialpubli.com\/blog\/#\/schema\/logo\/image\/\"}}]}<\/script>\n<!-- \/ Yoast SEO plugin. -->","yoast_head_json":{"title":"La Influencia Latina | Social Publi Blog","description":"Al frente del actual movimiento multicultural de influencers, las creadoras de contenidos latinas logran alcanzar al p\u00fablico a trav\u00e9s de las plataformas","robots":{"index":"index","follow":"follow","max-snippet":"max-snippet:-1","max-image-preview":"max-image-preview:large","max-video-preview":"max-video-preview:-1"},"canonical":"https:\/\/socialpubli.com\/blog\/es\/la-influencia-latina\/","og_locale":"es_ES","og_type":"article","og_title":"La Influencia Latina | Social Publi Blog","og_description":"Al frente del actual movimiento multicultural de influencers, las creadoras de contenidos latinas logran alcanzar al p\u00fablico a trav\u00e9s de las plataformas","og_url":"https:\/\/socialpubli.com\/blog\/es\/la-influencia-latina\/","og_site_name":"Social Publi Blog","article_modified_time":"2022-09-29T07:50:46+00:00","og_image":[{"width":1221,"height":687,"url":"https:\/\/socialpubli.com\/blog\/wp-content\/uploads\/2022\/09\/la-influencia-latina.png","type":"image\/png"}],"twitter_card":"summary_large_image","twitter_image":"https:\/\/socialpubli.com\/blog\/wp-content\/uploads\/2022\/09\/la-influencia-latina.png","twitter_misc":{"Tiempo de lectura":"2 minutos"},"schema":{"@context":"https:\/\/schema.org","@graph":[{"@type":"WebPage","@id":"https:\/\/socialpubli.com\/blog\/es\/la-influencia-latina\/","url":"https:\/\/socialpubli.com\/blog\/es\/la-influencia-latina\/","name":"La Influencia Latina | Social Publi Blog","isPartOf":{"@id":"https:\/\/socialpubli.com\/blog\/#website"},"primaryImageOfPage":{"@id":"https:\/\/socialpubli.com\/blog\/es\/la-influencia-latina\/#primaryimage"},"image":{"@id":"https:\/\/socialpubli.com\/blog\/es\/la-influencia-latina\/#primaryimage"},"thumbnailUrl":"https:\/\/socialpubli.com\/blog\/wp-content\/uploads\/2022\/09\/la-influencia-latina.png","datePublished":"2022-09-27T10:25:30+00:00","dateModified":"2022-09-29T07:50:46+00:00","description":"Al frente del actual movimiento multicultural de influencers, las creadoras de contenidos latinas logran alcanzar al p\u00fablico a trav\u00e9s de las plataformas","breadcrumb":{"@id":"https:\/\/socialpubli.com\/blog\/es\/la-influencia-latina\/#breadcrumb"},"inLanguage":"es","potentialAction":[{"@type":"ReadAction","target":["https:\/\/socialpubli.com\/blog\/es\/la-influencia-latina\/"]}]},{"@type":"ImageObject","inLanguage":"es","@id":"https:\/\/socialpubli.com\/blog\/es\/la-influencia-latina\/#primaryimage","url":"https:\/\/socialpubli.com\/blog\/wp-content\/uploads\/2022\/09\/la-influencia-latina.png","contentUrl":"https:\/\/socialpubli.com\/blog\/wp-content\/uploads\/2022\/09\/la-influencia-latina.png","width":1221,"height":687},{"@type":"BreadcrumbList","@id":"https:\/\/socialpubli.com\/blog\/es\/la-influencia-latina\/#breadcrumb","itemListElement":[{"@type":"ListItem","position":1,"name":"Portada","item":"https:\/\/socialpubli.com\/blog\/"},{"@type":"ListItem","position":2,"name":"La Influencia Latina"}]},{"@type":"WebSite","@id":"https:\/\/socialpubli.com\/blog\/#website","url":"https:\/\/socialpubli.com\/blog\/","name":"Social Publi Blog","description":"Tendencias en marketing de influencers, branded content y estrategia en redes sociales.","publisher":{"@id":"https:\/\/socialpubli.com\/blog\/#organization"},"potentialAction":[{"@type":"SearchAction","target":{"@type":"EntryPoint","urlTemplate":"https:\/\/socialpubli.com\/blog\/?s={search_term_string}"},"query-input":{"@type":"PropertyValueSpecification","valueRequired":true,"valueName":"search_term_string"}}],"inLanguage":"es"},{"@type":"Organization","@id":"https:\/\/socialpubli.com\/blog\/#organization","name":"SocialPubli","url":"https:\/\/socialpubli.com\/blog\/","logo":{"@type":"ImageObject","inLanguage":"es","@id":"https:\/\/socialpubli.com\/blog\/#\/schema\/logo\/image\/","url":"https:\/\/socialpubli.com\/blog\/wp-content\/uploads\/2017\/01\/logo-blog.png","contentUrl":"https:\/\/socialpubli.com\/blog\/wp-content\/uploads\/2017\/01\/logo-blog.png","width":284,"height":53,"caption":"SocialPubli"},"image":{"@id":"https:\/\/socialpubli.com\/blog\/#\/schema\/logo\/image\/"}}]}},"_links":{"self":[{"href":"https:\/\/socialpubli.com\/blog\/es\/wp-json\/wp\/v2\/pages\/13032","targetHints":{"allow":["GET"]}}],"collection":[{"href":"https:\/\/socialpubli.com\/blog\/es\/wp-json\/wp\/v2\/pages"}],"about":[{"href":"https:\/\/socialpubli.com\/blog\/es\/wp-json\/wp\/v2\/types\/page"}],"author":[{"embeddable":true,"href":"https:\/\/socialpubli.com\/blog\/es\/wp-json\/wp\/v2\/users\/2"}],"replies":[{"embeddable":true,"href":"https:\/\/socialpubli.com\/blog\/es\/wp-json\/wp\/v2\/comments?post=13032"}],"version-history":[{"count":8,"href":"https:\/\/socialpubli.com\/blog\/es\/wp-json\/wp\/v2\/pages\/13032\/revisions"}],"predecessor-version":[{"id":13048,"href":"https:\/\/socialpubli.com\/blog\/es\/wp-json\/wp\/v2\/pages\/13032\/revisions\/13048"}],"wp:featuredmedia":[{"embeddable":true,"href":"https:\/\/socialpubli.com\/blog\/es\/wp-json\/wp\/v2\/media\/13044"}],"wp:attachment":[{"href":"https:\/\/socialpubli.com\/blog\/es\/wp-json\/wp\/v2\/media?parent=13032"}],"curies":[{"name":"wp","href":"https:\/\/api.w.org\/{rel}","templated":true}]}}