{"id":14172,"date":"2023-02-03T13:17:34","date_gmt":"2023-02-03T12:17:34","guid":{"rendered":"https:\/\/socialpubli.com\/blog\/?page_id=14172"},"modified":"2023-03-02T16:49:51","modified_gmt":"2023-03-02T15:49:51","slug":"marketing-afiliacion-influencers","status":"publish","type":"page","link":"https:\/\/socialpubli.com\/blog\/es\/marketing-afiliacion-influencers\/","title":{"rendered":"Paga a los influencers por resultado con el Marketing de Afiliaci\u00f3n"},"content":{"rendered":"<div class=\"wpb-content-wrapper\"><p>[vc_row][vc_column][vc_row_inner][vc_column_inner][vc_column_text css=\u00bb.vc_custom_1675417534660{padding-top: 20px !important;padding-right: 40px !important;padding-bottom: 30px !important;padding-left: 40px !important;background-color: #f6a801 !important;border-radius: 10px !important;}\u00bb]<\/p>\n<p style='text-align: center;'><strong><span style='color: #ffffff;'>En SocialPubli queremos ayudarte con tus estrategias enfocadas a objetivos y a la obtenci\u00f3n directa de resultados, por eso lanzamos nuestro sistema de <\/span><i><span style='color: #ffffff;'>Marketing de Afiliaci\u00f3n con Influencers.<\/span> <\/i><\/strong><\/p>\n<p>[\/vc_column_text][\/vc_column_inner][\/vc_row_inner][\/vc_column][\/vc_row][vc_row css=\u00bb.vc_custom_1595249731266{background-position: center !important;background-repeat: no-repeat !important;background-size: cover !important;}\u00bb][vc_column css=\u00bb.vc_custom_1655731765778{padding-top: 0px !important;}\u00bb][vc_row_inner equal_height=\u00bbyes\u00bb content_placement=\u00bbmiddle\u00bb css=\u00bb.vc_custom_1655731755154{padding-top: 0px !important;}\u00bb][vc_column_inner width=\u00bb1\/2&#8243; css=\u00bb.vc_custom_1675091555685{padding-top: 20px !important;padding-bottom: 20px !important;}\u00bb][vc_column_text css=\u00bb.vc_custom_1675416122730{padding-bottom: 20px !important;}\u00bb]<\/p>\n<h2><b>\u00bfQu\u00e9 ventajas tendr\u00e1s como marca?<\/b><\/h2>\n<p>[\/vc_column_text][vc_column_text]<\/p>\n<p style='text-align: left;'><span style='color: #f6a801;'><strong>1-<\/strong><\/span><span style='font-weight: 400;'> Como anunciante <strong>pagar\u00e1s por los resultados obtenidos<\/strong>, que depender\u00e1n de tu objetivo concreto: <i>ventas, alcance, conversiones, leads, clics, u otra m\u00e9trica.<\/i><\/span><\/p>\n<p style='text-align: left;'><strong><span style='color: #f6a801;'>2-<\/span><\/strong><span style='font-weight: 400;'> Este sistema de hacer publicidad te facilitar\u00e1 <strong>administrar tu presupuesto, asegur\u00e1ndote siempre un retorno de la inversi\u00f3n positivo<\/strong>.<\/span><\/p>\n<p style='text-align: left;'><strong><span style='color: #f6a801;'>3-<\/span><\/strong><span style='font-weight: 400;'> Al contrario de los m\u00e9todos de pago por impresiones (CPM) o de pago por clic (PPC), con nuestro sistema de afiliaci\u00f3n (CPV) no pagar\u00e1s hasta que el usuario haga una determinada acci\u00f3n, como realizar una compra efectiva o rellenar un formulario.<\/span><\/p>\n<p style='text-align: left;'><strong><span style='color: #f6a801;'>4<\/span><\/strong><span style='font-weight: 400;'><strong><span style='color: #f6a801;'>&#8211;<\/span><\/strong> <strong>Desde nuestra plataforma te pondremos en contacto con los influencers afiliados con los que quieras trabajar<\/strong>, con el objetivo de optimizar la comunicaci\u00f3n en todo el proceso de trabajo. \u00a1Bastante c\u00f3modo!<\/span><\/p>\n<p>[\/vc_column_text][vc_column_text css=\u00bb.vc_custom_1675095100376{padding-bottom: 40px !important;}\u00bb]<\/p>\n<h3 style='text-align: left;'><span style='font-weight: 400; color: #f6a801;'>\u00a1Agenda una reuni\u00f3n hoy!<\/span><\/h3>\n<p>[\/vc_column_text][qodef_button size=\u00bbmedium\u00bb text=\u00bbRESERVA TU DEMO\u00bb target=\u00bb_blank\u00bb icon_pack=\u00bb\u00bb font_weight=\u00bb\u00bb text_transform=\u00bb\u00bb link=\u00bbhttps:\/\/meetings.hubspot.com\/fernando-leveratto\u00bb][\/vc_column_inner][vc_column_inner width=\u00bb1\/2&#8243; css=\u00bb.vc_custom_1677751405337{background-position: 0 0 !important;background-repeat: no-repeat !important;}\u00bb][vc_column_text]<\/p>\n<h3 style='margin-top: 0; margin-bottom: 30px;'><span style='font-weight: 400;'>Descarga nuestra Gu\u00eda de Marketing de Afiliados en PDF:<\/span><\/h3>\n<p>[\/vc_column_text][vc_column_text]<\/p>\n<div class='box-form-land'><div class=\"wpcf7 no-js\" id=\"wpcf7-f14681-o1\" lang=\"es-ES\" dir=\"ltr\" data-wpcf7-id=\"14681\">\n<div class=\"screen-reader-response\">\n<p role=\"status\" aria-live=\"polite\" aria-atomic=\"true\"><\/p> <ul><\/ul>\n<\/div>\n<form action=\"\/blog\/es\/wp-json\/wp\/v2\/pages\/14172\/#wpcf7-f14681-o1\" method=\"post\" class=\"wpcf7-form init wpcf7-acceptance-as-validation\" aria-label=\"Formulario de contacto\" novalidate=\"novalidate\" data-status=\"init\">\n<fieldset class=\"hidden-fields-container\">\n<input type=\"hidden\" name=\"_wpcf7\" value=\"14681\"><input type=\"hidden\" name=\"_wpcf7_version\" value=\"6.1.5\"><input type=\"hidden\" name=\"_wpcf7_locale\" value=\"es_ES\"><input type=\"hidden\" name=\"_wpcf7_unit_tag\" value=\"wpcf7-f14681-o1\"><input type=\"hidden\" name=\"_wpcf7_container_post\" value=\"0\"><input type=\"hidden\" name=\"_wpcf7_posted_data_hash\" value=\"\"><input type=\"hidden\" name=\"_wpcf7_recaptcha_response\" value=\"\">\n<\/fieldset>\n<p><label> Tu nombre (requerido)<br>\n<span class=\"wpcf7-form-control-wrap\" data-name=\"your-name\"><input size=\"40\" maxlength=\"400\" class=\"wpcf7-form-control wpcf7-text wpcf7-validates-as-required\" aria-required=\"true\" aria-invalid=\"false\" value=\"\" type=\"text\" name=\"your-name\"><\/span> <\/label>\n<\/p>\n<p><label> Tu correo electr&oacute;nico (requerido)<br>\n<span class=\"wpcf7-form-control-wrap\" data-name=\"your-email\"><input size=\"40\" maxlength=\"400\" class=\"wpcf7-form-control wpcf7-email wpcf7-validates-as-required wpcf7-text wpcf7-validates-as-email\" aria-required=\"true\" aria-invalid=\"false\" value=\"\" type=\"email\" name=\"your-email\"><\/span> <\/label>\n<\/p>\n<p><label> Tu tel&eacute;fono (requerido)<br>\n<span class=\"wpcf7-form-control-wrap\" data-name=\"tel-705\"><input size=\"40\" maxlength=\"400\" class=\"wpcf7-form-control wpcf7-tel wpcf7-validates-as-required wpcf7-text wpcf7-validates-as-tel\" aria-required=\"true\" aria-invalid=\"false\" value=\"\" type=\"tel\" name=\"tel-705\"><\/span> <\/label>\n<\/p>\n<p><label> Tu empresa (requerido)<br>\n<span class=\"wpcf7-form-control-wrap\" data-name=\"text-853\"><input size=\"40\" maxlength=\"400\" class=\"wpcf7-form-control wpcf7-text\" aria-invalid=\"false\" value=\"\" type=\"text\" name=\"text-853\"><\/span><br>\n<\/label>\n<\/p>\n<p><span class=\"wpcf7-form-control-wrap\" data-name=\"acceptance-919\"><span class=\"wpcf7-form-control wpcf7-acceptance\"><span class=\"wpcf7-list-item\"><input type=\"checkbox\" name=\"acceptance-919\" value=\"1\" aria-invalid=\"false\"><\/span><\/span><\/span> Acepto la <a href=\"https:\/\/socialpubli.com\/corp\/advertisers\/politica_de_privacidad\" target=\"blank\" rel=\"nofollow\">pol&iacute;tica de Privacidad<\/a>\n<\/p>\n<p><span class=\"wpcf7-form-control-wrap\" data-name=\"acceptance-694\"><span class=\"wpcf7-form-control wpcf7-acceptance\"><span class=\"wpcf7-list-item\"><input type=\"checkbox\" name=\"acceptance-694\" value=\"1\" aria-invalid=\"false\"><\/span><\/span><\/span> Acepto comunicaci&oacute;n comercial de Socialpubli\n<\/p>\n<p><input class=\"wpcf7-form-control wpcf7-submit has-spinner\" type=\"submit\" value=\"Descargar\">\n<\/p>\n<p style=\"display: none !important;\" class=\"akismet-fields-container\" data-prefix=\"_wpcf7_ak_\"><label>&Delta;<textarea name=\"_wpcf7_ak_hp_textarea\" cols=\"45\" rows=\"8\" maxlength=\"100\"><\/textarea><\/label><input type=\"hidden\" id=\"ak_js_1\" name=\"_wpcf7_ak_js\" value=\"139\"><script>document.getElementById( \"ak_js_1\" ).setAttribute( \"value\", ( new Date() ).getTime() );<\/script><\/p>\n<label class=\"ebd_input\"><input type=\"hidden\" name=\"ebd_downloads[]\" value=\"14674|Marketing de Afiliaci&oacute;n\"> <\/label><input type=\"hidden\" class=\"ebd_setting\" name=\"ebd_settings[]\" value=\"title|Marketing de Afiliaci&Atilde;&sup3;n\"><input type=\"hidden\" class=\"ebd_setting\" name=\"ebd_settings[]\" value=\"delivered_as|inline link\"><input type=\"hidden\" class=\"ebd_setting\" name=\"ebd_settings[]\" value=\"hide_form|no\"><input type=\"hidden\" class=\"ebd_setting\" name=\"ebd_settings[]\" value=\"radio|no\"><input type=\"hidden\" class=\"ebd_setting\" name=\"ebd_settings[]\" value=\"link_format|_blank\"><input type=\"hidden\" class=\"ebd_setting\" name=\"ebd_settings[]\" value=\"file_thumbnail|no\"><input type=\"hidden\" class=\"ebd_setting\" name=\"ebd_settings[]\" value=\"item_id|70\"><input type=\"hidden\" class=\"ebd_setting\" name=\"ebd_settings[]\" value=\"form_id|wpcf7-f14681-o1\"><div class=\"wpcf7-response-output\" aria-hidden=\"true\"><\/div>\n<\/form>\n<\/div>\n<\/div>\n<p>[\/vc_column_text][\/vc_column_inner][\/vc_row_inner][vc_row_inner equal_height=\u00bbyes\u00bb content_placement=\u00bbmiddle\u00bb][vc_column_inner width=\u00bb1\/2&#8243; css=\u00bb.vc_custom_1595241364308{padding-top: 20px !important;padding-bottom: 20px !important;}\u00bb][vc_single_image image=\u00bb14244&#8243; img_size=\u00bbfull\u00bb alignment=\u00bbcenter\u00bb el_class=\u00bbimg-mobile-module\u00bb][\/vc_column_inner][vc_column_inner width=\u00bb1\/2&#8243;][vc_column_text css=\u00bb.vc_custom_1675416136030{padding-bottom: 40px !important;}\u00bb]<\/p>\n<h2><span style='font-weight: 400; color: #f6a801;'>\u00bfC\u00f3mo funciona?<\/span><\/h2>\n<p>[\/vc_column_text][vc_column_text]<span style='font-weight: 400;'>Una vez\u00a0 que decidas utilizar nuestro sistema de Marketing de Afiliaci\u00f3n con Influencers,<strong> los productos o servicios de tu marca se promocionar\u00e1n mediante los canales sociales de nuestros influencers<\/strong>. <\/span><\/p>\n<p><span style='font-weight: 400;'>Los influencers publicar\u00e1n los anuncios acompa\u00f1ados de un c\u00f3digo exclusivo que pondr\u00e1n en alg\u00fan v\u00eddeo o en el tipo de post de tu preferencia. Con este c\u00f3digo <strong>podremos contabilizar las ventas obtenidas<\/strong>.\u00a0<\/span><\/p>\n<p><span style='font-weight: 400;'>A cambio, <strong>los influencers recibir\u00e1n un porcentaje por venta obtenida o por resultado generado<\/strong>.\u00a0<\/span><\/p>\n<p><span style='font-weight: 400;'>Dicho porcentaje o comisi\u00f3n que ganar\u00e1 el influencer ser\u00e1 establecido previamente con la marca, pero entre m\u00e1s atractivo sea, m\u00e1s influencers querr\u00e1n anunciar tu producto o servicio.<\/span><\/p>\n<p><span style='font-weight: 400;'>Al inicio de la campa\u00f1a tendr\u00e1s un &#8216;setup fee&#8217;, mucho menor que las campa\u00f1as de impresiones o branding para cubrir los costes de lanzamiento y partir de ah\u00ed s\u00f3lo habr\u00e1 pagos por resultados de venta o captaci\u00f3n de leads.<\/span>[\/vc_column_text][\/vc_column_inner][\/vc_row_inner][\/vc_column][\/vc_row][vc_row css=\u00bb.vc_custom_1675271867308{margin-bottom: 20px !important;}\u00bb][vc_column][vc_column_text css=\u00bb.vc_custom_1675416242449{padding-bottom: 40px !important;}\u00bb]<\/p>\n<h2 style='text-align: center;'><span style='font-weight: 400; color: #f6a801;'>\u00bfPara qu\u00e9 Redes Sociales est\u00e1 disponible este servicio de Marketing de Afiliaci\u00f3n?<\/span><\/h2>\n<p>[\/vc_column_text][vc_column_text css=\u00bb.vc_custom_1675416340597{padding-bottom: 40px !important;}\u00bb]<\/p>\n<p style='text-align: center;'><span style='font-weight: 400;'>Por ahora, este nuestro servicio de Marketing de Afiliaci\u00f3n con Influencers est\u00e1 disponible en<strong> Instagram y Tiktok<\/strong>, las dos redes sociales que actualmente est\u00e1n en el top de la publicidad. <\/span><\/p>\n<p>[\/vc_column_text][vc_column_text]<\/p>\n<p style='text-align: center; color: #f6a801;'><strong>\u00bfTe animas a probar nuestra plataforma?<\/strong><\/p>\n<p>[\/vc_column_text][\/vc_column][\/vc_row][vc_row][vc_column][vc_raw_js]JTNDc2NyaXB0JTNFJTBBalF1ZXJ5JTI4JTI3LmJveC1mb3JtLWxhbmQlMjBmb3JtJTI3JTI5LmNoYW5nZSUyOGZ1bmN0aW9uJTI4JTI5JTIwJTdCJTBBJTIwJTIwJTIwJTIwalF1ZXJ5JTI4JTI3LmJveC1mb3JtLWxhbmQlMjBmb3JtJTIwYnV0dG9uJTVCdHlwZSUzRCUyMnN1Ym1pdCUyMiU1RCUyNyUyOS5hdHRyJTI4JTIyZGlzYWJsZWQlMjIlMkMlMjBmYWxzZSUyOSUwQSU3RCUyOS5zdWJtaXQlMjhmdW5jdGlvbiUyMCUyOCUyOSUyMCU3QiUwQSUyMCUyMCUyMCUyMGpRdWVyeSUyOCUyNy5ib3gtZm9ybS1sYW5kJTIwZm9ybSUyMGJ1dHRvbiU1QnR5cGUlM0QlMjJzdWJtaXQlMjIlNUQlMjclMjkuYXR0ciUyOCUyMmRpc2FibGVkJTIyJTJDJTIwdHJ1ZSUyOSUwQSU3RCUyOSUwQSUzQyUyRnNjcmlwdCUzRQ==[\/vc_raw_js][\/vc_column][\/vc_row]<\/p>\n<\/div>","protected":false},"excerpt":{"rendered":"<p>[vc_row][vc_column][vc_row_inner][vc_column_inner][vc_column_text css=\u00bb.vc_custom_1675417534660{padding-top: 20px !important;padding-right: 40px !important;padding-bottom: 30px !important;padding-left: 40px !important;background-color: #f6a801 !important;border-radius: 10px !important;}\u00bb] En SocialPubli queremos ayudarte con tus estrategias enfocadas a objetivos y a la obtenci\u00f3n directa de resultados, por eso lanzamos nuestro sistema de Marketing de Afiliaci\u00f3n con Influencers. [\/vc_column_text][\/vc_column_inner][\/vc_row_inner][\/vc_column][\/vc_row][vc_row css=\u00bb.vc_custom_1595249731266{background-position: center !important;background-repeat: no-repeat !important;background-size: cover !important;}\u00bb][vc_column css=\u00bb.vc_custom_1655731765778{padding-top: 0px !important;}\u00bb][vc_row_inner equal_height=\u00bbyes\u00bb content_placement=\u00bbmiddle\u00bb [&hellip;]<\/p>\n","protected":false},"author":2,"featured_media":14260,"parent":0,"menu_order":0,"comment_status":"closed","ping_status":"closed","template":"","meta":{"footnotes":""},"class_list":["post-14172","page","type-page","status-publish","has-post-thumbnail","hentry"],"yoast_head":"<!-- This site is optimized with the Yoast SEO plugin v27.0 - https:\/\/yoast.com\/product\/yoast-seo-wordpress\/ -->\n<title>Marketing de Afiliaci\u00f3n con Influencers | SocialPubli<\/title>\n<meta name=\"description\" content=\"Prepara tu estrategia de Marketing con Influencers. SocialPubli te ayuda a lanzar campa\u00f1as de publicidad con los influencers m\u00e1s adecuados.Mejora tus estrategias de publicidad y branding con el nuevo servicio de Marketing de Afiliaci\u00f3n con Influencers en Instagram y TiktTok de SociaPubli\" \/>\n<meta name=\"robots\" content=\"index, follow, max-snippet:-1, max-image-preview:large, max-video-preview:-1\" \/>\n<link rel=\"canonical\" href=\"https:\/\/socialpubli.com\/blog\/es\/marketing-afiliacion-influencers\/\" \/>\n<meta property=\"og:locale\" content=\"es_ES\" \/>\n<meta property=\"og:type\" content=\"article\" \/>\n<meta property=\"og:title\" content=\"Marketing de Afiliaci\u00f3n con Influencers | SocialPubli\" \/>\n<meta property=\"og:description\" content=\"Prepara tu estrategia de Marketing con Influencers. SocialPubli te ayuda a lanzar campa\u00f1as de publicidad con los influencers m\u00e1s adecuados.Mejora tus estrategias de publicidad y branding con el nuevo servicio de Marketing de Afiliaci\u00f3n con Influencers en Instagram y TiktTok de SociaPubli\" \/>\n<meta property=\"og:url\" content=\"https:\/\/socialpubli.com\/blog\/es\/marketing-afiliacion-influencers\/\" \/>\n<meta property=\"og:site_name\" content=\"Social Publi Blog\" \/>\n<meta property=\"article:modified_time\" content=\"2023-03-02T15:49:51+00:00\" \/>\n<meta property=\"og:image\" content=\"https:\/\/socialpubli.com\/blog\/wp-content\/uploads\/2023\/02\/PreviewCard_afilicacion_ES.jpg\" \/>\n\t<meta property=\"og:image:width\" content=\"560\" \/>\n\t<meta property=\"og:image:height\" content=\"281\" \/>\n\t<meta property=\"og:image:type\" content=\"image\/jpeg\" \/>\n<meta name=\"twitter:card\" content=\"summary_large_image\" \/>\n<meta name=\"twitter:image\" content=\"https:\/\/socialpubli.com\/blog\/wp-content\/uploads\/2023\/02\/PreviewCard_afilicacion_ES.jpg\" \/>\n<meta name=\"twitter:label1\" content=\"Tiempo de lectura\" \/>\n\t<meta name=\"twitter:data1\" content=\"3 minutos\" \/>\n<script type=\"application\/ld+json\" class=\"yoast-schema-graph\">{\"@context\":\"https:\/\/schema.org\",\"@graph\":[{\"@type\":\"WebPage\",\"@id\":\"https:\/\/socialpubli.com\/blog\/es\/marketing-afiliacion-influencers\/\",\"url\":\"https:\/\/socialpubli.com\/blog\/es\/marketing-afiliacion-influencers\/\",\"name\":\"Marketing de Afiliaci\u00f3n con Influencers | SocialPubli\",\"isPartOf\":{\"@id\":\"https:\/\/socialpubli.com\/blog\/#website\"},\"primaryImageOfPage\":{\"@id\":\"https:\/\/socialpubli.com\/blog\/es\/marketing-afiliacion-influencers\/#primaryimage\"},\"image\":{\"@id\":\"https:\/\/socialpubli.com\/blog\/es\/marketing-afiliacion-influencers\/#primaryimage\"},\"thumbnailUrl\":\"https:\/\/socialpubli.com\/blog\/wp-content\/uploads\/2023\/02\/PreviewCard_afilicacion_ES.jpg\",\"datePublished\":\"2023-02-03T12:17:34+00:00\",\"dateModified\":\"2023-03-02T15:49:51+00:00\",\"description\":\"Prepara tu estrategia de Marketing con Influencers. SocialPubli te ayuda a lanzar campa\u00f1as de publicidad con los influencers m\u00e1s adecuados.Mejora tus estrategias de publicidad y branding con el nuevo servicio de Marketing de Afiliaci\u00f3n con Influencers en Instagram y TiktTok de SociaPubli\",\"breadcrumb\":{\"@id\":\"https:\/\/socialpubli.com\/blog\/es\/marketing-afiliacion-influencers\/#breadcrumb\"},\"inLanguage\":\"es\",\"potentialAction\":[{\"@type\":\"ReadAction\",\"target\":[\"https:\/\/socialpubli.com\/blog\/es\/marketing-afiliacion-influencers\/\"]}]},{\"@type\":\"ImageObject\",\"inLanguage\":\"es\",\"@id\":\"https:\/\/socialpubli.com\/blog\/es\/marketing-afiliacion-influencers\/#primaryimage\",\"url\":\"https:\/\/socialpubli.com\/blog\/wp-content\/uploads\/2023\/02\/PreviewCard_afilicacion_ES.jpg\",\"contentUrl\":\"https:\/\/socialpubli.com\/blog\/wp-content\/uploads\/2023\/02\/PreviewCard_afilicacion_ES.jpg\",\"width\":560,\"height\":281},{\"@type\":\"BreadcrumbList\",\"@id\":\"https:\/\/socialpubli.com\/blog\/es\/marketing-afiliacion-influencers\/#breadcrumb\",\"itemListElement\":[{\"@type\":\"ListItem\",\"position\":1,\"name\":\"Portada\",\"item\":\"https:\/\/socialpubli.com\/blog\/\"},{\"@type\":\"ListItem\",\"position\":2,\"name\":\"Paga a los influencers por resultado con el Marketing de Afiliaci\u00f3n\"}]},{\"@type\":\"WebSite\",\"@id\":\"https:\/\/socialpubli.com\/blog\/#website\",\"url\":\"https:\/\/socialpubli.com\/blog\/\",\"name\":\"Social Publi Blog\",\"description\":\"Tendencias en marketing de influencers, branded content y estrategia en redes sociales.\",\"publisher\":{\"@id\":\"https:\/\/socialpubli.com\/blog\/#organization\"},\"potentialAction\":[{\"@type\":\"SearchAction\",\"target\":{\"@type\":\"EntryPoint\",\"urlTemplate\":\"https:\/\/socialpubli.com\/blog\/?s={search_term_string}\"},\"query-input\":{\"@type\":\"PropertyValueSpecification\",\"valueRequired\":true,\"valueName\":\"search_term_string\"}}],\"inLanguage\":\"es\"},{\"@type\":\"Organization\",\"@id\":\"https:\/\/socialpubli.com\/blog\/#organization\",\"name\":\"SocialPubli\",\"url\":\"https:\/\/socialpubli.com\/blog\/\",\"logo\":{\"@type\":\"ImageObject\",\"inLanguage\":\"es\",\"@id\":\"https:\/\/socialpubli.com\/blog\/#\/schema\/logo\/image\/\",\"url\":\"https:\/\/socialpubli.com\/blog\/wp-content\/uploads\/2017\/01\/logo-blog.png\",\"contentUrl\":\"https:\/\/socialpubli.com\/blog\/wp-content\/uploads\/2017\/01\/logo-blog.png\",\"width\":284,\"height\":53,\"caption\":\"SocialPubli\"},\"image\":{\"@id\":\"https:\/\/socialpubli.com\/blog\/#\/schema\/logo\/image\/\"}}]}<\/script>\n<!-- \/ Yoast SEO plugin. -->","yoast_head_json":{"title":"Marketing de Afiliaci\u00f3n con Influencers | SocialPubli","description":"Prepara tu estrategia de Marketing con Influencers. SocialPubli te ayuda a lanzar campa\u00f1as de publicidad con los influencers m\u00e1s adecuados.Mejora tus estrategias de publicidad y branding con el nuevo servicio de Marketing de Afiliaci\u00f3n con Influencers en Instagram y TiktTok de SociaPubli","robots":{"index":"index","follow":"follow","max-snippet":"max-snippet:-1","max-image-preview":"max-image-preview:large","max-video-preview":"max-video-preview:-1"},"canonical":"https:\/\/socialpubli.com\/blog\/es\/marketing-afiliacion-influencers\/","og_locale":"es_ES","og_type":"article","og_title":"Marketing de Afiliaci\u00f3n con Influencers | SocialPubli","og_description":"Prepara tu estrategia de Marketing con Influencers. SocialPubli te ayuda a lanzar campa\u00f1as de publicidad con los influencers m\u00e1s adecuados.Mejora tus estrategias de publicidad y branding con el nuevo servicio de Marketing de Afiliaci\u00f3n con Influencers en Instagram y TiktTok de SociaPubli","og_url":"https:\/\/socialpubli.com\/blog\/es\/marketing-afiliacion-influencers\/","og_site_name":"Social Publi Blog","article_modified_time":"2023-03-02T15:49:51+00:00","og_image":[{"width":560,"height":281,"url":"https:\/\/socialpubli.com\/blog\/wp-content\/uploads\/2023\/02\/PreviewCard_afilicacion_ES.jpg","type":"image\/jpeg"}],"twitter_card":"summary_large_image","twitter_image":"https:\/\/socialpubli.com\/blog\/wp-content\/uploads\/2023\/02\/PreviewCard_afilicacion_ES.jpg","twitter_misc":{"Tiempo de lectura":"3 minutos"},"schema":{"@context":"https:\/\/schema.org","@graph":[{"@type":"WebPage","@id":"https:\/\/socialpubli.com\/blog\/es\/marketing-afiliacion-influencers\/","url":"https:\/\/socialpubli.com\/blog\/es\/marketing-afiliacion-influencers\/","name":"Marketing de Afiliaci\u00f3n con Influencers | SocialPubli","isPartOf":{"@id":"https:\/\/socialpubli.com\/blog\/#website"},"primaryImageOfPage":{"@id":"https:\/\/socialpubli.com\/blog\/es\/marketing-afiliacion-influencers\/#primaryimage"},"image":{"@id":"https:\/\/socialpubli.com\/blog\/es\/marketing-afiliacion-influencers\/#primaryimage"},"thumbnailUrl":"https:\/\/socialpubli.com\/blog\/wp-content\/uploads\/2023\/02\/PreviewCard_afilicacion_ES.jpg","datePublished":"2023-02-03T12:17:34+00:00","dateModified":"2023-03-02T15:49:51+00:00","description":"Prepara tu estrategia de Marketing con Influencers. SocialPubli te ayuda a lanzar campa\u00f1as de publicidad con los influencers m\u00e1s adecuados.Mejora tus estrategias de publicidad y branding con el nuevo servicio de Marketing de Afiliaci\u00f3n con Influencers en Instagram y TiktTok de SociaPubli","breadcrumb":{"@id":"https:\/\/socialpubli.com\/blog\/es\/marketing-afiliacion-influencers\/#breadcrumb"},"inLanguage":"es","potentialAction":[{"@type":"ReadAction","target":["https:\/\/socialpubli.com\/blog\/es\/marketing-afiliacion-influencers\/"]}]},{"@type":"ImageObject","inLanguage":"es","@id":"https:\/\/socialpubli.com\/blog\/es\/marketing-afiliacion-influencers\/#primaryimage","url":"https:\/\/socialpubli.com\/blog\/wp-content\/uploads\/2023\/02\/PreviewCard_afilicacion_ES.jpg","contentUrl":"https:\/\/socialpubli.com\/blog\/wp-content\/uploads\/2023\/02\/PreviewCard_afilicacion_ES.jpg","width":560,"height":281},{"@type":"BreadcrumbList","@id":"https:\/\/socialpubli.com\/blog\/es\/marketing-afiliacion-influencers\/#breadcrumb","itemListElement":[{"@type":"ListItem","position":1,"name":"Portada","item":"https:\/\/socialpubli.com\/blog\/"},{"@type":"ListItem","position":2,"name":"Paga a los influencers por resultado con el Marketing de Afiliaci\u00f3n"}]},{"@type":"WebSite","@id":"https:\/\/socialpubli.com\/blog\/#website","url":"https:\/\/socialpubli.com\/blog\/","name":"Social Publi Blog","description":"Tendencias en marketing de influencers, branded content y estrategia en redes sociales.","publisher":{"@id":"https:\/\/socialpubli.com\/blog\/#organization"},"potentialAction":[{"@type":"SearchAction","target":{"@type":"EntryPoint","urlTemplate":"https:\/\/socialpubli.com\/blog\/?s={search_term_string}"},"query-input":{"@type":"PropertyValueSpecification","valueRequired":true,"valueName":"search_term_string"}}],"inLanguage":"es"},{"@type":"Organization","@id":"https:\/\/socialpubli.com\/blog\/#organization","name":"SocialPubli","url":"https:\/\/socialpubli.com\/blog\/","logo":{"@type":"ImageObject","inLanguage":"es","@id":"https:\/\/socialpubli.com\/blog\/#\/schema\/logo\/image\/","url":"https:\/\/socialpubli.com\/blog\/wp-content\/uploads\/2017\/01\/logo-blog.png","contentUrl":"https:\/\/socialpubli.com\/blog\/wp-content\/uploads\/2017\/01\/logo-blog.png","width":284,"height":53,"caption":"SocialPubli"},"image":{"@id":"https:\/\/socialpubli.com\/blog\/#\/schema\/logo\/image\/"}}]}},"_links":{"self":[{"href":"https:\/\/socialpubli.com\/blog\/es\/wp-json\/wp\/v2\/pages\/14172","targetHints":{"allow":["GET"]}}],"collection":[{"href":"https:\/\/socialpubli.com\/blog\/es\/wp-json\/wp\/v2\/pages"}],"about":[{"href":"https:\/\/socialpubli.com\/blog\/es\/wp-json\/wp\/v2\/types\/page"}],"author":[{"embeddable":true,"href":"https:\/\/socialpubli.com\/blog\/es\/wp-json\/wp\/v2\/users\/2"}],"replies":[{"embeddable":true,"href":"https:\/\/socialpubli.com\/blog\/es\/wp-json\/wp\/v2\/comments?post=14172"}],"version-history":[{"count":31,"href":"https:\/\/socialpubli.com\/blog\/es\/wp-json\/wp\/v2\/pages\/14172\/revisions"}],"predecessor-version":[{"id":14692,"href":"https:\/\/socialpubli.com\/blog\/es\/wp-json\/wp\/v2\/pages\/14172\/revisions\/14692"}],"wp:featuredmedia":[{"embeddable":true,"href":"https:\/\/socialpubli.com\/blog\/es\/wp-json\/wp\/v2\/media\/14260"}],"wp:attachment":[{"href":"https:\/\/socialpubli.com\/blog\/es\/wp-json\/wp\/v2\/media?parent=14172"}],"curies":[{"name":"wp","href":"https:\/\/api.w.org\/{rel}","templated":true}]}}