{"id":14549,"date":"2023-03-01T10:41:14","date_gmt":"2023-03-01T09:41:14","guid":{"rendered":"https:\/\/socialpubli.com\/blog\/?page_id=14549"},"modified":"2023-03-01T13:51:36","modified_gmt":"2023-03-01T12:51:36","slug":"meta-pixel","status":"publish","type":"page","link":"https:\/\/socialpubli.com\/blog\/es\/meta-pixel\/","title":{"rendered":"As\u00edgnanos un P\u00edxel de Meta para monitorizar tus campa\u00f1as a resultados con influencers"},"content":{"rendered":"<div class=\"wpb-content-wrapper\"><p>[vc_row][vc_column][vc_column_text]<span style=\"font-weight: 400;\">Medir las campa\u00f1as a resultados con influencers es muy f\u00e1cil con el P\u00edxel de Meta.<\/span><\/p>\n<p><span style=\"font-weight: 400;\">Con este c\u00f3digo, que puedes poner en tu p\u00e1gina web de destino, recolectar\u00e1s la informaci\u00f3n y podr\u00e1s hacer seguimiento de las acciones que realizan las personas que visitan tu sitio.\u00a0<\/span><\/p>\n<p><span style=\"font-weight: 400;\">De esta manera entender\u00e1s el camino que recorren los usuarios que llegan a tu sitio desde tus campa\u00f1as a resultado con influencers que har\u00e1s con nosotros.\u00a0<\/span><\/p>\n<p><span style=\"font-weight: 400;\">Recuerda que este c\u00f3digo es \u201cinvisible\u201d para los usuarios que visitan tu p\u00e1gina, pero muy valioso para ti.<\/span>[\/vc_column_text][vc_column_text]<\/p>\n<h2><b>Te decimos c\u00f3mo asignar un P\u00edxel<\/b><\/h2>\n<p>[\/vc_column_text][vc_single_image image=\u00bb14598&#8243; img_size=\u00bbfull\u00bb alignment=\u00bbcenter\u00bb style=\u00bbvc_box_border\u00bb css_animation=\u00bbfadeInUp\u00bb css=\u00bb.vc_custom_1677663433054{padding-top: 30px !important;padding-right: 20px !important;padding-bottom: 30px !important;padding-left: 20px !important;border-radius: 5px !important;}\u00bb][vc_column_text]<strong>&#x2705;\u200aEntra a la plataforma de Business Manager de Facebook y haz clic en Configuraci\u00f3n del Negocio: <a href=\"https:\/\/business.facebook.com\/settings\/\">https:\/\/business.facebook.com\/settings\/<\/a><\/strong><\/p>\n<p>&nbsp;<\/p>\n<p><strong>&#x2705;\u200aPosteriormente abre el desplegable de \u00abOr\u00edgenes de datos\u00bb y despu\u00e9s \u00abP\u00edxeles\u00bb<\/strong><\/p>\n<p>&nbsp;<\/p>\n<p><strong>&#x2705;\u200aUna vez dentro selecciona el p\u00edxel objetivo y comp\u00e1rtelo con nosotros, ya que somos quienes gestionaremos tu campa\u00f1a. <\/strong>[\/vc_column_text][vc_single_image image=\u00bb14574&#8243; img_size=\u00bbfull\u00bb alignment=\u00bbcenter\u00bb style=\u00bbvc_box_border\u00bb css_animation=\u00bbfadeInUp\u00bb css=\u00bb.vc_custom_1677663501612{padding-top: 30px !important;padding-right: 20px !important;padding-bottom: 30px !important;padding-left: 20px !important;border-radius: 5px !important;}\u00bb][vc_column_text]<span style=\"font-weight: 400;\">&#x2705;<strong>\u200aRecuerda que siempre te pediremos permiso para acceder a este c\u00f3digo.\u00a0<\/strong><\/span><\/p>\n<p>&nbsp;<\/p>\n<p><strong>&#x2705;\u200aTe dejamos aqu\u00ed nuestro ID de negocio para que puedas asignarnos un rol dentro de la plataforma:<\/strong><\/p>\n<p>&nbsp;<\/p>\n<h4><b>business_account = 114645803166135<\/b><\/h4>\n<p>&nbsp;<\/p>\n<p><strong>&#x2705;\u200aDe esta manera podremos crear audiencias y trabajar distintos tipos de campa\u00f1as en Facebook Ads, esto depende de tu objetivo. <\/strong>[\/vc_column_text][vc_single_image image=\u00bb14578&#8243; img_size=\u00bbfull\u00bb alignment=\u00bbcenter\u00bb style=\u00bbvc_box_border\u00bb css_animation=\u00bbfadeInUp\u00bb css=\u00bb.vc_custom_1677663540310{padding-top: 30px !important;padding-right: 20px !important;padding-bottom: 30px !important;padding-left: 20px !important;border-radius: 5px !important;}\u00bb][vc_column_text]<strong>&#x2705;\u200aSelecciona el grado de implicaci\u00f3n que tienes con SocialPubli, al momento de darnos acceso a tu p\u00edxel de Facebook\/Meta. Si no encaja en ninguna de las tres, puedes escribirlo.<\/strong>[\/vc_column_text][vc_single_image image=\u00bb14582&#8243; img_size=\u00bbfull\u00bb alignment=\u00bbcenter\u00bb style=\u00bbvc_box_border\u00bb css_animation=\u00bbfadeInUp\u00bb css=\u00bb.vc_custom_1677663562081{padding-top: 30px !important;padding-right: 20px !important;padding-bottom: 30px !important;padding-left: 20px !important;border-radius: 5px !important;}\u00bb][vc_column_text]<strong>&#x26a0;&#xfe0f;\u200a Recuerda que para poder usar el p\u00edxel, es necesario que cuentes con una p\u00e1gina web o una tienda online.<\/strong><\/p>\n<p><span style=\"font-weight: 400;\">Si quieres saber m\u00e1s sobre la implementaci\u00f3n de p\u00edxeles de Meta en tu negocio. Te dejamos el enlace al <\/span><a href=\"https:\/\/www.facebook.com\/business\/help\/742478679120153?id=1205376682832142\"><span style=\"font-weight: 400;\">Servicio de ayuda de Meta para empresas<\/span><\/a>[\/vc_column_text][\/vc_column][\/vc_row]<\/p>\n<\/div>","protected":false},"excerpt":{"rendered":"<p>[vc_row][vc_column][vc_column_text]Medir las campa\u00f1as a resultados con influencers es muy f\u00e1cil con el P\u00edxel de Meta. Con este c\u00f3digo, que puedes poner en tu p\u00e1gina web de destino, recolectar\u00e1s la informaci\u00f3n y podr\u00e1s hacer seguimiento de las acciones que realizan las personas que visitan tu sitio.\u00a0 De esta manera entender\u00e1s el camino que recorren los usuarios [&hellip;]<\/p>\n","protected":false},"author":2,"featured_media":0,"parent":0,"menu_order":0,"comment_status":"closed","ping_status":"closed","template":"","meta":{"footnotes":""},"class_list":["post-14549","page","type-page","status-publish","hentry"],"yoast_head":"<!-- This site is optimized with the Yoast SEO plugin v27.0 - https:\/\/yoast.com\/product\/yoast-seo-wordpress\/ -->\n<title>As\u00edgnanos un P\u00edxel de Meta para monitorizar tus campa\u00f1as a resultados con influencers | Social Publi Blog<\/title>\n<meta name=\"description\" content=\"Medir las campa\u00f1as a resultados con influencers es muy f\u00e1cil con el P\u00edxel de Meta. Con este c\u00f3digo, que puedes poner en tu p\u00e1gina web de destino,\" \/>\n<meta name=\"robots\" content=\"index, follow, max-snippet:-1, max-image-preview:large, max-video-preview:-1\" \/>\n<link rel=\"canonical\" href=\"https:\/\/socialpubli.com\/blog\/es\/meta-pixel\/\" \/>\n<meta property=\"og:locale\" content=\"es_ES\" \/>\n<meta property=\"og:type\" content=\"article\" \/>\n<meta property=\"og:title\" content=\"As\u00edgnanos un P\u00edxel de Meta para monitorizar tus campa\u00f1as a resultados con influencers | Social Publi Blog\" \/>\n<meta property=\"og:description\" content=\"Medir las campa\u00f1as a resultados con influencers es muy f\u00e1cil con el P\u00edxel de Meta. Con este c\u00f3digo, que puedes poner en tu p\u00e1gina web de destino,\" \/>\n<meta property=\"og:url\" content=\"https:\/\/socialpubli.com\/blog\/es\/meta-pixel\/\" \/>\n<meta property=\"og:site_name\" content=\"Social Publi Blog\" \/>\n<meta property=\"article:modified_time\" content=\"2023-03-01T12:51:36+00:00\" \/>\n<meta name=\"twitter:card\" content=\"summary_large_image\" \/>\n<meta name=\"twitter:label1\" content=\"Tiempo de lectura\" \/>\n\t<meta name=\"twitter:data1\" content=\"2 minutos\" \/>\n<script type=\"application\/ld+json\" class=\"yoast-schema-graph\">{\"@context\":\"https:\/\/schema.org\",\"@graph\":[{\"@type\":\"WebPage\",\"@id\":\"https:\/\/socialpubli.com\/blog\/es\/meta-pixel\/\",\"url\":\"https:\/\/socialpubli.com\/blog\/es\/meta-pixel\/\",\"name\":\"As\u00edgnanos un P\u00edxel de Meta para monitorizar tus campa\u00f1as a resultados con influencers | Social Publi Blog\",\"isPartOf\":{\"@id\":\"https:\/\/socialpubli.com\/blog\/#website\"},\"datePublished\":\"2023-03-01T09:41:14+00:00\",\"dateModified\":\"2023-03-01T12:51:36+00:00\",\"description\":\"Medir las campa\u00f1as a resultados con influencers es muy f\u00e1cil con el P\u00edxel de Meta. Con este c\u00f3digo, que puedes poner en tu p\u00e1gina web de destino,\",\"breadcrumb\":{\"@id\":\"https:\/\/socialpubli.com\/blog\/es\/meta-pixel\/#breadcrumb\"},\"inLanguage\":\"es\",\"potentialAction\":[{\"@type\":\"ReadAction\",\"target\":[\"https:\/\/socialpubli.com\/blog\/es\/meta-pixel\/\"]}]},{\"@type\":\"BreadcrumbList\",\"@id\":\"https:\/\/socialpubli.com\/blog\/es\/meta-pixel\/#breadcrumb\",\"itemListElement\":[{\"@type\":\"ListItem\",\"position\":1,\"name\":\"Portada\",\"item\":\"https:\/\/socialpubli.com\/blog\/\"},{\"@type\":\"ListItem\",\"position\":2,\"name\":\"As\u00edgnanos un P\u00edxel de Meta para monitorizar tus campa\u00f1as a resultados con influencers\"}]},{\"@type\":\"WebSite\",\"@id\":\"https:\/\/socialpubli.com\/blog\/#website\",\"url\":\"https:\/\/socialpubli.com\/blog\/\",\"name\":\"Social Publi Blog\",\"description\":\"Tendencias en marketing de influencers, branded content y estrategia en redes sociales.\",\"publisher\":{\"@id\":\"https:\/\/socialpubli.com\/blog\/#organization\"},\"potentialAction\":[{\"@type\":\"SearchAction\",\"target\":{\"@type\":\"EntryPoint\",\"urlTemplate\":\"https:\/\/socialpubli.com\/blog\/?s={search_term_string}\"},\"query-input\":{\"@type\":\"PropertyValueSpecification\",\"valueRequired\":true,\"valueName\":\"search_term_string\"}}],\"inLanguage\":\"es\"},{\"@type\":\"Organization\",\"@id\":\"https:\/\/socialpubli.com\/blog\/#organization\",\"name\":\"SocialPubli\",\"url\":\"https:\/\/socialpubli.com\/blog\/\",\"logo\":{\"@type\":\"ImageObject\",\"inLanguage\":\"es\",\"@id\":\"https:\/\/socialpubli.com\/blog\/#\/schema\/logo\/image\/\",\"url\":\"https:\/\/socialpubli.com\/blog\/wp-content\/uploads\/2017\/01\/logo-blog.png\",\"contentUrl\":\"https:\/\/socialpubli.com\/blog\/wp-content\/uploads\/2017\/01\/logo-blog.png\",\"width\":284,\"height\":53,\"caption\":\"SocialPubli\"},\"image\":{\"@id\":\"https:\/\/socialpubli.com\/blog\/#\/schema\/logo\/image\/\"}}]}<\/script>\n<!-- \/ Yoast SEO plugin. -->","yoast_head_json":{"title":"As\u00edgnanos un P\u00edxel de Meta para monitorizar tus campa\u00f1as a resultados con influencers | Social Publi Blog","description":"Medir las campa\u00f1as a resultados con influencers es muy f\u00e1cil con el P\u00edxel de Meta. Con este c\u00f3digo, que puedes poner en tu p\u00e1gina web de destino,","robots":{"index":"index","follow":"follow","max-snippet":"max-snippet:-1","max-image-preview":"max-image-preview:large","max-video-preview":"max-video-preview:-1"},"canonical":"https:\/\/socialpubli.com\/blog\/es\/meta-pixel\/","og_locale":"es_ES","og_type":"article","og_title":"As\u00edgnanos un P\u00edxel de Meta para monitorizar tus campa\u00f1as a resultados con influencers | Social Publi Blog","og_description":"Medir las campa\u00f1as a resultados con influencers es muy f\u00e1cil con el P\u00edxel de Meta. Con este c\u00f3digo, que puedes poner en tu p\u00e1gina web de destino,","og_url":"https:\/\/socialpubli.com\/blog\/es\/meta-pixel\/","og_site_name":"Social Publi Blog","article_modified_time":"2023-03-01T12:51:36+00:00","twitter_card":"summary_large_image","twitter_misc":{"Tiempo de lectura":"2 minutos"},"schema":{"@context":"https:\/\/schema.org","@graph":[{"@type":"WebPage","@id":"https:\/\/socialpubli.com\/blog\/es\/meta-pixel\/","url":"https:\/\/socialpubli.com\/blog\/es\/meta-pixel\/","name":"As\u00edgnanos un P\u00edxel de Meta para monitorizar tus campa\u00f1as a resultados con influencers | Social Publi Blog","isPartOf":{"@id":"https:\/\/socialpubli.com\/blog\/#website"},"datePublished":"2023-03-01T09:41:14+00:00","dateModified":"2023-03-01T12:51:36+00:00","description":"Medir las campa\u00f1as a resultados con influencers es muy f\u00e1cil con el P\u00edxel de Meta. Con este c\u00f3digo, que puedes poner en tu p\u00e1gina web de destino,","breadcrumb":{"@id":"https:\/\/socialpubli.com\/blog\/es\/meta-pixel\/#breadcrumb"},"inLanguage":"es","potentialAction":[{"@type":"ReadAction","target":["https:\/\/socialpubli.com\/blog\/es\/meta-pixel\/"]}]},{"@type":"BreadcrumbList","@id":"https:\/\/socialpubli.com\/blog\/es\/meta-pixel\/#breadcrumb","itemListElement":[{"@type":"ListItem","position":1,"name":"Portada","item":"https:\/\/socialpubli.com\/blog\/"},{"@type":"ListItem","position":2,"name":"As\u00edgnanos un P\u00edxel de Meta para monitorizar tus campa\u00f1as a resultados con influencers"}]},{"@type":"WebSite","@id":"https:\/\/socialpubli.com\/blog\/#website","url":"https:\/\/socialpubli.com\/blog\/","name":"Social Publi Blog","description":"Tendencias en marketing de influencers, branded content y estrategia en redes sociales.","publisher":{"@id":"https:\/\/socialpubli.com\/blog\/#organization"},"potentialAction":[{"@type":"SearchAction","target":{"@type":"EntryPoint","urlTemplate":"https:\/\/socialpubli.com\/blog\/?s={search_term_string}"},"query-input":{"@type":"PropertyValueSpecification","valueRequired":true,"valueName":"search_term_string"}}],"inLanguage":"es"},{"@type":"Organization","@id":"https:\/\/socialpubli.com\/blog\/#organization","name":"SocialPubli","url":"https:\/\/socialpubli.com\/blog\/","logo":{"@type":"ImageObject","inLanguage":"es","@id":"https:\/\/socialpubli.com\/blog\/#\/schema\/logo\/image\/","url":"https:\/\/socialpubli.com\/blog\/wp-content\/uploads\/2017\/01\/logo-blog.png","contentUrl":"https:\/\/socialpubli.com\/blog\/wp-content\/uploads\/2017\/01\/logo-blog.png","width":284,"height":53,"caption":"SocialPubli"},"image":{"@id":"https:\/\/socialpubli.com\/blog\/#\/schema\/logo\/image\/"}}]}},"_links":{"self":[{"href":"https:\/\/socialpubli.com\/blog\/es\/wp-json\/wp\/v2\/pages\/14549","targetHints":{"allow":["GET"]}}],"collection":[{"href":"https:\/\/socialpubli.com\/blog\/es\/wp-json\/wp\/v2\/pages"}],"about":[{"href":"https:\/\/socialpubli.com\/blog\/es\/wp-json\/wp\/v2\/types\/page"}],"author":[{"embeddable":true,"href":"https:\/\/socialpubli.com\/blog\/es\/wp-json\/wp\/v2\/users\/2"}],"replies":[{"embeddable":true,"href":"https:\/\/socialpubli.com\/blog\/es\/wp-json\/wp\/v2\/comments?post=14549"}],"version-history":[{"count":9,"href":"https:\/\/socialpubli.com\/blog\/es\/wp-json\/wp\/v2\/pages\/14549\/revisions"}],"predecessor-version":[{"id":14668,"href":"https:\/\/socialpubli.com\/blog\/es\/wp-json\/wp\/v2\/pages\/14549\/revisions\/14668"}],"wp:attachment":[{"href":"https:\/\/socialpubli.com\/blog\/es\/wp-json\/wp\/v2\/media?parent=14549"}],"curies":[{"name":"wp","href":"https:\/\/api.w.org\/{rel}","templated":true}]}}