{"id":16078,"date":"2023-05-10T17:30:12","date_gmt":"2023-05-10T15:30:12","guid":{"rendered":"https:\/\/socialpubli.com\/blog\/?page_id=16078"},"modified":"2025-09-15T11:37:24","modified_gmt":"2025-09-15T09:37:24","slug":"estudio-tiktok-2023","status":"publish","type":"page","link":"https:\/\/socialpubli.com\/blog\/es\/estudio-tiktok-2023\/","title":{"rendered":"Estudio TikTok 2023"},"content":{"rendered":"\t\t<div data-elementor-type=\"wp-page\" data-elementor-id=\"16078\" class=\"elementor elementor-16078\" data-elementor-post-type=\"page\">\n\t\t\t\t<div class=\"elementor-element elementor-element-3c3e823 e-flex e-con-boxed e-con e-parent\" data-id=\"3c3e823\" data-element_type=\"container\" data-e-type=\"container\" data-settings=\"{&quot;background_background&quot;:&quot;classic&quot;}\">\n\t\t\t\t\t<div class=\"e-con-inner\">\n\t\t<div class=\"elementor-element elementor-element-6b3aa98 e-con-full e-flex e-con e-child\" data-id=\"6b3aa98\" data-element_type=\"container\" data-e-type=\"container\">\n\t\t\t\t<div class=\"elementor-element elementor-element-49539d4 elementor-widget elementor-widget-heading\" data-id=\"49539d4\" data-element_type=\"widget\" data-e-type=\"widget\" data-widget_type=\"heading.default\">\n\t\t\t\t<div class=\"elementor-widget-container\">\n\t\t\t\t\t<h1 class=\"elementor-heading-title elementor-size-default\">Estudio TikTok 2023<\/h1>\t\t\t\t<\/div>\n\t\t\t\t<\/div>\n\t\t\t\t<\/div>\n\t\t\t\t\t<\/div>\n\t\t\t\t<\/div>\n\t\t<div class=\"elementor-element elementor-element-5625d92 e-flex e-con-boxed e-con e-parent\" data-id=\"5625d92\" data-element_type=\"container\" data-e-type=\"container\">\n\t\t\t\t\t<div class=\"e-con-inner\">\n\t\t<div class=\"elementor-element elementor-element-c3585b8 e-con-full e-flex e-con e-child\" data-id=\"c3585b8\" data-element_type=\"container\" data-e-type=\"container\">\n\t\t\t\t<div class=\"elementor-element elementor-element-9c0b0aa elementor-widget elementor-widget-text-editor\" data-id=\"9c0b0aa\" data-element_type=\"widget\" data-e-type=\"widget\" data-widget_type=\"text-editor.default\">\n\t\t\t\t<div class=\"elementor-widget-container\">\n\t\t\t\t\t\t\t\t\t<p>\u00bfSab\u00edas que hay marcas que est\u00e1n invirtiendo m\u00e1s del 50% de sus presupuestos para publicidad en TikTok? \ud83d\ude32<\/p>\t\t\t\t\t\t\t\t<\/div>\n\t\t\t\t<\/div>\n\t\t\t\t<div class=\"elementor-element elementor-element-8fb4666 elementor-widget elementor-widget-text-editor\" data-id=\"8fb4666\" data-element_type=\"widget\" data-e-type=\"widget\" data-widget_type=\"text-editor.default\">\n\t\t\t\t<div class=\"elementor-widget-container\">\n\t\t\t\t\t\t\t\t\t<p><span style=\"font-weight: 400;\">Pero nos ha dejado boquiabiertos que tambi\u00e9n haya anunciantes que est\u00e1n <\/span><b>dejando toda su inversi\u00f3n publicitaria <\/b><span style=\"font-weight: 400;\">en esta plataforma \u00a1Te contamos cu\u00e1nto es el porcentaje!<\/span><\/p><p><i>Para el<\/i>\u00a0<b><i>Estudio TikTok 2023<\/i><\/b><i>,\u00a0<\/i><i>en<\/i>\u00a0<i>SocialPubli: \ud83d\udc47<\/i><\/p><ul class=\"list-style\"><li><span style=\"font-weight: 400;\">Encuestamos a <\/span><span style=\"font-weight: 400;\">influencers, de varios pa\u00edses, con los que trabajamos<\/span><\/li><li><span style=\"font-weight: 400;\">Consultamos a clientes que colaboran con influencers habitualmente<\/span><\/li><\/ul><p>\ud83d\udc49 Los hallazgos son sorprendentes y vienen a darle un giro brusco a la forma que las\u00a0<b>Marcas<\/b>\u00a0est\u00e1n planificando sus estrategias de Marketing Digital en TikTok para el a\u00f1o 2023.<\/p>\t\t\t\t\t\t\t\t<\/div>\n\t\t\t\t<\/div>\n\t\t\t\t<\/div>\n\t\t<div class=\"elementor-element elementor-element-4fd6f1b e-con-full e-flex e-con e-child\" data-id=\"4fd6f1b\" data-element_type=\"container\" data-e-type=\"container\">\n\t\t\t\t<div class=\"elementor-element elementor-element-119bc62 elementor-widget elementor-widget-text-editor\" data-id=\"119bc62\" data-element_type=\"widget\" data-e-type=\"widget\" data-widget_type=\"text-editor.default\">\n\t\t\t\t<div class=\"elementor-widget-container\">\n\t\t\t\t\t\t\t\t\t<p style=\"text-align: center;\">\u00a1Descarga el Estudio gratis aqu\u00ed!<\/p>\t\t\t\t\t\t\t\t<\/div>\n\t\t\t\t<\/div>\n\t\t\t\t<div class=\"elementor-element elementor-element-1c44579 elementor-button-align-stretch elementor-widget elementor-widget-form\" data-id=\"1c44579\" data-element_type=\"widget\" data-e-type=\"widget\" data-settings=\"{&quot;step_next_label&quot;:&quot;Next&quot;,&quot;step_previous_label&quot;:&quot;Previous&quot;,&quot;button_width&quot;:&quot;100&quot;,&quot;step_type&quot;:&quot;number_text&quot;,&quot;step_icon_shape&quot;:&quot;circle&quot;}\" data-widget_type=\"form.default\">\n\t\t\t\t<div class=\"elementor-widget-container\">\n\t\t\t\t\t\t\t<form class=\"elementor-form\" method=\"post\" name=\"Estudio tiktok 2023 ES\" aria-label=\"Estudio tiktok 2023 ES\">\n\t\t\t<input type=\"hidden\" name=\"post_id\" value=\"16078\"\/>\n\t\t\t<input type=\"hidden\" name=\"form_id\" value=\"1c44579\"\/>\n\t\t\t<input type=\"hidden\" name=\"referer_title\" value=\"Estudio TikTok 2023 | SocialPubli Blog\" \/>\n\n\t\t\t\t\t\t\t<input type=\"hidden\" name=\"queried_id\" value=\"16078\"\/>\n\t\t\t\n\t\t\t<div class=\"elementor-form-fields-wrapper elementor-labels-above\">\n\t\t\t\t\t\t\t\t<div class=\"elementor-field-type-text elementor-field-group elementor-column elementor-field-group-name elementor-col-100 elementor-field-required elementor-mark-required\">\n\t\t\t\t\t\t\t\t\t\t\t\t<label for=\"form-field-name\" class=\"elementor-field-label\">\n\t\t\t\t\t\t\t\tTu nombre\t\t\t\t\t\t\t<\/label>\n\t\t\t\t\t\t\t\t\t\t\t\t\t\t<input size=\"1\" type=\"text\" name=\"form_fields[name]\" id=\"form-field-name\" class=\"elementor-field elementor-size-sm  elementor-field-textual\" placeholder=\"Tu nombre\" required=\"required\">\n\t\t\t\t\t\t\t\t\t\t\t<\/div>\n\t\t\t\t\t\t\t\t<div class=\"elementor-field-type-email elementor-field-group elementor-column elementor-field-group-email elementor-col-100 elementor-field-required elementor-mark-required\">\n\t\t\t\t\t\t\t\t\t\t\t\t<label for=\"form-field-email\" class=\"elementor-field-label\">\n\t\t\t\t\t\t\t\tTu Email\t\t\t\t\t\t\t<\/label>\n\t\t\t\t\t\t\t\t\t\t\t\t\t\t<input size=\"1\" type=\"email\" name=\"form_fields[email]\" id=\"form-field-email\" class=\"elementor-field elementor-size-sm  elementor-field-textual\" placeholder=\"Tu Email\" required=\"required\">\n\t\t\t\t\t\t\t\t\t\t\t<\/div>\n\t\t\t\t\t\t\t\t<div class=\"elementor-field-type-tel elementor-field-group elementor-column elementor-field-group-field_ca27e2e elementor-col-100 elementor-field-required elementor-mark-required\">\n\t\t\t\t\t\t\t\t\t\t\t\t<label for=\"form-field-field_ca27e2e\" class=\"elementor-field-label\">\n\t\t\t\t\t\t\t\tTu tel\u00e9fono\t\t\t\t\t\t\t<\/label>\n\t\t\t\t\t\t\t\t<input size=\"1\" type=\"tel\" name=\"form_fields[field_ca27e2e]\" id=\"form-field-field_ca27e2e\" class=\"elementor-field elementor-size-sm  elementor-field-textual\" placeholder=\"Tu tel\u00e9fono\" required=\"required\" pattern=\"[0-9()#&amp;+*-=.]+\" title=\"Solo se aceptan n\u00fameros y caracteres de tel\u00e9fono (#,-,*,etc).\">\n\n\t\t\t\t\t\t<\/div>\n\t\t\t\t\t\t\t\t<div class=\"elementor-field-type-text elementor-field-group elementor-column elementor-field-group-message elementor-col-100 elementor-field-required elementor-mark-required\">\n\t\t\t\t\t\t\t\t\t\t\t\t<label for=\"form-field-message\" class=\"elementor-field-label\">\n\t\t\t\t\t\t\t\tTu empresa\t\t\t\t\t\t\t<\/label>\n\t\t\t\t\t\t\t\t\t\t\t\t\t\t<input size=\"1\" type=\"text\" name=\"form_fields[message]\" id=\"form-field-message\" class=\"elementor-field elementor-size-sm  elementor-field-textual\" placeholder=\"Tu empresa\" required=\"required\">\n\t\t\t\t\t\t\t\t\t\t\t<\/div>\n\t\t\t\t\t\t\t\t<div class=\"elementor-field-type-acceptance elementor-field-group elementor-column elementor-field-group-field_4279e99 elementor-col-100 elementor-field-required elementor-mark-required\">\n\t\t\t\t\t\t\t<div class=\"elementor-field-subgroup\">\n\t\t\t<span class=\"elementor-field-option\">\n\t\t\t\t<input type=\"checkbox\" name=\"form_fields[field_4279e99]\" id=\"form-field-field_4279e99\" class=\"elementor-field elementor-size-sm  elementor-acceptance-field\" required=\"required\">\n\t\t\t\t<label for=\"form-field-field_4279e99\">Acepto la <a href=\"https:\/\/socialpubli.com\/corp\/advertisers\/politica_de_privacidad\" target=\"_blank\">pol\u00edtica de Privacidad<\/a><\/label>\t\t\t<\/span>\n\t\t<\/div>\n\t\t\t\t\t\t<\/div>\n\t\t\t\t\t\t\t\t<div class=\"elementor-field-type-acceptance elementor-field-group elementor-column elementor-field-group-field_15738f3 elementor-col-100 elementor-field-required elementor-mark-required\">\n\t\t\t\t\t\t\t<div class=\"elementor-field-subgroup\">\n\t\t\t<span class=\"elementor-field-option\">\n\t\t\t\t<input type=\"checkbox\" name=\"form_fields[field_15738f3]\" id=\"form-field-field_15738f3\" class=\"elementor-field elementor-size-sm  elementor-acceptance-field\" required=\"required\">\n\t\t\t\t<label for=\"form-field-field_15738f3\">Acepto comunicaci\u00f3n comercial de Socialpubli<\/label>\t\t\t<\/span>\n\t\t<\/div>\n\t\t\t\t\t\t<\/div>\n\t\t\t\t\t\t\t\t<div class=\"elementor-field-group elementor-column elementor-field-type-submit elementor-col-100 e-form__buttons\">\n\t\t\t\t\t<button class=\"elementor-button elementor-size-sm\" type=\"submit\">\n\t\t\t\t\t\t<span class=\"elementor-button-content-wrapper\">\n\t\t\t\t\t\t\t\t\t\t\t\t\t\t\t\t\t\t\t\t\t\t<span class=\"elementor-button-text\">Descargar<\/span>\n\t\t\t\t\t\t\t\t\t\t\t\t\t<\/span>\n\t\t\t\t\t<\/button>\n\t\t\t\t<\/div>\n\t\t\t<\/div>\n\t\t<\/form>\n\t\t\t\t\t\t<\/div>\n\t\t\t\t<\/div>\n\t\t\t\t<\/div>\n\t\t\t\t\t<\/div>\n\t\t\t\t<\/div>\n\t\t<div class=\"elementor-element elementor-element-c39e18b e-flex e-con-boxed e-con e-parent\" data-id=\"c39e18b\" data-element_type=\"container\" data-e-type=\"container\">\n\t\t\t\t\t<div class=\"e-con-inner\">\n\t\t<div class=\"elementor-element elementor-element-41006e1 e-con-full e-flex e-con e-child\" data-id=\"41006e1\" data-element_type=\"container\" data-e-type=\"container\">\n\t\t\t\t<div class=\"elementor-element elementor-element-d31fb18 elementor-widget elementor-widget-image\" data-id=\"d31fb18\" data-element_type=\"widget\" data-e-type=\"widget\" data-widget_type=\"image.default\">\n\t\t\t\t<div class=\"elementor-widget-container\">\n\t\t\t\t\t\t\t\t\t\t\t\t\t\t\t<img fetchpriority=\"high\" decoding=\"async\" width=\"747\" height=\"624\" src=\"https:\/\/socialpubli.com\/blog\/wp-content\/uploads\/2023\/05\/tiktok-23_img2-3.png\" class=\"attachment-large size-large wp-image-16119\" alt=\"\" srcset=\"https:\/\/socialpubli.com\/blog\/wp-content\/uploads\/2023\/05\/tiktok-23_img2-3.png 747w, https:\/\/socialpubli.com\/blog\/wp-content\/uploads\/2023\/05\/tiktok-23_img2-3-300x251.png 300w\" sizes=\"(max-width: 747px) 100vw, 747px\" \/>\t\t\t\t\t\t\t\t\t\t\t\t\t\t\t<\/div>\n\t\t\t\t<\/div>\n\t\t\t\t<\/div>\n\t\t<div class=\"elementor-element elementor-element-3432fb6 e-con-full e-flex e-con e-child\" data-id=\"3432fb6\" data-element_type=\"container\" data-e-type=\"container\">\n\t\t\t\t<div class=\"elementor-element elementor-element-3ea4b65 elementor-widget elementor-widget-text-editor\" data-id=\"3ea4b65\" data-element_type=\"widget\" data-e-type=\"widget\" data-widget_type=\"text-editor.default\">\n\t\t\t\t<div class=\"elementor-widget-container\">\n\t\t\t\t\t\t\t\t\t<p><i>\u00bfConsideran-las marcas- efectivas las campa\u00f1as en TikTok? \u00bfQu\u00e9 hace que se decanten por TikTok y no por otras plataformas? \u00bfTienen pensado invertir m\u00e1s?\u00a0<\/i>Todo esto investigamos y te lo desglosamos en el\u00a0<b>Estudio m\u00e1s revelador del momento sobre TikTok.<\/b><b><\/b><\/p><p>\ud83d\udc49 En la otra l\u00ednea, nos topamos con un significativo porcentaje de\u00a0<b>Influencers<\/b>\u00a0que afirma poder vivir s\u00f3lo de ingresos econ\u00f3micos de TikTok y nos cuentan qu\u00e9 est\u00e1n haciendo para lograrlo<i>\u00a0\u00bfQu\u00e9 tipo de contenido est\u00e1n haciendo y c\u00f3mo los contactan las marcas?\u00a0<\/i><\/p><p>Profundizamos en estos y otros datos asombrosos que descubrir\u00e1s a detalle en nuestro\u00a0<b>Estudio TikTok 2023<\/b><b>.\u00a0<\/b><\/p>\t\t\t\t\t\t\t\t<\/div>\n\t\t\t\t<\/div>\n\t\t\t\t<\/div>\n\t\t\t\t\t<\/div>\n\t\t\t\t<\/div>\n\t\t\t\t<\/div>\n\t\t","protected":false},"excerpt":{"rendered":"<p>[vc_row][vc_column][vc_column_text] \u00bfSab\u00edas que hay marcas que est\u00e1n invirtiendo m\u00e1s del 50% de sus presupuestos para publicidad en TikTok? [\/vc_column_text][vc_row_inner equal_height=\u00bbyes\u00bb content_placement=\u00bbmiddle\u00bb gap=\u00bb5&#8243; css=\u00bb.vc_custom_1683732027545{margin-top: 30px !important;margin-bottom: 30px !important;}\u00bb][vc_column_inner width=\u00bb1\/2&#8243;][vc_column_text css=\u00bb.vc_custom_1683732968256{padding-bottom: 40px !important;}\u00bb]Pero nos ha dejado boquiabiertos que tambi\u00e9n haya anunciantes que est\u00e1n dejando toda su inversi\u00f3n publicitaria en esta plataforma \u00a1Te contamos cu\u00e1nto es el porcentaje! [&hellip;]<\/p>\n","protected":false},"author":2,"featured_media":16382,"parent":0,"menu_order":0,"comment_status":"closed","ping_status":"closed","template":"elementor_header_footer","meta":{"footnotes":""},"class_list":["post-16078","page","type-page","status-publish","has-post-thumbnail","hentry"],"yoast_head":"<!-- This site is optimized with the Yoast SEO plugin v27.0 - https:\/\/yoast.com\/product\/yoast-seo-wordpress\/ -->\n<title>Estudio TikTok 2023 | SocialPubli Blog<\/title>\n<meta name=\"description\" content=\"Descubre las claves del \u00e9xito en TikTok con nuestro estudio 2023 y convi\u00e9rtete en un referente en esta plataforma. \u00a1Atr\u00e9vete a triunfar en TikTok este a\u00f1o!\" \/>\n<meta name=\"robots\" content=\"index, follow, max-snippet:-1, max-image-preview:large, max-video-preview:-1\" \/>\n<link rel=\"canonical\" href=\"https:\/\/socialpubli.com\/blog\/es\/estudio-tiktok-2023\/\" \/>\n<meta property=\"og:locale\" content=\"es_ES\" \/>\n<meta property=\"og:type\" content=\"article\" \/>\n<meta property=\"og:title\" content=\"Estudio TikTok 2023 | SocialPubli Blog\" \/>\n<meta property=\"og:description\" content=\"Descubre las claves del \u00e9xito en TikTok con nuestro estudio 2023 y convi\u00e9rtete en un referente en esta plataforma. \u00a1Atr\u00e9vete a triunfar en TikTok este a\u00f1o!\" \/>\n<meta property=\"og:url\" content=\"https:\/\/socialpubli.com\/blog\/es\/estudio-tiktok-2023\/\" \/>\n<meta property=\"og:site_name\" content=\"Social Publi Blog\" \/>\n<meta property=\"article:modified_time\" content=\"2025-09-15T09:37:24+00:00\" \/>\n<meta property=\"og:image\" content=\"https:\/\/socialpubli.com\/blog\/wp-content\/uploads\/2023\/05\/estudio-tiktok2022_ES.png\" \/>\n\t<meta property=\"og:image:width\" content=\"800\" \/>\n\t<meta property=\"og:image:height\" content=\"1000\" \/>\n\t<meta property=\"og:image:type\" content=\"image\/png\" \/>\n<meta name=\"twitter:card\" content=\"summary_large_image\" \/>\n<meta name=\"twitter:image\" content=\"https:\/\/socialpubli.com\/blog\/wp-content\/uploads\/2023\/05\/estudio-tiktok2022_ES.png\" \/>\n<meta name=\"twitter:label1\" content=\"Tiempo de lectura\" \/>\n\t<meta name=\"twitter:data1\" content=\"2 minutos\" \/>\n<script type=\"application\/ld+json\" class=\"yoast-schema-graph\">{\"@context\":\"https:\/\/schema.org\",\"@graph\":[{\"@type\":\"WebPage\",\"@id\":\"https:\/\/socialpubli.com\/blog\/es\/estudio-tiktok-2023\/\",\"url\":\"https:\/\/socialpubli.com\/blog\/es\/estudio-tiktok-2023\/\",\"name\":\"Estudio TikTok 2023 | SocialPubli Blog\",\"isPartOf\":{\"@id\":\"https:\/\/socialpubli.com\/blog\/#website\"},\"primaryImageOfPage\":{\"@id\":\"https:\/\/socialpubli.com\/blog\/es\/estudio-tiktok-2023\/#primaryimage\"},\"image\":{\"@id\":\"https:\/\/socialpubli.com\/blog\/es\/estudio-tiktok-2023\/#primaryimage\"},\"thumbnailUrl\":\"https:\/\/socialpubli.com\/blog\/wp-content\/uploads\/2023\/05\/estudio-tiktok2022_ES.png\",\"datePublished\":\"2023-05-10T15:30:12+00:00\",\"dateModified\":\"2025-09-15T09:37:24+00:00\",\"description\":\"Descubre las claves del \u00e9xito en TikTok con nuestro estudio 2023 y convi\u00e9rtete en un referente en esta plataforma. \u00a1Atr\u00e9vete a triunfar en TikTok este a\u00f1o!\",\"breadcrumb\":{\"@id\":\"https:\/\/socialpubli.com\/blog\/es\/estudio-tiktok-2023\/#breadcrumb\"},\"inLanguage\":\"es\",\"potentialAction\":[{\"@type\":\"ReadAction\",\"target\":[\"https:\/\/socialpubli.com\/blog\/es\/estudio-tiktok-2023\/\"]}]},{\"@type\":\"ImageObject\",\"inLanguage\":\"es\",\"@id\":\"https:\/\/socialpubli.com\/blog\/es\/estudio-tiktok-2023\/#primaryimage\",\"url\":\"https:\/\/socialpubli.com\/blog\/wp-content\/uploads\/2023\/05\/estudio-tiktok2022_ES.png\",\"contentUrl\":\"https:\/\/socialpubli.com\/blog\/wp-content\/uploads\/2023\/05\/estudio-tiktok2022_ES.png\",\"width\":800,\"height\":1000},{\"@type\":\"BreadcrumbList\",\"@id\":\"https:\/\/socialpubli.com\/blog\/es\/estudio-tiktok-2023\/#breadcrumb\",\"itemListElement\":[{\"@type\":\"ListItem\",\"position\":1,\"name\":\"Portada\",\"item\":\"https:\/\/socialpubli.com\/blog\/\"},{\"@type\":\"ListItem\",\"position\":2,\"name\":\"Estudio TikTok 2023\"}]},{\"@type\":\"WebSite\",\"@id\":\"https:\/\/socialpubli.com\/blog\/#website\",\"url\":\"https:\/\/socialpubli.com\/blog\/\",\"name\":\"Social Publi Blog\",\"description\":\"Tendencias en marketing de influencers, branded content y estrategia en redes sociales.\",\"publisher\":{\"@id\":\"https:\/\/socialpubli.com\/blog\/#organization\"},\"potentialAction\":[{\"@type\":\"SearchAction\",\"target\":{\"@type\":\"EntryPoint\",\"urlTemplate\":\"https:\/\/socialpubli.com\/blog\/?s={search_term_string}\"},\"query-input\":{\"@type\":\"PropertyValueSpecification\",\"valueRequired\":true,\"valueName\":\"search_term_string\"}}],\"inLanguage\":\"es\"},{\"@type\":\"Organization\",\"@id\":\"https:\/\/socialpubli.com\/blog\/#organization\",\"name\":\"SocialPubli\",\"url\":\"https:\/\/socialpubli.com\/blog\/\",\"logo\":{\"@type\":\"ImageObject\",\"inLanguage\":\"es\",\"@id\":\"https:\/\/socialpubli.com\/blog\/#\/schema\/logo\/image\/\",\"url\":\"https:\/\/socialpubli.com\/blog\/wp-content\/uploads\/2017\/01\/logo-blog.png\",\"contentUrl\":\"https:\/\/socialpubli.com\/blog\/wp-content\/uploads\/2017\/01\/logo-blog.png\",\"width\":284,\"height\":53,\"caption\":\"SocialPubli\"},\"image\":{\"@id\":\"https:\/\/socialpubli.com\/blog\/#\/schema\/logo\/image\/\"}}]}<\/script>\n<!-- \/ Yoast SEO plugin. -->","yoast_head_json":{"title":"Estudio TikTok 2023 | SocialPubli Blog","description":"Descubre las claves del \u00e9xito en TikTok con nuestro estudio 2023 y convi\u00e9rtete en un referente en esta plataforma. \u00a1Atr\u00e9vete a triunfar en TikTok este a\u00f1o!","robots":{"index":"index","follow":"follow","max-snippet":"max-snippet:-1","max-image-preview":"max-image-preview:large","max-video-preview":"max-video-preview:-1"},"canonical":"https:\/\/socialpubli.com\/blog\/es\/estudio-tiktok-2023\/","og_locale":"es_ES","og_type":"article","og_title":"Estudio TikTok 2023 | SocialPubli Blog","og_description":"Descubre las claves del \u00e9xito en TikTok con nuestro estudio 2023 y convi\u00e9rtete en un referente en esta plataforma. \u00a1Atr\u00e9vete a triunfar en TikTok este a\u00f1o!","og_url":"https:\/\/socialpubli.com\/blog\/es\/estudio-tiktok-2023\/","og_site_name":"Social Publi Blog","article_modified_time":"2025-09-15T09:37:24+00:00","og_image":[{"width":800,"height":1000,"url":"https:\/\/socialpubli.com\/blog\/wp-content\/uploads\/2023\/05\/estudio-tiktok2022_ES.png","type":"image\/png"}],"twitter_card":"summary_large_image","twitter_image":"https:\/\/socialpubli.com\/blog\/wp-content\/uploads\/2023\/05\/estudio-tiktok2022_ES.png","twitter_misc":{"Tiempo de lectura":"2 minutos"},"schema":{"@context":"https:\/\/schema.org","@graph":[{"@type":"WebPage","@id":"https:\/\/socialpubli.com\/blog\/es\/estudio-tiktok-2023\/","url":"https:\/\/socialpubli.com\/blog\/es\/estudio-tiktok-2023\/","name":"Estudio TikTok 2023 | SocialPubli Blog","isPartOf":{"@id":"https:\/\/socialpubli.com\/blog\/#website"},"primaryImageOfPage":{"@id":"https:\/\/socialpubli.com\/blog\/es\/estudio-tiktok-2023\/#primaryimage"},"image":{"@id":"https:\/\/socialpubli.com\/blog\/es\/estudio-tiktok-2023\/#primaryimage"},"thumbnailUrl":"https:\/\/socialpubli.com\/blog\/wp-content\/uploads\/2023\/05\/estudio-tiktok2022_ES.png","datePublished":"2023-05-10T15:30:12+00:00","dateModified":"2025-09-15T09:37:24+00:00","description":"Descubre las claves del \u00e9xito en TikTok con nuestro estudio 2023 y convi\u00e9rtete en un referente en esta plataforma. \u00a1Atr\u00e9vete a triunfar en TikTok este a\u00f1o!","breadcrumb":{"@id":"https:\/\/socialpubli.com\/blog\/es\/estudio-tiktok-2023\/#breadcrumb"},"inLanguage":"es","potentialAction":[{"@type":"ReadAction","target":["https:\/\/socialpubli.com\/blog\/es\/estudio-tiktok-2023\/"]}]},{"@type":"ImageObject","inLanguage":"es","@id":"https:\/\/socialpubli.com\/blog\/es\/estudio-tiktok-2023\/#primaryimage","url":"https:\/\/socialpubli.com\/blog\/wp-content\/uploads\/2023\/05\/estudio-tiktok2022_ES.png","contentUrl":"https:\/\/socialpubli.com\/blog\/wp-content\/uploads\/2023\/05\/estudio-tiktok2022_ES.png","width":800,"height":1000},{"@type":"BreadcrumbList","@id":"https:\/\/socialpubli.com\/blog\/es\/estudio-tiktok-2023\/#breadcrumb","itemListElement":[{"@type":"ListItem","position":1,"name":"Portada","item":"https:\/\/socialpubli.com\/blog\/"},{"@type":"ListItem","position":2,"name":"Estudio TikTok 2023"}]},{"@type":"WebSite","@id":"https:\/\/socialpubli.com\/blog\/#website","url":"https:\/\/socialpubli.com\/blog\/","name":"Social Publi Blog","description":"Tendencias en marketing de influencers, branded content y estrategia en redes sociales.","publisher":{"@id":"https:\/\/socialpubli.com\/blog\/#organization"},"potentialAction":[{"@type":"SearchAction","target":{"@type":"EntryPoint","urlTemplate":"https:\/\/socialpubli.com\/blog\/?s={search_term_string}"},"query-input":{"@type":"PropertyValueSpecification","valueRequired":true,"valueName":"search_term_string"}}],"inLanguage":"es"},{"@type":"Organization","@id":"https:\/\/socialpubli.com\/blog\/#organization","name":"SocialPubli","url":"https:\/\/socialpubli.com\/blog\/","logo":{"@type":"ImageObject","inLanguage":"es","@id":"https:\/\/socialpubli.com\/blog\/#\/schema\/logo\/image\/","url":"https:\/\/socialpubli.com\/blog\/wp-content\/uploads\/2017\/01\/logo-blog.png","contentUrl":"https:\/\/socialpubli.com\/blog\/wp-content\/uploads\/2017\/01\/logo-blog.png","width":284,"height":53,"caption":"SocialPubli"},"image":{"@id":"https:\/\/socialpubli.com\/blog\/#\/schema\/logo\/image\/"}}]}},"_links":{"self":[{"href":"https:\/\/socialpubli.com\/blog\/es\/wp-json\/wp\/v2\/pages\/16078","targetHints":{"allow":["GET"]}}],"collection":[{"href":"https:\/\/socialpubli.com\/blog\/es\/wp-json\/wp\/v2\/pages"}],"about":[{"href":"https:\/\/socialpubli.com\/blog\/es\/wp-json\/wp\/v2\/types\/page"}],"author":[{"embeddable":true,"href":"https:\/\/socialpubli.com\/blog\/es\/wp-json\/wp\/v2\/users\/2"}],"replies":[{"embeddable":true,"href":"https:\/\/socialpubli.com\/blog\/es\/wp-json\/wp\/v2\/comments?post=16078"}],"version-history":[{"count":16,"href":"https:\/\/socialpubli.com\/blog\/es\/wp-json\/wp\/v2\/pages\/16078\/revisions"}],"predecessor-version":[{"id":26750,"href":"https:\/\/socialpubli.com\/blog\/es\/wp-json\/wp\/v2\/pages\/16078\/revisions\/26750"}],"wp:featuredmedia":[{"embeddable":true,"href":"https:\/\/socialpubli.com\/blog\/es\/wp-json\/wp\/v2\/media\/16382"}],"wp:attachment":[{"href":"https:\/\/socialpubli.com\/blog\/es\/wp-json\/wp\/v2\/media?parent=16078"}],"curies":[{"name":"wp","href":"https:\/\/api.w.org\/{rel}","templated":true}]}}