{"id":18121,"date":"2023-10-25T09:12:47","date_gmt":"2023-10-25T07:12:47","guid":{"rendered":"https:\/\/socialpubli.com\/blog\/?page_id=18121"},"modified":"2023-10-25T09:12:47","modified_gmt":"2023-10-25T07:12:47","slug":"mediakit-black-friday-navidad","status":"publish","type":"page","link":"https:\/\/socialpubli.com\/blog\/es\/mediakit-black-friday-navidad\/","title":{"rendered":"MediaKit Black Friday y Navidad"},"content":{"rendered":"<div class=\"wpb-content-wrapper\"><p>[vc_row][vc_column][vc_row_inner][vc_column_inner][vc_column_text css=\u00bb.vc_custom_1698140256070{padding-bottom: 40px !important;}\u00bb]<\/p>\n<h2 style='text-align: center;'><span style='font-weight: 400;'>\u00a1Prep\u00e1rate para aumentar tus ventas en <\/span><b>Black Friday<\/b><span style='font-weight: 400;'> y <\/span><b>Navidad<\/b><span style='font-weight: 400;'>!\u00a0<\/span><\/h2>\n<p>[\/vc_column_text][\/vc_column_inner][\/vc_row_inner][vc_row_inner equal_height=\u00bbyes\u00bb content_placement=\u00bbmiddle\u00bb gap=\u00bb5&#8243; css=\u00bb.vc_custom_1698142519662{margin-top: 30px !important;margin-bottom: 30px !important;}\u00bb][vc_column_inner width=\u00bb1\/2&#8243;][vc_column_text css=\u00bb.vc_custom_1698140275655{padding-bottom: 40px !important;}\u00bb]<span style='font-weight: 400;'>Descarga ahora nuestro exclusivo <\/span><b>MediaKit <\/b><span style='font-weight: 400;'>y descubre el secreto para potenciar tus campa\u00f1as de<\/span><b> Influencer Marketing<\/b><span style='font-weight: 400;'> durante la gran actividad comercial de noviembre y diciembre.<\/span><\/p>\n<p><span style='font-weight: 400;'>En SocialPubli te proporcionamos las claves para destacar y conquistar a tu audiencia. Con nuestro MediaKit personalizado para estas festividades, conocer\u00e1s la importancia estrat\u00e9gica de aprovechar estas fechas donde las oportunidades de vender se multiplican.<\/span><\/p>\n<p><span style='font-weight: 400;'>Adem\u00e1s, con nuestra herramienta de <\/span><b>paid media <\/b><span style='font-weight: 400;'>( Boost)<\/span> <span style='font-weight: 400;'>, mejorar\u00e1s notablemente el performance de tu campa\u00f1a, es decir, <\/span><b>m\u00e1s tr\u00e1fico, m\u00e1s ventas y m\u00e1s visibilidad<\/b><span style='font-weight: 400;'> y sobre todo teniendo el control donde, cuando y a quien diriges tus contenidos.<\/span><\/p>\n<p><span style='font-weight: 400;'>No dejes pasar la oportunidad de destacar en esta temporada de ofertas y regalos. Descarga ahora nuestro MediaKit y descubre c\u00f3mo convertirte en un referente dentro del marketing de influencers en estas fechas tan se\u00f1aladas.\u00a0<\/span><\/p>\n<p><span style='font-weight: 400;'>\u00a1Haz que estas festividades trabajen a tu favor y celebra el \u00e9xito junto a nosotros!<\/span>[\/vc_column_text][\/vc_column_inner][vc_column_inner width=\u00bb1\/2&#8243; css=\u00bb.vc_custom_1618471518931{padding-top: 20px !important;padding-right: 20px !important;padding-bottom: 20px !important;padding-left: 20px !important;}\u00bb][vc_column_text]<\/p>\n<h3 style='margin-top: 0; margin-bottom: 30px;'><b>Descarga el MediaKit para Navidad y Black Friday 2023<\/b><span style='font-weight: 400;'> en PDF:<\/span><\/h3>\n<p>[\/vc_column_text][vc_column_text]<\/p>\n<div class='box-form-land'><div class=\"wpcf7 no-js\" id=\"wpcf7-f12676-o1\" lang=\"es-ES\" dir=\"ltr\" data-wpcf7-id=\"12676\">\n<div class=\"screen-reader-response\">\n<p role=\"status\" aria-live=\"polite\" aria-atomic=\"true\"><\/p> <ul><\/ul>\n<\/div>\n<form action=\"\/blog\/es\/wp-json\/wp\/v2\/pages\/18121\/#wpcf7-f12676-o1\" method=\"post\" class=\"wpcf7-form init wpcf7-acceptance-as-validation\" aria-label=\"Formulario de contacto\" novalidate=\"novalidate\" data-status=\"init\">\n<fieldset class=\"hidden-fields-container\">\n<input type=\"hidden\" name=\"_wpcf7\" value=\"12676\"><input type=\"hidden\" name=\"_wpcf7_version\" value=\"6.1.5\"><input type=\"hidden\" name=\"_wpcf7_locale\" value=\"es_ES\"><input type=\"hidden\" name=\"_wpcf7_unit_tag\" value=\"wpcf7-f12676-o1\"><input type=\"hidden\" name=\"_wpcf7_container_post\" value=\"0\"><input type=\"hidden\" name=\"_wpcf7_posted_data_hash\" value=\"\"><input type=\"hidden\" name=\"_wpcf7_recaptcha_response\" value=\"\">\n<\/fieldset>\n<p><label> Tu nombre (requerido)<br>\n<span class=\"wpcf7-form-control-wrap\" data-name=\"your-name\"><input size=\"40\" maxlength=\"400\" class=\"wpcf7-form-control wpcf7-text wpcf7-validates-as-required\" aria-required=\"true\" aria-invalid=\"false\" value=\"\" type=\"text\" name=\"your-name\"><\/span> <\/label>\n<\/p>\n<p><label> Tu correo electr&oacute;nico (requerido)<br>\n<span class=\"wpcf7-form-control-wrap\" data-name=\"your-email\"><input size=\"40\" maxlength=\"400\" class=\"wpcf7-form-control wpcf7-email wpcf7-validates-as-required wpcf7-text wpcf7-validates-as-email\" aria-required=\"true\" aria-invalid=\"false\" value=\"\" type=\"email\" name=\"your-email\"><\/span> <\/label>\n<\/p>\n<p><label> Tu empresa (requerido)<br>\n<span class=\"wpcf7-form-control-wrap\" data-name=\"text-853\"><input size=\"40\" maxlength=\"400\" class=\"wpcf7-form-control wpcf7-text\" aria-invalid=\"false\" value=\"\" type=\"text\" name=\"text-853\"><\/span><br>\n<\/label>\n<\/p>\n<p><span class=\"wpcf7-form-control-wrap\" data-name=\"acceptance-919\"><span class=\"wpcf7-form-control wpcf7-acceptance\"><span class=\"wpcf7-list-item\"><input type=\"checkbox\" name=\"acceptance-919\" value=\"1\" aria-invalid=\"false\"><\/span><\/span><\/span> Acepto la <a href=\"https:\/\/socialpubli.com\/corp\/advertisers\/politica_de_privacidad\" target=\"blank\" rel=\"nofollow\">pol&iacute;tica de Privacidad<\/a>\n<\/p>\n<p><span class=\"wpcf7-form-control-wrap\" data-name=\"acceptance-694\"><span class=\"wpcf7-form-control wpcf7-acceptance\"><span class=\"wpcf7-list-item\"><input type=\"checkbox\" name=\"acceptance-694\" value=\"1\" aria-invalid=\"false\"><\/span><\/span><\/span> Acepto comunicaci&oacute;n comercial de Socialpubli\n<\/p>\n<p><input class=\"wpcf7-form-control wpcf7-submit has-spinner\" type=\"submit\" value=\"Descargar\">\n<\/p>\n<p style=\"display: none !important;\" class=\"akismet-fields-container\" data-prefix=\"_wpcf7_ak_\"><label>&Delta;<textarea name=\"_wpcf7_ak_hp_textarea\" cols=\"45\" rows=\"8\" maxlength=\"100\"><\/textarea><\/label><input type=\"hidden\" id=\"ak_js_1\" name=\"_wpcf7_ak_js\" value=\"34\"><script>document.getElementById( \"ak_js_1\" ).setAttribute( \"value\", ( new Date() ).getTime() );<\/script><\/p>\n<label class=\"ebd_input\"><input type=\"hidden\" name=\"ebd_downloads[]\" value=\"18151|Mediakit Black Friday - Navidad\"> <\/label><input type=\"hidden\" class=\"ebd_setting\" name=\"ebd_settings[]\" value=\"title|Mediakit Black Friday - Navidad\"><input type=\"hidden\" class=\"ebd_setting\" name=\"ebd_settings[]\" value=\"delivered_as|inline link\"><input type=\"hidden\" class=\"ebd_setting\" name=\"ebd_settings[]\" value=\"hide_form|no\"><input type=\"hidden\" class=\"ebd_setting\" name=\"ebd_settings[]\" value=\"radio|no\"><input type=\"hidden\" class=\"ebd_setting\" name=\"ebd_settings[]\" value=\"link_format|_blank\"><input type=\"hidden\" class=\"ebd_setting\" name=\"ebd_settings[]\" value=\"file_thumbnail|no\"><input type=\"hidden\" class=\"ebd_setting\" name=\"ebd_settings[]\" value=\"item_id|94\"><input type=\"hidden\" class=\"ebd_setting\" name=\"ebd_settings[]\" value=\"form_id|wpcf7-f12676-o1\"><div class=\"wpcf7-response-output\" aria-hidden=\"true\"><\/div>\n<\/form>\n<\/div>\n<\/div>\n<p>[\/vc_column_text][\/vc_column_inner][\/vc_row_inner][\/vc_column][\/vc_row]<\/p>\n<\/div>","protected":false},"excerpt":{"rendered":"<p>[vc_row][vc_column][vc_row_inner][vc_column_inner][vc_column_text css=\u00bb.vc_custom_1698140256070{padding-bottom: 40px !important;}\u00bb] \u00a1Prep\u00e1rate para aumentar tus ventas en Black Friday y Navidad!\u00a0 [\/vc_column_text][\/vc_column_inner][\/vc_row_inner][vc_row_inner equal_height=\u00bbyes\u00bb content_placement=\u00bbmiddle\u00bb gap=\u00bb5&#8243; css=\u00bb.vc_custom_1698142519662{margin-top: 30px !important;margin-bottom: 30px !important;}\u00bb][vc_column_inner width=\u00bb1\/2&#8243;][vc_column_text css=\u00bb.vc_custom_1698140275655{padding-bottom: 40px !important;}\u00bb]Descarga ahora nuestro exclusivo MediaKit y descubre el secreto para potenciar tus campa\u00f1as de Influencer Marketing durante la gran actividad comercial de noviembre y diciembre. En SocialPubli te proporcionamos [&hellip;]<\/p>\n","protected":false},"author":2,"featured_media":18147,"parent":0,"menu_order":0,"comment_status":"closed","ping_status":"closed","template":"","meta":{"footnotes":""},"class_list":["post-18121","page","type-page","status-publish","has-post-thumbnail","hentry"],"yoast_head":"<!-- This site is optimized with the Yoast SEO plugin v27.0 - https:\/\/yoast.com\/product\/yoast-seo-wordpress\/ -->\n<title>MediaKit Black Friday y Navidad | Social Publi Blog<\/title>\n<meta name=\"description\" content=\"\u00a1Prep\u00e1rate para aumentar tus ventas en Black Friday y Navidad!\u00a0 Descarga ahora nuestro exclusivo MediaKit y descubre el secreto para potenciar tus\" \/>\n<meta name=\"robots\" content=\"index, follow, max-snippet:-1, max-image-preview:large, max-video-preview:-1\" \/>\n<link rel=\"canonical\" href=\"https:\/\/socialpubli.com\/blog\/es\/mediakit-black-friday-navidad\/\" \/>\n<meta property=\"og:locale\" content=\"es_ES\" \/>\n<meta property=\"og:type\" content=\"article\" \/>\n<meta property=\"og:title\" content=\"MediaKit Black Friday y Navidad\" \/>\n<meta property=\"og:description\" content=\"Descarga ahora nuestro exclusivo MediaKit y descubre el secreto para potenciar tus campa\u00f1as de Influencer Marketing durante la gran actividad comercial de noviembre y diciembre.\" \/>\n<meta property=\"og:url\" content=\"https:\/\/socialpubli.com\/blog\/es\/mediakit-black-friday-navidad\/\" \/>\n<meta property=\"og:site_name\" content=\"Social Publi Blog\" \/>\n<meta property=\"og:image\" content=\"https:\/\/socialpubli.com\/blog\/wp-content\/uploads\/2023\/10\/Tweet-card.jpg\" \/>\n\t<meta property=\"og:image:width\" content=\"560\" \/>\n\t<meta property=\"og:image:height\" content=\"281\" \/>\n\t<meta property=\"og:image:type\" content=\"image\/jpeg\" \/>\n<meta name=\"twitter:card\" content=\"summary_large_image\" \/>\n<meta name=\"twitter:title\" content=\"MediaKit Black Friday y Navidad\" \/>\n<meta name=\"twitter:description\" content=\"Descarga ahora nuestro exclusivo MediaKit y descubre el secreto para potenciar tus campa\u00f1as de Influencer Marketing durante la gran actividad comercial de noviembre y diciembre.\" \/>\n<meta name=\"twitter:image\" content=\"https:\/\/socialpubli.com\/blog\/wp-content\/uploads\/2023\/10\/Tweet-card.jpg\" \/>\n<meta name=\"twitter:label1\" content=\"Tiempo de lectura\" \/>\n\t<meta name=\"twitter:data1\" content=\"1 minuto\" \/>\n<script type=\"application\/ld+json\" class=\"yoast-schema-graph\">{\"@context\":\"https:\/\/schema.org\",\"@graph\":[{\"@type\":\"WebPage\",\"@id\":\"https:\/\/socialpubli.com\/blog\/es\/mediakit-black-friday-navidad\/\",\"url\":\"https:\/\/socialpubli.com\/blog\/es\/mediakit-black-friday-navidad\/\",\"name\":\"MediaKit Black Friday y Navidad | Social Publi Blog\",\"isPartOf\":{\"@id\":\"https:\/\/socialpubli.com\/blog\/#website\"},\"primaryImageOfPage\":{\"@id\":\"https:\/\/socialpubli.com\/blog\/es\/mediakit-black-friday-navidad\/#primaryimage\"},\"image\":{\"@id\":\"https:\/\/socialpubli.com\/blog\/es\/mediakit-black-friday-navidad\/#primaryimage\"},\"thumbnailUrl\":\"https:\/\/socialpubli.com\/blog\/wp-content\/uploads\/2023\/10\/Tweet-card.jpg\",\"datePublished\":\"2023-10-25T07:12:47+00:00\",\"description\":\"\u00a1Prep\u00e1rate para aumentar tus ventas en Black Friday y Navidad!\u00a0 Descarga ahora nuestro exclusivo MediaKit y descubre el secreto para potenciar tus\",\"breadcrumb\":{\"@id\":\"https:\/\/socialpubli.com\/blog\/es\/mediakit-black-friday-navidad\/#breadcrumb\"},\"inLanguage\":\"es\",\"potentialAction\":[{\"@type\":\"ReadAction\",\"target\":[\"https:\/\/socialpubli.com\/blog\/es\/mediakit-black-friday-navidad\/\"]}]},{\"@type\":\"ImageObject\",\"inLanguage\":\"es\",\"@id\":\"https:\/\/socialpubli.com\/blog\/es\/mediakit-black-friday-navidad\/#primaryimage\",\"url\":\"https:\/\/socialpubli.com\/blog\/wp-content\/uploads\/2023\/10\/Tweet-card.jpg\",\"contentUrl\":\"https:\/\/socialpubli.com\/blog\/wp-content\/uploads\/2023\/10\/Tweet-card.jpg\",\"width\":560,\"height\":281},{\"@type\":\"BreadcrumbList\",\"@id\":\"https:\/\/socialpubli.com\/blog\/es\/mediakit-black-friday-navidad\/#breadcrumb\",\"itemListElement\":[{\"@type\":\"ListItem\",\"position\":1,\"name\":\"Portada\",\"item\":\"https:\/\/socialpubli.com\/blog\/\"},{\"@type\":\"ListItem\",\"position\":2,\"name\":\"MediaKit Black Friday y Navidad\"}]},{\"@type\":\"WebSite\",\"@id\":\"https:\/\/socialpubli.com\/blog\/#website\",\"url\":\"https:\/\/socialpubli.com\/blog\/\",\"name\":\"Social Publi Blog\",\"description\":\"Tendencias en marketing de influencers, branded content y estrategia en redes sociales.\",\"publisher\":{\"@id\":\"https:\/\/socialpubli.com\/blog\/#organization\"},\"potentialAction\":[{\"@type\":\"SearchAction\",\"target\":{\"@type\":\"EntryPoint\",\"urlTemplate\":\"https:\/\/socialpubli.com\/blog\/?s={search_term_string}\"},\"query-input\":{\"@type\":\"PropertyValueSpecification\",\"valueRequired\":true,\"valueName\":\"search_term_string\"}}],\"inLanguage\":\"es\"},{\"@type\":\"Organization\",\"@id\":\"https:\/\/socialpubli.com\/blog\/#organization\",\"name\":\"SocialPubli\",\"url\":\"https:\/\/socialpubli.com\/blog\/\",\"logo\":{\"@type\":\"ImageObject\",\"inLanguage\":\"es\",\"@id\":\"https:\/\/socialpubli.com\/blog\/#\/schema\/logo\/image\/\",\"url\":\"https:\/\/socialpubli.com\/blog\/wp-content\/uploads\/2017\/01\/logo-blog.png\",\"contentUrl\":\"https:\/\/socialpubli.com\/blog\/wp-content\/uploads\/2017\/01\/logo-blog.png\",\"width\":284,\"height\":53,\"caption\":\"SocialPubli\"},\"image\":{\"@id\":\"https:\/\/socialpubli.com\/blog\/#\/schema\/logo\/image\/\"}}]}<\/script>\n<!-- \/ Yoast SEO plugin. -->","yoast_head_json":{"title":"MediaKit Black Friday y Navidad | Social Publi Blog","description":"\u00a1Prep\u00e1rate para aumentar tus ventas en Black Friday y Navidad!\u00a0 Descarga ahora nuestro exclusivo MediaKit y descubre el secreto para potenciar tus","robots":{"index":"index","follow":"follow","max-snippet":"max-snippet:-1","max-image-preview":"max-image-preview:large","max-video-preview":"max-video-preview:-1"},"canonical":"https:\/\/socialpubli.com\/blog\/es\/mediakit-black-friday-navidad\/","og_locale":"es_ES","og_type":"article","og_title":"MediaKit Black Friday y Navidad","og_description":"Descarga ahora nuestro exclusivo MediaKit y descubre el secreto para potenciar tus campa\u00f1as de Influencer Marketing durante la gran actividad comercial de noviembre y diciembre.","og_url":"https:\/\/socialpubli.com\/blog\/es\/mediakit-black-friday-navidad\/","og_site_name":"Social Publi Blog","og_image":[{"width":560,"height":281,"url":"https:\/\/socialpubli.com\/blog\/wp-content\/uploads\/2023\/10\/Tweet-card.jpg","type":"image\/jpeg"}],"twitter_card":"summary_large_image","twitter_title":"MediaKit Black Friday y Navidad","twitter_description":"Descarga ahora nuestro exclusivo MediaKit y descubre el secreto para potenciar tus campa\u00f1as de Influencer Marketing durante la gran actividad comercial de noviembre y diciembre.","twitter_image":"https:\/\/socialpubli.com\/blog\/wp-content\/uploads\/2023\/10\/Tweet-card.jpg","twitter_misc":{"Tiempo de lectura":"1 minuto"},"schema":{"@context":"https:\/\/schema.org","@graph":[{"@type":"WebPage","@id":"https:\/\/socialpubli.com\/blog\/es\/mediakit-black-friday-navidad\/","url":"https:\/\/socialpubli.com\/blog\/es\/mediakit-black-friday-navidad\/","name":"MediaKit Black Friday y Navidad | Social Publi Blog","isPartOf":{"@id":"https:\/\/socialpubli.com\/blog\/#website"},"primaryImageOfPage":{"@id":"https:\/\/socialpubli.com\/blog\/es\/mediakit-black-friday-navidad\/#primaryimage"},"image":{"@id":"https:\/\/socialpubli.com\/blog\/es\/mediakit-black-friday-navidad\/#primaryimage"},"thumbnailUrl":"https:\/\/socialpubli.com\/blog\/wp-content\/uploads\/2023\/10\/Tweet-card.jpg","datePublished":"2023-10-25T07:12:47+00:00","description":"\u00a1Prep\u00e1rate para aumentar tus ventas en Black Friday y Navidad!\u00a0 Descarga ahora nuestro exclusivo MediaKit y descubre el secreto para potenciar tus","breadcrumb":{"@id":"https:\/\/socialpubli.com\/blog\/es\/mediakit-black-friday-navidad\/#breadcrumb"},"inLanguage":"es","potentialAction":[{"@type":"ReadAction","target":["https:\/\/socialpubli.com\/blog\/es\/mediakit-black-friday-navidad\/"]}]},{"@type":"ImageObject","inLanguage":"es","@id":"https:\/\/socialpubli.com\/blog\/es\/mediakit-black-friday-navidad\/#primaryimage","url":"https:\/\/socialpubli.com\/blog\/wp-content\/uploads\/2023\/10\/Tweet-card.jpg","contentUrl":"https:\/\/socialpubli.com\/blog\/wp-content\/uploads\/2023\/10\/Tweet-card.jpg","width":560,"height":281},{"@type":"BreadcrumbList","@id":"https:\/\/socialpubli.com\/blog\/es\/mediakit-black-friday-navidad\/#breadcrumb","itemListElement":[{"@type":"ListItem","position":1,"name":"Portada","item":"https:\/\/socialpubli.com\/blog\/"},{"@type":"ListItem","position":2,"name":"MediaKit Black Friday y Navidad"}]},{"@type":"WebSite","@id":"https:\/\/socialpubli.com\/blog\/#website","url":"https:\/\/socialpubli.com\/blog\/","name":"Social Publi Blog","description":"Tendencias en marketing de influencers, branded content y estrategia en redes sociales.","publisher":{"@id":"https:\/\/socialpubli.com\/blog\/#organization"},"potentialAction":[{"@type":"SearchAction","target":{"@type":"EntryPoint","urlTemplate":"https:\/\/socialpubli.com\/blog\/?s={search_term_string}"},"query-input":{"@type":"PropertyValueSpecification","valueRequired":true,"valueName":"search_term_string"}}],"inLanguage":"es"},{"@type":"Organization","@id":"https:\/\/socialpubli.com\/blog\/#organization","name":"SocialPubli","url":"https:\/\/socialpubli.com\/blog\/","logo":{"@type":"ImageObject","inLanguage":"es","@id":"https:\/\/socialpubli.com\/blog\/#\/schema\/logo\/image\/","url":"https:\/\/socialpubli.com\/blog\/wp-content\/uploads\/2017\/01\/logo-blog.png","contentUrl":"https:\/\/socialpubli.com\/blog\/wp-content\/uploads\/2017\/01\/logo-blog.png","width":284,"height":53,"caption":"SocialPubli"},"image":{"@id":"https:\/\/socialpubli.com\/blog\/#\/schema\/logo\/image\/"}}]}},"_links":{"self":[{"href":"https:\/\/socialpubli.com\/blog\/es\/wp-json\/wp\/v2\/pages\/18121","targetHints":{"allow":["GET"]}}],"collection":[{"href":"https:\/\/socialpubli.com\/blog\/es\/wp-json\/wp\/v2\/pages"}],"about":[{"href":"https:\/\/socialpubli.com\/blog\/es\/wp-json\/wp\/v2\/types\/page"}],"author":[{"embeddable":true,"href":"https:\/\/socialpubli.com\/blog\/es\/wp-json\/wp\/v2\/users\/2"}],"replies":[{"embeddable":true,"href":"https:\/\/socialpubli.com\/blog\/es\/wp-json\/wp\/v2\/comments?post=18121"}],"version-history":[{"count":5,"href":"https:\/\/socialpubli.com\/blog\/es\/wp-json\/wp\/v2\/pages\/18121\/revisions"}],"predecessor-version":[{"id":18161,"href":"https:\/\/socialpubli.com\/blog\/es\/wp-json\/wp\/v2\/pages\/18121\/revisions\/18161"}],"wp:featuredmedia":[{"embeddable":true,"href":"https:\/\/socialpubli.com\/blog\/es\/wp-json\/wp\/v2\/media\/18147"}],"wp:attachment":[{"href":"https:\/\/socialpubli.com\/blog\/es\/wp-json\/wp\/v2\/media?parent=18121"}],"curies":[{"name":"wp","href":"https:\/\/api.w.org\/{rel}","templated":true}]}}