{"id":21,"date":"2015-04-01T11:34:25","date_gmt":"2015-04-01T11:34:25","guid":{"rendered":"https:\/\/socialpubli.com\/news\/?page_id=21"},"modified":"2015-04-01T11:51:23","modified_gmt":"2015-04-01T11:51:23","slug":"sobre-nosotros","status":"publish","type":"page","link":"https:\/\/socialpubli.com\/blog\/es\/sobre-nosotros\/","title":{"rendered":"Sobre nosotros"},"content":{"rendered":"<div style=\"text-align: center;\"><iframe src=\"https:\/\/www.youtube.com\/embed\/w3xcqdbrBCo\" width=\"560\" height=\"315\" frameborder=\"0\" allowfullscreen=\"allowfullscreen\"><\/iframe><\/div>\n<p>&nbsp;<\/p>\n<p>SocialPubli es una plataforma de marketing social que pone en contacto a <strong>anunciantes con influencers<\/strong>. El objetivo de esta plataforma es conseguir promocionar en las redes sociales el negocio de aquellos anunciantes que lo deseen mediante las personas m\u00e1s influyentes del sector.<\/p>\n<p>Se acab\u00f3 el trabajarse las redes para conseguir audiencia, ahora son los influencers los que mover\u00e1n tu campa\u00f1a y t\u00fa solo tienes que esperar, adem\u00e1s si eres influencer tu trabajo no ser\u00e1 en vano, ya que cobrar\u00e1s por cada campa\u00f1a en la que participes.<\/p>\n<p>Es el momento de ponerse en marcha con <a href=\"http:\/\/socialpubli.com\" target=\"_blank\">SocialPubli<\/a>. La publicidad nunca ha sido tan social.<\/p>\n","protected":false},"excerpt":{"rendered":"<p>&nbsp; SocialPubli es una plataforma de marketing social que pone en contacto a anunciantes con influencers. El objetivo de esta plataforma es conseguir promocionar en las redes sociales el negocio de aquellos anunciantes que lo deseen mediante las personas m\u00e1s influyentes del sector. Se acab\u00f3 el trabajarse las redes para conseguir audiencia, ahora son los [&hellip;]<\/p>\n","protected":false},"author":2,"featured_media":5,"parent":0,"menu_order":0,"comment_status":"open","ping_status":"open","template":"","meta":{"footnotes":""},"class_list":["post-21","page","type-page","status-publish","has-post-thumbnail","hentry"],"yoast_head":"<!-- This site is optimized with the Yoast SEO plugin v27.0 - https:\/\/yoast.com\/product\/yoast-seo-wordpress\/ -->\n<title>promociona tu negocio en redes sociales - Publica en campa\u00f1as como influencer<\/title>\n<meta name=\"description\" content=\"&nbsp; SocialPubli es una plataforma de marketing social que pone en contacto a anunciantes con influencers. El objetivo de esta plataforma es conseguir\" \/>\n<meta name=\"robots\" content=\"index, follow, max-snippet:-1, max-image-preview:large, max-video-preview:-1\" \/>\n<link rel=\"canonical\" href=\"https:\/\/socialpubli.com\/blog\/es\/sobre-nosotros\/\" \/>\n<meta property=\"og:locale\" content=\"es_ES\" \/>\n<meta property=\"og:type\" content=\"article\" \/>\n<meta property=\"og:title\" content=\"promociona tu negocio en redes sociales - Publica en campa\u00f1as como influencer\" \/>\n<meta property=\"og:description\" content=\"&nbsp; SocialPubli es una plataforma de marketing social que pone en contacto a anunciantes con influencers. El objetivo de esta plataforma es conseguir\" \/>\n<meta property=\"og:url\" content=\"https:\/\/socialpubli.com\/blog\/es\/sobre-nosotros\/\" \/>\n<meta property=\"og:site_name\" content=\"Social Publi Blog\" \/>\n<meta property=\"article:modified_time\" content=\"2015-04-01T11:51:23+00:00\" \/>\n<meta property=\"og:image\" content=\"https:\/\/socialpubli.com\/blog\/wp-content\/uploads\/2015\/03\/logo160.png\" \/>\n\t<meta property=\"og:image:width\" content=\"160\" \/>\n\t<meta property=\"og:image:height\" content=\"53\" \/>\n\t<meta property=\"og:image:type\" content=\"image\/png\" \/>\n<meta name=\"twitter:card\" content=\"summary_large_image\" \/>\n<meta name=\"twitter:label1\" content=\"Tiempo de lectura\" \/>\n\t<meta name=\"twitter:data1\" content=\"1 minuto\" \/>\n<script type=\"application\/ld+json\" class=\"yoast-schema-graph\">{\"@context\":\"https:\/\/schema.org\",\"@graph\":[{\"@type\":\"WebPage\",\"@id\":\"https:\/\/socialpubli.com\/blog\/es\/sobre-nosotros\/\",\"url\":\"https:\/\/socialpubli.com\/blog\/es\/sobre-nosotros\/\",\"name\":\"promociona tu negocio en redes sociales - Publica en campa\u00f1as como influencer\",\"isPartOf\":{\"@id\":\"https:\/\/socialpubli.com\/blog\/#website\"},\"primaryImageOfPage\":{\"@id\":\"https:\/\/socialpubli.com\/blog\/es\/sobre-nosotros\/#primaryimage\"},\"image\":{\"@id\":\"https:\/\/socialpubli.com\/blog\/es\/sobre-nosotros\/#primaryimage\"},\"thumbnailUrl\":\"https:\/\/socialpubli.com\/blog\/wp-content\/uploads\/2015\/03\/logo160.png\",\"datePublished\":\"2015-04-01T11:34:25+00:00\",\"dateModified\":\"2015-04-01T11:51:23+00:00\",\"description\":\"&nbsp; SocialPubli es una plataforma de marketing social que pone en contacto a anunciantes con influencers. El objetivo de esta plataforma es conseguir\",\"breadcrumb\":{\"@id\":\"https:\/\/socialpubli.com\/blog\/es\/sobre-nosotros\/#breadcrumb\"},\"inLanguage\":\"es\",\"potentialAction\":[{\"@type\":\"ReadAction\",\"target\":[\"https:\/\/socialpubli.com\/blog\/es\/sobre-nosotros\/\"]}]},{\"@type\":\"ImageObject\",\"inLanguage\":\"es\",\"@id\":\"https:\/\/socialpubli.com\/blog\/es\/sobre-nosotros\/#primaryimage\",\"url\":\"https:\/\/socialpubli.com\/blog\/wp-content\/uploads\/2015\/03\/logo160.png\",\"contentUrl\":\"https:\/\/socialpubli.com\/blog\/wp-content\/uploads\/2015\/03\/logo160.png\",\"width\":160,\"height\":53},{\"@type\":\"BreadcrumbList\",\"@id\":\"https:\/\/socialpubli.com\/blog\/es\/sobre-nosotros\/#breadcrumb\",\"itemListElement\":[{\"@type\":\"ListItem\",\"position\":1,\"name\":\"Portada\",\"item\":\"https:\/\/socialpubli.com\/blog\/\"},{\"@type\":\"ListItem\",\"position\":2,\"name\":\"Sobre nosotros\"}]},{\"@type\":\"WebSite\",\"@id\":\"https:\/\/socialpubli.com\/blog\/#website\",\"url\":\"https:\/\/socialpubli.com\/blog\/\",\"name\":\"Social Publi Blog\",\"description\":\"Tendencias en marketing de influencers, branded content y estrategia en redes sociales.\",\"publisher\":{\"@id\":\"https:\/\/socialpubli.com\/blog\/#organization\"},\"potentialAction\":[{\"@type\":\"SearchAction\",\"target\":{\"@type\":\"EntryPoint\",\"urlTemplate\":\"https:\/\/socialpubli.com\/blog\/?s={search_term_string}\"},\"query-input\":{\"@type\":\"PropertyValueSpecification\",\"valueRequired\":true,\"valueName\":\"search_term_string\"}}],\"inLanguage\":\"es\"},{\"@type\":\"Organization\",\"@id\":\"https:\/\/socialpubli.com\/blog\/#organization\",\"name\":\"SocialPubli\",\"url\":\"https:\/\/socialpubli.com\/blog\/\",\"logo\":{\"@type\":\"ImageObject\",\"inLanguage\":\"es\",\"@id\":\"https:\/\/socialpubli.com\/blog\/#\/schema\/logo\/image\/\",\"url\":\"https:\/\/socialpubli.com\/blog\/wp-content\/uploads\/2017\/01\/logo-blog.png\",\"contentUrl\":\"https:\/\/socialpubli.com\/blog\/wp-content\/uploads\/2017\/01\/logo-blog.png\",\"width\":284,\"height\":53,\"caption\":\"SocialPubli\"},\"image\":{\"@id\":\"https:\/\/socialpubli.com\/blog\/#\/schema\/logo\/image\/\"}}]}<\/script>\n<!-- \/ Yoast SEO plugin. -->","yoast_head_json":{"title":"promociona tu negocio en redes sociales - Publica en campa\u00f1as como influencer","description":"&nbsp; SocialPubli es una plataforma de marketing social que pone en contacto a anunciantes con influencers. El objetivo de esta plataforma es conseguir","robots":{"index":"index","follow":"follow","max-snippet":"max-snippet:-1","max-image-preview":"max-image-preview:large","max-video-preview":"max-video-preview:-1"},"canonical":"https:\/\/socialpubli.com\/blog\/es\/sobre-nosotros\/","og_locale":"es_ES","og_type":"article","og_title":"promociona tu negocio en redes sociales - Publica en campa\u00f1as como influencer","og_description":"&nbsp; SocialPubli es una plataforma de marketing social que pone en contacto a anunciantes con influencers. El objetivo de esta plataforma es conseguir","og_url":"https:\/\/socialpubli.com\/blog\/es\/sobre-nosotros\/","og_site_name":"Social Publi Blog","article_modified_time":"2015-04-01T11:51:23+00:00","og_image":[{"width":160,"height":53,"url":"https:\/\/socialpubli.com\/blog\/wp-content\/uploads\/2015\/03\/logo160.png","type":"image\/png"}],"twitter_card":"summary_large_image","twitter_misc":{"Tiempo de lectura":"1 minuto"},"schema":{"@context":"https:\/\/schema.org","@graph":[{"@type":"WebPage","@id":"https:\/\/socialpubli.com\/blog\/es\/sobre-nosotros\/","url":"https:\/\/socialpubli.com\/blog\/es\/sobre-nosotros\/","name":"promociona tu negocio en redes sociales - Publica en campa\u00f1as como influencer","isPartOf":{"@id":"https:\/\/socialpubli.com\/blog\/#website"},"primaryImageOfPage":{"@id":"https:\/\/socialpubli.com\/blog\/es\/sobre-nosotros\/#primaryimage"},"image":{"@id":"https:\/\/socialpubli.com\/blog\/es\/sobre-nosotros\/#primaryimage"},"thumbnailUrl":"https:\/\/socialpubli.com\/blog\/wp-content\/uploads\/2015\/03\/logo160.png","datePublished":"2015-04-01T11:34:25+00:00","dateModified":"2015-04-01T11:51:23+00:00","description":"&nbsp; SocialPubli es una plataforma de marketing social que pone en contacto a anunciantes con influencers. El objetivo de esta plataforma es conseguir","breadcrumb":{"@id":"https:\/\/socialpubli.com\/blog\/es\/sobre-nosotros\/#breadcrumb"},"inLanguage":"es","potentialAction":[{"@type":"ReadAction","target":["https:\/\/socialpubli.com\/blog\/es\/sobre-nosotros\/"]}]},{"@type":"ImageObject","inLanguage":"es","@id":"https:\/\/socialpubli.com\/blog\/es\/sobre-nosotros\/#primaryimage","url":"https:\/\/socialpubli.com\/blog\/wp-content\/uploads\/2015\/03\/logo160.png","contentUrl":"https:\/\/socialpubli.com\/blog\/wp-content\/uploads\/2015\/03\/logo160.png","width":160,"height":53},{"@type":"BreadcrumbList","@id":"https:\/\/socialpubli.com\/blog\/es\/sobre-nosotros\/#breadcrumb","itemListElement":[{"@type":"ListItem","position":1,"name":"Portada","item":"https:\/\/socialpubli.com\/blog\/"},{"@type":"ListItem","position":2,"name":"Sobre nosotros"}]},{"@type":"WebSite","@id":"https:\/\/socialpubli.com\/blog\/#website","url":"https:\/\/socialpubli.com\/blog\/","name":"Social Publi Blog","description":"Tendencias en marketing de influencers, branded content y estrategia en redes sociales.","publisher":{"@id":"https:\/\/socialpubli.com\/blog\/#organization"},"potentialAction":[{"@type":"SearchAction","target":{"@type":"EntryPoint","urlTemplate":"https:\/\/socialpubli.com\/blog\/?s={search_term_string}"},"query-input":{"@type":"PropertyValueSpecification","valueRequired":true,"valueName":"search_term_string"}}],"inLanguage":"es"},{"@type":"Organization","@id":"https:\/\/socialpubli.com\/blog\/#organization","name":"SocialPubli","url":"https:\/\/socialpubli.com\/blog\/","logo":{"@type":"ImageObject","inLanguage":"es","@id":"https:\/\/socialpubli.com\/blog\/#\/schema\/logo\/image\/","url":"https:\/\/socialpubli.com\/blog\/wp-content\/uploads\/2017\/01\/logo-blog.png","contentUrl":"https:\/\/socialpubli.com\/blog\/wp-content\/uploads\/2017\/01\/logo-blog.png","width":284,"height":53,"caption":"SocialPubli"},"image":{"@id":"https:\/\/socialpubli.com\/blog\/#\/schema\/logo\/image\/"}}]}},"_links":{"self":[{"href":"https:\/\/socialpubli.com\/blog\/es\/wp-json\/wp\/v2\/pages\/21","targetHints":{"allow":["GET"]}}],"collection":[{"href":"https:\/\/socialpubli.com\/blog\/es\/wp-json\/wp\/v2\/pages"}],"about":[{"href":"https:\/\/socialpubli.com\/blog\/es\/wp-json\/wp\/v2\/types\/page"}],"author":[{"embeddable":true,"href":"https:\/\/socialpubli.com\/blog\/es\/wp-json\/wp\/v2\/users\/2"}],"replies":[{"embeddable":true,"href":"https:\/\/socialpubli.com\/blog\/es\/wp-json\/wp\/v2\/comments?post=21"}],"version-history":[{"count":12,"href":"https:\/\/socialpubli.com\/blog\/es\/wp-json\/wp\/v2\/pages\/21\/revisions"}],"predecessor-version":[{"id":33,"href":"https:\/\/socialpubli.com\/blog\/es\/wp-json\/wp\/v2\/pages\/21\/revisions\/33"}],"wp:featuredmedia":[{"embeddable":true,"href":"https:\/\/socialpubli.com\/blog\/es\/wp-json\/wp\/v2\/media\/5"}],"wp:attachment":[{"href":"https:\/\/socialpubli.com\/blog\/es\/wp-json\/wp\/v2\/media?parent=21"}],"curies":[{"name":"wp","href":"https:\/\/api.w.org\/{rel}","templated":true}]}}