{"id":24080,"date":"2024-08-20T11:28:21","date_gmt":"2024-08-20T09:28:21","guid":{"rendered":"https:\/\/socialpubli.com\/blog\/?page_id=24080"},"modified":"2025-09-26T14:12:13","modified_gmt":"2025-09-26T12:12:13","slug":"infographics","status":"publish","type":"page","link":"https:\/\/socialpubli.com\/blog\/es\/infographics\/","title":{"rendered":"Infograf\u00edas"},"content":{"rendered":"\t\t<div data-elementor-type=\"wp-page\" data-elementor-id=\"24080\" class=\"elementor elementor-24080 elementor-23815\" data-elementor-post-type=\"page\">\n\t\t\t\t<div class=\"elementor-element elementor-element-4e2fc5c e-flex e-con-boxed e-con e-parent\" data-id=\"4e2fc5c\" data-element_type=\"container\" data-e-type=\"container\" data-settings=\"{&quot;background_background&quot;:&quot;classic&quot;}\">\n\t\t\t\t\t<div class=\"e-con-inner\">\n\t\t\t\t<div class=\"elementor-element elementor-element-e745fc2 elementor-widget elementor-widget-heading\" data-id=\"e745fc2\" data-element_type=\"widget\" data-e-type=\"widget\" data-widget_type=\"heading.default\">\n\t\t\t\t<div class=\"elementor-widget-container\">\n\t\t\t\t\t<h1 class=\"elementor-heading-title elementor-size-default\">Infograf\u00edas<\/h1>\t\t\t\t<\/div>\n\t\t\t\t<\/div>\n\t\t\t\t\t<\/div>\n\t\t\t\t<\/div>\n\t\t<div class=\"elementor-element elementor-element-16bc694 e-grid e-con-boxed e-con e-parent\" data-id=\"16bc694\" data-element_type=\"container\" data-e-type=\"container\">\n\t\t\t\t\t<div class=\"e-con-inner\">\n\t\t\t\t<div class=\"elementor-element elementor-element-12bbf9a elementor-invisible elementor-widget elementor-widget-image\" data-id=\"12bbf9a\" data-element_type=\"widget\" data-e-type=\"widget\" data-settings=\"{&quot;_animation&quot;:&quot;fadeInUp&quot;}\" data-widget_type=\"image.default\">\n\t\t\t\t<div class=\"elementor-widget-container\">\n\t\t\t\t\t\t\t\t\t\t\t\t\t\t\t\t<a href=\"https:\/\/socialpubli.com\/blog\/wp-content\/uploads\/2024\/08\/AthletesOlympicGames.png\">\n\t\t\t\t\t\t\t<img fetchpriority=\"high\" decoding=\"async\" width=\"800\" height=\"800\" src=\"https:\/\/socialpubli.com\/blog\/wp-content\/uploads\/2024\/08\/ES09_DeportistasJJOO-1.jpg\" class=\"elementor-animation-grow attachment-large size-large wp-image-23820\" alt=\"\" srcset=\"https:\/\/socialpubli.com\/blog\/wp-content\/uploads\/2024\/08\/ES09_DeportistasJJOO-1.jpg 800w, https:\/\/socialpubli.com\/blog\/wp-content\/uploads\/2024\/08\/ES09_DeportistasJJOO-1-300x300.jpg 300w, https:\/\/socialpubli.com\/blog\/wp-content\/uploads\/2024\/08\/ES09_DeportistasJJOO-1-150x150.jpg 150w, https:\/\/socialpubli.com\/blog\/wp-content\/uploads\/2024\/08\/ES09_DeportistasJJOO-1-768x768.jpg 768w, https:\/\/socialpubli.com\/blog\/wp-content\/uploads\/2024\/08\/ES09_DeportistasJJOO-1-77x77.jpg 77w, https:\/\/socialpubli.com\/blog\/wp-content\/uploads\/2024\/08\/ES09_DeportistasJJOO-1-650x650.jpg 650w\" sizes=\"(max-width: 800px) 100vw, 800px\" \/>\t\t\t\t\t\t\t\t<\/a>\n\t\t\t\t\t\t\t\t\t\t\t\t\t\t\t<\/div>\n\t\t\t\t<\/div>\n\t\t\t\t<div class=\"elementor-element elementor-element-d780c12 elementor-invisible elementor-widget elementor-widget-image\" data-id=\"d780c12\" data-element_type=\"widget\" data-e-type=\"widget\" data-settings=\"{&quot;_animation&quot;:&quot;fadeInUp&quot;}\" data-widget_type=\"image.default\">\n\t\t\t\t<div class=\"elementor-widget-container\">\n\t\t\t\t\t\t\t\t\t\t\t\t\t\t\t\t<a href=\"https:\/\/socialpubli.com\/blog\/wp-content\/uploads\/2024\/08\/TrumpAttack.png\">\n\t\t\t\t\t\t\t<img decoding=\"async\" width=\"800\" height=\"800\" src=\"https:\/\/socialpubli.com\/blog\/wp-content\/uploads\/2024\/08\/ES05_AtentadoTrump-1.jpg\" class=\"elementor-animation-grow attachment-large size-large wp-image-23824\" alt=\"\" srcset=\"https:\/\/socialpubli.com\/blog\/wp-content\/uploads\/2024\/08\/ES05_AtentadoTrump-1.jpg 800w, https:\/\/socialpubli.com\/blog\/wp-content\/uploads\/2024\/08\/ES05_AtentadoTrump-1-300x300.jpg 300w, https:\/\/socialpubli.com\/blog\/wp-content\/uploads\/2024\/08\/ES05_AtentadoTrump-1-150x150.jpg 150w, https:\/\/socialpubli.com\/blog\/wp-content\/uploads\/2024\/08\/ES05_AtentadoTrump-1-768x768.jpg 768w, https:\/\/socialpubli.com\/blog\/wp-content\/uploads\/2024\/08\/ES05_AtentadoTrump-1-77x77.jpg 77w, https:\/\/socialpubli.com\/blog\/wp-content\/uploads\/2024\/08\/ES05_AtentadoTrump-1-650x650.jpg 650w\" sizes=\"(max-width: 800px) 100vw, 800px\" \/>\t\t\t\t\t\t\t\t<\/a>\n\t\t\t\t\t\t\t\t\t\t\t\t\t\t\t<\/div>\n\t\t\t\t<\/div>\n\t\t\t\t<div class=\"elementor-element elementor-element-e468b08 elementor-invisible elementor-widget elementor-widget-image\" data-id=\"e468b08\" data-element_type=\"widget\" data-e-type=\"widget\" data-settings=\"{&quot;_animation&quot;:&quot;fadeInUp&quot;}\" data-widget_type=\"image.default\">\n\t\t\t\t<div class=\"elementor-widget-container\">\n\t\t\t\t\t\t\t\t\t\t\t\t\t\t\t\t<a href=\"https:\/\/socialpubli.com\/blog\/wp-content\/uploads\/2024\/08\/Influencers_AIvsReal.png\">\n\t\t\t\t\t\t\t<img decoding=\"async\" width=\"800\" height=\"800\" src=\"https:\/\/socialpubli.com\/blog\/wp-content\/uploads\/2024\/08\/ES04_InfluencersIAvsHumanos-1.jpg\" class=\"elementor-animation-grow attachment-large size-large wp-image-23828\" alt=\"\" srcset=\"https:\/\/socialpubli.com\/blog\/wp-content\/uploads\/2024\/08\/ES04_InfluencersIAvsHumanos-1.jpg 800w, https:\/\/socialpubli.com\/blog\/wp-content\/uploads\/2024\/08\/ES04_InfluencersIAvsHumanos-1-300x300.jpg 300w, https:\/\/socialpubli.com\/blog\/wp-content\/uploads\/2024\/08\/ES04_InfluencersIAvsHumanos-1-150x150.jpg 150w, https:\/\/socialpubli.com\/blog\/wp-content\/uploads\/2024\/08\/ES04_InfluencersIAvsHumanos-1-768x768.jpg 768w, https:\/\/socialpubli.com\/blog\/wp-content\/uploads\/2024\/08\/ES04_InfluencersIAvsHumanos-1-77x77.jpg 77w, https:\/\/socialpubli.com\/blog\/wp-content\/uploads\/2024\/08\/ES04_InfluencersIAvsHumanos-1-650x650.jpg 650w\" sizes=\"(max-width: 800px) 100vw, 800px\" \/>\t\t\t\t\t\t\t\t<\/a>\n\t\t\t\t\t\t\t\t\t\t\t\t\t\t\t<\/div>\n\t\t\t\t<\/div>\n\t\t\t\t<div class=\"elementor-element elementor-element-76dadf5 elementor-invisible elementor-widget elementor-widget-image\" data-id=\"76dadf5\" data-element_type=\"widget\" data-e-type=\"widget\" data-settings=\"{&quot;_animation&quot;:&quot;fadeInUp&quot;}\" data-widget_type=\"image.default\">\n\t\t\t\t<div class=\"elementor-widget-container\">\n\t\t\t\t\t\t\t\t\t\t\t\t\t\t\t\t<a href=\"https:\/\/socialpubli.com\/blog\/wp-content\/uploads\/2024\/08\/DeadpoolVsWolverine.png\">\n\t\t\t\t\t\t\t<img loading=\"lazy\" decoding=\"async\" width=\"800\" height=\"800\" src=\"https:\/\/socialpubli.com\/blog\/wp-content\/uploads\/2024\/08\/ES10_DeadpoolVsLobezno-1.jpg\" class=\"elementor-animation-grow attachment-large size-large wp-image-23832\" alt=\"\" srcset=\"https:\/\/socialpubli.com\/blog\/wp-content\/uploads\/2024\/08\/ES10_DeadpoolVsLobezno-1.jpg 800w, https:\/\/socialpubli.com\/blog\/wp-content\/uploads\/2024\/08\/ES10_DeadpoolVsLobezno-1-300x300.jpg 300w, https:\/\/socialpubli.com\/blog\/wp-content\/uploads\/2024\/08\/ES10_DeadpoolVsLobezno-1-150x150.jpg 150w, https:\/\/socialpubli.com\/blog\/wp-content\/uploads\/2024\/08\/ES10_DeadpoolVsLobezno-1-768x768.jpg 768w, https:\/\/socialpubli.com\/blog\/wp-content\/uploads\/2024\/08\/ES10_DeadpoolVsLobezno-1-77x77.jpg 77w, https:\/\/socialpubli.com\/blog\/wp-content\/uploads\/2024\/08\/ES10_DeadpoolVsLobezno-1-650x650.jpg 650w\" sizes=\"(max-width: 800px) 100vw, 800px\" \/>\t\t\t\t\t\t\t\t<\/a>\n\t\t\t\t\t\t\t\t\t\t\t\t\t\t\t<\/div>\n\t\t\t\t<\/div>\n\t\t\t\t<div class=\"elementor-element elementor-element-f39712b elementor-invisible elementor-widget elementor-widget-image\" data-id=\"f39712b\" data-element_type=\"widget\" data-e-type=\"widget\" data-settings=\"{&quot;_animation&quot;:&quot;fadeInUp&quot;}\" data-widget_type=\"image.default\">\n\t\t\t\t<div class=\"elementor-widget-container\">\n\t\t\t\t\t\t\t\t\t\t\t\t\t\t\t\t<a href=\"https:\/\/socialpubli.com\/blog\/wp-content\/uploads\/2024\/08\/CopaAmerica2024_EN.png\">\n\t\t\t\t\t\t\t<img loading=\"lazy\" decoding=\"async\" width=\"800\" height=\"800\" src=\"https:\/\/socialpubli.com\/blog\/wp-content\/uploads\/2024\/08\/ES15_CopaAmerica-2.jpg\" class=\"elementor-animation-grow attachment-large size-large wp-image-23836\" alt=\"\" srcset=\"https:\/\/socialpubli.com\/blog\/wp-content\/uploads\/2024\/08\/ES15_CopaAmerica-2.jpg 800w, https:\/\/socialpubli.com\/blog\/wp-content\/uploads\/2024\/08\/ES15_CopaAmerica-2-300x300.jpg 300w, https:\/\/socialpubli.com\/blog\/wp-content\/uploads\/2024\/08\/ES15_CopaAmerica-2-150x150.jpg 150w, https:\/\/socialpubli.com\/blog\/wp-content\/uploads\/2024\/08\/ES15_CopaAmerica-2-768x768.jpg 768w, https:\/\/socialpubli.com\/blog\/wp-content\/uploads\/2024\/08\/ES15_CopaAmerica-2-77x77.jpg 77w, https:\/\/socialpubli.com\/blog\/wp-content\/uploads\/2024\/08\/ES15_CopaAmerica-2-650x650.jpg 650w\" sizes=\"(max-width: 800px) 100vw, 800px\" \/>\t\t\t\t\t\t\t\t<\/a>\n\t\t\t\t\t\t\t\t\t\t\t\t\t\t\t<\/div>\n\t\t\t\t<\/div>\n\t\t\t\t<div class=\"elementor-element elementor-element-2045b47 elementor-invisible elementor-widget elementor-widget-image\" data-id=\"2045b47\" data-element_type=\"widget\" data-e-type=\"widget\" data-settings=\"{&quot;_animation&quot;:&quot;fadeInUp&quot;}\" data-widget_type=\"image.default\">\n\t\t\t\t<div class=\"elementor-widget-container\">\n\t\t\t\t\t\t\t\t\t\t\t\t\t\t\t\t<a href=\"https:\/\/socialpubli.com\/blog\/wp-content\/uploads\/2024\/08\/Left-HandersDay.png\">\n\t\t\t\t\t\t\t<img loading=\"lazy\" decoding=\"async\" width=\"800\" height=\"800\" src=\"https:\/\/socialpubli.com\/blog\/wp-content\/uploads\/2024\/08\/ES13_DiaDelZurdo-1.jpg\" class=\"elementor-animation-grow attachment-large size-large wp-image-23840\" alt=\"\" srcset=\"https:\/\/socialpubli.com\/blog\/wp-content\/uploads\/2024\/08\/ES13_DiaDelZurdo-1.jpg 800w, https:\/\/socialpubli.com\/blog\/wp-content\/uploads\/2024\/08\/ES13_DiaDelZurdo-1-300x300.jpg 300w, https:\/\/socialpubli.com\/blog\/wp-content\/uploads\/2024\/08\/ES13_DiaDelZurdo-1-150x150.jpg 150w, https:\/\/socialpubli.com\/blog\/wp-content\/uploads\/2024\/08\/ES13_DiaDelZurdo-1-768x768.jpg 768w, https:\/\/socialpubli.com\/blog\/wp-content\/uploads\/2024\/08\/ES13_DiaDelZurdo-1-77x77.jpg 77w, https:\/\/socialpubli.com\/blog\/wp-content\/uploads\/2024\/08\/ES13_DiaDelZurdo-1-650x650.jpg 650w\" sizes=\"(max-width: 800px) 100vw, 800px\" \/>\t\t\t\t\t\t\t\t<\/a>\n\t\t\t\t\t\t\t\t\t\t\t\t\t\t\t<\/div>\n\t\t\t\t<\/div>\n\t\t\t\t<div class=\"elementor-element elementor-element-574cfda elementor-invisible elementor-widget elementor-widget-image\" data-id=\"574cfda\" data-element_type=\"widget\" data-e-type=\"widget\" data-settings=\"{&quot;_animation&quot;:&quot;fadeInUp&quot;}\" data-widget_type=\"image.default\">\n\t\t\t\t<div class=\"elementor-widget-container\">\n\t\t\t\t\t\t\t\t\t\t\t\t\t\t\t\t<a href=\"https:\/\/socialpubli.com\/blog\/wp-content\/uploads\/2024\/08\/SimoneBiles.png\">\n\t\t\t\t\t\t\t<img loading=\"lazy\" decoding=\"async\" width=\"800\" height=\"800\" src=\"https:\/\/socialpubli.com\/blog\/wp-content\/uploads\/2024\/08\/EN07_-SimoneBiles.jpg\" class=\"elementor-animation-grow attachment-large size-large wp-image-23844\" alt=\"\" srcset=\"https:\/\/socialpubli.com\/blog\/wp-content\/uploads\/2024\/08\/EN07_-SimoneBiles.jpg 800w, https:\/\/socialpubli.com\/blog\/wp-content\/uploads\/2024\/08\/EN07_-SimoneBiles-300x300.jpg 300w, https:\/\/socialpubli.com\/blog\/wp-content\/uploads\/2024\/08\/EN07_-SimoneBiles-150x150.jpg 150w, https:\/\/socialpubli.com\/blog\/wp-content\/uploads\/2024\/08\/EN07_-SimoneBiles-768x768.jpg 768w, https:\/\/socialpubli.com\/blog\/wp-content\/uploads\/2024\/08\/EN07_-SimoneBiles-77x77.jpg 77w, https:\/\/socialpubli.com\/blog\/wp-content\/uploads\/2024\/08\/EN07_-SimoneBiles-650x650.jpg 650w\" sizes=\"(max-width: 800px) 100vw, 800px\" \/>\t\t\t\t\t\t\t\t<\/a>\n\t\t\t\t\t\t\t\t\t\t\t\t\t\t\t<\/div>\n\t\t\t\t<\/div>\n\t\t\t\t\t<\/div>\n\t\t\t\t<\/div>\n\t\t\t\t<\/div>\n\t\t","protected":false},"excerpt":{"rendered":"<p>Infograf\u00edas<\/p>\n","protected":false},"author":2,"featured_media":0,"parent":0,"menu_order":0,"comment_status":"closed","ping_status":"closed","template":"elementor_header_footer","meta":{"footnotes":""},"class_list":["post-24080","page","type-page","status-publish","hentry"],"yoast_head":"<!-- This site is optimized with the Yoast SEO plugin v27.0 - https:\/\/yoast.com\/product\/yoast-seo-wordpress\/ -->\n<title>Infograf\u00edas | SocialPubli Blog<\/title>\n<meta name=\"description\" content=\"Las mejores infograf\u00edas en el blog de SocialPubli. Encuentra contenido visual atractivo, inspirador y \u00fatil para mejorar tu estrategia de marketing y redes sociales.\" \/>\n<meta name=\"robots\" content=\"index, follow, max-snippet:-1, max-image-preview:large, max-video-preview:-1\" \/>\n<link rel=\"canonical\" href=\"https:\/\/socialpubli.com\/blog\/es\/infographics\/\" \/>\n<meta property=\"og:locale\" content=\"es_ES\" \/>\n<meta property=\"og:type\" content=\"article\" \/>\n<meta property=\"og:title\" content=\"Infograf\u00edas | SocialPubli Blog\" \/>\n<meta property=\"og:description\" content=\"Las mejores infograf\u00edas en el blog de SocialPubli. Encuentra contenido visual atractivo, inspirador y \u00fatil para mejorar tu estrategia de marketing y redes sociales.\" \/>\n<meta property=\"og:url\" content=\"https:\/\/socialpubli.com\/blog\/es\/infographics\/\" \/>\n<meta property=\"og:site_name\" content=\"Social Publi Blog\" \/>\n<meta property=\"article:modified_time\" content=\"2025-09-26T12:12:13+00:00\" \/>\n<meta property=\"og:image\" content=\"https:\/\/socialpubli.com\/blog\/wp-content\/uploads\/2024\/08\/EN01_DeportistasJJOO.jpg\" \/>\n<meta name=\"twitter:card\" content=\"summary_large_image\" \/>\n<meta name=\"twitter:label1\" content=\"Tiempo de lectura\" \/>\n\t<meta name=\"twitter:data1\" content=\"2 minutos\" \/>\n<script type=\"application\/ld+json\" class=\"yoast-schema-graph\">{\"@context\":\"https:\/\/schema.org\",\"@graph\":[{\"@type\":\"WebPage\",\"@id\":\"https:\/\/socialpubli.com\/blog\/es\/infographics\/\",\"url\":\"https:\/\/socialpubli.com\/blog\/es\/infographics\/\",\"name\":\"Infograf\u00edas | SocialPubli Blog\",\"isPartOf\":{\"@id\":\"https:\/\/socialpubli.com\/blog\/#website\"},\"primaryImageOfPage\":{\"@id\":\"https:\/\/socialpubli.com\/blog\/es\/infographics\/#primaryimage\"},\"image\":{\"@id\":\"https:\/\/socialpubli.com\/blog\/es\/infographics\/#primaryimage\"},\"thumbnailUrl\":\"https:\/\/socialpubli.com\/blog\/wp-content\/uploads\/2024\/08\/EN01_DeportistasJJOO.jpg\",\"datePublished\":\"2024-08-20T09:28:21+00:00\",\"dateModified\":\"2025-09-26T12:12:13+00:00\",\"description\":\"Las mejores infograf\u00edas en el blog de SocialPubli. Encuentra contenido visual atractivo, inspirador y \u00fatil para mejorar tu estrategia de marketing y redes sociales.\",\"breadcrumb\":{\"@id\":\"https:\/\/socialpubli.com\/blog\/es\/infographics\/#breadcrumb\"},\"inLanguage\":\"es\",\"potentialAction\":[{\"@type\":\"ReadAction\",\"target\":[\"https:\/\/socialpubli.com\/blog\/es\/infographics\/\"]}]},{\"@type\":\"ImageObject\",\"inLanguage\":\"es\",\"@id\":\"https:\/\/socialpubli.com\/blog\/es\/infographics\/#primaryimage\",\"url\":\"https:\/\/socialpubli.com\/blog\/wp-content\/uploads\/2024\/08\/EN01_DeportistasJJOO.jpg\",\"contentUrl\":\"https:\/\/socialpubli.com\/blog\/wp-content\/uploads\/2024\/08\/EN01_DeportistasJJOO.jpg\"},{\"@type\":\"BreadcrumbList\",\"@id\":\"https:\/\/socialpubli.com\/blog\/es\/infographics\/#breadcrumb\",\"itemListElement\":[{\"@type\":\"ListItem\",\"position\":1,\"name\":\"Portada\",\"item\":\"https:\/\/socialpubli.com\/blog\/\"},{\"@type\":\"ListItem\",\"position\":2,\"name\":\"Infograf\u00edas\"}]},{\"@type\":\"WebSite\",\"@id\":\"https:\/\/socialpubli.com\/blog\/#website\",\"url\":\"https:\/\/socialpubli.com\/blog\/\",\"name\":\"Social Publi Blog\",\"description\":\"Tendencias en marketing de influencers, branded content y estrategia en redes sociales.\",\"publisher\":{\"@id\":\"https:\/\/socialpubli.com\/blog\/#organization\"},\"potentialAction\":[{\"@type\":\"SearchAction\",\"target\":{\"@type\":\"EntryPoint\",\"urlTemplate\":\"https:\/\/socialpubli.com\/blog\/?s={search_term_string}\"},\"query-input\":{\"@type\":\"PropertyValueSpecification\",\"valueRequired\":true,\"valueName\":\"search_term_string\"}}],\"inLanguage\":\"es\"},{\"@type\":\"Organization\",\"@id\":\"https:\/\/socialpubli.com\/blog\/#organization\",\"name\":\"SocialPubli\",\"url\":\"https:\/\/socialpubli.com\/blog\/\",\"logo\":{\"@type\":\"ImageObject\",\"inLanguage\":\"es\",\"@id\":\"https:\/\/socialpubli.com\/blog\/#\/schema\/logo\/image\/\",\"url\":\"https:\/\/socialpubli.com\/blog\/wp-content\/uploads\/2017\/01\/logo-blog.png\",\"contentUrl\":\"https:\/\/socialpubli.com\/blog\/wp-content\/uploads\/2017\/01\/logo-blog.png\",\"width\":284,\"height\":53,\"caption\":\"SocialPubli\"},\"image\":{\"@id\":\"https:\/\/socialpubli.com\/blog\/#\/schema\/logo\/image\/\"}}]}<\/script>\n<!-- \/ Yoast SEO plugin. -->","yoast_head_json":{"title":"Infograf\u00edas | SocialPubli Blog","description":"Las mejores infograf\u00edas en el blog de SocialPubli. Encuentra contenido visual atractivo, inspirador y \u00fatil para mejorar tu estrategia de marketing y redes sociales.","robots":{"index":"index","follow":"follow","max-snippet":"max-snippet:-1","max-image-preview":"max-image-preview:large","max-video-preview":"max-video-preview:-1"},"canonical":"https:\/\/socialpubli.com\/blog\/es\/infographics\/","og_locale":"es_ES","og_type":"article","og_title":"Infograf\u00edas | SocialPubli Blog","og_description":"Las mejores infograf\u00edas en el blog de SocialPubli. Encuentra contenido visual atractivo, inspirador y \u00fatil para mejorar tu estrategia de marketing y redes sociales.","og_url":"https:\/\/socialpubli.com\/blog\/es\/infographics\/","og_site_name":"Social Publi Blog","article_modified_time":"2025-09-26T12:12:13+00:00","og_image":[{"url":"https:\/\/socialpubli.com\/blog\/wp-content\/uploads\/2024\/08\/EN01_DeportistasJJOO.jpg","type":"","width":"","height":""}],"twitter_card":"summary_large_image","twitter_misc":{"Tiempo de lectura":"2 minutos"},"schema":{"@context":"https:\/\/schema.org","@graph":[{"@type":"WebPage","@id":"https:\/\/socialpubli.com\/blog\/es\/infographics\/","url":"https:\/\/socialpubli.com\/blog\/es\/infographics\/","name":"Infograf\u00edas | SocialPubli Blog","isPartOf":{"@id":"https:\/\/socialpubli.com\/blog\/#website"},"primaryImageOfPage":{"@id":"https:\/\/socialpubli.com\/blog\/es\/infographics\/#primaryimage"},"image":{"@id":"https:\/\/socialpubli.com\/blog\/es\/infographics\/#primaryimage"},"thumbnailUrl":"https:\/\/socialpubli.com\/blog\/wp-content\/uploads\/2024\/08\/EN01_DeportistasJJOO.jpg","datePublished":"2024-08-20T09:28:21+00:00","dateModified":"2025-09-26T12:12:13+00:00","description":"Las mejores infograf\u00edas en el blog de SocialPubli. Encuentra contenido visual atractivo, inspirador y \u00fatil para mejorar tu estrategia de marketing y redes sociales.","breadcrumb":{"@id":"https:\/\/socialpubli.com\/blog\/es\/infographics\/#breadcrumb"},"inLanguage":"es","potentialAction":[{"@type":"ReadAction","target":["https:\/\/socialpubli.com\/blog\/es\/infographics\/"]}]},{"@type":"ImageObject","inLanguage":"es","@id":"https:\/\/socialpubli.com\/blog\/es\/infographics\/#primaryimage","url":"https:\/\/socialpubli.com\/blog\/wp-content\/uploads\/2024\/08\/EN01_DeportistasJJOO.jpg","contentUrl":"https:\/\/socialpubli.com\/blog\/wp-content\/uploads\/2024\/08\/EN01_DeportistasJJOO.jpg"},{"@type":"BreadcrumbList","@id":"https:\/\/socialpubli.com\/blog\/es\/infographics\/#breadcrumb","itemListElement":[{"@type":"ListItem","position":1,"name":"Portada","item":"https:\/\/socialpubli.com\/blog\/"},{"@type":"ListItem","position":2,"name":"Infograf\u00edas"}]},{"@type":"WebSite","@id":"https:\/\/socialpubli.com\/blog\/#website","url":"https:\/\/socialpubli.com\/blog\/","name":"Social Publi Blog","description":"Tendencias en marketing de influencers, branded content y estrategia en redes sociales.","publisher":{"@id":"https:\/\/socialpubli.com\/blog\/#organization"},"potentialAction":[{"@type":"SearchAction","target":{"@type":"EntryPoint","urlTemplate":"https:\/\/socialpubli.com\/blog\/?s={search_term_string}"},"query-input":{"@type":"PropertyValueSpecification","valueRequired":true,"valueName":"search_term_string"}}],"inLanguage":"es"},{"@type":"Organization","@id":"https:\/\/socialpubli.com\/blog\/#organization","name":"SocialPubli","url":"https:\/\/socialpubli.com\/blog\/","logo":{"@type":"ImageObject","inLanguage":"es","@id":"https:\/\/socialpubli.com\/blog\/#\/schema\/logo\/image\/","url":"https:\/\/socialpubli.com\/blog\/wp-content\/uploads\/2017\/01\/logo-blog.png","contentUrl":"https:\/\/socialpubli.com\/blog\/wp-content\/uploads\/2017\/01\/logo-blog.png","width":284,"height":53,"caption":"SocialPubli"},"image":{"@id":"https:\/\/socialpubli.com\/blog\/#\/schema\/logo\/image\/"}}]}},"_links":{"self":[{"href":"https:\/\/socialpubli.com\/blog\/es\/wp-json\/wp\/v2\/pages\/24080","targetHints":{"allow":["GET"]}}],"collection":[{"href":"https:\/\/socialpubli.com\/blog\/es\/wp-json\/wp\/v2\/pages"}],"about":[{"href":"https:\/\/socialpubli.com\/blog\/es\/wp-json\/wp\/v2\/types\/page"}],"author":[{"embeddable":true,"href":"https:\/\/socialpubli.com\/blog\/es\/wp-json\/wp\/v2\/users\/2"}],"replies":[{"embeddable":true,"href":"https:\/\/socialpubli.com\/blog\/es\/wp-json\/wp\/v2\/comments?post=24080"}],"version-history":[{"count":6,"href":"https:\/\/socialpubli.com\/blog\/es\/wp-json\/wp\/v2\/pages\/24080\/revisions"}],"predecessor-version":[{"id":27586,"href":"https:\/\/socialpubli.com\/blog\/es\/wp-json\/wp\/v2\/pages\/24080\/revisions\/27586"}],"wp:attachment":[{"href":"https:\/\/socialpubli.com\/blog\/es\/wp-json\/wp\/v2\/media?parent=24080"}],"curies":[{"name":"wp","href":"https:\/\/api.w.org\/{rel}","templated":true}]}}