{"id":26199,"date":"2025-03-20T13:54:15","date_gmt":"2025-03-20T12:54:15","guid":{"rendered":"https:\/\/socialpubli.com\/blog\/?page_id=26199"},"modified":"2025-03-20T15:47:41","modified_gmt":"2025-03-20T14:47:41","slug":"estudio-employee-advocacy","status":"publish","type":"page","link":"https:\/\/socialpubli.com\/blog\/es\/estudio-employee-advocacy\/","title":{"rendered":"Estudio Employee Advocacy"},"content":{"rendered":"\t\t<div data-elementor-type=\"wp-page\" data-elementor-id=\"26199\" class=\"elementor elementor-26199 elementor-26071\" data-elementor-post-type=\"page\">\n\t\t\t\t<div class=\"elementor-element elementor-element-0f2b100 e-flex e-con-boxed e-con e-parent\" data-id=\"0f2b100\" data-element_type=\"container\" data-e-type=\"container\" data-settings=\"{&quot;background_background&quot;:&quot;classic&quot;}\">\n\t\t\t\t\t<div class=\"e-con-inner\">\n\t\t\t\t<div class=\"elementor-element elementor-element-8f06b95 elementor-widget__width-initial elementor-widget elementor-widget-heading\" data-id=\"8f06b95\" data-element_type=\"widget\" data-e-type=\"widget\" data-widget_type=\"heading.default\">\n\t\t\t\t<div class=\"elementor-widget-container\">\n\t\t\t\t\t<h1 class=\"elementor-heading-title elementor-size-default\">Convierte a tus empleados en tus mejores influencers<\/h1>\t\t\t\t<\/div>\n\t\t\t\t<\/div>\n\t\t\t\t\t<\/div>\n\t\t\t\t<\/div>\n\t\t<div class=\"elementor-element elementor-element-38e56b3 e-flex e-con-boxed e-con e-parent\" data-id=\"38e56b3\" data-element_type=\"container\" data-e-type=\"container\">\n\t\t\t\t\t<div class=\"e-con-inner\">\n\t\t<div class=\"elementor-element elementor-element-7c91533 e-con-full e-flex e-con e-child\" data-id=\"7c91533\" data-element_type=\"container\" data-e-type=\"container\">\n\t\t\t\t<div class=\"elementor-element elementor-element-ffc0ae5 elementor-widget elementor-widget-text-editor\" data-id=\"ffc0ae5\" data-element_type=\"widget\" data-e-type=\"widget\" data-widget_type=\"text-editor.default\">\n\t\t\t\t<div class=\"elementor-widget-container\">\n\t\t\t\t\t\t\t\t\t<p style=\"text-align: center;\"><span style=\"font-weight: 400;\">Hemos analizado a fondo <\/span><b>tres sectores clave: Turismo, Seguros y Telefon\u00eda<\/b><span style=\"font-weight: 400;\">, para entender c\u00f3mo las marcas est\u00e1n utilizando Advocacy by SocialPubli y los resultados que han logrado tras implementar esta estrategia.<\/span><\/p><p style=\"text-align: center;\"><b>\u00bfEl resultado?<\/b><span style=\"font-weight: 400;\"> Un estudio que muestra c\u00f3mo convertir a tus empleados en los influencers m\u00e1s cre\u00edbles y efectivos para tu marca.<\/span><\/p>\t\t\t\t\t\t\t\t<\/div>\n\t\t\t\t<\/div>\n\t\t\t\t<\/div>\n\t\t\t\t\t<\/div>\n\t\t\t\t<\/div>\n\t\t<div class=\"elementor-element elementor-element-f9b5ba7 e-flex e-con-boxed e-con e-parent\" data-id=\"f9b5ba7\" data-element_type=\"container\" data-e-type=\"container\">\n\t\t\t\t\t<div class=\"e-con-inner\">\n\t\t<div class=\"elementor-element elementor-element-96ce44f e-con-full e-flex e-con e-child\" data-id=\"96ce44f\" data-element_type=\"container\" data-e-type=\"container\">\n\t\t\t\t<div class=\"elementor-element elementor-element-dc56432 elementor-widget elementor-widget-text-editor\" data-id=\"dc56432\" data-element_type=\"widget\" data-e-type=\"widget\" data-widget_type=\"text-editor.default\">\n\t\t\t\t<div class=\"elementor-widget-container\">\n\t\t\t\t\t\t\t\t\t<h2 style=\"color: #1d3eab;\">Lo que descubrir\u00e1s en este estudio:<\/h2>\n<ul>\n\n \t<li style=\"font-weight: 400;\" aria-level=\"1\"><b>El antes y el despu\u00e9s:<\/b><span style=\"font-weight: 400;\"> Analizamos c\u00f3mo estas empresas iniciaron su estrategia de Employee Advocacy y qu\u00e9 resultados obtuvieron.<\/span><\/li>\n \t<li style=\"font-weight: 400;\" aria-level=\"1\"><b>Las redes sociales favoritas de los empleados:<\/b><span style=\"font-weight: 400;\"> Descubre qu\u00e9 plataformas generan m\u00e1s impacto seg\u00fan el sector.<\/span><\/li>\n \t<li style=\"font-weight: 400;\" aria-level=\"1\"><b>Qu\u00e9 contenido funciona mejor:<\/b><span style=\"font-weight: 400;\"> Conoce los formatos m\u00e1s compartidos y efectivos para maximizar la interacci\u00f3n.<\/span><\/li>\n \t<li style=\"font-weight: 400;\" aria-level=\"1\"><b>Los incentivos m\u00e1s valorados:<\/b><span style=\"font-weight: 400;\"> \u00bfQu\u00e9 motiva realmente a los empleados a participar y compartir contenido de la empresa?<\/span><\/li>\n<li>\n<b>El ahorro en publicidad:<\/b><span style=\"font-weight: 400;\"> Con nuestra m\u00e9trica <\/span><b>Earned Media Value<\/b><span style=\"font-weight: 400;\">, podr\u00e1s ver cu\u00e1nto han ahorrado estas empresas al potenciar el contenido org\u00e1nico generado por sus empleados.<\/span><\/li>\n<\/ul>\t\t\t\t\t\t\t\t<\/div>\n\t\t\t\t<\/div>\n\t\t\t\t<\/div>\n\t\t<div class=\"elementor-element elementor-element-6bcdd80 e-con-full e-flex e-con e-child\" data-id=\"6bcdd80\" data-element_type=\"container\" data-e-type=\"container\">\n\t\t\t\t<div class=\"elementor-element elementor-element-d879a4c elementor-widget elementor-widget-text-editor\" data-id=\"d879a4c\" data-element_type=\"widget\" data-e-type=\"widget\" data-widget_type=\"text-editor.default\">\n\t\t\t\t<div class=\"elementor-widget-container\">\n\t\t\t\t\t\t\t\t\t<p>Descarga el estudio ahora y transforma la comunicaci\u00f3n de tu empresa<\/p>\t\t\t\t\t\t\t\t<\/div>\n\t\t\t\t<\/div>\n\t\t\t\t<div class=\"elementor-element elementor-element-84325d9 elementor-button-align-stretch elementor-widget elementor-widget-form\" data-id=\"84325d9\" data-element_type=\"widget\" data-e-type=\"widget\" data-settings=\"{&quot;step_next_label&quot;:&quot;Next&quot;,&quot;step_previous_label&quot;:&quot;Previous&quot;,&quot;button_width&quot;:&quot;100&quot;,&quot;step_type&quot;:&quot;number_text&quot;,&quot;step_icon_shape&quot;:&quot;circle&quot;}\" data-widget_type=\"form.default\">\n\t\t\t\t<div class=\"elementor-widget-container\">\n\t\t\t\t\t\t\t<form class=\"elementor-form\" method=\"post\" name=\"New Form\" aria-label=\"New Form\">\n\t\t\t<input type=\"hidden\" name=\"post_id\" value=\"26199\"\/>\n\t\t\t<input type=\"hidden\" name=\"form_id\" value=\"84325d9\"\/>\n\t\t\t<input type=\"hidden\" name=\"referer_title\" value=\"Estudio Employee Advocacy | Social Publi Blog\" \/>\n\n\t\t\t\t\t\t\t<input type=\"hidden\" name=\"queried_id\" value=\"26199\"\/>\n\t\t\t\n\t\t\t<div class=\"elementor-form-fields-wrapper elementor-labels-above\">\n\t\t\t\t\t\t\t\t<div class=\"elementor-field-type-text elementor-field-group elementor-column elementor-field-group-name elementor-col-100 elementor-field-required\">\n\t\t\t\t\t\t\t\t\t\t\t\t<label for=\"form-field-name\" class=\"elementor-field-label\">\n\t\t\t\t\t\t\t\tNombre (requerido)\t\t\t\t\t\t\t<\/label>\n\t\t\t\t\t\t\t\t\t\t\t\t\t\t<input size=\"1\" type=\"text\" name=\"form_fields[name]\" id=\"form-field-name\" class=\"elementor-field elementor-size-sm  elementor-field-textual\" placeholder=\"Nombre\" required=\"required\">\n\t\t\t\t\t\t\t\t\t\t\t<\/div>\n\t\t\t\t\t\t\t\t<div class=\"elementor-field-type-email elementor-field-group elementor-column elementor-field-group-email elementor-col-100 elementor-field-required\">\n\t\t\t\t\t\t\t\t\t\t\t\t<label for=\"form-field-email\" class=\"elementor-field-label\">\n\t\t\t\t\t\t\t\tEmail (requerido)\t\t\t\t\t\t\t<\/label>\n\t\t\t\t\t\t\t\t\t\t\t\t\t\t<input size=\"1\" type=\"email\" name=\"form_fields[email]\" id=\"form-field-email\" class=\"elementor-field elementor-size-sm  elementor-field-textual\" placeholder=\"Email\" required=\"required\">\n\t\t\t\t\t\t\t\t\t\t\t<\/div>\n\t\t\t\t\t\t\t\t<div class=\"elementor-field-type-text elementor-field-group elementor-column elementor-field-group-field_864e7b4 elementor-col-100 elementor-field-required\">\n\t\t\t\t\t\t\t\t\t\t\t\t<label for=\"form-field-field_864e7b4\" class=\"elementor-field-label\">\n\t\t\t\t\t\t\t\tEmpresa (requerido)\t\t\t\t\t\t\t<\/label>\n\t\t\t\t\t\t\t\t\t\t\t\t\t\t<input size=\"1\" type=\"text\" name=\"form_fields[field_864e7b4]\" id=\"form-field-field_864e7b4\" class=\"elementor-field elementor-size-sm  elementor-field-textual\" placeholder=\"Nombre de empresa\" required=\"required\">\n\t\t\t\t\t\t\t\t\t\t\t<\/div>\n\t\t\t\t\t\t\t\t<div class=\"elementor-field-type-acceptance elementor-field-group elementor-column elementor-field-group-field_993693d elementor-col-100 elementor-field-required\">\n\t\t\t\t\t\t\t<div class=\"elementor-field-subgroup\">\n\t\t\t<span class=\"elementor-field-option\">\n\t\t\t\t<input type=\"checkbox\" name=\"form_fields[field_993693d]\" id=\"form-field-field_993693d\" class=\"elementor-field elementor-size-sm  elementor-acceptance-field\" required=\"required\">\n\t\t\t\t<label for=\"form-field-field_993693d\">Acepto la <a href=\"http:\/\/socialpubli.com\/corp\/advertisers\/politica_de_privacidad\">Pol\u00edtica de privacidad<\/a><\/label>\t\t\t<\/span>\n\t\t<\/div>\n\t\t\t\t\t\t<\/div>\n\t\t\t\t\t\t\t\t<div class=\"elementor-field-type-acceptance elementor-field-group elementor-column elementor-field-group-field_b709b7f elementor-col-100\">\n\t\t\t\t\t\t\t<div class=\"elementor-field-subgroup\">\n\t\t\t<span class=\"elementor-field-option\">\n\t\t\t\t<input type=\"checkbox\" name=\"form_fields[field_b709b7f]\" id=\"form-field-field_b709b7f\" class=\"elementor-field elementor-size-sm  elementor-acceptance-field\">\n\t\t\t\t<label for=\"form-field-field_b709b7f\">Acepto comunicaci\u00f3n comercial de Socialpubli<\/label>\t\t\t<\/span>\n\t\t<\/div>\n\t\t\t\t\t\t<\/div>\n\t\t\t\t\t\t\t\t<div class=\"elementor-field-group elementor-column elementor-field-type-submit elementor-col-100 e-form__buttons\">\n\t\t\t\t\t<button class=\"elementor-button elementor-size-sm\" type=\"submit\">\n\t\t\t\t\t\t<span class=\"elementor-button-content-wrapper\">\n\t\t\t\t\t\t\t\t\t\t\t\t\t\t\t\t\t\t\t\t\t\t<span class=\"elementor-button-text\">VER ESTUDIO<\/span>\n\t\t\t\t\t\t\t\t\t\t\t\t\t<\/span>\n\t\t\t\t\t<\/button>\n\t\t\t\t<\/div>\n\t\t\t<\/div>\n\t\t<\/form>\n\t\t\t\t\t\t<\/div>\n\t\t\t\t<\/div>\n\t\t\t\t<\/div>\n\t\t\t\t\t<\/div>\n\t\t\t\t<\/div>\n\t\t<div class=\"elementor-element elementor-element-5bbc7d0 e-flex e-con-boxed e-con e-parent\" data-id=\"5bbc7d0\" data-element_type=\"container\" data-e-type=\"container\">\n\t\t\t\t\t<div class=\"e-con-inner\">\n\t\t<div class=\"elementor-element elementor-element-bd26e27 e-grid e-con-full e-con e-child\" data-id=\"bd26e27\" data-element_type=\"container\" data-e-type=\"container\">\n\t\t\t\t<div class=\"elementor-element elementor-element-faeadf1 elementor-widget elementor-widget-image\" data-id=\"faeadf1\" data-element_type=\"widget\" data-e-type=\"widget\" data-widget_type=\"image.default\">\n\t\t\t\t<div class=\"elementor-widget-container\">\n\t\t\t\t\t\t\t\t\t\t\t\t\t\t\t<img fetchpriority=\"high\" decoding=\"async\" width=\"800\" height=\"470\" src=\"https:\/\/socialpubli.com\/blog\/wp-content\/uploads\/2025\/03\/website-mockup-adv-1024x602.png\" class=\"attachment-large size-large wp-image-26102\" alt=\"\" srcset=\"https:\/\/socialpubli.com\/blog\/wp-content\/uploads\/2025\/03\/website-mockup-adv-1024x602.png 1024w, https:\/\/socialpubli.com\/blog\/wp-content\/uploads\/2025\/03\/website-mockup-adv-300x176.png 300w, https:\/\/socialpubli.com\/blog\/wp-content\/uploads\/2025\/03\/website-mockup-adv-768x451.png 768w, https:\/\/socialpubli.com\/blog\/wp-content\/uploads\/2025\/03\/website-mockup-adv-1536x903.png 1536w, https:\/\/socialpubli.com\/blog\/wp-content\/uploads\/2025\/03\/website-mockup-adv-2048x1204.png 2048w\" sizes=\"(max-width: 800px) 100vw, 800px\" \/>\t\t\t\t\t\t\t\t\t\t\t\t\t\t\t<\/div>\n\t\t\t\t<\/div>\n\t\t\t\t<div class=\"elementor-element elementor-element-df71ab3 elementor-widget elementor-widget-text-editor\" data-id=\"df71ab3\" data-element_type=\"widget\" data-e-type=\"widget\" data-widget_type=\"text-editor.default\">\n\t\t\t\t<div class=\"elementor-widget-container\">\n\t\t\t\t\t\t\t\t\t<h3 style=\"color: #1d3eab;\">\u00bfPor qu\u00e9 este estudio es imprescindible?<\/h3>\n<ul>\n \t<li style=\"font-weight: 400;\" aria-level=\"1\"><b>Demuestra el impacto real de Advocacy by SocialPubli<\/b><span style=\"font-weight: 400;\"> con datos concretos y casos reales.<\/span><\/li>\n \t<li style=\"font-weight: 400;\" aria-level=\"1\"><b>Obt\u00e9n insights pr\u00e1cticos<\/b><span style=\"font-weight: 400;\"> para adaptar tu estrategia de comunicaci\u00f3n y aumentar el alcance de tu marca.<\/span><\/li>\n<li>\n<b>Identifica qu\u00e9 motiva a los empleados<\/b><span style=\"font-weight: 400;\"> a convertirse en embajadores activos y c\u00f3mo replicarlo en tu empresa.<\/span><\/li>\n<\/ul>\t\t\t\t\t\t\t\t<\/div>\n\t\t\t\t<\/div>\n\t\t\t\t<\/div>\n\t\t\t\t\t<\/div>\n\t\t\t\t<\/div>\n\t\t<div class=\"elementor-element elementor-element-04ae74f e-flex e-con-boxed e-con e-parent\" data-id=\"04ae74f\" data-element_type=\"container\" data-e-type=\"container\" data-settings=\"{&quot;background_background&quot;:&quot;classic&quot;}\">\n\t\t\t\t\t<div class=\"e-con-inner\">\n\t\t\t\t<div class=\"elementor-element elementor-element-f0d17dd elementor-widget elementor-widget-text-editor\" data-id=\"f0d17dd\" data-element_type=\"widget\" data-e-type=\"widget\" data-widget_type=\"text-editor.default\">\n\t\t\t\t<div class=\"elementor-widget-container\">\n\t\t\t\t\t\t\t\t\t<p style=\"text-align: center;\"><span style=\"font-weight: 400;\">Descubre c\u00f3mo <strong>Advocacy by SocialPubli<\/strong> puede ayudarte a lograr los mismos resultados.<\/span><\/p>\t\t\t\t\t\t\t\t<\/div>\n\t\t\t\t<\/div>\n\t\t\t\t<div class=\"elementor-element elementor-element-9c3a991 elementor-align-center elementor-widget elementor-widget-button\" data-id=\"9c3a991\" data-element_type=\"widget\" data-e-type=\"widget\" data-widget_type=\"button.default\">\n\t\t\t\t<div class=\"elementor-widget-container\">\n\t\t\t\t\t\t\t\t\t<div class=\"elementor-button-wrapper\">\n\t\t\t\t\t<a class=\"elementor-button elementor-button-link elementor-size-sm\" href=\"https:\/\/meetings.hubspot.com\/alberto-primo\">\n\t\t\t\t\t\t<span class=\"elementor-button-content-wrapper\">\n\t\t\t\t\t\t\t\t\t<span class=\"elementor-button-text\">SOLICITA UNA DEMO GRATUITA<\/span>\n\t\t\t\t\t<\/span>\n\t\t\t\t\t<\/a>\n\t\t\t\t<\/div>\n\t\t\t\t\t\t\t\t<\/div>\n\t\t\t\t<\/div>\n\t\t\t\t\t<\/div>\n\t\t\t\t<\/div>\n\t\t\t\t<\/div>\n\t\t","protected":false},"excerpt":{"rendered":"<p>Convierte a tus empleados en tus mejores influencers Hemos analizado a fondo tres sectores clave: Turismo, Seguros y Telefon\u00eda, para entender c\u00f3mo las marcas est\u00e1n utilizando Advocacy by SocialPubli y los resultados que han logrado tras implementar esta estrategia. \u00bfEl resultado? Un estudio que muestra c\u00f3mo convertir a tus empleados en los influencers m\u00e1s cre\u00edbles [&hellip;]<\/p>\n","protected":false},"author":2,"featured_media":26087,"parent":0,"menu_order":0,"comment_status":"closed","ping_status":"closed","template":"elementor_header_footer","meta":{"footnotes":""},"class_list":["post-26199","page","type-page","status-publish","has-post-thumbnail","hentry"],"yoast_head":"<!-- This site is optimized with the Yoast SEO plugin v27.0 - https:\/\/yoast.com\/product\/yoast-seo-wordpress\/ -->\n<title>Estudio Employee Advocacy | Social Publi Blog<\/title>\n<meta name=\"description\" content=\"Convierte a tus empleados en tus mejores influencers Hemos analizado a fondo tres sectores clave: Turismo, Seguros y Telefon\u00eda, para entender c\u00f3mo las\" \/>\n<meta name=\"robots\" content=\"index, follow, max-snippet:-1, max-image-preview:large, max-video-preview:-1\" \/>\n<link rel=\"canonical\" href=\"https:\/\/socialpubli.com\/blog\/es\/estudio-employee-advocacy\/\" \/>\n<meta property=\"og:locale\" content=\"es_ES\" \/>\n<meta property=\"og:type\" content=\"article\" \/>\n<meta property=\"og:title\" content=\"Estudio Employee Advocacy | Social Publi Blog\" \/>\n<meta property=\"og:description\" content=\"Convierte a tus empleados en tus mejores influencers Hemos analizado a fondo tres sectores clave: Turismo, Seguros y Telefon\u00eda, para entender c\u00f3mo las\" \/>\n<meta property=\"og:url\" content=\"https:\/\/socialpubli.com\/blog\/es\/estudio-employee-advocacy\/\" \/>\n<meta property=\"og:site_name\" content=\"Social Publi Blog\" \/>\n<meta property=\"article:modified_time\" content=\"2025-03-20T14:47:41+00:00\" \/>\n<meta property=\"og:image\" content=\"https:\/\/socialpubli.com\/blog\/wp-content\/uploads\/2025\/03\/study-advocacy-en.jpg\" \/>\n\t<meta property=\"og:image:width\" content=\"800\" \/>\n\t<meta property=\"og:image:height\" content=\"1000\" \/>\n\t<meta property=\"og:image:type\" content=\"image\/jpeg\" \/>\n<meta name=\"twitter:card\" content=\"summary_large_image\" \/>\n<script type=\"application\/ld+json\" class=\"yoast-schema-graph\">{\"@context\":\"https:\/\/schema.org\",\"@graph\":[{\"@type\":\"WebPage\",\"@id\":\"https:\/\/socialpubli.com\/blog\/es\/estudio-employee-advocacy\/\",\"url\":\"https:\/\/socialpubli.com\/blog\/es\/estudio-employee-advocacy\/\",\"name\":\"Estudio Employee Advocacy | Social Publi Blog\",\"isPartOf\":{\"@id\":\"https:\/\/socialpubli.com\/blog\/#website\"},\"primaryImageOfPage\":{\"@id\":\"https:\/\/socialpubli.com\/blog\/es\/estudio-employee-advocacy\/#primaryimage\"},\"image\":{\"@id\":\"https:\/\/socialpubli.com\/blog\/es\/estudio-employee-advocacy\/#primaryimage\"},\"thumbnailUrl\":\"https:\/\/socialpubli.com\/blog\/wp-content\/uploads\/2025\/03\/study-advocacy-en.jpg\",\"datePublished\":\"2025-03-20T12:54:15+00:00\",\"dateModified\":\"2025-03-20T14:47:41+00:00\",\"description\":\"Convierte a tus empleados en tus mejores influencers Hemos analizado a fondo tres sectores clave: Turismo, Seguros y Telefon\u00eda, para entender c\u00f3mo las\",\"breadcrumb\":{\"@id\":\"https:\/\/socialpubli.com\/blog\/es\/estudio-employee-advocacy\/#breadcrumb\"},\"inLanguage\":\"es\",\"potentialAction\":[{\"@type\":\"ReadAction\",\"target\":[\"https:\/\/socialpubli.com\/blog\/es\/estudio-employee-advocacy\/\"]}]},{\"@type\":\"ImageObject\",\"inLanguage\":\"es\",\"@id\":\"https:\/\/socialpubli.com\/blog\/es\/estudio-employee-advocacy\/#primaryimage\",\"url\":\"https:\/\/socialpubli.com\/blog\/wp-content\/uploads\/2025\/03\/study-advocacy-en.jpg\",\"contentUrl\":\"https:\/\/socialpubli.com\/blog\/wp-content\/uploads\/2025\/03\/study-advocacy-en.jpg\",\"width\":800,\"height\":1000},{\"@type\":\"BreadcrumbList\",\"@id\":\"https:\/\/socialpubli.com\/blog\/es\/estudio-employee-advocacy\/#breadcrumb\",\"itemListElement\":[{\"@type\":\"ListItem\",\"position\":1,\"name\":\"Portada\",\"item\":\"https:\/\/socialpubli.com\/blog\/\"},{\"@type\":\"ListItem\",\"position\":2,\"name\":\"Estudio Employee Advocacy\"}]},{\"@type\":\"WebSite\",\"@id\":\"https:\/\/socialpubli.com\/blog\/#website\",\"url\":\"https:\/\/socialpubli.com\/blog\/\",\"name\":\"Social Publi Blog\",\"description\":\"Tendencias en marketing de influencers, branded content y estrategia en redes sociales.\",\"publisher\":{\"@id\":\"https:\/\/socialpubli.com\/blog\/#organization\"},\"potentialAction\":[{\"@type\":\"SearchAction\",\"target\":{\"@type\":\"EntryPoint\",\"urlTemplate\":\"https:\/\/socialpubli.com\/blog\/?s={search_term_string}\"},\"query-input\":{\"@type\":\"PropertyValueSpecification\",\"valueRequired\":true,\"valueName\":\"search_term_string\"}}],\"inLanguage\":\"es\"},{\"@type\":\"Organization\",\"@id\":\"https:\/\/socialpubli.com\/blog\/#organization\",\"name\":\"SocialPubli\",\"url\":\"https:\/\/socialpubli.com\/blog\/\",\"logo\":{\"@type\":\"ImageObject\",\"inLanguage\":\"es\",\"@id\":\"https:\/\/socialpubli.com\/blog\/#\/schema\/logo\/image\/\",\"url\":\"https:\/\/socialpubli.com\/blog\/wp-content\/uploads\/2017\/01\/logo-blog.png\",\"contentUrl\":\"https:\/\/socialpubli.com\/blog\/wp-content\/uploads\/2017\/01\/logo-blog.png\",\"width\":284,\"height\":53,\"caption\":\"SocialPubli\"},\"image\":{\"@id\":\"https:\/\/socialpubli.com\/blog\/#\/schema\/logo\/image\/\"}}]}<\/script>\n<!-- \/ Yoast SEO plugin. -->","yoast_head_json":{"title":"Estudio Employee Advocacy | Social Publi Blog","description":"Convierte a tus empleados en tus mejores influencers Hemos analizado a fondo tres sectores clave: Turismo, Seguros y Telefon\u00eda, para entender c\u00f3mo las","robots":{"index":"index","follow":"follow","max-snippet":"max-snippet:-1","max-image-preview":"max-image-preview:large","max-video-preview":"max-video-preview:-1"},"canonical":"https:\/\/socialpubli.com\/blog\/es\/estudio-employee-advocacy\/","og_locale":"es_ES","og_type":"article","og_title":"Estudio Employee Advocacy | Social Publi Blog","og_description":"Convierte a tus empleados en tus mejores influencers Hemos analizado a fondo tres sectores clave: Turismo, Seguros y Telefon\u00eda, para entender c\u00f3mo las","og_url":"https:\/\/socialpubli.com\/blog\/es\/estudio-employee-advocacy\/","og_site_name":"Social Publi Blog","article_modified_time":"2025-03-20T14:47:41+00:00","og_image":[{"width":800,"height":1000,"url":"https:\/\/socialpubli.com\/blog\/wp-content\/uploads\/2025\/03\/study-advocacy-en.jpg","type":"image\/jpeg"}],"twitter_card":"summary_large_image","schema":{"@context":"https:\/\/schema.org","@graph":[{"@type":"WebPage","@id":"https:\/\/socialpubli.com\/blog\/es\/estudio-employee-advocacy\/","url":"https:\/\/socialpubli.com\/blog\/es\/estudio-employee-advocacy\/","name":"Estudio Employee Advocacy | Social Publi Blog","isPartOf":{"@id":"https:\/\/socialpubli.com\/blog\/#website"},"primaryImageOfPage":{"@id":"https:\/\/socialpubli.com\/blog\/es\/estudio-employee-advocacy\/#primaryimage"},"image":{"@id":"https:\/\/socialpubli.com\/blog\/es\/estudio-employee-advocacy\/#primaryimage"},"thumbnailUrl":"https:\/\/socialpubli.com\/blog\/wp-content\/uploads\/2025\/03\/study-advocacy-en.jpg","datePublished":"2025-03-20T12:54:15+00:00","dateModified":"2025-03-20T14:47:41+00:00","description":"Convierte a tus empleados en tus mejores influencers Hemos analizado a fondo tres sectores clave: Turismo, Seguros y Telefon\u00eda, para entender c\u00f3mo las","breadcrumb":{"@id":"https:\/\/socialpubli.com\/blog\/es\/estudio-employee-advocacy\/#breadcrumb"},"inLanguage":"es","potentialAction":[{"@type":"ReadAction","target":["https:\/\/socialpubli.com\/blog\/es\/estudio-employee-advocacy\/"]}]},{"@type":"ImageObject","inLanguage":"es","@id":"https:\/\/socialpubli.com\/blog\/es\/estudio-employee-advocacy\/#primaryimage","url":"https:\/\/socialpubli.com\/blog\/wp-content\/uploads\/2025\/03\/study-advocacy-en.jpg","contentUrl":"https:\/\/socialpubli.com\/blog\/wp-content\/uploads\/2025\/03\/study-advocacy-en.jpg","width":800,"height":1000},{"@type":"BreadcrumbList","@id":"https:\/\/socialpubli.com\/blog\/es\/estudio-employee-advocacy\/#breadcrumb","itemListElement":[{"@type":"ListItem","position":1,"name":"Portada","item":"https:\/\/socialpubli.com\/blog\/"},{"@type":"ListItem","position":2,"name":"Estudio Employee Advocacy"}]},{"@type":"WebSite","@id":"https:\/\/socialpubli.com\/blog\/#website","url":"https:\/\/socialpubli.com\/blog\/","name":"Social Publi Blog","description":"Tendencias en marketing de influencers, branded content y estrategia en redes sociales.","publisher":{"@id":"https:\/\/socialpubli.com\/blog\/#organization"},"potentialAction":[{"@type":"SearchAction","target":{"@type":"EntryPoint","urlTemplate":"https:\/\/socialpubli.com\/blog\/?s={search_term_string}"},"query-input":{"@type":"PropertyValueSpecification","valueRequired":true,"valueName":"search_term_string"}}],"inLanguage":"es"},{"@type":"Organization","@id":"https:\/\/socialpubli.com\/blog\/#organization","name":"SocialPubli","url":"https:\/\/socialpubli.com\/blog\/","logo":{"@type":"ImageObject","inLanguage":"es","@id":"https:\/\/socialpubli.com\/blog\/#\/schema\/logo\/image\/","url":"https:\/\/socialpubli.com\/blog\/wp-content\/uploads\/2017\/01\/logo-blog.png","contentUrl":"https:\/\/socialpubli.com\/blog\/wp-content\/uploads\/2017\/01\/logo-blog.png","width":284,"height":53,"caption":"SocialPubli"},"image":{"@id":"https:\/\/socialpubli.com\/blog\/#\/schema\/logo\/image\/"}}]}},"_links":{"self":[{"href":"https:\/\/socialpubli.com\/blog\/es\/wp-json\/wp\/v2\/pages\/26199","targetHints":{"allow":["GET"]}}],"collection":[{"href":"https:\/\/socialpubli.com\/blog\/es\/wp-json\/wp\/v2\/pages"}],"about":[{"href":"https:\/\/socialpubli.com\/blog\/es\/wp-json\/wp\/v2\/types\/page"}],"author":[{"embeddable":true,"href":"https:\/\/socialpubli.com\/blog\/es\/wp-json\/wp\/v2\/users\/2"}],"replies":[{"embeddable":true,"href":"https:\/\/socialpubli.com\/blog\/es\/wp-json\/wp\/v2\/comments?post=26199"}],"version-history":[{"count":7,"href":"https:\/\/socialpubli.com\/blog\/es\/wp-json\/wp\/v2\/pages\/26199\/revisions"}],"predecessor-version":[{"id":26207,"href":"https:\/\/socialpubli.com\/blog\/es\/wp-json\/wp\/v2\/pages\/26199\/revisions\/26207"}],"wp:featuredmedia":[{"embeddable":true,"href":"https:\/\/socialpubli.com\/blog\/es\/wp-json\/wp\/v2\/media\/26087"}],"wp:attachment":[{"href":"https:\/\/socialpubli.com\/blog\/es\/wp-json\/wp\/v2\/media?parent=26199"}],"curies":[{"name":"wp","href":"https:\/\/api.w.org\/{rel}","templated":true}]}}