{"id":26986,"date":"2025-06-13T11:03:12","date_gmt":"2025-06-13T09:03:12","guid":{"rendered":"https:\/\/socialpubli.com\/blog\/estudio-de-anunciantes-con-influencers-2019\/"},"modified":"2025-09-15T10:47:48","modified_gmt":"2025-09-15T08:47:48","slug":"estudio-anunciantes-influencers-2019","status":"publish","type":"page","link":"https:\/\/socialpubli.com\/blog\/es\/estudio-anunciantes-influencers-2019\/","title":{"rendered":"Estudio de Anunciantes con Influencers 2019"},"content":{"rendered":"\t\t<div data-elementor-type=\"wp-page\" data-elementor-id=\"26986\" class=\"elementor elementor-26986 elementor-5507\" data-elementor-post-type=\"page\">\n\t\t\t\t<div class=\"elementor-element elementor-element-43241ef e-flex e-con-boxed e-con e-parent\" data-id=\"43241ef\" data-element_type=\"container\" data-e-type=\"container\" data-settings=\"{&quot;background_background&quot;:&quot;classic&quot;}\">\n\t\t\t\t\t<div class=\"e-con-inner\">\n\t\t\t\t<div class=\"elementor-element elementor-element-c5610ad elementor-widget__width-initial elementor-widget elementor-widget-heading\" data-id=\"c5610ad\" data-element_type=\"widget\" data-e-type=\"widget\" data-widget_type=\"heading.default\">\n\t\t\t\t<div class=\"elementor-widget-container\">\n\t\t\t\t\t<h1 class=\"elementor-heading-title elementor-size-default\">Estudio de Anunciantes con Influencers 2019<\/h1>\t\t\t\t<\/div>\n\t\t\t\t<\/div>\n\t\t\t\t\t<\/div>\n\t\t\t\t<\/div>\n\t\t<div class=\"elementor-element elementor-element-2fc18d6 e-flex e-con-boxed e-con e-parent\" data-id=\"2fc18d6\" data-element_type=\"container\" data-e-type=\"container\">\n\t\t\t\t\t<div class=\"e-con-inner\">\n\t\t<div class=\"elementor-element elementor-element-1847bde e-con-full e-flex e-con e-child\" data-id=\"1847bde\" data-element_type=\"container\" data-e-type=\"container\">\n\t\t\t\t<div class=\"elementor-element elementor-element-d73dba2 elementor-widget elementor-widget-text-editor\" data-id=\"d73dba2\" data-element_type=\"widget\" data-e-type=\"widget\" data-widget_type=\"text-editor.default\">\n\t\t\t\t<div class=\"elementor-widget-container\">\n\t\t\t\t\t\t\t\t\t<p style=\"text-align: left;\">En SocialPubli.com hemos solicitado a nuestros <strong>anunciantes y profesionales del sector su opini\u00f3n sobre el marketing de influencers y sus tendencias<\/strong>. El resultado es este estudio de anunciantes con influencers 2019 (o puedes ver nuestro<a href=\"https:\/\/socialpubli.com\/blog\/es\/estudio-anunciantes-influencers-2020\/\"> estudio de anunciantes con Influencers 2020 aqu\u00ed)<\/a>. <\/p><p style=\"text-align: left;\">Somos un marketplace de influencers con <strong>m\u00e1s de 3 a\u00f1os de experiencia y m\u00e1s de 2.000 campa\u00f1as realizadas y m\u00e1s de 120.000 influencers registrados<\/strong>. Tenemos presencia comercial en 7 pa\u00edses (Espa\u00f1a, Portugal, Francia, Estados Unidos, M\u00e9xico, Colombia y Per\u00fa). <\/p><p style=\"text-align: left;\">Hemos contactado con <strong>150 profesionales de agencias y marcas<\/strong>, de Espa\u00f1a, Portugal y Estados Unidos, del marketing digital, que trabajan en marketing, relaciones p\u00fablicas, publicidad y medios y redes sociales.<\/p><p style=\"text-align: left;\">Extraemos conclusiones como que el<strong> marketing con influencers es efectivo o muy efectivo (84% de los encuestados) o que el 90% planea mantener o aumentar su inversi\u00f3n en marketing con influencers en 2019.<\/strong><\/p>\t\t\t\t\t\t\t\t<\/div>\n\t\t\t\t<\/div>\n\t\t\t\t<\/div>\n\t\t<div class=\"elementor-element elementor-element-7af63a9 e-con-full e-flex e-con e-child\" data-id=\"7af63a9\" data-element_type=\"container\" data-e-type=\"container\">\n\t\t\t\t<div class=\"elementor-element elementor-element-4071b87 elementor-widget elementor-widget-text-editor\" data-id=\"4071b87\" data-element_type=\"widget\" data-e-type=\"widget\" data-widget_type=\"text-editor.default\">\n\t\t\t\t<div class=\"elementor-widget-container\">\n\t\t\t\t\t\t\t\t\t<h2>Rellena este formulario para descargar el Estudio:<\/h2>\t\t\t\t\t\t\t\t<\/div>\n\t\t\t\t<\/div>\n\t\t\t\t<div class=\"elementor-element elementor-element-eed0fed elementor-button-align-stretch elementor-widget elementor-widget-form\" data-id=\"eed0fed\" data-element_type=\"widget\" data-e-type=\"widget\" data-settings=\"{&quot;step_next_label&quot;:&quot;Siguiente&quot;,&quot;step_previous_label&quot;:&quot;Anterior&quot;,&quot;button_width&quot;:&quot;100&quot;,&quot;step_type&quot;:&quot;number_text&quot;,&quot;step_icon_shape&quot;:&quot;circle&quot;}\" data-widget_type=\"form.default\">\n\t\t\t\t<div class=\"elementor-widget-container\">\n\t\t\t\t\t\t\t<form class=\"elementor-form\" method=\"post\" name=\"Form Estudio anunciantes 2019 ES\" aria-label=\"Form Estudio anunciantes 2019 ES\">\n\t\t\t<input type=\"hidden\" name=\"post_id\" value=\"26986\"\/>\n\t\t\t<input type=\"hidden\" name=\"form_id\" value=\"eed0fed\"\/>\n\t\t\t<input type=\"hidden\" name=\"referer_title\" value=\"Social Publi Blog\" \/>\n\n\t\t\t\n\t\t\t<div class=\"elementor-form-fields-wrapper elementor-labels-above\">\n\t\t\t\t\t\t\t\t<div class=\"elementor-field-type-text elementor-field-group elementor-column elementor-field-group-name elementor-col-100\">\n\t\t\t\t\t\t\t\t\t\t\t\t<label for=\"form-field-name\" class=\"elementor-field-label\">\n\t\t\t\t\t\t\t\tNombre\t\t\t\t\t\t\t<\/label>\n\t\t\t\t\t\t\t\t\t\t\t\t\t\t<input size=\"1\" type=\"text\" name=\"form_fields[name]\" id=\"form-field-name\" class=\"elementor-field elementor-size-sm  elementor-field-textual\" placeholder=\"Nombre\">\n\t\t\t\t\t\t\t\t\t\t\t<\/div>\n\t\t\t\t\t\t\t\t<div class=\"elementor-field-type-email elementor-field-group elementor-column elementor-field-group-email elementor-col-100 elementor-field-required\">\n\t\t\t\t\t\t\t\t\t\t\t\t<label for=\"form-field-email\" class=\"elementor-field-label\">\n\t\t\t\t\t\t\t\tEmail\t\t\t\t\t\t\t<\/label>\n\t\t\t\t\t\t\t\t\t\t\t\t\t\t<input size=\"1\" type=\"email\" name=\"form_fields[email]\" id=\"form-field-email\" class=\"elementor-field elementor-size-sm  elementor-field-textual\" placeholder=\"Email\" required=\"required\">\n\t\t\t\t\t\t\t\t\t\t\t<\/div>\n\t\t\t\t\t\t\t\t<div class=\"elementor-field-type-text elementor-field-group elementor-column elementor-field-group-field_6d46dcc elementor-col-100 elementor-field-required\">\n\t\t\t\t\t\t\t\t\t\t\t\t<label for=\"form-field-field_6d46dcc\" class=\"elementor-field-label\">\n\t\t\t\t\t\t\t\tEmpresa\t\t\t\t\t\t\t<\/label>\n\t\t\t\t\t\t\t\t\t\t\t\t\t\t<input size=\"1\" type=\"text\" name=\"form_fields[field_6d46dcc]\" id=\"form-field-field_6d46dcc\" class=\"elementor-field elementor-size-sm  elementor-field-textual\" placeholder=\"Empresa\" required=\"required\">\n\t\t\t\t\t\t\t\t\t\t\t<\/div>\n\t\t\t\t\t\t\t\t<div class=\"elementor-field-type-acceptance elementor-field-group elementor-column elementor-field-group-field_8cb81c1 elementor-col-100 elementor-field-required\">\n\t\t\t\t\t\t\t<div class=\"elementor-field-subgroup\">\n\t\t\t<span class=\"elementor-field-option\">\n\t\t\t\t<input type=\"checkbox\" name=\"form_fields[field_8cb81c1]\" id=\"form-field-field_8cb81c1\" class=\"elementor-field elementor-size-sm  elementor-acceptance-field\" required=\"required\">\n\t\t\t\t<label for=\"form-field-field_8cb81c1\">Acepto comunicaci\u00f3n comercial de Socialpubli<\/label>\t\t\t<\/span>\n\t\t<\/div>\n\t\t\t\t\t\t<\/div>\n\t\t\t\t\t\t\t\t<div class=\"elementor-field-type-acceptance elementor-field-group elementor-column elementor-field-group-field_bc4f920 elementor-col-100 elementor-field-required\">\n\t\t\t\t\t\t\t<div class=\"elementor-field-subgroup\">\n\t\t\t<span class=\"elementor-field-option\">\n\t\t\t\t<input type=\"checkbox\" name=\"form_fields[field_bc4f920]\" id=\"form-field-field_bc4f920\" class=\"elementor-field elementor-size-sm  elementor-acceptance-field\" required=\"required\">\n\t\t\t\t<label for=\"form-field-field_bc4f920\">Acepto la <a href=\"https:\/\/socialpubli.com\/corp\/advertisers\/politica_de_privacidad\" target=\"blank\" rel=\"nofollow\">Pol\u00edtica de privacidad<\/a><\/label>\t\t\t<\/span>\n\t\t<\/div>\n\t\t\t\t\t\t<\/div>\n\t\t\t\t\t\t\t\t<div class=\"elementor-field-group elementor-column elementor-field-type-submit elementor-col-100 e-form__buttons\">\n\t\t\t\t\t<button class=\"elementor-button elementor-size-sm\" type=\"submit\">\n\t\t\t\t\t\t<span class=\"elementor-button-content-wrapper\">\n\t\t\t\t\t\t\t\t\t\t\t\t\t\t\t\t\t\t\t\t\t\t<span class=\"elementor-button-text\">Descargar<\/span>\n\t\t\t\t\t\t\t\t\t\t\t\t\t<\/span>\n\t\t\t\t\t<\/button>\n\t\t\t\t<\/div>\n\t\t\t<\/div>\n\t\t<\/form>\n\t\t\t\t\t\t<\/div>\n\t\t\t\t<\/div>\n\t\t\t\t<\/div>\n\t\t\t\t\t<\/div>\n\t\t\t\t<\/div>\n\t\t\t\t<\/div>\n\t\t","protected":false},"excerpt":{"rendered":"<p>Estudio de Anunciantes con Influencers 2019 En SocialPubli.com hemos solicitado a nuestros anunciantes y profesionales del sector su opini\u00f3n sobre el marketing de influencers y sus tendencias. El resultado es este estudio de anunciantes con influencers 2019 (o puedes ver nuestro estudio de anunciantes con Influencers 2020 aqu\u00ed). Somos un marketplace de influencers con m\u00e1s [&hellip;]<\/p>\n","protected":false},"author":2,"featured_media":5349,"parent":0,"menu_order":0,"comment_status":"closed","ping_status":"closed","template":"elementor_header_footer","meta":{"footnotes":""},"class_list":["post-26986","page","type-page","status-publish","has-post-thumbnail","hentry"],"yoast_head":"<!-- This site is optimized with the Yoast SEO plugin v27.0 - https:\/\/yoast.com\/product\/yoast-seo-wordpress\/ -->\n<title>Estudio de Anunciantes con Influencers 2019 | SocialPubli Blog<\/title>\n<meta name=\"description\" content=\"Hemos contactado con 150 profesionales de agencias y marcas, y elaboramos el primer estudio anunciantes con influencers 2019. \u00a1No te lo pierdas!\" \/>\n<meta name=\"robots\" content=\"index, follow, max-snippet:-1, max-image-preview:large, max-video-preview:-1\" \/>\n<link rel=\"canonical\" href=\"https:\/\/socialpubli.com\/blog\/es\/estudio-anunciantes-influencers-2019\/\" \/>\n<meta property=\"og:locale\" content=\"es_ES\" \/>\n<meta property=\"og:type\" content=\"article\" \/>\n<meta property=\"og:title\" content=\"Estudio de Anunciantes con Influencers 2019 | SocialPubli Blog\" \/>\n<meta property=\"og:description\" content=\"Hemos contactado con 150 profesionales de agencias y marcas, y elaboramos el primer estudio anunciantes con influencers 2019. \u00a1No te lo pierdas!\" \/>\n<meta property=\"og:url\" content=\"https:\/\/socialpubli.com\/blog\/es\/estudio-anunciantes-influencers-2019\/\" \/>\n<meta property=\"og:site_name\" content=\"Social Publi Blog\" \/>\n<meta property=\"article:modified_time\" content=\"2025-09-15T08:47:48+00:00\" \/>\n<meta property=\"og:image\" content=\"https:\/\/socialpubli.com\/blog\/wp-content\/uploads\/2019\/01\/cabeceras_landing-1.png\" \/>\n\t<meta property=\"og:image:width\" content=\"1905\" \/>\n\t<meta property=\"og:image:height\" content=\"909\" \/>\n\t<meta property=\"og:image:type\" content=\"image\/png\" \/>\n<meta name=\"twitter:card\" content=\"summary_large_image\" \/>\n<meta name=\"twitter:label1\" content=\"Tiempo de lectura\" \/>\n\t<meta name=\"twitter:data1\" content=\"1 minuto\" \/>\n<script type=\"application\/ld+json\" class=\"yoast-schema-graph\">{\"@context\":\"https:\/\/schema.org\",\"@graph\":[{\"@type\":\"WebPage\",\"@id\":\"https:\/\/socialpubli.com\/blog\/es\/estudio-anunciantes-influencers-2019\/\",\"url\":\"https:\/\/socialpubli.com\/blog\/es\/estudio-anunciantes-influencers-2019\/\",\"name\":\"Estudio de Anunciantes con Influencers 2019 | SocialPubli Blog\",\"isPartOf\":{\"@id\":\"https:\/\/socialpubli.com\/blog\/#website\"},\"primaryImageOfPage\":{\"@id\":\"https:\/\/socialpubli.com\/blog\/es\/estudio-anunciantes-influencers-2019\/#primaryimage\"},\"image\":{\"@id\":\"https:\/\/socialpubli.com\/blog\/es\/estudio-anunciantes-influencers-2019\/#primaryimage\"},\"thumbnailUrl\":\"https:\/\/socialpubli.com\/blog\/wp-content\/uploads\/2019\/01\/cabeceras_landing-1.png\",\"datePublished\":\"2025-06-13T09:03:12+00:00\",\"dateModified\":\"2025-09-15T08:47:48+00:00\",\"description\":\"Hemos contactado con 150 profesionales de agencias y marcas, y elaboramos el primer estudio anunciantes con influencers 2019. \u00a1No te lo pierdas!\",\"breadcrumb\":{\"@id\":\"https:\/\/socialpubli.com\/blog\/es\/estudio-anunciantes-influencers-2019\/#breadcrumb\"},\"inLanguage\":\"es\",\"potentialAction\":[{\"@type\":\"ReadAction\",\"target\":[\"https:\/\/socialpubli.com\/blog\/es\/estudio-anunciantes-influencers-2019\/\"]}]},{\"@type\":\"ImageObject\",\"inLanguage\":\"es\",\"@id\":\"https:\/\/socialpubli.com\/blog\/es\/estudio-anunciantes-influencers-2019\/#primaryimage\",\"url\":\"https:\/\/socialpubli.com\/blog\/wp-content\/uploads\/2019\/01\/cabeceras_landing-1.png\",\"contentUrl\":\"https:\/\/socialpubli.com\/blog\/wp-content\/uploads\/2019\/01\/cabeceras_landing-1.png\",\"width\":1905,\"height\":909},{\"@type\":\"BreadcrumbList\",\"@id\":\"https:\/\/socialpubli.com\/blog\/es\/estudio-anunciantes-influencers-2019\/#breadcrumb\",\"itemListElement\":[{\"@type\":\"ListItem\",\"position\":1,\"name\":\"Portada\",\"item\":\"https:\/\/socialpubli.com\/blog\/\"},{\"@type\":\"ListItem\",\"position\":2,\"name\":\"Estudio de Anunciantes con Influencers 2019\"}]},{\"@type\":\"WebSite\",\"@id\":\"https:\/\/socialpubli.com\/blog\/#website\",\"url\":\"https:\/\/socialpubli.com\/blog\/\",\"name\":\"Social Publi Blog\",\"description\":\"Tendencias en marketing de influencers, branded content y estrategia en redes sociales.\",\"publisher\":{\"@id\":\"https:\/\/socialpubli.com\/blog\/#organization\"},\"potentialAction\":[{\"@type\":\"SearchAction\",\"target\":{\"@type\":\"EntryPoint\",\"urlTemplate\":\"https:\/\/socialpubli.com\/blog\/?s={search_term_string}\"},\"query-input\":{\"@type\":\"PropertyValueSpecification\",\"valueRequired\":true,\"valueName\":\"search_term_string\"}}],\"inLanguage\":\"es\"},{\"@type\":\"Organization\",\"@id\":\"https:\/\/socialpubli.com\/blog\/#organization\",\"name\":\"SocialPubli\",\"url\":\"https:\/\/socialpubli.com\/blog\/\",\"logo\":{\"@type\":\"ImageObject\",\"inLanguage\":\"es\",\"@id\":\"https:\/\/socialpubli.com\/blog\/#\/schema\/logo\/image\/\",\"url\":\"https:\/\/socialpubli.com\/blog\/wp-content\/uploads\/2017\/01\/logo-blog.png\",\"contentUrl\":\"https:\/\/socialpubli.com\/blog\/wp-content\/uploads\/2017\/01\/logo-blog.png\",\"width\":284,\"height\":53,\"caption\":\"SocialPubli\"},\"image\":{\"@id\":\"https:\/\/socialpubli.com\/blog\/#\/schema\/logo\/image\/\"}}]}<\/script>\n<!-- \/ Yoast SEO plugin. -->","yoast_head_json":{"title":"Estudio de Anunciantes con Influencers 2019 | SocialPubli Blog","description":"Hemos contactado con 150 profesionales de agencias y marcas, y elaboramos el primer estudio anunciantes con influencers 2019. \u00a1No te lo pierdas!","robots":{"index":"index","follow":"follow","max-snippet":"max-snippet:-1","max-image-preview":"max-image-preview:large","max-video-preview":"max-video-preview:-1"},"canonical":"https:\/\/socialpubli.com\/blog\/es\/estudio-anunciantes-influencers-2019\/","og_locale":"es_ES","og_type":"article","og_title":"Estudio de Anunciantes con Influencers 2019 | SocialPubli Blog","og_description":"Hemos contactado con 150 profesionales de agencias y marcas, y elaboramos el primer estudio anunciantes con influencers 2019. \u00a1No te lo pierdas!","og_url":"https:\/\/socialpubli.com\/blog\/es\/estudio-anunciantes-influencers-2019\/","og_site_name":"Social Publi Blog","article_modified_time":"2025-09-15T08:47:48+00:00","og_image":[{"width":1905,"height":909,"url":"https:\/\/socialpubli.com\/blog\/wp-content\/uploads\/2019\/01\/cabeceras_landing-1.png","type":"image\/png"}],"twitter_card":"summary_large_image","twitter_misc":{"Tiempo de lectura":"1 minuto"},"schema":{"@context":"https:\/\/schema.org","@graph":[{"@type":"WebPage","@id":"https:\/\/socialpubli.com\/blog\/es\/estudio-anunciantes-influencers-2019\/","url":"https:\/\/socialpubli.com\/blog\/es\/estudio-anunciantes-influencers-2019\/","name":"Estudio de Anunciantes con Influencers 2019 | SocialPubli Blog","isPartOf":{"@id":"https:\/\/socialpubli.com\/blog\/#website"},"primaryImageOfPage":{"@id":"https:\/\/socialpubli.com\/blog\/es\/estudio-anunciantes-influencers-2019\/#primaryimage"},"image":{"@id":"https:\/\/socialpubli.com\/blog\/es\/estudio-anunciantes-influencers-2019\/#primaryimage"},"thumbnailUrl":"https:\/\/socialpubli.com\/blog\/wp-content\/uploads\/2019\/01\/cabeceras_landing-1.png","datePublished":"2025-06-13T09:03:12+00:00","dateModified":"2025-09-15T08:47:48+00:00","description":"Hemos contactado con 150 profesionales de agencias y marcas, y elaboramos el primer estudio anunciantes con influencers 2019. \u00a1No te lo pierdas!","breadcrumb":{"@id":"https:\/\/socialpubli.com\/blog\/es\/estudio-anunciantes-influencers-2019\/#breadcrumb"},"inLanguage":"es","potentialAction":[{"@type":"ReadAction","target":["https:\/\/socialpubli.com\/blog\/es\/estudio-anunciantes-influencers-2019\/"]}]},{"@type":"ImageObject","inLanguage":"es","@id":"https:\/\/socialpubli.com\/blog\/es\/estudio-anunciantes-influencers-2019\/#primaryimage","url":"https:\/\/socialpubli.com\/blog\/wp-content\/uploads\/2019\/01\/cabeceras_landing-1.png","contentUrl":"https:\/\/socialpubli.com\/blog\/wp-content\/uploads\/2019\/01\/cabeceras_landing-1.png","width":1905,"height":909},{"@type":"BreadcrumbList","@id":"https:\/\/socialpubli.com\/blog\/es\/estudio-anunciantes-influencers-2019\/#breadcrumb","itemListElement":[{"@type":"ListItem","position":1,"name":"Portada","item":"https:\/\/socialpubli.com\/blog\/"},{"@type":"ListItem","position":2,"name":"Estudio de Anunciantes con Influencers 2019"}]},{"@type":"WebSite","@id":"https:\/\/socialpubli.com\/blog\/#website","url":"https:\/\/socialpubli.com\/blog\/","name":"Social Publi Blog","description":"Tendencias en marketing de influencers, branded content y estrategia en redes sociales.","publisher":{"@id":"https:\/\/socialpubli.com\/blog\/#organization"},"potentialAction":[{"@type":"SearchAction","target":{"@type":"EntryPoint","urlTemplate":"https:\/\/socialpubli.com\/blog\/?s={search_term_string}"},"query-input":{"@type":"PropertyValueSpecification","valueRequired":true,"valueName":"search_term_string"}}],"inLanguage":"es"},{"@type":"Organization","@id":"https:\/\/socialpubli.com\/blog\/#organization","name":"SocialPubli","url":"https:\/\/socialpubli.com\/blog\/","logo":{"@type":"ImageObject","inLanguage":"es","@id":"https:\/\/socialpubli.com\/blog\/#\/schema\/logo\/image\/","url":"https:\/\/socialpubli.com\/blog\/wp-content\/uploads\/2017\/01\/logo-blog.png","contentUrl":"https:\/\/socialpubli.com\/blog\/wp-content\/uploads\/2017\/01\/logo-blog.png","width":284,"height":53,"caption":"SocialPubli"},"image":{"@id":"https:\/\/socialpubli.com\/blog\/#\/schema\/logo\/image\/"}}]}},"_links":{"self":[{"href":"https:\/\/socialpubli.com\/blog\/es\/wp-json\/wp\/v2\/pages\/26986","targetHints":{"allow":["GET"]}}],"collection":[{"href":"https:\/\/socialpubli.com\/blog\/es\/wp-json\/wp\/v2\/pages"}],"about":[{"href":"https:\/\/socialpubli.com\/blog\/es\/wp-json\/wp\/v2\/types\/page"}],"author":[{"embeddable":true,"href":"https:\/\/socialpubli.com\/blog\/es\/wp-json\/wp\/v2\/users\/2"}],"replies":[{"embeddable":true,"href":"https:\/\/socialpubli.com\/blog\/es\/wp-json\/wp\/v2\/comments?post=26986"}],"version-history":[{"count":2,"href":"https:\/\/socialpubli.com\/blog\/es\/wp-json\/wp\/v2\/pages\/26986\/revisions"}],"predecessor-version":[{"id":26988,"href":"https:\/\/socialpubli.com\/blog\/es\/wp-json\/wp\/v2\/pages\/26986\/revisions\/26988"}],"wp:featuredmedia":[{"embeddable":true,"href":"https:\/\/socialpubli.com\/blog\/es\/wp-json\/wp\/v2\/media\/5349"}],"wp:attachment":[{"href":"https:\/\/socialpubli.com\/blog\/es\/wp-json\/wp\/v2\/media?parent=26986"}],"curies":[{"name":"wp","href":"https:\/\/api.w.org\/{rel}","templated":true}]}}