{"id":27004,"date":"2025-06-16T11:12:38","date_gmt":"2025-06-16T09:12:38","guid":{"rendered":"https:\/\/socialpubli.com\/blog\/i-estudio-global-de-microinfluencers\/"},"modified":"2025-09-15T11:30:23","modified_gmt":"2025-09-15T09:30:23","slug":"estudio-microinfluencers","status":"publish","type":"page","link":"https:\/\/socialpubli.com\/blog\/es\/estudio-microinfluencers\/","title":{"rendered":"I Estudio Global de MicroInfluencers"},"content":{"rendered":"\t\t<div data-elementor-type=\"wp-page\" data-elementor-id=\"27004\" class=\"elementor elementor-27004 elementor-4746\" data-elementor-post-type=\"page\">\n\t\t\t\t<div class=\"elementor-element elementor-element-6e7c494 e-flex e-con-boxed e-con e-parent\" data-id=\"6e7c494\" data-element_type=\"container\" data-e-type=\"container\" data-settings=\"{&quot;background_background&quot;:&quot;classic&quot;}\">\n\t\t\t\t\t<div class=\"e-con-inner\">\n\t\t<div class=\"elementor-element elementor-element-5ead72a e-con-full e-flex e-con e-child\" data-id=\"5ead72a\" data-element_type=\"container\" data-e-type=\"container\">\n\t\t\t\t<div class=\"elementor-element elementor-element-628be6c elementor-widget elementor-widget-heading\" data-id=\"628be6c\" data-element_type=\"widget\" data-e-type=\"widget\" data-widget_type=\"heading.default\">\n\t\t\t\t<div class=\"elementor-widget-container\">\n\t\t\t\t\t<h1 class=\"elementor-heading-title elementor-size-default\">I Estudio Global de MicroInfluencers<\/h1>\t\t\t\t<\/div>\n\t\t\t\t<\/div>\n\t\t\t\t<\/div>\n\t\t\t\t\t<\/div>\n\t\t\t\t<\/div>\n\t\t<div class=\"elementor-element elementor-element-4f19376 e-flex e-con-boxed e-con e-parent\" data-id=\"4f19376\" data-element_type=\"container\" data-e-type=\"container\">\n\t\t\t\t\t<div class=\"e-con-inner\">\n\t\t<div class=\"elementor-element elementor-element-b37401f e-con-full e-flex e-con e-child\" data-id=\"b37401f\" data-element_type=\"container\" data-e-type=\"container\">\n\t\t\t\t<div class=\"elementor-element elementor-element-4dd912d elementor-widget elementor-widget-text-editor\" data-id=\"4dd912d\" data-element_type=\"widget\" data-e-type=\"widget\" data-widget_type=\"text-editor.default\">\n\t\t\t\t<div class=\"elementor-widget-container\">\n\t\t\t\t\t\t\t\t\t<p style=\"text-align: left;\">En <a href=\"https:\/\/socialpubli.com\/\">SocialPubli<\/a> <b>celebramos nuestros 100.000 influencers registrados<\/b> con un <span style=\"font-weight: 400;\">estudio en el que hemos querido conocer la opini\u00f3n de los mismos sobre el marketing de influencers.<\/span> <b>  <\/b><\/p><p style=\"text-align: left;\"> <span style=\"font-weight: 400;\">Hemos<\/span><b> denominado el <\/b><b>estudio global, <\/b><span style=\"font-weight: 400;\">porque sus respuestas provienen de varios pa\u00edses, entre ellos<\/span> <b>Espa\u00f1a<\/b><span style=\"font-weight: 400;\">, <\/span><b>M\u00e9xico,<\/b><span style=\"font-weight: 400;\"> <\/span><b>Estados Unidos<\/b><span style=\"font-weight: 400;\">, <\/span><b>Colombia<\/b> <span style=\"font-weight: 400;\">y <\/span><b>Venezuela<\/b>,<span style=\"font-weight: 400;\"> entre muchos m\u00e1s.<\/span><\/p><p style=\"text-align: left;\"><span style=\"font-weight: 400;\">Adem\u00e1s, hemos definido el t\u00e9rmino microinfluencers, usuarios en redes sociales que tienen entre 100 y 10.000 seguidores, que son los que forman m\u00e1s del 80% de nuestra plataforma.<\/span><\/p><p style=\"text-align: left;\"><span style=\"font-weight: 400;\">Los <\/span><b>microinfluencers <\/b><span style=\"font-weight: 400;\"> son aut\u00e9nticos, reales, familiares y son los protagonistas de un b\u00e1sico del marketing de toda la vida: el boca a oreja. <\/span><\/p>\t\t\t\t\t\t\t\t<\/div>\n\t\t\t\t<\/div>\n\t\t\t\t<\/div>\n\t\t<div class=\"elementor-element elementor-element-ac7ad8a e-con-full e-flex e-con e-child\" data-id=\"ac7ad8a\" data-element_type=\"container\" data-e-type=\"container\">\n\t\t\t\t<div class=\"elementor-element elementor-element-48e0236 elementor-widget elementor-widget-text-editor\" data-id=\"48e0236\" data-element_type=\"widget\" data-e-type=\"widget\" data-widget_type=\"text-editor.default\">\n\t\t\t\t<div class=\"elementor-widget-container\">\n\t\t\t\t\t\t\t\t\t<h2>Rellena este formulario para descargar el Estudio:<\/h2>\t\t\t\t\t\t\t\t<\/div>\n\t\t\t\t<\/div>\n\t\t\t\t<div class=\"elementor-element elementor-element-74e8b7b elementor-button-align-stretch elementor-widget elementor-widget-form\" data-id=\"74e8b7b\" data-element_type=\"widget\" data-e-type=\"widget\" data-settings=\"{&quot;step_next_label&quot;:&quot;Siguiente&quot;,&quot;step_previous_label&quot;:&quot;Anterior&quot;,&quot;button_width&quot;:&quot;100&quot;,&quot;step_type&quot;:&quot;number_text&quot;,&quot;step_icon_shape&quot;:&quot;circle&quot;}\" data-widget_type=\"form.default\">\n\t\t\t\t<div class=\"elementor-widget-container\">\n\t\t\t\t\t\t\t<form class=\"elementor-form\" method=\"post\" name=\"Formulario Global microinfluencers ES\" aria-label=\"Formulario Global microinfluencers ES\">\n\t\t\t<input type=\"hidden\" name=\"post_id\" value=\"27004\"\/>\n\t\t\t<input type=\"hidden\" name=\"form_id\" value=\"74e8b7b\"\/>\n\t\t\t<input type=\"hidden\" name=\"referer_title\" value=\"I Estudio Global de MicroInfluencers&#039; | SocialPubli Blog\" \/>\n\n\t\t\t\t\t\t\t<input type=\"hidden\" name=\"queried_id\" value=\"27004\"\/>\n\t\t\t\n\t\t\t<div class=\"elementor-form-fields-wrapper elementor-labels-above\">\n\t\t\t\t\t\t\t\t<div class=\"elementor-field-type-text elementor-field-group elementor-column elementor-field-group-name elementor-col-100 elementor-field-required elementor-mark-required\">\n\t\t\t\t\t\t\t\t\t\t\t\t<label for=\"form-field-name\" class=\"elementor-field-label\">\n\t\t\t\t\t\t\t\tNombre\t\t\t\t\t\t\t<\/label>\n\t\t\t\t\t\t\t\t\t\t\t\t\t\t<input size=\"1\" type=\"text\" name=\"form_fields[name]\" id=\"form-field-name\" class=\"elementor-field elementor-size-sm  elementor-field-textual\" placeholder=\"Nombre\" required=\"required\">\n\t\t\t\t\t\t\t\t\t\t\t<\/div>\n\t\t\t\t\t\t\t\t<div class=\"elementor-field-type-email elementor-field-group elementor-column elementor-field-group-email elementor-col-100 elementor-field-required elementor-mark-required\">\n\t\t\t\t\t\t\t\t\t\t\t\t<label for=\"form-field-email\" class=\"elementor-field-label\">\n\t\t\t\t\t\t\t\tEmail\t\t\t\t\t\t\t<\/label>\n\t\t\t\t\t\t\t\t\t\t\t\t\t\t<input size=\"1\" type=\"email\" name=\"form_fields[email]\" id=\"form-field-email\" class=\"elementor-field elementor-size-sm  elementor-field-textual\" placeholder=\"Email\" required=\"required\">\n\t\t\t\t\t\t\t\t\t\t\t<\/div>\n\t\t\t\t\t\t\t\t<div class=\"elementor-field-type-tel elementor-field-group elementor-column elementor-field-group-field_acdfb71 elementor-col-100\">\n\t\t\t\t\t\t\t\t\t\t\t\t<label for=\"form-field-field_acdfb71\" class=\"elementor-field-label\">\n\t\t\t\t\t\t\t\tTel\u00e9fono\t\t\t\t\t\t\t<\/label>\n\t\t\t\t\t\t\t\t<input size=\"1\" type=\"tel\" name=\"form_fields[field_acdfb71]\" id=\"form-field-field_acdfb71\" class=\"elementor-field elementor-size-sm  elementor-field-textual\" placeholder=\"Tel\u00e9fono\" pattern=\"[0-9()#&amp;+*-=.]+\" title=\"Solo se aceptan n\u00fameros y caracteres de tel\u00e9fono (#,-,*,etc).\">\n\n\t\t\t\t\t\t<\/div>\n\t\t\t\t\t\t\t\t<div class=\"elementor-field-type-text elementor-field-group elementor-column elementor-field-group-field_47619e7 elementor-col-100 elementor-field-required elementor-mark-required\">\n\t\t\t\t\t\t\t\t\t\t\t\t<label for=\"form-field-field_47619e7\" class=\"elementor-field-label\">\n\t\t\t\t\t\t\t\tEmpresa\t\t\t\t\t\t\t<\/label>\n\t\t\t\t\t\t\t\t\t\t\t\t\t\t<input size=\"1\" type=\"text\" name=\"form_fields[field_47619e7]\" id=\"form-field-field_47619e7\" class=\"elementor-field elementor-size-sm  elementor-field-textual\" placeholder=\"Empresa\" required=\"required\">\n\t\t\t\t\t\t\t\t\t\t\t<\/div>\n\t\t\t\t\t\t\t\t<div class=\"elementor-field-type-acceptance elementor-field-group elementor-column elementor-field-group-field_4da9dfb elementor-col-100 elementor-field-required elementor-mark-required\">\n\t\t\t\t\t\t\t<div class=\"elementor-field-subgroup\">\n\t\t\t<span class=\"elementor-field-option\">\n\t\t\t\t<input type=\"checkbox\" name=\"form_fields[field_4da9dfb]\" id=\"form-field-field_4da9dfb\" class=\"elementor-field elementor-size-sm  elementor-acceptance-field\" required=\"required\">\n\t\t\t\t<label for=\"form-field-field_4da9dfb\">Acepto la <a href=\"https:\/\/socialpubli.com\/corp\/advertisers\/politica_de_privacidad\" target=\"blank\" rel=\"nofollow\">Pol\u00edtica de privacidad<\/a><\/label>\t\t\t<\/span>\n\t\t<\/div>\n\t\t\t\t\t\t<\/div>\n\t\t\t\t\t\t\t\t<div class=\"elementor-field-type-acceptance elementor-field-group elementor-column elementor-field-group-field_d7a8787 elementor-col-100 elementor-field-required elementor-mark-required\">\n\t\t\t\t\t\t\t<div class=\"elementor-field-subgroup\">\n\t\t\t<span class=\"elementor-field-option\">\n\t\t\t\t<input type=\"checkbox\" name=\"form_fields[field_d7a8787]\" id=\"form-field-field_d7a8787\" class=\"elementor-field elementor-size-sm  elementor-acceptance-field\" required=\"required\">\n\t\t\t\t<label for=\"form-field-field_d7a8787\">Acepto comunicaci\u00f3n comercial de Socialpubli<\/label>\t\t\t<\/span>\n\t\t<\/div>\n\t\t\t\t\t\t<\/div>\n\t\t\t\t\t\t\t\t<div class=\"elementor-field-group elementor-column elementor-field-type-submit elementor-col-100 e-form__buttons\">\n\t\t\t\t\t<button class=\"elementor-button elementor-size-sm\" type=\"submit\">\n\t\t\t\t\t\t<span class=\"elementor-button-content-wrapper\">\n\t\t\t\t\t\t\t\t\t\t\t\t\t\t\t\t\t\t\t\t\t\t<span class=\"elementor-button-text\">Descargar<\/span>\n\t\t\t\t\t\t\t\t\t\t\t\t\t<\/span>\n\t\t\t\t\t<\/button>\n\t\t\t\t<\/div>\n\t\t\t<\/div>\n\t\t<\/form>\n\t\t\t\t\t\t<\/div>\n\t\t\t\t<\/div>\n\t\t\t\t<\/div>\n\t\t\t\t\t<\/div>\n\t\t\t\t<\/div>\n\t\t\t\t<\/div>\n\t\t","protected":false},"excerpt":{"rendered":"<p>I Estudio Global de MicroInfluencers En SocialPubli celebramos nuestros 100.000 influencers registrados con un estudio en el que hemos querido conocer la opini\u00f3n de los mismos sobre el marketing de influencers. Hemos denominado el estudio global, porque sus respuestas provienen de varios pa\u00edses, entre ellos Espa\u00f1a, M\u00e9xico, Estados Unidos, Colombia y Venezuela, entre muchos m\u00e1s. [&hellip;]<\/p>\n","protected":false},"author":2,"featured_media":3996,"parent":0,"menu_order":0,"comment_status":"closed","ping_status":"closed","template":"elementor_header_footer","meta":{"footnotes":""},"class_list":["post-27004","page","type-page","status-publish","has-post-thumbnail","hentry"],"yoast_head":"<!-- This site is optimized with the Yoast SEO plugin v27.0 - https:\/\/yoast.com\/product\/yoast-seo-wordpress\/ -->\n<title>I Estudio Global de MicroInfluencers&#039; | SocialPubli Blog<\/title>\n<meta name=\"description\" content=\"Estudio Global de Microinfluencers 2018. El primer estudio que analiza el marketing de influencers desde el punto de vista del microinfluencer. \u00a1Desc\u00fabrelo!\" \/>\n<meta name=\"robots\" content=\"index, follow, max-snippet:-1, max-image-preview:large, max-video-preview:-1\" \/>\n<link rel=\"canonical\" href=\"https:\/\/socialpubli.com\/blog\/es\/estudio-microinfluencers\/\" \/>\n<meta property=\"og:locale\" content=\"es_ES\" \/>\n<meta property=\"og:type\" content=\"article\" \/>\n<meta property=\"og:title\" content=\"I Estudio Global de MicroInfluencers&#039; | SocialPubli Blog\" \/>\n<meta property=\"og:description\" content=\"Estudio Global de Microinfluencers 2018. El primer estudio que analiza el marketing de influencers desde el punto de vista del microinfluencer. \u00a1Desc\u00fabrelo!\" \/>\n<meta property=\"og:url\" content=\"https:\/\/socialpubli.com\/blog\/es\/estudio-microinfluencers\/\" \/>\n<meta property=\"og:site_name\" content=\"Social Publi Blog\" \/>\n<meta property=\"article:modified_time\" content=\"2025-09-15T09:30:23+00:00\" \/>\n<meta property=\"og:image\" content=\"https:\/\/socialpubli.com\/blog\/wp-content\/uploads\/2018\/09\/Estudio-global_land2.jpg\" \/>\n\t<meta property=\"og:image:width\" content=\"1280\" \/>\n\t<meta property=\"og:image:height\" content=\"720\" \/>\n\t<meta property=\"og:image:type\" content=\"image\/jpeg\" \/>\n<meta name=\"twitter:card\" content=\"summary_large_image\" \/>\n<meta name=\"twitter:label1\" content=\"Tiempo de lectura\" \/>\n\t<meta name=\"twitter:data1\" content=\"1 minuto\" \/>\n<script type=\"application\/ld+json\" class=\"yoast-schema-graph\">{\"@context\":\"https:\/\/schema.org\",\"@graph\":[{\"@type\":\"WebPage\",\"@id\":\"https:\/\/socialpubli.com\/blog\/es\/estudio-microinfluencers\/\",\"url\":\"https:\/\/socialpubli.com\/blog\/es\/estudio-microinfluencers\/\",\"name\":\"I Estudio Global de MicroInfluencers' | SocialPubli Blog\",\"isPartOf\":{\"@id\":\"https:\/\/socialpubli.com\/blog\/#website\"},\"primaryImageOfPage\":{\"@id\":\"https:\/\/socialpubli.com\/blog\/es\/estudio-microinfluencers\/#primaryimage\"},\"image\":{\"@id\":\"https:\/\/socialpubli.com\/blog\/es\/estudio-microinfluencers\/#primaryimage\"},\"thumbnailUrl\":\"https:\/\/socialpubli.com\/blog\/wp-content\/uploads\/2018\/09\/Estudio-global_land2.jpg\",\"datePublished\":\"2025-06-16T09:12:38+00:00\",\"dateModified\":\"2025-09-15T09:30:23+00:00\",\"description\":\"Estudio Global de Microinfluencers 2018. El primer estudio que analiza el marketing de influencers desde el punto de vista del microinfluencer. \u00a1Desc\u00fabrelo!\",\"breadcrumb\":{\"@id\":\"https:\/\/socialpubli.com\/blog\/es\/estudio-microinfluencers\/#breadcrumb\"},\"inLanguage\":\"es\",\"potentialAction\":[{\"@type\":\"ReadAction\",\"target\":[\"https:\/\/socialpubli.com\/blog\/es\/estudio-microinfluencers\/\"]}]},{\"@type\":\"ImageObject\",\"inLanguage\":\"es\",\"@id\":\"https:\/\/socialpubli.com\/blog\/es\/estudio-microinfluencers\/#primaryimage\",\"url\":\"https:\/\/socialpubli.com\/blog\/wp-content\/uploads\/2018\/09\/Estudio-global_land2.jpg\",\"contentUrl\":\"https:\/\/socialpubli.com\/blog\/wp-content\/uploads\/2018\/09\/Estudio-global_land2.jpg\",\"width\":\"1280\",\"height\":\"720\"},{\"@type\":\"BreadcrumbList\",\"@id\":\"https:\/\/socialpubli.com\/blog\/es\/estudio-microinfluencers\/#breadcrumb\",\"itemListElement\":[{\"@type\":\"ListItem\",\"position\":1,\"name\":\"Portada\",\"item\":\"https:\/\/socialpubli.com\/blog\/\"},{\"@type\":\"ListItem\",\"position\":2,\"name\":\"I Estudio Global de MicroInfluencers\"}]},{\"@type\":\"WebSite\",\"@id\":\"https:\/\/socialpubli.com\/blog\/#website\",\"url\":\"https:\/\/socialpubli.com\/blog\/\",\"name\":\"Social Publi Blog\",\"description\":\"Tendencias en marketing de influencers, branded content y estrategia en redes sociales.\",\"publisher\":{\"@id\":\"https:\/\/socialpubli.com\/blog\/#organization\"},\"potentialAction\":[{\"@type\":\"SearchAction\",\"target\":{\"@type\":\"EntryPoint\",\"urlTemplate\":\"https:\/\/socialpubli.com\/blog\/?s={search_term_string}\"},\"query-input\":{\"@type\":\"PropertyValueSpecification\",\"valueRequired\":true,\"valueName\":\"search_term_string\"}}],\"inLanguage\":\"es\"},{\"@type\":\"Organization\",\"@id\":\"https:\/\/socialpubli.com\/blog\/#organization\",\"name\":\"SocialPubli\",\"url\":\"https:\/\/socialpubli.com\/blog\/\",\"logo\":{\"@type\":\"ImageObject\",\"inLanguage\":\"es\",\"@id\":\"https:\/\/socialpubli.com\/blog\/#\/schema\/logo\/image\/\",\"url\":\"https:\/\/socialpubli.com\/blog\/wp-content\/uploads\/2017\/01\/logo-blog.png\",\"contentUrl\":\"https:\/\/socialpubli.com\/blog\/wp-content\/uploads\/2017\/01\/logo-blog.png\",\"width\":284,\"height\":53,\"caption\":\"SocialPubli\"},\"image\":{\"@id\":\"https:\/\/socialpubli.com\/blog\/#\/schema\/logo\/image\/\"}}]}<\/script>\n<!-- \/ Yoast SEO plugin. -->","yoast_head_json":{"title":"I Estudio Global de MicroInfluencers' | SocialPubli Blog","description":"Estudio Global de Microinfluencers 2018. El primer estudio que analiza el marketing de influencers desde el punto de vista del microinfluencer. \u00a1Desc\u00fabrelo!","robots":{"index":"index","follow":"follow","max-snippet":"max-snippet:-1","max-image-preview":"max-image-preview:large","max-video-preview":"max-video-preview:-1"},"canonical":"https:\/\/socialpubli.com\/blog\/es\/estudio-microinfluencers\/","og_locale":"es_ES","og_type":"article","og_title":"I Estudio Global de MicroInfluencers' | SocialPubli Blog","og_description":"Estudio Global de Microinfluencers 2018. El primer estudio que analiza el marketing de influencers desde el punto de vista del microinfluencer. \u00a1Desc\u00fabrelo!","og_url":"https:\/\/socialpubli.com\/blog\/es\/estudio-microinfluencers\/","og_site_name":"Social Publi Blog","article_modified_time":"2025-09-15T09:30:23+00:00","og_image":[{"width":1280,"height":720,"url":"https:\/\/socialpubli.com\/blog\/wp-content\/uploads\/2018\/09\/Estudio-global_land2.jpg","type":"image\/jpeg"}],"twitter_card":"summary_large_image","twitter_misc":{"Tiempo de lectura":"1 minuto"},"schema":{"@context":"https:\/\/schema.org","@graph":[{"@type":"WebPage","@id":"https:\/\/socialpubli.com\/blog\/es\/estudio-microinfluencers\/","url":"https:\/\/socialpubli.com\/blog\/es\/estudio-microinfluencers\/","name":"I Estudio Global de MicroInfluencers' | SocialPubli Blog","isPartOf":{"@id":"https:\/\/socialpubli.com\/blog\/#website"},"primaryImageOfPage":{"@id":"https:\/\/socialpubli.com\/blog\/es\/estudio-microinfluencers\/#primaryimage"},"image":{"@id":"https:\/\/socialpubli.com\/blog\/es\/estudio-microinfluencers\/#primaryimage"},"thumbnailUrl":"https:\/\/socialpubli.com\/blog\/wp-content\/uploads\/2018\/09\/Estudio-global_land2.jpg","datePublished":"2025-06-16T09:12:38+00:00","dateModified":"2025-09-15T09:30:23+00:00","description":"Estudio Global de Microinfluencers 2018. El primer estudio que analiza el marketing de influencers desde el punto de vista del microinfluencer. \u00a1Desc\u00fabrelo!","breadcrumb":{"@id":"https:\/\/socialpubli.com\/blog\/es\/estudio-microinfluencers\/#breadcrumb"},"inLanguage":"es","potentialAction":[{"@type":"ReadAction","target":["https:\/\/socialpubli.com\/blog\/es\/estudio-microinfluencers\/"]}]},{"@type":"ImageObject","inLanguage":"es","@id":"https:\/\/socialpubli.com\/blog\/es\/estudio-microinfluencers\/#primaryimage","url":"https:\/\/socialpubli.com\/blog\/wp-content\/uploads\/2018\/09\/Estudio-global_land2.jpg","contentUrl":"https:\/\/socialpubli.com\/blog\/wp-content\/uploads\/2018\/09\/Estudio-global_land2.jpg","width":"1280","height":"720"},{"@type":"BreadcrumbList","@id":"https:\/\/socialpubli.com\/blog\/es\/estudio-microinfluencers\/#breadcrumb","itemListElement":[{"@type":"ListItem","position":1,"name":"Portada","item":"https:\/\/socialpubli.com\/blog\/"},{"@type":"ListItem","position":2,"name":"I Estudio Global de MicroInfluencers"}]},{"@type":"WebSite","@id":"https:\/\/socialpubli.com\/blog\/#website","url":"https:\/\/socialpubli.com\/blog\/","name":"Social Publi Blog","description":"Tendencias en marketing de influencers, branded content y estrategia en redes sociales.","publisher":{"@id":"https:\/\/socialpubli.com\/blog\/#organization"},"potentialAction":[{"@type":"SearchAction","target":{"@type":"EntryPoint","urlTemplate":"https:\/\/socialpubli.com\/blog\/?s={search_term_string}"},"query-input":{"@type":"PropertyValueSpecification","valueRequired":true,"valueName":"search_term_string"}}],"inLanguage":"es"},{"@type":"Organization","@id":"https:\/\/socialpubli.com\/blog\/#organization","name":"SocialPubli","url":"https:\/\/socialpubli.com\/blog\/","logo":{"@type":"ImageObject","inLanguage":"es","@id":"https:\/\/socialpubli.com\/blog\/#\/schema\/logo\/image\/","url":"https:\/\/socialpubli.com\/blog\/wp-content\/uploads\/2017\/01\/logo-blog.png","contentUrl":"https:\/\/socialpubli.com\/blog\/wp-content\/uploads\/2017\/01\/logo-blog.png","width":284,"height":53,"caption":"SocialPubli"},"image":{"@id":"https:\/\/socialpubli.com\/blog\/#\/schema\/logo\/image\/"}}]}},"_links":{"self":[{"href":"https:\/\/socialpubli.com\/blog\/es\/wp-json\/wp\/v2\/pages\/27004","targetHints":{"allow":["GET"]}}],"collection":[{"href":"https:\/\/socialpubli.com\/blog\/es\/wp-json\/wp\/v2\/pages"}],"about":[{"href":"https:\/\/socialpubli.com\/blog\/es\/wp-json\/wp\/v2\/types\/page"}],"author":[{"embeddable":true,"href":"https:\/\/socialpubli.com\/blog\/es\/wp-json\/wp\/v2\/users\/2"}],"replies":[{"embeddable":true,"href":"https:\/\/socialpubli.com\/blog\/es\/wp-json\/wp\/v2\/comments?post=27004"}],"version-history":[{"count":2,"href":"https:\/\/socialpubli.com\/blog\/es\/wp-json\/wp\/v2\/pages\/27004\/revisions"}],"predecessor-version":[{"id":27006,"href":"https:\/\/socialpubli.com\/blog\/es\/wp-json\/wp\/v2\/pages\/27004\/revisions\/27006"}],"wp:featuredmedia":[{"embeddable":true,"href":"https:\/\/socialpubli.com\/blog\/es\/wp-json\/wp\/v2\/media\/3996"}],"wp:attachment":[{"href":"https:\/\/socialpubli.com\/blog\/es\/wp-json\/wp\/v2\/media?parent=27004"}],"curies":[{"name":"wp","href":"https:\/\/api.w.org\/{rel}","templated":true}]}}