{"id":4727,"date":"2018-10-02T18:41:06","date_gmt":"2018-10-02T16:41:06","guid":{"rendered":"https:\/\/socialpubli.com\/news\/?page_id=4727"},"modified":"2018-10-08T09:51:26","modified_gmt":"2018-10-08T07:51:26","slug":"estudio-microinfluencers-latam","status":"publish","type":"page","link":"https:\/\/socialpubli.com\/blog\/es\/estudio-microinfluencers-latam\/","title":{"rendered":"I Estudio Global Microinfluencers 2018"},"content":{"rendered":"<div class='section-text-landing'>\n<div class='clearfix'><iframe src='https:\/\/www.youtube.com\/embed\/FvQc310E79s?rel=0' width='560' height='315' frameborder='0' allowfullscreen='allowfullscreen'><\/iframe><\/p>\n<div class='box-text-land'>\n<p><img src='https:\/\/socialpubli.com\/news\/wp-content\/uploads\/2018\/09\/micro-icon_1.png' \/><\/p>\n<p style='font-size: 18px; text-align: center;'>En <a href='https:\/\/socialpubli.com\/'>SocialPubli.com<\/a> <b>celebramos nuestros 100.000 influencers registrados con un estudio<\/b> en el que hemos querido conocer la opini\u00f3n de los mismos sobre el marketing de influencers.<\/p>\n<\/div>\n<div class='box-text-land'>\n<p><img src='https:\/\/socialpubli.com\/news\/wp-content\/uploads\/2018\/09\/micro-icon_2.png' \/><\/p>\n<p style='font-size: 18px; text-align: center;'>Hemos denominado el <b>estudio global<\/b>, porque sus respuestas provienen de varios pa\u00edses, entre ellos <b>Espa\u00f1a, M\u00e9xico, Estados Unidos, Colombia y Venezuela<\/b>, entre muchos m\u00e1s.<\/p>\n<\/div>\n<\/div>\n<div class='clearfix'>\n<div class='box-text-land'>\n<p><img src='https:\/\/socialpubli.com\/news\/wp-content\/uploads\/2018\/09\/micro-icon_3.png' \/><\/p>\n<p style='font-size: 18px; text-align: center;'>Adem\u00e1s, hemos definido el t\u00e9rmino <b>microinfluencers, usuarios en redes sociales que tienen entre 100 y 10.000 seguidores<\/b>, que son los que forman m\u00e1s del 80% de nuestra plataforma.<\/p>\n<\/div>\n<div class='box-text-land'>\n<p><img src='https:\/\/socialpubli.com\/news\/wp-content\/uploads\/2018\/09\/micro-icon_4.png' \/><\/p>\n<p style='font-size: 18px; text-align: center;'>Los microinfluencers son aut\u00e9nticos, reales, familiares y son los protagonistas de un b\u00e1sico del <b>marketing de toda la vida<\/b>: el boca a oreja.<\/p>\n<\/div>\n<\/div>\n<\/div>\n<div class='section-form-landing clearfix'>\n<div class='box-img-form'><img src='https:\/\/socialpubli.com\/news\/wp-content\/uploads\/2018\/09\/influencers-register.png' \/><\/div>\n<div class='box-form-land'>\n<h2>Rellena este formulario para descargar el Estudio:<\/h2>\n<div class=\"wpcf7 no-js\" id=\"wpcf7-f4706-o1\" lang=\"es-ES\" dir=\"ltr\" data-wpcf7-id=\"4706\">\n<div class=\"screen-reader-response\">\n<p role=\"status\" aria-live=\"polite\" aria-atomic=\"true\"><\/p> <ul><\/ul>\n<\/div>\n<form action=\"\/blog\/es\/wp-json\/wp\/v2\/pages\/4727\/#wpcf7-f4706-o1\" method=\"post\" class=\"wpcf7-form init wpcf7-acceptance-as-validation\" aria-label=\"Formulario de contacto\" novalidate=\"novalidate\" data-status=\"init\">\n<fieldset class=\"hidden-fields-container\">\n<input type=\"hidden\" name=\"_wpcf7\" value=\"4706\"><input type=\"hidden\" name=\"_wpcf7_version\" value=\"6.1.5\"><input type=\"hidden\" name=\"_wpcf7_locale\" value=\"es_ES\"><input type=\"hidden\" name=\"_wpcf7_unit_tag\" value=\"wpcf7-f4706-o1\"><input type=\"hidden\" name=\"_wpcf7_container_post\" value=\"0\"><input type=\"hidden\" name=\"_wpcf7_posted_data_hash\" value=\"\"><input type=\"hidden\" name=\"_wpcf7_recaptcha_response\" value=\"\">\n<\/fieldset>\n<p><label> Tu nombre (requerido)<br>\n<span class=\"wpcf7-form-control-wrap\" data-name=\"your-name\"><input size=\"40\" maxlength=\"400\" class=\"wpcf7-form-control wpcf7-text wpcf7-validates-as-required\" aria-required=\"true\" aria-invalid=\"false\" value=\"\" type=\"text\" name=\"your-name\"><\/span> <\/label>\n<\/p>\n<p><label> Tu correo electr&oacute;nico (requerido)<br>\n<span class=\"wpcf7-form-control-wrap\" data-name=\"your-email\"><input size=\"40\" maxlength=\"400\" class=\"wpcf7-form-control wpcf7-email wpcf7-validates-as-required wpcf7-text wpcf7-validates-as-email\" aria-required=\"true\" aria-invalid=\"false\" value=\"\" type=\"email\" name=\"your-email\"><\/span> <\/label>\n<\/p>\n<p><label> Tu tel&eacute;fono (requerido)<br>\n<span class=\"wpcf7-form-control-wrap\" data-name=\"tel-705\"><input size=\"40\" maxlength=\"400\" class=\"wpcf7-form-control wpcf7-tel wpcf7-validates-as-required wpcf7-text wpcf7-validates-as-tel\" aria-required=\"true\" aria-invalid=\"false\" value=\"\" type=\"tel\" name=\"tel-705\"><\/span> <\/label>\n<\/p>\n<p><span class=\"wpcf7-form-control-wrap\" data-name=\"acceptance-919\"><span class=\"wpcf7-form-control wpcf7-acceptance\"><span class=\"wpcf7-list-item\"><input type=\"checkbox\" name=\"acceptance-919\" value=\"1\" aria-invalid=\"false\"><\/span><\/span><\/span> Acepto la <a href=\"https:\/\/socialpubli.com\/corp\/advertisers\/politica_de_privacidad\" target=\"blank\" rel=\"nofollow\">pol&iacute;tica de Privacidad<\/a>\n<\/p>\n<p><span class=\"wpcf7-form-control-wrap\" data-name=\"acceptance-144\"><span class=\"wpcf7-form-control wpcf7-acceptance\"><span class=\"wpcf7-list-item\"><input type=\"checkbox\" name=\"acceptance-144\" value=\"1\" aria-invalid=\"false\"><\/span><\/span><\/span> Acepto comunicaci&oacute;n comercial de Socialpubli.com\n<\/p>\n<p><input class=\"wpcf7-form-control wpcf7-submit has-spinner\" type=\"submit\" value=\"Descargar\">\n<\/p>\n<p style=\"display: none !important;\" class=\"akismet-fields-container\" data-prefix=\"_wpcf7_ak_\"><label>&Delta;<textarea name=\"_wpcf7_ak_hp_textarea\" cols=\"45\" rows=\"8\" maxlength=\"100\"><\/textarea><\/label><input type=\"hidden\" id=\"ak_js_1\" name=\"_wpcf7_ak_js\" value=\"114\"><script>document.getElementById( \"ak_js_1\" ).setAttribute( \"value\", ( new Date() ).getTime() );<\/script><\/p>\n<label class=\"ebd_input\"><input type=\"hidden\" name=\"ebd_downloads[]\" value=\"4736|2018 Estudio Global Microinfluencers LATAM\"> <\/label><input type=\"hidden\" class=\"ebd_setting\" name=\"ebd_settings[]\" value=\"title|2018 Estudio Global Microinfluencers LATAM\"><input type=\"hidden\" class=\"ebd_setting\" name=\"ebd_settings[]\" value=\"delivered_as|inline link\"><input type=\"hidden\" class=\"ebd_setting\" name=\"ebd_settings[]\" value=\"hide_form|no\"><input type=\"hidden\" class=\"ebd_setting\" name=\"ebd_settings[]\" value=\"radio|no\"><input type=\"hidden\" class=\"ebd_setting\" name=\"ebd_settings[]\" value=\"link_format|_blank\"><input type=\"hidden\" class=\"ebd_setting\" name=\"ebd_settings[]\" value=\"file_thumbnail|no\"><input type=\"hidden\" class=\"ebd_setting\" name=\"ebd_settings[]\" value=\"item_id|8\"><input type=\"hidden\" class=\"ebd_setting\" name=\"ebd_settings[]\" value=\"form_id|wpcf7-f4706-o1\"><div class=\"wpcf7-response-output\" aria-hidden=\"true\"><\/div>\n<\/form>\n<\/div>\n\n<\/div>\n<\/div>\n<p>&nbsp;<\/p>\n","protected":false},"excerpt":{"rendered":"<p>En SocialPubli.com celebramos nuestros 100.000 influencers registrados con un estudio en el que hemos querido conocer la opini\u00f3n de los mismos sobre el marketing de influencers. Hemos denominado el estudio global, porque sus respuestas provienen de varios pa\u00edses, entre ellos Espa\u00f1a, M\u00e9xico, Estados Unidos, Colombia y Venezuela, entre muchos m\u00e1s. Adem\u00e1s, hemos definido el t\u00e9rmino [&hellip;]<\/p>\n","protected":false},"author":2,"featured_media":3996,"parent":0,"menu_order":0,"comment_status":"closed","ping_status":"closed","template":"","meta":{"footnotes":""},"class_list":["post-4727","page","type-page","status-publish","has-post-thumbnail","hentry"],"yoast_head":"<!-- This site is optimized with the Yoast SEO plugin v27.0 - https:\/\/yoast.com\/product\/yoast-seo-wordpress\/ -->\n<title>I Estudio Global Microinfluencers 2018 | Social Publi Blog<\/title>\n<meta name=\"description\" content=\"En SocialPubli.com celebramos nuestros 100.000 influencers registrados con un estudio en el que hemos querido conocer la opini\u00f3n de los mismos sobre el\" \/>\n<meta name=\"robots\" content=\"index, follow, max-snippet:-1, max-image-preview:large, max-video-preview:-1\" \/>\n<link rel=\"canonical\" href=\"https:\/\/socialpubli.com\/news\/estudio-microinfluencers\/\" \/>\n<meta property=\"og:locale\" content=\"es_ES\" \/>\n<meta property=\"og:type\" content=\"article\" \/>\n<meta property=\"og:title\" content=\"I Estudio Global Microinfluencers 2018 | Social Publi Blog\" \/>\n<meta property=\"og:description\" content=\"En SocialPubli.com celebramos nuestros 100.000 influencers registrados con un estudio en el que hemos querido conocer la opini\u00f3n de los mismos sobre el\" \/>\n<meta property=\"og:url\" content=\"https:\/\/socialpubli.com\/news\/estudio-microinfluencers\/\" \/>\n<meta property=\"og:site_name\" content=\"Social Publi Blog\" \/>\n<meta property=\"article:modified_time\" content=\"2018-10-08T07:51:26+00:00\" \/>\n<meta property=\"og:image\" content=\"https:\/\/socialpubli.com\/blog\/wp-content\/uploads\/2018\/09\/Estudio-global_land2.jpg\" \/>\n\t<meta property=\"og:image:width\" content=\"1280\" \/>\n\t<meta property=\"og:image:height\" content=\"720\" \/>\n\t<meta property=\"og:image:type\" content=\"image\/jpeg\" \/>\n<meta name=\"twitter:card\" content=\"summary_large_image\" \/>\n<meta name=\"twitter:label1\" content=\"Tiempo de lectura\" \/>\n\t<meta name=\"twitter:data1\" content=\"1 minuto\" \/>\n<script type=\"application\/ld+json\" class=\"yoast-schema-graph\">{\"@context\":\"https:\/\/schema.org\",\"@graph\":[{\"@type\":\"WebPage\",\"@id\":\"https:\/\/socialpubli.com\/blog\/es\/estudio-microinfluencers-latam\/\",\"url\":\"https:\/\/socialpubli.com\/news\/estudio-microinfluencers\/\",\"name\":\"I Estudio Global Microinfluencers 2018 | Social Publi Blog\",\"isPartOf\":{\"@id\":\"https:\/\/socialpubli.com\/blog\/#website\"},\"primaryImageOfPage\":{\"@id\":\"https:\/\/socialpubli.com\/news\/estudio-microinfluencers\/#primaryimage\"},\"image\":{\"@id\":\"https:\/\/socialpubli.com\/news\/estudio-microinfluencers\/#primaryimage\"},\"thumbnailUrl\":\"https:\/\/socialpubli.com\/blog\/wp-content\/uploads\/2018\/09\/Estudio-global_land2.jpg\",\"datePublished\":\"2018-10-02T16:41:06+00:00\",\"dateModified\":\"2018-10-08T07:51:26+00:00\",\"description\":\"En SocialPubli.com celebramos nuestros 100.000 influencers registrados con un estudio en el que hemos querido conocer la opini\u00f3n de los mismos sobre el\",\"breadcrumb\":{\"@id\":\"https:\/\/socialpubli.com\/news\/estudio-microinfluencers\/#breadcrumb\"},\"inLanguage\":\"es\",\"potentialAction\":[{\"@type\":\"ReadAction\",\"target\":[\"https:\/\/socialpubli.com\/news\/estudio-microinfluencers\/\"]}]},{\"@type\":\"ImageObject\",\"inLanguage\":\"es\",\"@id\":\"https:\/\/socialpubli.com\/news\/estudio-microinfluencers\/#primaryimage\",\"url\":\"https:\/\/socialpubli.com\/blog\/wp-content\/uploads\/2018\/09\/Estudio-global_land2.jpg\",\"contentUrl\":\"https:\/\/socialpubli.com\/blog\/wp-content\/uploads\/2018\/09\/Estudio-global_land2.jpg\",\"width\":\"1280\",\"height\":\"720\"},{\"@type\":\"BreadcrumbList\",\"@id\":\"https:\/\/socialpubli.com\/news\/estudio-microinfluencers\/#breadcrumb\",\"itemListElement\":[{\"@type\":\"ListItem\",\"position\":1,\"name\":\"Portada\",\"item\":\"https:\/\/socialpubli.com\/blog\/\"},{\"@type\":\"ListItem\",\"position\":2,\"name\":\"I Estudio Global Microinfluencers 2018\"}]},{\"@type\":\"WebSite\",\"@id\":\"https:\/\/socialpubli.com\/blog\/#website\",\"url\":\"https:\/\/socialpubli.com\/blog\/\",\"name\":\"Social Publi Blog\",\"description\":\"Tendencias en marketing de influencers, branded content y estrategia en redes sociales.\",\"publisher\":{\"@id\":\"https:\/\/socialpubli.com\/blog\/#organization\"},\"potentialAction\":[{\"@type\":\"SearchAction\",\"target\":{\"@type\":\"EntryPoint\",\"urlTemplate\":\"https:\/\/socialpubli.com\/blog\/?s={search_term_string}\"},\"query-input\":{\"@type\":\"PropertyValueSpecification\",\"valueRequired\":true,\"valueName\":\"search_term_string\"}}],\"inLanguage\":\"es\"},{\"@type\":\"Organization\",\"@id\":\"https:\/\/socialpubli.com\/blog\/#organization\",\"name\":\"SocialPubli\",\"url\":\"https:\/\/socialpubli.com\/blog\/\",\"logo\":{\"@type\":\"ImageObject\",\"inLanguage\":\"es\",\"@id\":\"https:\/\/socialpubli.com\/blog\/#\/schema\/logo\/image\/\",\"url\":\"https:\/\/socialpubli.com\/blog\/wp-content\/uploads\/2017\/01\/logo-blog.png\",\"contentUrl\":\"https:\/\/socialpubli.com\/blog\/wp-content\/uploads\/2017\/01\/logo-blog.png\",\"width\":284,\"height\":53,\"caption\":\"SocialPubli\"},\"image\":{\"@id\":\"https:\/\/socialpubli.com\/blog\/#\/schema\/logo\/image\/\"}}]}<\/script>\n<!-- \/ Yoast SEO plugin. -->","yoast_head_json":{"title":"I Estudio Global Microinfluencers 2018 | Social Publi Blog","description":"En SocialPubli.com celebramos nuestros 100.000 influencers registrados con un estudio en el que hemos querido conocer la opini\u00f3n de los mismos sobre el","robots":{"index":"index","follow":"follow","max-snippet":"max-snippet:-1","max-image-preview":"max-image-preview:large","max-video-preview":"max-video-preview:-1"},"canonical":"https:\/\/socialpubli.com\/news\/estudio-microinfluencers\/","og_locale":"es_ES","og_type":"article","og_title":"I Estudio Global Microinfluencers 2018 | Social Publi Blog","og_description":"En SocialPubli.com celebramos nuestros 100.000 influencers registrados con un estudio en el que hemos querido conocer la opini\u00f3n de los mismos sobre el","og_url":"https:\/\/socialpubli.com\/news\/estudio-microinfluencers\/","og_site_name":"Social Publi Blog","article_modified_time":"2018-10-08T07:51:26+00:00","og_image":[{"width":1280,"height":720,"url":"https:\/\/socialpubli.com\/blog\/wp-content\/uploads\/2018\/09\/Estudio-global_land2.jpg","type":"image\/jpeg"}],"twitter_card":"summary_large_image","twitter_misc":{"Tiempo de lectura":"1 minuto"},"schema":{"@context":"https:\/\/schema.org","@graph":[{"@type":"WebPage","@id":"https:\/\/socialpubli.com\/blog\/es\/estudio-microinfluencers-latam\/","url":"https:\/\/socialpubli.com\/news\/estudio-microinfluencers\/","name":"I Estudio Global Microinfluencers 2018 | Social Publi Blog","isPartOf":{"@id":"https:\/\/socialpubli.com\/blog\/#website"},"primaryImageOfPage":{"@id":"https:\/\/socialpubli.com\/news\/estudio-microinfluencers\/#primaryimage"},"image":{"@id":"https:\/\/socialpubli.com\/news\/estudio-microinfluencers\/#primaryimage"},"thumbnailUrl":"https:\/\/socialpubli.com\/blog\/wp-content\/uploads\/2018\/09\/Estudio-global_land2.jpg","datePublished":"2018-10-02T16:41:06+00:00","dateModified":"2018-10-08T07:51:26+00:00","description":"En SocialPubli.com celebramos nuestros 100.000 influencers registrados con un estudio en el que hemos querido conocer la opini\u00f3n de los mismos sobre el","breadcrumb":{"@id":"https:\/\/socialpubli.com\/news\/estudio-microinfluencers\/#breadcrumb"},"inLanguage":"es","potentialAction":[{"@type":"ReadAction","target":["https:\/\/socialpubli.com\/news\/estudio-microinfluencers\/"]}]},{"@type":"ImageObject","inLanguage":"es","@id":"https:\/\/socialpubli.com\/news\/estudio-microinfluencers\/#primaryimage","url":"https:\/\/socialpubli.com\/blog\/wp-content\/uploads\/2018\/09\/Estudio-global_land2.jpg","contentUrl":"https:\/\/socialpubli.com\/blog\/wp-content\/uploads\/2018\/09\/Estudio-global_land2.jpg","width":"1280","height":"720"},{"@type":"BreadcrumbList","@id":"https:\/\/socialpubli.com\/news\/estudio-microinfluencers\/#breadcrumb","itemListElement":[{"@type":"ListItem","position":1,"name":"Portada","item":"https:\/\/socialpubli.com\/blog\/"},{"@type":"ListItem","position":2,"name":"I Estudio Global Microinfluencers 2018"}]},{"@type":"WebSite","@id":"https:\/\/socialpubli.com\/blog\/#website","url":"https:\/\/socialpubli.com\/blog\/","name":"Social Publi Blog","description":"Tendencias en marketing de influencers, branded content y estrategia en redes sociales.","publisher":{"@id":"https:\/\/socialpubli.com\/blog\/#organization"},"potentialAction":[{"@type":"SearchAction","target":{"@type":"EntryPoint","urlTemplate":"https:\/\/socialpubli.com\/blog\/?s={search_term_string}"},"query-input":{"@type":"PropertyValueSpecification","valueRequired":true,"valueName":"search_term_string"}}],"inLanguage":"es"},{"@type":"Organization","@id":"https:\/\/socialpubli.com\/blog\/#organization","name":"SocialPubli","url":"https:\/\/socialpubli.com\/blog\/","logo":{"@type":"ImageObject","inLanguage":"es","@id":"https:\/\/socialpubli.com\/blog\/#\/schema\/logo\/image\/","url":"https:\/\/socialpubli.com\/blog\/wp-content\/uploads\/2017\/01\/logo-blog.png","contentUrl":"https:\/\/socialpubli.com\/blog\/wp-content\/uploads\/2017\/01\/logo-blog.png","width":284,"height":53,"caption":"SocialPubli"},"image":{"@id":"https:\/\/socialpubli.com\/blog\/#\/schema\/logo\/image\/"}}]}},"_links":{"self":[{"href":"https:\/\/socialpubli.com\/blog\/es\/wp-json\/wp\/v2\/pages\/4727","targetHints":{"allow":["GET"]}}],"collection":[{"href":"https:\/\/socialpubli.com\/blog\/es\/wp-json\/wp\/v2\/pages"}],"about":[{"href":"https:\/\/socialpubli.com\/blog\/es\/wp-json\/wp\/v2\/types\/page"}],"author":[{"embeddable":true,"href":"https:\/\/socialpubli.com\/blog\/es\/wp-json\/wp\/v2\/users\/2"}],"replies":[{"embeddable":true,"href":"https:\/\/socialpubli.com\/blog\/es\/wp-json\/wp\/v2\/comments?post=4727"}],"version-history":[{"count":4,"href":"https:\/\/socialpubli.com\/blog\/es\/wp-json\/wp\/v2\/pages\/4727\/revisions"}],"predecessor-version":[{"id":4770,"href":"https:\/\/socialpubli.com\/blog\/es\/wp-json\/wp\/v2\/pages\/4727\/revisions\/4770"}],"wp:featuredmedia":[{"embeddable":true,"href":"https:\/\/socialpubli.com\/blog\/es\/wp-json\/wp\/v2\/media\/3996"}],"wp:attachment":[{"href":"https:\/\/socialpubli.com\/blog\/es\/wp-json\/wp\/v2\/media?parent=4727"}],"curies":[{"name":"wp","href":"https:\/\/api.w.org\/{rel}","templated":true}]}}