{"id":4997,"date":"2018-11-28T15:38:07","date_gmt":"2018-11-28T13:38:07","guid":{"rendered":"https:\/\/socialpubli.com\/news\/?page_id=4997"},"modified":"2025-09-08T10:14:29","modified_gmt":"2025-09-08T08:14:29","slug":"estoesebay","status":"publish","type":"page","link":"https:\/\/socialpubli.com\/blog\/es\/estoesebay\/","title":{"rendered":"#DiadelInfluencer Hoy es el d\u00eda de conseguir un premio, por ser el m\u00e1s influencer"},"content":{"rendered":"<section id=\"steps\">\n<div class=\"container_multi\">\n<div class=\"step\">\n<p><img decoding=\"async\" src=\"https:\/\/socialpubli.com\/blog\/wp-content\/uploads\/2018\/11\/gift-box.png\" \/><\/p>\n<p><strong>Elige tu regalo del <a href=\"http:\/\/www.ebay.es\/rpp\/regalos-originales-navidad\" target=\"_blank\" rel=\"noopener\">cat\u00e1logo<\/a><\/strong> de regalos originales de Navidad de eBay Espa\u00f1a.<\/p>\n<\/div>\n<div class=\"step\">\n<p><img decoding=\"async\" src=\"https:\/\/socialpubli.com\/blog\/wp-content\/uploads\/2018\/11\/instagram.png\" \/><\/p>\n<p><strong>Sube tu publicaci\u00f3n a<\/strong> a Instagram Stories o a Twitter en foto o v\u00eddeo, recomendando el producto elegido con los hashtag <strong>#EstoesEBAY<\/strong> <strong>#DiaDelInfluencer\u00a0<\/strong>y mencionando a <strong>@socialpubli<\/strong> y a <strong>@ebayspain<\/strong> en el caso de<strong> Instagram, <\/strong>y a <strong>@socialpubli_es<\/strong> y<strong> @eBayESP <\/strong>en el caso de<strong> Twitter.<\/strong><\/p>\n<\/div>\n<div class=\"step\">\n<p><img decoding=\"async\" src=\"https:\/\/socialpubli.com\/blog\/wp-content\/uploads\/2018\/11\/network.png\" \/><\/p>\n<p><strong>Un jurado<\/strong> de eBay y SocialPubli.com otorgar\u00e1 durante todo el d\u00eda 30 de noviembre, 40 premios directos a los m\u00e1s originales.<\/p>\n<\/div>\n<\/div>\n<\/section>\n<section id=\"images\">\n<div class=\"container_multi\">\n<h2>Estos son los regalos que tenemos para ti:<\/h2>\n<p>[foogallery id=\u00bb5120&#8243;]<\/p>\n<div class=\"legal\"><a href=\"https:\/\/socialpubli.com\/blog\/wp-content\/uploads\/2018\/11\/Bases-Legales-EstoEsEbay-1.pdf\" target=\"_blank\" rel=\"noopener\">Consulta las Bases Legales del concurso<\/a><\/div>\n<\/div>\n<\/section>\n<section id=\"stories\">\n<div class=\"container_multi\">\n<div class=\"story\">\n<h2>Participantes:<\/h2>\n<div class=\"embedsocial-stories\" data-ref=\"9ecb489bf789071e0b4aab05a91d34ddea43e583\"><\/div>\n<p><script>(function(d, s, id){var js; if (d.getElementById(id)) {return;} js = d.createElement(s); js.id = id; js.src = \"https:\/\/embedsocial.com\/embedscript\/st.js\"; d.getElementsByTagName(\"head\")[0].appendChild(js);}(document, \"script\", \"EmbedSocialStoriesScript\"));<\/script><\/p>\n<\/div>\n<div class=\"story\">\n<h2>TWITTER:<\/h2>\n<p><a class=\"twitter-grid\" href=\"https:\/\/twitter.com\/socialpubli_es\/timelines\/1068188321262776320?ref_src=twsrc%5Etfw\" data-partner=\"tweetdeck\">#EstoesEBAY <\/a> <script async src=\"https:\/\/platform.twitter.com\/widgets.js\" charset=\"utf-8\"><\/script><\/p>\n<\/div>\n<p><!--\n\n\n<div class=\"story\">\n\n\n<h2>Ganadores:<\/h2>\n\n\n\n\n<div class=\"embedsocial-stories\" data-ref=\"9ecb489bf789071e0b4aab05a91d34ddea43e583\"><\/div>\n\n\n<script>(function(d, s, id){var js; if (d.getElementById(id)) {return;} js = d.createElement(s); js.id = id; js.src = \"https:\/\/embedsocial.com\/embedscript\/st.js\"; d.getElementsByTagName(\"head\")[0].appendChild(js);}(document, \"script\", \"EmbedSocialStoriesScript\"));<\/script>\n\n<\/div>\n\n\n--><\/p>\n<\/div>\n<\/section>\n","protected":false},"excerpt":{"rendered":"<p>Elige tu regalo del cat\u00e1logo de regalos originales de Navidad de eBay Espa\u00f1a. Sube tu publicaci\u00f3n a a Instagram Stories o a Twitter en foto o v\u00eddeo, recomendando el producto elegido con los hashtag #EstoesEBAY #DiaDelInfluencer\u00a0y mencionando a @socialpubli y a @ebayspain en el caso de Instagram, y a @socialpubli_es y @eBayESP en el caso [&hellip;]<\/p>\n","protected":false},"author":2,"featured_media":5096,"parent":0,"menu_order":0,"comment_status":"closed","ping_status":"closed","template":"","meta":{"footnotes":""},"class_list":["post-4997","page","type-page","status-publish","has-post-thumbnail","hentry"],"yoast_head":"<!-- This site is optimized with the Yoast SEO plugin v27.0 - https:\/\/yoast.com\/product\/yoast-seo-wordpress\/ -->\n<title>#DiadelInfluencer: \u00a1Es el d\u00eda de ganar premios! | SocialPubli Blog<\/title>\n<meta name=\"description\" content=\"Elige tu regalo del cat\u00e1logo de regalos originales de Navidad de eBay Espa\u00f1a. Sube tu publicaci\u00f3n a Instagram Stories o a Twitter en foto o v\u00eddeo, \u00a1no te lo pierdas!\" \/>\n<meta name=\"robots\" content=\"index, follow, max-snippet:-1, max-image-preview:large, max-video-preview:-1\" \/>\n<link rel=\"canonical\" href=\"https:\/\/socialpubli.com\/blog\/es\/estoesebay\/\" \/>\n<meta property=\"og:locale\" content=\"es_ES\" \/>\n<meta property=\"og:type\" content=\"article\" \/>\n<meta property=\"og:title\" content=\"#DiadelInfluencer: \u00a1Es el d\u00eda de ganar premios! | SocialPubli Blog\" \/>\n<meta property=\"og:description\" content=\"Elige tu regalo del cat\u00e1logo de regalos originales de Navidad de eBay Espa\u00f1a. Sube tu publicaci\u00f3n a Instagram Stories o a Twitter en foto o v\u00eddeo, \u00a1no te lo pierdas!\" \/>\n<meta property=\"og:url\" content=\"https:\/\/socialpubli.com\/blog\/es\/estoesebay\/\" \/>\n<meta property=\"og:site_name\" content=\"Social Publi Blog\" \/>\n<meta property=\"article:modified_time\" content=\"2025-09-08T08:14:29+00:00\" \/>\n<meta property=\"og:image\" content=\"https:\/\/socialpubli.com\/blog\/wp-content\/uploads\/2018\/11\/imagen-web-1.jpg\" \/>\n\t<meta property=\"og:image:width\" content=\"1280\" \/>\n\t<meta property=\"og:image:height\" content=\"720\" \/>\n\t<meta property=\"og:image:type\" content=\"image\/jpeg\" \/>\n<meta name=\"twitter:card\" content=\"summary_large_image\" \/>\n<meta name=\"twitter:label1\" content=\"Tiempo de lectura\" \/>\n\t<meta name=\"twitter:data1\" content=\"2 minutos\" \/>\n<script type=\"application\/ld+json\" class=\"yoast-schema-graph\">{\"@context\":\"https:\/\/schema.org\",\"@graph\":[{\"@type\":\"WebPage\",\"@id\":\"https:\/\/socialpubli.com\/blog\/es\/estoesebay\/\",\"url\":\"https:\/\/socialpubli.com\/blog\/es\/estoesebay\/\",\"name\":\"#DiadelInfluencer: \u00a1Es el d\u00eda de ganar premios! | SocialPubli Blog\",\"isPartOf\":{\"@id\":\"https:\/\/socialpubli.com\/blog\/#website\"},\"primaryImageOfPage\":{\"@id\":\"https:\/\/socialpubli.com\/blog\/es\/estoesebay\/#primaryimage\"},\"image\":{\"@id\":\"https:\/\/socialpubli.com\/blog\/es\/estoesebay\/#primaryimage\"},\"thumbnailUrl\":\"https:\/\/socialpubli.com\/blog\/wp-content\/uploads\/2018\/11\/imagen-web-1.jpg\",\"datePublished\":\"2018-11-28T13:38:07+00:00\",\"dateModified\":\"2025-09-08T08:14:29+00:00\",\"description\":\"Elige tu regalo del cat\u00e1logo de regalos originales de Navidad de eBay Espa\u00f1a. Sube tu publicaci\u00f3n a Instagram Stories o a Twitter en foto o v\u00eddeo, \u00a1no te lo pierdas!\",\"breadcrumb\":{\"@id\":\"https:\/\/socialpubli.com\/blog\/es\/estoesebay\/#breadcrumb\"},\"inLanguage\":\"es\",\"potentialAction\":[{\"@type\":\"ReadAction\",\"target\":[\"https:\/\/socialpubli.com\/blog\/es\/estoesebay\/\"]}]},{\"@type\":\"ImageObject\",\"inLanguage\":\"es\",\"@id\":\"https:\/\/socialpubli.com\/blog\/es\/estoesebay\/#primaryimage\",\"url\":\"https:\/\/socialpubli.com\/blog\/wp-content\/uploads\/2018\/11\/imagen-web-1.jpg\",\"contentUrl\":\"https:\/\/socialpubli.com\/blog\/wp-content\/uploads\/2018\/11\/imagen-web-1.jpg\",\"width\":1280,\"height\":720},{\"@type\":\"BreadcrumbList\",\"@id\":\"https:\/\/socialpubli.com\/blog\/es\/estoesebay\/#breadcrumb\",\"itemListElement\":[{\"@type\":\"ListItem\",\"position\":1,\"name\":\"Portada\",\"item\":\"https:\/\/socialpubli.com\/blog\/\"},{\"@type\":\"ListItem\",\"position\":2,\"name\":\"#DiadelInfluencer Hoy es el d\u00eda de conseguir un premio, por ser el m\u00e1s influencer\"}]},{\"@type\":\"WebSite\",\"@id\":\"https:\/\/socialpubli.com\/blog\/#website\",\"url\":\"https:\/\/socialpubli.com\/blog\/\",\"name\":\"Social Publi Blog\",\"description\":\"Tendencias en marketing de influencers, branded content y estrategia en redes sociales.\",\"publisher\":{\"@id\":\"https:\/\/socialpubli.com\/blog\/#organization\"},\"potentialAction\":[{\"@type\":\"SearchAction\",\"target\":{\"@type\":\"EntryPoint\",\"urlTemplate\":\"https:\/\/socialpubli.com\/blog\/?s={search_term_string}\"},\"query-input\":{\"@type\":\"PropertyValueSpecification\",\"valueRequired\":true,\"valueName\":\"search_term_string\"}}],\"inLanguage\":\"es\"},{\"@type\":\"Organization\",\"@id\":\"https:\/\/socialpubli.com\/blog\/#organization\",\"name\":\"SocialPubli\",\"url\":\"https:\/\/socialpubli.com\/blog\/\",\"logo\":{\"@type\":\"ImageObject\",\"inLanguage\":\"es\",\"@id\":\"https:\/\/socialpubli.com\/blog\/#\/schema\/logo\/image\/\",\"url\":\"https:\/\/socialpubli.com\/blog\/wp-content\/uploads\/2017\/01\/logo-blog.png\",\"contentUrl\":\"https:\/\/socialpubli.com\/blog\/wp-content\/uploads\/2017\/01\/logo-blog.png\",\"width\":284,\"height\":53,\"caption\":\"SocialPubli\"},\"image\":{\"@id\":\"https:\/\/socialpubli.com\/blog\/#\/schema\/logo\/image\/\"}}]}<\/script>\n<!-- \/ Yoast SEO plugin. -->","yoast_head_json":{"title":"#DiadelInfluencer: \u00a1Es el d\u00eda de ganar premios! | SocialPubli Blog","description":"Elige tu regalo del cat\u00e1logo de regalos originales de Navidad de eBay Espa\u00f1a. Sube tu publicaci\u00f3n a Instagram Stories o a Twitter en foto o v\u00eddeo, \u00a1no te lo pierdas!","robots":{"index":"index","follow":"follow","max-snippet":"max-snippet:-1","max-image-preview":"max-image-preview:large","max-video-preview":"max-video-preview:-1"},"canonical":"https:\/\/socialpubli.com\/blog\/es\/estoesebay\/","og_locale":"es_ES","og_type":"article","og_title":"#DiadelInfluencer: \u00a1Es el d\u00eda de ganar premios! | SocialPubli Blog","og_description":"Elige tu regalo del cat\u00e1logo de regalos originales de Navidad de eBay Espa\u00f1a. Sube tu publicaci\u00f3n a Instagram Stories o a Twitter en foto o v\u00eddeo, \u00a1no te lo pierdas!","og_url":"https:\/\/socialpubli.com\/blog\/es\/estoesebay\/","og_site_name":"Social Publi Blog","article_modified_time":"2025-09-08T08:14:29+00:00","og_image":[{"width":1280,"height":720,"url":"https:\/\/socialpubli.com\/blog\/wp-content\/uploads\/2018\/11\/imagen-web-1.jpg","type":"image\/jpeg"}],"twitter_card":"summary_large_image","twitter_misc":{"Tiempo de lectura":"2 minutos"},"schema":{"@context":"https:\/\/schema.org","@graph":[{"@type":"WebPage","@id":"https:\/\/socialpubli.com\/blog\/es\/estoesebay\/","url":"https:\/\/socialpubli.com\/blog\/es\/estoesebay\/","name":"#DiadelInfluencer: \u00a1Es el d\u00eda de ganar premios! | SocialPubli Blog","isPartOf":{"@id":"https:\/\/socialpubli.com\/blog\/#website"},"primaryImageOfPage":{"@id":"https:\/\/socialpubli.com\/blog\/es\/estoesebay\/#primaryimage"},"image":{"@id":"https:\/\/socialpubli.com\/blog\/es\/estoesebay\/#primaryimage"},"thumbnailUrl":"https:\/\/socialpubli.com\/blog\/wp-content\/uploads\/2018\/11\/imagen-web-1.jpg","datePublished":"2018-11-28T13:38:07+00:00","dateModified":"2025-09-08T08:14:29+00:00","description":"Elige tu regalo del cat\u00e1logo de regalos originales de Navidad de eBay Espa\u00f1a. Sube tu publicaci\u00f3n a Instagram Stories o a Twitter en foto o v\u00eddeo, \u00a1no te lo pierdas!","breadcrumb":{"@id":"https:\/\/socialpubli.com\/blog\/es\/estoesebay\/#breadcrumb"},"inLanguage":"es","potentialAction":[{"@type":"ReadAction","target":["https:\/\/socialpubli.com\/blog\/es\/estoesebay\/"]}]},{"@type":"ImageObject","inLanguage":"es","@id":"https:\/\/socialpubli.com\/blog\/es\/estoesebay\/#primaryimage","url":"https:\/\/socialpubli.com\/blog\/wp-content\/uploads\/2018\/11\/imagen-web-1.jpg","contentUrl":"https:\/\/socialpubli.com\/blog\/wp-content\/uploads\/2018\/11\/imagen-web-1.jpg","width":1280,"height":720},{"@type":"BreadcrumbList","@id":"https:\/\/socialpubli.com\/blog\/es\/estoesebay\/#breadcrumb","itemListElement":[{"@type":"ListItem","position":1,"name":"Portada","item":"https:\/\/socialpubli.com\/blog\/"},{"@type":"ListItem","position":2,"name":"#DiadelInfluencer Hoy es el d\u00eda de conseguir un premio, por ser el m\u00e1s influencer"}]},{"@type":"WebSite","@id":"https:\/\/socialpubli.com\/blog\/#website","url":"https:\/\/socialpubli.com\/blog\/","name":"Social Publi Blog","description":"Tendencias en marketing de influencers, branded content y estrategia en redes sociales.","publisher":{"@id":"https:\/\/socialpubli.com\/blog\/#organization"},"potentialAction":[{"@type":"SearchAction","target":{"@type":"EntryPoint","urlTemplate":"https:\/\/socialpubli.com\/blog\/?s={search_term_string}"},"query-input":{"@type":"PropertyValueSpecification","valueRequired":true,"valueName":"search_term_string"}}],"inLanguage":"es"},{"@type":"Organization","@id":"https:\/\/socialpubli.com\/blog\/#organization","name":"SocialPubli","url":"https:\/\/socialpubli.com\/blog\/","logo":{"@type":"ImageObject","inLanguage":"es","@id":"https:\/\/socialpubli.com\/blog\/#\/schema\/logo\/image\/","url":"https:\/\/socialpubli.com\/blog\/wp-content\/uploads\/2017\/01\/logo-blog.png","contentUrl":"https:\/\/socialpubli.com\/blog\/wp-content\/uploads\/2017\/01\/logo-blog.png","width":284,"height":53,"caption":"SocialPubli"},"image":{"@id":"https:\/\/socialpubli.com\/blog\/#\/schema\/logo\/image\/"}}]}},"_links":{"self":[{"href":"https:\/\/socialpubli.com\/blog\/es\/wp-json\/wp\/v2\/pages\/4997","targetHints":{"allow":["GET"]}}],"collection":[{"href":"https:\/\/socialpubli.com\/blog\/es\/wp-json\/wp\/v2\/pages"}],"about":[{"href":"https:\/\/socialpubli.com\/blog\/es\/wp-json\/wp\/v2\/types\/page"}],"author":[{"embeddable":true,"href":"https:\/\/socialpubli.com\/blog\/es\/wp-json\/wp\/v2\/users\/2"}],"replies":[{"embeddable":true,"href":"https:\/\/socialpubli.com\/blog\/es\/wp-json\/wp\/v2\/comments?post=4997"}],"version-history":[{"count":39,"href":"https:\/\/socialpubli.com\/blog\/es\/wp-json\/wp\/v2\/pages\/4997\/revisions"}],"predecessor-version":[{"id":27507,"href":"https:\/\/socialpubli.com\/blog\/es\/wp-json\/wp\/v2\/pages\/4997\/revisions\/27507"}],"wp:featuredmedia":[{"embeddable":true,"href":"https:\/\/socialpubli.com\/blog\/es\/wp-json\/wp\/v2\/media\/5096"}],"wp:attachment":[{"href":"https:\/\/socialpubli.com\/blog\/es\/wp-json\/wp\/v2\/media?parent=4997"}],"curies":[{"name":"wp","href":"https:\/\/api.w.org\/{rel}","templated":true}]}}