{"id":8183,"date":"2020-08-11T08:44:20","date_gmt":"2020-08-11T06:44:20","guid":{"rendered":"https:\/\/socialpubli.com\/blog\/?page_id=8183"},"modified":"2022-07-08T14:40:48","modified_gmt":"2022-07-08T12:40:48","slug":"twitch-influencers","status":"publish","type":"page","link":"https:\/\/socialpubli.com\/blog\/es\/twitch-influencers\/","title":{"rendered":"Marketing en Twitch con influencers"},"content":{"rendered":"<div class=\"wpb-content-wrapper\"><p>[vc_row][vc_column][vc_row_inner][vc_column_inner width=\u00bb1\/2&#8243;][vc_column_text css=\u00bb.vc_custom_1600087827791{padding-bottom: 40px !important;}\u00bb]<\/p>\n<h2>\u00bfQUIERES CREAR CAMPA\u00d1AS DE INFLUENCERS EN TWITCH?<\/h2>\n<p><span style='font-weight: 400;'>Los <strong>gamers y el sector de los eSports<\/strong> llevan tiempo ya instaurados en nuestras vidas. Sin embargo, esto no quiere decir que no haya proyecci\u00f3n en este campo, ya que <strong>es un sector que no deja de cambiar y de crecer<\/strong>. <strong>Y son precisamente estos jugadores quienes, teniendo una gran comunidad a sus espaldas, pueden dar un gran impulso a vuestra marca gracias al Marketing en Twitch con influencers.<\/strong><\/span><\/p>\n<p><span style='font-weight: 400;'>En SocialPubli somos conscientes del poder que tienen los gamers y por eso trabajamos en campa\u00f1as con estos perfiles a trav\u00e9s de la red social Twitch.<\/span>[\/vc_column_text][qodef_button size=\u00bbmedium\u00bb text=\u00bbPRU\u00c9BALO AHORA\u00bb target=\u00bb_self\u00bb icon_pack=\u00bb\u00bb font_weight=\u00bb\u00bb text_transform=\u00bb\u00bb link=\u00bbhttps:\/\/socialpubli.com\/es#advertiser_signup\u00bb custom_class=\u00bbbtn-not-resp\u00bb][\/vc_column_inner][vc_column_inner width=\u00bb1\/2&#8243;][vc_column_text css=\u00bb.vc_custom_1597096970784{margin-top: 60px !important;}\u00bb]<\/p>\n<div class='box-form-land'>\n<h3><span style='color: #f6a801;'>Si quieres m\u00e1s informaci\u00f3n desc\u00e1rgate nuestra gu\u00eda sobre campa\u00f1as con Twitch aqu\u00ed:<\/span><\/h3>\n<div class=\"wpcf7 no-js\" id=\"wpcf7-f8213-o1\" lang=\"es-ES\" dir=\"ltr\" data-wpcf7-id=\"8213\">\n<div class=\"screen-reader-response\">\n<p role=\"status\" aria-live=\"polite\" aria-atomic=\"true\"><\/p> <ul><\/ul>\n<\/div>\n<form action=\"\/blog\/es\/wp-json\/wp\/v2\/pages\/8183\/#wpcf7-f8213-o1\" method=\"post\" class=\"wpcf7-form init wpcf7-acceptance-as-validation\" aria-label=\"Formulario de contacto\" novalidate=\"novalidate\" data-status=\"init\">\n<fieldset class=\"hidden-fields-container\">\n<input type=\"hidden\" name=\"_wpcf7\" value=\"8213\"><input type=\"hidden\" name=\"_wpcf7_version\" value=\"6.1.5\"><input type=\"hidden\" name=\"_wpcf7_locale\" value=\"es_ES\"><input type=\"hidden\" name=\"_wpcf7_unit_tag\" value=\"wpcf7-f8213-o1\"><input type=\"hidden\" name=\"_wpcf7_container_post\" value=\"0\"><input type=\"hidden\" name=\"_wpcf7_posted_data_hash\" value=\"\"><input type=\"hidden\" name=\"_wpcf7_recaptcha_response\" value=\"\">\n<\/fieldset>\n<p><label> Tu nombre (requerido)<br>\n<span class=\"wpcf7-form-control-wrap\" data-name=\"your-name\"><input size=\"40\" maxlength=\"400\" class=\"wpcf7-form-control wpcf7-text wpcf7-validates-as-required\" aria-required=\"true\" aria-invalid=\"false\" value=\"\" type=\"text\" name=\"your-name\"><\/span> <\/label>\n<\/p>\n<p><label> Tu correo electr&oacute;nico (requerido)<br>\n<span class=\"wpcf7-form-control-wrap\" data-name=\"your-email\"><input size=\"40\" maxlength=\"400\" class=\"wpcf7-form-control wpcf7-email wpcf7-validates-as-required wpcf7-text wpcf7-validates-as-email\" aria-required=\"true\" aria-invalid=\"false\" value=\"\" type=\"email\" name=\"your-email\"><\/span> <\/label>\n<\/p>\n<p><label> Tu tel&eacute;fono (requerido)<br>\n<span class=\"wpcf7-form-control-wrap\" data-name=\"tel-705\"><input size=\"40\" maxlength=\"400\" class=\"wpcf7-form-control wpcf7-tel wpcf7-validates-as-required wpcf7-text wpcf7-validates-as-tel\" aria-required=\"true\" aria-invalid=\"false\" value=\"\" type=\"tel\" name=\"tel-705\"><\/span> <\/label>\n<\/p>\n<p><label> Tu empresa (requerido)<br>\n<span class=\"wpcf7-form-control-wrap\" data-name=\"text-853\"><input size=\"40\" maxlength=\"400\" class=\"wpcf7-form-control wpcf7-text\" aria-invalid=\"false\" value=\"\" type=\"text\" name=\"text-853\"><\/span><br>\n<\/label>\n<\/p>\n<p><span class=\"wpcf7-form-control-wrap\" data-name=\"acceptance-919\"><span class=\"wpcf7-form-control wpcf7-acceptance\"><span class=\"wpcf7-list-item\"><input type=\"checkbox\" name=\"acceptance-919\" value=\"1\" aria-invalid=\"false\"><\/span><\/span><\/span> Acepto la <a href=\"https:\/\/socialpubli.com\/corp\/advertisers\/politica_de_privacidad\" target=\"blank\" rel=\"nofollow\">pol&iacute;tica de Privacidad<\/a>\n<\/p>\n<p><span class=\"wpcf7-form-control-wrap\" data-name=\"acceptance-694\"><span class=\"wpcf7-form-control wpcf7-acceptance\"><span class=\"wpcf7-list-item\"><input type=\"checkbox\" name=\"acceptance-694\" value=\"1\" aria-invalid=\"false\"><\/span><\/span><\/span> Acepto comunicaci&oacute;n comercial de Socialpubli\n<\/p>\n<p><input class=\"wpcf7-form-control wpcf7-submit has-spinner\" type=\"submit\" value=\"Descargar\">\n<\/p>\n<p style=\"display: none !important;\" class=\"akismet-fields-container\" data-prefix=\"_wpcf7_ak_\"><label>&Delta;<textarea name=\"_wpcf7_ak_hp_textarea\" cols=\"45\" rows=\"8\" maxlength=\"100\"><\/textarea><\/label><input type=\"hidden\" id=\"ak_js_1\" name=\"_wpcf7_ak_js\" value=\"211\"><script>document.getElementById( \"ak_js_1\" ).setAttribute( \"value\", ( new Date() ).getTime() );<\/script><\/p>\n<label class=\"ebd_input\"><input type=\"hidden\" name=\"ebd_downloads[]\" value=\"8215|Twitch by Socialpubli\"> <\/label><input type=\"hidden\" class=\"ebd_setting\" name=\"ebd_settings[]\" value=\"title|Twitch by Socialpubli\"><input type=\"hidden\" class=\"ebd_setting\" name=\"ebd_settings[]\" value=\"delivered_as|inline link\"><input type=\"hidden\" class=\"ebd_setting\" name=\"ebd_settings[]\" value=\"hide_form|no\"><input type=\"hidden\" class=\"ebd_setting\" name=\"ebd_settings[]\" value=\"radio|no\"><input type=\"hidden\" class=\"ebd_setting\" name=\"ebd_settings[]\" value=\"link_format|_blank\"><input type=\"hidden\" class=\"ebd_setting\" name=\"ebd_settings[]\" value=\"file_thumbnail|no\"><input type=\"hidden\" class=\"ebd_setting\" name=\"ebd_settings[]\" value=\"item_id|38\"><input type=\"hidden\" class=\"ebd_setting\" name=\"ebd_settings[]\" value=\"form_id|wpcf7-f8213-o1\"><div class=\"wpcf7-response-output\" aria-hidden=\"true\"><\/div>\n<\/form>\n<\/div>\n\n<\/div>\n<p>[\/vc_column_text][\/vc_column_inner][\/vc_row_inner][\/vc_column][\/vc_row][vc_row css=\u00bb.vc_custom_1595249731266{background-position: center !important;background-repeat: no-repeat !important;background-size: cover !important;}\u00bb][vc_column][vc_row_inner css=\u00bb.vc_custom_1598271054511{background-color: #0f1727 !important;}\u00bb el_class=\u00bbbackg_box\u00bb][vc_column_inner width=\u00bb1\/3&#8243; css=\u00bb.vc_custom_1595239970287{padding-top: 20px !important;padding-bottom: 20px !important;}\u00bb][vc_single_image image=\u00bb8201&#8243; img_size=\u00bbmedium\u00bb alignment=\u00bbcenter\u00bb el_class=\u00bbimg-mobile-module\u00bb][\/vc_column_inner][vc_column_inner width=\u00bb2\/3&#8243;][vc_column_text css=\u00bb.vc_custom_1600087901296{padding-bottom: 40px !important;}\u00bb]<span style='font-weight: 400; color: #ffffff;'>Pero antes de ver c\u00f3mo realizar estas campa\u00f1as de publicidad en Twitch, es conveniente conocer las ventajas de esta red social. <strong>Twitch se ha convertido en la plataforma de streaming de v\u00eddeo m\u00e1s grande del mundo.<\/strong><\/span><\/p>\n<p><span style='font-weight: 400; color: #ffffff;'>Adem\u00e1s, tiene la ventaja de que, aunque inicialmente y de forma mayoritaria se emplear\u00e1 para los videojuegos, cada vez se encuentran m\u00e1s variantes de contenido. Lo que abre a\u00fan m\u00e1s el abanico de marcas que tienen cabida en esta red social.<\/span>[\/vc_column_text][\/vc_column_inner][\/vc_row_inner][vc_row_inner css=\u00bb.vc_custom_1595235211406{margin-top: 50px !important;}\u00bb][vc_column_inner el_class=\u00bbtext-center\u00bb css=\u00bb.vc_custom_1597096470123{padding-top: 20px !important;padding-bottom: 20px !important;}\u00bb][vc_column_text css=\u00bb.vc_custom_1600088012216{padding-bottom: 40px !important;}\u00bb]<\/p>\n<h2 style='text-align: center;'><span style='color: #f6a801;'>\u00bfC\u00f3mo hacer Marketing de influencers en Twitch?<\/span><\/h2>\n<p style='text-align: center;'><span style='font-weight: 400;'>Si ya has realizado campa\u00f1as con SocialPubli, sabr\u00e1s que simplificamos al m\u00e1ximo los procesos para que puedas <strong>desarrollar acciones comerciales y publicidad con influencers en Twitch de manera sencilla pero muy eficaz.<\/strong><\/span><\/p>\n<p style='text-align: center;'><span style='font-weight: 400;'>El proceso de creaci\u00f3n de campa\u00f1as de marketing en Twitch con SocialPubli es muy f\u00e1cil. Tanto, que seremos nosotros los que nos encargaremos de todo el proceso. Twitch es una red social con la que no trabajamos de manera automatizada, sino que optamos por<strong> personalizar la acci\u00f3n y adaptarla a tu negocio<\/strong>. Pero no te preocupes, siempre tendr\u00e1s t\u00fa la \u00faltima palabra.<\/span><\/p>\n<p>[\/vc_column_text][qodef_button size=\u00bbmedium\u00bb text=\u00bbCREA TU CAMPA\u00d1A\u00bb target=\u00bb_self\u00bb icon_pack=\u00bb\u00bb font_weight=\u00bb\u00bb text_transform=\u00bb\u00bb link=\u00bbhttps:\/\/socialpubli.com\/es#advertiser_signup\u00bb margin=\u00bb0px auto\u00bb][\/vc_column_inner][\/vc_row_inner][vc_row_inner css=\u00bb.vc_custom_1595235201209{margin-top: 50px !important;}\u00bb][vc_column_inner width=\u00bb1\/2&#8243; css=\u00bb.vc_custom_1595241364308{padding-top: 20px !important;padding-bottom: 20px !important;}\u00bb][vc_single_image image=\u00bb8196&#8243; img_size=\u00bbfull\u00bb alignment=\u00bbcenter\u00bb el_class=\u00bbimg-mobile-module\u00bb][\/vc_column_inner][vc_column_inner width=\u00bb1\/2&#8243;][vc_column_text css=\u00bb.vc_custom_1600088351844{padding-bottom: 40px !important;}\u00bb]<span style='font-weight: 400;'>Por eso, lo primero que deber\u00e1s hacer ser\u00e1 ponerte en <\/span><a href='mailto:info@socialpubli.com'><b>contacto<\/b><\/a> <span style='font-weight: 400;'>con nuestro equipo comercial y contarles tu idea. As\u00ed, <strong>nuestro equipo creativo podr\u00e1 adaptar tu briefing a las caracter\u00edsticas de Twitch<\/strong> y a los influencers que emplean este medio para conectar con su audiencia.<\/span><\/p>\n<p><span style='font-weight: 400;'>En esta red social podemos proponerte varias ideas para tu campa\u00f1a de publicidad. Por ejemplo, una competici\u00f3n entre influencers donde el protagonista sea tu producto, <strong>din\u00e1micas personalizadas con influencers, gamers o streamers que elijas<\/strong> para que en sus que en sus retransmisiones en directo muestren tu producto y cuenten ventajas de \u00e9ste.<\/span>[\/vc_column_text][qodef_button size=\u00bbmedium\u00bb text=\u00bbPIDE UNA PROPUESTA\u00bb target=\u00bb_self\u00bb icon_pack=\u00bb\u00bb font_weight=\u00bb\u00bb text_transform=\u00bb\u00bb link=\u00bbmailto:ventas@socialpubli.com\u00bb][\/vc_column_inner][\/vc_row_inner][vc_row_inner css=\u00bb.vc_custom_1595235201209{margin-top: 50px !important;}\u00bb][vc_column_inner width=\u00bb2\/3&#8243; css=\u00bb.vc_custom_1595241364308{padding-top: 20px !important;padding-bottom: 20px !important;}\u00bb][vc_column_text css=\u00bb.vc_custom_1600088408828{padding-bottom: 40px !important;}\u00bb]<span style='font-weight: 400;'>Una de las propuestas m\u00e1s interesante que podemos hacerte ser\u00e1n las <strong>acciones multicanal<\/strong>: los influencers no solo est\u00e1n en Twitch, sino que gran parte de su p\u00fablico le sigue en todas las redes en las que comparten contenido. As\u00ed que <strong>podremos proponerte amplificar el mensaje en muchas otras plataformas<\/strong>, siendo Twitch, en este caso, siempre la principal.<\/span><\/p>\n<p><span style='font-weight: 400;'>Hay muchas m\u00e1s posibilidades m\u00e1s, pero a la hora de trabajar con influencers (gamers, streamers\u2026), \u00e9stas son las que han demostrado tener m\u00e1s efectividad. Una vez tengamos una propuesta para tu marca, nuestro equipo comercial te la har\u00e1 llegar.\u00a0<\/span><\/p>\n<p><span style='font-weight: 400;'>Todo es susceptible de someterse a modificaciones. Como te hemos dicho,<strong> la \u00faltima palabra la tienes t\u00fa y haremos todos los cambios necesarios para que finalmente se adapte 100% a las necesidades de tu negocio.<\/strong><\/span>[\/vc_column_text][qodef_button size=\u00bbmedium\u00bb text=\u00bbPRU\u00c9BALO AHORA\u00bb target=\u00bb_self\u00bb icon_pack=\u00bb\u00bb font_weight=\u00bb\u00bb text_transform=\u00bb\u00bb link=\u00bbhttps:\/\/socialpubli.com\/es#advertiser_signup\u00bb][\/vc_column_inner][vc_column_inner width=\u00bb1\/3&#8243;][vc_single_image image=\u00bb8188&#8243; img_size=\u00bbfull\u00bb][\/vc_column_inner][\/vc_row_inner][\/vc_column][\/vc_row][vc_row css=\u00bb.vc_custom_1595404032186{margin-top: 50px !important;margin-bottom: 50px !important;}\u00bb][vc_column el_class=\u00bbtext-center\u00bb][vc_row_inner][vc_column_inner el_class=\u00bbtiktok-list\u00bb css=\u00bb.vc_custom_1595239047397{padding-right: 40px !important;}\u00bb][vc_column_text css=\u00bb.vc_custom_1600088474076{padding-bottom: 40px !important;}\u00bb]<\/p>\n<p style='text-align: center;'><span style='font-weight: 400;'>Cuando tengamos la aprobaci\u00f3n definitiva, empezar\u00e1 la campa\u00f1a de marketing en Twitch. <strong>Buscaremos los influencers id\u00f3neos para tu marca, nos pondremos en contacto con ellos y les contaremos la idea para que la lleven a cabo en sus perfiles.<\/strong><\/span><\/p>\n<p style='text-align: center;'><span style='font-weight: 400;'>Pero esto no acaba aqu\u00ed. Para SocialPubli es vital que puedas ver c\u00f3mo est\u00e1 evolucionando la campa\u00f1a en cada momento y qu\u00e9 resultados se han obtenido una vez \u00e9sta termine. Por eso, <strong>te ofreceremos un informe completo en el que podr\u00e1s comprobar el \u00e9xito de las campa\u00f1as de marketing en Twitch que realices con nosotros. <\/strong><\/span><\/p>\n<p>[\/vc_column_text][\/vc_column_inner][\/vc_row_inner][qodef_button size=\u00bbmedium\u00bb text=\u00bb\u00a1EMPIEZA YA!\u00bb target=\u00bb_self\u00bb icon_pack=\u00bb\u00bb font_weight=\u00bb\u00bb text_transform=\u00bb\u00bb link=\u00bbhttps:\/\/socialpubli.com\/es#advertiser_signup\u00bb margin=\u00bb0px auto\u00bb][\/vc_column][\/vc_row]<\/p>\n<\/div>","protected":false},"excerpt":{"rendered":"<p>[vc_row][vc_column][vc_row_inner][vc_column_inner width=\u00bb1\/2&#8243;][vc_column_text css=\u00bb.vc_custom_1600087827791{padding-bottom: 40px !important;}\u00bb] \u00bfQUIERES CREAR CAMPA\u00d1AS DE INFLUENCERS EN TWITCH? Los gamers y el sector de los eSports llevan tiempo ya instaurados en nuestras vidas. Sin embargo, esto no quiere decir que no haya proyecci\u00f3n en este campo, ya que es un sector que no deja de cambiar y de crecer. Y son [&hellip;]<\/p>\n","protected":false},"author":2,"featured_media":8201,"parent":0,"menu_order":0,"comment_status":"closed","ping_status":"closed","template":"","meta":{"footnotes":""},"class_list":["post-8183","page","type-page","status-publish","has-post-thumbnail","hentry"],"yoast_head":"<!-- This site is optimized with the Yoast SEO plugin v27.0 - https:\/\/yoast.com\/product\/yoast-seo-wordpress\/ -->\n<title>Marketing en Twitch con influencers | SocialPubli<\/title>\n<meta name=\"description\" content=\"Prepara tu estrategia de Marketing en Twitch con Influencers. SocialPubli te ayuda a lanzar campa\u00f1as de publicidad en Twitch con los influencers m\u00e1s adecuados.\" \/>\n<meta name=\"robots\" content=\"index, follow, max-snippet:-1, max-image-preview:large, max-video-preview:-1\" \/>\n<link rel=\"canonical\" href=\"https:\/\/socialpubli.com\/blog\/es\/twitch-influencers\/\" \/>\n<meta property=\"og:locale\" content=\"es_ES\" \/>\n<meta property=\"og:type\" content=\"article\" \/>\n<meta property=\"og:title\" content=\"Marketing en Twitch con influencers | SocialPubli\" \/>\n<meta property=\"og:description\" content=\"Prepara tu estrategia de Marketing en Twitch con Influencers. SocialPubli te ayuda a lanzar campa\u00f1as de publicidad en Twitch con los influencers m\u00e1s adecuados.\" \/>\n<meta property=\"og:url\" content=\"https:\/\/socialpubli.com\/blog\/es\/twitch-influencers\/\" \/>\n<meta property=\"og:site_name\" content=\"Social Publi Blog\" \/>\n<meta property=\"article:modified_time\" content=\"2022-07-08T12:40:48+00:00\" \/>\n<meta property=\"og:image\" content=\"https:\/\/socialpubli.com\/blog\/wp-content\/uploads\/2020\/08\/twitch_img3.png\" \/>\n\t<meta property=\"og:image:width\" content=\"747\" \/>\n\t<meta property=\"og:image:height\" content=\"713\" \/>\n\t<meta property=\"og:image:type\" content=\"image\/png\" \/>\n<meta name=\"twitter:card\" content=\"summary_large_image\" \/>\n<meta name=\"twitter:label1\" content=\"Tiempo de lectura\" \/>\n\t<meta name=\"twitter:data1\" content=\"4 minutos\" \/>\n<script type=\"application\/ld+json\" class=\"yoast-schema-graph\">{\"@context\":\"https:\/\/schema.org\",\"@graph\":[{\"@type\":\"WebPage\",\"@id\":\"https:\/\/socialpubli.com\/blog\/es\/twitch-influencers\/\",\"url\":\"https:\/\/socialpubli.com\/blog\/es\/twitch-influencers\/\",\"name\":\"Marketing en Twitch con influencers | SocialPubli\",\"isPartOf\":{\"@id\":\"https:\/\/socialpubli.com\/blog\/#website\"},\"primaryImageOfPage\":{\"@id\":\"https:\/\/socialpubli.com\/blog\/es\/twitch-influencers\/#primaryimage\"},\"image\":{\"@id\":\"https:\/\/socialpubli.com\/blog\/es\/twitch-influencers\/#primaryimage\"},\"thumbnailUrl\":\"https:\/\/socialpubli.com\/blog\/wp-content\/uploads\/2020\/08\/twitch_img3.png\",\"datePublished\":\"2020-08-11T06:44:20+00:00\",\"dateModified\":\"2022-07-08T12:40:48+00:00\",\"description\":\"Prepara tu estrategia de Marketing en Twitch con Influencers. SocialPubli te ayuda a lanzar campa\u00f1as de publicidad en Twitch con los influencers m\u00e1s adecuados.\",\"breadcrumb\":{\"@id\":\"https:\/\/socialpubli.com\/blog\/es\/twitch-influencers\/#breadcrumb\"},\"inLanguage\":\"es\",\"potentialAction\":[{\"@type\":\"ReadAction\",\"target\":[\"https:\/\/socialpubli.com\/blog\/es\/twitch-influencers\/\"]}]},{\"@type\":\"ImageObject\",\"inLanguage\":\"es\",\"@id\":\"https:\/\/socialpubli.com\/blog\/es\/twitch-influencers\/#primaryimage\",\"url\":\"https:\/\/socialpubli.com\/blog\/wp-content\/uploads\/2020\/08\/twitch_img3.png\",\"contentUrl\":\"https:\/\/socialpubli.com\/blog\/wp-content\/uploads\/2020\/08\/twitch_img3.png\",\"width\":747,\"height\":713},{\"@type\":\"BreadcrumbList\",\"@id\":\"https:\/\/socialpubli.com\/blog\/es\/twitch-influencers\/#breadcrumb\",\"itemListElement\":[{\"@type\":\"ListItem\",\"position\":1,\"name\":\"Portada\",\"item\":\"https:\/\/socialpubli.com\/blog\/\"},{\"@type\":\"ListItem\",\"position\":2,\"name\":\"Marketing en Twitch con influencers\"}]},{\"@type\":\"WebSite\",\"@id\":\"https:\/\/socialpubli.com\/blog\/#website\",\"url\":\"https:\/\/socialpubli.com\/blog\/\",\"name\":\"Social Publi Blog\",\"description\":\"Tendencias en marketing de influencers, branded content y estrategia en redes sociales.\",\"publisher\":{\"@id\":\"https:\/\/socialpubli.com\/blog\/#organization\"},\"potentialAction\":[{\"@type\":\"SearchAction\",\"target\":{\"@type\":\"EntryPoint\",\"urlTemplate\":\"https:\/\/socialpubli.com\/blog\/?s={search_term_string}\"},\"query-input\":{\"@type\":\"PropertyValueSpecification\",\"valueRequired\":true,\"valueName\":\"search_term_string\"}}],\"inLanguage\":\"es\"},{\"@type\":\"Organization\",\"@id\":\"https:\/\/socialpubli.com\/blog\/#organization\",\"name\":\"SocialPubli\",\"url\":\"https:\/\/socialpubli.com\/blog\/\",\"logo\":{\"@type\":\"ImageObject\",\"inLanguage\":\"es\",\"@id\":\"https:\/\/socialpubli.com\/blog\/#\/schema\/logo\/image\/\",\"url\":\"https:\/\/socialpubli.com\/blog\/wp-content\/uploads\/2017\/01\/logo-blog.png\",\"contentUrl\":\"https:\/\/socialpubli.com\/blog\/wp-content\/uploads\/2017\/01\/logo-blog.png\",\"width\":284,\"height\":53,\"caption\":\"SocialPubli\"},\"image\":{\"@id\":\"https:\/\/socialpubli.com\/blog\/#\/schema\/logo\/image\/\"}}]}<\/script>\n<!-- \/ Yoast SEO plugin. -->","yoast_head_json":{"title":"Marketing en Twitch con influencers | SocialPubli","description":"Prepara tu estrategia de Marketing en Twitch con Influencers. SocialPubli te ayuda a lanzar campa\u00f1as de publicidad en Twitch con los influencers m\u00e1s adecuados.","robots":{"index":"index","follow":"follow","max-snippet":"max-snippet:-1","max-image-preview":"max-image-preview:large","max-video-preview":"max-video-preview:-1"},"canonical":"https:\/\/socialpubli.com\/blog\/es\/twitch-influencers\/","og_locale":"es_ES","og_type":"article","og_title":"Marketing en Twitch con influencers | SocialPubli","og_description":"Prepara tu estrategia de Marketing en Twitch con Influencers. SocialPubli te ayuda a lanzar campa\u00f1as de publicidad en Twitch con los influencers m\u00e1s adecuados.","og_url":"https:\/\/socialpubli.com\/blog\/es\/twitch-influencers\/","og_site_name":"Social Publi Blog","article_modified_time":"2022-07-08T12:40:48+00:00","og_image":[{"width":747,"height":713,"url":"https:\/\/socialpubli.com\/blog\/wp-content\/uploads\/2020\/08\/twitch_img3.png","type":"image\/png"}],"twitter_card":"summary_large_image","twitter_misc":{"Tiempo de lectura":"4 minutos"},"schema":{"@context":"https:\/\/schema.org","@graph":[{"@type":"WebPage","@id":"https:\/\/socialpubli.com\/blog\/es\/twitch-influencers\/","url":"https:\/\/socialpubli.com\/blog\/es\/twitch-influencers\/","name":"Marketing en Twitch con influencers | SocialPubli","isPartOf":{"@id":"https:\/\/socialpubli.com\/blog\/#website"},"primaryImageOfPage":{"@id":"https:\/\/socialpubli.com\/blog\/es\/twitch-influencers\/#primaryimage"},"image":{"@id":"https:\/\/socialpubli.com\/blog\/es\/twitch-influencers\/#primaryimage"},"thumbnailUrl":"https:\/\/socialpubli.com\/blog\/wp-content\/uploads\/2020\/08\/twitch_img3.png","datePublished":"2020-08-11T06:44:20+00:00","dateModified":"2022-07-08T12:40:48+00:00","description":"Prepara tu estrategia de Marketing en Twitch con Influencers. SocialPubli te ayuda a lanzar campa\u00f1as de publicidad en Twitch con los influencers m\u00e1s adecuados.","breadcrumb":{"@id":"https:\/\/socialpubli.com\/blog\/es\/twitch-influencers\/#breadcrumb"},"inLanguage":"es","potentialAction":[{"@type":"ReadAction","target":["https:\/\/socialpubli.com\/blog\/es\/twitch-influencers\/"]}]},{"@type":"ImageObject","inLanguage":"es","@id":"https:\/\/socialpubli.com\/blog\/es\/twitch-influencers\/#primaryimage","url":"https:\/\/socialpubli.com\/blog\/wp-content\/uploads\/2020\/08\/twitch_img3.png","contentUrl":"https:\/\/socialpubli.com\/blog\/wp-content\/uploads\/2020\/08\/twitch_img3.png","width":747,"height":713},{"@type":"BreadcrumbList","@id":"https:\/\/socialpubli.com\/blog\/es\/twitch-influencers\/#breadcrumb","itemListElement":[{"@type":"ListItem","position":1,"name":"Portada","item":"https:\/\/socialpubli.com\/blog\/"},{"@type":"ListItem","position":2,"name":"Marketing en Twitch con influencers"}]},{"@type":"WebSite","@id":"https:\/\/socialpubli.com\/blog\/#website","url":"https:\/\/socialpubli.com\/blog\/","name":"Social Publi Blog","description":"Tendencias en marketing de influencers, branded content y estrategia en redes sociales.","publisher":{"@id":"https:\/\/socialpubli.com\/blog\/#organization"},"potentialAction":[{"@type":"SearchAction","target":{"@type":"EntryPoint","urlTemplate":"https:\/\/socialpubli.com\/blog\/?s={search_term_string}"},"query-input":{"@type":"PropertyValueSpecification","valueRequired":true,"valueName":"search_term_string"}}],"inLanguage":"es"},{"@type":"Organization","@id":"https:\/\/socialpubli.com\/blog\/#organization","name":"SocialPubli","url":"https:\/\/socialpubli.com\/blog\/","logo":{"@type":"ImageObject","inLanguage":"es","@id":"https:\/\/socialpubli.com\/blog\/#\/schema\/logo\/image\/","url":"https:\/\/socialpubli.com\/blog\/wp-content\/uploads\/2017\/01\/logo-blog.png","contentUrl":"https:\/\/socialpubli.com\/blog\/wp-content\/uploads\/2017\/01\/logo-blog.png","width":284,"height":53,"caption":"SocialPubli"},"image":{"@id":"https:\/\/socialpubli.com\/blog\/#\/schema\/logo\/image\/"}}]}},"_links":{"self":[{"href":"https:\/\/socialpubli.com\/blog\/es\/wp-json\/wp\/v2\/pages\/8183","targetHints":{"allow":["GET"]}}],"collection":[{"href":"https:\/\/socialpubli.com\/blog\/es\/wp-json\/wp\/v2\/pages"}],"about":[{"href":"https:\/\/socialpubli.com\/blog\/es\/wp-json\/wp\/v2\/types\/page"}],"author":[{"embeddable":true,"href":"https:\/\/socialpubli.com\/blog\/es\/wp-json\/wp\/v2\/users\/2"}],"replies":[{"embeddable":true,"href":"https:\/\/socialpubli.com\/blog\/es\/wp-json\/wp\/v2\/comments?post=8183"}],"version-history":[{"count":25,"href":"https:\/\/socialpubli.com\/blog\/es\/wp-json\/wp\/v2\/pages\/8183\/revisions"}],"predecessor-version":[{"id":12471,"href":"https:\/\/socialpubli.com\/blog\/es\/wp-json\/wp\/v2\/pages\/8183\/revisions\/12471"}],"wp:featuredmedia":[{"embeddable":true,"href":"https:\/\/socialpubli.com\/blog\/es\/wp-json\/wp\/v2\/media\/8201"}],"wp:attachment":[{"href":"https:\/\/socialpubli.com\/blog\/es\/wp-json\/wp\/v2\/media?parent=8183"}],"curies":[{"name":"wp","href":"https:\/\/api.w.org\/{rel}","templated":true}]}}