{"id":10316,"date":"2021-05-27T17:03:10","date_gmt":"2021-05-27T15:03:10","guid":{"rendered":"https:\/\/socialpubli.com\/blog\/?page_id=10316"},"modified":"2025-06-11T11:58:37","modified_gmt":"2025-06-11T09:58:37","slug":"estudo-tiktok-2021","status":"publish","type":"page","link":"https:\/\/socialpubli.com\/blog\/pt-pt\/estudo-tiktok-2021\/","title":{"rendered":"Estudo TikTok 2023"},"content":{"rendered":"\t\t<div data-elementor-type=\"wp-page\" data-elementor-id=\"10316\" class=\"elementor elementor-10316 elementor-10313\" data-elementor-post-type=\"page\">\n\t\t\t\t<div class=\"elementor-element elementor-element-fc228ac e-flex e-con-boxed e-con e-parent\" data-id=\"fc228ac\" data-element_type=\"container\" data-e-type=\"container\" data-settings=\"{&quot;background_background&quot;:&quot;classic&quot;}\">\n\t\t\t\t\t<div class=\"e-con-inner\">\n\t\t<div class=\"elementor-element elementor-element-d9b6ff3 e-con-full e-flex e-con e-child\" data-id=\"d9b6ff3\" data-element_type=\"container\" data-e-type=\"container\">\n\t\t\t\t<div class=\"elementor-element elementor-element-b53527f elementor-widget elementor-widget-heading\" data-id=\"b53527f\" data-element_type=\"widget\" data-e-type=\"widget\" data-widget_type=\"heading.default\">\n\t\t\t\t<div class=\"elementor-widget-container\">\n\t\t\t\t\t<h1 class=\"elementor-heading-title elementor-size-default\">Estudo TikTok 2023<\/h1>\t\t\t\t<\/div>\n\t\t\t\t<\/div>\n\t\t\t\t<\/div>\n\t\t\t\t\t<\/div>\n\t\t\t\t<\/div>\n\t\t<div class=\"elementor-element elementor-element-9510715 e-flex e-con-boxed e-con e-parent\" data-id=\"9510715\" data-element_type=\"container\" data-e-type=\"container\">\n\t\t\t\t\t<div class=\"e-con-inner\">\n\t\t\t\t<div class=\"elementor-element elementor-element-ef1de0a elementor-widget elementor-widget-text-editor\" data-id=\"ef1de0a\" data-element_type=\"widget\" data-e-type=\"widget\" data-widget_type=\"text-editor.default\">\n\t\t\t\t<div class=\"elementor-widget-container\">\n\t\t\t\t\t\t\t\t\t<h2 style=\"text-align: center;\"><span style=\"font-weight: 400; color: #E02482;\">Qual \u00e9 a vis\u00e3o dos parceiros e dos influenciadores sobre o Marketing de Influ\u00eancia no TikTok?<\/span><\/h2>\t\t\t\t\t\t\t\t<\/div>\n\t\t\t\t<\/div>\n\t\t\t\t\t<\/div>\n\t\t\t\t<\/div>\n\t\t<div class=\"elementor-element elementor-element-b707ca3 e-flex e-con-boxed e-con e-parent\" data-id=\"b707ca3\" data-element_type=\"container\" data-e-type=\"container\">\n\t\t\t\t\t<div class=\"e-con-inner\">\n\t\t<div class=\"elementor-element elementor-element-d8d7845 e-con-full e-flex e-con e-child\" data-id=\"d8d7845\" data-element_type=\"container\" data-e-type=\"container\">\n\t\t\t\t<div class=\"elementor-element elementor-element-49da6ef elementor-widget elementor-widget-text-editor\" data-id=\"49da6ef\" data-element_type=\"widget\" data-e-type=\"widget\" data-widget_type=\"text-editor.default\">\n\t\t\t\t<div class=\"elementor-widget-container\">\n\t\t\t\t\t\t\t\t\t<ul class=\"list-style\"><li style=\"font-weight: 400;\" aria-level=\"1\">Para o Estudo de Marketing de Influ\u00eancia no TikTok 2021, realizamos um question\u00e1rio para mais <strong>1865 pessoas, entre elas parceiras e tiktokers de mais 15 pa\u00edses.<\/strong><\/li><li style=\"font-weight: 400;\" aria-level=\"1\">Perguntamos aos inquiridos sobre as suas opini\u00f5es, experi\u00eancias e obtivemos conclus\u00f5es relativas \u00e0 efic\u00e1cia, objetivos e dura\u00e7\u00e3o, assim como <strong>previs\u00f5es para o futuro sobre o Marketing de Influ\u00eancia no TikTok.<\/strong><\/li><li style=\"font-weight: 400;\" aria-level=\"1\">Gra\u00e7as a este Estudo, conclu\u00edmos que<strong>61,5% dos inquiridos afirmam que o TikTok ser\u00e1 a futura plataforma l\u00edder dos influenciadores.<\/strong><\/li><li style=\"font-weight: 400;\" aria-level=\"1\"><strong>67,9% dos influenciadores<\/strong> questionados <strong>afirmam que compraram um produto atrav\u00e9s de uma publica\u00e7\u00e3o do TikTok,<\/strong> o que evidencia a efic\u00e1cia das campanhas com influenciadores nesta plataforma.<\/li><\/ul>\t\t\t\t\t\t\t\t<\/div>\n\t\t\t\t<\/div>\n\t\t\t\t<div class=\"elementor-element elementor-element-fccec33 elementor-widget elementor-widget-image\" data-id=\"fccec33\" data-element_type=\"widget\" data-e-type=\"widget\" data-widget_type=\"image.default\">\n\t\t\t\t<div class=\"elementor-widget-container\">\n\t\t\t\t\t\t\t\t\t\t\t\t\t\t\t<img fetchpriority=\"high\" decoding=\"async\" width=\"800\" height=\"611\" src=\"https:\/\/socialpubli.com\/blog\/wp-content\/uploads\/2021\/04\/mock-estudio-tiktok-1.png\" class=\"attachment-large size-large wp-image-10374\" alt=\"\" srcset=\"https:\/\/socialpubli.com\/blog\/wp-content\/uploads\/2021\/04\/mock-estudio-tiktok-1.png 913w, https:\/\/socialpubli.com\/blog\/wp-content\/uploads\/2021\/04\/mock-estudio-tiktok-1-300x229.png 300w, https:\/\/socialpubli.com\/blog\/wp-content\/uploads\/2021\/04\/mock-estudio-tiktok-1-768x586.png 768w\" sizes=\"(max-width: 800px) 100vw, 800px\" \/>\t\t\t\t\t\t\t\t\t\t\t\t\t\t\t<\/div>\n\t\t\t\t<\/div>\n\t\t\t\t<\/div>\n\t\t<div class=\"elementor-element elementor-element-a3c3ed9 e-con-full e-flex e-con e-child\" data-id=\"a3c3ed9\" data-element_type=\"container\" data-e-type=\"container\">\n\t\t\t\t<div class=\"elementor-element elementor-element-6656f06 elementor-widget elementor-widget-text-editor\" data-id=\"6656f06\" data-element_type=\"widget\" data-e-type=\"widget\" data-widget_type=\"text-editor.default\">\n\t\t\t\t<div class=\"elementor-widget-container\">\n\t\t\t\t\t\t\t\t\t<h3 style=\"margin-top: 0; margin-bottom: 30px;\"><span style=\"font-weight: 400;\">Descarrega j\u00e1 o Estudo sobre Marketing de Influ\u00eancia no TikTok 2021 em PDF<\/span><\/h3>\t\t\t\t\t\t\t\t<\/div>\n\t\t\t\t<\/div>\n\t\t\t\t<div class=\"elementor-element elementor-element-38e9122 elementor-button-align-stretch elementor-widget elementor-widget-form\" data-id=\"38e9122\" data-element_type=\"widget\" data-e-type=\"widget\" data-settings=\"{&quot;step_next_label&quot;:&quot;Next&quot;,&quot;step_previous_label&quot;:&quot;Previous&quot;,&quot;button_width&quot;:&quot;100&quot;,&quot;step_type&quot;:&quot;number_text&quot;,&quot;step_icon_shape&quot;:&quot;circle&quot;}\" data-widget_type=\"form.default\">\n\t\t\t\t<div class=\"elementor-widget-container\">\n\t\t\t\t\t\t\t<form class=\"elementor-form\" method=\"post\" name=\"Form Estudo Tiktok 2021 PT\" aria-label=\"Form Estudo Tiktok 2021 PT\">\n\t\t\t<input type=\"hidden\" name=\"post_id\" value=\"10316\"\/>\n\t\t\t<input type=\"hidden\" name=\"form_id\" value=\"38e9122\"\/>\n\t\t\t<input type=\"hidden\" name=\"referer_title\" value=\"Social Publi Blog\" \/>\n\n\t\t\t\n\t\t\t<div class=\"elementor-form-fields-wrapper elementor-labels-above\">\n\t\t\t\t\t\t\t\t<div class=\"elementor-field-type-text elementor-field-group elementor-column elementor-field-group-name elementor-col-100 elementor-field-required\">\n\t\t\t\t\t\t\t\t\t\t\t\t<label for=\"form-field-name\" class=\"elementor-field-label\">\n\t\t\t\t\t\t\t\tSeu Nome\t\t\t\t\t\t\t<\/label>\n\t\t\t\t\t\t\t\t\t\t\t\t\t\t<input size=\"1\" type=\"text\" name=\"form_fields[name]\" id=\"form-field-name\" class=\"elementor-field elementor-size-sm  elementor-field-textual\" placeholder=\"Nome\" required=\"required\">\n\t\t\t\t\t\t\t\t\t\t\t<\/div>\n\t\t\t\t\t\t\t\t<div class=\"elementor-field-type-email elementor-field-group elementor-column elementor-field-group-email elementor-col-100 elementor-field-required\">\n\t\t\t\t\t\t\t\t\t\t\t\t<label for=\"form-field-email\" class=\"elementor-field-label\">\n\t\t\t\t\t\t\t\tSeu Email\t\t\t\t\t\t\t<\/label>\n\t\t\t\t\t\t\t\t\t\t\t\t\t\t<input size=\"1\" type=\"email\" name=\"form_fields[email]\" id=\"form-field-email\" class=\"elementor-field elementor-size-sm  elementor-field-textual\" placeholder=\"Email\" required=\"required\">\n\t\t\t\t\t\t\t\t\t\t\t<\/div>\n\t\t\t\t\t\t\t\t<div class=\"elementor-field-type-tel elementor-field-group elementor-column elementor-field-group-message elementor-col-100\">\n\t\t\t\t\t\t\t\t\t\t\t\t<label for=\"form-field-message\" class=\"elementor-field-label\">\n\t\t\t\t\t\t\t\tSeu Telefone\t\t\t\t\t\t\t<\/label>\n\t\t\t\t\t\t\t\t<input size=\"1\" type=\"tel\" name=\"form_fields[message]\" id=\"form-field-message\" class=\"elementor-field elementor-size-sm  elementor-field-textual\" placeholder=\"Telefone\" pattern=\"[0-9()#&amp;+*-=.]+\" title=\"Only numbers and phone characters (#, -, *, etc) are accepted.\">\n\n\t\t\t\t\t\t<\/div>\n\t\t\t\t\t\t\t\t<div class=\"elementor-field-type-text elementor-field-group elementor-column elementor-field-group-field_dfa0eb5 elementor-col-100 elementor-field-required\">\n\t\t\t\t\t\t\t\t\t\t\t\t<label for=\"form-field-field_dfa0eb5\" class=\"elementor-field-label\">\n\t\t\t\t\t\t\t\tSua Empresa\t\t\t\t\t\t\t<\/label>\n\t\t\t\t\t\t\t\t\t\t\t\t\t\t<input size=\"1\" type=\"text\" name=\"form_fields[field_dfa0eb5]\" id=\"form-field-field_dfa0eb5\" class=\"elementor-field elementor-size-sm  elementor-field-textual\" placeholder=\"Empresa\" required=\"required\">\n\t\t\t\t\t\t\t\t\t\t\t<\/div>\n\t\t\t\t\t\t\t\t<div class=\"elementor-field-type-acceptance elementor-field-group elementor-column elementor-field-group-field_ab508e2 elementor-col-100 elementor-field-required\">\n\t\t\t\t\t\t\t<div class=\"elementor-field-subgroup\">\n\t\t\t<span class=\"elementor-field-option\">\n\t\t\t\t<input type=\"checkbox\" name=\"form_fields[field_ab508e2]\" id=\"form-field-field_ab508e2\" class=\"elementor-field elementor-size-sm  elementor-acceptance-field\" required=\"required\">\n\t\t\t\t<label for=\"form-field-field_ab508e2\">Aceito a <a href=\"https:\/\/socialpubli.com\/corp\/advertisers\/politica_de_privacidad\" target=\"blank\" rel=\"nofollow\">Pol\u00edtica de Privacidade<\/a><\/label>\t\t\t<\/span>\n\t\t<\/div>\n\t\t\t\t\t\t<\/div>\n\t\t\t\t\t\t\t\t<div class=\"elementor-field-type-acceptance elementor-field-group elementor-column elementor-field-group-field_df5a0b5 elementor-col-100 elementor-field-required\">\n\t\t\t\t\t\t\t<div class=\"elementor-field-subgroup\">\n\t\t\t<span class=\"elementor-field-option\">\n\t\t\t\t<input type=\"checkbox\" name=\"form_fields[field_df5a0b5]\" id=\"form-field-field_df5a0b5\" class=\"elementor-field elementor-size-sm  elementor-acceptance-field\" required=\"required\">\n\t\t\t\t<label for=\"form-field-field_df5a0b5\"> Aceito a comunica\u00e7\u00e3o comercial da SocialPubli<\/label>\t\t\t<\/span>\n\t\t<\/div>\n\t\t\t\t\t\t<\/div>\n\t\t\t\t\t\t\t\t<div class=\"elementor-field-group elementor-column elementor-field-type-submit elementor-col-100 e-form__buttons\">\n\t\t\t\t\t<button class=\"elementor-button elementor-size-sm\" type=\"submit\">\n\t\t\t\t\t\t<span class=\"elementor-button-content-wrapper\">\n\t\t\t\t\t\t\t\t\t\t\t\t\t\t\t\t\t\t\t\t\t\t<span class=\"elementor-button-text\">Download<\/span>\n\t\t\t\t\t\t\t\t\t\t\t\t\t<\/span>\n\t\t\t\t\t<\/button>\n\t\t\t\t<\/div>\n\t\t\t<\/div>\n\t\t<\/form>\n\t\t\t\t\t\t<\/div>\n\t\t\t\t<\/div>\n\t\t\t\t<\/div>\n\t\t\t\t\t<\/div>\n\t\t\t\t<\/div>\n\t\t\t\t<\/div>\n\t\t","protected":false},"excerpt":{"rendered":"<p>Estudo TikTok 2023 Qual \u00e9 a vis\u00e3o dos parceiros e dos influenciadores sobre o Marketing de Influ\u00eancia no TikTok? Para o Estudo de Marketing de Influ\u00eancia no TikTok 2021, realizamos um question\u00e1rio para mais 1865 pessoas, entre elas parceiras e tiktokers de mais 15 pa\u00edses. Perguntamos aos inquiridos sobre as suas opini\u00f5es, experi\u00eancias e obtivemos [&hellip;]<\/p>\n","protected":false},"author":2,"featured_media":10795,"parent":0,"menu_order":0,"comment_status":"closed","ping_status":"closed","template":"elementor_header_footer","meta":{"footnotes":""},"class_list":["post-10316","page","type-page","status-publish","has-post-thumbnail","hentry"],"yoast_head":"<!-- This site is optimized with the Yoast SEO plugin v27.0 - https:\/\/yoast.com\/product\/yoast-seo-wordpress\/ -->\n<title>Estudo TikTok 2023 | Social Publi Blog<\/title>\n<meta name=\"description\" content=\"Estudo TikTok 2023 Qual \u00e9 a vis\u00e3o dos parceiros e dos influenciadores sobre o Marketing de Influ\u00eancia no TikTok?Para o Estudo de Marketing de Influ\u00eancia\" \/>\n<meta name=\"robots\" content=\"index, follow, max-snippet:-1, max-image-preview:large, max-video-preview:-1\" \/>\n<link rel=\"canonical\" href=\"https:\/\/socialpubli.com\/blog\/pt-pt\/estudo-tiktok-2021\/\" \/>\n<meta property=\"og:locale\" content=\"pt_PT\" \/>\n<meta property=\"og:type\" content=\"article\" \/>\n<meta property=\"og:title\" content=\"Estudo TikTok 2023 | Social Publi Blog\" \/>\n<meta property=\"og:description\" content=\"Estudo TikTok 2023 Qual \u00e9 a vis\u00e3o dos parceiros e dos influenciadores sobre o Marketing de Influ\u00eancia no TikTok?Para o Estudo de Marketing de Influ\u00eancia\" \/>\n<meta property=\"og:url\" content=\"https:\/\/socialpubli.com\/blog\/pt-pt\/estudo-tiktok-2021\/\" \/>\n<meta property=\"og:site_name\" content=\"Social Publi Blog\" \/>\n<meta property=\"article:modified_time\" content=\"2025-06-11T09:58:37+00:00\" \/>\n<meta property=\"og:image\" content=\"https:\/\/socialpubli.com\/blog\/wp-content\/uploads\/2021\/06\/DescargaTikTok_Twitter.jpg\" \/>\n\t<meta property=\"og:image:width\" content=\"1024\" \/>\n\t<meta property=\"og:image:height\" content=\"512\" \/>\n\t<meta property=\"og:image:type\" content=\"image\/jpeg\" \/>\n<meta name=\"twitter:card\" content=\"summary_large_image\" \/>\n<meta name=\"twitter:label1\" content=\"Tempo estimado de leitura\" \/>\n\t<meta name=\"twitter:data1\" content=\"1 minuto\" \/>\n<script type=\"application\/ld+json\" class=\"yoast-schema-graph\">{\"@context\":\"https:\/\/schema.org\",\"@graph\":[{\"@type\":\"WebPage\",\"@id\":\"https:\/\/socialpubli.com\/blog\/pt-pt\/estudo-tiktok-2021\/\",\"url\":\"https:\/\/socialpubli.com\/blog\/pt-pt\/estudo-tiktok-2021\/\",\"name\":\"Estudo TikTok 2023 | Social Publi Blog\",\"isPartOf\":{\"@id\":\"https:\/\/socialpubli.com\/blog\/#website\"},\"primaryImageOfPage\":{\"@id\":\"https:\/\/socialpubli.com\/blog\/pt-pt\/estudo-tiktok-2021\/#primaryimage\"},\"image\":{\"@id\":\"https:\/\/socialpubli.com\/blog\/pt-pt\/estudo-tiktok-2021\/#primaryimage\"},\"thumbnailUrl\":\"https:\/\/socialpubli.com\/blog\/wp-content\/uploads\/2021\/06\/DescargaTikTok_Twitter.jpg\",\"datePublished\":\"2021-05-27T15:03:10+00:00\",\"dateModified\":\"2025-06-11T09:58:37+00:00\",\"description\":\"Estudo TikTok 2023 Qual \u00e9 a vis\u00e3o dos parceiros e dos influenciadores sobre o Marketing de Influ\u00eancia no TikTok?Para o Estudo de Marketing de Influ\u00eancia\",\"breadcrumb\":{\"@id\":\"https:\/\/socialpubli.com\/blog\/pt-pt\/estudo-tiktok-2021\/#breadcrumb\"},\"inLanguage\":\"pt-PT\",\"potentialAction\":[{\"@type\":\"ReadAction\",\"target\":[\"https:\/\/socialpubli.com\/blog\/pt-pt\/estudo-tiktok-2021\/\"]}]},{\"@type\":\"ImageObject\",\"inLanguage\":\"pt-PT\",\"@id\":\"https:\/\/socialpubli.com\/blog\/pt-pt\/estudo-tiktok-2021\/#primaryimage\",\"url\":\"https:\/\/socialpubli.com\/blog\/wp-content\/uploads\/2021\/06\/DescargaTikTok_Twitter.jpg\",\"contentUrl\":\"https:\/\/socialpubli.com\/blog\/wp-content\/uploads\/2021\/06\/DescargaTikTok_Twitter.jpg\",\"width\":1024,\"height\":512},{\"@type\":\"BreadcrumbList\",\"@id\":\"https:\/\/socialpubli.com\/blog\/pt-pt\/estudo-tiktok-2021\/#breadcrumb\",\"itemListElement\":[{\"@type\":\"ListItem\",\"position\":1,\"name\":\"Portada\",\"item\":\"https:\/\/socialpubli.com\/blog\/\"},{\"@type\":\"ListItem\",\"position\":2,\"name\":\"Estudo TikTok 2023\"}]},{\"@type\":\"WebSite\",\"@id\":\"https:\/\/socialpubli.com\/blog\/#website\",\"url\":\"https:\/\/socialpubli.com\/blog\/\",\"name\":\"Social Publi Blog\",\"description\":\"Tendencias en marketing de influencers, branded content y estrategia en redes sociales.\",\"publisher\":{\"@id\":\"https:\/\/socialpubli.com\/blog\/#organization\"},\"potentialAction\":[{\"@type\":\"SearchAction\",\"target\":{\"@type\":\"EntryPoint\",\"urlTemplate\":\"https:\/\/socialpubli.com\/blog\/?s={search_term_string}\"},\"query-input\":{\"@type\":\"PropertyValueSpecification\",\"valueRequired\":true,\"valueName\":\"search_term_string\"}}],\"inLanguage\":\"pt-PT\"},{\"@type\":\"Organization\",\"@id\":\"https:\/\/socialpubli.com\/blog\/#organization\",\"name\":\"SocialPubli\",\"url\":\"https:\/\/socialpubli.com\/blog\/\",\"logo\":{\"@type\":\"ImageObject\",\"inLanguage\":\"pt-PT\",\"@id\":\"https:\/\/socialpubli.com\/blog\/#\/schema\/logo\/image\/\",\"url\":\"https:\/\/socialpubli.com\/blog\/wp-content\/uploads\/2017\/01\/logo-blog.png\",\"contentUrl\":\"https:\/\/socialpubli.com\/blog\/wp-content\/uploads\/2017\/01\/logo-blog.png\",\"width\":284,\"height\":53,\"caption\":\"SocialPubli\"},\"image\":{\"@id\":\"https:\/\/socialpubli.com\/blog\/#\/schema\/logo\/image\/\"}}]}<\/script>\n<!-- \/ Yoast SEO plugin. -->","yoast_head_json":{"title":"Estudo TikTok 2023 | Social Publi Blog","description":"Estudo TikTok 2023 Qual \u00e9 a vis\u00e3o dos parceiros e dos influenciadores sobre o Marketing de Influ\u00eancia no TikTok?Para o Estudo de Marketing de Influ\u00eancia","robots":{"index":"index","follow":"follow","max-snippet":"max-snippet:-1","max-image-preview":"max-image-preview:large","max-video-preview":"max-video-preview:-1"},"canonical":"https:\/\/socialpubli.com\/blog\/pt-pt\/estudo-tiktok-2021\/","og_locale":"pt_PT","og_type":"article","og_title":"Estudo TikTok 2023 | Social Publi Blog","og_description":"Estudo TikTok 2023 Qual \u00e9 a vis\u00e3o dos parceiros e dos influenciadores sobre o Marketing de Influ\u00eancia no TikTok?Para o Estudo de Marketing de Influ\u00eancia","og_url":"https:\/\/socialpubli.com\/blog\/pt-pt\/estudo-tiktok-2021\/","og_site_name":"Social Publi Blog","article_modified_time":"2025-06-11T09:58:37+00:00","og_image":[{"width":1024,"height":512,"url":"https:\/\/socialpubli.com\/blog\/wp-content\/uploads\/2021\/06\/DescargaTikTok_Twitter.jpg","type":"image\/jpeg"}],"twitter_card":"summary_large_image","twitter_misc":{"Tempo estimado de leitura":"1 minuto"},"schema":{"@context":"https:\/\/schema.org","@graph":[{"@type":"WebPage","@id":"https:\/\/socialpubli.com\/blog\/pt-pt\/estudo-tiktok-2021\/","url":"https:\/\/socialpubli.com\/blog\/pt-pt\/estudo-tiktok-2021\/","name":"Estudo TikTok 2023 | Social Publi Blog","isPartOf":{"@id":"https:\/\/socialpubli.com\/blog\/#website"},"primaryImageOfPage":{"@id":"https:\/\/socialpubli.com\/blog\/pt-pt\/estudo-tiktok-2021\/#primaryimage"},"image":{"@id":"https:\/\/socialpubli.com\/blog\/pt-pt\/estudo-tiktok-2021\/#primaryimage"},"thumbnailUrl":"https:\/\/socialpubli.com\/blog\/wp-content\/uploads\/2021\/06\/DescargaTikTok_Twitter.jpg","datePublished":"2021-05-27T15:03:10+00:00","dateModified":"2025-06-11T09:58:37+00:00","description":"Estudo TikTok 2023 Qual \u00e9 a vis\u00e3o dos parceiros e dos influenciadores sobre o Marketing de Influ\u00eancia no TikTok?Para o Estudo de Marketing de Influ\u00eancia","breadcrumb":{"@id":"https:\/\/socialpubli.com\/blog\/pt-pt\/estudo-tiktok-2021\/#breadcrumb"},"inLanguage":"pt-PT","potentialAction":[{"@type":"ReadAction","target":["https:\/\/socialpubli.com\/blog\/pt-pt\/estudo-tiktok-2021\/"]}]},{"@type":"ImageObject","inLanguage":"pt-PT","@id":"https:\/\/socialpubli.com\/blog\/pt-pt\/estudo-tiktok-2021\/#primaryimage","url":"https:\/\/socialpubli.com\/blog\/wp-content\/uploads\/2021\/06\/DescargaTikTok_Twitter.jpg","contentUrl":"https:\/\/socialpubli.com\/blog\/wp-content\/uploads\/2021\/06\/DescargaTikTok_Twitter.jpg","width":1024,"height":512},{"@type":"BreadcrumbList","@id":"https:\/\/socialpubli.com\/blog\/pt-pt\/estudo-tiktok-2021\/#breadcrumb","itemListElement":[{"@type":"ListItem","position":1,"name":"Portada","item":"https:\/\/socialpubli.com\/blog\/"},{"@type":"ListItem","position":2,"name":"Estudo TikTok 2023"}]},{"@type":"WebSite","@id":"https:\/\/socialpubli.com\/blog\/#website","url":"https:\/\/socialpubli.com\/blog\/","name":"Social Publi Blog","description":"Tendencias en marketing de influencers, branded content y estrategia en redes sociales.","publisher":{"@id":"https:\/\/socialpubli.com\/blog\/#organization"},"potentialAction":[{"@type":"SearchAction","target":{"@type":"EntryPoint","urlTemplate":"https:\/\/socialpubli.com\/blog\/?s={search_term_string}"},"query-input":{"@type":"PropertyValueSpecification","valueRequired":true,"valueName":"search_term_string"}}],"inLanguage":"pt-PT"},{"@type":"Organization","@id":"https:\/\/socialpubli.com\/blog\/#organization","name":"SocialPubli","url":"https:\/\/socialpubli.com\/blog\/","logo":{"@type":"ImageObject","inLanguage":"pt-PT","@id":"https:\/\/socialpubli.com\/blog\/#\/schema\/logo\/image\/","url":"https:\/\/socialpubli.com\/blog\/wp-content\/uploads\/2017\/01\/logo-blog.png","contentUrl":"https:\/\/socialpubli.com\/blog\/wp-content\/uploads\/2017\/01\/logo-blog.png","width":284,"height":53,"caption":"SocialPubli"},"image":{"@id":"https:\/\/socialpubli.com\/blog\/#\/schema\/logo\/image\/"}}]}},"_links":{"self":[{"href":"https:\/\/socialpubli.com\/blog\/pt-pt\/wp-json\/wp\/v2\/pages\/10316","targetHints":{"allow":["GET"]}}],"collection":[{"href":"https:\/\/socialpubli.com\/blog\/pt-pt\/wp-json\/wp\/v2\/pages"}],"about":[{"href":"https:\/\/socialpubli.com\/blog\/pt-pt\/wp-json\/wp\/v2\/types\/page"}],"author":[{"embeddable":true,"href":"https:\/\/socialpubli.com\/blog\/pt-pt\/wp-json\/wp\/v2\/users\/2"}],"replies":[{"embeddable":true,"href":"https:\/\/socialpubli.com\/blog\/pt-pt\/wp-json\/wp\/v2\/comments?post=10316"}],"version-history":[{"count":9,"href":"https:\/\/socialpubli.com\/blog\/pt-pt\/wp-json\/wp\/v2\/pages\/10316\/revisions"}],"predecessor-version":[{"id":26934,"href":"https:\/\/socialpubli.com\/blog\/pt-pt\/wp-json\/wp\/v2\/pages\/10316\/revisions\/26934"}],"wp:featuredmedia":[{"embeddable":true,"href":"https:\/\/socialpubli.com\/blog\/pt-pt\/wp-json\/wp\/v2\/media\/10795"}],"wp:attachment":[{"href":"https:\/\/socialpubli.com\/blog\/pt-pt\/wp-json\/wp\/v2\/media?parent=10316"}],"curies":[{"name":"wp","href":"https:\/\/api.w.org\/{rel}","templated":true}]}}