{"id":10844,"date":"2021-06-09T16:37:04","date_gmt":"2021-06-09T14:37:04","guid":{"rendered":"https:\/\/socialpubli.com\/blog\/?page_id=10844"},"modified":"2022-09-14T11:19:06","modified_gmt":"2022-09-14T09:19:06","slug":"cases-studies","status":"publish","type":"page","link":"https:\/\/socialpubli.com\/blog\/pt-pt\/cases-studies\/","title":{"rendered":"Cases Studies"},"content":{"rendered":"<div class=\"wpb-content-wrapper\"><p>[vc_row el_class=&#8221;gradient-box&#8221; css=&#8221;.vc_custom_1619423476662{padding-top: 2% !important;padding-right: 12% !important;padding-bottom: 6% !important;padding-left: 12% !important;}&#8221;][vc_column][vc_column_text]<\/p>\n<h2 style=\"text-align: center;\"><span style=\"color: #ffffff;\"><b>A plataforma que conecta anunciantes com influenciadores<\/b><\/span><\/h2>\n<p>[\/vc_column_text][vc_column_text]<\/p>\n<p style=\"text-align: center;\"><span style=\"color: #ffffff;\"><span style=\"font-weight: 400;\">Estas s\u00e3o algumas das marcas que ajudamos a <\/span><b>criar e a gerir campanhas de marketing de influ\u00eancia.<\/b><span style=\"font-weight: 400;\"> Descobre como \u00e9 que o <\/span><b>marketing de influ\u00eancia<\/b> <span style=\"font-weight: 400;\">pode ajudar-te a dar o boost para impactares a tua audi\u00eancia atrav\u00e9s dos nossos cases studies.<\/span> <\/span><\/p>\n<p>[\/vc_column_text][\/vc_column][\/vc_row][vc_row equal_height=&#8221;yes&#8221; content_placement=&#8221;middle&#8221; row_content_width=&#8221;grid&#8221; css=&#8221;.vc_custom_1621932809160{padding-top: 4% !important;padding-bottom: 4% !important;}&#8221;][vc_column width=&#8221;1\/3&#8243; el_class=&#8221;text-center&#8221;][vc_single_image image=&#8221;10304&#8243; img_size=&#8221;full&#8221; alignment=&#8221;center&#8221; css_animation=&#8221;fadeInUp&#8221; css=&#8221;.vc_custom_1619443342333{padding-top: 20px !important;padding-right: 20px !important;padding-bottom: 20px !important;padding-left: 20px !important;}&#8221;][\/vc_column][vc_column width=&#8221;2\/3&#8243;][vc_column_text]<\/p>\n<h3><b>SocialPubli lidera a a\u00e7\u00e3o de sensibiliza\u00e7\u00e3o com colabora\u00e7\u00e3o da Yape<\/b><\/h3>\n<ul>\n<li style=\"font-weight: 400;\" aria-level=\"1\"><span style=\"font-weight: 400;\">O<\/span> <b>BCP<\/b> <span style=\"font-weight: 400;\">(Banco de Cr\u00e9dito do Per\u00fa), l\u00edder dos servi\u00e7os financeiros integrados no Per\u00fa, quis sensibilizar os cidad\u00e3os sobre a import\u00e2ncia de ajudar aqueles que mais precisam durante a crise de sa\u00fade global e especificamente, o pa\u00eds.<\/span><\/li>\n<\/ul>\n<ul>\n<li style=\"font-weight: 400;\" aria-level=\"1\"><span style=\"font-weight: 400;\">O BCP, em colabora\u00e7\u00e3o com a<\/span> <b>Yape<\/b><span style=\"font-weight: 400;\">, uma aplica\u00e7\u00e3o que permite efetuar transfer\u00eancias de mobile-to-mobile , tem o<\/span> <b>objetivo de promover a responsabilidade social atrav\u00e9s de donativos volunt\u00e1rios<\/b><span style=\"font-weight: 400;\">.<\/span><\/li>\n<\/ul>\n<ul>\n<li style=\"font-weight: 400;\" aria-level=\"1\"><span style=\"font-weight: 400;\">O <\/span><b>principal desafio<\/b> <span style=\"font-weight: 400;\">foi <\/span><b>captar o maior n\u00famero de pessoas <\/b><span style=\"font-weight: 400;\">poss\u00edvel para obter suporte, transmitindo a mensagem que todos juntos conseguimos travar a COVID.<\/span><\/li>\n<\/ul>\n<p>[\/vc_column_text][qodef_button size=&#8221;medium&#8221; text=&#8221;O QUE \u00c9 QUE FIZEMOS?&#8221; target=&#8221;_self&#8221; icon_pack=&#8221;&#8221; font_weight=&#8221;&#8221; text_transform=&#8221;&#8221; font_size=&#8221;18&#8243; padding=&#8221;0px 20px&#8221; custom_class=&#8221;text-center&#8221; margin=&#8221;30px auto 0px auto&#8221; link=&#8221;https:\/\/socialpubli.com\/pt\/blog\/bcp-com-colaboracao-da-yape\/&#8221;][\/vc_column][\/vc_row][vc_row equal_height=&#8221;yes&#8221; content_placement=&#8221;middle&#8221; row_content_width=&#8221;grid&#8221; css=&#8221;.vc_custom_1621932796688{padding-top: 4% !important;padding-bottom: 4% !important;}&#8221;][vc_column width=&#8221;1\/3&#8243; el_class=&#8221;text-center&#8221;][vc_single_image image=&#8221;10473&#8243; img_size=&#8221;full&#8221; alignment=&#8221;center&#8221; css_animation=&#8221;fadeInUp&#8221; css=&#8221;.vc_custom_1621927260601{padding-top: 20px !important;padding-right: 20px !important;padding-bottom: 20px !important;padding-left: 20px !important;}&#8221;][\/vc_column][vc_column width=&#8221;2\/3&#8243;][vc_column_text]<\/p>\n<h3><b>Coca-Cola introduz o novo produto, Coca-Cola Com Caf\u00e9, no mercado Colombiano<\/b><\/h3>\n<ul>\n<li><b>A Coca-Cola tinha <\/b><span style=\"font-weight: 400;\">o objetivo de <\/span><b>introduzir o novo produto atrav\u00e9s das redes sociais <\/b><span style=\"font-weight: 400;\">no mercado Colombiano,<\/span> <b>\u201cCoca-Cola com Caf\u00e9\u201d<\/b><span style=\"font-weight: 400;\">, uma<\/span> <span style=\"font-weight: 400;\">bebida refrescante com extrato de caf\u00e9 feito de gr\u00e3os de caf\u00e9.<\/span><\/li>\n<li><span style=\"font-weight: 400;\">O maior <\/span><b>desafio<\/b> <span style=\"font-weight: 400;\">foi introduzir um produto completamente novo no mercado e refor\u00e7ar os pontos fortes do produto.<\/span><\/li>\n<\/ul>\n<p>[\/vc_column_text][qodef_button size=&#8221;medium&#8221; text=&#8221;O QUE \u00c9 QUE FIZEMOS?&#8221; target=&#8221;_self&#8221; icon_pack=&#8221;&#8221; font_weight=&#8221;&#8221; text_transform=&#8221;&#8221; font_size=&#8221;18&#8243; padding=&#8221;0px 20px&#8221; custom_class=&#8221;text-center&#8221; margin=&#8221;30px auto 0px auto&#8221; link=&#8221;https:\/\/socialpubli.com\/pt\/blog\/coca-cola-no-mercado-colombiano\/&#8221;][\/vc_column][\/vc_row][vc_row equal_height=&#8221;yes&#8221; content_placement=&#8221;middle&#8221; row_content_width=&#8221;grid&#8221; css=&#8221;.vc_custom_1621932782592{padding-top: 4% !important;padding-bottom: 4% !important;}&#8221;][vc_column width=&#8221;1\/3&#8243; el_class=&#8221;text-center&#8221;][vc_single_image image=&#8221;10477&#8243; img_size=&#8221;full&#8221; alignment=&#8221;center&#8221; css_animation=&#8221;fadeInUp&#8221; css=&#8221;.vc_custom_1621927278455{padding-top: 20px !important;padding-right: 20px !important;padding-bottom: 20px !important;padding-left: 20px !important;}&#8221;][\/vc_column][vc_column width=&#8221;2\/3&#8243;][vc_column_text]<\/p>\n<h3><b>L&#8217;Or\u00e9al Mass Market confia na SocialPubli para lan\u00e7ar a sua primeira grande campanha na plataforma de live streaming, Twitch, em Portugal<\/b><\/h3>\n<ul>\n<li><b>L\u2019Or\u00e9al<\/b> <span style=\"font-weight: 400;\">queria<\/span> <b>ampliar a notoriedade da marca no mercado Portugu\u00eas e introduzir a marca em novos canais<\/b><span style=\"font-weight: 400;\">. O objetivo foi promover dois produtos da Garnier, Garnier Pure Active 3 in 1 e Garnier Pure Active Carv\u00e3o. <\/span><\/li>\n<li><span style=\"font-weight: 400;\">A L&#8217;Or\u00e9al Mass Market confiou na SocialPubli para lan\u00e7ar a sua<\/span> <b>primeira campanha massiva na Twitch, em Portugal<\/b><span style=\"font-weight: 400;\">.<\/span><\/li>\n<\/ul>\n<p>[\/vc_column_text][qodef_button size=&#8221;medium&#8221; text=&#8221;O QUE \u00c9 QUE FIZEMOS?&#8221; target=&#8221;_self&#8221; icon_pack=&#8221;&#8221; font_weight=&#8221;&#8221; text_transform=&#8221;&#8221; font_size=&#8221;18&#8243; padding=&#8221;0px 20px&#8221; custom_class=&#8221;text-center&#8221; margin=&#8221;30px auto 0px auto&#8221; link=&#8221;https:\/\/socialpubli.com\/pt\/blog\/loreal-portugal-twitch\/&#8221;][\/vc_column][\/vc_row][vc_row css=&#8221;.vc_custom_1621932667682{padding-top: 4% !important;padding-bottom: 4% !important;}&#8221;][vc_column][vc_column_text css=&#8221;.vc_custom_1621933724004{padding-bottom: 30px !important;}&#8221;]<\/p>\n<h3 style=\"text-align: center; font-size: 40px; font-weight: 200; letter-spacing: 3px;\">AS MELHORES MARCAS DO MUNDO CONFIE EM N\u00d3S<\/h3>\n<p>[\/vc_column_text][vc_row_inner row_content_width=&#8221;grid&#8221; css=&#8221;.vc_custom_1621932506508{padding-top: 20px !important;padding-bottom: 20px !important;}&#8221;][vc_column_inner width=&#8221;1\/6&#8243;][vc_single_image image=&#8221;10562&#8243; img_size=&#8221;medium&#8221; alignment=&#8221;center&#8221;][\/vc_column_inner][vc_column_inner width=&#8221;1\/6&#8243;][vc_single_image image=&#8221;10522&#8243; img_size=&#8221;medium&#8221; alignment=&#8221;center&#8221;][\/vc_column_inner][vc_column_inner width=&#8221;1\/6&#8243;][vc_single_image image=&#8221;10554&#8243; img_size=&#8221;medium&#8221; alignment=&#8221;center&#8221;][\/vc_column_inner][vc_column_inner width=&#8221;1\/6&#8243;][vc_single_image image=&#8221;10486&#8243; img_size=&#8221;medium&#8221; alignment=&#8221;center&#8221;][\/vc_column_inner][vc_column_inner width=&#8221;1\/6&#8243;][vc_single_image image=&#8221;10546&#8243; img_size=&#8221;medium&#8221; alignment=&#8221;center&#8221;][\/vc_column_inner][vc_column_inner width=&#8221;1\/6&#8243;][vc_single_image image=&#8221;10572&#8243; img_size=&#8221;medium&#8221; alignment=&#8221;center&#8221;][\/vc_column_inner][\/vc_row_inner][vc_row_inner row_content_width=&#8221;grid&#8221; css=&#8221;.vc_custom_1621932677724{padding-top: 20px !important;padding-bottom: 20px !important;}&#8221;][vc_column_inner width=&#8221;1\/6&#8243;][vc_single_image image=&#8221;10498&#8243; img_size=&#8221;medium&#8221; alignment=&#8221;center&#8221;][\/vc_column_inner][vc_column_inner width=&#8221;1\/6&#8243;][vc_single_image image=&#8221;10526&#8243; img_size=&#8221;medium&#8221; alignment=&#8221;center&#8221;][\/vc_column_inner][vc_column_inner width=&#8221;1\/6&#8243;][vc_single_image image=&#8221;10538&#8243; img_size=&#8221;medium&#8221; alignment=&#8221;center&#8221;][\/vc_column_inner][vc_column_inner width=&#8221;1\/6&#8243;][vc_single_image image=&#8221;10534&#8243; img_size=&#8221;medium&#8221; alignment=&#8221;center&#8221;][\/vc_column_inner][vc_column_inner width=&#8221;1\/6&#8243;][vc_single_image image=&#8221;10482&#8243; img_size=&#8221;medium&#8221; alignment=&#8221;center&#8221;][\/vc_column_inner][vc_column_inner width=&#8221;1\/6&#8243;][vc_single_image image=&#8221;10542&#8243; img_size=&#8221;medium&#8221; alignment=&#8221;center&#8221;][\/vc_column_inner][\/vc_row_inner][vc_row_inner row_content_width=&#8221;grid&#8221; css=&#8221;.vc_custom_1621932685973{padding-top: 20px !important;padding-bottom: 20px !important;}&#8221;][vc_column_inner width=&#8221;1\/6&#8243;][vc_single_image image=&#8221;10530&#8243; img_size=&#8221;medium&#8221; alignment=&#8221;center&#8221;][\/vc_column_inner][vc_column_inner width=&#8221;1\/6&#8243;][vc_single_image image=&#8221;10506&#8243; img_size=&#8221;medium&#8221; alignment=&#8221;center&#8221;][\/vc_column_inner][vc_column_inner width=&#8221;1\/6&#8243;][vc_single_image image=&#8221;10550&#8243; img_size=&#8221;medium&#8221; alignment=&#8221;center&#8221;][\/vc_column_inner][vc_column_inner width=&#8221;1\/6&#8243;][vc_single_image image=&#8221;10494&#8243; img_size=&#8221;medium&#8221; alignment=&#8221;center&#8221;][\/vc_column_inner][vc_column_inner width=&#8221;1\/6&#8243;][vc_single_image image=&#8221;10579&#8243; img_size=&#8221;medium&#8221; alignment=&#8221;center&#8221;][\/vc_column_inner][vc_column_inner width=&#8221;1\/6&#8243;][vc_single_image image=&#8221;10502&#8243; img_size=&#8221;medium&#8221; alignment=&#8221;center&#8221;][\/vc_column_inner][\/vc_row_inner][vc_row_inner row_content_width=&#8221;grid&#8221; css=&#8221;.vc_custom_1621932695549{padding-top: 20px !important;padding-bottom: 20px !important;}&#8221;][vc_column_inner width=&#8221;1\/6&#8243;][vc_single_image image=&#8221;10514&#8243; img_size=&#8221;medium&#8221; alignment=&#8221;center&#8221;][\/vc_column_inner][vc_column_inner width=&#8221;1\/6&#8243;][vc_single_image image=&#8221;10490&#8243; img_size=&#8221;medium&#8221; alignment=&#8221;center&#8221;][\/vc_column_inner][vc_column_inner width=&#8221;1\/6&#8243;][vc_single_image image=&#8221;10518&#8243; img_size=&#8221;medium&#8221; alignment=&#8221;center&#8221;][\/vc_column_inner][vc_column_inner width=&#8221;1\/6&#8243;][vc_single_image image=&#8221;10566&#8243; img_size=&#8221;medium&#8221; alignment=&#8221;center&#8221;][\/vc_column_inner][vc_column_inner width=&#8221;1\/6&#8243;][vc_single_image image=&#8221;10558&#8243; img_size=&#8221;medium&#8221; alignment=&#8221;center&#8221;][\/vc_column_inner][vc_column_inner width=&#8221;1\/6&#8243;][vc_single_image image=&#8221;10510&#8243; img_size=&#8221;medium&#8221; alignment=&#8221;center&#8221;][\/vc_column_inner][\/vc_row_inner][\/vc_column][\/vc_row]<\/p>\n<\/div>","protected":false},"excerpt":{"rendered":"<p>[vc_row el_class=&#8221;gradient-box&#8221; css=&#8221;.vc_custom_1619423476662{padding-top: 2% !important;padding-right: 12% !important;padding-bottom: 6% !important;padding-left: 12% !important;}&#8221;][vc_column][vc_column_text] A plataforma que conecta anunciantes com influenciadores [\/vc_column_text][vc_column_text] Estas s\u00e3o algumas das marcas que ajudamos a criar e a gerir campanhas de marketing de influ\u00eancia. Descobre como \u00e9 que o marketing de influ\u00eancia pode ajudar-te a dar o boost para impactares a tua audi\u00eancia [&hellip;]<\/p>\n","protected":false},"author":2,"featured_media":0,"parent":0,"menu_order":0,"comment_status":"closed","ping_status":"closed","template":"full-width.php","meta":{"footnotes":""},"class_list":["post-10844","page","type-page","status-publish","hentry"],"yoast_head":"<!-- This site is optimized with the Yoast SEO plugin v27.0 - https:\/\/yoast.com\/product\/yoast-seo-wordpress\/ -->\n<title>Cases Studies | Social Publi Blog<\/title>\n<meta name=\"description\" content=\"A plataforma que conecta anunciantes com influenciadores Estas s\u00e3o algumas das marcas que ajudamos a criar e a gerir campanhas de marketing de influ\u00eancia.\" \/>\n<meta name=\"robots\" content=\"index, follow, max-snippet:-1, max-image-preview:large, max-video-preview:-1\" \/>\n<link rel=\"canonical\" href=\"https:\/\/socialpubli.com\/blog\/pt-pt\/cases-studies\/\" \/>\n<meta property=\"og:locale\" content=\"pt_PT\" \/>\n<meta property=\"og:type\" content=\"article\" \/>\n<meta property=\"og:title\" content=\"Cases Studies | Social Publi Blog\" \/>\n<meta property=\"og:description\" content=\"A plataforma que conecta anunciantes com influenciadores Estas s\u00e3o algumas das marcas que ajudamos a criar e a gerir campanhas de marketing de influ\u00eancia.\" \/>\n<meta property=\"og:url\" content=\"https:\/\/socialpubli.com\/blog\/pt-pt\/cases-studies\/\" \/>\n<meta property=\"og:site_name\" content=\"Social Publi Blog\" \/>\n<meta property=\"article:modified_time\" content=\"2022-09-14T09:19:06+00:00\" \/>\n<meta name=\"twitter:card\" content=\"summary_large_image\" \/>\n<meta name=\"twitter:label1\" content=\"Tempo estimado de leitura\" \/>\n\t<meta name=\"twitter:data1\" content=\"4 minutos\" \/>\n<script type=\"application\/ld+json\" class=\"yoast-schema-graph\">{\"@context\":\"https:\/\/schema.org\",\"@graph\":[{\"@type\":\"WebPage\",\"@id\":\"https:\/\/socialpubli.com\/blog\/pt-pt\/cases-studies\/\",\"url\":\"https:\/\/socialpubli.com\/blog\/pt-pt\/cases-studies\/\",\"name\":\"Cases Studies | Social Publi Blog\",\"isPartOf\":{\"@id\":\"https:\/\/socialpubli.com\/blog\/#website\"},\"datePublished\":\"2021-06-09T14:37:04+00:00\",\"dateModified\":\"2022-09-14T09:19:06+00:00\",\"description\":\"A plataforma que conecta anunciantes com influenciadores Estas s\u00e3o algumas das marcas que ajudamos a criar e a gerir campanhas de marketing de influ\u00eancia.\",\"breadcrumb\":{\"@id\":\"https:\/\/socialpubli.com\/blog\/pt-pt\/cases-studies\/#breadcrumb\"},\"inLanguage\":\"pt-PT\",\"potentialAction\":[{\"@type\":\"ReadAction\",\"target\":[\"https:\/\/socialpubli.com\/blog\/pt-pt\/cases-studies\/\"]}]},{\"@type\":\"BreadcrumbList\",\"@id\":\"https:\/\/socialpubli.com\/blog\/pt-pt\/cases-studies\/#breadcrumb\",\"itemListElement\":[{\"@type\":\"ListItem\",\"position\":1,\"name\":\"Portada\",\"item\":\"https:\/\/socialpubli.com\/blog\/\"},{\"@type\":\"ListItem\",\"position\":2,\"name\":\"Cases Studies\"}]},{\"@type\":\"WebSite\",\"@id\":\"https:\/\/socialpubli.com\/blog\/#website\",\"url\":\"https:\/\/socialpubli.com\/blog\/\",\"name\":\"Social Publi Blog\",\"description\":\"Tendencias en marketing de influencers, branded content y estrategia en redes sociales.\",\"publisher\":{\"@id\":\"https:\/\/socialpubli.com\/blog\/#organization\"},\"potentialAction\":[{\"@type\":\"SearchAction\",\"target\":{\"@type\":\"EntryPoint\",\"urlTemplate\":\"https:\/\/socialpubli.com\/blog\/?s={search_term_string}\"},\"query-input\":{\"@type\":\"PropertyValueSpecification\",\"valueRequired\":true,\"valueName\":\"search_term_string\"}}],\"inLanguage\":\"pt-PT\"},{\"@type\":\"Organization\",\"@id\":\"https:\/\/socialpubli.com\/blog\/#organization\",\"name\":\"SocialPubli\",\"url\":\"https:\/\/socialpubli.com\/blog\/\",\"logo\":{\"@type\":\"ImageObject\",\"inLanguage\":\"pt-PT\",\"@id\":\"https:\/\/socialpubli.com\/blog\/#\/schema\/logo\/image\/\",\"url\":\"https:\/\/socialpubli.com\/blog\/wp-content\/uploads\/2017\/01\/logo-blog.png\",\"contentUrl\":\"https:\/\/socialpubli.com\/blog\/wp-content\/uploads\/2017\/01\/logo-blog.png\",\"width\":284,\"height\":53,\"caption\":\"SocialPubli\"},\"image\":{\"@id\":\"https:\/\/socialpubli.com\/blog\/#\/schema\/logo\/image\/\"}}]}<\/script>\n<!-- \/ Yoast SEO plugin. -->","yoast_head_json":{"title":"Cases Studies | Social Publi Blog","description":"A plataforma que conecta anunciantes com influenciadores Estas s\u00e3o algumas das marcas que ajudamos a criar e a gerir campanhas de marketing de influ\u00eancia.","robots":{"index":"index","follow":"follow","max-snippet":"max-snippet:-1","max-image-preview":"max-image-preview:large","max-video-preview":"max-video-preview:-1"},"canonical":"https:\/\/socialpubli.com\/blog\/pt-pt\/cases-studies\/","og_locale":"pt_PT","og_type":"article","og_title":"Cases Studies | Social Publi Blog","og_description":"A plataforma que conecta anunciantes com influenciadores Estas s\u00e3o algumas das marcas que ajudamos a criar e a gerir campanhas de marketing de influ\u00eancia.","og_url":"https:\/\/socialpubli.com\/blog\/pt-pt\/cases-studies\/","og_site_name":"Social Publi Blog","article_modified_time":"2022-09-14T09:19:06+00:00","twitter_card":"summary_large_image","twitter_misc":{"Tempo estimado de leitura":"4 minutos"},"schema":{"@context":"https:\/\/schema.org","@graph":[{"@type":"WebPage","@id":"https:\/\/socialpubli.com\/blog\/pt-pt\/cases-studies\/","url":"https:\/\/socialpubli.com\/blog\/pt-pt\/cases-studies\/","name":"Cases Studies | Social Publi Blog","isPartOf":{"@id":"https:\/\/socialpubli.com\/blog\/#website"},"datePublished":"2021-06-09T14:37:04+00:00","dateModified":"2022-09-14T09:19:06+00:00","description":"A plataforma que conecta anunciantes com influenciadores Estas s\u00e3o algumas das marcas que ajudamos a criar e a gerir campanhas de marketing de influ\u00eancia.","breadcrumb":{"@id":"https:\/\/socialpubli.com\/blog\/pt-pt\/cases-studies\/#breadcrumb"},"inLanguage":"pt-PT","potentialAction":[{"@type":"ReadAction","target":["https:\/\/socialpubli.com\/blog\/pt-pt\/cases-studies\/"]}]},{"@type":"BreadcrumbList","@id":"https:\/\/socialpubli.com\/blog\/pt-pt\/cases-studies\/#breadcrumb","itemListElement":[{"@type":"ListItem","position":1,"name":"Portada","item":"https:\/\/socialpubli.com\/blog\/"},{"@type":"ListItem","position":2,"name":"Cases Studies"}]},{"@type":"WebSite","@id":"https:\/\/socialpubli.com\/blog\/#website","url":"https:\/\/socialpubli.com\/blog\/","name":"Social Publi Blog","description":"Tendencias en marketing de influencers, branded content y estrategia en redes sociales.","publisher":{"@id":"https:\/\/socialpubli.com\/blog\/#organization"},"potentialAction":[{"@type":"SearchAction","target":{"@type":"EntryPoint","urlTemplate":"https:\/\/socialpubli.com\/blog\/?s={search_term_string}"},"query-input":{"@type":"PropertyValueSpecification","valueRequired":true,"valueName":"search_term_string"}}],"inLanguage":"pt-PT"},{"@type":"Organization","@id":"https:\/\/socialpubli.com\/blog\/#organization","name":"SocialPubli","url":"https:\/\/socialpubli.com\/blog\/","logo":{"@type":"ImageObject","inLanguage":"pt-PT","@id":"https:\/\/socialpubli.com\/blog\/#\/schema\/logo\/image\/","url":"https:\/\/socialpubli.com\/blog\/wp-content\/uploads\/2017\/01\/logo-blog.png","contentUrl":"https:\/\/socialpubli.com\/blog\/wp-content\/uploads\/2017\/01\/logo-blog.png","width":284,"height":53,"caption":"SocialPubli"},"image":{"@id":"https:\/\/socialpubli.com\/blog\/#\/schema\/logo\/image\/"}}]}},"_links":{"self":[{"href":"https:\/\/socialpubli.com\/blog\/pt-pt\/wp-json\/wp\/v2\/pages\/10844","targetHints":{"allow":["GET"]}}],"collection":[{"href":"https:\/\/socialpubli.com\/blog\/pt-pt\/wp-json\/wp\/v2\/pages"}],"about":[{"href":"https:\/\/socialpubli.com\/blog\/pt-pt\/wp-json\/wp\/v2\/types\/page"}],"author":[{"embeddable":true,"href":"https:\/\/socialpubli.com\/blog\/pt-pt\/wp-json\/wp\/v2\/users\/2"}],"replies":[{"embeddable":true,"href":"https:\/\/socialpubli.com\/blog\/pt-pt\/wp-json\/wp\/v2\/comments?post=10844"}],"version-history":[{"count":15,"href":"https:\/\/socialpubli.com\/blog\/pt-pt\/wp-json\/wp\/v2\/pages\/10844\/revisions"}],"predecessor-version":[{"id":12882,"href":"https:\/\/socialpubli.com\/blog\/pt-pt\/wp-json\/wp\/v2\/pages\/10844\/revisions\/12882"}],"wp:attachment":[{"href":"https:\/\/socialpubli.com\/blog\/pt-pt\/wp-json\/wp\/v2\/media?parent=10844"}],"curies":[{"name":"wp","href":"https:\/\/api.w.org\/{rel}","templated":true}]}}