{"id":10855,"date":"2021-06-09T16:35:14","date_gmt":"2021-06-09T14:35:14","guid":{"rendered":"https:\/\/socialpubli.com\/blog\/?page_id=10855"},"modified":"2022-08-19T15:23:56","modified_gmt":"2022-08-19T13:23:56","slug":"bcp-com-colaboracao-da-yape","status":"publish","type":"page","link":"https:\/\/socialpubli.com\/blog\/pt-pt\/bcp-com-colaboracao-da-yape\/","title":{"rendered":"BCP com colabora\u00e7\u00e3o da Yape"},"content":{"rendered":"<div class=\"wpb-content-wrapper\"><p>[vc_row][vc_column width=&#8221;2\/3&#8243;][vc_column_text]<\/p>\n<h2><b>O QUE \u00c9 QUE N\u00d3S FIZEMOS?<\/b><\/h2>\n<p>[\/vc_column_text][vc_separator color=&#8221;custom&#8221; align=&#8221;align_left&#8221; border_width=&#8221;10&#8243; el_width=&#8221;20&#8243; css_animation=&#8221;fadeInLeft&#8221; accent_color=&#8221;rgba(246,168,1,0.5)&#8221; css=&#8221;.vc_custom_1622623397576{padding-bottom: 30px !important;}&#8221;][vc_column_text]<span style=\"font-weight: 400;\">Para ajudar o BCP a atingir os seus objetivos, n\u00f3s concentramos toda a nossa experi\u00eancia que temos sobre o Marketing de Influ\u00eancia e conhecimentos sobre as redes sociais, para desenvolvermos uma campanha 100% adaptada ao prop\u00f3sito da marca. <\/span><\/p>\n<p><span style=\"font-weight: 400;\">Assim, decidimos lan\u00e7ar uma <\/span><b>campanha atrav\u00e9s do Instagram Stories<\/b><span style=\"font-weight: 400;\"> com a a hashtag #YoMeSumo (#I\u2019mIn). Os influenciadores incentivaram os seus seguidores a fazer uma doa\u00e7\u00e3o, atrav\u00e9s de um v\u00eddeo. Este formato foi o mais adequado, devido ao swipe up que permitiu que os utilizadores fossem direcionados para o link com todas as informa\u00e7\u00f5es das doa\u00e7\u00f5es. <\/span>[\/vc_column_text][qodef_button text=&#8221;PE\u00c7A UMA DEMONSTRA\u00c7\u00c3O&#8221; target=&#8221;_blank&#8221; icon_pack=&#8221;&#8221; font_weight=&#8221;&#8221; text_transform=&#8221;&#8221; link=&#8221;https:\/\/meetings.hubspot.com\/lara-castro&#8221; color=&#8221;#000000&#8243; hover_color=&#8221;#ffffff&#8221; background_color=&#8221;#ffffff&#8221; hover_background_color=&#8221;#000000&#8243; font_size=&#8221;25&#8243; margin=&#8221;30px 0 0 0&#8243;][\/vc_column][vc_column width=&#8221;1\/3&#8243; css=&#8221;.vc_custom_1623058693534{padding-top: 60px !important;padding-left: 20px !important;}&#8221;][vc_single_image image=&#8221;10833&#8243; img_size=&#8221;large&#8221; alignment=&#8221;center&#8221; css_animation=&#8221;fadeInUp&#8221;][vc_single_image image=&#8221;10837&#8243; img_size=&#8221;large&#8221; alignment=&#8221;center&#8221; css_animation=&#8221;fadeInUp&#8221;][\/vc_column][\/vc_row][vc_row css=&#8221;.vc_custom_1622732396020{margin-top: 60px !important;}&#8221;][vc_column][vc_column_text]<\/p>\n<h3>QUAIS FORAM OS RESULTADOS?<\/h3>\n<p>[\/vc_column_text][vc_separator color=&#8221;custom&#8221; align=&#8221;align_left&#8221; border_width=&#8221;10&#8243; el_width=&#8221;20&#8243; css_animation=&#8221;fadeInLeft&#8221; accent_color=&#8221;rgba(246,168,1,0.5)&#8221;][\/vc_column][\/vc_row][vc_row gap=&#8221;15&#8243; content_placement=&#8221;middle&#8221; row_content_width=&#8221;grid&#8221; css=&#8221;.vc_custom_1622623014459{padding-top: 4% !important;padding-bottom: 4% !important;}&#8221;][vc_column width=&#8221;1\/2&#8243; el_class=&#8221;box-form-land&#8221; css=&#8221;.vc_custom_1622622564120{padding-right: 20px !important;padding-left: 20px !important;}&#8221;][vc_row_inner css=&#8221;.vc_custom_1622627906540{padding-top: 20px !important;padding-bottom: 20px !important;}&#8221;][vc_column_inner width=&#8221;1\/2&#8243;][qodef_icon_list_item icon_pack=&#8221;dripicons&#8221; dripicon=&#8221;dripicons-store&#8221; icon_size=&#8221;24&#8243; icon_color=&#8221;#adb8ce&#8221; title=&#8221;Cliente&#8221; title_size=&#8221;18&#8243; title_padding=&#8221;30&#8243; custom_class=&#8221;icon-text-data&#8221; title_color=&#8221;#adb8ce&#8221; item_margin=&#8221;0px&#8221;][vc_column_text]<span style=\"color: #f6a801; font-size: 22px;\"><b>BCP, Per\u00fa<\/b><\/span>[\/vc_column_text][\/vc_column_inner][vc_column_inner width=&#8221;1\/2&#8243;][qodef_icon_list_item icon_pack=&#8221;dripicons&#8221; dripicon=&#8221;dripicons-flag&#8221; icon_size=&#8221;24&#8243; icon_color=&#8221;#adb8ce&#8221; title=&#8221;Engagement Rate&#8221; title_size=&#8221;18&#8243; title_padding=&#8221;30&#8243; custom_class=&#8221;icon-text-data&#8221; title_color=&#8221;#adb8ce&#8221; item_margin=&#8221;0px&#8221;][vc_column_text]<span style=\"color: #f6a801; font-size: 22px;\"><b>4,94 %<\/b><\/span>[\/vc_column_text][\/vc_column_inner][\/vc_row_inner][vc_row_inner css=&#8221;.vc_custom_1622627916670{padding-top: 20px !important;padding-bottom: 20px !important;}&#8221;][vc_column_inner width=&#8221;1\/2&#8243;][qodef_icon_list_item icon_pack=&#8221;dripicons&#8221; dripicon=&#8221;dripicons-message&#8221; icon_size=&#8221;24&#8243; icon_color=&#8221;#adb8ce&#8221; title=&#8221;Hashtag&#8221; title_size=&#8221;18&#8243; title_padding=&#8221;30&#8243; custom_class=&#8221;icon-text-data&#8221; title_color=&#8221;#adb8ce&#8221; item_margin=&#8221;0px&#8221;][vc_column_text]<span style=\"color: #f6a801; font-size: 22px;\"><b>#YoMeSumo<\/b><\/span>[\/vc_column_text][\/vc_column_inner][vc_column_inner width=&#8221;1\/2&#8243;][qodef_icon_list_item icon_pack=&#8221;dripicons&#8221; dripicon=&#8221;dripicons-graph-pie&#8221; icon_size=&#8221;24&#8243; icon_color=&#8221;#adb8ce&#8221; title=&#8221;Alcance&#8221; title_size=&#8221;18&#8243; title_padding=&#8221;30&#8243; custom_class=&#8221;icon-text-data&#8221; title_color=&#8221;#adb8ce&#8221; item_margin=&#8221;0px&#8221;][vc_column_text]<span style=\"color: #f6a801; font-size: 22px;\"><b>769.679<\/b><\/span>[\/vc_column_text][\/vc_column_inner][\/vc_row_inner][vc_row_inner css=&#8221;.vc_custom_1622627990181{padding-top: 20px !important;padding-bottom: 20px !important;}&#8221;][vc_column_inner width=&#8221;1\/2&#8243;][qodef_icon_list_item icon_pack=&#8221;dripicons&#8221; dripicon=&#8221;dripicons-broadcast&#8221; icon_size=&#8221;24&#8243; icon_color=&#8221;#adb8ce&#8221; title=&#8221;Rede Social&#8221; title_size=&#8221;18&#8243; title_padding=&#8221;30&#8243; custom_class=&#8221;icon-text-data&#8221; title_color=&#8221;#adb8ce&#8221; item_margin=&#8221;0px&#8221;][vc_column_text]<\/p>\n<p><span style=\"color: #f6a801; font-size: 22px;\"><b>Instagram Stories<\/b><\/span><\/p>\n<p>[\/vc_column_text][\/vc_column_inner][vc_column_inner width=&#8221;1\/2&#8243;][qodef_icon_list_item icon_pack=&#8221;dripicons&#8221; dripicon=&#8221;dripicons-heart&#8221; icon_size=&#8221;24&#8243; icon_color=&#8221;#adb8ce&#8221; title=&#8221;Clics&#8221; title_size=&#8221;18&#8243; title_padding=&#8221;30&#8243; custom_class=&#8221;icon-text-data&#8221; title_color=&#8221;#adb8ce&#8221; item_margin=&#8221;0px&#8221;][vc_column_text]<span style=\"color: #f6a801; font-size: 22px;\"><b>304<\/b><\/span>[\/vc_column_text][\/vc_column_inner][\/vc_row_inner][vc_row_inner css=&#8221;.vc_custom_1622628002437{padding-top: 20px !important;padding-bottom: 20px !important;}&#8221;][vc_column_inner width=&#8221;1\/2&#8243;][qodef_icon_list_item icon_pack=&#8221;dripicons&#8221; dripicon=&#8221;dripicons-user-group&#8221; icon_size=&#8221;24&#8243; icon_color=&#8221;#adb8ce&#8221; title=&#8221;Influencers&#8221; title_size=&#8221;18&#8243; title_padding=&#8221;30&#8243; custom_class=&#8221;icon-text-data&#8221; title_color=&#8221;#adb8ce&#8221; item_margin=&#8221;0px&#8221;][vc_column_text]<span style=\"color: #f6a801; font-size: 22px;\"><b>13<\/b><\/span>[\/vc_column_text][\/vc_column_inner][vc_column_inner width=&#8221;1\/2&#8243;][qodef_icon_list_item icon_pack=&#8221;dripicons&#8221; dripicon=&#8221;dripicons-preview&#8221; icon_size=&#8221;24&#8243; icon_color=&#8221;#adb8ce&#8221; title=&#8221;Views&#8221; title_size=&#8221;18&#8243; title_padding=&#8221;30&#8243; custom_class=&#8221;icon-text-data&#8221; title_color=&#8221;#adb8ce&#8221; item_margin=&#8221;0px&#8221;][vc_column_text]<span style=\"color: #f6a801; font-size: 22px;\"><b>37.701<\/b><\/span>[\/vc_column_text][\/vc_column_inner][\/vc_row_inner][\/vc_column][vc_column width=&#8221;1\/2&#8243;][vc_raw_html]JTNDaWZyYW1lJTIwaWQlM0QlMjJ2aWRlb0lmcmFtZSUyMiUyMGFsbG93dHJhbnNwYXJlbmN5JTNEJTIydHJ1ZSUyMiUyMHN0eWxlJTNEJTIyYmFja2dyb3VuZC1jb2xvciUzQSUyMCUyM2ZmZmZmZiUzQiUyMiUyMGZyYW1lYm9yZGVyJTNEJTIyMCUyMiUyMHNyYyUzRCUyMmh0dHBzJTNBJTJGJTJGc29jaWFscHVibGkuY29tJTJGYmxvZyUyRndwLWNvbnRlbnQlMkZ1cGxvYWRzJTJGMjAyMSUyRjA2JTJGaWdfcGVydV9iY3AubXA0JTIyJTIwd2lkdGglM0QlMjIxMDAlMjUlMjIlMjBoZWlnaHQlM0QlMjI1MDAlMjIlM0UlM0MlMkZpZnJhbWUlM0UlMEElMEElMEElM0NzY3JpcHQlM0UlMEElMEF2aWRlb0lmcmFtZS5vbmxvYWQlMjAlM0QlMjBmdW5jdGlvbiUyOCUyOSUyMCU3QiUyMCUwQSUyMCUwQXZpZGVvSWZyYW1lLmNvbnRlbnREb2N1bWVudC5ib2R5LnN0eWxlLmJhY2tncm91bmRDb2xvciUyMCUzRCUyMCUyN3RyYW5zcGFyZW50JTI3JTBBJTdEJTNCJTBBJTBBJTBBJTBBJTBBJTNDJTJGc2NyaXB0JTNF[\/vc_raw_html][\/vc_column][\/vc_row]<\/p>\n<\/div>","protected":false},"excerpt":{"rendered":"<p>[vc_row][vc_column width=&#8221;2\/3&#8243;][vc_column_text] O QUE \u00c9 QUE N\u00d3S FIZEMOS? [\/vc_column_text][vc_separator color=&#8221;custom&#8221; align=&#8221;align_left&#8221; border_width=&#8221;10&#8243; el_width=&#8221;20&#8243; css_animation=&#8221;fadeInLeft&#8221; accent_color=&#8221;rgba(246,168,1,0.5)&#8221; css=&#8221;.vc_custom_1622623397576{padding-bottom: 30px !important;}&#8221;][vc_column_text]Para ajudar o BCP a atingir os seus objetivos, n\u00f3s concentramos toda a nossa experi\u00eancia que temos sobre o Marketing de Influ\u00eancia e conhecimentos sobre as redes sociais, para desenvolvermos uma campanha 100% adaptada ao prop\u00f3sito da marca. [&hellip;]<\/p>\n","protected":false},"author":2,"featured_media":0,"parent":0,"menu_order":0,"comment_status":"closed","ping_status":"closed","template":"","meta":{"footnotes":""},"class_list":["post-10855","page","type-page","status-publish","hentry"],"yoast_head":"<!-- This site is optimized with the Yoast SEO plugin v27.0 - https:\/\/yoast.com\/product\/yoast-seo-wordpress\/ -->\n<title>BCP com colabora\u00e7\u00e3o da Yape | Social Publi Blog<\/title>\n<meta name=\"description\" content=\"O QUE \u00c9 QUE N\u00d3S FIZEMOS? Para ajudar o BCP a atingir os seus objetivos, n\u00f3s concentramos toda a nossa experi\u00eancia que temos sobre o Marketing de\" \/>\n<meta name=\"robots\" content=\"index, follow, max-snippet:-1, max-image-preview:large, max-video-preview:-1\" \/>\n<link rel=\"canonical\" href=\"https:\/\/socialpubli.com\/blog\/pt-pt\/bcp-com-colaboracao-da-yape\/\" \/>\n<meta property=\"og:locale\" content=\"pt_PT\" \/>\n<meta property=\"og:type\" content=\"article\" \/>\n<meta property=\"og:title\" content=\"BCP com colabora\u00e7\u00e3o da Yape | Social Publi Blog\" \/>\n<meta property=\"og:description\" content=\"O QUE \u00c9 QUE N\u00d3S FIZEMOS? Para ajudar o BCP a atingir os seus objetivos, n\u00f3s concentramos toda a nossa experi\u00eancia que temos sobre o Marketing de\" \/>\n<meta property=\"og:url\" content=\"https:\/\/socialpubli.com\/blog\/pt-pt\/bcp-com-colaboracao-da-yape\/\" \/>\n<meta property=\"og:site_name\" content=\"Social Publi Blog\" \/>\n<meta property=\"article:modified_time\" content=\"2022-08-19T13:23:56+00:00\" \/>\n<meta name=\"twitter:card\" content=\"summary_large_image\" \/>\n<meta name=\"twitter:label1\" content=\"Tempo estimado de leitura\" \/>\n\t<meta name=\"twitter:data1\" content=\"2 minutos\" \/>\n<script type=\"application\/ld+json\" class=\"yoast-schema-graph\">{\"@context\":\"https:\/\/schema.org\",\"@graph\":[{\"@type\":\"WebPage\",\"@id\":\"https:\/\/socialpubli.com\/blog\/pt-pt\/bcp-com-colaboracao-da-yape\/\",\"url\":\"https:\/\/socialpubli.com\/blog\/pt-pt\/bcp-com-colaboracao-da-yape\/\",\"name\":\"BCP com colabora\u00e7\u00e3o da Yape | Social Publi Blog\",\"isPartOf\":{\"@id\":\"https:\/\/socialpubli.com\/blog\/#website\"},\"datePublished\":\"2021-06-09T14:35:14+00:00\",\"dateModified\":\"2022-08-19T13:23:56+00:00\",\"description\":\"O QUE \u00c9 QUE N\u00d3S FIZEMOS? Para ajudar o BCP a atingir os seus objetivos, n\u00f3s concentramos toda a nossa experi\u00eancia que temos sobre o Marketing de\",\"breadcrumb\":{\"@id\":\"https:\/\/socialpubli.com\/blog\/pt-pt\/bcp-com-colaboracao-da-yape\/#breadcrumb\"},\"inLanguage\":\"pt-PT\",\"potentialAction\":[{\"@type\":\"ReadAction\",\"target\":[\"https:\/\/socialpubli.com\/blog\/pt-pt\/bcp-com-colaboracao-da-yape\/\"]}]},{\"@type\":\"BreadcrumbList\",\"@id\":\"https:\/\/socialpubli.com\/blog\/pt-pt\/bcp-com-colaboracao-da-yape\/#breadcrumb\",\"itemListElement\":[{\"@type\":\"ListItem\",\"position\":1,\"name\":\"Portada\",\"item\":\"https:\/\/socialpubli.com\/blog\/\"},{\"@type\":\"ListItem\",\"position\":2,\"name\":\"BCP com colabora\u00e7\u00e3o da Yape\"}]},{\"@type\":\"WebSite\",\"@id\":\"https:\/\/socialpubli.com\/blog\/#website\",\"url\":\"https:\/\/socialpubli.com\/blog\/\",\"name\":\"Social Publi Blog\",\"description\":\"Tendencias en marketing de influencers, branded content y estrategia en redes sociales.\",\"publisher\":{\"@id\":\"https:\/\/socialpubli.com\/blog\/#organization\"},\"potentialAction\":[{\"@type\":\"SearchAction\",\"target\":{\"@type\":\"EntryPoint\",\"urlTemplate\":\"https:\/\/socialpubli.com\/blog\/?s={search_term_string}\"},\"query-input\":{\"@type\":\"PropertyValueSpecification\",\"valueRequired\":true,\"valueName\":\"search_term_string\"}}],\"inLanguage\":\"pt-PT\"},{\"@type\":\"Organization\",\"@id\":\"https:\/\/socialpubli.com\/blog\/#organization\",\"name\":\"SocialPubli\",\"url\":\"https:\/\/socialpubli.com\/blog\/\",\"logo\":{\"@type\":\"ImageObject\",\"inLanguage\":\"pt-PT\",\"@id\":\"https:\/\/socialpubli.com\/blog\/#\/schema\/logo\/image\/\",\"url\":\"https:\/\/socialpubli.com\/blog\/wp-content\/uploads\/2017\/01\/logo-blog.png\",\"contentUrl\":\"https:\/\/socialpubli.com\/blog\/wp-content\/uploads\/2017\/01\/logo-blog.png\",\"width\":284,\"height\":53,\"caption\":\"SocialPubli\"},\"image\":{\"@id\":\"https:\/\/socialpubli.com\/blog\/#\/schema\/logo\/image\/\"}}]}<\/script>\n<!-- \/ Yoast SEO plugin. -->","yoast_head_json":{"title":"BCP com colabora\u00e7\u00e3o da Yape | Social Publi Blog","description":"O QUE \u00c9 QUE N\u00d3S FIZEMOS? Para ajudar o BCP a atingir os seus objetivos, n\u00f3s concentramos toda a nossa experi\u00eancia que temos sobre o Marketing de","robots":{"index":"index","follow":"follow","max-snippet":"max-snippet:-1","max-image-preview":"max-image-preview:large","max-video-preview":"max-video-preview:-1"},"canonical":"https:\/\/socialpubli.com\/blog\/pt-pt\/bcp-com-colaboracao-da-yape\/","og_locale":"pt_PT","og_type":"article","og_title":"BCP com colabora\u00e7\u00e3o da Yape | Social Publi Blog","og_description":"O QUE \u00c9 QUE N\u00d3S FIZEMOS? Para ajudar o BCP a atingir os seus objetivos, n\u00f3s concentramos toda a nossa experi\u00eancia que temos sobre o Marketing de","og_url":"https:\/\/socialpubli.com\/blog\/pt-pt\/bcp-com-colaboracao-da-yape\/","og_site_name":"Social Publi Blog","article_modified_time":"2022-08-19T13:23:56+00:00","twitter_card":"summary_large_image","twitter_misc":{"Tempo estimado de leitura":"2 minutos"},"schema":{"@context":"https:\/\/schema.org","@graph":[{"@type":"WebPage","@id":"https:\/\/socialpubli.com\/blog\/pt-pt\/bcp-com-colaboracao-da-yape\/","url":"https:\/\/socialpubli.com\/blog\/pt-pt\/bcp-com-colaboracao-da-yape\/","name":"BCP com colabora\u00e7\u00e3o da Yape | Social Publi Blog","isPartOf":{"@id":"https:\/\/socialpubli.com\/blog\/#website"},"datePublished":"2021-06-09T14:35:14+00:00","dateModified":"2022-08-19T13:23:56+00:00","description":"O QUE \u00c9 QUE N\u00d3S FIZEMOS? Para ajudar o BCP a atingir os seus objetivos, n\u00f3s concentramos toda a nossa experi\u00eancia que temos sobre o Marketing de","breadcrumb":{"@id":"https:\/\/socialpubli.com\/blog\/pt-pt\/bcp-com-colaboracao-da-yape\/#breadcrumb"},"inLanguage":"pt-PT","potentialAction":[{"@type":"ReadAction","target":["https:\/\/socialpubli.com\/blog\/pt-pt\/bcp-com-colaboracao-da-yape\/"]}]},{"@type":"BreadcrumbList","@id":"https:\/\/socialpubli.com\/blog\/pt-pt\/bcp-com-colaboracao-da-yape\/#breadcrumb","itemListElement":[{"@type":"ListItem","position":1,"name":"Portada","item":"https:\/\/socialpubli.com\/blog\/"},{"@type":"ListItem","position":2,"name":"BCP com colabora\u00e7\u00e3o da Yape"}]},{"@type":"WebSite","@id":"https:\/\/socialpubli.com\/blog\/#website","url":"https:\/\/socialpubli.com\/blog\/","name":"Social Publi Blog","description":"Tendencias en marketing de influencers, branded content y estrategia en redes sociales.","publisher":{"@id":"https:\/\/socialpubli.com\/blog\/#organization"},"potentialAction":[{"@type":"SearchAction","target":{"@type":"EntryPoint","urlTemplate":"https:\/\/socialpubli.com\/blog\/?s={search_term_string}"},"query-input":{"@type":"PropertyValueSpecification","valueRequired":true,"valueName":"search_term_string"}}],"inLanguage":"pt-PT"},{"@type":"Organization","@id":"https:\/\/socialpubli.com\/blog\/#organization","name":"SocialPubli","url":"https:\/\/socialpubli.com\/blog\/","logo":{"@type":"ImageObject","inLanguage":"pt-PT","@id":"https:\/\/socialpubli.com\/blog\/#\/schema\/logo\/image\/","url":"https:\/\/socialpubli.com\/blog\/wp-content\/uploads\/2017\/01\/logo-blog.png","contentUrl":"https:\/\/socialpubli.com\/blog\/wp-content\/uploads\/2017\/01\/logo-blog.png","width":284,"height":53,"caption":"SocialPubli"},"image":{"@id":"https:\/\/socialpubli.com\/blog\/#\/schema\/logo\/image\/"}}]}},"_links":{"self":[{"href":"https:\/\/socialpubli.com\/blog\/pt-pt\/wp-json\/wp\/v2\/pages\/10855","targetHints":{"allow":["GET"]}}],"collection":[{"href":"https:\/\/socialpubli.com\/blog\/pt-pt\/wp-json\/wp\/v2\/pages"}],"about":[{"href":"https:\/\/socialpubli.com\/blog\/pt-pt\/wp-json\/wp\/v2\/types\/page"}],"author":[{"embeddable":true,"href":"https:\/\/socialpubli.com\/blog\/pt-pt\/wp-json\/wp\/v2\/users\/2"}],"replies":[{"embeddable":true,"href":"https:\/\/socialpubli.com\/blog\/pt-pt\/wp-json\/wp\/v2\/comments?post=10855"}],"version-history":[{"count":6,"href":"https:\/\/socialpubli.com\/blog\/pt-pt\/wp-json\/wp\/v2\/pages\/10855\/revisions"}],"predecessor-version":[{"id":12771,"href":"https:\/\/socialpubli.com\/blog\/pt-pt\/wp-json\/wp\/v2\/pages\/10855\/revisions\/12771"}],"wp:attachment":[{"href":"https:\/\/socialpubli.com\/blog\/pt-pt\/wp-json\/wp\/v2\/media?parent=10855"}],"curies":[{"name":"wp","href":"https:\/\/api.w.org\/{rel}","templated":true}]}}