{"id":14175,"date":"2023-02-06T11:24:59","date_gmt":"2023-02-06T10:24:59","guid":{"rendered":"https:\/\/socialpubli.com\/blog\/?page_id=14175"},"modified":"2023-03-06T16:31:53","modified_gmt":"2023-03-06T15:31:53","slug":"marketing-afiliation-influencers","status":"publish","type":"page","link":"https:\/\/socialpubli.com\/blog\/pt-pt\/marketing-afiliation-influencers\/","title":{"rendered":"Pagamento a influenciadores por resultados com Affiliate Marketing"},"content":{"rendered":"<div class=\"wpb-content-wrapper\"><p>[vc_row][vc_column][vc_row_inner][vc_column_inner][vc_column_text css=&#8221;.vc_custom_1675678811025{padding-top: 20px !important;padding-right: 40px !important;padding-bottom: 30px !important;padding-left: 40px !important;background-color: #f6a801 !important;border-radius: 10px !important;}&#8221;]<\/p>\n<p style='text-align: center;'><strong><span style='color: #ffffff;'>Na SocialPubli queremos ajud\u00e1-lo com as suas estrat\u00e9gias centradas nos objetivos e resultados diretos, por isso lan\u00e7\u00e1mos o nosso sistema de<\/span> <i><span style='color: #ffffff;'>Affiliate Marketing com Influenciadores.<\/span><\/i> <\/strong><\/p>\n<p>[\/vc_column_text][\/vc_column_inner][\/vc_row_inner][\/vc_column][\/vc_row][vc_row css=&#8221;.vc_custom_1595249731266{background-position: center !important;background-repeat: no-repeat !important;background-size: cover !important;}&#8221;][vc_column css=&#8221;.vc_custom_1655731765778{padding-top: 0px !important;}&#8221;][vc_row_inner equal_height=&#8221;yes&#8221; content_placement=&#8221;middle&#8221; css=&#8221;.vc_custom_1655731755154{padding-top: 0px !important;}&#8221;][vc_column_inner width=&#8221;1\/2&#8243; css=&#8221;.vc_custom_1675091555685{padding-top: 20px !important;padding-bottom: 20px !important;}&#8221;][vc_column_text css=&#8221;.vc_custom_1675416122730{padding-bottom: 20px !important;}&#8221;]<\/p>\n<h2><b>Que vantagens tem como anunciante?<\/b><\/h2>\n<p>[\/vc_column_text][vc_column_text]<\/p>\n<p style='text-align: left;'><span style='color: #f6a801;'><strong>1-<\/strong><\/span> <span style='font-weight: 400;'>Como anunciante, <strong>pagar\u00e1 pelos resultados obtidos<\/strong>, que depender\u00e3o do seu objetivo espec\u00edfico: <i>vendas, alcance, convers\u00f5es, leads, cliques, ou outras m\u00e9tricas<\/i>.<\/span><\/p>\n<p style='text-align: left;'><strong><span style='color: #f6a801;'>2-<\/span><\/strong> <span style='font-weight: 400;'>Este sistema de publicidade ir\u00e1 facilitar <strong>a gest\u00e3o do seu or\u00e7amento, assegurando-lhe sempre um retorno positivo do seu investimento<\/strong>.<\/span><\/p>\n<p style='text-align: left;'><strong><span style='color: #f6a801;'>3-<\/span><\/strong> <span style='font-weight: 400;'>Ao contr\u00e1rio dos m\u00e9todos de pagamento por impress\u00e3o (CPM) ou pagamento por clique (PPC), com o nosso sistema de afilia\u00e7\u00e3o (CPV) n\u00e3o pagar\u00e1 at\u00e9 que o utilizador execute uma determinada a\u00e7\u00e3o, tal como fazer uma compra efectiva ou preencher um formul\u00e1rio.<\/span><\/p>\n<p style='text-align: left;'><strong><span style='color: #f6a801;'>4<\/span><\/strong><span style='font-weight: 400;'><strong><span style='color: #f6a801;'>&#8211;<\/span><\/strong> <strong>A partir da nossa plataforma, colocamo-lo em contacto com os influenciadores afiliados com quem deseja trabalhar<\/strong>, com o objetivo de otimizar a comunica\u00e7\u00e3o ao longo de todo o processo de trabalho. Muito conveniente!<\/span><\/p>\n<p>[\/vc_column_text][vc_column_text css=&#8221;.vc_custom_1675095100376{padding-bottom: 40px !important;}&#8221;]<\/p>\n<h3 style='text-align: left;'><span style='font-weight: 400; color: #f6a801;'>Agende uma reuni\u00e3o hoje!<\/span><\/h3>\n<p>[\/vc_column_text][qodef_button size=&#8221;medium&#8221; text=&#8221;Reserve a sua demo&#8221; target=&#8221;_blank&#8221; icon_pack=&#8221;&#8221; font_weight=&#8221;&#8221; text_transform=&#8221;&#8221; link=&#8221;https:\/\/meetings.hubspot.com\/carolina-torres3&#8243;][\/vc_column_inner][vc_column_inner width=&#8221;1\/2&#8243;][vc_column_text css=&#8221;.vc_custom_1677773233639{padding-bottom: 30px !important;}&#8221;]<\/p>\n<h3>Descarregar o nosso Guia de Marketing de Afiliados como PDF:<\/h3>\n<p>[\/vc_column_text][vc_column_text]<\/p>\n<div class='box-form-land'><div class=\"wpcf7 no-js\" id=\"wpcf7-f14715-o1\" lang=\"es-ES\" dir=\"ltr\" data-wpcf7-id=\"14715\">\n<div class=\"screen-reader-response\">\n<p role=\"status\" aria-live=\"polite\" aria-atomic=\"true\"><\/p> <ul><\/ul>\n<\/div>\n<form action=\"\/blog\/pt-pt\/wp-json\/wp\/v2\/pages\/14175\/#wpcf7-f14715-o1\" method=\"post\" class=\"wpcf7-form init wpcf7-acceptance-as-validation\" aria-label=\"Formulario de contacto\" novalidate=\"novalidate\" data-status=\"init\">\n<fieldset class=\"hidden-fields-container\">\n<input type=\"hidden\" name=\"_wpcf7\" value=\"14715\"><input type=\"hidden\" name=\"_wpcf7_version\" value=\"6.1.5\"><input type=\"hidden\" name=\"_wpcf7_locale\" value=\"es_ES\"><input type=\"hidden\" name=\"_wpcf7_unit_tag\" value=\"wpcf7-f14715-o1\"><input type=\"hidden\" name=\"_wpcf7_container_post\" value=\"0\"><input type=\"hidden\" name=\"_wpcf7_posted_data_hash\" value=\"\"><input type=\"hidden\" name=\"_wpcf7_recaptcha_response\" value=\"\">\n<\/fieldset>\n<p><label> Seu Nome (requeridos)<br>\n<span class=\"wpcf7-form-control-wrap\" data-name=\"your-name\"><input size=\"40\" maxlength=\"400\" class=\"wpcf7-form-control wpcf7-text wpcf7-validates-as-required\" aria-required=\"true\" aria-invalid=\"false\" value=\"\" type=\"text\" name=\"your-name\"><\/span> <\/label>\n<\/p>\n<p><label> Seu Email (requeridos)<br>\n<span class=\"wpcf7-form-control-wrap\" data-name=\"your-email\"><input size=\"40\" maxlength=\"400\" class=\"wpcf7-form-control wpcf7-email wpcf7-validates-as-required wpcf7-text wpcf7-validates-as-email\" aria-required=\"true\" aria-invalid=\"false\" value=\"\" type=\"email\" name=\"your-email\"><\/span> <\/label>\n<\/p>\n<p><label> Seu Telefone (requeridos)<br>\n<span class=\"wpcf7-form-control-wrap\" data-name=\"tel-705\"><input size=\"40\" maxlength=\"400\" class=\"wpcf7-form-control wpcf7-tel wpcf7-validates-as-required wpcf7-text wpcf7-validates-as-tel\" aria-required=\"true\" aria-invalid=\"false\" value=\"\" type=\"tel\" name=\"tel-705\"><\/span> <\/label>\n<\/p>\n<p><label> Sua Empresa (requeridos)<br>\n<span class=\"wpcf7-form-control-wrap\" data-name=\"text-165\"><input size=\"40\" maxlength=\"400\" class=\"wpcf7-form-control wpcf7-text wpcf7-validates-as-required\" aria-required=\"true\" aria-invalid=\"false\" value=\"\" type=\"text\" name=\"text-165\"><\/span><br>\n<\/label>\n<\/p>\n<p><span class=\"wpcf7-form-control-wrap\" data-name=\"acceptance-919\"><span class=\"wpcf7-form-control wpcf7-acceptance optional\"><span class=\"wpcf7-list-item\"><input type=\"checkbox\" name=\"acceptance-919\" value=\"1\" aria-invalid=\"false\"><\/span><\/span><\/span> Aceito a <a href=\"https:\/\/socialpubli.com\/corp\/advertisers\/privacy\" target=\"blank\" rel=\"nofollow\"> Pol&iacute;tica de Privacidade<\/a>\n<\/p>\n<p><span class=\"wpcf7-form-control-wrap\" data-name=\"acceptance-971\"><span class=\"wpcf7-form-control wpcf7-acceptance\"><span class=\"wpcf7-list-item\"><input type=\"checkbox\" name=\"acceptance-971\" value=\"1\" aria-invalid=\"false\"><\/span><\/span><\/span> Aceito a comunica&ccedil;&atilde;o comercial da SocialPubli\n<\/p>\n<p><input class=\"wpcf7-form-control wpcf7-submit has-spinner\" type=\"submit\" value=\"Enviar\">\n<\/p>\n<p style=\"display: none !important;\" class=\"akismet-fields-container\" data-prefix=\"_wpcf7_ak_\"><label>&Delta;<textarea name=\"_wpcf7_ak_hp_textarea\" cols=\"45\" rows=\"8\" maxlength=\"100\"><\/textarea><\/label><input type=\"hidden\" id=\"ak_js_1\" name=\"_wpcf7_ak_js\" value=\"136\"><script>document.getElementById( \"ak_js_1\" ).setAttribute( \"value\", ( new Date() ).getTime() );<\/script><\/p>\n<label class=\"ebd_input\"><input type=\"hidden\" name=\"ebd_downloads[]\" value=\"14707|Marketing De Afiliac&#807;a&#771;o\"> <\/label><input type=\"hidden\" class=\"ebd_setting\" name=\"ebd_settings[]\" value=\"title|Marketing De Afiliac&Igrave;&sect;a&Igrave;&#131;o\"><input type=\"hidden\" class=\"ebd_setting\" name=\"ebd_settings[]\" value=\"delivered_as|inline link\"><input type=\"hidden\" class=\"ebd_setting\" name=\"ebd_settings[]\" value=\"hide_form|no\"><input type=\"hidden\" class=\"ebd_setting\" name=\"ebd_settings[]\" value=\"radio|no\"><input type=\"hidden\" class=\"ebd_setting\" name=\"ebd_settings[]\" value=\"link_format|_blank\"><input type=\"hidden\" class=\"ebd_setting\" name=\"ebd_settings[]\" value=\"file_thumbnail|no\"><input type=\"hidden\" class=\"ebd_setting\" name=\"ebd_settings[]\" value=\"item_id|73\"><input type=\"hidden\" class=\"ebd_setting\" name=\"ebd_settings[]\" value=\"form_id|wpcf7-f14715-o1\"><div class=\"wpcf7-response-output\" aria-hidden=\"true\"><\/div>\n<\/form>\n<\/div>\n<\/div>\n<p>[\/vc_column_text][\/vc_column_inner][\/vc_row_inner][vc_row_inner equal_height=&#8221;yes&#8221; content_placement=&#8221;middle&#8221;][vc_column_inner width=&#8221;1\/2&#8243; css=&#8221;.vc_custom_1595241364308{padding-top: 20px !important;padding-bottom: 20px !important;}&#8221;][vc_single_image image=&#8221;14244&#8243; img_size=&#8221;full&#8221; alignment=&#8221;center&#8221; el_class=&#8221;img-mobile-module&#8221;][\/vc_column_inner][vc_column_inner width=&#8221;1\/2&#8243;][vc_column_text css=&#8221;.vc_custom_1675416136030{padding-bottom: 40px !important;}&#8221;]<\/p>\n<h2><span style='font-weight: 400; color: #f6a801;'>Como Funciona?<\/span><\/h2>\n<p>[\/vc_column_text][vc_column_text]<span style='font-weight: 400;'>Assim que decidir utilizar o nosso sistema de Influencer Affiliate Marketing, <strong>os produtos ou servi\u00e7os da sua marca ser\u00e3o promovidos atrav\u00e9s das redes sociais dos nossos influenciadores<\/strong>. <\/span><\/p>\n<p><span style='font-weight: 400;'>Os influenciadores publicar\u00e3o os an\u00fancios acompanhados de um c\u00f3digo exclusivo que pode ser inclu\u00eddo num v\u00eddeo ou no tipo de publica\u00e7\u00e3o \u00e0 sua escolha. Com este c\u00f3digo, ser\u00e1 poss\u00edvel <strong>contabilizar as vendas obtidas<\/strong>. <\/span><\/p>\n<p><span style='font-weight: 400;'>Em troca, <strong>os influenciadores receber\u00e3o uma percentagem pela venda obtida ou por resultado atingido<\/strong>. <\/span><\/p>\n<p><span style='font-weight: 400;'>A percentagem ou comiss\u00e3o ganha pelo influenciador ser\u00e1 previamente estabelecida com a marca, mas quanto mais atraente for, mais influenciadores querer\u00e3o partilhar o seu produto ou servi\u00e7o.<\/span><\/p>\n<p><span style='font-weight: 400;'>No in\u00edcio da campanha ter\u00e1 uma &#8220;setup fee&#8221;, muito inferior \u00e0s campanhas de impress\u00e3o ou branding para cobrir os custos de lan\u00e7amento, e a partir da\u00ed haver\u00e1 apenas pagamentos por resultados de vendas ou capta\u00e7\u00e3o de leads.<\/span>[\/vc_column_text][\/vc_column_inner][\/vc_row_inner][\/vc_column][\/vc_row][vc_row css=&#8221;.vc_custom_1675271867308{margin-bottom: 20px !important;}&#8221;][vc_column][vc_column_text css=&#8221;.vc_custom_1675416242449{padding-bottom: 40px !important;}&#8221;]<\/p>\n<h2 style='text-align: center;'><span style='font-weight: 400; color: #f6a801;'>Para que Redes Sociais est\u00e1 dispon\u00edvel este servi\u00e7o de Marketing Afiliado?<\/span><\/h2>\n<p>[\/vc_column_text][vc_column_text css=&#8221;.vc_custom_1675416340597{padding-bottom: 40px !important;}&#8221;]<\/p>\n<p style='text-align: center;'><span style='font-weight: 400;'>Por enquanto, este servi\u00e7o de Marketing de Afiliados com Influenciadores est\u00e1 dispon\u00edvel no <strong>Instagram e no Tiktok<\/strong>, as duas redes sociais que se encontram atualmente no topo da publicidade. <\/span><\/p>\n<p>[\/vc_column_text][vc_column_text]<\/p>\n<p style='text-align: center; color: #f6a801;'><strong>Gostaria de experimentar a nossa plataforma?<\/strong><\/p>\n<p>[\/vc_column_text][\/vc_column][\/vc_row][vc_row][vc_column][vc_raw_js]JTNDc2NyaXB0JTNFJTBBalF1ZXJ5JTI4JTI3LmJveC1mb3JtLWxhbmQlMjBmb3JtJTI3JTI5LmNoYW5nZSUyOGZ1bmN0aW9uJTI4JTI5JTIwJTdCJTBBJTIwJTIwJTIwJTIwalF1ZXJ5JTI4JTI3LmJveC1mb3JtLWxhbmQlMjBmb3JtJTIwYnV0dG9uJTVCdHlwZSUzRCUyMnN1Ym1pdCUyMiU1RCUyNyUyOS5hdHRyJTI4JTIyZGlzYWJsZWQlMjIlMkMlMjBmYWxzZSUyOSUwQSU3RCUyOS5zdWJtaXQlMjhmdW5jdGlvbiUyMCUyOCUyOSUyMCU3QiUwQSUyMCUyMCUyMCUyMGpRdWVyeSUyOCUyNy5ib3gtZm9ybS1sYW5kJTIwZm9ybSUyMGJ1dHRvbiU1QnR5cGUlM0QlMjJzdWJtaXQlMjIlNUQlMjclMjkuYXR0ciUyOCUyMmRpc2FibGVkJTIyJTJDJTIwdHJ1ZSUyOSUwQSU3RCUyOSUwQSUzQyUyRnNjcmlwdCUzRQ==[\/vc_raw_js][\/vc_column][\/vc_row]<\/p>\n<\/div>","protected":false},"excerpt":{"rendered":"<p>[vc_row][vc_column][vc_row_inner][vc_column_inner][vc_column_text css=&#8221;.vc_custom_1675678811025{padding-top: 20px !important;padding-right: 40px !important;padding-bottom: 30px !important;padding-left: 40px !important;background-color: #f6a801 !important;border-radius: 10px !important;}&#8221;] Na SocialPubli queremos ajud\u00e1-lo com as suas estrat\u00e9gias centradas nos objetivos e resultados diretos, por isso lan\u00e7\u00e1mos o nosso sistema de Affiliate Marketing com Influenciadores. [\/vc_column_text][\/vc_column_inner][\/vc_row_inner][\/vc_column][\/vc_row][vc_row css=&#8221;.vc_custom_1595249731266{background-position: center !important;background-repeat: no-repeat !important;background-size: cover !important;}&#8221;][vc_column css=&#8221;.vc_custom_1655731765778{padding-top: 0px !important;}&#8221;][vc_row_inner equal_height=&#8221;yes&#8221; content_placement=&#8221;middle&#8221; css=&#8221;.vc_custom_1655731755154{padding-top: 0px !important;}&#8221;][vc_column_inner [&hellip;]<\/p>\n","protected":false},"author":2,"featured_media":14286,"parent":0,"menu_order":0,"comment_status":"closed","ping_status":"closed","template":"","meta":{"footnotes":""},"class_list":["post-14175","page","type-page","status-publish","has-post-thumbnail","hentry"],"yoast_head":"<!-- This site is optimized with the Yoast SEO plugin v27.0 - https:\/\/yoast.com\/product\/yoast-seo-wordpress\/ -->\n<title>Marketing de Afiliados com Influenciadores | SocialPubli<\/title>\n<meta name=\"description\" content=\"Prepare a sua estrat\u00e9gia de Influencer Marketing. SocialPubli ajuda-o a lan\u00e7ar campanhas publicit\u00e1rias com os influenciadores mais adequados. Melhore as suas estrat\u00e9gias de publicidade e branding com o novo servi\u00e7o de Affiliate Marketing da SociaPubli com Influencers na Instagram e TiktTok\" \/>\n<meta name=\"robots\" content=\"index, follow, max-snippet:-1, max-image-preview:large, max-video-preview:-1\" \/>\n<link rel=\"canonical\" href=\"https:\/\/socialpubli.com\/blog\/pt-pt\/marketing-afiliation-influencers\/\" \/>\n<meta property=\"og:locale\" content=\"pt_PT\" \/>\n<meta property=\"og:type\" content=\"article\" \/>\n<meta property=\"og:title\" content=\"Marketing de Afiliados com Influenciadores | SocialPubli\" \/>\n<meta property=\"og:description\" content=\"Prepare a sua estrat\u00e9gia de Influencer Marketing. SocialPubli ajuda-o a lan\u00e7ar campanhas publicit\u00e1rias com os influenciadores mais adequados. Melhore as suas estrat\u00e9gias de publicidade e branding com o novo servi\u00e7o de Affiliate Marketing da SociaPubli com Influencers na Instagram e TiktTok\" \/>\n<meta property=\"og:url\" content=\"https:\/\/socialpubli.com\/blog\/pt-pt\/marketing-afiliation-influencers\/\" \/>\n<meta property=\"og:site_name\" content=\"Social Publi Blog\" \/>\n<meta property=\"article:modified_time\" content=\"2023-03-06T15:31:53+00:00\" \/>\n<meta property=\"og:image\" content=\"https:\/\/socialpubli.com\/blog\/wp-content\/uploads\/2023\/02\/PreviewCard_afilicacion_PT.jpg\" \/>\n\t<meta property=\"og:image:width\" content=\"560\" \/>\n\t<meta property=\"og:image:height\" content=\"281\" \/>\n\t<meta property=\"og:image:type\" content=\"image\/jpeg\" \/>\n<meta name=\"twitter:card\" content=\"summary_large_image\" \/>\n<meta name=\"twitter:image\" content=\"https:\/\/socialpubli.com\/blog\/wp-content\/uploads\/2023\/02\/PreviewCard_afilicacion_PT.jpg\" \/>\n<meta name=\"twitter:label1\" content=\"Tempo estimado de leitura\" \/>\n\t<meta name=\"twitter:data1\" content=\"3 minutos\" \/>\n<script type=\"application\/ld+json\" class=\"yoast-schema-graph\">{\"@context\":\"https:\/\/schema.org\",\"@graph\":[{\"@type\":\"WebPage\",\"@id\":\"https:\/\/socialpubli.com\/blog\/pt-pt\/marketing-afiliation-influencers\/\",\"url\":\"https:\/\/socialpubli.com\/blog\/pt-pt\/marketing-afiliation-influencers\/\",\"name\":\"Marketing de Afiliados com Influenciadores | SocialPubli\",\"isPartOf\":{\"@id\":\"https:\/\/socialpubli.com\/blog\/#website\"},\"primaryImageOfPage\":{\"@id\":\"https:\/\/socialpubli.com\/blog\/pt-pt\/marketing-afiliation-influencers\/#primaryimage\"},\"image\":{\"@id\":\"https:\/\/socialpubli.com\/blog\/pt-pt\/marketing-afiliation-influencers\/#primaryimage\"},\"thumbnailUrl\":\"https:\/\/socialpubli.com\/blog\/wp-content\/uploads\/2023\/02\/PreviewCard_afilicacion_PT.jpg\",\"datePublished\":\"2023-02-06T10:24:59+00:00\",\"dateModified\":\"2023-03-06T15:31:53+00:00\",\"description\":\"Prepare a sua estrat\u00e9gia de Influencer Marketing. SocialPubli ajuda-o a lan\u00e7ar campanhas publicit\u00e1rias com os influenciadores mais adequados. Melhore as suas estrat\u00e9gias de publicidade e branding com o novo servi\u00e7o de Affiliate Marketing da SociaPubli com Influencers na Instagram e TiktTok\",\"breadcrumb\":{\"@id\":\"https:\/\/socialpubli.com\/blog\/pt-pt\/marketing-afiliation-influencers\/#breadcrumb\"},\"inLanguage\":\"pt-PT\",\"potentialAction\":[{\"@type\":\"ReadAction\",\"target\":[\"https:\/\/socialpubli.com\/blog\/pt-pt\/marketing-afiliation-influencers\/\"]}]},{\"@type\":\"ImageObject\",\"inLanguage\":\"pt-PT\",\"@id\":\"https:\/\/socialpubli.com\/blog\/pt-pt\/marketing-afiliation-influencers\/#primaryimage\",\"url\":\"https:\/\/socialpubli.com\/blog\/wp-content\/uploads\/2023\/02\/PreviewCard_afilicacion_PT.jpg\",\"contentUrl\":\"https:\/\/socialpubli.com\/blog\/wp-content\/uploads\/2023\/02\/PreviewCard_afilicacion_PT.jpg\",\"width\":560,\"height\":281},{\"@type\":\"BreadcrumbList\",\"@id\":\"https:\/\/socialpubli.com\/blog\/pt-pt\/marketing-afiliation-influencers\/#breadcrumb\",\"itemListElement\":[{\"@type\":\"ListItem\",\"position\":1,\"name\":\"Portada\",\"item\":\"https:\/\/socialpubli.com\/blog\/\"},{\"@type\":\"ListItem\",\"position\":2,\"name\":\"Pagamento a influenciadores por resultados com Affiliate Marketing\"}]},{\"@type\":\"WebSite\",\"@id\":\"https:\/\/socialpubli.com\/blog\/#website\",\"url\":\"https:\/\/socialpubli.com\/blog\/\",\"name\":\"Social Publi Blog\",\"description\":\"Tendencias en marketing de influencers, branded content y estrategia en redes sociales.\",\"publisher\":{\"@id\":\"https:\/\/socialpubli.com\/blog\/#organization\"},\"potentialAction\":[{\"@type\":\"SearchAction\",\"target\":{\"@type\":\"EntryPoint\",\"urlTemplate\":\"https:\/\/socialpubli.com\/blog\/?s={search_term_string}\"},\"query-input\":{\"@type\":\"PropertyValueSpecification\",\"valueRequired\":true,\"valueName\":\"search_term_string\"}}],\"inLanguage\":\"pt-PT\"},{\"@type\":\"Organization\",\"@id\":\"https:\/\/socialpubli.com\/blog\/#organization\",\"name\":\"SocialPubli\",\"url\":\"https:\/\/socialpubli.com\/blog\/\",\"logo\":{\"@type\":\"ImageObject\",\"inLanguage\":\"pt-PT\",\"@id\":\"https:\/\/socialpubli.com\/blog\/#\/schema\/logo\/image\/\",\"url\":\"https:\/\/socialpubli.com\/blog\/wp-content\/uploads\/2017\/01\/logo-blog.png\",\"contentUrl\":\"https:\/\/socialpubli.com\/blog\/wp-content\/uploads\/2017\/01\/logo-blog.png\",\"width\":284,\"height\":53,\"caption\":\"SocialPubli\"},\"image\":{\"@id\":\"https:\/\/socialpubli.com\/blog\/#\/schema\/logo\/image\/\"}}]}<\/script>\n<!-- \/ Yoast SEO plugin. -->","yoast_head_json":{"title":"Marketing de Afiliados com Influenciadores | SocialPubli","description":"Prepare a sua estrat\u00e9gia de Influencer Marketing. SocialPubli ajuda-o a lan\u00e7ar campanhas publicit\u00e1rias com os influenciadores mais adequados. Melhore as suas estrat\u00e9gias de publicidade e branding com o novo servi\u00e7o de Affiliate Marketing da SociaPubli com Influencers na Instagram e TiktTok","robots":{"index":"index","follow":"follow","max-snippet":"max-snippet:-1","max-image-preview":"max-image-preview:large","max-video-preview":"max-video-preview:-1"},"canonical":"https:\/\/socialpubli.com\/blog\/pt-pt\/marketing-afiliation-influencers\/","og_locale":"pt_PT","og_type":"article","og_title":"Marketing de Afiliados com Influenciadores | SocialPubli","og_description":"Prepare a sua estrat\u00e9gia de Influencer Marketing. SocialPubli ajuda-o a lan\u00e7ar campanhas publicit\u00e1rias com os influenciadores mais adequados. Melhore as suas estrat\u00e9gias de publicidade e branding com o novo servi\u00e7o de Affiliate Marketing da SociaPubli com Influencers na Instagram e TiktTok","og_url":"https:\/\/socialpubli.com\/blog\/pt-pt\/marketing-afiliation-influencers\/","og_site_name":"Social Publi Blog","article_modified_time":"2023-03-06T15:31:53+00:00","og_image":[{"width":560,"height":281,"url":"https:\/\/socialpubli.com\/blog\/wp-content\/uploads\/2023\/02\/PreviewCard_afilicacion_PT.jpg","type":"image\/jpeg"}],"twitter_card":"summary_large_image","twitter_image":"https:\/\/socialpubli.com\/blog\/wp-content\/uploads\/2023\/02\/PreviewCard_afilicacion_PT.jpg","twitter_misc":{"Tempo estimado de leitura":"3 minutos"},"schema":{"@context":"https:\/\/schema.org","@graph":[{"@type":"WebPage","@id":"https:\/\/socialpubli.com\/blog\/pt-pt\/marketing-afiliation-influencers\/","url":"https:\/\/socialpubli.com\/blog\/pt-pt\/marketing-afiliation-influencers\/","name":"Marketing de Afiliados com Influenciadores | SocialPubli","isPartOf":{"@id":"https:\/\/socialpubli.com\/blog\/#website"},"primaryImageOfPage":{"@id":"https:\/\/socialpubli.com\/blog\/pt-pt\/marketing-afiliation-influencers\/#primaryimage"},"image":{"@id":"https:\/\/socialpubli.com\/blog\/pt-pt\/marketing-afiliation-influencers\/#primaryimage"},"thumbnailUrl":"https:\/\/socialpubli.com\/blog\/wp-content\/uploads\/2023\/02\/PreviewCard_afilicacion_PT.jpg","datePublished":"2023-02-06T10:24:59+00:00","dateModified":"2023-03-06T15:31:53+00:00","description":"Prepare a sua estrat\u00e9gia de Influencer Marketing. SocialPubli ajuda-o a lan\u00e7ar campanhas publicit\u00e1rias com os influenciadores mais adequados. Melhore as suas estrat\u00e9gias de publicidade e branding com o novo servi\u00e7o de Affiliate Marketing da SociaPubli com Influencers na Instagram e TiktTok","breadcrumb":{"@id":"https:\/\/socialpubli.com\/blog\/pt-pt\/marketing-afiliation-influencers\/#breadcrumb"},"inLanguage":"pt-PT","potentialAction":[{"@type":"ReadAction","target":["https:\/\/socialpubli.com\/blog\/pt-pt\/marketing-afiliation-influencers\/"]}]},{"@type":"ImageObject","inLanguage":"pt-PT","@id":"https:\/\/socialpubli.com\/blog\/pt-pt\/marketing-afiliation-influencers\/#primaryimage","url":"https:\/\/socialpubli.com\/blog\/wp-content\/uploads\/2023\/02\/PreviewCard_afilicacion_PT.jpg","contentUrl":"https:\/\/socialpubli.com\/blog\/wp-content\/uploads\/2023\/02\/PreviewCard_afilicacion_PT.jpg","width":560,"height":281},{"@type":"BreadcrumbList","@id":"https:\/\/socialpubli.com\/blog\/pt-pt\/marketing-afiliation-influencers\/#breadcrumb","itemListElement":[{"@type":"ListItem","position":1,"name":"Portada","item":"https:\/\/socialpubli.com\/blog\/"},{"@type":"ListItem","position":2,"name":"Pagamento a influenciadores por resultados com Affiliate Marketing"}]},{"@type":"WebSite","@id":"https:\/\/socialpubli.com\/blog\/#website","url":"https:\/\/socialpubli.com\/blog\/","name":"Social Publi Blog","description":"Tendencias en marketing de influencers, branded content y estrategia en redes sociales.","publisher":{"@id":"https:\/\/socialpubli.com\/blog\/#organization"},"potentialAction":[{"@type":"SearchAction","target":{"@type":"EntryPoint","urlTemplate":"https:\/\/socialpubli.com\/blog\/?s={search_term_string}"},"query-input":{"@type":"PropertyValueSpecification","valueRequired":true,"valueName":"search_term_string"}}],"inLanguage":"pt-PT"},{"@type":"Organization","@id":"https:\/\/socialpubli.com\/blog\/#organization","name":"SocialPubli","url":"https:\/\/socialpubli.com\/blog\/","logo":{"@type":"ImageObject","inLanguage":"pt-PT","@id":"https:\/\/socialpubli.com\/blog\/#\/schema\/logo\/image\/","url":"https:\/\/socialpubli.com\/blog\/wp-content\/uploads\/2017\/01\/logo-blog.png","contentUrl":"https:\/\/socialpubli.com\/blog\/wp-content\/uploads\/2017\/01\/logo-blog.png","width":284,"height":53,"caption":"SocialPubli"},"image":{"@id":"https:\/\/socialpubli.com\/blog\/#\/schema\/logo\/image\/"}}]}},"_links":{"self":[{"href":"https:\/\/socialpubli.com\/blog\/pt-pt\/wp-json\/wp\/v2\/pages\/14175","targetHints":{"allow":["GET"]}}],"collection":[{"href":"https:\/\/socialpubli.com\/blog\/pt-pt\/wp-json\/wp\/v2\/pages"}],"about":[{"href":"https:\/\/socialpubli.com\/blog\/pt-pt\/wp-json\/wp\/v2\/types\/page"}],"author":[{"embeddable":true,"href":"https:\/\/socialpubli.com\/blog\/pt-pt\/wp-json\/wp\/v2\/users\/2"}],"replies":[{"embeddable":true,"href":"https:\/\/socialpubli.com\/blog\/pt-pt\/wp-json\/wp\/v2\/comments?post=14175"}],"version-history":[{"count":11,"href":"https:\/\/socialpubli.com\/blog\/pt-pt\/wp-json\/wp\/v2\/pages\/14175\/revisions"}],"predecessor-version":[{"id":14747,"href":"https:\/\/socialpubli.com\/blog\/pt-pt\/wp-json\/wp\/v2\/pages\/14175\/revisions\/14747"}],"wp:featuredmedia":[{"embeddable":true,"href":"https:\/\/socialpubli.com\/blog\/pt-pt\/wp-json\/wp\/v2\/media\/14286"}],"wp:attachment":[{"href":"https:\/\/socialpubli.com\/blog\/pt-pt\/wp-json\/wp\/v2\/media?parent=14175"}],"curies":[{"name":"wp","href":"https:\/\/api.w.org\/{rel}","templated":true}]}}