{"id":15352,"date":"2023-04-15T17:36:10","date_gmt":"2023-04-15T15:36:10","guid":{"rendered":"https:\/\/socialpubli.com\/blog\/?page_id=15352"},"modified":"2023-04-15T17:36:10","modified_gmt":"2023-04-15T15:36:10","slug":"influencers-selling-marketing","status":"publish","type":"page","link":"https:\/\/socialpubli.com\/blog\/pt-pt\/influencers-selling-marketing\/","title":{"rendered":"Influencers Selling Marketing"},"content":{"rendered":"<div class=\"wpb-content-wrapper\"><p>[vc_row css=&#8221;.vc_custom_1595249731266{background-position: center !important;background-repeat: no-repeat !important;background-size: cover !important;}&#8221;][vc_column css=&#8221;.vc_custom_1655731765778{padding-top: 0px !important;}&#8221;][vc_row_inner equal_height=&#8221;yes&#8221; content_placement=&#8221;top&#8221; css=&#8221;.vc_custom_1680693339716{padding-top: 0px !important;}&#8221;][vc_column_inner width=&#8221;1\/2&#8243; css=&#8221;.vc_custom_1675091555685{padding-top: 20px !important;padding-bottom: 20px !important;}&#8221;][vc_column_text css=&#8221;.vc_custom_1680693535339{padding-bottom: 20px !important;}&#8221;]<\/p>\n<h2 style='margin-top: 15px;'>BOOST A RESULTADO: PAID MEDIA COM CONTE\u00daDO DE INFLUENCIADOR<\/h2>\n<p>[\/vc_column_text][vc_column_text]<span style='font-weight: 400;'>Atrav\u00e9s do Boost, convertemos o<\/span> <b>conte\u00fado criado pelo influenciador<\/b> <span style='font-weight: 400;'>em an\u00fancios pagos atrav\u00e9s de<\/span> <b>TikTok e Meta (Instagram e Facebook).<\/b><\/p>\n<p><span style='font-weight: 400;'>Agora, para al\u00e9m das campanhas com<\/span> <b>CPC ou CPM,<\/b> <span style='font-weight: 400;'>podemos faz\u00ea-lo por resultados obtidos (leads, vendas&#8230;), incluindo o<\/span> <b>pixel de convers\u00e3o<\/b> <span style='font-weight: 400;'>fornecido pelo cliente.<\/span><\/p>\n<p><strong><span style='color: #f6a801;'>E o melhor, com SocialPubli Boost o CTR \u00e9 at\u00e9 4 vezes superior que com Social Ads, de acordo com os dados obtidos em campanhas reais. <\/span><\/strong><\/p>\n<p style='text-align: left;'><b>Boost a Resultado<\/b> <span style='font-weight: 400;'>um garante um maior<\/span> <b>alcance nas suas publica\u00e7\u00f5es;<\/b> <span style='font-weight: 400;'>al\u00e9m disso,<\/span> <b>consegue chegar \u00e0 sua audi\u00eancia<\/b> <span style='font-weight: 400;'>e ao mesmo tempo<\/span> <b>impulsionar\u00e1 o conte\u00fado da marca<\/b> <span style='font-weight: 400;'>criado pelo influenciador<\/span> <b>e pagar\u00e1 apenas pelos resultados obtidos.<\/b><\/p>\n<p>[\/vc_column_text][qodef_button size=&#8221;medium&#8221; text=&#8221;Reserve a sua demo&#8221; target=&#8221;_blank&#8221; icon_pack=&#8221;&#8221; font_weight=&#8221;&#8221; text_transform=&#8221;&#8221; link=&#8221;https:\/\/meetings.hubspot.com\/carolina-torres3&#8243; margin=&#8221;30px 10px 30px 10px&#8221;][\/vc_column_inner][vc_column_inner width=&#8221;1\/2&#8243; css=&#8221;.vc_custom_1677751405337{background-position: 0 0 !important;background-repeat: no-repeat !important;}&#8221;][vc_column_text]<\/p>\n<h3 style='margin-top: 0; margin-bottom: 10px;'><span style='font-weight: 400;'>Quer mais detalhes sobre Influencers Selling Marketing?<\/span><\/h3>\n<p><strong><span style='color: #f6a801; margin-bottom: 30px; display: block;'>DESCARREGUE AQUI A APRESENTA\u00c7\u00c3O:<\/span><\/strong><\/p>\n<p>[\/vc_column_text][vc_column_text]<\/p>\n<div class='box-form-land'><div class=\"wpcf7 no-js\" id=\"wpcf7-f15586-o1\" lang=\"es-ES\" dir=\"ltr\" data-wpcf7-id=\"15586\">\n<div class=\"screen-reader-response\">\n<p role=\"status\" aria-live=\"polite\" aria-atomic=\"true\"><\/p> <ul><\/ul>\n<\/div>\n<form action=\"\/blog\/pt-pt\/wp-json\/wp\/v2\/pages\/15352\/#wpcf7-f15586-o1\" method=\"post\" class=\"wpcf7-form init wpcf7-acceptance-as-validation\" aria-label=\"Formulario de contacto\" novalidate=\"novalidate\" data-status=\"init\">\n<fieldset class=\"hidden-fields-container\">\n<input type=\"hidden\" name=\"_wpcf7\" value=\"15586\"><input type=\"hidden\" name=\"_wpcf7_version\" value=\"6.1.5\"><input type=\"hidden\" name=\"_wpcf7_locale\" value=\"es_ES\"><input type=\"hidden\" name=\"_wpcf7_unit_tag\" value=\"wpcf7-f15586-o1\"><input type=\"hidden\" name=\"_wpcf7_container_post\" value=\"0\"><input type=\"hidden\" name=\"_wpcf7_posted_data_hash\" value=\"\"><input type=\"hidden\" name=\"_wpcf7_recaptcha_response\" value=\"\">\n<\/fieldset>\n<p><label> Seu Nome (requeridos)<br>\n<span class=\"wpcf7-form-control-wrap\" data-name=\"your-name\"><input size=\"40\" maxlength=\"400\" class=\"wpcf7-form-control wpcf7-text wpcf7-validates-as-required\" aria-required=\"true\" aria-invalid=\"false\" value=\"\" type=\"text\" name=\"your-name\"><\/span> <\/label>\n<\/p>\n<p><label> Seu Email (requeridos)<br>\n<span class=\"wpcf7-form-control-wrap\" data-name=\"your-email\"><input size=\"40\" maxlength=\"400\" class=\"wpcf7-form-control wpcf7-email wpcf7-validates-as-required wpcf7-text wpcf7-validates-as-email\" aria-required=\"true\" aria-invalid=\"false\" value=\"\" type=\"email\" name=\"your-email\"><\/span> <\/label>\n<\/p>\n<p><label> Seu Telefone (requeridos)<br>\n<span class=\"wpcf7-form-control-wrap\" data-name=\"tel-705\"><input size=\"40\" maxlength=\"400\" class=\"wpcf7-form-control wpcf7-tel wpcf7-validates-as-required wpcf7-text wpcf7-validates-as-tel\" aria-required=\"true\" aria-invalid=\"false\" value=\"\" type=\"tel\" name=\"tel-705\"><\/span> <\/label>\n<\/p>\n<p><label> Sua Empresa (requeridos)<br>\n<span class=\"wpcf7-form-control-wrap\" data-name=\"text-165\"><input size=\"40\" maxlength=\"400\" class=\"wpcf7-form-control wpcf7-text wpcf7-validates-as-required\" aria-required=\"true\" aria-invalid=\"false\" value=\"\" type=\"text\" name=\"text-165\"><\/span><br>\n<\/label>\n<\/p>\n<p><span class=\"wpcf7-form-control-wrap\" data-name=\"acceptance-919\"><span class=\"wpcf7-form-control wpcf7-acceptance optional\"><span class=\"wpcf7-list-item\"><input type=\"checkbox\" name=\"acceptance-919\" value=\"1\" aria-invalid=\"false\"><\/span><\/span><\/span> Aceito a <a href=\"https:\/\/socialpubli.com\/corp\/advertisers\/privacy\" target=\"blank\" rel=\"nofollow\"> Pol&iacute;tica de Privacidade<\/a>\n<\/p>\n<p><span class=\"wpcf7-form-control-wrap\" data-name=\"acceptance-971\"><span class=\"wpcf7-form-control wpcf7-acceptance\"><span class=\"wpcf7-list-item\"><input type=\"checkbox\" name=\"acceptance-971\" value=\"1\" aria-invalid=\"false\"><\/span><\/span><\/span> Aceito a comunica&ccedil;&atilde;o comercial da SocialPubli\n<\/p>\n<p><input class=\"wpcf7-form-control wpcf7-submit has-spinner\" type=\"submit\" value=\"Enviar\">\n<\/p>\n<p style=\"display: none !important;\" class=\"akismet-fields-container\" data-prefix=\"_wpcf7_ak_\"><label>&Delta;<textarea name=\"_wpcf7_ak_hp_textarea\" cols=\"45\" rows=\"8\" maxlength=\"100\"><\/textarea><\/label><input type=\"hidden\" id=\"ak_js_1\" name=\"_wpcf7_ak_js\" value=\"160\"><script>document.getElementById( \"ak_js_1\" ).setAttribute( \"value\", ( new Date() ).getTime() );<\/script><\/p>\n<label class=\"ebd_input\"><input type=\"hidden\" name=\"ebd_downloads[]\" value=\"15498|PT - Influencer Selling Marketing\"> <\/label><input type=\"hidden\" class=\"ebd_setting\" name=\"ebd_settings[]\" value=\"title|PT - Influencer Selling Marketing\"><input type=\"hidden\" class=\"ebd_setting\" name=\"ebd_settings[]\" value=\"delivered_as|inline link\"><input type=\"hidden\" class=\"ebd_setting\" name=\"ebd_settings[]\" value=\"hide_form|no\"><input type=\"hidden\" class=\"ebd_setting\" name=\"ebd_settings[]\" value=\"radio|no\"><input type=\"hidden\" class=\"ebd_setting\" name=\"ebd_settings[]\" value=\"link_format|_blank\"><input type=\"hidden\" class=\"ebd_setting\" name=\"ebd_settings[]\" value=\"file_thumbnail|no\"><input type=\"hidden\" class=\"ebd_setting\" name=\"ebd_settings[]\" value=\"item_id|77\"><input type=\"hidden\" class=\"ebd_setting\" name=\"ebd_settings[]\" value=\"form_id|wpcf7-f15586-o1\"><div class=\"wpcf7-response-output\" aria-hidden=\"true\"><\/div>\n<\/form>\n<\/div>\n<\/div>\n<p>[\/vc_column_text][\/vc_column_inner][\/vc_row_inner][vc_row_inner equal_height=&#8221;yes&#8221; content_placement=&#8221;middle&#8221;][vc_column_inner width=&#8221;1\/2&#8243; css=&#8221;.vc_custom_1595241364308{padding-top: 20px !important;padding-bottom: 20px !important;}&#8221;][vc_single_image image=&#8221;15576&#8243; img_size=&#8221;full&#8221; alignment=&#8221;center&#8221; el_class=&#8221;img-mobile-module&#8221;][\/vc_column_inner][vc_column_inner width=&#8221;1\/2&#8243;][vc_column_text css=&#8221;.vc_custom_1681468245961{padding-bottom: 30px !important;}&#8221;]<\/p>\n<h2><span style='font-weight: 400; color: #f6a801;'>Porque fazer Boost a Resultado?<\/span><\/h2>\n<p>[\/vc_column_text][vc_column_text]<span style='font-weight: 400;'>Na SocialPubli estamos a transformar esta<\/span> <b>estrat\u00e9gia publicit\u00e1ria<\/b> <span style='font-weight: 400;'>na mais utilizada pelas marcas, que procuram<\/span> <b>otimizar o seu or\u00e7amento<\/b> <span style='font-weight: 400;'>e ter<\/span> <b>melhores resultados<\/b> <span style='font-weight: 400;'>nas suas estrat\u00e9gias nas<\/span> <b>redes sociais.<\/b><\/p>\n<p><span style='font-weight: 400;'>Ao adicionar<\/span> <b>Paid Media<\/b> <span style='font-weight: 400;'>aos<\/span> <b>conte\u00fados criados pelos influenciadores<\/b> <span style='font-weight: 400;'>pode chegar a um<\/span> <b>p\u00fablico objetivo<\/b> <span style='font-weight: 400;'>de maneira mais precisa, uma vez que pode segmentar por idade, g\u00eanero, interesses e localiza\u00e7\u00e3o.<\/span><\/p>\n<p><span style='font-weight: 400;'>O<\/span> <b>n\u00edvel de segmenta\u00e7\u00e3o do Influencer Selling Marketing<\/b> <span style='font-weight: 400;'>permite \u00e0s marcas<\/span> <b>conectarem-se com o seu nicho de mercado<\/b> <span style='font-weight: 400;'>naquele preciso momento, alcan\u00e7ando assim o<\/span> <b>alcance dos seus objetivos<\/b><span style='font-weight: 400;'>.<\/span>[\/vc_column_text][\/vc_column_inner][\/vc_row_inner][\/vc_column][\/vc_row][vc_row][vc_column][\/vc_column][\/vc_row]<\/p>\n<\/div>","protected":false},"excerpt":{"rendered":"<p>[vc_row css=&#8221;.vc_custom_1595249731266{background-position: center !important;background-repeat: no-repeat !important;background-size: cover !important;}&#8221;][vc_column css=&#8221;.vc_custom_1655731765778{padding-top: 0px !important;}&#8221;][vc_row_inner equal_height=&#8221;yes&#8221; content_placement=&#8221;top&#8221; css=&#8221;.vc_custom_1680693339716{padding-top: 0px !important;}&#8221;][vc_column_inner width=&#8221;1\/2&#8243; css=&#8221;.vc_custom_1675091555685{padding-top: 20px !important;padding-bottom: 20px !important;}&#8221;][vc_column_text css=&#8221;.vc_custom_1680693535339{padding-bottom: 20px !important;}&#8221;] BOOST A RESULTADO: PAID MEDIA COM CONTE\u00daDO DE INFLUENCIADOR [\/vc_column_text][vc_column_text]Atrav\u00e9s do Boost, convertemos o conte\u00fado criado pelo influenciador em an\u00fancios pagos atrav\u00e9s de TikTok e Meta (Instagram e Facebook). Agora, [&hellip;]<\/p>\n","protected":false},"author":2,"featured_media":15590,"parent":0,"menu_order":0,"comment_status":"closed","ping_status":"closed","template":"","meta":{"footnotes":""},"class_list":["post-15352","page","type-page","status-publish","has-post-thumbnail","hentry"],"yoast_head":"<!-- This site is optimized with the Yoast SEO plugin v27.0 - https:\/\/yoast.com\/product\/yoast-seo-wordpress\/ -->\n<title>Influencer Selling Marketing | SocialPubli<\/title>\n<meta name=\"description\" content=\"Converta o conte\u00fado criado pelos nossos influenciadores em an\u00fancios pagos nas redes sociais para melhorar o CTR das suas campanhas.\" \/>\n<meta name=\"robots\" content=\"index, follow, max-snippet:-1, max-image-preview:large, max-video-preview:-1\" \/>\n<link rel=\"canonical\" href=\"https:\/\/socialpubli.com\/blog\/pt-pt\/influencers-selling-marketing\/\" \/>\n<meta property=\"og:locale\" content=\"pt_PT\" \/>\n<meta property=\"og:type\" content=\"article\" \/>\n<meta property=\"og:title\" content=\"Influencer Selling Marketing | SocialPubli\" \/>\n<meta property=\"og:description\" content=\"Converta o conte\u00fado criado pelos nossos influenciadores em an\u00fancios pagos nas redes sociais para melhorar o CTR das suas campanhas.\" \/>\n<meta property=\"og:url\" content=\"https:\/\/socialpubli.com\/blog\/pt-pt\/influencers-selling-marketing\/\" \/>\n<meta property=\"og:site_name\" content=\"Social Publi Blog\" \/>\n<meta property=\"og:image\" content=\"https:\/\/socialpubli.com\/blog\/wp-content\/uploads\/2023\/02\/PreviewCard_afilicacion_ES.jpg\" \/>\n\t<meta property=\"og:image:width\" content=\"560\" \/>\n\t<meta property=\"og:image:height\" content=\"281\" \/>\n\t<meta property=\"og:image:type\" content=\"image\/jpeg\" \/>\n<meta name=\"twitter:card\" content=\"summary_large_image\" \/>\n<meta name=\"twitter:image\" content=\"https:\/\/socialpubli.com\/blog\/wp-content\/uploads\/2023\/02\/PreviewCard_afilicacion_PT.jpg\" \/>\n<meta name=\"twitter:label1\" content=\"Tempo estimado de leitura\" \/>\n\t<meta name=\"twitter:data1\" content=\"2 minutos\" \/>\n<script type=\"application\/ld+json\" class=\"yoast-schema-graph\">{\"@context\":\"https:\/\/schema.org\",\"@graph\":[{\"@type\":\"WebPage\",\"@id\":\"https:\/\/socialpubli.com\/blog\/pt-pt\/influencers-selling-marketing\/\",\"url\":\"https:\/\/socialpubli.com\/blog\/pt-pt\/influencers-selling-marketing\/\",\"name\":\"Influencer Selling Marketing | SocialPubli\",\"isPartOf\":{\"@id\":\"https:\/\/socialpubli.com\/blog\/#website\"},\"primaryImageOfPage\":{\"@id\":\"https:\/\/socialpubli.com\/blog\/pt-pt\/influencers-selling-marketing\/#primaryimage\"},\"image\":{\"@id\":\"https:\/\/socialpubli.com\/blog\/pt-pt\/influencers-selling-marketing\/#primaryimage\"},\"thumbnailUrl\":\"https:\/\/socialpubli.com\/blog\/wp-content\/uploads\/2023\/04\/PreviewCard_selling.png\",\"datePublished\":\"2023-04-15T15:36:10+00:00\",\"description\":\"Converta o conte\u00fado criado pelos nossos influenciadores em an\u00fancios pagos nas redes sociais para melhorar o CTR das suas campanhas.\",\"breadcrumb\":{\"@id\":\"https:\/\/socialpubli.com\/blog\/pt-pt\/influencers-selling-marketing\/#breadcrumb\"},\"inLanguage\":\"pt-PT\",\"potentialAction\":[{\"@type\":\"ReadAction\",\"target\":[\"https:\/\/socialpubli.com\/blog\/pt-pt\/influencers-selling-marketing\/\"]}]},{\"@type\":\"ImageObject\",\"inLanguage\":\"pt-PT\",\"@id\":\"https:\/\/socialpubli.com\/blog\/pt-pt\/influencers-selling-marketing\/#primaryimage\",\"url\":\"https:\/\/socialpubli.com\/blog\/wp-content\/uploads\/2023\/04\/PreviewCard_selling.png\",\"contentUrl\":\"https:\/\/socialpubli.com\/blog\/wp-content\/uploads\/2023\/04\/PreviewCard_selling.png\",\"width\":560,\"height\":281},{\"@type\":\"BreadcrumbList\",\"@id\":\"https:\/\/socialpubli.com\/blog\/pt-pt\/influencers-selling-marketing\/#breadcrumb\",\"itemListElement\":[{\"@type\":\"ListItem\",\"position\":1,\"name\":\"Portada\",\"item\":\"https:\/\/socialpubli.com\/blog\/\"},{\"@type\":\"ListItem\",\"position\":2,\"name\":\"Influencers Selling Marketing\"}]},{\"@type\":\"WebSite\",\"@id\":\"https:\/\/socialpubli.com\/blog\/#website\",\"url\":\"https:\/\/socialpubli.com\/blog\/\",\"name\":\"Social Publi Blog\",\"description\":\"Tendencias en marketing de influencers, branded content y estrategia en redes sociales.\",\"publisher\":{\"@id\":\"https:\/\/socialpubli.com\/blog\/#organization\"},\"potentialAction\":[{\"@type\":\"SearchAction\",\"target\":{\"@type\":\"EntryPoint\",\"urlTemplate\":\"https:\/\/socialpubli.com\/blog\/?s={search_term_string}\"},\"query-input\":{\"@type\":\"PropertyValueSpecification\",\"valueRequired\":true,\"valueName\":\"search_term_string\"}}],\"inLanguage\":\"pt-PT\"},{\"@type\":\"Organization\",\"@id\":\"https:\/\/socialpubli.com\/blog\/#organization\",\"name\":\"SocialPubli\",\"url\":\"https:\/\/socialpubli.com\/blog\/\",\"logo\":{\"@type\":\"ImageObject\",\"inLanguage\":\"pt-PT\",\"@id\":\"https:\/\/socialpubli.com\/blog\/#\/schema\/logo\/image\/\",\"url\":\"https:\/\/socialpubli.com\/blog\/wp-content\/uploads\/2017\/01\/logo-blog.png\",\"contentUrl\":\"https:\/\/socialpubli.com\/blog\/wp-content\/uploads\/2017\/01\/logo-blog.png\",\"width\":284,\"height\":53,\"caption\":\"SocialPubli\"},\"image\":{\"@id\":\"https:\/\/socialpubli.com\/blog\/#\/schema\/logo\/image\/\"}}]}<\/script>\n<!-- \/ Yoast SEO plugin. -->","yoast_head_json":{"title":"Influencer Selling Marketing | SocialPubli","description":"Converta o conte\u00fado criado pelos nossos influenciadores em an\u00fancios pagos nas redes sociais para melhorar o CTR das suas campanhas.","robots":{"index":"index","follow":"follow","max-snippet":"max-snippet:-1","max-image-preview":"max-image-preview:large","max-video-preview":"max-video-preview:-1"},"canonical":"https:\/\/socialpubli.com\/blog\/pt-pt\/influencers-selling-marketing\/","og_locale":"pt_PT","og_type":"article","og_title":"Influencer Selling Marketing | SocialPubli","og_description":"Converta o conte\u00fado criado pelos nossos influenciadores em an\u00fancios pagos nas redes sociais para melhorar o CTR das suas campanhas.","og_url":"https:\/\/socialpubli.com\/blog\/pt-pt\/influencers-selling-marketing\/","og_site_name":"Social Publi Blog","og_image":[{"width":560,"height":281,"url":"https:\/\/socialpubli.com\/blog\/wp-content\/uploads\/2023\/02\/PreviewCard_afilicacion_ES.jpg","type":"image\/jpeg"}],"twitter_card":"summary_large_image","twitter_image":"https:\/\/socialpubli.com\/blog\/wp-content\/uploads\/2023\/02\/PreviewCard_afilicacion_PT.jpg","twitter_misc":{"Tempo estimado de leitura":"2 minutos"},"schema":{"@context":"https:\/\/schema.org","@graph":[{"@type":"WebPage","@id":"https:\/\/socialpubli.com\/blog\/pt-pt\/influencers-selling-marketing\/","url":"https:\/\/socialpubli.com\/blog\/pt-pt\/influencers-selling-marketing\/","name":"Influencer Selling Marketing | SocialPubli","isPartOf":{"@id":"https:\/\/socialpubli.com\/blog\/#website"},"primaryImageOfPage":{"@id":"https:\/\/socialpubli.com\/blog\/pt-pt\/influencers-selling-marketing\/#primaryimage"},"image":{"@id":"https:\/\/socialpubli.com\/blog\/pt-pt\/influencers-selling-marketing\/#primaryimage"},"thumbnailUrl":"https:\/\/socialpubli.com\/blog\/wp-content\/uploads\/2023\/04\/PreviewCard_selling.png","datePublished":"2023-04-15T15:36:10+00:00","description":"Converta o conte\u00fado criado pelos nossos influenciadores em an\u00fancios pagos nas redes sociais para melhorar o CTR das suas campanhas.","breadcrumb":{"@id":"https:\/\/socialpubli.com\/blog\/pt-pt\/influencers-selling-marketing\/#breadcrumb"},"inLanguage":"pt-PT","potentialAction":[{"@type":"ReadAction","target":["https:\/\/socialpubli.com\/blog\/pt-pt\/influencers-selling-marketing\/"]}]},{"@type":"ImageObject","inLanguage":"pt-PT","@id":"https:\/\/socialpubli.com\/blog\/pt-pt\/influencers-selling-marketing\/#primaryimage","url":"https:\/\/socialpubli.com\/blog\/wp-content\/uploads\/2023\/04\/PreviewCard_selling.png","contentUrl":"https:\/\/socialpubli.com\/blog\/wp-content\/uploads\/2023\/04\/PreviewCard_selling.png","width":560,"height":281},{"@type":"BreadcrumbList","@id":"https:\/\/socialpubli.com\/blog\/pt-pt\/influencers-selling-marketing\/#breadcrumb","itemListElement":[{"@type":"ListItem","position":1,"name":"Portada","item":"https:\/\/socialpubli.com\/blog\/"},{"@type":"ListItem","position":2,"name":"Influencers Selling Marketing"}]},{"@type":"WebSite","@id":"https:\/\/socialpubli.com\/blog\/#website","url":"https:\/\/socialpubli.com\/blog\/","name":"Social Publi Blog","description":"Tendencias en marketing de influencers, branded content y estrategia en redes sociales.","publisher":{"@id":"https:\/\/socialpubli.com\/blog\/#organization"},"potentialAction":[{"@type":"SearchAction","target":{"@type":"EntryPoint","urlTemplate":"https:\/\/socialpubli.com\/blog\/?s={search_term_string}"},"query-input":{"@type":"PropertyValueSpecification","valueRequired":true,"valueName":"search_term_string"}}],"inLanguage":"pt-PT"},{"@type":"Organization","@id":"https:\/\/socialpubli.com\/blog\/#organization","name":"SocialPubli","url":"https:\/\/socialpubli.com\/blog\/","logo":{"@type":"ImageObject","inLanguage":"pt-PT","@id":"https:\/\/socialpubli.com\/blog\/#\/schema\/logo\/image\/","url":"https:\/\/socialpubli.com\/blog\/wp-content\/uploads\/2017\/01\/logo-blog.png","contentUrl":"https:\/\/socialpubli.com\/blog\/wp-content\/uploads\/2017\/01\/logo-blog.png","width":284,"height":53,"caption":"SocialPubli"},"image":{"@id":"https:\/\/socialpubli.com\/blog\/#\/schema\/logo\/image\/"}}]}},"_links":{"self":[{"href":"https:\/\/socialpubli.com\/blog\/pt-pt\/wp-json\/wp\/v2\/pages\/15352","targetHints":{"allow":["GET"]}}],"collection":[{"href":"https:\/\/socialpubli.com\/blog\/pt-pt\/wp-json\/wp\/v2\/pages"}],"about":[{"href":"https:\/\/socialpubli.com\/blog\/pt-pt\/wp-json\/wp\/v2\/types\/page"}],"author":[{"embeddable":true,"href":"https:\/\/socialpubli.com\/blog\/pt-pt\/wp-json\/wp\/v2\/users\/2"}],"replies":[{"embeddable":true,"href":"https:\/\/socialpubli.com\/blog\/pt-pt\/wp-json\/wp\/v2\/comments?post=15352"}],"version-history":[{"count":7,"href":"https:\/\/socialpubli.com\/blog\/pt-pt\/wp-json\/wp\/v2\/pages\/15352\/revisions"}],"predecessor-version":[{"id":15623,"href":"https:\/\/socialpubli.com\/blog\/pt-pt\/wp-json\/wp\/v2\/pages\/15352\/revisions\/15623"}],"wp:featuredmedia":[{"embeddable":true,"href":"https:\/\/socialpubli.com\/blog\/pt-pt\/wp-json\/wp\/v2\/media\/15590"}],"wp:attachment":[{"href":"https:\/\/socialpubli.com\/blog\/pt-pt\/wp-json\/wp\/v2\/media?parent=15352"}],"curies":[{"name":"wp","href":"https:\/\/api.w.org\/{rel}","templated":true}]}}