{"id":15896,"date":"2023-05-08T15:16:56","date_gmt":"2023-05-08T13:16:56","guid":{"rendered":"https:\/\/socialpubli.com\/blog\/?page_id=15896"},"modified":"2023-05-08T15:17:49","modified_gmt":"2023-05-08T13:17:49","slug":"brands-influencers-affinity","status":"publish","type":"page","link":"https:\/\/socialpubli.com\/blog\/pt-pt\/brands-influencers-affinity\/","title":{"rendered":"Brands &amp; Influencers affinity"},"content":{"rendered":"<div class=\"wpb-content-wrapper\"><p>[vc_row][vc_column][vc_row_inner][vc_column_inner][vc_column_text css=&#8221;.vc_custom_1683277247799{padding-bottom: 40px !important;}&#8221;]<\/p>\n<p style=\"text-align: center;\"><span style=\"font-weight: 400;\">Na SocialPubli, temos a \u00faltima inova\u00e7\u00e3o:<\/span> <b><i>Brands &amp; Influencers affinity<\/i><\/b><b><i>,<\/i><\/b> <i><span style=\"font-weight: 400;\">a ferramenta com a qual voc\u00ea pode descobrir &#8211; em tempo real &#8211; o hist\u00f3rico de marcas<\/span><\/i> <span style=\"font-weight: 400;\">com as quais os influenciadores, cujos perfis parecem atraentes para si, realizaram campanhas.<\/span><\/p>\n<p style=\"text-align: center;\"><span style=\"font-weight: 400;\">Com isso, facilitamos e garantimos a<\/span> <b>identifica\u00e7\u00e3o precisa dos influenciadores<\/b> <span style=\"font-weight: 400;\">para lan\u00e7ar<\/span> <b>estrat\u00e9gias de marketing<\/b> <span style=\"font-weight: 400;\">que garantam resultados bem-sucedidos para si.<\/span><\/p>\n<p>[\/vc_column_text][\/vc_column_inner][\/vc_row_inner][\/vc_column][\/vc_row][vc_row css=&#8221;.vc_custom_1595249731266{background-position: center !important;background-repeat: no-repeat !important;background-size: cover !important;}&#8221;][vc_column css=&#8221;.vc_custom_1655731765778{padding-top: 0px !important;}&#8221;][vc_row_inner equal_height=&#8221;yes&#8221; content_placement=&#8221;middle&#8221; css=&#8221;.vc_custom_1655731755154{padding-top: 0px !important;}&#8221;][vc_column_inner width=&#8221;1\/2&#8243; css=&#8221;.vc_custom_1683531733733{padding-top: 20px !important;padding-bottom: 20px !important;}&#8221;][vc_column_text css=&#8221;.vc_custom_1683551777318{padding-bottom: 40px !important;}&#8221;]<\/p>\n<h2 style=\"text-align: left;\">Identifica\u00e7\u00e3o de influenciadores<\/h2>\n<p style=\"text-align: left;\"><b>Oferecemos-lhe uma ferramenta com a qual pode <a href=\"https:\/\/socialpubli.com\/pt\/blog\/socialpubli-analyzer\/\">comparar e analisar influenciadores<\/a> facilmente. Ir\u00e1 descobrir:<\/b><i><\/i><\/p>\n<ul>\n<li><span style=\"font-weight: 400;\">Nome da marca com a qual o influenciador trabalhou<\/span><\/li>\n<li><span style=\"font-weight: 400;\">Data em que a publica\u00e7\u00e3o foi feita<\/span><\/li>\n<li><span style=\"font-weight: 400;\">Tipo de colabora\u00e7\u00e3o e formato <\/span><\/li>\n<li><span style=\"font-weight: 400;\">N\u00famero de vezes que colaboraram com a marca<\/span><\/li>\n<li><span style=\"font-weight: 400;\">Rede social onde a publica\u00e7\u00e3o foi feita e o alcance<\/span><\/li>\n<\/ul>\n<p>[\/vc_column_text][\/vc_column_inner][vc_column_inner width=&#8221;1\/2&#8243;][vc_single_image image=&#8221;15915&#8243; img_size=&#8221;full&#8221; alignment=&#8221;center&#8221; el_class=&#8221;img-mobile-module&#8221;][\/vc_column_inner][\/vc_row_inner][vc_row_inner equal_height=&#8221;yes&#8221; content_placement=&#8221;middle&#8221;][vc_column_inner width=&#8221;1\/2&#8243; css=&#8221;.vc_custom_1595241364308{padding-top: 20px !important;padding-bottom: 20px !important;}&#8221;][vc_single_image image=&#8221;15937&#8243; img_size=&#8221;full&#8221; alignment=&#8221;center&#8221; el_class=&#8221;img-mobile-module&#8221;][\/vc_column_inner][vc_column_inner width=&#8221;1\/2&#8243;][vc_column_text css=&#8221;.vc_custom_1683551812722{padding-bottom: 40px !important;}&#8221;]<\/p>\n<h2>Como funciona a ferramenta Brands &amp; Influencers affinity?<\/h2>\n<p><span style=\"font-weight: 400;\">A ferramenta da Brands &amp; Influencers affinity<\/span> <span style=\"font-weight: 400;\">tem um motor de busca onde pode adicionar o URL do perfil do <a href=\"https:\/\/socialpubli.com\/pt\/blog\/tiktok-influencers\/\">influenciador do TikTok<\/a> ou Instagram. Ao clicar, redireciona-o para o pr\u00f3prio post para que possa ver todos os detalhes e o impacto obtido.<\/span><\/p>\n<p><span style=\"font-weight: 400;\">E o mais interessante \u00e9 que<\/span> <span style=\"font-weight: 400;\">pode filtrar essas an\u00e1lises<\/span> <span style=\"font-weight: 400;\">de acordo com tr\u00eas modos de colabora\u00e7\u00e3o que o influenciador fez com a marca:<\/span><\/p>\n<ul>\n<li><b>Org\u00e2nico:<\/b><span style=\"font-weight: 400;\"> significa que o influenciador falou sobre a marca sem ser pago por isso ou sem qualquer obriga\u00e7\u00e3o contratual, seja porque gosta genuinamente do produto\/servi\u00e7o ou porque tem uma rela\u00e7\u00e3o pr\u00e9-existente com a marca.<\/span><\/li>\n<li><b>Paid Media:<\/b> <span style=\"font-weight: 400;\">Conte\u00fado que tenha sido colocado na plataforma Meta para fins publicit\u00e1rios.<\/span><\/li>\n<li><b>Colabora\u00e7\u00f5es:<\/b> <span style=\"font-weight: 400;\">Quando a marca pagou ao influenciador, mas n\u00e3o fez Paid Media.<\/span><\/li>\n<\/ul>\n<p>&nbsp;<\/p>\n<p><span style=\"font-weight: 400;\">Depois de procurar os dados que lhe interessam, receber\u00e1 o relat\u00f3rio no seu e-mail em cerca de 4 minutos, embora tamb\u00e9m o possa descarregar em PDF a partir da pr\u00f3pria ferramenta. <\/span>[\/vc_column_text][\/vc_column_inner][\/vc_row_inner][\/vc_column][\/vc_row][vc_row css=&#8221;.vc_custom_1655731675666{margin-top: 20px !important;margin-bottom: 20px !important;}&#8221;][vc_column el_class=&#8221;text-center&#8221;][vc_column_text]<\/p>\n<p style=\"text-align: center; color: #f6a801;\"><strong>Teste agora a nossa ferramenta Brands &amp; Influencers affinity e garanta o seu sucesso!<\/strong><\/p>\n<p>[\/vc_column_text][qodef_button size=&#8221;medium&#8221; text=&#8221;INSCREVA-SE AGORA!&#8221; target=&#8221;_self&#8221; icon_pack=&#8221;&#8221; font_weight=&#8221;&#8221; text_transform=&#8221;&#8221; link=&#8221;https:\/\/socialpubli.com\/pt#advertiser_signup&#8221; margin=&#8221;20px auto&#8221;][\/vc_column][\/vc_row]<\/p>\n<\/div>","protected":false},"excerpt":{"rendered":"<p>[vc_row][vc_column][vc_row_inner][vc_column_inner][vc_column_text css=&#8221;.vc_custom_1683277247799{padding-bottom: 40px !important;}&#8221;] Na SocialPubli, temos a \u00faltima inova\u00e7\u00e3o: Brands &amp; Influencers affinity, a ferramenta com a qual voc\u00ea pode descobrir &#8211; em tempo real &#8211; o hist\u00f3rico de marcas com as quais os influenciadores, cujos perfis parecem atraentes para si, realizaram campanhas. Com isso, facilitamos e garantimos a identifica\u00e7\u00e3o precisa dos influenciadores para [&hellip;]<\/p>\n","protected":false},"author":2,"featured_media":0,"parent":0,"menu_order":0,"comment_status":"closed","ping_status":"closed","template":"","meta":{"footnotes":""},"class_list":["post-15896","page","type-page","status-publish","hentry"],"yoast_head":"<!-- This site is optimized with the Yoast SEO plugin v27.0 - https:\/\/yoast.com\/product\/yoast-seo-wordpress\/ -->\n<title>Brand and Influencers affinity | SocialPubli<\/title>\n<meta name=\"description\" content=\"Descubra a hist\u00f3ria das marcas com que os influenciadores trabalharam. Transforme-os nos seus melhores aliados e maximize o impacto na sua marca!\" \/>\n<meta name=\"robots\" content=\"index, follow, max-snippet:-1, max-image-preview:large, max-video-preview:-1\" \/>\n<link rel=\"canonical\" href=\"https:\/\/socialpubli.com\/blog\/pt-pt\/brands-influencers-affinity\/\" \/>\n<meta property=\"og:locale\" content=\"pt_PT\" \/>\n<meta property=\"og:type\" content=\"article\" \/>\n<meta property=\"og:title\" content=\"Brand and Influencers affinity | SocialPubli\" \/>\n<meta property=\"og:description\" content=\"Descubra a hist\u00f3ria das marcas com que os influenciadores trabalharam. Transforme-os nos seus melhores aliados e maximize o impacto na sua marca!\" \/>\n<meta property=\"og:url\" content=\"https:\/\/socialpubli.com\/blog\/pt-pt\/brands-influencers-affinity\/\" \/>\n<meta property=\"og:site_name\" content=\"Social Publi Blog\" \/>\n<meta property=\"article:modified_time\" content=\"2023-05-08T13:17:49+00:00\" \/>\n<meta property=\"og:image\" content=\"https:\/\/socialpubli.com\/blog\/wp-content\/uploads\/2022\/09\/Card_2022.09.28.-Analyzer.jpg\" \/>\n\t<meta property=\"og:image:width\" content=\"560\" \/>\n\t<meta property=\"og:image:height\" content=\"281\" \/>\n\t<meta property=\"og:image:type\" content=\"image\/jpeg\" \/>\n<meta name=\"twitter:card\" content=\"summary_large_image\" \/>\n<meta name=\"twitter:image\" content=\"https:\/\/socialpubli.com\/blog\/wp-content\/uploads\/2022\/09\/Card_2022.09.28.-Analyzer.jpg\" \/>\n<meta name=\"twitter:label1\" content=\"Tempo estimado de leitura\" \/>\n\t<meta name=\"twitter:data1\" content=\"2 minutos\" \/>\n<script type=\"application\/ld+json\" class=\"yoast-schema-graph\">{\"@context\":\"https:\/\/schema.org\",\"@graph\":[{\"@type\":\"WebPage\",\"@id\":\"https:\/\/socialpubli.com\/blog\/pt-pt\/brands-influencers-affinity\/\",\"url\":\"https:\/\/socialpubli.com\/blog\/pt-pt\/brands-influencers-affinity\/\",\"name\":\"Brand and Influencers affinity | SocialPubli\",\"isPartOf\":{\"@id\":\"https:\/\/socialpubli.com\/blog\/#website\"},\"datePublished\":\"2023-05-08T13:16:56+00:00\",\"dateModified\":\"2023-05-08T13:17:49+00:00\",\"description\":\"Descubra a hist\u00f3ria das marcas com que os influenciadores trabalharam. Transforme-os nos seus melhores aliados e maximize o impacto na sua marca!\",\"breadcrumb\":{\"@id\":\"https:\/\/socialpubli.com\/blog\/pt-pt\/brands-influencers-affinity\/#breadcrumb\"},\"inLanguage\":\"pt-PT\",\"potentialAction\":[{\"@type\":\"ReadAction\",\"target\":[\"https:\/\/socialpubli.com\/blog\/pt-pt\/brands-influencers-affinity\/\"]}]},{\"@type\":\"BreadcrumbList\",\"@id\":\"https:\/\/socialpubli.com\/blog\/pt-pt\/brands-influencers-affinity\/#breadcrumb\",\"itemListElement\":[{\"@type\":\"ListItem\",\"position\":1,\"name\":\"Portada\",\"item\":\"https:\/\/socialpubli.com\/blog\/\"},{\"@type\":\"ListItem\",\"position\":2,\"name\":\"Brands &amp; Influencers affinity\"}]},{\"@type\":\"WebSite\",\"@id\":\"https:\/\/socialpubli.com\/blog\/#website\",\"url\":\"https:\/\/socialpubli.com\/blog\/\",\"name\":\"Social Publi Blog\",\"description\":\"Tendencias en marketing de influencers, branded content y estrategia en redes sociales.\",\"publisher\":{\"@id\":\"https:\/\/socialpubli.com\/blog\/#organization\"},\"potentialAction\":[{\"@type\":\"SearchAction\",\"target\":{\"@type\":\"EntryPoint\",\"urlTemplate\":\"https:\/\/socialpubli.com\/blog\/?s={search_term_string}\"},\"query-input\":{\"@type\":\"PropertyValueSpecification\",\"valueRequired\":true,\"valueName\":\"search_term_string\"}}],\"inLanguage\":\"pt-PT\"},{\"@type\":\"Organization\",\"@id\":\"https:\/\/socialpubli.com\/blog\/#organization\",\"name\":\"SocialPubli\",\"url\":\"https:\/\/socialpubli.com\/blog\/\",\"logo\":{\"@type\":\"ImageObject\",\"inLanguage\":\"pt-PT\",\"@id\":\"https:\/\/socialpubli.com\/blog\/#\/schema\/logo\/image\/\",\"url\":\"https:\/\/socialpubli.com\/blog\/wp-content\/uploads\/2017\/01\/logo-blog.png\",\"contentUrl\":\"https:\/\/socialpubli.com\/blog\/wp-content\/uploads\/2017\/01\/logo-blog.png\",\"width\":284,\"height\":53,\"caption\":\"SocialPubli\"},\"image\":{\"@id\":\"https:\/\/socialpubli.com\/blog\/#\/schema\/logo\/image\/\"}}]}<\/script>\n<!-- \/ Yoast SEO plugin. -->","yoast_head_json":{"title":"Brand and Influencers affinity | SocialPubli","description":"Descubra a hist\u00f3ria das marcas com que os influenciadores trabalharam. Transforme-os nos seus melhores aliados e maximize o impacto na sua marca!","robots":{"index":"index","follow":"follow","max-snippet":"max-snippet:-1","max-image-preview":"max-image-preview:large","max-video-preview":"max-video-preview:-1"},"canonical":"https:\/\/socialpubli.com\/blog\/pt-pt\/brands-influencers-affinity\/","og_locale":"pt_PT","og_type":"article","og_title":"Brand and Influencers affinity | SocialPubli","og_description":"Descubra a hist\u00f3ria das marcas com que os influenciadores trabalharam. Transforme-os nos seus melhores aliados e maximize o impacto na sua marca!","og_url":"https:\/\/socialpubli.com\/blog\/pt-pt\/brands-influencers-affinity\/","og_site_name":"Social Publi Blog","article_modified_time":"2023-05-08T13:17:49+00:00","og_image":[{"width":560,"height":281,"url":"https:\/\/socialpubli.com\/blog\/wp-content\/uploads\/2022\/09\/Card_2022.09.28.-Analyzer.jpg","type":"image\/jpeg"}],"twitter_card":"summary_large_image","twitter_image":"https:\/\/socialpubli.com\/blog\/wp-content\/uploads\/2022\/09\/Card_2022.09.28.-Analyzer.jpg","twitter_misc":{"Tempo estimado de leitura":"2 minutos"},"schema":{"@context":"https:\/\/schema.org","@graph":[{"@type":"WebPage","@id":"https:\/\/socialpubli.com\/blog\/pt-pt\/brands-influencers-affinity\/","url":"https:\/\/socialpubli.com\/blog\/pt-pt\/brands-influencers-affinity\/","name":"Brand and Influencers affinity | SocialPubli","isPartOf":{"@id":"https:\/\/socialpubli.com\/blog\/#website"},"datePublished":"2023-05-08T13:16:56+00:00","dateModified":"2023-05-08T13:17:49+00:00","description":"Descubra a hist\u00f3ria das marcas com que os influenciadores trabalharam. Transforme-os nos seus melhores aliados e maximize o impacto na sua marca!","breadcrumb":{"@id":"https:\/\/socialpubli.com\/blog\/pt-pt\/brands-influencers-affinity\/#breadcrumb"},"inLanguage":"pt-PT","potentialAction":[{"@type":"ReadAction","target":["https:\/\/socialpubli.com\/blog\/pt-pt\/brands-influencers-affinity\/"]}]},{"@type":"BreadcrumbList","@id":"https:\/\/socialpubli.com\/blog\/pt-pt\/brands-influencers-affinity\/#breadcrumb","itemListElement":[{"@type":"ListItem","position":1,"name":"Portada","item":"https:\/\/socialpubli.com\/blog\/"},{"@type":"ListItem","position":2,"name":"Brands &amp; Influencers affinity"}]},{"@type":"WebSite","@id":"https:\/\/socialpubli.com\/blog\/#website","url":"https:\/\/socialpubli.com\/blog\/","name":"Social Publi Blog","description":"Tendencias en marketing de influencers, branded content y estrategia en redes sociales.","publisher":{"@id":"https:\/\/socialpubli.com\/blog\/#organization"},"potentialAction":[{"@type":"SearchAction","target":{"@type":"EntryPoint","urlTemplate":"https:\/\/socialpubli.com\/blog\/?s={search_term_string}"},"query-input":{"@type":"PropertyValueSpecification","valueRequired":true,"valueName":"search_term_string"}}],"inLanguage":"pt-PT"},{"@type":"Organization","@id":"https:\/\/socialpubli.com\/blog\/#organization","name":"SocialPubli","url":"https:\/\/socialpubli.com\/blog\/","logo":{"@type":"ImageObject","inLanguage":"pt-PT","@id":"https:\/\/socialpubli.com\/blog\/#\/schema\/logo\/image\/","url":"https:\/\/socialpubli.com\/blog\/wp-content\/uploads\/2017\/01\/logo-blog.png","contentUrl":"https:\/\/socialpubli.com\/blog\/wp-content\/uploads\/2017\/01\/logo-blog.png","width":284,"height":53,"caption":"SocialPubli"},"image":{"@id":"https:\/\/socialpubli.com\/blog\/#\/schema\/logo\/image\/"}}]}},"_links":{"self":[{"href":"https:\/\/socialpubli.com\/blog\/pt-pt\/wp-json\/wp\/v2\/pages\/15896","targetHints":{"allow":["GET"]}}],"collection":[{"href":"https:\/\/socialpubli.com\/blog\/pt-pt\/wp-json\/wp\/v2\/pages"}],"about":[{"href":"https:\/\/socialpubli.com\/blog\/pt-pt\/wp-json\/wp\/v2\/types\/page"}],"author":[{"embeddable":true,"href":"https:\/\/socialpubli.com\/blog\/pt-pt\/wp-json\/wp\/v2\/users\/2"}],"replies":[{"embeddable":true,"href":"https:\/\/socialpubli.com\/blog\/pt-pt\/wp-json\/wp\/v2\/comments?post=15896"}],"version-history":[{"count":8,"href":"https:\/\/socialpubli.com\/blog\/pt-pt\/wp-json\/wp\/v2\/pages\/15896\/revisions"}],"predecessor-version":[{"id":16000,"href":"https:\/\/socialpubli.com\/blog\/pt-pt\/wp-json\/wp\/v2\/pages\/15896\/revisions\/16000"}],"wp:attachment":[{"href":"https:\/\/socialpubli.com\/blog\/pt-pt\/wp-json\/wp\/v2\/media?parent=15896"}],"curies":[{"name":"wp","href":"https:\/\/api.w.org\/{rel}","templated":true}]}}