{"id":23696,"date":"2024-07-31T15:39:14","date_gmt":"2024-07-31T13:39:14","guid":{"rendered":"https:\/\/socialpubli.com\/blog\/?page_id=23696"},"modified":"2024-08-02T11:58:28","modified_gmt":"2024-08-02T09:58:28","slug":"influencer-marketing-resultados","status":"publish","type":"page","link":"https:\/\/socialpubli.com\/blog\/pt-pt\/influencer-marketing-resultados\/","title":{"rendered":"Results"},"content":{"rendered":"\t\t<div data-elementor-type=\"wp-page\" data-elementor-id=\"23696\" class=\"elementor elementor-23696 elementor-23655\" data-elementor-post-type=\"page\">\n\t\t\t\t<div class=\"elementor-element elementor-element-8815fed e-con-full e-flex e-con e-parent\" data-id=\"8815fed\" data-element_type=\"container\" data-e-type=\"container\" data-settings=\"{&quot;background_background&quot;:&quot;classic&quot;}\">\n\t\t<div class=\"elementor-element elementor-element-2860dce e-flex e-con-boxed e-con e-child\" data-id=\"2860dce\" data-element_type=\"container\" data-e-type=\"container\">\n\t\t\t\t\t<div class=\"e-con-inner\">\n\t\t\t\t<div class=\"elementor-element elementor-element-4d82e8e elementor-widget elementor-widget-heading\" data-id=\"4d82e8e\" data-element_type=\"widget\" data-e-type=\"widget\" data-widget_type=\"heading.default\">\n\t\t\t\t<div class=\"elementor-widget-container\">\n\t\t\t\t\t<h1 class=\"elementor-heading-title elementor-size-default\">Results<\/h1>\t\t\t\t<\/div>\n\t\t\t\t<\/div>\n\t\t\t\t<div class=\"elementor-element elementor-element-bbf9950 elementor-widget elementor-widget-text-editor\" data-id=\"bbf9950\" data-element_type=\"widget\" data-e-type=\"widget\" data-widget_type=\"text-editor.default\">\n\t\t\t\t<div class=\"elementor-widget-container\">\n\t\t\t\t\t\t\t\t\t<p>Vender nas redes sociais com os melhores influenciadores<\/p>\n\t\t\t\t\t\t\t\t<\/div>\n\t\t\t\t<\/div>\n\t\t\t\t<div class=\"elementor-element elementor-element-0f2314d elementor-widget elementor-widget-button\" data-id=\"0f2314d\" data-element_type=\"widget\" data-e-type=\"widget\" data-widget_type=\"button.default\">\n\t\t\t\t<div class=\"elementor-widget-container\">\n\t\t\t\t\t\t\t\t\t<div class=\"elementor-button-wrapper\">\n\t\t\t\t\t<a class=\"elementor-button elementor-button-link elementor-size-sm\" href=\"https:\/\/meetings.hubspot.com\/carolina-torres3\">\n\t\t\t\t\t\t<span class=\"elementor-button-content-wrapper\">\n\t\t\t\t\t\t\t\t\t<span class=\"elementor-button-text\">Reserve uma reuni\u00e3o agora!<\/span>\n\t\t\t\t\t<\/span>\n\t\t\t\t\t<\/a>\n\t\t\t\t<\/div>\n\t\t\t\t\t\t\t\t<\/div>\n\t\t\t\t<\/div>\n\t\t\t\t\t<\/div>\n\t\t\t\t<\/div>\n\t\t\t\t<\/div>\n\t\t<div class=\"elementor-element elementor-element-e4a88cf e-flex e-con-boxed e-con e-parent\" data-id=\"e4a88cf\" data-element_type=\"container\" data-e-type=\"container\">\n\t\t\t\t\t<div class=\"e-con-inner\">\n\t\t\t\t<div class=\"elementor-element elementor-element-0ce9f26 elementor-widget elementor-widget-text-editor\" data-id=\"0ce9f26\" data-element_type=\"widget\" data-e-type=\"widget\" data-widget_type=\"text-editor.default\">\n\t\t\t\t<div class=\"elementor-widget-container\">\n\t\t\t\t\t\t\t\t\t<h2 style=\"text-align: center;\"><span style=\"font-weight: 400; color: #fabb2e;\">O que \u00e9 o Performance Influencer Marketing?<\/span><\/h2>\n<p style=\"text-align: center; font-size: 22px;\"><strong>Criar campanhas para vender com conte\u00fados de influenciadores<\/strong><\/p>\n<p style=\"text-align: center;\"><span style=\"font-weight: 400;\">Na SocialPubli temos o melhor sistema para realizar a\u00e7\u00f5es voltadas para convers\u00f5es.<br \/>\n <strong>Trata-se do Marketing de Influ\u00eancia para Resultados, uma estrat\u00e9gia eficaz com a qual voc\u00ea s\u00f3 pagar\u00e1 por venda obtida e com um CPA muito mais barato.<\/strong> <\/span><\/p>\n\t\t\t\t\t\t\t\t<\/div>\n\t\t\t\t<\/div>\n\t\t\t\t\t<\/div>\n\t\t\t\t<\/div>\n\t\t<div class=\"elementor-element elementor-element-6f0e477 e-flex e-con-boxed e-con e-parent\" data-id=\"6f0e477\" data-element_type=\"container\" data-e-type=\"container\">\n\t\t\t\t\t<div class=\"e-con-inner\">\n\t\t<div class=\"elementor-element elementor-element-84f3d64 e-con-full e-flex e-con e-child\" data-id=\"84f3d64\" data-element_type=\"container\" data-e-type=\"container\">\n\t\t\t\t<div class=\"elementor-element elementor-element-0dd2443 elementor-widget elementor-widget-text-editor\" data-id=\"0dd2443\" data-element_type=\"widget\" data-e-type=\"widget\" data-widget_type=\"text-editor.default\">\n\t\t\t\t<div class=\"elementor-widget-container\">\n\t\t\t\t\t\t\t\t\t<h3 style=\"margin-top: 10px;\"><span style=\"font-weight: 400;\">Com o Perfomance Influencer Marketing, venda com a ajuda de influenciadores.<\/span><\/h3>\n<ul>\n<li style=\"font-weight: 400;\" aria-level=\"1\"><b>Converter conte\u00fados criados por influenciadores em an\u00fancios pagos <\/b>atrav\u00e9s do TikTok e do Meta (Instagram e Facebook).<\/li>\n<li style=\"font-weight: 400;\" aria-level=\"1\"><span style=\"font-weight: 400;\">Ao utilizar este tipo de conte\u00fado como Paid Media, i<strong>r\u00e1 atingir o seu p\u00fablico-alvo de forma mais precisa,<\/strong> segmentando-o por idade, g\u00e9nero, interesses e localiza\u00e7\u00e3o.<\/span><\/li>\n<li style=\"font-weight: 400;\" aria-level=\"1\"><span style=\"font-weight: 400;\"><strong>Os resultados ser\u00e3o multiplicados<\/strong> em compara\u00e7\u00e3o com os org\u00e2nicos.<br \/>\nAl\u00e9m disso, a CTR ser\u00e1 at\u00e9 4 vezes maior do que os An\u00fancios Sociais! <\/span><\/li>\n<\/ul>\n\t\t\t\t\t\t\t\t<\/div>\n\t\t\t\t<\/div>\n\t\t\t\t<\/div>\n\t\t<div class=\"elementor-element elementor-element-8678fe1 e-con-full e-flex e-con e-child\" data-id=\"8678fe1\" data-element_type=\"container\" data-e-type=\"container\">\n\t\t\t\t<div class=\"elementor-element elementor-element-6790a59 animated-slow elementor-invisible elementor-widget elementor-widget-image\" data-id=\"6790a59\" data-element_type=\"widget\" data-e-type=\"widget\" data-settings=\"{&quot;_animation&quot;:&quot;slideInUp&quot;}\" data-widget_type=\"image.default\">\n\t\t\t\t<div class=\"elementor-widget-container\">\n\t\t\t\t\t\t\t\t\t\t\t\t\t\t\t<img fetchpriority=\"high\" decoding=\"async\" width=\"800\" height=\"655\" src=\"https:\/\/socialpubli.com\/blog\/wp-content\/uploads\/2023\/10\/mockup_results_EN-1024x839.png\" class=\"attachment-large size-large wp-image-18187\" alt=\"\" srcset=\"https:\/\/socialpubli.com\/blog\/wp-content\/uploads\/2023\/10\/mockup_results_EN-1024x839.png 1024w, https:\/\/socialpubli.com\/blog\/wp-content\/uploads\/2023\/10\/mockup_results_EN-300x246.png 300w, https:\/\/socialpubli.com\/blog\/wp-content\/uploads\/2023\/10\/mockup_results_EN-768x629.png 768w, https:\/\/socialpubli.com\/blog\/wp-content\/uploads\/2023\/10\/mockup_results_EN.png 1480w\" sizes=\"(max-width: 800px) 100vw, 800px\" \/>\t\t\t\t\t\t\t\t\t\t\t\t\t\t\t<\/div>\n\t\t\t\t<\/div>\n\t\t\t\t<\/div>\n\t\t\t\t\t<\/div>\n\t\t\t\t<\/div>\n\t\t<div class=\"elementor-element elementor-element-3499bd8 e-flex e-con-boxed e-con e-parent\" data-id=\"3499bd8\" data-element_type=\"container\" data-e-type=\"container\">\n\t\t\t\t\t<div class=\"e-con-inner\">\n\t\t\t\t<div class=\"elementor-element elementor-element-a9f8bab elementor-widget elementor-widget-text-editor\" data-id=\"a9f8bab\" data-element_type=\"widget\" data-e-type=\"widget\" data-widget_type=\"text-editor.default\">\n\t\t\t\t<div class=\"elementor-widget-container\">\n\t\t\t\t\t\t\t\t\t<h2 style=\"text-align: center;\">Vantagens de Perfomance Influencer Marketing<\/h2>\n<ul>\n<li style=\"text-align: left;\"><span style=\"color: #fabb2e;\"><strong>Pagar\u00e1 por resultados, <\/strong><\/span>em fun\u00e7\u00e3o do seu objetivo espec\u00edfico: vendas, alcance, convers\u00f5es, leads, cliques ou outras m\u00e9tricas.<\/li>\n<li style=\"text-align: left;\"><span style=\"color: #fabb2e;\"><strong>Far\u00e1 a gest\u00e3o do seu or\u00e7amento <\/strong><\/span>e assegurar\u00e1 sempre um ROI positivo.<\/li>\n<li style=\"text-align: left;\"><span style=\"color: #fabb2e;\"><strong>N\u00e3o pagar\u00e1 at\u00e9 que o utilizador realize uma determinada a\u00e7\u00e3o, <\/strong><\/span>como fazer uma compra efetiva ou preencher um formul\u00e1rio.<\/li>\n<li style=\"text-align: left;\"><span style=\"color: #fabb2e;\"><strong>Colocamo-lo em contacto com os influenciadores<\/strong><\/span> com quem pretende trabalhar, com o objetivo de otimizar a comunica\u00e7\u00e3o ao longo de todo o processo de trabalho.<\/li>\n<\/ul>\n\t\t\t\t\t\t\t\t<\/div>\n\t\t\t\t<\/div>\n\t\t\t\t<div class=\"elementor-element elementor-element-0d61a32 elementor-align-center elementor-widget elementor-widget-button\" data-id=\"0d61a32\" data-element_type=\"widget\" data-e-type=\"widget\" data-widget_type=\"button.default\">\n\t\t\t\t<div class=\"elementor-widget-container\">\n\t\t\t\t\t\t\t\t\t<div class=\"elementor-button-wrapper\">\n\t\t\t\t\t<a class=\"elementor-button elementor-button-link elementor-size-sm\" href=\"https:\/\/meetings.hubspot.com\/carolina-torres3\">\n\t\t\t\t\t\t<span class=\"elementor-button-content-wrapper\">\n\t\t\t\t\t\t\t\t\t<span class=\"elementor-button-text\">Reserve uma reuni\u00e3o agora!<\/span>\n\t\t\t\t\t<\/span>\n\t\t\t\t\t<\/a>\n\t\t\t\t<\/div>\n\t\t\t\t\t\t\t\t<\/div>\n\t\t\t\t<\/div>\n\t\t\t\t\t<\/div>\n\t\t\t\t<\/div>\n\t\t\t\t<\/div>\n\t\t","protected":false},"excerpt":{"rendered":"<p>Results Vender nas redes sociais com os melhores influenciadores Reserve uma reuni\u00e3o agora! O que \u00e9 o Performance Influencer Marketing? Criar campanhas para vender com conte\u00fados de influenciadores Na SocialPubli temos o melhor sistema para realizar a\u00e7\u00f5es voltadas para convers\u00f5es. Trata-se do Marketing de Influ\u00eancia para Resultados, uma estrat\u00e9gia eficaz com a qual voc\u00ea s\u00f3 [&hellip;]<\/p>\n","protected":false},"author":2,"featured_media":16506,"parent":0,"menu_order":0,"comment_status":"closed","ping_status":"closed","template":"elementor_header_footer","meta":{"footnotes":""},"class_list":["post-23696","page","type-page","status-publish","has-post-thumbnail","hentry"],"yoast_head":"<!-- This site is optimized with the Yoast SEO plugin v27.0 - https:\/\/yoast.com\/product\/yoast-seo-wordpress\/ -->\n<title>Marketing de influ\u00eancia para resultados | Plataforma | SocialPubli<\/title>\n<meta name=\"description\" content=\"Com a plataforma de Marketing de Influ\u00eancia para Resultados voc\u00ea pagar\u00e1 apenas pela venda obtida com um CPA muito mais barato. Entre e descubra-o no Socialpubli.\" \/>\n<meta name=\"robots\" content=\"index, follow, max-snippet:-1, max-image-preview:large, max-video-preview:-1\" \/>\n<link rel=\"canonical\" href=\"https:\/\/socialpubli.com\/blog\/pt-pt\/influencer-marketing-resultados\/\" \/>\n<meta property=\"og:locale\" content=\"pt_PT\" \/>\n<meta property=\"og:type\" content=\"article\" \/>\n<meta property=\"og:title\" content=\"Marketing de influ\u00eancia orientado para as vendas | SocialPubli\" \/>\n<meta property=\"og:description\" content=\"Com a plataforma de Marketing de Influ\u00eancia para Resultados voc\u00ea pagar\u00e1 apenas pela venda obtida com um CPA muito mais barato. Entre e descubra-o no Socialpubli.\" \/>\n<meta property=\"og:url\" content=\"https:\/\/socialpubli.com\/blog\/pt-pt\/influencer-marketing-resultados\/\" \/>\n<meta property=\"og:site_name\" content=\"Social Publi Blog\" \/>\n<meta property=\"article:modified_time\" content=\"2024-08-02T09:58:28+00:00\" \/>\n<meta property=\"og:image\" content=\"https:\/\/socialpubli.com\/blog\/wp-content\/uploads\/2023\/05\/PreviewCard_results_EN.png\" \/>\n\t<meta property=\"og:image:width\" content=\"560\" \/>\n\t<meta property=\"og:image:height\" content=\"281\" \/>\n\t<meta property=\"og:image:type\" content=\"image\/png\" \/>\n<meta name=\"twitter:card\" content=\"summary_large_image\" \/>\n<meta name=\"twitter:title\" content=\"Marketing de influ\u00eancia orientado para as vendas | SocialPubli\" \/>\n<meta name=\"twitter:image\" content=\"https:\/\/socialpubli.com\/blog\/wp-content\/uploads\/2023\/05\/PreviewCard_results_EN.png\" \/>\n<meta name=\"twitter:label1\" content=\"Tempo estimado de leitura\" \/>\n\t<meta name=\"twitter:data1\" content=\"2 minutos\" \/>\n<script type=\"application\/ld+json\" class=\"yoast-schema-graph\">{\"@context\":\"https:\/\/schema.org\",\"@graph\":[{\"@type\":\"WebPage\",\"@id\":\"https:\/\/socialpubli.com\/blog\/pt-pt\/influencer-marketing-resultados\/\",\"url\":\"https:\/\/socialpubli.com\/blog\/pt-pt\/influencer-marketing-resultados\/\",\"name\":\"Marketing de influ\u00eancia para resultados | Plataforma | SocialPubli\",\"isPartOf\":{\"@id\":\"https:\/\/socialpubli.com\/blog\/#website\"},\"primaryImageOfPage\":{\"@id\":\"https:\/\/socialpubli.com\/blog\/pt-pt\/influencer-marketing-resultados\/#primaryimage\"},\"image\":{\"@id\":\"https:\/\/socialpubli.com\/blog\/pt-pt\/influencer-marketing-resultados\/#primaryimage\"},\"thumbnailUrl\":\"https:\/\/socialpubli.com\/blog\/wp-content\/uploads\/2023\/05\/PreviewCard_results_EN.png\",\"datePublished\":\"2024-07-31T13:39:14+00:00\",\"dateModified\":\"2024-08-02T09:58:28+00:00\",\"description\":\"Com a plataforma de Marketing de Influ\u00eancia para Resultados voc\u00ea pagar\u00e1 apenas pela venda obtida com um CPA muito mais barato. Entre e descubra-o no Socialpubli.\",\"breadcrumb\":{\"@id\":\"https:\/\/socialpubli.com\/blog\/pt-pt\/influencer-marketing-resultados\/#breadcrumb\"},\"inLanguage\":\"pt-PT\",\"potentialAction\":[{\"@type\":\"ReadAction\",\"target\":[\"https:\/\/socialpubli.com\/blog\/pt-pt\/influencer-marketing-resultados\/\"]}]},{\"@type\":\"ImageObject\",\"inLanguage\":\"pt-PT\",\"@id\":\"https:\/\/socialpubli.com\/blog\/pt-pt\/influencer-marketing-resultados\/#primaryimage\",\"url\":\"https:\/\/socialpubli.com\/blog\/wp-content\/uploads\/2023\/05\/PreviewCard_results_EN.png\",\"contentUrl\":\"https:\/\/socialpubli.com\/blog\/wp-content\/uploads\/2023\/05\/PreviewCard_results_EN.png\",\"width\":560,\"height\":281},{\"@type\":\"BreadcrumbList\",\"@id\":\"https:\/\/socialpubli.com\/blog\/pt-pt\/influencer-marketing-resultados\/#breadcrumb\",\"itemListElement\":[{\"@type\":\"ListItem\",\"position\":1,\"name\":\"Portada\",\"item\":\"https:\/\/socialpubli.com\/blog\/\"},{\"@type\":\"ListItem\",\"position\":2,\"name\":\"Results\"}]},{\"@type\":\"WebSite\",\"@id\":\"https:\/\/socialpubli.com\/blog\/#website\",\"url\":\"https:\/\/socialpubli.com\/blog\/\",\"name\":\"Social Publi Blog\",\"description\":\"Tendencias en marketing de influencers, branded content y estrategia en redes sociales.\",\"publisher\":{\"@id\":\"https:\/\/socialpubli.com\/blog\/#organization\"},\"potentialAction\":[{\"@type\":\"SearchAction\",\"target\":{\"@type\":\"EntryPoint\",\"urlTemplate\":\"https:\/\/socialpubli.com\/blog\/?s={search_term_string}\"},\"query-input\":{\"@type\":\"PropertyValueSpecification\",\"valueRequired\":true,\"valueName\":\"search_term_string\"}}],\"inLanguage\":\"pt-PT\"},{\"@type\":\"Organization\",\"@id\":\"https:\/\/socialpubli.com\/blog\/#organization\",\"name\":\"SocialPubli\",\"url\":\"https:\/\/socialpubli.com\/blog\/\",\"logo\":{\"@type\":\"ImageObject\",\"inLanguage\":\"pt-PT\",\"@id\":\"https:\/\/socialpubli.com\/blog\/#\/schema\/logo\/image\/\",\"url\":\"https:\/\/socialpubli.com\/blog\/wp-content\/uploads\/2017\/01\/logo-blog.png\",\"contentUrl\":\"https:\/\/socialpubli.com\/blog\/wp-content\/uploads\/2017\/01\/logo-blog.png\",\"width\":284,\"height\":53,\"caption\":\"SocialPubli\"},\"image\":{\"@id\":\"https:\/\/socialpubli.com\/blog\/#\/schema\/logo\/image\/\"}}]}<\/script>\n<!-- \/ Yoast SEO plugin. -->","yoast_head_json":{"title":"Marketing de influ\u00eancia para resultados | Plataforma | SocialPubli","description":"Com a plataforma de Marketing de Influ\u00eancia para Resultados voc\u00ea pagar\u00e1 apenas pela venda obtida com um CPA muito mais barato. Entre e descubra-o no Socialpubli.","robots":{"index":"index","follow":"follow","max-snippet":"max-snippet:-1","max-image-preview":"max-image-preview:large","max-video-preview":"max-video-preview:-1"},"canonical":"https:\/\/socialpubli.com\/blog\/pt-pt\/influencer-marketing-resultados\/","og_locale":"pt_PT","og_type":"article","og_title":"Marketing de influ\u00eancia orientado para as vendas | SocialPubli","og_description":"Com a plataforma de Marketing de Influ\u00eancia para Resultados voc\u00ea pagar\u00e1 apenas pela venda obtida com um CPA muito mais barato. Entre e descubra-o no Socialpubli.","og_url":"https:\/\/socialpubli.com\/blog\/pt-pt\/influencer-marketing-resultados\/","og_site_name":"Social Publi Blog","article_modified_time":"2024-08-02T09:58:28+00:00","og_image":[{"width":560,"height":281,"url":"https:\/\/socialpubli.com\/blog\/wp-content\/uploads\/2023\/05\/PreviewCard_results_EN.png","type":"image\/png"}],"twitter_card":"summary_large_image","twitter_title":"Marketing de influ\u00eancia orientado para as vendas | SocialPubli","twitter_image":"https:\/\/socialpubli.com\/blog\/wp-content\/uploads\/2023\/05\/PreviewCard_results_EN.png","twitter_misc":{"Tempo estimado de leitura":"2 minutos"},"schema":{"@context":"https:\/\/schema.org","@graph":[{"@type":"WebPage","@id":"https:\/\/socialpubli.com\/blog\/pt-pt\/influencer-marketing-resultados\/","url":"https:\/\/socialpubli.com\/blog\/pt-pt\/influencer-marketing-resultados\/","name":"Marketing de influ\u00eancia para resultados | Plataforma | SocialPubli","isPartOf":{"@id":"https:\/\/socialpubli.com\/blog\/#website"},"primaryImageOfPage":{"@id":"https:\/\/socialpubli.com\/blog\/pt-pt\/influencer-marketing-resultados\/#primaryimage"},"image":{"@id":"https:\/\/socialpubli.com\/blog\/pt-pt\/influencer-marketing-resultados\/#primaryimage"},"thumbnailUrl":"https:\/\/socialpubli.com\/blog\/wp-content\/uploads\/2023\/05\/PreviewCard_results_EN.png","datePublished":"2024-07-31T13:39:14+00:00","dateModified":"2024-08-02T09:58:28+00:00","description":"Com a plataforma de Marketing de Influ\u00eancia para Resultados voc\u00ea pagar\u00e1 apenas pela venda obtida com um CPA muito mais barato. Entre e descubra-o no Socialpubli.","breadcrumb":{"@id":"https:\/\/socialpubli.com\/blog\/pt-pt\/influencer-marketing-resultados\/#breadcrumb"},"inLanguage":"pt-PT","potentialAction":[{"@type":"ReadAction","target":["https:\/\/socialpubli.com\/blog\/pt-pt\/influencer-marketing-resultados\/"]}]},{"@type":"ImageObject","inLanguage":"pt-PT","@id":"https:\/\/socialpubli.com\/blog\/pt-pt\/influencer-marketing-resultados\/#primaryimage","url":"https:\/\/socialpubli.com\/blog\/wp-content\/uploads\/2023\/05\/PreviewCard_results_EN.png","contentUrl":"https:\/\/socialpubli.com\/blog\/wp-content\/uploads\/2023\/05\/PreviewCard_results_EN.png","width":560,"height":281},{"@type":"BreadcrumbList","@id":"https:\/\/socialpubli.com\/blog\/pt-pt\/influencer-marketing-resultados\/#breadcrumb","itemListElement":[{"@type":"ListItem","position":1,"name":"Portada","item":"https:\/\/socialpubli.com\/blog\/"},{"@type":"ListItem","position":2,"name":"Results"}]},{"@type":"WebSite","@id":"https:\/\/socialpubli.com\/blog\/#website","url":"https:\/\/socialpubli.com\/blog\/","name":"Social Publi Blog","description":"Tendencias en marketing de influencers, branded content y estrategia en redes sociales.","publisher":{"@id":"https:\/\/socialpubli.com\/blog\/#organization"},"potentialAction":[{"@type":"SearchAction","target":{"@type":"EntryPoint","urlTemplate":"https:\/\/socialpubli.com\/blog\/?s={search_term_string}"},"query-input":{"@type":"PropertyValueSpecification","valueRequired":true,"valueName":"search_term_string"}}],"inLanguage":"pt-PT"},{"@type":"Organization","@id":"https:\/\/socialpubli.com\/blog\/#organization","name":"SocialPubli","url":"https:\/\/socialpubli.com\/blog\/","logo":{"@type":"ImageObject","inLanguage":"pt-PT","@id":"https:\/\/socialpubli.com\/blog\/#\/schema\/logo\/image\/","url":"https:\/\/socialpubli.com\/blog\/wp-content\/uploads\/2017\/01\/logo-blog.png","contentUrl":"https:\/\/socialpubli.com\/blog\/wp-content\/uploads\/2017\/01\/logo-blog.png","width":284,"height":53,"caption":"SocialPubli"},"image":{"@id":"https:\/\/socialpubli.com\/blog\/#\/schema\/logo\/image\/"}}]}},"_links":{"self":[{"href":"https:\/\/socialpubli.com\/blog\/pt-pt\/wp-json\/wp\/v2\/pages\/23696","targetHints":{"allow":["GET"]}}],"collection":[{"href":"https:\/\/socialpubli.com\/blog\/pt-pt\/wp-json\/wp\/v2\/pages"}],"about":[{"href":"https:\/\/socialpubli.com\/blog\/pt-pt\/wp-json\/wp\/v2\/types\/page"}],"author":[{"embeddable":true,"href":"https:\/\/socialpubli.com\/blog\/pt-pt\/wp-json\/wp\/v2\/users\/2"}],"replies":[{"embeddable":true,"href":"https:\/\/socialpubli.com\/blog\/pt-pt\/wp-json\/wp\/v2\/comments?post=23696"}],"version-history":[{"count":6,"href":"https:\/\/socialpubli.com\/blog\/pt-pt\/wp-json\/wp\/v2\/pages\/23696\/revisions"}],"predecessor-version":[{"id":23721,"href":"https:\/\/socialpubli.com\/blog\/pt-pt\/wp-json\/wp\/v2\/pages\/23696\/revisions\/23721"}],"wp:featuredmedia":[{"embeddable":true,"href":"https:\/\/socialpubli.com\/blog\/pt-pt\/wp-json\/wp\/v2\/media\/16506"}],"wp:attachment":[{"href":"https:\/\/socialpubli.com\/blog\/pt-pt\/wp-json\/wp\/v2\/media?parent=23696"}],"curies":[{"name":"wp","href":"https:\/\/api.w.org\/{rel}","templated":true}]}}