{"id":8287,"date":"2020-08-21T13:04:38","date_gmt":"2020-08-21T11:04:38","guid":{"rendered":"https:\/\/socialpubli.com\/blog\/influencers-do-linkedin-para-as-suas-campanhas-de-publicidade\/"},"modified":"2020-08-31T14:47:02","modified_gmt":"2020-08-31T12:47:02","slug":"linkedin-influencers","status":"publish","type":"page","link":"https:\/\/socialpubli.com\/blog\/pt-pt\/linkedin-influencers\/","title":{"rendered":"Influencers do LINKEDIN para as suas campanhas de publicidade"},"content":{"rendered":"<div class=\"wpb-content-wrapper\"><p>[vc_row][vc_column][vc_row_inner][vc_column_inner width=&#8221;1\/2&#8243;][vc_column_text css=&#8221;.vc_custom_1595314785809{padding-bottom: 40px !important;}&#8221;]<\/p>\n<h2>Quer criar campanhas no LINKEDIN com Influencers?<\/h2>\n<p><span style='font-weight: 400;'>O B2B \u00e9 essencial quando se trata de promover relacionamentos comerciais e pessoais com foco no local de trabalho. Isso \u00e9 importante quando se trata de gerar oportunidades ben\u00e9ficas para sua marca. Por isso, da SocialPubli n\u00e3o queremos esquecer este tipo de marketing e desenvolvemos campanhas focadas nesta \u00e1rea.<\/span><\/p>\n<p><span style='font-weight: 400;'>A rede social ideal para essas situa\u00e7\u00f5es \u00e9 o LinkedIn. L\u00e1 voc\u00ea pode trabalhar com Influencers para promover e aprimorar seu neg\u00f3cio, bem como criar novos la\u00e7os com seu p\u00fablico-alvo e potenciais clientes.<\/span><\/p>\n<p><span style='font-weight: 400;'>Nesta rede social voc\u00ea pode desenvolver campanhas com diferentes perfis de Influencers: micro Influencers, embaixadores, empresas, m\u00eddia, etc., que estejam relacionadas aos interesses do seu target.[\/vc_column_text][qodef_button size=&#8221;medium&#8221; text=&#8221;EXPERIMENTA J\u00c1&#8221; target=&#8221;_self&#8221; icon_pack=&#8221;&#8221; font_weight=&#8221;&#8221; text_transform=&#8221;&#8221; link=&#8221;https:\/\/socialpubli.com\/pt#advertiser_signup&#8221; custom_class=&#8221;btn-not-resp&#8221;][\/vc_column_inner][vc_column_inner el_class=&#8221;form-gradient&#8221; width=&#8221;1\/2&#8243; css=&#8221;.vc_custom_1596666359515{padding-right: 40px !important;padding-bottom: 60px !important;padding-left: 40px !important;}&#8221;][vc_column_text]\u00a0<\/span><\/p>\n<div class='box-form-land'>\n<h2><span style='color: #ffffff;'>Se quiser mais informa\u00e7\u00f5es descarregue aqui o nosso guia sobre campanhas com o Linkedin:<\/span><\/h2>\n<div class=\"wpcf7 no-js\" id=\"wpcf7-f8331-o1\" lang=\"es-ES\" dir=\"ltr\" data-wpcf7-id=\"8331\">\n<div class=\"screen-reader-response\">\n<p role=\"status\" aria-live=\"polite\" aria-atomic=\"true\"><\/p> <ul><\/ul>\n<\/div>\n<form action=\"\/blog\/pt-pt\/wp-json\/wp\/v2\/pages\/8287\/#wpcf7-f8331-o1\" method=\"post\" class=\"wpcf7-form init wpcf7-acceptance-as-validation\" aria-label=\"Formulario de contacto\" novalidate=\"novalidate\" data-status=\"init\">\n<fieldset class=\"hidden-fields-container\">\n<input type=\"hidden\" name=\"_wpcf7\" value=\"8331\"><input type=\"hidden\" name=\"_wpcf7_version\" value=\"6.1.5\"><input type=\"hidden\" name=\"_wpcf7_locale\" value=\"es_ES\"><input type=\"hidden\" name=\"_wpcf7_unit_tag\" value=\"wpcf7-f8331-o1\"><input type=\"hidden\" name=\"_wpcf7_container_post\" value=\"0\"><input type=\"hidden\" name=\"_wpcf7_posted_data_hash\" value=\"\"><input type=\"hidden\" name=\"_wpcf7_recaptcha_response\" value=\"\">\n<\/fieldset>\n<p><label> Seu Nome (requeridos)<br>\n<span class=\"wpcf7-form-control-wrap\" data-name=\"your-name\"><input size=\"40\" maxlength=\"400\" class=\"wpcf7-form-control wpcf7-text wpcf7-validates-as-required\" aria-required=\"true\" aria-invalid=\"false\" value=\"\" type=\"text\" name=\"your-name\"><\/span> <\/label>\n<\/p>\n<p><label> Seu Email (requeridos)<br>\n<span class=\"wpcf7-form-control-wrap\" data-name=\"your-email\"><input size=\"40\" maxlength=\"400\" class=\"wpcf7-form-control wpcf7-email wpcf7-validates-as-required wpcf7-text wpcf7-validates-as-email\" aria-required=\"true\" aria-invalid=\"false\" value=\"\" type=\"email\" name=\"your-email\"><\/span> <\/label>\n<\/p>\n<p><label> Seu Telefone (requeridos)<br>\n<span class=\"wpcf7-form-control-wrap\" data-name=\"tel-705\"><input size=\"40\" maxlength=\"400\" class=\"wpcf7-form-control wpcf7-tel wpcf7-validates-as-required wpcf7-text wpcf7-validates-as-tel\" aria-required=\"true\" aria-invalid=\"false\" value=\"\" type=\"tel\" name=\"tel-705\"><\/span> <\/label>\n<\/p>\n<p><label> Sua Empresa (requeridos)<br>\n<span class=\"wpcf7-form-control-wrap\" data-name=\"text-165\"><input size=\"40\" maxlength=\"400\" class=\"wpcf7-form-control wpcf7-text wpcf7-validates-as-required\" aria-required=\"true\" aria-invalid=\"false\" value=\"\" type=\"text\" name=\"text-165\"><\/span><br>\n<\/label>\n<\/p>\n<p><span class=\"wpcf7-form-control-wrap\" data-name=\"acceptance-919\"><span class=\"wpcf7-form-control wpcf7-acceptance optional\"><span class=\"wpcf7-list-item\"><input type=\"checkbox\" name=\"acceptance-919\" value=\"1\" aria-invalid=\"false\"><\/span><\/span><\/span> Aceito a <a href=\"https:\/\/socialpubli.com\/corp\/advertisers\/privacy\" target=\"blank\" rel=\"nofollow\"> Pol&iacute;tica de Privacidade<\/a>\n<\/p>\n<p><span class=\"wpcf7-form-control-wrap\" data-name=\"acceptance-971\"><span class=\"wpcf7-form-control wpcf7-acceptance\"><span class=\"wpcf7-list-item\"><input type=\"checkbox\" name=\"acceptance-971\" value=\"1\" aria-invalid=\"false\"><\/span><\/span><\/span> Aceito a comunica&ccedil;&atilde;o comercial da SocialPubli\n<\/p>\n<p><input class=\"wpcf7-form-control wpcf7-submit has-spinner\" type=\"submit\" value=\"Download\">\n<\/p>\n<p style=\"display: none !important;\" class=\"akismet-fields-container\" data-prefix=\"_wpcf7_ak_\"><label>&Delta;<textarea name=\"_wpcf7_ak_hp_textarea\" cols=\"45\" rows=\"8\" maxlength=\"100\"><\/textarea><\/label><input type=\"hidden\" id=\"ak_js_1\" name=\"_wpcf7_ak_js\" value=\"87\"><script>document.getElementById( \"ak_js_1\" ).setAttribute( \"value\", ( new Date() ).getTime() );<\/script><\/p>\n<label class=\"ebd_input\"><input type=\"hidden\" name=\"ebd_downloads[]\" value=\"8361|LinkedIn by Socialpubli PT\"> <\/label><input type=\"hidden\" class=\"ebd_setting\" name=\"ebd_settings[]\" value=\"title|LinkedIn by Socialpubli PT\"><input type=\"hidden\" class=\"ebd_setting\" name=\"ebd_settings[]\" value=\"delivered_as|inline link\"><input type=\"hidden\" class=\"ebd_setting\" name=\"ebd_settings[]\" value=\"hide_form|no\"><input type=\"hidden\" class=\"ebd_setting\" name=\"ebd_settings[]\" value=\"radio|no\"><input type=\"hidden\" class=\"ebd_setting\" name=\"ebd_settings[]\" value=\"link_format|_blank\"><input type=\"hidden\" class=\"ebd_setting\" name=\"ebd_settings[]\" value=\"file_thumbnail|no\"><input type=\"hidden\" class=\"ebd_setting\" name=\"ebd_settings[]\" value=\"item_id|40\"><input type=\"hidden\" class=\"ebd_setting\" name=\"ebd_settings[]\" value=\"form_id|wpcf7-f8331-o1\"><div class=\"wpcf7-response-output\" aria-hidden=\"true\"><\/div>\n<\/form>\n<\/div>\n\n<\/div>\n<p>[\/vc_column_text][\/vc_column_inner][\/vc_row_inner][\/vc_column][\/vc_row][vc_row css=&#8221;.vc_custom_1595249731266{background-position: center !important;background-repeat: no-repeat !important;background-size: cover !important;}&#8221;][vc_column][vc_row_inner][vc_column_inner width=&#8221;1\/3&#8243; css=&#8221;.vc_custom_1596696102212{padding-top: 20% !important;padding-bottom: 20px !important;}&#8221;][vc_single_image image=&#8221;8079&#8243; img_size=&#8221;full&#8221; alignment=&#8221;center&#8221; el_class=&#8221;img-mobile-module&#8221;][\/vc_column_inner][vc_column_inner width=&#8221;2\/3&#8243;][vc_column_text css=&#8221;.vc_custom_1596666423818{padding-bottom: 40px !important;}&#8221;]<\/p>\n<h2>Como criar uma campanha no LINKEDIN<\/h2>\n<p><span style='font-weight: 400;'>Como voc\u00ea j\u00e1 deve saber se j\u00e1 trabalhou connosco anteriormente, na SocialPubli simplificamos os processos para que sua experi\u00eancia como anunciante connosco seja simples e agrad\u00e1vel.<\/span><\/p>\n<p><span style='font-weight: 400;'>Criar uma campanha no SocialPubli \u00e9 muito simples. A nossa ferramenta \u00e9 intuitiva e trabalhar com ela ser\u00e1 muito f\u00e1cil. Uma vez registado como anunciante, pode adicionar o saldo que vai atribuir \u00e0s campanhas por cart\u00e3o de cr\u00e9dito, transfer\u00eancia banc\u00e1ria ou Paypal.<\/span><\/p>\n<p><span style='font-weight: 400;'>A pr\u00f3xima etapa \u00e9 criar a campanha no seu painel de anunciante. E \u00e9 t\u00e3o simples quanto o anterior. Neste caso, voc\u00ea dever\u00e1 preencher o formul\u00e1rio com todos os dados necess\u00e1rios para que os Influencers com os quais trabalhamos no LinkedIn sigam suas instru\u00e7\u00f5es.<\/span><\/p>\n<p><span style='font-weight: 400;'>Tem ainda a op\u00e7\u00e3o de adicionar o seguinte: nome da campanha, descri\u00e7\u00e3o, a mensagem que deseja que os Influencers publiquem, hashtags, um link ou uma palavra-chave ou frase que o texto deve conter, caso queira dar r\u00e9dea solta ao Influencers ao publicar.<\/span>[\/vc_column_text][qodef_button size=&#8221;medium&#8221; text=&#8221;EXPERIMENTA J\u00c1&#8221; target=&#8221;_self&#8221; icon_pack=&#8221;&#8221; font_weight=&#8221;&#8221; text_transform=&#8221;&#8221; link=&#8221;https:\/\/socialpubli.com\/pt#advertiser_signup&#8221;][\/vc_column_inner][\/vc_row_inner][vc_row_inner css=&#8221;.vc_custom_1598009282328{margin-top: 50px !important;}&#8221;][vc_column_inner width=&#8221;2\/3&#8243; css=&#8221;.vc_custom_1595241329245{padding-top: 20px !important;padding-bottom: 20px !important;}&#8221;][vc_column_text css=&#8221;.vc_custom_1595315930374{padding-bottom: 40px !important;}&#8221;]<span style='font-weight: 400;'>Nesse sentido, quanto mais espec\u00edfico for em rela\u00e7\u00e3o \u00e0s condi\u00e7\u00f5es da campanha, o conte\u00fado que deseja que os Influencers publiquem, a mensagem principal da publica\u00e7\u00e3o, o alvo para o qual a a\u00e7\u00e3o \u00e9 direcionada, o perfil do Influencer e tudo que for indicado, quanto mais cedo, melhor ser\u00e1 o resultado da campanha.<\/span><\/p>\n<p><span style='font-weight: 400;'>Se voc\u00ea optar por dar aos Influencers a liberdade para criar a mensagem por conta pr\u00f3pria, n\u00e3o se preocupe com seu conte\u00fado, j\u00e1 que na SocialPubli temos o compromisso com a seguran\u00e7a da marca e todas as mensagens que os Influencers enviam para participar nas suas campanhas devem ter sua aprova\u00e7\u00e3o, para que voc\u00ea possa moder\u00e1-los antes de serem publicados. Isto significa que, como anunciante, ter\u00e1 sempre o controlo das publica\u00e7\u00f5es e poder\u00e1 solicitar-lhes altera\u00e7\u00f5es caso n\u00e3o considere o conte\u00fado adequado ou de acordo com a mensagem que pretendia transmitir no in\u00edcio.<\/span><\/p>\n<p><span style='font-weight: 400;'>O processo n\u00e3o termina aqui. Queremos que esteja sempre atento \u00e0 evolu\u00e7\u00e3o da campanha, bem como aos resultados da mesma depois de terminada. Portanto, durante a campanha e no final, voc\u00ea ter\u00e1 um relat\u00f3rio completo com o qual poder\u00e1 medir o sucesso das campanhas que realiza com o SocialPubli.<\/span>[\/vc_column_text][qodef_button size=&#8221;medium&#8221; text=&#8221;COMECE AGORA&#8221; target=&#8221;_self&#8221; icon_pack=&#8221;&#8221; font_weight=&#8221;&#8221; text_transform=&#8221;&#8221; link=&#8221;https:\/\/socialpubli.com\/pt#advertiser_signup&#8221;][\/vc_column_inner][vc_column_inner width=&#8221;1\/3&#8243;][vc_single_image image=&#8221;8101&#8243; img_size=&#8221;full&#8221; el_class=&#8221;img-mobile-module&#8221;][\/vc_column_inner][\/vc_row_inner][\/vc_column][\/vc_row]<\/p>\n<\/div>","protected":false},"excerpt":{"rendered":"<p>[vc_row][vc_column][vc_row_inner][vc_column_inner width=&#8221;1\/2&#8243;][vc_column_text css=&#8221;.vc_custom_1595314785809{padding-bottom: 40px !important;}&#8221;] Quer criar campanhas no LINKEDIN com Influencers? O B2B \u00e9 essencial quando se trata de promover relacionamentos comerciais e pessoais com foco no local de trabalho. Isso \u00e9 importante quando se trata de gerar oportunidades ben\u00e9ficas para sua marca. Por isso, da SocialPubli n\u00e3o queremos esquecer este tipo de marketing [&hellip;]<\/p>\n","protected":false},"author":2,"featured_media":8053,"parent":0,"menu_order":0,"comment_status":"closed","ping_status":"closed","template":"","meta":{"footnotes":""},"class_list":["post-8287","page","type-page","status-publish","has-post-thumbnail","hentry"],"yoast_head":"<!-- This site is optimized with the Yoast SEO plugin v27.0 - https:\/\/yoast.com\/product\/yoast-seo-wordpress\/ -->\n<title>LinkedIn Influenciadores para as suas campanhas publicit\u00e1rias | SocialPubli<\/title>\n<meta name=\"description\" content=\"Criar campanhas publicit\u00e1rias com os melhores influenciadores do LinkedIn. Promova e d\u00ea um impulso ao seu neg\u00f3cio, alcan\u00e7ando o seu p\u00fablico-alvo.\" \/>\n<meta name=\"robots\" content=\"index, follow, max-snippet:-1, max-image-preview:large, max-video-preview:-1\" \/>\n<link rel=\"canonical\" href=\"https:\/\/socialpubli.com\/blog\/pt-pt\/linkedin-influencers\/\" \/>\n<meta property=\"og:locale\" content=\"pt_PT\" \/>\n<meta property=\"og:type\" content=\"article\" \/>\n<meta property=\"og:title\" content=\"LinkedIn Influenciadores para as suas campanhas publicit\u00e1rias | SocialPubli\" \/>\n<meta property=\"og:description\" content=\"Criar campanhas publicit\u00e1rias com os melhores influenciadores do LinkedIn. Promova e d\u00ea um impulso ao seu neg\u00f3cio, alcan\u00e7ando o seu p\u00fablico-alvo.\" \/>\n<meta property=\"og:url\" content=\"https:\/\/socialpubli.com\/blog\/pt-pt\/linkedin-influencers\/\" \/>\n<meta property=\"og:site_name\" content=\"Social Publi Blog\" \/>\n<meta property=\"article:modified_time\" content=\"2020-08-31T12:47:02+00:00\" \/>\n<meta property=\"og:image\" content=\"https:\/\/socialpubli.com\/blog\/wp-content\/uploads\/2020\/07\/363.jpg\" \/>\n\t<meta property=\"og:image:width\" content=\"700\" \/>\n\t<meta property=\"og:image:height\" content=\"250\" \/>\n\t<meta property=\"og:image:type\" content=\"image\/jpeg\" \/>\n<meta name=\"twitter:card\" content=\"summary_large_image\" \/>\n<meta name=\"twitter:label1\" content=\"Tempo estimado de leitura\" \/>\n\t<meta name=\"twitter:data1\" content=\"4 minutos\" \/>\n<script type=\"application\/ld+json\" class=\"yoast-schema-graph\">{\"@context\":\"https:\/\/schema.org\",\"@graph\":[{\"@type\":\"WebPage\",\"@id\":\"https:\/\/socialpubli.com\/blog\/pt-pt\/linkedin-influencers\/\",\"url\":\"https:\/\/socialpubli.com\/blog\/pt-pt\/linkedin-influencers\/\",\"name\":\"LinkedIn Influenciadores para as suas campanhas publicit\u00e1rias | SocialPubli\",\"isPartOf\":{\"@id\":\"https:\/\/socialpubli.com\/blog\/#website\"},\"primaryImageOfPage\":{\"@id\":\"https:\/\/socialpubli.com\/blog\/pt-pt\/linkedin-influencers\/#primaryimage\"},\"image\":{\"@id\":\"https:\/\/socialpubli.com\/blog\/pt-pt\/linkedin-influencers\/#primaryimage\"},\"thumbnailUrl\":\"https:\/\/socialpubli.com\/blog\/wp-content\/uploads\/2020\/07\/363.jpg\",\"datePublished\":\"2020-08-21T11:04:38+00:00\",\"dateModified\":\"2020-08-31T12:47:02+00:00\",\"description\":\"Criar campanhas publicit\u00e1rias com os melhores influenciadores do LinkedIn. Promova e d\u00ea um impulso ao seu neg\u00f3cio, alcan\u00e7ando o seu p\u00fablico-alvo.\",\"breadcrumb\":{\"@id\":\"https:\/\/socialpubli.com\/blog\/pt-pt\/linkedin-influencers\/#breadcrumb\"},\"inLanguage\":\"pt-PT\",\"potentialAction\":[{\"@type\":\"ReadAction\",\"target\":[\"https:\/\/socialpubli.com\/blog\/pt-pt\/linkedin-influencers\/\"]}]},{\"@type\":\"ImageObject\",\"inLanguage\":\"pt-PT\",\"@id\":\"https:\/\/socialpubli.com\/blog\/pt-pt\/linkedin-influencers\/#primaryimage\",\"url\":\"https:\/\/socialpubli.com\/blog\/wp-content\/uploads\/2020\/07\/363.jpg\",\"contentUrl\":\"https:\/\/socialpubli.com\/blog\/wp-content\/uploads\/2020\/07\/363.jpg\",\"width\":700,\"height\":250,\"caption\":\"CHIANGMAI, THAILAND -FEBRUARY 7, 2017:LG Nexus5 opened to Linkedin app. Linkedin is a social networking website for people in professional occupations.\"},{\"@type\":\"BreadcrumbList\",\"@id\":\"https:\/\/socialpubli.com\/blog\/pt-pt\/linkedin-influencers\/#breadcrumb\",\"itemListElement\":[{\"@type\":\"ListItem\",\"position\":1,\"name\":\"Portada\",\"item\":\"https:\/\/socialpubli.com\/blog\/\"},{\"@type\":\"ListItem\",\"position\":2,\"name\":\"Influencers do LINKEDIN para as suas campanhas de publicidade\"}]},{\"@type\":\"WebSite\",\"@id\":\"https:\/\/socialpubli.com\/blog\/#website\",\"url\":\"https:\/\/socialpubli.com\/blog\/\",\"name\":\"Social Publi Blog\",\"description\":\"Tendencias en marketing de influencers, branded content y estrategia en redes sociales.\",\"publisher\":{\"@id\":\"https:\/\/socialpubli.com\/blog\/#organization\"},\"potentialAction\":[{\"@type\":\"SearchAction\",\"target\":{\"@type\":\"EntryPoint\",\"urlTemplate\":\"https:\/\/socialpubli.com\/blog\/?s={search_term_string}\"},\"query-input\":{\"@type\":\"PropertyValueSpecification\",\"valueRequired\":true,\"valueName\":\"search_term_string\"}}],\"inLanguage\":\"pt-PT\"},{\"@type\":\"Organization\",\"@id\":\"https:\/\/socialpubli.com\/blog\/#organization\",\"name\":\"SocialPubli\",\"url\":\"https:\/\/socialpubli.com\/blog\/\",\"logo\":{\"@type\":\"ImageObject\",\"inLanguage\":\"pt-PT\",\"@id\":\"https:\/\/socialpubli.com\/blog\/#\/schema\/logo\/image\/\",\"url\":\"https:\/\/socialpubli.com\/blog\/wp-content\/uploads\/2017\/01\/logo-blog.png\",\"contentUrl\":\"https:\/\/socialpubli.com\/blog\/wp-content\/uploads\/2017\/01\/logo-blog.png\",\"width\":284,\"height\":53,\"caption\":\"SocialPubli\"},\"image\":{\"@id\":\"https:\/\/socialpubli.com\/blog\/#\/schema\/logo\/image\/\"}}]}<\/script>\n<!-- \/ Yoast SEO plugin. -->","yoast_head_json":{"title":"LinkedIn Influenciadores para as suas campanhas publicit\u00e1rias | SocialPubli","description":"Criar campanhas publicit\u00e1rias com os melhores influenciadores do LinkedIn. Promova e d\u00ea um impulso ao seu neg\u00f3cio, alcan\u00e7ando o seu p\u00fablico-alvo.","robots":{"index":"index","follow":"follow","max-snippet":"max-snippet:-1","max-image-preview":"max-image-preview:large","max-video-preview":"max-video-preview:-1"},"canonical":"https:\/\/socialpubli.com\/blog\/pt-pt\/linkedin-influencers\/","og_locale":"pt_PT","og_type":"article","og_title":"LinkedIn Influenciadores para as suas campanhas publicit\u00e1rias | SocialPubli","og_description":"Criar campanhas publicit\u00e1rias com os melhores influenciadores do LinkedIn. Promova e d\u00ea um impulso ao seu neg\u00f3cio, alcan\u00e7ando o seu p\u00fablico-alvo.","og_url":"https:\/\/socialpubli.com\/blog\/pt-pt\/linkedin-influencers\/","og_site_name":"Social Publi Blog","article_modified_time":"2020-08-31T12:47:02+00:00","og_image":[{"width":700,"height":250,"url":"https:\/\/socialpubli.com\/blog\/wp-content\/uploads\/2020\/07\/363.jpg","type":"image\/jpeg"}],"twitter_card":"summary_large_image","twitter_misc":{"Tempo estimado de leitura":"4 minutos"},"schema":{"@context":"https:\/\/schema.org","@graph":[{"@type":"WebPage","@id":"https:\/\/socialpubli.com\/blog\/pt-pt\/linkedin-influencers\/","url":"https:\/\/socialpubli.com\/blog\/pt-pt\/linkedin-influencers\/","name":"LinkedIn Influenciadores para as suas campanhas publicit\u00e1rias | SocialPubli","isPartOf":{"@id":"https:\/\/socialpubli.com\/blog\/#website"},"primaryImageOfPage":{"@id":"https:\/\/socialpubli.com\/blog\/pt-pt\/linkedin-influencers\/#primaryimage"},"image":{"@id":"https:\/\/socialpubli.com\/blog\/pt-pt\/linkedin-influencers\/#primaryimage"},"thumbnailUrl":"https:\/\/socialpubli.com\/blog\/wp-content\/uploads\/2020\/07\/363.jpg","datePublished":"2020-08-21T11:04:38+00:00","dateModified":"2020-08-31T12:47:02+00:00","description":"Criar campanhas publicit\u00e1rias com os melhores influenciadores do LinkedIn. Promova e d\u00ea um impulso ao seu neg\u00f3cio, alcan\u00e7ando o seu p\u00fablico-alvo.","breadcrumb":{"@id":"https:\/\/socialpubli.com\/blog\/pt-pt\/linkedin-influencers\/#breadcrumb"},"inLanguage":"pt-PT","potentialAction":[{"@type":"ReadAction","target":["https:\/\/socialpubli.com\/blog\/pt-pt\/linkedin-influencers\/"]}]},{"@type":"ImageObject","inLanguage":"pt-PT","@id":"https:\/\/socialpubli.com\/blog\/pt-pt\/linkedin-influencers\/#primaryimage","url":"https:\/\/socialpubli.com\/blog\/wp-content\/uploads\/2020\/07\/363.jpg","contentUrl":"https:\/\/socialpubli.com\/blog\/wp-content\/uploads\/2020\/07\/363.jpg","width":700,"height":250,"caption":"CHIANGMAI, THAILAND -FEBRUARY 7, 2017:LG Nexus5 opened to Linkedin app. Linkedin is a social networking website for people in professional occupations."},{"@type":"BreadcrumbList","@id":"https:\/\/socialpubli.com\/blog\/pt-pt\/linkedin-influencers\/#breadcrumb","itemListElement":[{"@type":"ListItem","position":1,"name":"Portada","item":"https:\/\/socialpubli.com\/blog\/"},{"@type":"ListItem","position":2,"name":"Influencers do LINKEDIN para as suas campanhas de publicidade"}]},{"@type":"WebSite","@id":"https:\/\/socialpubli.com\/blog\/#website","url":"https:\/\/socialpubli.com\/blog\/","name":"Social Publi Blog","description":"Tendencias en marketing de influencers, branded content y estrategia en redes sociales.","publisher":{"@id":"https:\/\/socialpubli.com\/blog\/#organization"},"potentialAction":[{"@type":"SearchAction","target":{"@type":"EntryPoint","urlTemplate":"https:\/\/socialpubli.com\/blog\/?s={search_term_string}"},"query-input":{"@type":"PropertyValueSpecification","valueRequired":true,"valueName":"search_term_string"}}],"inLanguage":"pt-PT"},{"@type":"Organization","@id":"https:\/\/socialpubli.com\/blog\/#organization","name":"SocialPubli","url":"https:\/\/socialpubli.com\/blog\/","logo":{"@type":"ImageObject","inLanguage":"pt-PT","@id":"https:\/\/socialpubli.com\/blog\/#\/schema\/logo\/image\/","url":"https:\/\/socialpubli.com\/blog\/wp-content\/uploads\/2017\/01\/logo-blog.png","contentUrl":"https:\/\/socialpubli.com\/blog\/wp-content\/uploads\/2017\/01\/logo-blog.png","width":284,"height":53,"caption":"SocialPubli"},"image":{"@id":"https:\/\/socialpubli.com\/blog\/#\/schema\/logo\/image\/"}}]}},"_links":{"self":[{"href":"https:\/\/socialpubli.com\/blog\/pt-pt\/wp-json\/wp\/v2\/pages\/8287","targetHints":{"allow":["GET"]}}],"collection":[{"href":"https:\/\/socialpubli.com\/blog\/pt-pt\/wp-json\/wp\/v2\/pages"}],"about":[{"href":"https:\/\/socialpubli.com\/blog\/pt-pt\/wp-json\/wp\/v2\/types\/page"}],"author":[{"embeddable":true,"href":"https:\/\/socialpubli.com\/blog\/pt-pt\/wp-json\/wp\/v2\/users\/2"}],"replies":[{"embeddable":true,"href":"https:\/\/socialpubli.com\/blog\/pt-pt\/wp-json\/wp\/v2\/comments?post=8287"}],"version-history":[{"count":8,"href":"https:\/\/socialpubli.com\/blog\/pt-pt\/wp-json\/wp\/v2\/pages\/8287\/revisions"}],"predecessor-version":[{"id":8365,"href":"https:\/\/socialpubli.com\/blog\/pt-pt\/wp-json\/wp\/v2\/pages\/8287\/revisions\/8365"}],"wp:featuredmedia":[{"embeddable":true,"href":"https:\/\/socialpubli.com\/blog\/pt-pt\/wp-json\/wp\/v2\/media\/8053"}],"wp:attachment":[{"href":"https:\/\/socialpubli.com\/blog\/pt-pt\/wp-json\/wp\/v2\/media?parent=8287"}],"curies":[{"name":"wp","href":"https:\/\/api.w.org\/{rel}","templated":true}]}}