{"id":8317,"date":"2020-08-24T13:34:00","date_gmt":"2020-08-24T11:34:00","guid":{"rendered":"https:\/\/socialpubli.com\/blog\/influencers-do-twitch-para-as-suas-campanhas-publicidade\/"},"modified":"2020-08-31T14:47:38","modified_gmt":"2020-08-31T12:47:38","slug":"twitch-influencers","status":"publish","type":"page","link":"https:\/\/socialpubli.com\/blog\/pt-pt\/twitch-influencers\/","title":{"rendered":"Influencers do TWITCH para as suas campanhas Publicidade"},"content":{"rendered":"<div class=\"wpb-content-wrapper\"><p>[vc_row][vc_column][vc_row_inner][vc_column_inner width=&#8221;1\/2&#8243;][vc_column_text css=&#8221;.vc_custom_1596817995907{padding-bottom: 40px !important;}&#8221;]<\/p>\n<h2>Quer criar campanhas no TWITCH com Influencers?<\/h2>\n<p><span style='font-weight: 400;'>Os <strong>jogadores e o setor de eSports<\/strong> j\u00e1 est\u00e3o estabelecidos nas nossas vidas h\u00e1 algum tempo. Isso n\u00e3o quer dizer que n\u00e3o haja mais proje\u00e7\u00f5es nesse campo, j\u00e1 que <strong>\u00e9 um setor que n\u00e3o para de mudar e crescer.<\/strong> <strong>E s\u00e3o exatamente esses jogadores que, tendo uma enorme comunidade por tr\u00e1s deles, podem dar um grande impulso \u00e0 sua marca.<\/strong><\/span><\/p>\n<p><span style='font-weight: 400;'>Na SocialPubli estamos cientes do poder que os gamers t\u00eam e \u00e9 por isso que trabalhos em campanhas com esses perfis por meio da rede social TWITCH.<\/span>[\/vc_column_text][qodef_button size=&#8221;medium&#8221; text=&#8221;EXPERIMENTA J\u00c1&#8221; target=&#8221;_self&#8221; icon_pack=&#8221;&#8221; font_weight=&#8221;&#8221; text_transform=&#8221;&#8221; link=&#8221;https:\/\/socialpubli.com\/pt#advertiser_signup&#8221; custom_class=&#8221;btn-not-resp&#8221;][\/vc_column_inner][vc_column_inner width=&#8221;1\/2&#8243;][vc_column_text css=&#8221;.vc_custom_1598614672673{margin-top: 60px !important;}&#8221;]<\/p>\n<div class='box-form-land'>\n<h3><span style='color: #f6a801;'>Se pretende mais informa\u00e7\u00f5es fa\u00e7a o download do nosso gu\u00eda sobre as campanhas do Twitch aqui:<\/span><\/h3>\n<div class=\"wpcf7 no-js\" id=\"wpcf7-f8328-o1\" lang=\"es-ES\" dir=\"ltr\" data-wpcf7-id=\"8328\">\n<div class=\"screen-reader-response\">\n<p role=\"status\" aria-live=\"polite\" aria-atomic=\"true\"><\/p> <ul><\/ul>\n<\/div>\n<form action=\"\/blog\/pt-pt\/wp-json\/wp\/v2\/pages\/8317\/#wpcf7-f8328-o1\" method=\"post\" class=\"wpcf7-form init wpcf7-acceptance-as-validation\" aria-label=\"Formulario de contacto\" novalidate=\"novalidate\" data-status=\"init\">\n<fieldset class=\"hidden-fields-container\">\n<input type=\"hidden\" name=\"_wpcf7\" value=\"8328\"><input type=\"hidden\" name=\"_wpcf7_version\" value=\"6.1.5\"><input type=\"hidden\" name=\"_wpcf7_locale\" value=\"es_ES\"><input type=\"hidden\" name=\"_wpcf7_unit_tag\" value=\"wpcf7-f8328-o1\"><input type=\"hidden\" name=\"_wpcf7_container_post\" value=\"0\"><input type=\"hidden\" name=\"_wpcf7_posted_data_hash\" value=\"\"><input type=\"hidden\" name=\"_wpcf7_recaptcha_response\" value=\"\">\n<\/fieldset>\n<p><label> Seu Nome (requeridos)<br>\n<span class=\"wpcf7-form-control-wrap\" data-name=\"your-name\"><input size=\"40\" maxlength=\"400\" class=\"wpcf7-form-control wpcf7-text wpcf7-validates-as-required\" aria-required=\"true\" aria-invalid=\"false\" value=\"\" type=\"text\" name=\"your-name\"><\/span> <\/label>\n<\/p>\n<p><label> Seu Email (requeridos)<br>\n<span class=\"wpcf7-form-control-wrap\" data-name=\"your-email\"><input size=\"40\" maxlength=\"400\" class=\"wpcf7-form-control wpcf7-email wpcf7-validates-as-required wpcf7-text wpcf7-validates-as-email\" aria-required=\"true\" aria-invalid=\"false\" value=\"\" type=\"email\" name=\"your-email\"><\/span> <\/label>\n<\/p>\n<p><label> Seu Telefone (requeridos)<br>\n<span class=\"wpcf7-form-control-wrap\" data-name=\"tel-705\"><input size=\"40\" maxlength=\"400\" class=\"wpcf7-form-control wpcf7-tel wpcf7-validates-as-required wpcf7-text wpcf7-validates-as-tel\" aria-required=\"true\" aria-invalid=\"false\" value=\"\" type=\"tel\" name=\"tel-705\"><\/span> <\/label>\n<\/p>\n<p><label> Sua Empresa (requeridos)<br>\n<span class=\"wpcf7-form-control-wrap\" data-name=\"text-165\"><input size=\"40\" maxlength=\"400\" class=\"wpcf7-form-control wpcf7-text wpcf7-validates-as-required\" aria-required=\"true\" aria-invalid=\"false\" value=\"\" type=\"text\" name=\"text-165\"><\/span><br>\n<\/label>\n<\/p>\n<p><span class=\"wpcf7-form-control-wrap\" data-name=\"acceptance-919\"><span class=\"wpcf7-form-control wpcf7-acceptance optional\"><span class=\"wpcf7-list-item\"><input type=\"checkbox\" name=\"acceptance-919\" value=\"1\" aria-invalid=\"false\"><\/span><\/span><\/span> Aceito a <a href=\"https:\/\/socialpubli.com\/corp\/advertisers\/privacy\" target=\"blank\" rel=\"nofollow\"> Pol&iacute;tica de Privacidade<\/a>\n<\/p>\n<p><span class=\"wpcf7-form-control-wrap\" data-name=\"acceptance-971\"><span class=\"wpcf7-form-control wpcf7-acceptance\"><span class=\"wpcf7-list-item\"><input type=\"checkbox\" name=\"acceptance-971\" value=\"1\" aria-invalid=\"false\"><\/span><\/span><\/span> Aceito a comunica&ccedil;&atilde;o comercial da SocialPubli\n<\/p>\n<p><input class=\"wpcf7-form-control wpcf7-submit has-spinner\" type=\"submit\" value=\"Download\">\n<\/p>\n<p style=\"display: none !important;\" class=\"akismet-fields-container\" data-prefix=\"_wpcf7_ak_\"><label>&Delta;<textarea name=\"_wpcf7_ak_hp_textarea\" cols=\"45\" rows=\"8\" maxlength=\"100\"><\/textarea><\/label><input type=\"hidden\" id=\"ak_js_1\" name=\"_wpcf7_ak_js\" value=\"207\"><script>document.getElementById( \"ak_js_1\" ).setAttribute( \"value\", ( new Date() ).getTime() );<\/script><\/p>\n<label class=\"ebd_input\"><input type=\"hidden\" name=\"ebd_downloads[]\" value=\"8363|Twitch by Socialpubli PT\"> <\/label><input type=\"hidden\" class=\"ebd_setting\" name=\"ebd_settings[]\" value=\"title|Twitch by Socialpubli PT\"><input type=\"hidden\" class=\"ebd_setting\" name=\"ebd_settings[]\" value=\"delivered_as|inline link\"><input type=\"hidden\" class=\"ebd_setting\" name=\"ebd_settings[]\" value=\"hide_form|no\"><input type=\"hidden\" class=\"ebd_setting\" name=\"ebd_settings[]\" value=\"radio|no\"><input type=\"hidden\" class=\"ebd_setting\" name=\"ebd_settings[]\" value=\"link_format|_blank\"><input type=\"hidden\" class=\"ebd_setting\" name=\"ebd_settings[]\" value=\"file_thumbnail|no\"><input type=\"hidden\" class=\"ebd_setting\" name=\"ebd_settings[]\" value=\"item_id|42\"><input type=\"hidden\" class=\"ebd_setting\" name=\"ebd_settings[]\" value=\"form_id|wpcf7-f8328-o1\"><div class=\"wpcf7-response-output\" aria-hidden=\"true\"><\/div>\n<\/form>\n<\/div>\n\n<\/div>\n<p>[\/vc_column_text][\/vc_column_inner][\/vc_row_inner][\/vc_column][\/vc_row][vc_row css=&#8221;.vc_custom_1595249731266{background-position: center !important;background-repeat: no-repeat !important;background-size: cover !important;}&#8221;][vc_column][vc_row_inner css=&#8221;.vc_custom_1598271054511{background-color: #0f1727 !important;}&#8221; el_class=&#8221;backg_box&#8221;][vc_column_inner width=&#8221;1\/3&#8243; css=&#8221;.vc_custom_1595239970287{padding-top: 20px !important;padding-bottom: 20px !important;}&#8221;][vc_single_image image=&#8221;8201&#8243; img_size=&#8221;medium&#8221; alignment=&#8221;center&#8221; el_class=&#8221;img-mobile-module&#8221;][\/vc_column_inner][vc_column_inner width=&#8221;2\/3&#8243;][vc_column_text css=&#8221;.vc_custom_1597099159783{padding-bottom: 40px !important;}&#8221;]<span style='font-weight: 400; color: #ffffff;'>Mas antes de ver como realizar essas campanhas, \u00e9 oportuno conhecer as vantagens dessa rede social. <strong>O Twitch tornou-se a maior plataforma de streaming de v\u00eddeo do mundo.<\/strong><\/span><\/p>\n<p><span style='font-weight: 400; color: #ffffff;'>Al\u00e9m disso, tem a vantagem de que, embora inicialmente e principalmente seja usado para v\u00eddeo-jogos, existem cada vez mais variantes de conte\u00fado. O que abre ainda mais o leque de marcas que t\u00eam lugar nesta rede social.<\/span>[\/vc_column_text][\/vc_column_inner][\/vc_row_inner][vc_row_inner css=&#8221;.vc_custom_1595235211406{margin-top: 50px !important;}&#8221;][vc_column_inner el_class=&#8221;text-center&#8221; css=&#8221;.vc_custom_1597096470123{padding-top: 20px !important;padding-bottom: 20px !important;}&#8221;][vc_column_text css=&#8221;.vc_custom_1597096260791{padding-bottom: 40px !important;}&#8221;]<\/p>\n<h2 style='text-align: center;'><span style='color: #f6a801;'>Como criar uma campanha no TWITCH<\/span><\/h2>\n<p style='text-align: center;'><span style='font-weight: 400;'>Se voc\u00ea j\u00e1 lan\u00e7ou campanhas com a SocialPubli, sabe que simplificamos todos os processos ao m\u00e1ximo para que voc\u00ea possa <strong>desenvolver a\u00e7\u00f5es comerciais com os Influencers de forma simples, mas muito eficaz.<\/strong><\/span><\/p>\n<p style='text-align: center;'><span style='font-weight: 400;'>O processo de cria\u00e7\u00e3o de campanhas no TWITCH com a SocialPubli \u00e9 super f\u00e1cil. T\u00e3o f\u00e1cil que seremos n\u00f3s que cuidaremos de todo o processo. TWITCH \u00e9 uma rede social na qual n\u00e3o trabalhamos de forma automatizada, mas optamos por <strong>personalizar as a\u00e7\u00f5es e adapt\u00e1-las ao seu neg\u00f3cio.<\/strong> Mas n\u00e3o se preocupe, voc\u00ea ter\u00e1 sempre o controlo e a \u00faltima palavra.<\/span><\/p>\n<p>[\/vc_column_text][qodef_button size=&#8221;medium&#8221; text=&#8221;CRIE A SUA CAMPANHA&#8221; target=&#8221;_self&#8221; icon_pack=&#8221;&#8221; font_weight=&#8221;&#8221; text_transform=&#8221;&#8221; link=&#8221;https:\/\/socialpubli.com\/pt#advertiser_signup&#8221; margin=&#8221;0px auto&#8221;][\/vc_column_inner][\/vc_row_inner][vc_row_inner css=&#8221;.vc_custom_1595235201209{margin-top: 50px !important;}&#8221;][vc_column_inner width=&#8221;1\/2&#8243; css=&#8221;.vc_custom_1595241364308{padding-top: 20px !important;padding-bottom: 20px !important;}&#8221;][vc_single_image image=&#8221;8196&#8243; img_size=&#8221;full&#8221; alignment=&#8221;center&#8221; el_class=&#8221;img-mobile-module&#8221;][\/vc_column_inner][vc_column_inner width=&#8221;1\/2&#8243;][vc_column_text css=&#8221;.vc_custom_1597058746737{padding-bottom: 40px !important;}&#8221;]<span style='font-weight: 400;'>Por isso, a primeira coisa que voc\u00ea deve fazer \u00e9 entrar em<\/span> <a href='mailto:info@socialpubli.com'><b>contato<\/b><\/a> <span style='font-weight: 400;'>com a nossa equipa comercial e contar as suas ideias. Dessa forma, <strong>a nossa equipa criativa ser\u00e1 capaz de adaptar o seu briefing \u00e0s caracter\u00edsticas do TWITCH<\/strong> e dos Influencers que empregam esse meio para se conectar com o seu p\u00fablico.<\/span><\/p>\n<p><span style='font-weight: 400;'>Nesta rede social propomos v\u00e1rias ideias. Por exemplo, uma competi\u00e7\u00e3o entre os Influencers em que o seu produto \u00e9 a principal caracter\u00edstica, <strong>din\u00e2mica personalizada com influencers<\/strong> nas suas transmiss\u00f5es ao vivo que mostram o seu produto e falam sobre as suas vantagens.<\/span>[\/vc_column_text][qodef_button size=&#8221;medium&#8221; text=&#8221;SOLICITE UMA PROPOSTA&#8221; target=&#8221;_self&#8221; icon_pack=&#8221;&#8221; font_weight=&#8221;&#8221; text_transform=&#8221;&#8221; link=&#8221;mailto:info@socialpubli.com&#8221;][\/vc_column_inner][\/vc_row_inner][vc_row_inner css=&#8221;.vc_custom_1595235201209{margin-top: 50px !important;}&#8221;][vc_column_inner width=&#8221;2\/3&#8243; css=&#8221;.vc_custom_1595241364308{padding-top: 20px !important;padding-bottom: 20px !important;}&#8221;][vc_column_text css=&#8221;.vc_custom_1597058833957{padding-bottom: 40px !important;}&#8221;]<span style='font-weight: 400;'>Uma das propostas mais interessantes que podemos criar para voc\u00ea, ter\u00e1 a\u00e7\u00f5es em <strong>v\u00e1rios canais<\/strong>: esses Influencers n\u00e3o est\u00e3o apenas no TWITCH, mas uma grande parte do seu p\u00fablico tamb\u00e9m os segue nas outras redes sociais, compartilhando o seu conte\u00fado. Assim <strong>poderemos propor que amplifique a sua mensagem em muitas outras plataformas<\/strong>, sendo que o TWITCH, neste caso, ser\u00e1 sempre o principal.<\/span><\/p>\n<p><span style='font-weight: 400;'>Existem muitas possibilidades, mas quando \u00e9 hora de trabalhar com Influencers, s\u00e3o essas as que demonstram ter mais efeito. Assim que tivermos uma proposta para a sua marca, a nossa equipa comercial ter\u00e1 a iniciativa de a apresentar a si. <\/span><\/p>\n<p><span style='font-weight: 400;'>Tudo est\u00e1 sujeito a modifica\u00e7\u00f5es. Como j\u00e1 dissemos, <strong>voc\u00ea ter\u00e1 sempre a \u00faltima palavra e n\u00f3s faremos todas as altera\u00e7\u00f5es necess\u00e1rias para adaptar tudo 100% \u00e0s necessidades do seu neg\u00f3cio.<\/strong><\/span>[\/vc_column_text][qodef_button size=&#8221;medium&#8221; text=&#8221;EXPERIMENTE AGORA&#8221; target=&#8221;_self&#8221; icon_pack=&#8221;&#8221; font_weight=&#8221;&#8221; text_transform=&#8221;&#8221; link=&#8221;https:\/\/socialpubli.com\/pt#advertiser_signup&#8221;][\/vc_column_inner][vc_column_inner width=&#8221;1\/3&#8243;][vc_single_image image=&#8221;8188&#8243; img_size=&#8221;full&#8221;][\/vc_column_inner][\/vc_row_inner][\/vc_column][\/vc_row][vc_row css=&#8221;.vc_custom_1595404032186{margin-top: 50px !important;margin-bottom: 50px !important;}&#8221;][vc_column el_class=&#8221;text-center&#8221;][vc_row_inner][vc_column_inner el_class=&#8221;tiktok-list&#8221; css=&#8221;.vc_custom_1595239047397{padding-right: 40px !important;}&#8221;][vc_column_text css=&#8221;.vc_custom_1597096597725{padding-bottom: 40px !important;}&#8221;]<\/p>\n<p style='text-align: center;'><span style='font-weight: 400;'>Quando obtivermos a aprova\u00e7\u00e3o final, a campanha come\u00e7ar\u00e1. <strong>Iremos \u00e0 procura de Influencers ideais para a sua marca, entraremos em contato e eles ir\u00e3o contar qual a sua ideia para a cria\u00e7\u00e3o de conte\u00fado no seu perfil.<\/strong><\/span><\/p>\n<p style='text-align: center;'><span style='font-weight: 400;'>Mas n\u00e3o termina a\u00ed. Para a SocialPubli \u00e9 vital que voc\u00ea possa ver como est\u00e1 a sua campanha a cada momento e quais os resultados que se obtiveram quando esta terminar. Por isso, <strong>apresentaremos um relat\u00f3rio completo no qual poder\u00e1 verificar o sucesso das campanhas que lan\u00e7ar conosco.<\/strong> <\/span><\/p>\n<p>[\/vc_column_text][\/vc_column_inner][\/vc_row_inner][qodef_button size=&#8221;medium&#8221; text=&#8221;COMECE AGORA&#8221; target=&#8221;_self&#8221; icon_pack=&#8221;&#8221; font_weight=&#8221;&#8221; text_transform=&#8221;&#8221; link=&#8221;https:\/\/socialpubli.com\/pt#advertiser_signup&#8221; margin=&#8221;0px auto&#8221;][\/vc_column][\/vc_row]<\/p>\n<\/div>","protected":false},"excerpt":{"rendered":"<p>[vc_row][vc_column][vc_row_inner][vc_column_inner width=&#8221;1\/2&#8243;][vc_column_text css=&#8221;.vc_custom_1596817995907{padding-bottom: 40px !important;}&#8221;] Quer criar campanhas no TWITCH com Influencers? Os jogadores e o setor de eSports j\u00e1 est\u00e3o estabelecidos nas nossas vidas h\u00e1 algum tempo. Isso n\u00e3o quer dizer que n\u00e3o haja mais proje\u00e7\u00f5es nesse campo, j\u00e1 que \u00e9 um setor que n\u00e3o para de mudar e crescer. E s\u00e3o exatamente esses [&hellip;]<\/p>\n","protected":false},"author":2,"featured_media":8203,"parent":0,"menu_order":0,"comment_status":"closed","ping_status":"closed","template":"","meta":{"footnotes":""},"class_list":["post-8317","page","type-page","status-publish","has-post-thumbnail","hentry"],"yoast_head":"<!-- This site is optimized with the Yoast SEO plugin v27.0 - https:\/\/yoast.com\/product\/yoast-seo-wordpress\/ -->\n<title>Influencers do TWITCH para as suas campanhas Publicidade | Social Publi Blog<\/title>\n<meta name=\"description\" content=\"Quer criar campanhas no TWITCH com Influencers? Os jogadores e o setor de eSports j\u00e1 est\u00e3o estabelecidos nas nossas vidas h\u00e1 algum tempo. Isso n\u00e3o quer Organize as suas campanhas publicit\u00e1rias com a selec\u00e7\u00e3o de influenciadores Twitch que lhe apresentamos para atingir o seu p\u00fablico-alvo.\" \/>\n<meta name=\"robots\" content=\"index, follow, max-snippet:-1, max-image-preview:large, max-video-preview:-1\" \/>\n<link rel=\"canonical\" href=\"https:\/\/socialpubli.com\/blog\/pt-pt\/twitch-influencers\/\" \/>\n<meta property=\"og:locale\" content=\"pt_PT\" \/>\n<meta property=\"og:type\" content=\"article\" \/>\n<meta property=\"og:title\" content=\"Influencers do TWITCH para as suas campanhas Publicidade | Social Publi Blog\" \/>\n<meta property=\"og:description\" content=\"Quer criar campanhas no TWITCH com Influencers? Os jogadores e o setor de eSports j\u00e1 est\u00e3o estabelecidos nas nossas vidas h\u00e1 algum tempo. Isso n\u00e3o quer Organize as suas campanhas publicit\u00e1rias com a selec\u00e7\u00e3o de influenciadores Twitch que lhe apresentamos para atingir o seu p\u00fablico-alvo.\" \/>\n<meta property=\"og:url\" content=\"https:\/\/socialpubli.com\/blog\/pt-pt\/twitch-influencers\/\" \/>\n<meta property=\"og:site_name\" content=\"Social Publi Blog\" \/>\n<meta property=\"article:modified_time\" content=\"2020-08-31T12:47:38+00:00\" \/>\n<meta property=\"og:image\" content=\"https:\/\/socialpubli.com\/blog\/wp-content\/uploads\/2020\/08\/twitch_img3.png\" \/>\n\t<meta property=\"og:image:width\" content=\"747\" \/>\n\t<meta property=\"og:image:height\" content=\"713\" \/>\n\t<meta property=\"og:image:type\" content=\"image\/png\" \/>\n<meta name=\"twitter:card\" content=\"summary_large_image\" \/>\n<meta name=\"twitter:label1\" content=\"Tempo estimado de leitura\" \/>\n\t<meta name=\"twitter:data1\" content=\"6 minutos\" \/>\n<script type=\"application\/ld+json\" class=\"yoast-schema-graph\">{\"@context\":\"https:\/\/schema.org\",\"@graph\":[{\"@type\":\"WebPage\",\"@id\":\"https:\/\/socialpubli.com\/blog\/pt-pt\/twitch-influencers\/\",\"url\":\"https:\/\/socialpubli.com\/blog\/pt-pt\/twitch-influencers\/\",\"name\":\"Influencers do TWITCH para as suas campanhas Publicidade | Social Publi Blog\",\"isPartOf\":{\"@id\":\"https:\/\/socialpubli.com\/blog\/#website\"},\"primaryImageOfPage\":{\"@id\":\"https:\/\/socialpubli.com\/blog\/pt-pt\/twitch-influencers\/#primaryimage\"},\"image\":{\"@id\":\"https:\/\/socialpubli.com\/blog\/pt-pt\/twitch-influencers\/#primaryimage\"},\"thumbnailUrl\":\"https:\/\/socialpubli.com\/blog\/wp-content\/uploads\/2020\/08\/twitch_img3.png\",\"datePublished\":\"2020-08-24T11:34:00+00:00\",\"dateModified\":\"2020-08-31T12:47:38+00:00\",\"description\":\"Quer criar campanhas no TWITCH com Influencers? Os jogadores e o setor de eSports j\u00e1 est\u00e3o estabelecidos nas nossas vidas h\u00e1 algum tempo. Isso n\u00e3o quer Organize as suas campanhas publicit\u00e1rias com a selec\u00e7\u00e3o de influenciadores Twitch que lhe apresentamos para atingir o seu p\u00fablico-alvo.\",\"breadcrumb\":{\"@id\":\"https:\/\/socialpubli.com\/blog\/pt-pt\/twitch-influencers\/#breadcrumb\"},\"inLanguage\":\"pt-PT\",\"potentialAction\":[{\"@type\":\"ReadAction\",\"target\":[\"https:\/\/socialpubli.com\/blog\/pt-pt\/twitch-influencers\/\"]}]},{\"@type\":\"ImageObject\",\"inLanguage\":\"pt-PT\",\"@id\":\"https:\/\/socialpubli.com\/blog\/pt-pt\/twitch-influencers\/#primaryimage\",\"url\":\"https:\/\/socialpubli.com\/blog\/wp-content\/uploads\/2020\/08\/twitch_img3.png\",\"contentUrl\":\"https:\/\/socialpubli.com\/blog\/wp-content\/uploads\/2020\/08\/twitch_img3.png\",\"width\":747,\"height\":713},{\"@type\":\"BreadcrumbList\",\"@id\":\"https:\/\/socialpubli.com\/blog\/pt-pt\/twitch-influencers\/#breadcrumb\",\"itemListElement\":[{\"@type\":\"ListItem\",\"position\":1,\"name\":\"Portada\",\"item\":\"https:\/\/socialpubli.com\/blog\/\"},{\"@type\":\"ListItem\",\"position\":2,\"name\":\"Influencers do TWITCH para as suas campanhas Publicidade\"}]},{\"@type\":\"WebSite\",\"@id\":\"https:\/\/socialpubli.com\/blog\/#website\",\"url\":\"https:\/\/socialpubli.com\/blog\/\",\"name\":\"Social Publi Blog\",\"description\":\"Tendencias en marketing de influencers, branded content y estrategia en redes sociales.\",\"publisher\":{\"@id\":\"https:\/\/socialpubli.com\/blog\/#organization\"},\"potentialAction\":[{\"@type\":\"SearchAction\",\"target\":{\"@type\":\"EntryPoint\",\"urlTemplate\":\"https:\/\/socialpubli.com\/blog\/?s={search_term_string}\"},\"query-input\":{\"@type\":\"PropertyValueSpecification\",\"valueRequired\":true,\"valueName\":\"search_term_string\"}}],\"inLanguage\":\"pt-PT\"},{\"@type\":\"Organization\",\"@id\":\"https:\/\/socialpubli.com\/blog\/#organization\",\"name\":\"SocialPubli\",\"url\":\"https:\/\/socialpubli.com\/blog\/\",\"logo\":{\"@type\":\"ImageObject\",\"inLanguage\":\"pt-PT\",\"@id\":\"https:\/\/socialpubli.com\/blog\/#\/schema\/logo\/image\/\",\"url\":\"https:\/\/socialpubli.com\/blog\/wp-content\/uploads\/2017\/01\/logo-blog.png\",\"contentUrl\":\"https:\/\/socialpubli.com\/blog\/wp-content\/uploads\/2017\/01\/logo-blog.png\",\"width\":284,\"height\":53,\"caption\":\"SocialPubli\"},\"image\":{\"@id\":\"https:\/\/socialpubli.com\/blog\/#\/schema\/logo\/image\/\"}}]}<\/script>\n<!-- \/ Yoast SEO plugin. -->","yoast_head_json":{"title":"Influencers do TWITCH para as suas campanhas Publicidade | Social Publi Blog","description":"Quer criar campanhas no TWITCH com Influencers? Os jogadores e o setor de eSports j\u00e1 est\u00e3o estabelecidos nas nossas vidas h\u00e1 algum tempo. Isso n\u00e3o quer Organize as suas campanhas publicit\u00e1rias com a selec\u00e7\u00e3o de influenciadores Twitch que lhe apresentamos para atingir o seu p\u00fablico-alvo.","robots":{"index":"index","follow":"follow","max-snippet":"max-snippet:-1","max-image-preview":"max-image-preview:large","max-video-preview":"max-video-preview:-1"},"canonical":"https:\/\/socialpubli.com\/blog\/pt-pt\/twitch-influencers\/","og_locale":"pt_PT","og_type":"article","og_title":"Influencers do TWITCH para as suas campanhas Publicidade | Social Publi Blog","og_description":"Quer criar campanhas no TWITCH com Influencers? Os jogadores e o setor de eSports j\u00e1 est\u00e3o estabelecidos nas nossas vidas h\u00e1 algum tempo. Isso n\u00e3o quer Organize as suas campanhas publicit\u00e1rias com a selec\u00e7\u00e3o de influenciadores Twitch que lhe apresentamos para atingir o seu p\u00fablico-alvo.","og_url":"https:\/\/socialpubli.com\/blog\/pt-pt\/twitch-influencers\/","og_site_name":"Social Publi Blog","article_modified_time":"2020-08-31T12:47:38+00:00","og_image":[{"width":747,"height":713,"url":"https:\/\/socialpubli.com\/blog\/wp-content\/uploads\/2020\/08\/twitch_img3.png","type":"image\/png"}],"twitter_card":"summary_large_image","twitter_misc":{"Tempo estimado de leitura":"6 minutos"},"schema":{"@context":"https:\/\/schema.org","@graph":[{"@type":"WebPage","@id":"https:\/\/socialpubli.com\/blog\/pt-pt\/twitch-influencers\/","url":"https:\/\/socialpubli.com\/blog\/pt-pt\/twitch-influencers\/","name":"Influencers do TWITCH para as suas campanhas Publicidade | Social Publi Blog","isPartOf":{"@id":"https:\/\/socialpubli.com\/blog\/#website"},"primaryImageOfPage":{"@id":"https:\/\/socialpubli.com\/blog\/pt-pt\/twitch-influencers\/#primaryimage"},"image":{"@id":"https:\/\/socialpubli.com\/blog\/pt-pt\/twitch-influencers\/#primaryimage"},"thumbnailUrl":"https:\/\/socialpubli.com\/blog\/wp-content\/uploads\/2020\/08\/twitch_img3.png","datePublished":"2020-08-24T11:34:00+00:00","dateModified":"2020-08-31T12:47:38+00:00","description":"Quer criar campanhas no TWITCH com Influencers? Os jogadores e o setor de eSports j\u00e1 est\u00e3o estabelecidos nas nossas vidas h\u00e1 algum tempo. Isso n\u00e3o quer Organize as suas campanhas publicit\u00e1rias com a selec\u00e7\u00e3o de influenciadores Twitch que lhe apresentamos para atingir o seu p\u00fablico-alvo.","breadcrumb":{"@id":"https:\/\/socialpubli.com\/blog\/pt-pt\/twitch-influencers\/#breadcrumb"},"inLanguage":"pt-PT","potentialAction":[{"@type":"ReadAction","target":["https:\/\/socialpubli.com\/blog\/pt-pt\/twitch-influencers\/"]}]},{"@type":"ImageObject","inLanguage":"pt-PT","@id":"https:\/\/socialpubli.com\/blog\/pt-pt\/twitch-influencers\/#primaryimage","url":"https:\/\/socialpubli.com\/blog\/wp-content\/uploads\/2020\/08\/twitch_img3.png","contentUrl":"https:\/\/socialpubli.com\/blog\/wp-content\/uploads\/2020\/08\/twitch_img3.png","width":747,"height":713},{"@type":"BreadcrumbList","@id":"https:\/\/socialpubli.com\/blog\/pt-pt\/twitch-influencers\/#breadcrumb","itemListElement":[{"@type":"ListItem","position":1,"name":"Portada","item":"https:\/\/socialpubli.com\/blog\/"},{"@type":"ListItem","position":2,"name":"Influencers do TWITCH para as suas campanhas Publicidade"}]},{"@type":"WebSite","@id":"https:\/\/socialpubli.com\/blog\/#website","url":"https:\/\/socialpubli.com\/blog\/","name":"Social Publi Blog","description":"Tendencias en marketing de influencers, branded content y estrategia en redes sociales.","publisher":{"@id":"https:\/\/socialpubli.com\/blog\/#organization"},"potentialAction":[{"@type":"SearchAction","target":{"@type":"EntryPoint","urlTemplate":"https:\/\/socialpubli.com\/blog\/?s={search_term_string}"},"query-input":{"@type":"PropertyValueSpecification","valueRequired":true,"valueName":"search_term_string"}}],"inLanguage":"pt-PT"},{"@type":"Organization","@id":"https:\/\/socialpubli.com\/blog\/#organization","name":"SocialPubli","url":"https:\/\/socialpubli.com\/blog\/","logo":{"@type":"ImageObject","inLanguage":"pt-PT","@id":"https:\/\/socialpubli.com\/blog\/#\/schema\/logo\/image\/","url":"https:\/\/socialpubli.com\/blog\/wp-content\/uploads\/2017\/01\/logo-blog.png","contentUrl":"https:\/\/socialpubli.com\/blog\/wp-content\/uploads\/2017\/01\/logo-blog.png","width":284,"height":53,"caption":"SocialPubli"},"image":{"@id":"https:\/\/socialpubli.com\/blog\/#\/schema\/logo\/image\/"}}]}},"_links":{"self":[{"href":"https:\/\/socialpubli.com\/blog\/pt-pt\/wp-json\/wp\/v2\/pages\/8317","targetHints":{"allow":["GET"]}}],"collection":[{"href":"https:\/\/socialpubli.com\/blog\/pt-pt\/wp-json\/wp\/v2\/pages"}],"about":[{"href":"https:\/\/socialpubli.com\/blog\/pt-pt\/wp-json\/wp\/v2\/types\/page"}],"author":[{"embeddable":true,"href":"https:\/\/socialpubli.com\/blog\/pt-pt\/wp-json\/wp\/v2\/users\/2"}],"replies":[{"embeddable":true,"href":"https:\/\/socialpubli.com\/blog\/pt-pt\/wp-json\/wp\/v2\/comments?post=8317"}],"version-history":[{"count":11,"href":"https:\/\/socialpubli.com\/blog\/pt-pt\/wp-json\/wp\/v2\/pages\/8317\/revisions"}],"predecessor-version":[{"id":8367,"href":"https:\/\/socialpubli.com\/blog\/pt-pt\/wp-json\/wp\/v2\/pages\/8317\/revisions\/8367"}],"wp:featuredmedia":[{"embeddable":true,"href":"https:\/\/socialpubli.com\/blog\/pt-pt\/wp-json\/wp\/v2\/media\/8203"}],"wp:attachment":[{"href":"https:\/\/socialpubli.com\/blog\/pt-pt\/wp-json\/wp\/v2\/media?parent=8317"}],"curies":[{"name":"wp","href":"https:\/\/api.w.org\/{rel}","templated":true}]}}