{"id":8391,"date":"2020-09-02T15:09:24","date_gmt":"2020-09-02T13:09:24","guid":{"rendered":"https:\/\/socialpubli.com\/blog\/i-estudo-global-sobre-microinfluencers\/"},"modified":"2025-06-16T11:23:46","modified_gmt":"2025-06-16T09:23:46","slug":"estudo-microinfluencers-3","status":"publish","type":"page","link":"https:\/\/socialpubli.com\/blog\/pt-pt\/estudo-microinfluencers-3\/","title":{"rendered":"&#8216;I Estudo Global sobre MicroInfluencers&#8217;"},"content":{"rendered":"<div class=\"wpb-content-wrapper\"><p>[vc_row][vc_column][vc_row_inner][vc_column_inner width=&#8221;1\/2&#8243;][vc_single_image image=&#8221;21929&#8243; alignment=&#8221;center&#8221; el_class=&#8221;icon-text&#8221;][vc_column_text]<\/p>\n<p style='text-align: center;'>Na <a href='https:\/\/socialpubli.com\/'>SocialPubli<\/a>, <b>celebramos os nossos 100.000 Influencers registados com um estudo<\/b> no qual quer\u00edamos saber sua opini\u00e3o sobre o marketing de influenciadores.<\/p>\n<p>[\/vc_column_text][\/vc_column_inner][vc_column_inner width=&#8221;1\/2&#8243;][vc_single_image image=&#8221;21931&#8243; alignment=&#8221;center&#8221; el_class=&#8221;icon-text&#8221;][vc_column_text]<\/p>\n<p style='text-align: center;'>Nomeamos o <b>estudo global<\/b> porque as suas respostas v\u00eam de v\u00e1rios pa\u00edses, incluindo <b>Espanha, M\u00e9xico, Estados Unidos, Col\u00f4mbia e Venezuela<\/b>, entre muitos outros.<\/p>\n<p>[\/vc_column_text][\/vc_column_inner][\/vc_row_inner][vc_row_inner css=&#8221;.vc_custom_1557997787506{margin-top: 60px !important;}&#8221;][vc_column_inner width=&#8221;1\/2&#8243;][vc_single_image image=&#8221;21933&#8243; alignment=&#8221;center&#8221; el_class=&#8221;icon-text&#8221;][vc_column_text]<\/p>\n<p style='text-align: center;'>Al\u00e9m disso, definimos o termo <b>microinfluencers, utilizadores de redes sociais que t\u00eam entre 100 e 10.000 seguidores<\/b>, que constituem mais de 80% de nossa plataforma.<\/p>\n<p>[\/vc_column_text][\/vc_column_inner][vc_column_inner width=&#8221;1\/2&#8243;][vc_single_image image=&#8221;21935&#8243; alignment=&#8221;center&#8221; el_class=&#8221;icon-text&#8221;][vc_column_text]<\/p>\n<p style='text-align: center;'>Microinfluencers s\u00e3o aut\u00eanticos, reais, familiares e s\u00e3o os protagonistas de uma base de <b>marketing ao longo da vida<\/b>: o boca a boca.<\/p>\n<p>[\/vc_column_text][\/vc_column_inner][\/vc_row_inner][\/vc_column][\/vc_row][vc_row css=&#8221;.vc_custom_1557997909771{margin-top: 120px !important;}&#8221;][vc_column][vc_row_inner][vc_column_inner width=&#8221;1\/2&#8243;][vc_single_image image=&#8221;21940&#8243; img_size=&#8221;full&#8221;][\/vc_column_inner][vc_column_inner width=&#8221;1\/2&#8243;][vc_column_text]<\/p>\n<div class='box-form-land'>\n<h2>Preencha este formul\u00e1rio para descarregar o Estudo:<\/h2>\n<div class=\"wpcf7 no-js\" id=\"wpcf7-f8547-o1\" lang=\"es-ES\" dir=\"ltr\" data-wpcf7-id=\"8547\">\n<div class=\"screen-reader-response\">\n<p role=\"status\" aria-live=\"polite\" aria-atomic=\"true\"><\/p> <ul><\/ul>\n<\/div>\n<form action=\"\/blog\/pt-pt\/wp-json\/wp\/v2\/pages\/8391\/#wpcf7-f8547-o1\" method=\"post\" class=\"wpcf7-form init wpcf7-acceptance-as-validation\" aria-label=\"Formulario de contacto\" novalidate=\"novalidate\" data-status=\"init\">\n<fieldset class=\"hidden-fields-container\">\n<input type=\"hidden\" name=\"_wpcf7\" value=\"8547\"><input type=\"hidden\" name=\"_wpcf7_version\" value=\"6.1.5\"><input type=\"hidden\" name=\"_wpcf7_locale\" value=\"es_ES\"><input type=\"hidden\" name=\"_wpcf7_unit_tag\" value=\"wpcf7-f8547-o1\"><input type=\"hidden\" name=\"_wpcf7_container_post\" value=\"0\"><input type=\"hidden\" name=\"_wpcf7_posted_data_hash\" value=\"\"><input type=\"hidden\" name=\"_wpcf7_recaptcha_response\" value=\"\">\n<\/fieldset>\n<p><label> Seu Nome (requeridos)<br>\n<span class=\"wpcf7-form-control-wrap\" data-name=\"your-name\"><input size=\"40\" maxlength=\"400\" class=\"wpcf7-form-control wpcf7-text wpcf7-validates-as-required\" aria-required=\"true\" aria-invalid=\"false\" value=\"\" type=\"text\" name=\"your-name\"><\/span> <\/label>\n<\/p>\n<p><label> Seu Email (requeridos)<br>\n<span class=\"wpcf7-form-control-wrap\" data-name=\"your-email\"><input size=\"40\" maxlength=\"400\" class=\"wpcf7-form-control wpcf7-email wpcf7-validates-as-required wpcf7-text wpcf7-validates-as-email\" aria-required=\"true\" aria-invalid=\"false\" value=\"\" type=\"email\" name=\"your-email\"><\/span> <\/label>\n<\/p>\n<p><label> Seu Telefone (requeridos)<br>\n<span class=\"wpcf7-form-control-wrap\" data-name=\"tel-705\"><input size=\"40\" maxlength=\"400\" class=\"wpcf7-form-control wpcf7-tel wpcf7-validates-as-required wpcf7-text wpcf7-validates-as-tel\" aria-required=\"true\" aria-invalid=\"false\" value=\"\" type=\"tel\" name=\"tel-705\"><\/span> <\/label>\n<\/p>\n<p><span class=\"wpcf7-form-control-wrap\" data-name=\"acceptance-919\"><span class=\"wpcf7-form-control wpcf7-acceptance optional\"><span class=\"wpcf7-list-item\"><input type=\"checkbox\" name=\"acceptance-919\" value=\"1\" aria-invalid=\"false\"><\/span><\/span><\/span> Aceito a <a href=\"https:\/\/socialpubli.com\/corp\/advertisers\/privacy\" target=\"blank\" rel=\"nofollow\"> Pol&iacute;tica de Privacidade<\/a>\n<\/p>\n<p><span class=\"wpcf7-form-control-wrap\" data-name=\"acceptance-971\"><span class=\"wpcf7-form-control wpcf7-acceptance\"><span class=\"wpcf7-list-item\"><input type=\"checkbox\" name=\"acceptance-971\" value=\"1\" aria-invalid=\"false\"><\/span><\/span><\/span> Aceito a comunica&ccedil;&atilde;o comercial da SocialPubli\n<\/p>\n<p><input class=\"wpcf7-form-control wpcf7-submit has-spinner\" type=\"submit\" value=\"Download\">\n<\/p>\n<p style=\"display: none !important;\" class=\"akismet-fields-container\" data-prefix=\"_wpcf7_ak_\"><label>&Delta;<textarea name=\"_wpcf7_ak_hp_textarea\" cols=\"45\" rows=\"8\" maxlength=\"100\"><\/textarea><\/label><input type=\"hidden\" id=\"ak_js_1\" name=\"_wpcf7_ak_js\" value=\"106\"><script>document.getElementById( \"ak_js_1\" ).setAttribute( \"value\", ( new Date() ).getTime() );<\/script><\/p>\n<label class=\"ebd_input\"><input type=\"hidden\" name=\"ebd_downloads[]\" value=\"5448|I Estudo Global de MicroInfluencers 2018\"> <\/label><input type=\"hidden\" class=\"ebd_setting\" name=\"ebd_settings[]\" value=\"title|I Estudo Global de MicroInfluencers 2018\"><input type=\"hidden\" class=\"ebd_setting\" name=\"ebd_settings[]\" value=\"delivered_as|inline link\"><input type=\"hidden\" class=\"ebd_setting\" name=\"ebd_settings[]\" value=\"hide_form|no\"><input type=\"hidden\" class=\"ebd_setting\" name=\"ebd_settings[]\" value=\"radio|no\"><input type=\"hidden\" class=\"ebd_setting\" name=\"ebd_settings[]\" value=\"link_format|_blank\"><input type=\"hidden\" class=\"ebd_setting\" name=\"ebd_settings[]\" value=\"file_thumbnail|no\"><input type=\"hidden\" class=\"ebd_setting\" name=\"ebd_settings[]\" value=\"item_id|23\"><input type=\"hidden\" class=\"ebd_setting\" name=\"ebd_settings[]\" value=\"form_id|wpcf7-f8547-o1\"><div class=\"wpcf7-response-output\" aria-hidden=\"true\"><\/div>\n<\/form>\n<\/div>\n\n<\/div>\n<p>[\/vc_column_text][\/vc_column_inner][\/vc_row_inner][\/vc_column][\/vc_row]<\/p>\n<\/div>","protected":false},"excerpt":{"rendered":"<p>[vc_row][vc_column][vc_row_inner][vc_column_inner width=&#8221;1\/2&#8243;][vc_single_image image=&#8221;21929&#8243; alignment=&#8221;center&#8221; el_class=&#8221;icon-text&#8221;][vc_column_text] Na SocialPubli, celebramos os nossos 100.000 Influencers registados com um estudo no qual quer\u00edamos saber sua opini\u00e3o sobre o marketing de influenciadores. [\/vc_column_text][\/vc_column_inner][vc_column_inner width=&#8221;1\/2&#8243;][vc_single_image image=&#8221;21931&#8243; alignment=&#8221;center&#8221; el_class=&#8221;icon-text&#8221;][vc_column_text] Nomeamos o estudo global porque as suas respostas v\u00eam de v\u00e1rios pa\u00edses, incluindo Espanha, M\u00e9xico, Estados Unidos, Col\u00f4mbia e Venezuela, entre muitos outros. [&hellip;]<\/p>\n","protected":false},"author":2,"featured_media":8084,"parent":0,"menu_order":0,"comment_status":"closed","ping_status":"closed","template":"elementor_header_footer","meta":{"footnotes":""},"class_list":["post-8391","page","type-page","status-publish","has-post-thumbnail","hentry"],"yoast_head":"<!-- This site is optimized with the Yoast SEO plugin v27.0 - https:\/\/yoast.com\/product\/yoast-seo-wordpress\/ -->\n<title>&#039;I Estudo Global sobre MicroInfluencers&#039; | Social Publi Blog<\/title>\n<meta name=\"description\" content=\"Na SocialPubli, celebramos os nossos 100.000 Influencers registados com um estudo no qual quer\u00edamos saber sua opini\u00e3o sobre o marketing de SocialPubli - Estudo Global sobre MicroInfluencers 2018. O primeiro estudo que analisa a comercializa\u00e7\u00e3o de influenciadores do ponto de vista do microinfluenciador.\" \/>\n<meta name=\"robots\" content=\"index, follow, max-snippet:-1, max-image-preview:large, max-video-preview:-1\" \/>\n<link rel=\"canonical\" href=\"https:\/\/socialpubli.com\/blog\/pt-pt\/estudo-microinfluencers-3\/\" \/>\n<meta property=\"og:locale\" content=\"pt_PT\" \/>\n<meta property=\"og:type\" content=\"article\" \/>\n<meta property=\"og:title\" content=\"&#039;I Estudo Global sobre MicroInfluencers&#039; | Social Publi Blog\" \/>\n<meta property=\"og:description\" content=\"Na SocialPubli, celebramos os nossos 100.000 Influencers registados com um estudo no qual quer\u00edamos saber sua opini\u00e3o sobre o marketing de SocialPubli - Estudo Global sobre MicroInfluencers 2018. O primeiro estudo que analisa a comercializa\u00e7\u00e3o de influenciadores do ponto de vista do microinfluenciador.\" \/>\n<meta property=\"og:url\" content=\"https:\/\/socialpubli.com\/blog\/pt-pt\/estudo-microinfluencers-3\/\" \/>\n<meta property=\"og:site_name\" content=\"Social Publi Blog\" \/>\n<meta property=\"article:modified_time\" content=\"2025-06-16T09:23:46+00:00\" \/>\n<meta property=\"og:image\" content=\"https:\/\/socialpubli.com\/blog\/wp-content\/uploads\/2020\/08\/lk_img2.png\" \/>\n\t<meta property=\"og:image:width\" content=\"738\" \/>\n\t<meta property=\"og:image:height\" content=\"976\" \/>\n\t<meta property=\"og:image:type\" content=\"image\/png\" \/>\n<meta name=\"twitter:card\" content=\"summary_large_image\" \/>\n<meta name=\"twitter:label1\" content=\"Tempo estimado de leitura\" \/>\n\t<meta name=\"twitter:data1\" content=\"2 minutos\" \/>\n<script type=\"application\/ld+json\" class=\"yoast-schema-graph\">{\"@context\":\"https:\/\/schema.org\",\"@graph\":[{\"@type\":\"WebPage\",\"@id\":\"https:\/\/socialpubli.com\/blog\/pt-pt\/estudo-microinfluencers-3\/\",\"url\":\"https:\/\/socialpubli.com\/blog\/pt-pt\/estudo-microinfluencers-3\/\",\"name\":\"'I Estudo Global sobre MicroInfluencers' | Social Publi Blog\",\"isPartOf\":{\"@id\":\"https:\/\/socialpubli.com\/blog\/#website\"},\"primaryImageOfPage\":{\"@id\":\"https:\/\/socialpubli.com\/blog\/pt-pt\/estudo-microinfluencers-3\/#primaryimage\"},\"image\":{\"@id\":\"https:\/\/socialpubli.com\/blog\/pt-pt\/estudo-microinfluencers-3\/#primaryimage\"},\"thumbnailUrl\":\"https:\/\/socialpubli.com\/blog\/wp-content\/uploads\/2020\/08\/lk_img2.png\",\"datePublished\":\"2020-09-02T13:09:24+00:00\",\"dateModified\":\"2025-06-16T09:23:46+00:00\",\"description\":\"Na SocialPubli, celebramos os nossos 100.000 Influencers registados com um estudo no qual quer\u00edamos saber sua opini\u00e3o sobre o marketing de SocialPubli - Estudo Global sobre MicroInfluencers 2018. O primeiro estudo que analisa a comercializa\u00e7\u00e3o de influenciadores do ponto de vista do microinfluenciador.\",\"breadcrumb\":{\"@id\":\"https:\/\/socialpubli.com\/blog\/pt-pt\/estudo-microinfluencers-3\/#breadcrumb\"},\"inLanguage\":\"pt-PT\",\"potentialAction\":[{\"@type\":\"ReadAction\",\"target\":[\"https:\/\/socialpubli.com\/blog\/pt-pt\/estudo-microinfluencers-3\/\"]}]},{\"@type\":\"ImageObject\",\"inLanguage\":\"pt-PT\",\"@id\":\"https:\/\/socialpubli.com\/blog\/pt-pt\/estudo-microinfluencers-3\/#primaryimage\",\"url\":\"https:\/\/socialpubli.com\/blog\/wp-content\/uploads\/2020\/08\/lk_img2.png\",\"contentUrl\":\"https:\/\/socialpubli.com\/blog\/wp-content\/uploads\/2020\/08\/lk_img2.png\",\"width\":738,\"height\":976,\"caption\":\"Campa\u00f1as publicidad en linkedin\"},{\"@type\":\"BreadcrumbList\",\"@id\":\"https:\/\/socialpubli.com\/blog\/pt-pt\/estudo-microinfluencers-3\/#breadcrumb\",\"itemListElement\":[{\"@type\":\"ListItem\",\"position\":1,\"name\":\"Portada\",\"item\":\"https:\/\/socialpubli.com\/blog\/\"},{\"@type\":\"ListItem\",\"position\":2,\"name\":\"&#8216;I Estudo Global sobre MicroInfluencers&#8217;\"}]},{\"@type\":\"WebSite\",\"@id\":\"https:\/\/socialpubli.com\/blog\/#website\",\"url\":\"https:\/\/socialpubli.com\/blog\/\",\"name\":\"Social Publi Blog\",\"description\":\"Tendencias en marketing de influencers, branded content y estrategia en redes sociales.\",\"publisher\":{\"@id\":\"https:\/\/socialpubli.com\/blog\/#organization\"},\"potentialAction\":[{\"@type\":\"SearchAction\",\"target\":{\"@type\":\"EntryPoint\",\"urlTemplate\":\"https:\/\/socialpubli.com\/blog\/?s={search_term_string}\"},\"query-input\":{\"@type\":\"PropertyValueSpecification\",\"valueRequired\":true,\"valueName\":\"search_term_string\"}}],\"inLanguage\":\"pt-PT\"},{\"@type\":\"Organization\",\"@id\":\"https:\/\/socialpubli.com\/blog\/#organization\",\"name\":\"SocialPubli\",\"url\":\"https:\/\/socialpubli.com\/blog\/\",\"logo\":{\"@type\":\"ImageObject\",\"inLanguage\":\"pt-PT\",\"@id\":\"https:\/\/socialpubli.com\/blog\/#\/schema\/logo\/image\/\",\"url\":\"https:\/\/socialpubli.com\/blog\/wp-content\/uploads\/2017\/01\/logo-blog.png\",\"contentUrl\":\"https:\/\/socialpubli.com\/blog\/wp-content\/uploads\/2017\/01\/logo-blog.png\",\"width\":284,\"height\":53,\"caption\":\"SocialPubli\"},\"image\":{\"@id\":\"https:\/\/socialpubli.com\/blog\/#\/schema\/logo\/image\/\"}}]}<\/script>\n<!-- \/ Yoast SEO plugin. -->","yoast_head_json":{"title":"'I Estudo Global sobre MicroInfluencers' | Social Publi Blog","description":"Na SocialPubli, celebramos os nossos 100.000 Influencers registados com um estudo no qual quer\u00edamos saber sua opini\u00e3o sobre o marketing de SocialPubli - Estudo Global sobre MicroInfluencers 2018. O primeiro estudo que analisa a comercializa\u00e7\u00e3o de influenciadores do ponto de vista do microinfluenciador.","robots":{"index":"index","follow":"follow","max-snippet":"max-snippet:-1","max-image-preview":"max-image-preview:large","max-video-preview":"max-video-preview:-1"},"canonical":"https:\/\/socialpubli.com\/blog\/pt-pt\/estudo-microinfluencers-3\/","og_locale":"pt_PT","og_type":"article","og_title":"'I Estudo Global sobre MicroInfluencers' | Social Publi Blog","og_description":"Na SocialPubli, celebramos os nossos 100.000 Influencers registados com um estudo no qual quer\u00edamos saber sua opini\u00e3o sobre o marketing de SocialPubli - Estudo Global sobre MicroInfluencers 2018. O primeiro estudo que analisa a comercializa\u00e7\u00e3o de influenciadores do ponto de vista do microinfluenciador.","og_url":"https:\/\/socialpubli.com\/blog\/pt-pt\/estudo-microinfluencers-3\/","og_site_name":"Social Publi Blog","article_modified_time":"2025-06-16T09:23:46+00:00","og_image":[{"width":738,"height":976,"url":"https:\/\/socialpubli.com\/blog\/wp-content\/uploads\/2020\/08\/lk_img2.png","type":"image\/png"}],"twitter_card":"summary_large_image","twitter_misc":{"Tempo estimado de leitura":"2 minutos"},"schema":{"@context":"https:\/\/schema.org","@graph":[{"@type":"WebPage","@id":"https:\/\/socialpubli.com\/blog\/pt-pt\/estudo-microinfluencers-3\/","url":"https:\/\/socialpubli.com\/blog\/pt-pt\/estudo-microinfluencers-3\/","name":"'I Estudo Global sobre MicroInfluencers' | Social Publi Blog","isPartOf":{"@id":"https:\/\/socialpubli.com\/blog\/#website"},"primaryImageOfPage":{"@id":"https:\/\/socialpubli.com\/blog\/pt-pt\/estudo-microinfluencers-3\/#primaryimage"},"image":{"@id":"https:\/\/socialpubli.com\/blog\/pt-pt\/estudo-microinfluencers-3\/#primaryimage"},"thumbnailUrl":"https:\/\/socialpubli.com\/blog\/wp-content\/uploads\/2020\/08\/lk_img2.png","datePublished":"2020-09-02T13:09:24+00:00","dateModified":"2025-06-16T09:23:46+00:00","description":"Na SocialPubli, celebramos os nossos 100.000 Influencers registados com um estudo no qual quer\u00edamos saber sua opini\u00e3o sobre o marketing de SocialPubli - Estudo Global sobre MicroInfluencers 2018. O primeiro estudo que analisa a comercializa\u00e7\u00e3o de influenciadores do ponto de vista do microinfluenciador.","breadcrumb":{"@id":"https:\/\/socialpubli.com\/blog\/pt-pt\/estudo-microinfluencers-3\/#breadcrumb"},"inLanguage":"pt-PT","potentialAction":[{"@type":"ReadAction","target":["https:\/\/socialpubli.com\/blog\/pt-pt\/estudo-microinfluencers-3\/"]}]},{"@type":"ImageObject","inLanguage":"pt-PT","@id":"https:\/\/socialpubli.com\/blog\/pt-pt\/estudo-microinfluencers-3\/#primaryimage","url":"https:\/\/socialpubli.com\/blog\/wp-content\/uploads\/2020\/08\/lk_img2.png","contentUrl":"https:\/\/socialpubli.com\/blog\/wp-content\/uploads\/2020\/08\/lk_img2.png","width":738,"height":976,"caption":"Campa\u00f1as publicidad en linkedin"},{"@type":"BreadcrumbList","@id":"https:\/\/socialpubli.com\/blog\/pt-pt\/estudo-microinfluencers-3\/#breadcrumb","itemListElement":[{"@type":"ListItem","position":1,"name":"Portada","item":"https:\/\/socialpubli.com\/blog\/"},{"@type":"ListItem","position":2,"name":"&#8216;I Estudo Global sobre MicroInfluencers&#8217;"}]},{"@type":"WebSite","@id":"https:\/\/socialpubli.com\/blog\/#website","url":"https:\/\/socialpubli.com\/blog\/","name":"Social Publi Blog","description":"Tendencias en marketing de influencers, branded content y estrategia en redes sociales.","publisher":{"@id":"https:\/\/socialpubli.com\/blog\/#organization"},"potentialAction":[{"@type":"SearchAction","target":{"@type":"EntryPoint","urlTemplate":"https:\/\/socialpubli.com\/blog\/?s={search_term_string}"},"query-input":{"@type":"PropertyValueSpecification","valueRequired":true,"valueName":"search_term_string"}}],"inLanguage":"pt-PT"},{"@type":"Organization","@id":"https:\/\/socialpubli.com\/blog\/#organization","name":"SocialPubli","url":"https:\/\/socialpubli.com\/blog\/","logo":{"@type":"ImageObject","inLanguage":"pt-PT","@id":"https:\/\/socialpubli.com\/blog\/#\/schema\/logo\/image\/","url":"https:\/\/socialpubli.com\/blog\/wp-content\/uploads\/2017\/01\/logo-blog.png","contentUrl":"https:\/\/socialpubli.com\/blog\/wp-content\/uploads\/2017\/01\/logo-blog.png","width":284,"height":53,"caption":"SocialPubli"},"image":{"@id":"https:\/\/socialpubli.com\/blog\/#\/schema\/logo\/image\/"}}]}},"_links":{"self":[{"href":"https:\/\/socialpubli.com\/blog\/pt-pt\/wp-json\/wp\/v2\/pages\/8391","targetHints":{"allow":["GET"]}}],"collection":[{"href":"https:\/\/socialpubli.com\/blog\/pt-pt\/wp-json\/wp\/v2\/pages"}],"about":[{"href":"https:\/\/socialpubli.com\/blog\/pt-pt\/wp-json\/wp\/v2\/types\/page"}],"author":[{"embeddable":true,"href":"https:\/\/socialpubli.com\/blog\/pt-pt\/wp-json\/wp\/v2\/users\/2"}],"replies":[{"embeddable":true,"href":"https:\/\/socialpubli.com\/blog\/pt-pt\/wp-json\/wp\/v2\/comments?post=8391"}],"version-history":[{"count":6,"href":"https:\/\/socialpubli.com\/blog\/pt-pt\/wp-json\/wp\/v2\/pages\/8391\/revisions"}],"predecessor-version":[{"id":27009,"href":"https:\/\/socialpubli.com\/blog\/pt-pt\/wp-json\/wp\/v2\/pages\/8391\/revisions\/27009"}],"wp:featuredmedia":[{"embeddable":true,"href":"https:\/\/socialpubli.com\/blog\/pt-pt\/wp-json\/wp\/v2\/media\/8084"}],"wp:attachment":[{"href":"https:\/\/socialpubli.com\/blog\/pt-pt\/wp-json\/wp\/v2\/media?parent=8391"}],"curies":[{"name":"wp","href":"https:\/\/api.w.org\/{rel}","templated":true}]}}