{"id":8581,"date":"2020-09-16T11:29:12","date_gmt":"2020-09-16T09:29:12","guid":{"rendered":"https:\/\/socialpubli.com\/blog\/estudo-influencers-de-moda-2019\/"},"modified":"2025-06-16T09:59:06","modified_gmt":"2025-06-16T07:59:06","slug":"estudo-influencers-de-moda-2019","status":"publish","type":"page","link":"https:\/\/socialpubli.com\/blog\/pt-pt\/estudo-influencers-de-moda-2019\/","title":{"rendered":"Estudo Influencers de Moda 2019"},"content":{"rendered":"\t\t<div data-elementor-type=\"wp-page\" data-elementor-id=\"8581\" class=\"elementor elementor-8581 elementor-5906\" data-elementor-post-type=\"page\">\n\t\t\t\t<div class=\"elementor-element elementor-element-657d01b e-flex e-con-boxed e-con e-parent\" data-id=\"657d01b\" data-element_type=\"container\" data-e-type=\"container\" data-settings=\"{&quot;background_background&quot;:&quot;classic&quot;}\">\n\t\t\t\t\t<div class=\"e-con-inner\">\n\t\t<div class=\"elementor-element elementor-element-b662464 e-con-full e-flex e-con e-child\" data-id=\"b662464\" data-element_type=\"container\" data-e-type=\"container\">\n\t\t\t\t<div class=\"elementor-element elementor-element-57522be elementor-widget elementor-widget-heading\" data-id=\"57522be\" data-element_type=\"widget\" data-e-type=\"widget\" data-widget_type=\"heading.default\">\n\t\t\t\t<div class=\"elementor-widget-container\">\n\t\t\t\t\t<h1 class=\"elementor-heading-title elementor-size-default\">Estudo Influencers de Moda 2019<\/h1>\t\t\t\t<\/div>\n\t\t\t\t<\/div>\n\t\t\t\t<\/div>\n\t\t\t\t\t<\/div>\n\t\t\t\t<\/div>\n\t\t<div class=\"elementor-element elementor-element-6621a8b e-flex e-con-boxed e-con e-parent\" data-id=\"6621a8b\" data-element_type=\"container\" data-e-type=\"container\">\n\t\t\t\t\t<div class=\"e-con-inner\">\n\t\t<div class=\"elementor-element elementor-element-8a7f0e8 e-con-full e-flex e-con e-child\" data-id=\"8a7f0e8\" data-element_type=\"container\" data-e-type=\"container\">\n\t\t\t\t<div class=\"elementor-element elementor-element-4c5d022 elementor-widget elementor-widget-text-editor\" data-id=\"4c5d022\" data-element_type=\"widget\" data-e-type=\"widget\" data-widget_type=\"text-editor.default\">\n\t\t\t\t<div class=\"elementor-widget-container\">\n\t\t\t\t\t\t\t\t\t<h2 style=\"text-align: left;\"><span style=\"color: #e02482;\">Tend\u00eancias Setor Moda 2019<\/span><\/h2><p class=\"text-wapp\" style=\"font-size: 18px; text-align: left;\">Na SocialPubli.com, uma plataforma de influencers, pedimos aos nossos <strong>Influencers de moda a sua opini\u00e3o sobre o setor<\/strong> e suas tend\u00eancias de consumo nas redes sociais. O resultado \u00e9 este estudo de moda de 2019 com influencers.<\/p><h2 style=\"text-align: left;\"><span style=\"color: #e02482;\">Marketplace Influencers de Moda<\/span><\/h2><p class=\"text-wapp\" style=\"font-size: 18px; text-align: left;\">Somos um marketplace de influencers com mais de 3 anos de experi\u00eancia, <strong>mais de 3.000 campanhas realizadas e mais de 130.000 influenciadores<\/strong> registados. Temos presen\u00e7a comercial em 7 pa\u00edses (Espanha, Portugal, Fran\u00e7a, Estados Unidos, M\u00e9xico, Col\u00f4mbia e Peru).<\/p><h2 style=\"text-align: left;\"><span style=\"color: #e02482;\">Tend\u00eancia Fashion Influencers 2019<\/span><\/h2><p class=\"text-wapp\" style=\"font-size: 18px; text-align: left;\">Contatamos com <strong>1.000 fashion influencers<\/strong> de Espanha, M\u00e9xico, Estados Unidos, Col\u00f4mbia, Portugal, Fran\u00e7a, It\u00e1lia, entre outros, que dedicam grande parte do seu tempo a colaborar com v\u00e1rias marcas.<\/p><h2 style=\"text-align: left;\"><span style=\"color: #e02482;\">Inten\u00e7\u00e3o de compra Influencers de Moda<\/span><\/h2><p class=\"text-wapp\" style=\"font-size: 18px; text-align: left;\">Tiramos conclus\u00f5es como por exemplo, que <strong>mais de 85% dos Influencers de moda do SocialPubli<\/strong> compraram uma pe\u00e7a de roupa depois de a com outro influencer. E as redes sociais influenciam o vestu\u00e1rio de 69% em rela\u00e7\u00e3o aos m\u00e9todos tradicionais.<\/p>\t\t\t\t\t\t\t\t<\/div>\n\t\t\t\t<\/div>\n\t\t\t\t<\/div>\n\t\t<div class=\"elementor-element elementor-element-95699af e-con-full e-flex e-con e-child\" data-id=\"95699af\" data-element_type=\"container\" data-e-type=\"container\">\n\t\t\t\t<div class=\"elementor-element elementor-element-8d01685 elementor-widget elementor-widget-text-editor\" data-id=\"8d01685\" data-element_type=\"widget\" data-e-type=\"widget\" data-widget_type=\"text-editor.default\">\n\t\t\t\t<div class=\"elementor-widget-container\">\n\t\t\t\t\t\t\t\t\t<p><strong>Preencha este formul\u00e1rio para descarregar o Estudo:<\/strong><\/p>\t\t\t\t\t\t\t\t<\/div>\n\t\t\t\t<\/div>\n\t\t\t\t<div class=\"elementor-element elementor-element-8d838a9 elementor-button-align-stretch elementor-widget elementor-widget-form\" data-id=\"8d838a9\" data-element_type=\"widget\" data-e-type=\"widget\" data-settings=\"{&quot;step_next_label&quot;:&quot;Next&quot;,&quot;step_previous_label&quot;:&quot;Previous&quot;,&quot;button_width&quot;:&quot;100&quot;,&quot;step_type&quot;:&quot;number_text&quot;,&quot;step_icon_shape&quot;:&quot;circle&quot;}\" data-widget_type=\"form.default\">\n\t\t\t\t<div class=\"elementor-widget-container\">\n\t\t\t\t\t\t\t<form class=\"elementor-form\" method=\"post\" name=\"Form Estudo Moda PT\" aria-label=\"Form Estudo Moda PT\">\n\t\t\t<input type=\"hidden\" name=\"post_id\" value=\"8581\"\/>\n\t\t\t<input type=\"hidden\" name=\"form_id\" value=\"8d838a9\"\/>\n\t\t\t<input type=\"hidden\" name=\"referer_title\" value=\"Estudo Influencers de Moda 2019 | Social Publi Blog\" \/>\n\n\t\t\t\t\t\t\t<input type=\"hidden\" name=\"queried_id\" value=\"8581\"\/>\n\t\t\t\n\t\t\t<div class=\"elementor-form-fields-wrapper elementor-labels-above\">\n\t\t\t\t\t\t\t\t<div class=\"elementor-field-type-text elementor-field-group elementor-column elementor-field-group-name elementor-col-100 elementor-field-required elementor-mark-required\">\n\t\t\t\t\t\t\t\t\t\t\t\t<label for=\"form-field-name\" class=\"elementor-field-label\">\n\t\t\t\t\t\t\t\tNome\t\t\t\t\t\t\t<\/label>\n\t\t\t\t\t\t\t\t\t\t\t\t\t\t<input size=\"1\" type=\"text\" name=\"form_fields[name]\" id=\"form-field-name\" class=\"elementor-field elementor-size-sm  elementor-field-textual\" placeholder=\"Nome\" required=\"required\">\n\t\t\t\t\t\t\t\t\t\t\t<\/div>\n\t\t\t\t\t\t\t\t<div class=\"elementor-field-type-email elementor-field-group elementor-column elementor-field-group-email elementor-col-100 elementor-field-required elementor-mark-required\">\n\t\t\t\t\t\t\t\t\t\t\t\t<label for=\"form-field-email\" class=\"elementor-field-label\">\n\t\t\t\t\t\t\t\tEmail\t\t\t\t\t\t\t<\/label>\n\t\t\t\t\t\t\t\t\t\t\t\t\t\t<input size=\"1\" type=\"email\" name=\"form_fields[email]\" id=\"form-field-email\" class=\"elementor-field elementor-size-sm  elementor-field-textual\" placeholder=\"Email\" required=\"required\">\n\t\t\t\t\t\t\t\t\t\t\t<\/div>\n\t\t\t\t\t\t\t\t<div class=\"elementor-field-type-tel elementor-field-group elementor-column elementor-field-group-field_b3b69b4 elementor-col-100\">\n\t\t\t\t\t\t\t\t\t\t\t\t<label for=\"form-field-field_b3b69b4\" class=\"elementor-field-label\">\n\t\t\t\t\t\t\t\tTelefone\t\t\t\t\t\t\t<\/label>\n\t\t\t\t\t\t\t\t<input size=\"1\" type=\"tel\" name=\"form_fields[field_b3b69b4]\" id=\"form-field-field_b3b69b4\" class=\"elementor-field elementor-size-sm  elementor-field-textual\" placeholder=\"Telefone\" pattern=\"[0-9()#&amp;+*-=.]+\" title=\"Only numbers and phone characters (#, -, *, etc) are accepted.\">\n\n\t\t\t\t\t\t<\/div>\n\t\t\t\t\t\t\t\t<div class=\"elementor-field-type-text elementor-field-group elementor-column elementor-field-group-field_8170ee1 elementor-col-100 elementor-field-required elementor-mark-required\">\n\t\t\t\t\t\t\t\t\t\t\t\t<label for=\"form-field-field_8170ee1\" class=\"elementor-field-label\">\n\t\t\t\t\t\t\t\tEmpresa\t\t\t\t\t\t\t<\/label>\n\t\t\t\t\t\t\t\t\t\t\t\t\t\t<input size=\"1\" type=\"text\" name=\"form_fields[field_8170ee1]\" id=\"form-field-field_8170ee1\" class=\"elementor-field elementor-size-sm  elementor-field-textual\" placeholder=\"Empresa\" required=\"required\">\n\t\t\t\t\t\t\t\t\t\t\t<\/div>\n\t\t\t\t\t\t\t\t<div class=\"elementor-field-type-acceptance elementor-field-group elementor-column elementor-field-group-field_7b6361a elementor-col-100 elementor-field-required elementor-mark-required\">\n\t\t\t\t\t\t\t<div class=\"elementor-field-subgroup\">\n\t\t\t<span class=\"elementor-field-option\">\n\t\t\t\t<input type=\"checkbox\" name=\"form_fields[field_7b6361a]\" id=\"form-field-field_7b6361a\" class=\"elementor-field elementor-size-sm  elementor-acceptance-field\" required=\"required\">\n\t\t\t\t<label for=\"form-field-field_7b6361a\">Aceito a <a href=\"https:\/\/socialpubli.com\/corp\/advertisers\/politica_de_privacidad\" target=\"blank\" rel=\"nofollow\">Pol\u00edtica de Privacidade<\/a><\/label>\t\t\t<\/span>\n\t\t<\/div>\n\t\t\t\t\t\t<\/div>\n\t\t\t\t\t\t\t\t<div class=\"elementor-field-type-acceptance elementor-field-group elementor-column elementor-field-group-field_2f79183 elementor-col-100 elementor-field-required elementor-mark-required\">\n\t\t\t\t\t\t\t<div class=\"elementor-field-subgroup\">\n\t\t\t<span class=\"elementor-field-option\">\n\t\t\t\t<input type=\"checkbox\" name=\"form_fields[field_2f79183]\" id=\"form-field-field_2f79183\" class=\"elementor-field elementor-size-sm  elementor-acceptance-field\" required=\"required\">\n\t\t\t\t<label for=\"form-field-field_2f79183\">Aceito a comunica\u00e7\u00e3o comercial da SocialPubli<\/label>\t\t\t<\/span>\n\t\t<\/div>\n\t\t\t\t\t\t<\/div>\n\t\t\t\t\t\t\t\t<div class=\"elementor-field-group elementor-column elementor-field-type-submit elementor-col-100 e-form__buttons\">\n\t\t\t\t\t<button class=\"elementor-button elementor-size-sm\" type=\"submit\">\n\t\t\t\t\t\t<span class=\"elementor-button-content-wrapper\">\n\t\t\t\t\t\t\t\t\t\t\t\t\t\t\t\t\t\t\t\t\t\t<span class=\"elementor-button-text\">Download<\/span>\n\t\t\t\t\t\t\t\t\t\t\t\t\t<\/span>\n\t\t\t\t\t<\/button>\n\t\t\t\t<\/div>\n\t\t\t<\/div>\n\t\t<\/form>\n\t\t\t\t\t\t<\/div>\n\t\t\t\t<\/div>\n\t\t\t\t<\/div>\n\t\t\t\t\t<\/div>\n\t\t\t\t<\/div>\n\t\t\t\t<\/div>\n\t\t","protected":false},"excerpt":{"rendered":"<p>Estudo Influencers de Moda 2019 Tend\u00eancias Setor Moda 2019 Na SocialPubli.com, uma plataforma de influencers, pedimos aos nossos Influencers de moda a sua opini\u00e3o sobre o setor e suas tend\u00eancias de consumo nas redes sociais. O resultado \u00e9 este estudo de moda de 2019 com influencers. Marketplace Influencers de Moda Somos um marketplace de influencers [&hellip;]<\/p>\n","protected":false},"author":2,"featured_media":8584,"parent":0,"menu_order":0,"comment_status":"closed","ping_status":"closed","template":"elementor_header_footer","meta":{"footnotes":""},"class_list":["post-8581","page","type-page","status-publish","has-post-thumbnail","hentry"],"yoast_head":"<!-- This site is optimized with the Yoast SEO plugin v27.0 - https:\/\/yoast.com\/product\/yoast-seo-wordpress\/ -->\n<title>Estudo Influencers de Moda 2019 | Social Publi Blog<\/title>\n<meta name=\"description\" content=\"Descubra o I estudo dos influencers de moda, de acordo com a experi\u00eancia dos influencers de moda de diferentes pa\u00edses, registados na nossa plataforma de influencers.\" \/>\n<meta name=\"robots\" content=\"index, follow, max-snippet:-1, max-image-preview:large, max-video-preview:-1\" \/>\n<link rel=\"canonical\" href=\"https:\/\/socialpubli.com\/blog\/pt-pt\/estudo-influencers-de-moda-2019\/\" \/>\n<meta property=\"og:locale\" content=\"pt_PT\" \/>\n<meta property=\"og:type\" content=\"article\" \/>\n<meta property=\"og:title\" content=\"Estudo Influencers de Moda 2019 | Social Publi Blog\" \/>\n<meta property=\"og:description\" content=\"Descubra o I estudo dos influencers de moda, de acordo com a experi\u00eancia dos influencers de moda de diferentes pa\u00edses, registados na nossa plataforma de influencers.\" \/>\n<meta property=\"og:url\" content=\"https:\/\/socialpubli.com\/blog\/pt-pt\/estudo-influencers-de-moda-2019\/\" \/>\n<meta property=\"og:site_name\" content=\"Social Publi Blog\" \/>\n<meta property=\"article:modified_time\" content=\"2025-06-16T07:59:06+00:00\" \/>\n<meta property=\"og:image\" content=\"https:\/\/socialpubli.com\/blog\/wp-content\/uploads\/2019\/04\/back_estudio-moda2-1.jpg\" \/>\n\t<meta property=\"og:image:width\" content=\"2000\" \/>\n\t<meta property=\"og:image:height\" content=\"800\" \/>\n\t<meta property=\"og:image:type\" content=\"image\/jpeg\" \/>\n<meta name=\"twitter:card\" content=\"summary_large_image\" \/>\n<meta name=\"twitter:label1\" content=\"Tempo estimado de leitura\" \/>\n\t<meta name=\"twitter:data1\" content=\"3 minutos\" \/>\n<script type=\"application\/ld+json\" class=\"yoast-schema-graph\">{\"@context\":\"https:\/\/schema.org\",\"@graph\":[{\"@type\":\"WebPage\",\"@id\":\"https:\/\/socialpubli.com\/blog\/pt-pt\/estudo-influencers-de-moda-2019\/\",\"url\":\"https:\/\/socialpubli.com\/blog\/pt-pt\/estudo-influencers-de-moda-2019\/\",\"name\":\"Estudo Influencers de Moda 2019 | Social Publi Blog\",\"isPartOf\":{\"@id\":\"https:\/\/socialpubli.com\/blog\/#website\"},\"primaryImageOfPage\":{\"@id\":\"https:\/\/socialpubli.com\/blog\/pt-pt\/estudo-influencers-de-moda-2019\/#primaryimage\"},\"image\":{\"@id\":\"https:\/\/socialpubli.com\/blog\/pt-pt\/estudo-influencers-de-moda-2019\/#primaryimage\"},\"thumbnailUrl\":\"https:\/\/socialpubli.com\/blog\/wp-content\/uploads\/2019\/04\/back_estudio-moda2-1.jpg\",\"datePublished\":\"2020-09-16T09:29:12+00:00\",\"dateModified\":\"2025-06-16T07:59:06+00:00\",\"description\":\"Descubra o I estudo dos influencers de moda, de acordo com a experi\u00eancia dos influencers de moda de diferentes pa\u00edses, registados na nossa plataforma de influencers.\",\"breadcrumb\":{\"@id\":\"https:\/\/socialpubli.com\/blog\/pt-pt\/estudo-influencers-de-moda-2019\/#breadcrumb\"},\"inLanguage\":\"pt-PT\",\"potentialAction\":[{\"@type\":\"ReadAction\",\"target\":[\"https:\/\/socialpubli.com\/blog\/pt-pt\/estudo-influencers-de-moda-2019\/\"]}]},{\"@type\":\"ImageObject\",\"inLanguage\":\"pt-PT\",\"@id\":\"https:\/\/socialpubli.com\/blog\/pt-pt\/estudo-influencers-de-moda-2019\/#primaryimage\",\"url\":\"https:\/\/socialpubli.com\/blog\/wp-content\/uploads\/2019\/04\/back_estudio-moda2-1.jpg\",\"contentUrl\":\"https:\/\/socialpubli.com\/blog\/wp-content\/uploads\/2019\/04\/back_estudio-moda2-1.jpg\",\"width\":2000,\"height\":800},{\"@type\":\"BreadcrumbList\",\"@id\":\"https:\/\/socialpubli.com\/blog\/pt-pt\/estudo-influencers-de-moda-2019\/#breadcrumb\",\"itemListElement\":[{\"@type\":\"ListItem\",\"position\":1,\"name\":\"Portada\",\"item\":\"https:\/\/socialpubli.com\/blog\/\"},{\"@type\":\"ListItem\",\"position\":2,\"name\":\"Estudo Influencers de Moda 2019\"}]},{\"@type\":\"WebSite\",\"@id\":\"https:\/\/socialpubli.com\/blog\/#website\",\"url\":\"https:\/\/socialpubli.com\/blog\/\",\"name\":\"Social Publi Blog\",\"description\":\"Tendencias en marketing de influencers, branded content y estrategia en redes sociales.\",\"publisher\":{\"@id\":\"https:\/\/socialpubli.com\/blog\/#organization\"},\"potentialAction\":[{\"@type\":\"SearchAction\",\"target\":{\"@type\":\"EntryPoint\",\"urlTemplate\":\"https:\/\/socialpubli.com\/blog\/?s={search_term_string}\"},\"query-input\":{\"@type\":\"PropertyValueSpecification\",\"valueRequired\":true,\"valueName\":\"search_term_string\"}}],\"inLanguage\":\"pt-PT\"},{\"@type\":\"Organization\",\"@id\":\"https:\/\/socialpubli.com\/blog\/#organization\",\"name\":\"SocialPubli\",\"url\":\"https:\/\/socialpubli.com\/blog\/\",\"logo\":{\"@type\":\"ImageObject\",\"inLanguage\":\"pt-PT\",\"@id\":\"https:\/\/socialpubli.com\/blog\/#\/schema\/logo\/image\/\",\"url\":\"https:\/\/socialpubli.com\/blog\/wp-content\/uploads\/2017\/01\/logo-blog.png\",\"contentUrl\":\"https:\/\/socialpubli.com\/blog\/wp-content\/uploads\/2017\/01\/logo-blog.png\",\"width\":284,\"height\":53,\"caption\":\"SocialPubli\"},\"image\":{\"@id\":\"https:\/\/socialpubli.com\/blog\/#\/schema\/logo\/image\/\"}}]}<\/script>\n<!-- \/ Yoast SEO plugin. -->","yoast_head_json":{"title":"Estudo Influencers de Moda 2019 | Social Publi Blog","description":"Descubra o I estudo dos influencers de moda, de acordo com a experi\u00eancia dos influencers de moda de diferentes pa\u00edses, registados na nossa plataforma de influencers.","robots":{"index":"index","follow":"follow","max-snippet":"max-snippet:-1","max-image-preview":"max-image-preview:large","max-video-preview":"max-video-preview:-1"},"canonical":"https:\/\/socialpubli.com\/blog\/pt-pt\/estudo-influencers-de-moda-2019\/","og_locale":"pt_PT","og_type":"article","og_title":"Estudo Influencers de Moda 2019 | Social Publi Blog","og_description":"Descubra o I estudo dos influencers de moda, de acordo com a experi\u00eancia dos influencers de moda de diferentes pa\u00edses, registados na nossa plataforma de influencers.","og_url":"https:\/\/socialpubli.com\/blog\/pt-pt\/estudo-influencers-de-moda-2019\/","og_site_name":"Social Publi Blog","article_modified_time":"2025-06-16T07:59:06+00:00","og_image":[{"width":2000,"height":800,"url":"https:\/\/socialpubli.com\/blog\/wp-content\/uploads\/2019\/04\/back_estudio-moda2-1.jpg","type":"image\/jpeg"}],"twitter_card":"summary_large_image","twitter_misc":{"Tempo estimado de leitura":"3 minutos"},"schema":{"@context":"https:\/\/schema.org","@graph":[{"@type":"WebPage","@id":"https:\/\/socialpubli.com\/blog\/pt-pt\/estudo-influencers-de-moda-2019\/","url":"https:\/\/socialpubli.com\/blog\/pt-pt\/estudo-influencers-de-moda-2019\/","name":"Estudo Influencers de Moda 2019 | Social Publi Blog","isPartOf":{"@id":"https:\/\/socialpubli.com\/blog\/#website"},"primaryImageOfPage":{"@id":"https:\/\/socialpubli.com\/blog\/pt-pt\/estudo-influencers-de-moda-2019\/#primaryimage"},"image":{"@id":"https:\/\/socialpubli.com\/blog\/pt-pt\/estudo-influencers-de-moda-2019\/#primaryimage"},"thumbnailUrl":"https:\/\/socialpubli.com\/blog\/wp-content\/uploads\/2019\/04\/back_estudio-moda2-1.jpg","datePublished":"2020-09-16T09:29:12+00:00","dateModified":"2025-06-16T07:59:06+00:00","description":"Descubra o I estudo dos influencers de moda, de acordo com a experi\u00eancia dos influencers de moda de diferentes pa\u00edses, registados na nossa plataforma de influencers.","breadcrumb":{"@id":"https:\/\/socialpubli.com\/blog\/pt-pt\/estudo-influencers-de-moda-2019\/#breadcrumb"},"inLanguage":"pt-PT","potentialAction":[{"@type":"ReadAction","target":["https:\/\/socialpubli.com\/blog\/pt-pt\/estudo-influencers-de-moda-2019\/"]}]},{"@type":"ImageObject","inLanguage":"pt-PT","@id":"https:\/\/socialpubli.com\/blog\/pt-pt\/estudo-influencers-de-moda-2019\/#primaryimage","url":"https:\/\/socialpubli.com\/blog\/wp-content\/uploads\/2019\/04\/back_estudio-moda2-1.jpg","contentUrl":"https:\/\/socialpubli.com\/blog\/wp-content\/uploads\/2019\/04\/back_estudio-moda2-1.jpg","width":2000,"height":800},{"@type":"BreadcrumbList","@id":"https:\/\/socialpubli.com\/blog\/pt-pt\/estudo-influencers-de-moda-2019\/#breadcrumb","itemListElement":[{"@type":"ListItem","position":1,"name":"Portada","item":"https:\/\/socialpubli.com\/blog\/"},{"@type":"ListItem","position":2,"name":"Estudo Influencers de Moda 2019"}]},{"@type":"WebSite","@id":"https:\/\/socialpubli.com\/blog\/#website","url":"https:\/\/socialpubli.com\/blog\/","name":"Social Publi Blog","description":"Tendencias en marketing de influencers, branded content y estrategia en redes sociales.","publisher":{"@id":"https:\/\/socialpubli.com\/blog\/#organization"},"potentialAction":[{"@type":"SearchAction","target":{"@type":"EntryPoint","urlTemplate":"https:\/\/socialpubli.com\/blog\/?s={search_term_string}"},"query-input":{"@type":"PropertyValueSpecification","valueRequired":true,"valueName":"search_term_string"}}],"inLanguage":"pt-PT"},{"@type":"Organization","@id":"https:\/\/socialpubli.com\/blog\/#organization","name":"SocialPubli","url":"https:\/\/socialpubli.com\/blog\/","logo":{"@type":"ImageObject","inLanguage":"pt-PT","@id":"https:\/\/socialpubli.com\/blog\/#\/schema\/logo\/image\/","url":"https:\/\/socialpubli.com\/blog\/wp-content\/uploads\/2017\/01\/logo-blog.png","contentUrl":"https:\/\/socialpubli.com\/blog\/wp-content\/uploads\/2017\/01\/logo-blog.png","width":284,"height":53,"caption":"SocialPubli"},"image":{"@id":"https:\/\/socialpubli.com\/blog\/#\/schema\/logo\/image\/"}}]}},"_links":{"self":[{"href":"https:\/\/socialpubli.com\/blog\/pt-pt\/wp-json\/wp\/v2\/pages\/8581","targetHints":{"allow":["GET"]}}],"collection":[{"href":"https:\/\/socialpubli.com\/blog\/pt-pt\/wp-json\/wp\/v2\/pages"}],"about":[{"href":"https:\/\/socialpubli.com\/blog\/pt-pt\/wp-json\/wp\/v2\/types\/page"}],"author":[{"embeddable":true,"href":"https:\/\/socialpubli.com\/blog\/pt-pt\/wp-json\/wp\/v2\/users\/2"}],"replies":[{"embeddable":true,"href":"https:\/\/socialpubli.com\/blog\/pt-pt\/wp-json\/wp\/v2\/comments?post=8581"}],"version-history":[{"count":10,"href":"https:\/\/socialpubli.com\/blog\/pt-pt\/wp-json\/wp\/v2\/pages\/8581\/revisions"}],"predecessor-version":[{"id":26992,"href":"https:\/\/socialpubli.com\/blog\/pt-pt\/wp-json\/wp\/v2\/pages\/8581\/revisions\/26992"}],"wp:featuredmedia":[{"embeddable":true,"href":"https:\/\/socialpubli.com\/blog\/pt-pt\/wp-json\/wp\/v2\/media\/8584"}],"wp:attachment":[{"href":"https:\/\/socialpubli.com\/blog\/pt-pt\/wp-json\/wp\/v2\/media?parent=8581"}],"curies":[{"name":"wp","href":"https:\/\/api.w.org\/{rel}","templated":true}]}}